{"id":22874,"date":"2020-04-04T18:53:13","date_gmt":"2021-08-02T19:06:09","guid":{"rendered":"https:\/\/www.versiegelung24.com\/produkt\/glasforsegling-i-professionel-kvalitet"},"modified":"2025-01-03T23:37:27","modified_gmt":"2025-01-03T22:37:27","slug":"glasforsegling-i-professionel-kvalitet","status":"publish","type":"product","link":"https:\/\/www.versiegelung24.com\/da\/glasforsegling-i-professionel-kvalitet.html","title":{"rendered":"Glasforsegling i professionel kvalitet &#8211; Let pleje"},"content":{"rendered":"\n<p><strong>Meget effektiv glasforsegling til ruder, glasfacader, indgangsd\u00f8re etc., med lotuseffekt (vandafvisende), til indvendig og udvendig, NY<\/strong><\/p>\n\n<p>H\u00f8j kvalitet lavet i Tyskland.<\/p>\n\n<div class=\"wp-block-columns is-layout-flex wp-container-core-columns-is-layout-9d6595d7 wp-block-columns-is-layout-flex\">\n<div class=\"wp-block-column is-layout-flow wp-block-column-is-layout-flow\">\n<figure class=\"wp-block-embed is-type-video is-provider-youtube wp-block-embed-youtube wp-embed-aspect-16-9 wp-has-aspect-ratio\"><div class=\"wp-block-embed__wrapper\"> \n<div class=\"nv-iframe-embed\"><iframe title=\"(Nano-)Versiegelungen f\u00fcrs Badezimmer, die wirklich halten! Versiegelung24.com\" width=\"1200\" height=\"675\" src=\"https:\/\/www.youtube.com\/embed\/l6YldCwuye0?feature=oembed\" frameborder=\"0\" allow=\"accelerometer; autoplay; clipboard-write; encrypted-media; gyroscope; picture-in-picture; web-share\" referrerpolicy=\"strict-origin-when-cross-origin\" allowfullscreen><\/iframe><\/div>\n <\/div><\/figure>\n<\/div>\n\n\n\n<div class=\"wp-block-column is-layout-flow wp-block-column-is-layout-flow\">\n<figure class=\"wp-block-embed is-type-video is-provider-youtube wp-block-embed-youtube wp-embed-aspect-16-9 wp-has-aspect-ratio\"><div class=\"wp-block-embed__wrapper\"> \n<div class=\"nv-iframe-embed\"><iframe title=\"Kalk in der Dusche entfernen und mit einer Glasversiegelung vorbeugen!\" width=\"1200\" height=\"675\" src=\"https:\/\/www.youtube.com\/embed\/vnJHIGeb_7I?feature=oembed\" frameborder=\"0\" allow=\"accelerometer; autoplay; clipboard-write; encrypted-media; gyroscope; picture-in-picture; web-share\" referrerpolicy=\"strict-origin-when-cross-origin\" allowfullscreen><\/iframe><\/div>\n <\/div><\/figure>\n<\/div>\n<\/div>\n\n<h3 class=\"wp-block-heading\" id=\"eine-versiegelung-ihrer-fenster-spart-frust-und-zeit-wer-putzt-schon-gerne-fenster\">Sparning af dine vinduer sparer tid og frustration &#8211; hvem kan lide at reng\u00f8re vinduer?<\/h3>\n\n<p>Efter en regnfuld og snusket vinter er de f\u00f8rste intense solstr\u00e5ler om for\u00e5ret ofte fort\u00e6llende. Du kigger ud af vinduet og indser pludselig, at du hurtigst muligt skal reng\u00f8re det, fordi det er fuldt af vandpletter, snavs og striber. Men hvem kan egentlig lide at reng\u00f8re deres vinduer? <br\/>Arbejdet er tidskr\u00e6vende og ofte meget frustrerende, fordi stribefrit glas virkelig ser ud til at v\u00e6re en bedrift. Hvad du ikke har pr\u00f8vet p\u00e5 grund af det. Gnide af med avis, bruge en damprenser, dyre vinduespudsere &#8211; bagefter er ruden ofte ikke s\u00e5 klar, som du gerne vil have den.<\/p>\n<div class=\"wp-block-image\">\n<figure class=\"aligncenter size-large is-resized\"><img fetchpriority=\"high\" decoding=\"async\" width=\"1300\" height=\"260\" src=\"https:\/\/www.versiegelung24.com\/wp-content\/uploads\/2022\/01\/Glas_Himmel-1300x260.jpg\" alt=\"\" class=\"wp-image-59446\" style=\"width:1500px\" srcset=\"https:\/\/www.versiegelung24.com\/wp-content\/uploads\/2022\/01\/Glas_Himmel-1300x260.jpg 1300w, https:\/\/www.versiegelung24.com\/wp-content\/uploads\/2022\/01\/Glas_Himmel-300x60.jpg 300w, https:\/\/www.versiegelung24.com\/wp-content\/uploads\/2022\/01\/Glas_Himmel-768x154.jpg 768w, https:\/\/www.versiegelung24.com\/wp-content\/uploads\/2022\/01\/Glas_Himmel-600x120.jpg 600w, https:\/\/www.versiegelung24.com\/wp-content\/uploads\/2022\/01\/Glas_Himmel.jpg 1500w\" sizes=\"(max-width: 1300px) 100vw, 1300px\" \/><\/figure>\n<\/div>\n<hr\/>\n\n<h4 class=\"wp-block-heading\" id=\"properties\">Produktets egenskaber<\/h4>\n\n<div class=\"wp-block-columns is-layout-flex wp-container-core-columns-is-layout-9d6595d7 wp-block-columns-is-layout-flex\">\n<div class=\"wp-block-column is-layout-flow wp-block-column-is-layout-flow\">\n<ul class=\"wp-block-list\" id=\"block-1ae73cec-dd86-455b-95e1-db08f69d1f05\">\n<li>Let at reng\u00f8re effekt for snavs og kalk<\/li>\n\n\n\n<li>H\u00f8j slidstyrke takket v\u00e6re SiO\u00b2 nano -teknologi<\/li>\n\n\n\n<li>Kemikalieresistent over for reng\u00f8ringsmidler (op til pH-v\u00e6rdi 12)<\/li>\n\n\n\n<li>St\u00e6rk hydrofob og oleofob effekt (vand- og olieafvisende)<\/li>\n\n\n\n<li>Omkostnings-, tids- og energibesparelser gennem forl\u00e6ngede reng\u00f8ringscyklusser<\/li>\n<\/ul>\n<\/div>\n\n\n\n<div class=\"wp-block-column is-layout-flow wp-block-column-is-layout-flow\">\n<ul class=\"wp-block-list\" id=\"block-1ae73cec-dd86-455b-95e1-db08f69d1f05\">\n<li>Reducerer v\u00e6ksten af mikroorganismer og bakterier og forbedrer dermed hygiejnen<\/li>\n\n\n\n<li>UV-stabil \/ frostbestandig \/ saltvandsbestandig \/ usynlig<\/li>\n\n\n\n<li>Selvrensende effekt p\u00e5 lodrette glasoverflader i regnen<\/li>\n\n\n\n<li>Enkel p\u00e5f\u00f8ring (efterbehandling kan foretages til enhver tid)<\/li>\n\n\n\n<li>Holdbarhed: op til 3-5 \u00e5r (afh\u00e6ngig af brug)<\/li>\n<\/ul>\n<\/div>\n<\/div>\n\n<p><br\/>Leveringsomfang: 1 x literflaske, 1 x pumpespr\u00f8jtehoved, 1 x produktbeskrivelse<\/p>\n<div class=\"wp-block-image\">\n<figure class=\"aligncenter size-large is-resized\"><img decoding=\"async\" width=\"1300\" height=\"260\" src=\"https:\/\/www.versiegelung24.com\/wp-content\/uploads\/2022\/01\/bad_glas-1300x260.jpg\" alt=\"\" class=\"wp-image-59538\" style=\"width:1500px\" srcset=\"https:\/\/www.versiegelung24.com\/wp-content\/uploads\/2022\/01\/bad_glas-1300x260.jpg 1300w, https:\/\/www.versiegelung24.com\/wp-content\/uploads\/2022\/01\/bad_glas-300x60.jpg 300w, https:\/\/www.versiegelung24.com\/wp-content\/uploads\/2022\/01\/bad_glas-768x154.jpg 768w, https:\/\/www.versiegelung24.com\/wp-content\/uploads\/2022\/01\/bad_glas-600x120.jpg 600w, https:\/\/www.versiegelung24.com\/wp-content\/uploads\/2022\/01\/bad_glas.jpg 1500w\" sizes=\"(max-width: 1300px) 100vw, 1300px\" \/><figcaption class=\"wp-element-caption\">Anvendelseseksempel badev\u00e6relse<\/figcaption><\/figure>\n<\/div>\n<h4 class=\"wp-block-heading\" id=\"application\">Anvendelse<\/h4>\n\n<div class=\"wp-block-columns is-layout-flex wp-container-core-columns-is-layout-9d6595d7 wp-block-columns-is-layout-flex\">\n<div class=\"wp-block-column is-layout-flow wp-block-column-is-layout-flow\">\n<ul class=\"wp-block-list\" id=\"block-d9c56046-ec66-4f80-bc70-c000e96a1e51\">\n<li>Vinduesglas (inde og ude)<\/li>\n\n\n\n<li>Glasoverflader i sanitetsomr\u00e5det (spejle, brusekabiner)<\/li>\n\n\n\n<li>Byggeglas (vinterhaver, drivhuse, baldakiner, ruder)<\/li>\n\n\n\n<li><a href=\"https:\/\/www.versiegelung24.com\/da\/bilglas-forsegling-i-professionel-kvalitet.html\">Bilglas<\/a> (side- og inderruder &#8211; forrude se specialprodukt)<\/li>\n<\/ul>\n<\/div>\n\n\n\n<div class=\"wp-block-column is-layout-flow wp-block-column-is-layout-flow\">\n<p>Forbruget afh\u00e6nger af overfladens struktur: ca. 50-200m\u00b2 \/ liter.<\/p>\n\n\n\n<p><br\/><br\/><br\/>Let at p\u00e5f\u00f8re: 1. Reng\u00f8r overfladen meget grundigt (jo renere den er, jo l\u00e6ngere holder fugemassen) 2. Spray fugemassen p\u00e5, og gnid den ind 3. Lad det h\u00e6rde i 12 timer &#8211; f\u00e6rdig<\/p>\n<\/div>\n<\/div>\n\n<h4 class=\"wp-block-heading\" id=\"advisor\">R\u00e5dgiver<\/h4>\n\n<div class=\"wp-block-columns is-layout-flex wp-container-core-columns-is-layout-9d6595d7 wp-block-columns-is-layout-flex\">\n<div class=\"wp-block-column is-layout-flow wp-block-column-is-layout-flow\">\n<figure class=\"wp-block-image size-full\"><img decoding=\"async\" width=\"500\" height=\"500\" src=\"https:\/\/www.versiegelung24.com\/wp-content\/uploads\/2022\/01\/dachfenster_content_500-1.jpg\" alt=\"\" class=\"wp-image-59686\" srcset=\"https:\/\/www.versiegelung24.com\/wp-content\/uploads\/2022\/01\/dachfenster_content_500-1.jpg 500w, https:\/\/www.versiegelung24.com\/wp-content\/uploads\/2022\/01\/dachfenster_content_500-1-300x300.jpg 300w, https:\/\/www.versiegelung24.com\/wp-content\/uploads\/2022\/01\/dachfenster_content_500-1-80x80.jpg 80w, https:\/\/www.versiegelung24.com\/wp-content\/uploads\/2022\/01\/dachfenster_content_500-1-400x400.jpg 400w, https:\/\/www.versiegelung24.com\/wp-content\/uploads\/2022\/01\/dachfenster_content_500-1-100x100.jpg 100w\" sizes=\"(max-width: 500px) 100vw, 500px\" \/><\/figure>\n<\/div>\n\n\n\n<div class=\"wp-block-column is-layout-flow wp-block-column-is-layout-flow\">\n<h3 class=\"wp-block-heading\" id=\"h-welche-vorteile-bringt-ihnen-die-fensterversiegelung\">Hvad er fordelene ved vinduesforsegling?<\/h3>\n\n\n\n<p>Vi fort\u00e6ller dig, hvordan du kan tage kontrol over dine vinduer i de n\u00e6ste 2-3 \u00e5r og reducere indsatsen ved reng\u00f8ring til et minimum:<\/p>\n\n\n\n<p>Vores ovenst\u00e5ende produkt er en s\u00e5kaldt nano-forsegling. <br\/>De indeholdte siliciumdioxidpartikler (flydende glas) kombineres, n\u00e5r de p\u00e5f\u00f8res, og danner et ca. 100-150 nanometer tyndt lag p\u00e5 glasset, som er helt klart og ikke giver anledning til uklarheder. Denne usynlige film p\u00e5 overfladen beskytter dine vinduer med den velkendte lotuseffekt. Vandet l\u00f8ber helt af, de irriterende vandpletter &#8211; is\u00e6r efter et regnbruser &#8211; h\u00f8rer fortiden til. Snavs, st\u00f8v, fugleklatter osv. kl\u00e6ber ikke l\u00e6ngere og kan nemt fjernes.<\/p>\n\n\n\n<p>Som f\u00f8lge heraf skal du reng\u00f8re dine vinduer i huset langt sj\u00e6ldnere, end du gjorde, f\u00f8r de blev forseglet. Dette er is\u00e6r m\u00e6rkbart i tilf\u00e6lde af tagvinduer, da deres skr\u00e5 position g\u00f8r dem endnu mere modtagelige for snavs end lodret installerede vinduer.<\/p>\n<\/div>\n<\/div>\n\n<h3 class=\"wp-block-heading\" id=\"h-wie-gross-ist-der-arbeitsaufwand-fur-das-versiegeln-der-fensterscheiben\">Hvor meget arbejde tager det at forsegle ruderne?<\/h3>\n\n<p>Den tid det tager at p\u00e5f\u00f8re fugemassen er meget kort og er sandsynligvis endnu hurtigere end reng\u00f8ring af selve vinduerne.<\/p>\n\n<p>F\u00f8rst og fremmest skal vinduesglaset reng\u00f8res intensivt p\u00e5 forh\u00e5nd. Med vores<a href=\"https:\/\/www.versiegelung24.com\/biosativa-biologischer-vorreiniger\/\"> BIOSATIVA forrens<\/a> og<a href=\"https:\/\/www.versiegelung24.com\/bioethanol\/\"> Bio-ethanol 96,6%<\/a> dette er en problemfri proces. Disse produkter fra vores butik fjerner alle rester p\u00e5 glasset effektivt og hurtigt. <br\/>Det er afg\u00f8rende for fugemassens efterf\u00f8lgende kvalitet og holdbarhed. N\u00e5r det forberedende arbejde er f\u00e6rdigt, begynder selve forseglingen. Det flydende glas spr\u00f8jtes p\u00e5 en klud og p\u00e5f\u00f8res derefter p\u00e5 ruden. Efter ca. 5 min. polere med en bl\u00f8d mikrofiberklud.<\/p>\n\n<p>Efter en h\u00e6rdningstid p\u00e5 12 timer forsegles overfladen helt. En regnfri dag er derfor ideel til ydersiden, s\u00e5 bel\u00e6gningen kan t\u00f8rre ud uforstyrret og nanopartiklerne i det flydende glas kan kombinere fuldst\u00e6ndigt.<\/p>\n\n<h3 class=\"wp-block-heading\" id=\"h-ist-eine-versiegelung-der-fenster-aussen-und-innen-sinnvoll\">Er det fornuftigt at lukke vinduerne udvendigt OG indvendigt?<\/h3>\n\n<p>Under alle omst\u00e6ndigheder anbefaler vi at forsegle begge sider af vinduet. Sandsynligvis er snavsbelastningen p\u00e5 indersiden betydeligt mindre end p\u00e5 ydersiden. Men ogs\u00e5 her danner st\u00f8v og fedt en film p\u00e5 glasset, der b\u00f8r fjernes fra tid til anden. Enhver, der for eksempel har b\u00f8rn, kender for eksempel ogs\u00e5 den s\u00f8de lille n\u00e6se og h\u00e5ndtryk p\u00e5 forruden, som laves, n\u00e5r de unge har opdaget noget sp\u00e6ndende udenfor. Med vores vinduesforsegling kan disse rester fjernes hurtigt og nemt. Du sparer tid og nerver til vigtigere ting.<\/p>\n\n<div class=\"wp-block-columns is-layout-flex wp-container-core-columns-is-layout-9d6595d7 wp-block-columns-is-layout-flex\">\n<div class=\"wp-block-column is-layout-flow wp-block-column-is-layout-flow\">\n<h3 class=\"wp-block-heading\" id=\"h-schutzen-sie-ihre-fenster-vor-kratzern\">Beskyt dine vinduer mod ridser<\/h3>\n\n\n\n<p>Gennem \u00e5rene kan snavs, der gnides af ved pudsning af ruderne, give de fineste ridser i glasset. Ogs\u00e5 her har glasforseglingen en yderst positiv indflydelse. Det danner et beskyttende lag p\u00e5 overfladen, som p\u00e5 den ene side undg\u00e5r ridser p\u00e5 grund af dets styrke og p\u00e5 den anden side forhindrer st\u00f8v i at kl\u00e6be fra starten.<\/p>\n\n\n\n<h3 class=\"wp-block-heading\" id=\"h-nutzen-sie-die-zeit-fur-die-wirklich-wichtigen-dinge-im-leben\">Brug tiden til de virkelig vigtige ting i livet<\/h3>\n\n\n\n<p>Nyd for\u00e5ret i stedet for at bruge tid med et vinduespoleringsmarathon. Takket v\u00e6re vores professionelle glasforsegling sparer du meget arbejde i op til 3 \u00e5r. Du burde v\u00e6re det v\u00e6rd!<\/p>\n<\/div>\n\n\n\n<div class=\"wp-block-column is-layout-flow wp-block-column-is-layout-flow\"><div class=\"wp-block-image\">\n<figure class=\"alignright size-full\"><img loading=\"lazy\" decoding=\"async\" width=\"500\" height=\"500\" src=\"https:\/\/www.versiegelung24.com\/wp-content\/uploads\/2022\/01\/fenster_content_500.jpg\" alt=\"\" class=\"wp-image-59505\" srcset=\"https:\/\/www.versiegelung24.com\/wp-content\/uploads\/2022\/01\/fenster_content_500.jpg 500w, https:\/\/www.versiegelung24.com\/wp-content\/uploads\/2022\/01\/fenster_content_500-300x300.jpg 300w, https:\/\/www.versiegelung24.com\/wp-content\/uploads\/2022\/01\/fenster_content_500-80x80.jpg 80w, https:\/\/www.versiegelung24.com\/wp-content\/uploads\/2022\/01\/fenster_content_500-400x400.jpg 400w, https:\/\/www.versiegelung24.com\/wp-content\/uploads\/2022\/01\/fenster_content_500-100x100.jpg 100w\" sizes=\"(max-width: 500px) 100vw, 500px\" \/><\/figure>\n<\/div><\/div>\n<\/div>\n","protected":false},"excerpt":{"rendered":"<p><strong>**NYT** Meget effektiv glasforsegling til:<\/strong><\/p>\n<p>\u2713 Vinduesruder<\/p>\n<p>\u2713 Glasfacader<\/p>\n<p>\u2713 indgangsd\u00f8re mv.<\/p>\n<p>\u2713 Med lotuseffekt (vandafvisende)<\/p>\n<p>\u2713 Til inde og ude<\/p>\n<p>&nbsp;<\/p>\n","protected":false},"featured_media":17713,"template":"","meta":{"_acf_changed":false,"neve_meta_sidebar":"","neve_meta_container":"","neve_meta_enable_content_width":"","neve_meta_content_width":0,"neve_meta_title_alignment":"","neve_meta_author_avatar":"","neve_post_elements_order":"","neve_meta_disable_header":"","neve_meta_disable_footer":"","neve_meta_disable_title":"","neve_meta_reading_time":"","_surfaces":[],"_ver_product_tabs":[],"footnotes":""},"product_brand":[],"product_cat":[2343],"product_tag":[],"class_list":{"0":"post-22874","1":"product","2":"type-product","3":"status-publish","4":"has-post-thumbnail","6":"product_cat-taetning-til-glas-og-keramik","7":"pa_gebinde-1000-ml-flaske","8":"pa_gebinde-20l-dunk","10":"first","11":"instock","12":"taxable","13":"shipping-taxable","14":"purchasable","15":"product-type-variable","16":"has-default-attributes"},"acf":[],"yoast_head":"<!-- This site is optimized with the Yoast SEO Premium plugin v22.8 (Yoast SEO v27.4) - https:\/\/yoast.com\/product\/yoast-seo-premium-wordpress\/ -->\n<title>Glasforsegling i professionel kvalitet - Let pleje - versiegelung24.com<\/title>\n<meta name=\"robots\" content=\"index, follow, max-snippet:-1, max-image-preview:large, max-video-preview:-1\" \/>\n<link rel=\"canonical\" href=\"https:\/\/www.versiegelung24.com\/da\/glasforsegling-i-professionel-kvalitet.html\" \/>\n<meta property=\"og:locale\" content=\"da_DK\" \/>\n<meta property=\"og:type\" content=\"article\" \/>\n<meta property=\"og:title\" content=\"Glasforsegling i professionel kvalitet - Let pleje\" \/>\n<meta property=\"og:description\" content=\"**NYT** Meget effektiv glasforsegling til: \u2713 Vinduesruder \u2713 Glasfacader \u2713 indgangsd\u00f8re mv. \u2713 Med lotuseffekt (vandafvisende) \u2713 Til inde og ude &nbsp;\" \/>\n<meta property=\"og:url\" content=\"https:\/\/www.versiegelung24.com\/da\/glasforsegling-i-professionel-kvalitet.html\" \/>\n<meta property=\"og:site_name\" content=\"versiegelung24.com\" \/>\n<meta property=\"article:modified_time\" content=\"2025-01-03T22:37:27+00:00\" \/>\n<meta property=\"og:image\" content=\"https:\/\/www.versiegelung24.com\/wp-content\/uploads\/2020\/06\/produkt-1000-601-1000-Glasversiegelung-scaled.jpg\" \/>\n\t<meta property=\"og:image:width\" content=\"2560\" \/>\n\t<meta property=\"og:image:height\" content=\"2560\" \/>\n\t<meta property=\"og:image:type\" content=\"image\/jpeg\" \/>\n<meta name=\"twitter:card\" content=\"summary_large_image\" \/>\n<meta name=\"twitter:label1\" content=\"Tilg\u00e6ngelighed\" \/>\n\t<meta name=\"twitter:data1\" content=\"P\u00e5 lager\" \/>\n<script type=\"application\/ld+json\" class=\"yoast-schema-graph\">{\"@context\":\"https:\\\/\\\/schema.org\",\"@graph\":[{\"@type\":\"WebPage\",\"@id\":\"https:\\\/\\\/www.versiegelung24.com\\\/da\\\/glasforsegling-i-professionel-kvalitet.html\",\"url\":\"https:\\\/\\\/www.versiegelung24.com\\\/da\\\/glasforsegling-i-professionel-kvalitet.html\",\"name\":\"Glasforsegling i professionel kvalitet - Let pleje - versiegelung24.com\",\"isPartOf\":{\"@id\":\"https:\\\/\\\/www.versiegelung24.com\\\/da\\\/#website\"},\"primaryImageOfPage\":{\"@id\":\"https:\\\/\\\/www.versiegelung24.com\\\/da\\\/glasforsegling-i-professionel-kvalitet.html#primaryimage\"},\"image\":{\"@id\":\"https:\\\/\\\/www.versiegelung24.com\\\/da\\\/glasforsegling-i-professionel-kvalitet.html#primaryimage\"},\"thumbnailUrl\":\"https:\\\/\\\/www.versiegelung24.com\\\/wp-content\\\/uploads\\\/2020\\\/06\\\/produkt-1000-601-1000-Glasversiegelung-scaled.jpg\",\"datePublished\":\"2021-08-02T19:06:09+00:00\",\"dateModified\":\"2025-01-03T22:37:27+00:00\",\"breadcrumb\":{\"@id\":\"https:\\\/\\\/www.versiegelung24.com\\\/da\\\/glasforsegling-i-professionel-kvalitet.html#breadcrumb\"},\"inLanguage\":\"da-DK\",\"potentialAction\":[{\"@type\":\"ReadAction\",\"target\":[\"https:\\\/\\\/www.versiegelung24.com\\\/da\\\/glasforsegling-i-professionel-kvalitet.html\"]}]},{\"@type\":\"ImageObject\",\"inLanguage\":\"da-DK\",\"@id\":\"https:\\\/\\\/www.versiegelung24.com\\\/da\\\/glasforsegling-i-professionel-kvalitet.html#primaryimage\",\"url\":\"https:\\\/\\\/www.versiegelung24.com\\\/wp-content\\\/uploads\\\/2020\\\/06\\\/produkt-1000-601-1000-Glasversiegelung-scaled.jpg\",\"contentUrl\":\"https:\\\/\\\/www.versiegelung24.com\\\/wp-content\\\/uploads\\\/2020\\\/06\\\/produkt-1000-601-1000-Glasversiegelung-scaled.jpg\",\"width\":2560,\"height\":2560},{\"@type\":\"BreadcrumbList\",\"@id\":\"https:\\\/\\\/www.versiegelung24.com\\\/da\\\/glasforsegling-i-professionel-kvalitet.html#breadcrumb\",\"itemListElement\":[{\"@type\":\"ListItem\",\"position\":1,\"name\":\"Hjemmeside\",\"item\":\"https:\\\/\\\/www.versiegelung24.com\\\/da\\\/foran\\\/\"},{\"@type\":\"ListItem\",\"position\":2,\"name\":\"Butik\",\"item\":\"https:\\\/\\\/www.versiegelung24.com\\\/da\\\/butik\\\/\"},{\"@type\":\"ListItem\",\"position\":3,\"name\":\"Glasforsegling i professionel kvalitet &#8211; Let pleje\"}]},{\"@type\":\"WebSite\",\"@id\":\"https:\\\/\\\/www.versiegelung24.com\\\/da\\\/#website\",\"url\":\"https:\\\/\\\/www.versiegelung24.com\\\/da\\\/\",\"name\":\"versiegelung24.com\",\"description\":\"Fl\u00fcssigglas-Versiegelung - Made in Germany\",\"publisher\":{\"@id\":\"https:\\\/\\\/www.versiegelung24.com\\\/da\\\/#organization\"},\"potentialAction\":[{\"@type\":\"SearchAction\",\"target\":{\"@type\":\"EntryPoint\",\"urlTemplate\":\"https:\\\/\\\/www.versiegelung24.com\\\/da\\\/?s={search_term_string}\"},\"query-input\":{\"@type\":\"PropertyValueSpecification\",\"valueRequired\":true,\"valueName\":\"search_term_string\"}}],\"inLanguage\":\"da-DK\"},{\"@type\":\"Organization\",\"@id\":\"https:\\\/\\\/www.versiegelung24.com\\\/da\\\/#organization\",\"name\":\"versiegelung24\",\"url\":\"https:\\\/\\\/www.versiegelung24.com\\\/da\\\/\",\"logo\":{\"@type\":\"ImageObject\",\"inLanguage\":\"da-DK\",\"@id\":\"https:\\\/\\\/www.versiegelung24.com\\\/da\\\/#\\\/schema\\\/logo\\\/image\\\/\",\"url\":\"https:\\\/\\\/www.versiegelung24.com\\\/wp-content\\\/uploads\\\/2020\\\/04\\\/versiegelung24.png\",\"contentUrl\":\"https:\\\/\\\/www.versiegelung24.com\\\/wp-content\\\/uploads\\\/2020\\\/04\\\/versiegelung24.png\",\"width\":470,\"height\":102,\"caption\":\"versiegelung24\"},\"image\":{\"@id\":\"https:\\\/\\\/www.versiegelung24.com\\\/da\\\/#\\\/schema\\\/logo\\\/image\\\/\"}}]}<\/script>\n<meta property=\"og:availability\" content=\"instock\" \/>\n<meta property=\"product:availability\" content=\"instock\" \/>\n<meta property=\"product:retailer_item_id\" content=\"1000-6601\" \/>\n<meta property=\"product:condition\" content=\"new\" \/>\n<!-- \/ Yoast SEO Premium plugin. -->","yoast_head_json":{"title":"Glasforsegling i professionel kvalitet - Let pleje - versiegelung24.com","robots":{"index":"index","follow":"follow","max-snippet":"max-snippet:-1","max-image-preview":"max-image-preview:large","max-video-preview":"max-video-preview:-1"},"canonical":"https:\/\/www.versiegelung24.com\/da\/glasforsegling-i-professionel-kvalitet.html","og_locale":"da_DK","og_type":"article","og_title":"Glasforsegling i professionel kvalitet - Let pleje","og_description":"**NYT** Meget effektiv glasforsegling til: \u2713 Vinduesruder \u2713 Glasfacader \u2713 indgangsd\u00f8re mv. \u2713 Med lotuseffekt (vandafvisende) \u2713 Til inde og ude &nbsp;","og_url":"https:\/\/www.versiegelung24.com\/da\/glasforsegling-i-professionel-kvalitet.html","og_site_name":"versiegelung24.com","article_modified_time":"2025-01-03T22:37:27+00:00","og_image":[{"width":2560,"height":2560,"url":"https:\/\/www.versiegelung24.com\/wp-content\/uploads\/2020\/06\/produkt-1000-601-1000-Glasversiegelung-scaled.jpg","type":"image\/jpeg"}],"twitter_card":"summary_large_image","twitter_misc":{"Tilg\u00e6ngelighed":"P\u00e5 lager"},"schema":{"@context":"https:\/\/schema.org","@graph":[{"@type":"WebPage","@id":"https:\/\/www.versiegelung24.com\/da\/glasforsegling-i-professionel-kvalitet.html","url":"https:\/\/www.versiegelung24.com\/da\/glasforsegling-i-professionel-kvalitet.html","name":"Glasforsegling i professionel kvalitet - Let pleje - versiegelung24.com","isPartOf":{"@id":"https:\/\/www.versiegelung24.com\/da\/#website"},"primaryImageOfPage":{"@id":"https:\/\/www.versiegelung24.com\/da\/glasforsegling-i-professionel-kvalitet.html#primaryimage"},"image":{"@id":"https:\/\/www.versiegelung24.com\/da\/glasforsegling-i-professionel-kvalitet.html#primaryimage"},"thumbnailUrl":"https:\/\/www.versiegelung24.com\/wp-content\/uploads\/2020\/06\/produkt-1000-601-1000-Glasversiegelung-scaled.jpg","datePublished":"2021-08-02T19:06:09+00:00","dateModified":"2025-01-03T22:37:27+00:00","breadcrumb":{"@id":"https:\/\/www.versiegelung24.com\/da\/glasforsegling-i-professionel-kvalitet.html#breadcrumb"},"inLanguage":"da-DK","potentialAction":[{"@type":"ReadAction","target":["https:\/\/www.versiegelung24.com\/da\/glasforsegling-i-professionel-kvalitet.html"]}]},{"@type":"ImageObject","inLanguage":"da-DK","@id":"https:\/\/www.versiegelung24.com\/da\/glasforsegling-i-professionel-kvalitet.html#primaryimage","url":"https:\/\/www.versiegelung24.com\/wp-content\/uploads\/2020\/06\/produkt-1000-601-1000-Glasversiegelung-scaled.jpg","contentUrl":"https:\/\/www.versiegelung24.com\/wp-content\/uploads\/2020\/06\/produkt-1000-601-1000-Glasversiegelung-scaled.jpg","width":2560,"height":2560},{"@type":"BreadcrumbList","@id":"https:\/\/www.versiegelung24.com\/da\/glasforsegling-i-professionel-kvalitet.html#breadcrumb","itemListElement":[{"@type":"ListItem","position":1,"name":"Hjemmeside","item":"https:\/\/www.versiegelung24.com\/da\/foran\/"},{"@type":"ListItem","position":2,"name":"Butik","item":"https:\/\/www.versiegelung24.com\/da\/butik\/"},{"@type":"ListItem","position":3,"name":"Glasforsegling i professionel kvalitet &#8211; Let pleje"}]},{"@type":"WebSite","@id":"https:\/\/www.versiegelung24.com\/da\/#website","url":"https:\/\/www.versiegelung24.com\/da\/","name":"versiegelung24.com","description":"Fl\u00fcssigglas-Versiegelung - Made in Germany","publisher":{"@id":"https:\/\/www.versiegelung24.com\/da\/#organization"},"potentialAction":[{"@type":"SearchAction","target":{"@type":"EntryPoint","urlTemplate":"https:\/\/www.versiegelung24.com\/da\/?s={search_term_string}"},"query-input":{"@type":"PropertyValueSpecification","valueRequired":true,"valueName":"search_term_string"}}],"inLanguage":"da-DK"},{"@type":"Organization","@id":"https:\/\/www.versiegelung24.com\/da\/#organization","name":"versiegelung24","url":"https:\/\/www.versiegelung24.com\/da\/","logo":{"@type":"ImageObject","inLanguage":"da-DK","@id":"https:\/\/www.versiegelung24.com\/da\/#\/schema\/logo\/image\/","url":"https:\/\/www.versiegelung24.com\/wp-content\/uploads\/2020\/04\/versiegelung24.png","contentUrl":"https:\/\/www.versiegelung24.com\/wp-content\/uploads\/2020\/04\/versiegelung24.png","width":470,"height":102,"caption":"versiegelung24"},"image":{"@id":"https:\/\/www.versiegelung24.com\/da\/#\/schema\/logo\/image\/"}}]},"og_availability":"instock","product_availability":"instock","product_retailer_item_id":"1000-6601","product_condition":"new"},"_links":{"self":[{"href":"https:\/\/www.versiegelung24.com\/da\/wp-json\/wp\/v2\/product\/22874","targetHints":{"allow":["GET"]}}],"collection":[{"href":"https:\/\/www.versiegelung24.com\/da\/wp-json\/wp\/v2\/product"}],"about":[{"href":"https:\/\/www.versiegelung24.com\/da\/wp-json\/wp\/v2\/types\/product"}],"version-history":[{"count":34,"href":"https:\/\/www.versiegelung24.com\/da\/wp-json\/wp\/v2\/product\/22874\/revisions"}],"predecessor-version":[{"id":177504,"href":"https:\/\/www.versiegelung24.com\/da\/wp-json\/wp\/v2\/product\/22874\/revisions\/177504"}],"wp:featuredmedia":[{"embeddable":true,"href":"https:\/\/www.versiegelung24.com\/da\/wp-json\/wp\/v2\/media\/17713"}],"wp:attachment":[{"href":"https:\/\/www.versiegelung24.com\/da\/wp-json\/wp\/v2\/media?parent=22874"}],"wp:term":[{"taxonomy":"product_brand","embeddable":true,"href":"https:\/\/www.versiegelung24.com\/da\/wp-json\/wp\/v2\/product_brand?post=22874"},{"taxonomy":"product_cat","embeddable":true,"href":"https:\/\/www.versiegelung24.com\/da\/wp-json\/wp\/v2\/product_cat?post=22874"},{"taxonomy":"product_tag","embeddable":true,"href":"https:\/\/www.versiegelung24.com\/da\/wp-json\/wp\/v2\/product_tag?post=22874"}],"curies":[{"name":"wp","href":"https:\/\/api.w.org\/{rel}","templated":true}]}}