{"id":22882,"date":"2020-04-04T18:53:16","date_gmt":"2021-08-02T19:06:25","guid":{"rendered":"https:\/\/www.versiegelung24.com\/produkt\/1-liter-bacoban-koncentrat-til-100-liter-langtidsoverflade-desinfektion"},"modified":"2025-01-13T16:35:48","modified_gmt":"2025-01-13T15:35:48","slug":"bacoban-langtidsoverflade-desinfektionskoncentrat","status":"publish","type":"product","link":"https:\/\/www.versiegelung24.com\/da\/1-liter-bacoban-koncentrat-til-100-liter-langtidsoverflade-desinfektion.html","title":{"rendered":"1 liter BACOBAN\u00ae koncentrat til 100 liter langtidsoverflade desinfektion"},"content":{"rendered":"\n<h2 class=\"wp-block-heading\" id=\"1-liter-flasche-bacoban-langzeit-flachendesinfektion-konzentrat\">1 liter flaske BACOBAN\u00ae langtidsoverflade desinfektionskoncentrat<\/h2>\n\n<p><strong>Tilstr\u00e6kkeligt til 100 liter desinfektionsmiddel (fortyndet 1: 100 med vand)<\/strong><\/p>\n\n<p><strong>Brug desinfektionsmidler omhyggeligt. L\u00e6s altid etiketten og produktinformationen f\u00f8r brug.<\/strong><\/p>\n\n<hr \/>\n\n<h4 class=\"wp-block-heading\" id=\"properties\">Produktets egenskaber<\/h4>\n\n<ul class=\"wp-block-list\"><li><br \/>Varig antimikrobiel effekt (remanence-effekt) i op til 10 dage<\/li><li>VAH opf\u00f8rt<\/li><li>effektiv mod coronavirus<\/li><li>meget god hudtolerance<\/li><li>h\u00f8j reng\u00f8ringseffekt<\/li><li>Praktisk anvendelse testet i 4-felttesten<\/li><\/ul>\n\n<p><strong>Bacoban<\/strong><sup> \u00ae<\/sup><strong> WB<\/strong> er et vandbaseret koncentrat til kombineret desinfektion og reng\u00f8ring af inventar og gulve med en varig, antimikrobiel effekt (remanenceeffekt).<\/p>\n\n<hr \/>\n\n<h4 class=\"wp-block-heading\" id=\"application\">Anvendelse<\/h4>\n\n<h3 class=\"wp-block-heading\" id=\"gebrauch\">brug<\/h3>\n\n<p>Ud<strong> Bacoban<\/strong><sup> \u00ae<\/sup><strong> WB<\/strong> Forbered en brugsklar l\u00f8sning i henhold til blandetabellen og fugt overfladerne tilstr\u00e6kkeligt. Skyl ikke eller gnid t\u00f8r. Standtid for den frisklavede arbejdsl\u00f8sning: 8 timer<\/p>\n\n<figure class=\"wp-block-table\"><table><tbody><tr><td>Blandebord<\/td><\/tr><tr><td>Endelig volumen<\/td><td>0,5 %<\/td><td>1 %<\/td><td>2 %<\/td><td>3 %<\/td><\/tr><tr><td>1 liter<\/td><td>5 ml<\/td><td>10 ml<\/td><td>20 ml<\/td><td>30 ml<\/td><\/tr><tr><td>2 liter<\/td><td>10 ml<\/td><td>20 ml<\/td><td>40 ml<\/td><td>60 ml<\/td><\/tr><tr><td>4 liter<\/td><td>20 ml<\/td><td>40 ml<\/td><td>80 ml<\/td><td>120 ml<\/td><\/tr><tr><td>8 liter<\/td><td>40 ml<\/td><td>80 ml<\/td><td>160 ml<\/td><td>240 ml<\/td><\/tr><tr><td>10 liter<\/td><td>50 ml<\/td><td>100 ml<\/td><td>200 ml<\/td><td>300 ml<\/td><\/tr><\/tbody><\/table><\/figure>\n\n<p><br \/>Varig antimikrobiel effekt <strong>(remanenseffekt)<\/strong> i op til <strong>10 dage<\/strong> (testet i henhold til ASTM E 2180). Dermatologisk testet (*ved 1%): meget god hudkompatibilitet.<\/p>\n\n<h3 class=\"wp-block-heading\" id=\"lagerung\">opbevaring<\/h3>\n\n<p><strong>Bacoban<\/strong><sup> \u00ae<\/sup><strong> WB<\/strong> opbevares ved +5 til + 25 \u00b0 C. Beskyt mod frost og direkte sollys.<\/p>\n\n<hr \/>\n\n<h4 class=\"wp-block-heading\" id=\"advisor\">R\u00e5dgiver<\/h4>\n\n<h3 class=\"wp-block-heading\" id=\"gutachten\">Vurdering<\/h3>\n\n<p>Vores produkter er blevet grundigt testet. Vi vil med gl\u00e6de give dig vores mikrobiologiske og dermatologiske rapporter efter anmodning.<\/p>\n\n<h3 class=\"wp-block-heading\" id=\"sicherheitshinweis\">Sikkerhedsbem\u00e6rkning<\/h3>\n\n<p>Sikkerhedsdatablad f\u00e5s p\u00e5 foresp\u00f8rgsel.<\/p>\n\n<p><strong>Vigtig<\/strong> ! Den antimikrobielle remanente effekt af<strong> Bacoban<\/strong><sup> \u00ae<\/sup><strong> WB<\/strong> m\u00e5 ikke f\u00f8re til, at n\u00f8dvendige desinfektionsforanstaltninger udelades i tilf\u00e6lde af synlig og \/ eller tvivlsom kontaminering!<\/p>\n\n<p>Arbejdsgivernes ansvarsforsikringsforening foreskriver, at der skal b\u00e6res handsker ved h\u00e5ndtering af desinfektionsmidler. Skadelig ved indtagelse. For\u00e5rsager alvorlige hudforbr\u00e6ndinger og \u00f8jenskader. Meget giftig for vandlevende organismer. Giftig for vandlevende organismer, med langvarige virkninger. Du m\u00e5 ikke spise, drikke eller ryge under brug. VED INDTAGELSE: Skyl munden. Fremkald IKKE opkastning. VED KONTAKT MED HUD (eller h\u00e5r): Fjern straks alt forurenet t\u00f8j. Skyl huden med vand\/bruser. VED KONTAKT MED \u00d8JNENE: Skyl forsigtigt med vand i flere minutter. Fjern eksisterende kontaktlinser, hvis det er muligt. Forts\u00e6t med at skylle. Ring straks til en GIFTINFORMATION eller en l\u00e6ge. Hvis der er brug for l\u00e6gehj\u00e6lp, s\u00e5 hav emballage eller etiket klar. <br \/>Opbevares utilg\u00e6ngeligt for b\u00f8rn. M\u00e5 kun anvendes med vand og i henhold til blandetabellen. M\u00e5 ikke bruges sammen med andre reng\u00f8rings- eller desinfektionsmidler.<\/p>\n\n<p>Kan bruges p\u00e5 alle overflader. Ved tvivlsomt f\u00f8lsomme overflader anbefaler vi en modstandstest p\u00e5 et ikke synligt omr\u00e5de. M\u00e5 kun opbevares i en lukket beholder. Opbevares p\u00e5 et k\u00f8ligt og t\u00f8rt sted.<\/p>\n\n<p>Beholderen kan kun genbruges, n\u00e5r den er helt tom. M\u00e5 ikke anvendes efter udl\u00f8bsdatoen. Bortskaffes i overensstemmelse med lokale og officielle regler.<\/p>\n\n<p>Reg. nr. for biocid: N-28795 (D). 263\/17\/L (Lu)<\/p>\n\n<p>Den <strong>brugsklare<\/strong> opl\u00f8sning if\u00f8lge blandingstabellen kr\u00e6ver ikke et faresymbol.<\/p>\n\n<h3 class=\"wp-block-heading\" id=\"zusammensetzung\">sammens\u00e6tning<\/h3>\n\n<p>100 g opl\u00f8sning indeholder: benzalkoniumchlorid 26 g, natriumpyrithion 2,5 g, polykondensater, dufte, renset vand. Ingredienser i henhold til forordning (EF) nr. 648\/2004: 15% og derover, men mindre end 30% kationiske overfladeaktive stoffer, desinfektionsmidler, dufte (linalool, limonen, citral, geraniol, citronellol).<br \/>Formaldehydfri, phenolfri.<\/p>\n\n<figure class=\"wp-block-table\"><table><tbody><tr><td>effektivitet<\/td><\/tr><tr><td>Test i henhold til DVV \/ RKI -retningslinjer<\/td><td>fortynding<\/td><td>Eksponeringstid<\/td><\/tr><tr><td><br \/>Begr\u00e6nset virucid (indkapslede vira inkl. <strong>coronavirus<\/strong>, HIV, HBV, HCV, influenza, herpes, ebola-virus&#8230;.)<\/td><td>1,00 %<\/td><td>5 min<\/td><\/tr><tr><td>Adenovirus<\/td><td>2,00 %<\/td><td>240 min<\/td><\/tr><tr><td>Humant papillomavirus (HPV)<\/td><td>1,00 %<\/td><td>60 min<\/td><\/tr><tr><td>Norovirus<\/td><td>1,00 %<\/td><td>30 min<\/td><\/tr><tr><td>Test i henhold til DGHM -retningslinjen (med mekanik, h\u00f8j belastning)<\/td><\/tr><tr><td>bakteriedr\u00e6bende og g\u00e6rdr\u00e6bende<\/td><td>1,00 %<\/td><td>5 min<\/td><\/tr><tr><td>EN standarder<\/td><\/tr><tr><td>EN 1040 (bakteriedr\u00e6bende)<\/td><td>0,25 %<\/td><td>5 min<\/td><\/tr><tr><td>EN 1275 (g\u00e6rd\u00f8dende)<\/td><td>0,25 %<\/td><td>5 min<\/td><\/tr><tr><td>EN 1276 (bakteriedr\u00e6bende)<\/td><td>0,75 %<\/td><td>5 min<\/td><\/tr><tr><td>\u00a0<\/td><td>0,50 %<\/td><td>15 minutter<\/td><\/tr><tr><td>EN 13727 (bakteriedr\u00e6bende)<\/td><td>1,00 %<\/td><td>5 min<\/td><\/tr><tr><td>EN 13624 (g\u00e6rd\u00f8dende, svampedr\u00e6bende)<\/td><td>1,00 %<\/td><td>5 min<\/td><\/tr><tr><td>EN 1650 (g\u00e6rd\u00f8dende)<\/td><td>0,50 %<\/td><td>5 min<\/td><\/tr><tr><td>\u00a0<\/td><td>0,25 %<\/td><td>15 minutter<\/td><\/tr><tr><td>EN 13697 (bakteriedr\u00e6bende)<\/td><td>0,50 %<\/td><td>15 minutter<\/td><\/tr><tr><td>EN 14561 (bakteriedr\u00e6bende)<\/td><td>0,50 %<\/td><td>15 minutter<\/td><\/tr><tr><td>\u00a0<\/td><td>0,50 %<\/td><td>60 min<\/td><\/tr><tr><td>EN 14562 (g\u00e6rd\u00f8dende)<\/td><td>0,50 %<\/td><td>60 min<\/td><\/tr><tr><td>EN 16615 (bakteriedr\u00e6bende, g\u00e6rdr\u00e6bende) (4-felttest)<\/td><td>1,00 %<\/td><td>5 min<\/td><\/tr><\/tbody><\/table><\/figure>\n\n<p><strong>Brug desinfektionsmidler omhyggeligt. L\u00e6s altid etiketten og produktinformationen f\u00f8r brug.<\/strong><\/p>\n","protected":false},"excerpt":{"rendered":"<p style=\"color: #545454;font-family: Verdana, sans-serif;font-size: 11px;line-height: 15.666666984558105px\"><strong>Alkoholfri desinfektion og reng\u00f8ring af overflader<\/strong><\/p>\n","protected":false},"featured_media":21949,"template":"","meta":{"_acf_changed":false,"neve_meta_sidebar":"","neve_meta_container":"","neve_meta_enable_content_width":"","neve_meta_content_width":0,"neve_meta_title_alignment":"","neve_meta_author_avatar":"","neve_post_elements_order":"","neve_meta_disable_header":"","neve_meta_disable_footer":"","neve_meta_disable_title":"","neve_meta_reading_time":"","_surfaces":[],"_ver_product_tabs":[],"footnotes":""},"product_brand":[],"product_cat":[2358,2360,2357],"product_tag":[],"class_list":{"0":"post-22882","1":"product","2":"type-product","3":"status-publish","4":"has-post-thumbnail","6":"product_cat-overflade-desinfektionsmidler","7":"product_cat-desinfektionsmiddel-koncentrater","8":"product_cat-desinfektionsmidler","10":"first","11":"instock","12":"taxable","13":"shipping-taxable","14":"purchasable","15":"product-type-simple"},"acf":[],"yoast_head":"<!-- This site is optimized with the Yoast SEO Premium plugin v22.8 (Yoast SEO v27.5) - https:\/\/yoast.com\/product\/yoast-seo-premium-wordpress\/ -->\n<title>1 liter BACOBAN\u00ae koncentrat til 100 liter langtidsoverflade desinfektion - versiegelung24.com<\/title>\n<meta name=\"robots\" content=\"index, follow, max-snippet:-1, max-image-preview:large, max-video-preview:-1\" \/>\n<link rel=\"canonical\" href=\"https:\/\/www.versiegelung24.com\/da\/1-liter-bacoban-koncentrat-til-100-liter-langtidsoverflade-desinfektion.html\" \/>\n<meta property=\"og:locale\" content=\"da_DK\" \/>\n<meta property=\"og:type\" content=\"article\" \/>\n<meta property=\"og:title\" content=\"1 liter BACOBAN\u00ae koncentrat til 100 liter langtidsoverflade desinfektion\" \/>\n<meta property=\"og:description\" content=\"Alkoholfri desinfektion og reng\u00f8ring af overflader\" \/>\n<meta property=\"og:url\" content=\"https:\/\/www.versiegelung24.com\/da\/1-liter-bacoban-koncentrat-til-100-liter-langtidsoverflade-desinfektion.html\" \/>\n<meta property=\"og:site_name\" content=\"versiegelung24.com\" \/>\n<meta property=\"article:modified_time\" content=\"2025-01-13T15:35:48+00:00\" \/>\n<meta property=\"og:image\" content=\"https:\/\/www.versiegelung24.com\/wp-content\/uploads\/2020\/04\/bacwb1-bacoban-langzeitdesinfektion-konzentrat-1-liter.png\" \/>\n\t<meta property=\"og:image:width\" content=\"1000\" \/>\n\t<meta property=\"og:image:height\" content=\"1000\" \/>\n\t<meta property=\"og:image:type\" content=\"image\/png\" \/>\n<meta name=\"twitter:card\" content=\"summary_large_image\" \/>\n<meta name=\"twitter:label1\" content=\"Pris\" \/>\n\t<meta name=\"twitter:data1\" content=\"89,90&euro;\" \/>\n\t<meta name=\"twitter:label2\" content=\"Tilg\u00e6ngelighed\" \/>\n\t<meta name=\"twitter:data2\" content=\"P\u00e5 lager\" \/>\n<script type=\"application\/ld+json\" class=\"yoast-schema-graph\">{\"@context\":\"https:\\\/\\\/schema.org\",\"@graph\":[{\"@type\":\"WebPage\",\"@id\":\"https:\\\/\\\/www.versiegelung24.com\\\/da\\\/1-liter-bacoban-koncentrat-til-100-liter-langtidsoverflade-desinfektion.html\",\"url\":\"https:\\\/\\\/www.versiegelung24.com\\\/da\\\/1-liter-bacoban-koncentrat-til-100-liter-langtidsoverflade-desinfektion.html\",\"name\":\"1 liter BACOBAN\u00ae koncentrat til 100 liter langtidsoverflade desinfektion - versiegelung24.com\",\"isPartOf\":{\"@id\":\"https:\\\/\\\/www.versiegelung24.com\\\/da\\\/#website\"},\"primaryImageOfPage\":{\"@id\":\"https:\\\/\\\/www.versiegelung24.com\\\/da\\\/1-liter-bacoban-koncentrat-til-100-liter-langtidsoverflade-desinfektion.html#primaryimage\"},\"image\":{\"@id\":\"https:\\\/\\\/www.versiegelung24.com\\\/da\\\/1-liter-bacoban-koncentrat-til-100-liter-langtidsoverflade-desinfektion.html#primaryimage\"},\"thumbnailUrl\":\"https:\\\/\\\/www.versiegelung24.com\\\/wp-content\\\/uploads\\\/2020\\\/04\\\/bacwb1-bacoban-langzeitdesinfektion-konzentrat-1-liter.png\",\"datePublished\":\"2021-08-02T19:06:25+00:00\",\"dateModified\":\"2025-01-13T15:35:48+00:00\",\"breadcrumb\":{\"@id\":\"https:\\\/\\\/www.versiegelung24.com\\\/da\\\/1-liter-bacoban-koncentrat-til-100-liter-langtidsoverflade-desinfektion.html#breadcrumb\"},\"inLanguage\":\"da-DK\",\"potentialAction\":[{\"@type\":\"ReadAction\",\"target\":[\"https:\\\/\\\/www.versiegelung24.com\\\/da\\\/1-liter-bacoban-koncentrat-til-100-liter-langtidsoverflade-desinfektion.html\"]}]},{\"@type\":\"ImageObject\",\"inLanguage\":\"da-DK\",\"@id\":\"https:\\\/\\\/www.versiegelung24.com\\\/da\\\/1-liter-bacoban-koncentrat-til-100-liter-langtidsoverflade-desinfektion.html#primaryimage\",\"url\":\"https:\\\/\\\/www.versiegelung24.com\\\/wp-content\\\/uploads\\\/2020\\\/04\\\/bacwb1-bacoban-langzeitdesinfektion-konzentrat-1-liter.png\",\"contentUrl\":\"https:\\\/\\\/www.versiegelung24.com\\\/wp-content\\\/uploads\\\/2020\\\/04\\\/bacwb1-bacoban-langzeitdesinfektion-konzentrat-1-liter.png\",\"width\":1000,\"height\":1000},{\"@type\":\"BreadcrumbList\",\"@id\":\"https:\\\/\\\/www.versiegelung24.com\\\/da\\\/1-liter-bacoban-koncentrat-til-100-liter-langtidsoverflade-desinfektion.html#breadcrumb\",\"itemListElement\":[{\"@type\":\"ListItem\",\"position\":1,\"name\":\"Hjemmeside\",\"item\":\"https:\\\/\\\/www.versiegelung24.com\\\/da\\\/foran\\\/\"},{\"@type\":\"ListItem\",\"position\":2,\"name\":\"Butik\",\"item\":\"https:\\\/\\\/www.versiegelung24.com\\\/da\\\/butik\\\/\"},{\"@type\":\"ListItem\",\"position\":3,\"name\":\"1 liter BACOBAN\u00ae koncentrat til 100 liter langtidsoverflade desinfektion\"}]},{\"@type\":\"WebSite\",\"@id\":\"https:\\\/\\\/www.versiegelung24.com\\\/da\\\/#website\",\"url\":\"https:\\\/\\\/www.versiegelung24.com\\\/da\\\/\",\"name\":\"versiegelung24.com\",\"description\":\"Fl\u00fcssigglas-Versiegelung - Made in Germany\",\"publisher\":{\"@id\":\"https:\\\/\\\/www.versiegelung24.com\\\/da\\\/#organization\"},\"potentialAction\":[{\"@type\":\"SearchAction\",\"target\":{\"@type\":\"EntryPoint\",\"urlTemplate\":\"https:\\\/\\\/www.versiegelung24.com\\\/da\\\/?s={search_term_string}\"},\"query-input\":{\"@type\":\"PropertyValueSpecification\",\"valueRequired\":true,\"valueName\":\"search_term_string\"}}],\"inLanguage\":\"da-DK\"},{\"@type\":\"Organization\",\"@id\":\"https:\\\/\\\/www.versiegelung24.com\\\/da\\\/#organization\",\"name\":\"versiegelung24\",\"url\":\"https:\\\/\\\/www.versiegelung24.com\\\/da\\\/\",\"logo\":{\"@type\":\"ImageObject\",\"inLanguage\":\"da-DK\",\"@id\":\"https:\\\/\\\/www.versiegelung24.com\\\/da\\\/#\\\/schema\\\/logo\\\/image\\\/\",\"url\":\"https:\\\/\\\/www.versiegelung24.com\\\/wp-content\\\/uploads\\\/2020\\\/04\\\/versiegelung24.png\",\"contentUrl\":\"https:\\\/\\\/www.versiegelung24.com\\\/wp-content\\\/uploads\\\/2020\\\/04\\\/versiegelung24.png\",\"width\":470,\"height\":102,\"caption\":\"versiegelung24\"},\"image\":{\"@id\":\"https:\\\/\\\/www.versiegelung24.com\\\/da\\\/#\\\/schema\\\/logo\\\/image\\\/\"}}]}<\/script>\n<meta property=\"product:price:amount\" content=\"89.90\" \/>\n<meta property=\"product:price:currency\" content=\"EUR\" \/>\n<meta property=\"og:availability\" content=\"instock\" \/>\n<meta property=\"product:availability\" content=\"instock\" \/>\n<meta property=\"product:retailer_item_id\" content=\"BACWB1D\" \/>\n<meta property=\"product:condition\" content=\"new\" \/>\n<!-- \/ Yoast SEO Premium plugin. -->","yoast_head_json":{"title":"1 liter BACOBAN\u00ae koncentrat til 100 liter langtidsoverflade desinfektion - versiegelung24.com","robots":{"index":"index","follow":"follow","max-snippet":"max-snippet:-1","max-image-preview":"max-image-preview:large","max-video-preview":"max-video-preview:-1"},"canonical":"https:\/\/www.versiegelung24.com\/da\/1-liter-bacoban-koncentrat-til-100-liter-langtidsoverflade-desinfektion.html","og_locale":"da_DK","og_type":"article","og_title":"1 liter BACOBAN\u00ae koncentrat til 100 liter langtidsoverflade desinfektion","og_description":"Alkoholfri desinfektion og reng\u00f8ring af overflader","og_url":"https:\/\/www.versiegelung24.com\/da\/1-liter-bacoban-koncentrat-til-100-liter-langtidsoverflade-desinfektion.html","og_site_name":"versiegelung24.com","article_modified_time":"2025-01-13T15:35:48+00:00","og_image":[{"width":1000,"height":1000,"url":"https:\/\/www.versiegelung24.com\/wp-content\/uploads\/2020\/04\/bacwb1-bacoban-langzeitdesinfektion-konzentrat-1-liter.png","type":"image\/png"}],"twitter_card":"summary_large_image","twitter_misc":{"Pris":"89,90&euro;","Tilg\u00e6ngelighed":"P\u00e5 lager"},"schema":{"@context":"https:\/\/schema.org","@graph":[{"@type":"WebPage","@id":"https:\/\/www.versiegelung24.com\/da\/1-liter-bacoban-koncentrat-til-100-liter-langtidsoverflade-desinfektion.html","url":"https:\/\/www.versiegelung24.com\/da\/1-liter-bacoban-koncentrat-til-100-liter-langtidsoverflade-desinfektion.html","name":"1 liter BACOBAN\u00ae koncentrat til 100 liter langtidsoverflade desinfektion - versiegelung24.com","isPartOf":{"@id":"https:\/\/www.versiegelung24.com\/da\/#website"},"primaryImageOfPage":{"@id":"https:\/\/www.versiegelung24.com\/da\/1-liter-bacoban-koncentrat-til-100-liter-langtidsoverflade-desinfektion.html#primaryimage"},"image":{"@id":"https:\/\/www.versiegelung24.com\/da\/1-liter-bacoban-koncentrat-til-100-liter-langtidsoverflade-desinfektion.html#primaryimage"},"thumbnailUrl":"https:\/\/www.versiegelung24.com\/wp-content\/uploads\/2020\/04\/bacwb1-bacoban-langzeitdesinfektion-konzentrat-1-liter.png","datePublished":"2021-08-02T19:06:25+00:00","dateModified":"2025-01-13T15:35:48+00:00","breadcrumb":{"@id":"https:\/\/www.versiegelung24.com\/da\/1-liter-bacoban-koncentrat-til-100-liter-langtidsoverflade-desinfektion.html#breadcrumb"},"inLanguage":"da-DK","potentialAction":[{"@type":"ReadAction","target":["https:\/\/www.versiegelung24.com\/da\/1-liter-bacoban-koncentrat-til-100-liter-langtidsoverflade-desinfektion.html"]}]},{"@type":"ImageObject","inLanguage":"da-DK","@id":"https:\/\/www.versiegelung24.com\/da\/1-liter-bacoban-koncentrat-til-100-liter-langtidsoverflade-desinfektion.html#primaryimage","url":"https:\/\/www.versiegelung24.com\/wp-content\/uploads\/2020\/04\/bacwb1-bacoban-langzeitdesinfektion-konzentrat-1-liter.png","contentUrl":"https:\/\/www.versiegelung24.com\/wp-content\/uploads\/2020\/04\/bacwb1-bacoban-langzeitdesinfektion-konzentrat-1-liter.png","width":1000,"height":1000},{"@type":"BreadcrumbList","@id":"https:\/\/www.versiegelung24.com\/da\/1-liter-bacoban-koncentrat-til-100-liter-langtidsoverflade-desinfektion.html#breadcrumb","itemListElement":[{"@type":"ListItem","position":1,"name":"Hjemmeside","item":"https:\/\/www.versiegelung24.com\/da\/foran\/"},{"@type":"ListItem","position":2,"name":"Butik","item":"https:\/\/www.versiegelung24.com\/da\/butik\/"},{"@type":"ListItem","position":3,"name":"1 liter BACOBAN\u00ae koncentrat til 100 liter langtidsoverflade desinfektion"}]},{"@type":"WebSite","@id":"https:\/\/www.versiegelung24.com\/da\/#website","url":"https:\/\/www.versiegelung24.com\/da\/","name":"versiegelung24.com","description":"Fl\u00fcssigglas-Versiegelung - Made in Germany","publisher":{"@id":"https:\/\/www.versiegelung24.com\/da\/#organization"},"potentialAction":[{"@type":"SearchAction","target":{"@type":"EntryPoint","urlTemplate":"https:\/\/www.versiegelung24.com\/da\/?s={search_term_string}"},"query-input":{"@type":"PropertyValueSpecification","valueRequired":true,"valueName":"search_term_string"}}],"inLanguage":"da-DK"},{"@type":"Organization","@id":"https:\/\/www.versiegelung24.com\/da\/#organization","name":"versiegelung24","url":"https:\/\/www.versiegelung24.com\/da\/","logo":{"@type":"ImageObject","inLanguage":"da-DK","@id":"https:\/\/www.versiegelung24.com\/da\/#\/schema\/logo\/image\/","url":"https:\/\/www.versiegelung24.com\/wp-content\/uploads\/2020\/04\/versiegelung24.png","contentUrl":"https:\/\/www.versiegelung24.com\/wp-content\/uploads\/2020\/04\/versiegelung24.png","width":470,"height":102,"caption":"versiegelung24"},"image":{"@id":"https:\/\/www.versiegelung24.com\/da\/#\/schema\/logo\/image\/"}}]},"product_price_amount":"89.90","product_price_currency":"EUR","og_availability":"instock","product_availability":"instock","product_retailer_item_id":"BACWB1D","product_condition":"new"},"_links":{"self":[{"href":"https:\/\/www.versiegelung24.com\/da\/wp-json\/wp\/v2\/product\/22882","targetHints":{"allow":["GET"]}}],"collection":[{"href":"https:\/\/www.versiegelung24.com\/da\/wp-json\/wp\/v2\/product"}],"about":[{"href":"https:\/\/www.versiegelung24.com\/da\/wp-json\/wp\/v2\/types\/product"}],"version-history":[{"count":17,"href":"https:\/\/www.versiegelung24.com\/da\/wp-json\/wp\/v2\/product\/22882\/revisions"}],"predecessor-version":[{"id":180472,"href":"https:\/\/www.versiegelung24.com\/da\/wp-json\/wp\/v2\/product\/22882\/revisions\/180472"}],"wp:featuredmedia":[{"embeddable":true,"href":"https:\/\/www.versiegelung24.com\/da\/wp-json\/wp\/v2\/media\/21949"}],"wp:attachment":[{"href":"https:\/\/www.versiegelung24.com\/da\/wp-json\/wp\/v2\/media?parent=22882"}],"wp:term":[{"taxonomy":"product_brand","embeddable":true,"href":"https:\/\/www.versiegelung24.com\/da\/wp-json\/wp\/v2\/product_brand?post=22882"},{"taxonomy":"product_cat","embeddable":true,"href":"https:\/\/www.versiegelung24.com\/da\/wp-json\/wp\/v2\/product_cat?post=22882"},{"taxonomy":"product_tag","embeddable":true,"href":"https:\/\/www.versiegelung24.com\/da\/wp-json\/wp\/v2\/product_tag?post=22882"}],"curies":[{"name":"wp","href":"https:\/\/api.w.org\/{rel}","templated":true}]}}