{"id":22888,"date":"2020-04-04T18:53:18","date_gmt":"2021-08-02T19:06:43","guid":{"rendered":"https:\/\/www.versiegelung24.com\/produkt\/bacoban-langtidsservietter-til-desinfektion-af-overflader-50-stykker-i-en-flad-pakke"},"modified":"2025-01-13T16:37:47","modified_gmt":"2025-01-13T15:37:47","slug":"bacoban-langtid-overflade-desinfektionsklude-50-dele-i-flad-pakke-klud-format-180-x-200mm","status":"publish","type":"product","link":"https:\/\/www.versiegelung24.com\/da\/bacoban-langtid-overflade-desinfektionsklude-50-dele-i-flad-pakke-klud-format-180-x-200mm.html","title":{"rendered":"BACOBAN\u00ae langtidsservietter til desinfektion af overflader, 50 stykker i en flad pakke"},"content":{"rendered":"\n<p>Brugsklare fugtighedsservietter til desinficering af alkoholbestandige overflader<\/p>\n\n<hr \/>\n\n<h4 class=\"wp-block-heading\" id=\"properties\">Produktets egenskaber<\/h4>\n\n<div class=\"wp-block-columns is-layout-flex wp-container-core-columns-is-layout-9d6595d7 wp-block-columns-is-layout-flex\">\n<div class=\"wp-block-column is-layout-flow wp-block-column-is-layout-flow\">\n<ul class=\"wp-block-list\">\n<li><br \/>Varig antimikrobiel effekt (remanence-effekt) i op til 10 dage<\/li>\n\n\n\n<li>effektiv mod coronavirus<\/li>\n\n\n\n<li>meget god hudtolerance<\/li>\n\n\n\n<li>h\u00f8j reng\u00f8ringseffekt<\/li>\n\n\n\n<li>Praktisk anvendelse testet i 4-felttesten<\/li>\n<\/ul>\n<\/div>\n\n\n\n<div class=\"wp-block-column is-layout-flow wp-block-column-is-layout-flow\">\n<h3 class=\"wp-block-heading\" id=\"zusammensetzung\">sammens\u00e6tning<\/h3>\n\n\n\n<p>100 g opl\u00f8sning indeholder:<br \/><br \/>Benzalkoniumchlorid 0,26 g, natriumpyrithion 0,025 g, polykondensater, duftstoffer, renset vand. Ingredienser i henhold til forordning (EF) nr. 648\/2004: mindre end 5 % kationiske overfladeaktive stoffer, desinfektionsmiddel, duftstoffer. Formaldehydfri, phenolfri.<\/p>\n<\/div>\n<\/div>\n\n<hr \/>\n\n<h4 class=\"wp-block-heading\" id=\"application\">Anvendelse<\/h4>\n\n<p><strong>Bacoban<\/strong><sup> \u00ae<\/sup><strong> DL<\/strong> er en brugsklar, vandbaseret l\u00f8sning til desinfektion og reng\u00f8ring af overflader med en varig, antimikrobiel effekt (remanenceeffekt).<\/p>\n\n<h3 class=\"wp-block-heading\" id=\"gebrauch\">brug<\/h3>\n\n<p><strong>Bacoban<\/strong><sup> \u00ae<\/sup><strong> DL<\/strong> Fjern den klar til brug klud og fordel v\u00e6sken j\u00e6vnt p\u00e5 overfladen. Lad det derefter t\u00f8rre. Skyl ikke eller gnid t\u00f8r.<\/p>\n\n<figure class=\"wp-block-table\"><table><tbody><tr><td>effektivitet<\/td><\/tr><tr><td>Test i henhold til DVV \/ RKI -retningslinjer<\/td><td>Eksponeringstid<\/td><\/tr><tr><td><br \/>Begr\u00e6nset virucid (indkapslede vira inkl. <strong>coronavirus<\/strong>, HIV, HBV, HCV, influenza, herpes, ebola-virus&#8230;.)<\/td><td>5 min<\/td><\/tr><tr><td>Rotavirus<\/td><td>5 min<\/td><\/tr><tr><td>Norovirus<\/td><td>30 min<\/td><\/tr><tr><td>Papillomavirus (HPV)<\/td><td>60 min<\/td><\/tr><tr><td>Test i henhold til DGHM -retningslinjen (med mekanik, h\u00f8j belastning)<\/td><\/tr><tr><td>bakteriedr\u00e6bende og g\u00e6rdr\u00e6bende<\/td><td>5 min<\/td><\/tr><tr><td>EN standarder<\/td><\/tr><tr><td>EN 1040 (bakteriedr\u00e6bende)<\/td><td>5 min<\/td><\/tr><tr><td>EN 1275 (g\u00e6rd\u00f8dende)<\/td><td>5 min<\/td><\/tr><tr><td>EN 1276 (bakteriedr\u00e6bende)<\/td><td>5 min<\/td><\/tr><tr><td>EN 13727 (bakteriedr\u00e6bende)<\/td><td>5 min<\/td><\/tr><tr><td>EN 13624 (g\u00e6rd\u00f8dende, svampedr\u00e6bende)<\/td><td>5 min<\/td><\/tr><tr><td>EN 1650 (g\u00e6rd\u00f8dende)<\/td><td>5 min<\/td><\/tr><tr><td>EN 13697 (bakteriedr\u00e6bende)<\/td><td>5 min<\/td><\/tr><tr><td>EN 14561 (bakteriedr\u00e6bende)<\/td><td>60 min<\/td><\/tr><tr><td>EN 14562 (g\u00e6rd\u00f8dende)<\/td><td>60 min<\/td><\/tr><tr><td>EN 16615 (bakteriedr\u00e6bende, g\u00e6rdr\u00e6bende) (4-felttest)<\/td><td>5 min<\/td><\/tr><\/tbody><\/table><\/figure>\n\n<hr \/>\n\n<h4 class=\"wp-block-heading\" id=\"advisor\">R\u00e5dgiver<\/h4>\n\n<h3 class=\"wp-block-heading\" id=\"lagerung\">opbevaring<\/h3>\n\n<p><strong>Bacoban<\/strong><sup> \u00ae<\/sup><strong> DL<\/strong> opbevares ved +5 til + 25 \u00b0 C. Beskyt mod frost og direkte sollys.<\/p>\n\n<h3 class=\"wp-block-heading\" id=\"gutachten\">Vurdering<\/h3>\n\n<p>Vores produkter er blevet grundigt testet. Vi vil med gl\u00e6de give dig vores mikrobiologiske og dermatologiske rapporter efter anmodning.<\/p>\n\n<h3 class=\"wp-block-heading\" id=\"sicherheitshinweis\">Sikkerhedsbem\u00e6rkning<\/h3>\n\n<p>Sikkerhedsdatablad f\u00e5s p\u00e5 foresp\u00f8rgsel.<\/p>\n\n<p><br \/>Varig antimikrobiel effekt <strong>(remanenseffekt)<\/strong> i op til <strong>10 dage<\/strong> (testet i henhold til ASTM E 2180). Dermatologisk testet (epikutantest med 30 testpersoner): meget god hudkompatibilitet.<\/p>\n\n<p><strong>Vigtig<\/strong> ! Den antimikrobielle remanente effekt af<strong> Bacoban<\/strong><sup> \u00ae<\/sup><strong> DL<\/strong> m\u00e5 ikke f\u00f8re til, at n\u00f8dvendige desinfektionsforanstaltninger udelades i tilf\u00e6lde af synlig og \/ eller tvivlsom kontaminering!<\/p>\n\n<p><strong>Brug desinfektionsmidler omhyggeligt. L\u00e6s altid etiketten og produktinformationen f\u00f8r brug.<\/strong><\/p>\n\n<p>Biocid Reg.-nr .: N-34071 (D), 262\/17 \/ L (Lu), PT2<\/p>\n","protected":false},"excerpt":{"rendered":"<p><strong>Klar til brug fugtige servietter til desinfektion af overflader<\/strong><\/p>\n","protected":false},"featured_media":176458,"template":"","meta":{"_acf_changed":false,"neve_meta_sidebar":"","neve_meta_container":"","neve_meta_enable_content_width":"","neve_meta_content_width":0,"neve_meta_title_alignment":"","neve_meta_author_avatar":"","neve_post_elements_order":"","neve_meta_disable_header":"","neve_meta_disable_footer":"","neve_meta_disable_title":"","neve_meta_reading_time":"","_surfaces":[],"_ver_product_tabs":[],"footnotes":""},"product_brand":[],"product_cat":[2357,2358],"product_tag":[],"class_list":{"0":"post-22888","1":"product","2":"type-product","3":"status-publish","4":"has-post-thumbnail","6":"product_cat-desinfektionsmidler","7":"product_cat-overflade-desinfektionsmidler","9":"first","10":"onbackorder","11":"taxable","12":"shipping-taxable","13":"purchasable","14":"product-type-simple"},"acf":[],"yoast_head":"<!-- This site is optimized with the Yoast SEO Premium plugin v22.8 (Yoast SEO v27.5) - https:\/\/yoast.com\/product\/yoast-seo-premium-wordpress\/ -->\n<title>BACOBAN\u00ae langtidsservietter til desinfektion af overflader, 50 stykker i en flad pakke - versiegelung24.com<\/title>\n<meta name=\"robots\" content=\"index, follow, max-snippet:-1, max-image-preview:large, max-video-preview:-1\" \/>\n<link rel=\"canonical\" href=\"https:\/\/www.versiegelung24.com\/da\/bacoban-langtid-overflade-desinfektionsklude-50-dele-i-flad-pakke-klud-format-180-x-200mm.html\" \/>\n<meta property=\"og:locale\" content=\"da_DK\" \/>\n<meta property=\"og:type\" content=\"article\" \/>\n<meta property=\"og:title\" content=\"BACOBAN\u00ae langtidsservietter til desinfektion af overflader, 50 stykker i en flad pakke\" \/>\n<meta property=\"og:description\" content=\"Klar til brug fugtige servietter til desinfektion af overflader\" \/>\n<meta property=\"og:url\" content=\"https:\/\/www.versiegelung24.com\/da\/bacoban-langtid-overflade-desinfektionsklude-50-dele-i-flad-pakke-klud-format-180-x-200mm.html\" \/>\n<meta property=\"og:site_name\" content=\"versiegelung24.com\" \/>\n<meta property=\"article:modified_time\" content=\"2025-01-13T15:37:47+00:00\" \/>\n<meta property=\"og:image\" content=\"https:\/\/www.versiegelung24.com\/wp-content\/uploads\/2020\/04\/bacotue-produktbild-schraeg.webp\" \/>\n\t<meta property=\"og:image:width\" content=\"2000\" \/>\n\t<meta property=\"og:image:height\" content=\"2000\" \/>\n\t<meta property=\"og:image:type\" content=\"image\/webp\" \/>\n<meta name=\"twitter:card\" content=\"summary_large_image\" \/>\n<meta name=\"twitter:label1\" content=\"Pris\" \/>\n\t<meta name=\"twitter:data1\" content=\"7,79&euro;\" \/>\n\t<meta name=\"twitter:label2\" content=\"Tilg\u00e6ngelighed\" \/>\n\t<meta name=\"twitter:data2\" content=\"I restordre\" \/>\n<script type=\"application\/ld+json\" class=\"yoast-schema-graph\">{\"@context\":\"https:\\\/\\\/schema.org\",\"@graph\":[{\"@type\":\"WebPage\",\"@id\":\"https:\\\/\\\/www.versiegelung24.com\\\/da\\\/bacoban-langtid-overflade-desinfektionsklude-50-dele-i-flad-pakke-klud-format-180-x-200mm.html\",\"url\":\"https:\\\/\\\/www.versiegelung24.com\\\/da\\\/bacoban-langtid-overflade-desinfektionsklude-50-dele-i-flad-pakke-klud-format-180-x-200mm.html\",\"name\":\"BACOBAN\u00ae langtidsservietter til desinfektion af overflader, 50 stykker i en flad pakke - versiegelung24.com\",\"isPartOf\":{\"@id\":\"https:\\\/\\\/www.versiegelung24.com\\\/da\\\/#website\"},\"primaryImageOfPage\":{\"@id\":\"https:\\\/\\\/www.versiegelung24.com\\\/da\\\/bacoban-langtid-overflade-desinfektionsklude-50-dele-i-flad-pakke-klud-format-180-x-200mm.html#primaryimage\"},\"image\":{\"@id\":\"https:\\\/\\\/www.versiegelung24.com\\\/da\\\/bacoban-langtid-overflade-desinfektionsklude-50-dele-i-flad-pakke-klud-format-180-x-200mm.html#primaryimage\"},\"thumbnailUrl\":\"https:\\\/\\\/www.versiegelung24.com\\\/wp-content\\\/uploads\\\/2020\\\/04\\\/bacotue-produktbild-schraeg.webp\",\"datePublished\":\"2021-08-02T19:06:43+00:00\",\"dateModified\":\"2025-01-13T15:37:47+00:00\",\"breadcrumb\":{\"@id\":\"https:\\\/\\\/www.versiegelung24.com\\\/da\\\/bacoban-langtid-overflade-desinfektionsklude-50-dele-i-flad-pakke-klud-format-180-x-200mm.html#breadcrumb\"},\"inLanguage\":\"da-DK\",\"potentialAction\":[{\"@type\":\"ReadAction\",\"target\":[\"https:\\\/\\\/www.versiegelung24.com\\\/da\\\/bacoban-langtid-overflade-desinfektionsklude-50-dele-i-flad-pakke-klud-format-180-x-200mm.html\"]}]},{\"@type\":\"ImageObject\",\"inLanguage\":\"da-DK\",\"@id\":\"https:\\\/\\\/www.versiegelung24.com\\\/da\\\/bacoban-langtid-overflade-desinfektionsklude-50-dele-i-flad-pakke-klud-format-180-x-200mm.html#primaryimage\",\"url\":\"https:\\\/\\\/www.versiegelung24.com\\\/wp-content\\\/uploads\\\/2020\\\/04\\\/bacotue-produktbild-schraeg.webp\",\"contentUrl\":\"https:\\\/\\\/www.versiegelung24.com\\\/wp-content\\\/uploads\\\/2020\\\/04\\\/bacotue-produktbild-schraeg.webp\",\"width\":2000,\"height\":2000},{\"@type\":\"BreadcrumbList\",\"@id\":\"https:\\\/\\\/www.versiegelung24.com\\\/da\\\/bacoban-langtid-overflade-desinfektionsklude-50-dele-i-flad-pakke-klud-format-180-x-200mm.html#breadcrumb\",\"itemListElement\":[{\"@type\":\"ListItem\",\"position\":1,\"name\":\"Hjemmeside\",\"item\":\"https:\\\/\\\/www.versiegelung24.com\\\/da\\\/foran\\\/\"},{\"@type\":\"ListItem\",\"position\":2,\"name\":\"Butik\",\"item\":\"https:\\\/\\\/www.versiegelung24.com\\\/da\\\/butik\\\/\"},{\"@type\":\"ListItem\",\"position\":3,\"name\":\"BACOBAN\u00ae langtidsservietter til desinfektion af overflader, 50 stykker i en flad pakke\"}]},{\"@type\":\"WebSite\",\"@id\":\"https:\\\/\\\/www.versiegelung24.com\\\/da\\\/#website\",\"url\":\"https:\\\/\\\/www.versiegelung24.com\\\/da\\\/\",\"name\":\"versiegelung24.com\",\"description\":\"Fl\u00fcssigglas-Versiegelung - Made in Germany\",\"publisher\":{\"@id\":\"https:\\\/\\\/www.versiegelung24.com\\\/da\\\/#organization\"},\"potentialAction\":[{\"@type\":\"SearchAction\",\"target\":{\"@type\":\"EntryPoint\",\"urlTemplate\":\"https:\\\/\\\/www.versiegelung24.com\\\/da\\\/?s={search_term_string}\"},\"query-input\":{\"@type\":\"PropertyValueSpecification\",\"valueRequired\":true,\"valueName\":\"search_term_string\"}}],\"inLanguage\":\"da-DK\"},{\"@type\":\"Organization\",\"@id\":\"https:\\\/\\\/www.versiegelung24.com\\\/da\\\/#organization\",\"name\":\"versiegelung24\",\"url\":\"https:\\\/\\\/www.versiegelung24.com\\\/da\\\/\",\"logo\":{\"@type\":\"ImageObject\",\"inLanguage\":\"da-DK\",\"@id\":\"https:\\\/\\\/www.versiegelung24.com\\\/da\\\/#\\\/schema\\\/logo\\\/image\\\/\",\"url\":\"https:\\\/\\\/www.versiegelung24.com\\\/wp-content\\\/uploads\\\/2020\\\/04\\\/versiegelung24.png\",\"contentUrl\":\"https:\\\/\\\/www.versiegelung24.com\\\/wp-content\\\/uploads\\\/2020\\\/04\\\/versiegelung24.png\",\"width\":470,\"height\":102,\"caption\":\"versiegelung24\"},\"image\":{\"@id\":\"https:\\\/\\\/www.versiegelung24.com\\\/da\\\/#\\\/schema\\\/logo\\\/image\\\/\"}}]}<\/script>\n<meta property=\"product:price:amount\" content=\"7.79\" \/>\n<meta property=\"product:price:currency\" content=\"EUR\" \/>\n<meta property=\"og:availability\" content=\"backorder\" \/>\n<meta property=\"product:availability\" content=\"available for order\" \/>\n<meta property=\"product:retailer_item_id\" content=\"BACTUE\" \/>\n<meta property=\"product:condition\" content=\"new\" \/>\n<!-- \/ Yoast SEO Premium plugin. -->","yoast_head_json":{"title":"BACOBAN\u00ae langtidsservietter til desinfektion af overflader, 50 stykker i en flad pakke - versiegelung24.com","robots":{"index":"index","follow":"follow","max-snippet":"max-snippet:-1","max-image-preview":"max-image-preview:large","max-video-preview":"max-video-preview:-1"},"canonical":"https:\/\/www.versiegelung24.com\/da\/bacoban-langtid-overflade-desinfektionsklude-50-dele-i-flad-pakke-klud-format-180-x-200mm.html","og_locale":"da_DK","og_type":"article","og_title":"BACOBAN\u00ae langtidsservietter til desinfektion af overflader, 50 stykker i en flad pakke","og_description":"Klar til brug fugtige servietter til desinfektion af overflader","og_url":"https:\/\/www.versiegelung24.com\/da\/bacoban-langtid-overflade-desinfektionsklude-50-dele-i-flad-pakke-klud-format-180-x-200mm.html","og_site_name":"versiegelung24.com","article_modified_time":"2025-01-13T15:37:47+00:00","og_image":[{"width":2000,"height":2000,"url":"https:\/\/www.versiegelung24.com\/wp-content\/uploads\/2020\/04\/bacotue-produktbild-schraeg.webp","type":"image\/webp"}],"twitter_card":"summary_large_image","twitter_misc":{"Pris":"7,79&euro;","Tilg\u00e6ngelighed":"I restordre"},"schema":{"@context":"https:\/\/schema.org","@graph":[{"@type":"WebPage","@id":"https:\/\/www.versiegelung24.com\/da\/bacoban-langtid-overflade-desinfektionsklude-50-dele-i-flad-pakke-klud-format-180-x-200mm.html","url":"https:\/\/www.versiegelung24.com\/da\/bacoban-langtid-overflade-desinfektionsklude-50-dele-i-flad-pakke-klud-format-180-x-200mm.html","name":"BACOBAN\u00ae langtidsservietter til desinfektion af overflader, 50 stykker i en flad pakke - versiegelung24.com","isPartOf":{"@id":"https:\/\/www.versiegelung24.com\/da\/#website"},"primaryImageOfPage":{"@id":"https:\/\/www.versiegelung24.com\/da\/bacoban-langtid-overflade-desinfektionsklude-50-dele-i-flad-pakke-klud-format-180-x-200mm.html#primaryimage"},"image":{"@id":"https:\/\/www.versiegelung24.com\/da\/bacoban-langtid-overflade-desinfektionsklude-50-dele-i-flad-pakke-klud-format-180-x-200mm.html#primaryimage"},"thumbnailUrl":"https:\/\/www.versiegelung24.com\/wp-content\/uploads\/2020\/04\/bacotue-produktbild-schraeg.webp","datePublished":"2021-08-02T19:06:43+00:00","dateModified":"2025-01-13T15:37:47+00:00","breadcrumb":{"@id":"https:\/\/www.versiegelung24.com\/da\/bacoban-langtid-overflade-desinfektionsklude-50-dele-i-flad-pakke-klud-format-180-x-200mm.html#breadcrumb"},"inLanguage":"da-DK","potentialAction":[{"@type":"ReadAction","target":["https:\/\/www.versiegelung24.com\/da\/bacoban-langtid-overflade-desinfektionsklude-50-dele-i-flad-pakke-klud-format-180-x-200mm.html"]}]},{"@type":"ImageObject","inLanguage":"da-DK","@id":"https:\/\/www.versiegelung24.com\/da\/bacoban-langtid-overflade-desinfektionsklude-50-dele-i-flad-pakke-klud-format-180-x-200mm.html#primaryimage","url":"https:\/\/www.versiegelung24.com\/wp-content\/uploads\/2020\/04\/bacotue-produktbild-schraeg.webp","contentUrl":"https:\/\/www.versiegelung24.com\/wp-content\/uploads\/2020\/04\/bacotue-produktbild-schraeg.webp","width":2000,"height":2000},{"@type":"BreadcrumbList","@id":"https:\/\/www.versiegelung24.com\/da\/bacoban-langtid-overflade-desinfektionsklude-50-dele-i-flad-pakke-klud-format-180-x-200mm.html#breadcrumb","itemListElement":[{"@type":"ListItem","position":1,"name":"Hjemmeside","item":"https:\/\/www.versiegelung24.com\/da\/foran\/"},{"@type":"ListItem","position":2,"name":"Butik","item":"https:\/\/www.versiegelung24.com\/da\/butik\/"},{"@type":"ListItem","position":3,"name":"BACOBAN\u00ae langtidsservietter til desinfektion af overflader, 50 stykker i en flad pakke"}]},{"@type":"WebSite","@id":"https:\/\/www.versiegelung24.com\/da\/#website","url":"https:\/\/www.versiegelung24.com\/da\/","name":"versiegelung24.com","description":"Fl\u00fcssigglas-Versiegelung - Made in Germany","publisher":{"@id":"https:\/\/www.versiegelung24.com\/da\/#organization"},"potentialAction":[{"@type":"SearchAction","target":{"@type":"EntryPoint","urlTemplate":"https:\/\/www.versiegelung24.com\/da\/?s={search_term_string}"},"query-input":{"@type":"PropertyValueSpecification","valueRequired":true,"valueName":"search_term_string"}}],"inLanguage":"da-DK"},{"@type":"Organization","@id":"https:\/\/www.versiegelung24.com\/da\/#organization","name":"versiegelung24","url":"https:\/\/www.versiegelung24.com\/da\/","logo":{"@type":"ImageObject","inLanguage":"da-DK","@id":"https:\/\/www.versiegelung24.com\/da\/#\/schema\/logo\/image\/","url":"https:\/\/www.versiegelung24.com\/wp-content\/uploads\/2020\/04\/versiegelung24.png","contentUrl":"https:\/\/www.versiegelung24.com\/wp-content\/uploads\/2020\/04\/versiegelung24.png","width":470,"height":102,"caption":"versiegelung24"},"image":{"@id":"https:\/\/www.versiegelung24.com\/da\/#\/schema\/logo\/image\/"}}]},"product_price_amount":"7.79","product_price_currency":"EUR","og_availability":"backorder","product_availability":"available for order","product_retailer_item_id":"BACTUE","product_condition":"new"},"_links":{"self":[{"href":"https:\/\/www.versiegelung24.com\/da\/wp-json\/wp\/v2\/product\/22888","targetHints":{"allow":["GET"]}}],"collection":[{"href":"https:\/\/www.versiegelung24.com\/da\/wp-json\/wp\/v2\/product"}],"about":[{"href":"https:\/\/www.versiegelung24.com\/da\/wp-json\/wp\/v2\/types\/product"}],"version-history":[{"count":15,"href":"https:\/\/www.versiegelung24.com\/da\/wp-json\/wp\/v2\/product\/22888\/revisions"}],"predecessor-version":[{"id":180553,"href":"https:\/\/www.versiegelung24.com\/da\/wp-json\/wp\/v2\/product\/22888\/revisions\/180553"}],"wp:featuredmedia":[{"embeddable":true,"href":"https:\/\/www.versiegelung24.com\/da\/wp-json\/wp\/v2\/media\/176458"}],"wp:attachment":[{"href":"https:\/\/www.versiegelung24.com\/da\/wp-json\/wp\/v2\/media?parent=22888"}],"wp:term":[{"taxonomy":"product_brand","embeddable":true,"href":"https:\/\/www.versiegelung24.com\/da\/wp-json\/wp\/v2\/product_brand?post=22888"},{"taxonomy":"product_cat","embeddable":true,"href":"https:\/\/www.versiegelung24.com\/da\/wp-json\/wp\/v2\/product_cat?post=22888"},{"taxonomy":"product_tag","embeddable":true,"href":"https:\/\/www.versiegelung24.com\/da\/wp-json\/wp\/v2\/product_tag?post=22888"}],"curies":[{"name":"wp","href":"https:\/\/api.w.org\/{rel}","templated":true}]}}