{"id":23201,"date":"2020-04-04T18:53:14","date_gmt":"2021-08-02T19:26:52","guid":{"rendered":"https:\/\/www.versiegelung24.com\/produkt\/traetaetning-i-professionel-kvalitet"},"modified":"2025-01-03T23:39:21","modified_gmt":"2025-01-03T22:39:21","slug":"traeforsegling-i-professionel-kvalitet","status":"publish","type":"product","link":"https:\/\/www.versiegelung24.com\/da\/traeforsegling-i-professionel-kvalitet.html","title":{"rendered":"Tr\u00e6t\u00e6tning i professionel kvalitet"},"content":{"rendered":"\n<p><strong>Meget effektiv professionel tr\u00e6forsegler med dybde og lotuseffekt (vandafvisende), til indvendig og udvendig, NY<\/strong><\/p>\n\n<p>H\u00f8j kvalitet lavet i Tyskland.<\/p>\n\n<hr\/>\n\n<h4 class=\"wp-block-heading\" id=\"properties\">Produktets egenskaber<\/h4>\n\n<div class=\"wp-block-columns is-layout-flex wp-container-core-columns-is-layout-9d6595d7 wp-block-columns-is-layout-flex\">\n<div class=\"wp-block-column is-layout-flow wp-block-column-is-layout-flow\">\n<ul class=\"wp-block-list\">\n<li>st\u00e6rk hydrofob og oleofob effekt (vand- og olieafvisende)<\/li>\n\n\n\n<li>Dybdeeffekt &#8211; tr\u00e6nger op til 10 mm ind i tr\u00e6et (afh\u00e6ngigt af strukturen)<\/li>\n\n\n\n<li>Beskytter mod skimmel, alger og forvitring<\/li>\n\n\n\n<li>Omkostnings-, tids- og energibesparelser gennem forl\u00e6ngede reng\u00f8ringscyklusser<\/li>\n\n\n\n<li>Reduktion i fugtindtr\u00e6ngningshastigheden, n\u00e5r den uds\u00e6ttes for vand<\/li>\n\n\n\n<li>Let at reng\u00f8re effekt<\/li>\n<\/ul>\n<\/div>\n\n\n\n<div class=\"wp-block-column is-layout-flow wp-block-column-is-layout-flow\">\n<ul class=\"wp-block-list\">\n<li>forseglede overflader forbliver \u00e5ndbare<\/li>\n\n\n\n<li>Reducerer misfarvning af forvitring<\/li>\n\n\n\n<li>UV-stabil, frostbestandig og n\u00e6sten usynlig<\/li>\n\n\n\n<li>Enkel p\u00e5f\u00f8ring (kan spr\u00f8jtes p\u00e5 over et stort omr\u00e5de)<\/li>\n\n\n\n<li>Holdbarhed: op til 3-10 \u00e5r<\/li>\n<\/ul>\n\n\n\n<p><br\/><br\/>Leveringsomfang: 1 x literflaske 1 x pumpespr\u00f8jtehoved<br\/><\/p>\n<\/div>\n<\/div>\n\n<hr\/>\n\n<h4 class=\"wp-block-heading\" id=\"application\">Anvendelse<\/h4>\n\n<div class=\"wp-block-columns is-layout-flex wp-container-core-columns-is-layout-9d6595d7 wp-block-columns-is-layout-flex\">\n<div class=\"wp-block-column is-layout-flow wp-block-column-is-layout-flow\">\n<ul class=\"wp-block-list\">\n<li>Alle h\u00e5rde og bl\u00f8de tr\u00e6sorter<\/li>\n\n\n\n<li>Tr\u00e6bekl\u00e6dning indend\u00f8rs og udend\u00f8rs<\/li>\n\n\n\n<li>Barns<\/li>\n\n\n\n<li>Tr\u00e6lofter \/ tr\u00e6gulve<\/li>\n\n\n\n<li>Konstruktionst\u00f8mmer<\/li>\n\n\n\n<li>Vindues- og d\u00f8rkarme i tr\u00e6<\/li>\n<\/ul>\n<\/div>\n\n\n\n<div class=\"wp-block-column is-layout-flow wp-block-column-is-layout-flow\">\n<ul class=\"wp-block-list\" id=\"block-bd0826c4-8c3a-4f56-9878-ce5fe93599ff\">\n<li>Bj\u00e6lker, lister og gulvbr\u00e6dder<\/li>\n\n\n\n<li>Antikke skove<\/li>\n\n\n\n<li>Tr\u00e6paneler i sanitetsomr\u00e5det<\/li>\n<\/ul>\n\n\n\n<p><strong>Forbruget afh\u00e6nger af overfladens sugeevne ca. 10-40m\u00b2 \/ liter.<\/strong><\/p>\n<\/div>\n<\/div>\n","protected":false},"excerpt":{"rendered":"<p><strong>**NYT** Meget effektiv t\u00e6tning til sugende tr\u00e6overflader:<\/strong><\/p>\n<p>\u2713 Med dybdeeffekt<\/p>\n<p>\u2713 Med lotuseffekt (vandafvisende)<\/p>\n<p>\u2713 Til inde og ude<\/p>\n","protected":false},"featured_media":18169,"template":"","meta":{"_acf_changed":false,"neve_meta_sidebar":"","neve_meta_container":"","neve_meta_enable_content_width":"","neve_meta_content_width":0,"neve_meta_title_alignment":"","neve_meta_author_avatar":"","neve_post_elements_order":"","neve_meta_disable_header":"","neve_meta_disable_footer":"","neve_meta_disable_title":"","neve_meta_reading_time":"","_surfaces":[],"_ver_product_tabs":[],"footnotes":""},"product_brand":[],"product_cat":[2452],"product_tag":[],"class_list":{"0":"post-23201","1":"product","2":"type-product","3":"status-publish","4":"has-post-thumbnail","6":"product_cat-traeforsegling","7":"pa_gebinde-10l-beholder","8":"pa_gebinde-action-saet-med-100-ml-flaske","9":"pa_gebinde-50-ml-flaske","10":"pa_gebinde-action-saet-med-50-ml-flaske","11":"pa_gebinde-100-ml-flaske","12":"pa_gebinde-150-ml-flaske","13":"pa_gebinde-500-ml-flaske","14":"pa_gebinde-200-ml-flaske","15":"pa_gebinde-1000-ml-flaske","16":"pa_gebinde-10-ml-flaske","17":"pa_gebinde-5-ml-flaske","18":"pa_gebinde-125-ml-pumpesprayflaske","19":"pa_gebinde-1000-ml-pafyldningsflaske","20":"pa_gebinde-20l-dunk","22":"first","23":"instock","24":"taxable","25":"shipping-taxable","26":"purchasable","27":"product-type-variable","28":"has-default-attributes"},"acf":[],"yoast_head":"<!-- This site is optimized with the Yoast SEO Premium plugin v22.8 (Yoast SEO v27.4) - https:\/\/yoast.com\/product\/yoast-seo-premium-wordpress\/ -->\n<title>Tr\u00e6t\u00e6tning i professionel kvalitet - versiegelung24.com<\/title>\n<meta name=\"robots\" content=\"index, follow, max-snippet:-1, max-image-preview:large, max-video-preview:-1\" \/>\n<link rel=\"canonical\" href=\"https:\/\/www.versiegelung24.com\/da\/traeforsegling-i-professionel-kvalitet.html\" \/>\n<meta property=\"og:locale\" content=\"da_DK\" \/>\n<meta property=\"og:type\" content=\"article\" \/>\n<meta property=\"og:title\" content=\"Tr\u00e6t\u00e6tning i professionel kvalitet\" \/>\n<meta property=\"og:description\" content=\"**NYT** Meget effektiv t\u00e6tning til sugende tr\u00e6overflader: \u2713 Med dybdeeffekt \u2713 Med lotuseffekt (vandafvisende) \u2713 Til inde og ude\" \/>\n<meta property=\"og:url\" content=\"https:\/\/www.versiegelung24.com\/da\/traeforsegling-i-professionel-kvalitet.html\" \/>\n<meta property=\"og:site_name\" content=\"versiegelung24.com\" \/>\n<meta property=\"article:modified_time\" content=\"2025-01-03T22:39:21+00:00\" \/>\n<meta property=\"og:image\" content=\"https:\/\/www.versiegelung24.com\/wp-content\/uploads\/2020\/06\/produkt-4000-695-1000-Holzversiegelung-scaled.jpg\" \/>\n\t<meta property=\"og:image:width\" content=\"2560\" \/>\n\t<meta property=\"og:image:height\" content=\"2560\" \/>\n\t<meta property=\"og:image:type\" content=\"image\/jpeg\" \/>\n<meta name=\"twitter:card\" content=\"summary_large_image\" \/>\n<meta name=\"twitter:label1\" content=\"Tilg\u00e6ngelighed\" \/>\n\t<meta name=\"twitter:data1\" content=\"P\u00e5 lager\" \/>\n<script type=\"application\/ld+json\" class=\"yoast-schema-graph\">{\"@context\":\"https:\\\/\\\/schema.org\",\"@graph\":[{\"@type\":\"WebPage\",\"@id\":\"https:\\\/\\\/www.versiegelung24.com\\\/da\\\/traeforsegling-i-professionel-kvalitet.html\",\"url\":\"https:\\\/\\\/www.versiegelung24.com\\\/da\\\/traeforsegling-i-professionel-kvalitet.html\",\"name\":\"Tr\u00e6t\u00e6tning i professionel kvalitet - versiegelung24.com\",\"isPartOf\":{\"@id\":\"https:\\\/\\\/www.versiegelung24.com\\\/da\\\/#website\"},\"primaryImageOfPage\":{\"@id\":\"https:\\\/\\\/www.versiegelung24.com\\\/da\\\/traeforsegling-i-professionel-kvalitet.html#primaryimage\"},\"image\":{\"@id\":\"https:\\\/\\\/www.versiegelung24.com\\\/da\\\/traeforsegling-i-professionel-kvalitet.html#primaryimage\"},\"thumbnailUrl\":\"https:\\\/\\\/www.versiegelung24.com\\\/wp-content\\\/uploads\\\/2020\\\/06\\\/produkt-4000-695-1000-Holzversiegelung-scaled.jpg\",\"datePublished\":\"2021-08-02T19:26:52+00:00\",\"dateModified\":\"2025-01-03T22:39:21+00:00\",\"breadcrumb\":{\"@id\":\"https:\\\/\\\/www.versiegelung24.com\\\/da\\\/traeforsegling-i-professionel-kvalitet.html#breadcrumb\"},\"inLanguage\":\"da-DK\",\"potentialAction\":[{\"@type\":\"ReadAction\",\"target\":[\"https:\\\/\\\/www.versiegelung24.com\\\/da\\\/traeforsegling-i-professionel-kvalitet.html\"]}]},{\"@type\":\"ImageObject\",\"inLanguage\":\"da-DK\",\"@id\":\"https:\\\/\\\/www.versiegelung24.com\\\/da\\\/traeforsegling-i-professionel-kvalitet.html#primaryimage\",\"url\":\"https:\\\/\\\/www.versiegelung24.com\\\/wp-content\\\/uploads\\\/2020\\\/06\\\/produkt-4000-695-1000-Holzversiegelung-scaled.jpg\",\"contentUrl\":\"https:\\\/\\\/www.versiegelung24.com\\\/wp-content\\\/uploads\\\/2020\\\/06\\\/produkt-4000-695-1000-Holzversiegelung-scaled.jpg\",\"width\":2560,\"height\":2560},{\"@type\":\"BreadcrumbList\",\"@id\":\"https:\\\/\\\/www.versiegelung24.com\\\/da\\\/traeforsegling-i-professionel-kvalitet.html#breadcrumb\",\"itemListElement\":[{\"@type\":\"ListItem\",\"position\":1,\"name\":\"Hjemmeside\",\"item\":\"https:\\\/\\\/www.versiegelung24.com\\\/da\\\/foran\\\/\"},{\"@type\":\"ListItem\",\"position\":2,\"name\":\"Butik\",\"item\":\"https:\\\/\\\/www.versiegelung24.com\\\/da\\\/butik\\\/\"},{\"@type\":\"ListItem\",\"position\":3,\"name\":\"Tr\u00e6t\u00e6tning i professionel kvalitet\"}]},{\"@type\":\"WebSite\",\"@id\":\"https:\\\/\\\/www.versiegelung24.com\\\/da\\\/#website\",\"url\":\"https:\\\/\\\/www.versiegelung24.com\\\/da\\\/\",\"name\":\"versiegelung24.com\",\"description\":\"Fl\u00fcssigglas-Versiegelung - Made in Germany\",\"publisher\":{\"@id\":\"https:\\\/\\\/www.versiegelung24.com\\\/da\\\/#organization\"},\"potentialAction\":[{\"@type\":\"SearchAction\",\"target\":{\"@type\":\"EntryPoint\",\"urlTemplate\":\"https:\\\/\\\/www.versiegelung24.com\\\/da\\\/?s={search_term_string}\"},\"query-input\":{\"@type\":\"PropertyValueSpecification\",\"valueRequired\":true,\"valueName\":\"search_term_string\"}}],\"inLanguage\":\"da-DK\"},{\"@type\":\"Organization\",\"@id\":\"https:\\\/\\\/www.versiegelung24.com\\\/da\\\/#organization\",\"name\":\"versiegelung24\",\"url\":\"https:\\\/\\\/www.versiegelung24.com\\\/da\\\/\",\"logo\":{\"@type\":\"ImageObject\",\"inLanguage\":\"da-DK\",\"@id\":\"https:\\\/\\\/www.versiegelung24.com\\\/da\\\/#\\\/schema\\\/logo\\\/image\\\/\",\"url\":\"https:\\\/\\\/www.versiegelung24.com\\\/wp-content\\\/uploads\\\/2020\\\/04\\\/versiegelung24.png\",\"contentUrl\":\"https:\\\/\\\/www.versiegelung24.com\\\/wp-content\\\/uploads\\\/2020\\\/04\\\/versiegelung24.png\",\"width\":470,\"height\":102,\"caption\":\"versiegelung24\"},\"image\":{\"@id\":\"https:\\\/\\\/www.versiegelung24.com\\\/da\\\/#\\\/schema\\\/logo\\\/image\\\/\"}}]}<\/script>\n<meta property=\"og:availability\" content=\"instock\" \/>\n<meta property=\"product:availability\" content=\"instock\" \/>\n<meta property=\"product:retailer_item_id\" content=\"4000-695\" \/>\n<meta property=\"product:condition\" content=\"new\" \/>\n<!-- \/ Yoast SEO Premium plugin. -->","yoast_head_json":{"title":"Tr\u00e6t\u00e6tning i professionel kvalitet - versiegelung24.com","robots":{"index":"index","follow":"follow","max-snippet":"max-snippet:-1","max-image-preview":"max-image-preview:large","max-video-preview":"max-video-preview:-1"},"canonical":"https:\/\/www.versiegelung24.com\/da\/traeforsegling-i-professionel-kvalitet.html","og_locale":"da_DK","og_type":"article","og_title":"Tr\u00e6t\u00e6tning i professionel kvalitet","og_description":"**NYT** Meget effektiv t\u00e6tning til sugende tr\u00e6overflader: \u2713 Med dybdeeffekt \u2713 Med lotuseffekt (vandafvisende) \u2713 Til inde og ude","og_url":"https:\/\/www.versiegelung24.com\/da\/traeforsegling-i-professionel-kvalitet.html","og_site_name":"versiegelung24.com","article_modified_time":"2025-01-03T22:39:21+00:00","og_image":[{"width":2560,"height":2560,"url":"https:\/\/www.versiegelung24.com\/wp-content\/uploads\/2020\/06\/produkt-4000-695-1000-Holzversiegelung-scaled.jpg","type":"image\/jpeg"}],"twitter_card":"summary_large_image","twitter_misc":{"Tilg\u00e6ngelighed":"P\u00e5 lager"},"schema":{"@context":"https:\/\/schema.org","@graph":[{"@type":"WebPage","@id":"https:\/\/www.versiegelung24.com\/da\/traeforsegling-i-professionel-kvalitet.html","url":"https:\/\/www.versiegelung24.com\/da\/traeforsegling-i-professionel-kvalitet.html","name":"Tr\u00e6t\u00e6tning i professionel kvalitet - versiegelung24.com","isPartOf":{"@id":"https:\/\/www.versiegelung24.com\/da\/#website"},"primaryImageOfPage":{"@id":"https:\/\/www.versiegelung24.com\/da\/traeforsegling-i-professionel-kvalitet.html#primaryimage"},"image":{"@id":"https:\/\/www.versiegelung24.com\/da\/traeforsegling-i-professionel-kvalitet.html#primaryimage"},"thumbnailUrl":"https:\/\/www.versiegelung24.com\/wp-content\/uploads\/2020\/06\/produkt-4000-695-1000-Holzversiegelung-scaled.jpg","datePublished":"2021-08-02T19:26:52+00:00","dateModified":"2025-01-03T22:39:21+00:00","breadcrumb":{"@id":"https:\/\/www.versiegelung24.com\/da\/traeforsegling-i-professionel-kvalitet.html#breadcrumb"},"inLanguage":"da-DK","potentialAction":[{"@type":"ReadAction","target":["https:\/\/www.versiegelung24.com\/da\/traeforsegling-i-professionel-kvalitet.html"]}]},{"@type":"ImageObject","inLanguage":"da-DK","@id":"https:\/\/www.versiegelung24.com\/da\/traeforsegling-i-professionel-kvalitet.html#primaryimage","url":"https:\/\/www.versiegelung24.com\/wp-content\/uploads\/2020\/06\/produkt-4000-695-1000-Holzversiegelung-scaled.jpg","contentUrl":"https:\/\/www.versiegelung24.com\/wp-content\/uploads\/2020\/06\/produkt-4000-695-1000-Holzversiegelung-scaled.jpg","width":2560,"height":2560},{"@type":"BreadcrumbList","@id":"https:\/\/www.versiegelung24.com\/da\/traeforsegling-i-professionel-kvalitet.html#breadcrumb","itemListElement":[{"@type":"ListItem","position":1,"name":"Hjemmeside","item":"https:\/\/www.versiegelung24.com\/da\/foran\/"},{"@type":"ListItem","position":2,"name":"Butik","item":"https:\/\/www.versiegelung24.com\/da\/butik\/"},{"@type":"ListItem","position":3,"name":"Tr\u00e6t\u00e6tning i professionel kvalitet"}]},{"@type":"WebSite","@id":"https:\/\/www.versiegelung24.com\/da\/#website","url":"https:\/\/www.versiegelung24.com\/da\/","name":"versiegelung24.com","description":"Fl\u00fcssigglas-Versiegelung - Made in Germany","publisher":{"@id":"https:\/\/www.versiegelung24.com\/da\/#organization"},"potentialAction":[{"@type":"SearchAction","target":{"@type":"EntryPoint","urlTemplate":"https:\/\/www.versiegelung24.com\/da\/?s={search_term_string}"},"query-input":{"@type":"PropertyValueSpecification","valueRequired":true,"valueName":"search_term_string"}}],"inLanguage":"da-DK"},{"@type":"Organization","@id":"https:\/\/www.versiegelung24.com\/da\/#organization","name":"versiegelung24","url":"https:\/\/www.versiegelung24.com\/da\/","logo":{"@type":"ImageObject","inLanguage":"da-DK","@id":"https:\/\/www.versiegelung24.com\/da\/#\/schema\/logo\/image\/","url":"https:\/\/www.versiegelung24.com\/wp-content\/uploads\/2020\/04\/versiegelung24.png","contentUrl":"https:\/\/www.versiegelung24.com\/wp-content\/uploads\/2020\/04\/versiegelung24.png","width":470,"height":102,"caption":"versiegelung24"},"image":{"@id":"https:\/\/www.versiegelung24.com\/da\/#\/schema\/logo\/image\/"}}]},"og_availability":"instock","product_availability":"instock","product_retailer_item_id":"4000-695","product_condition":"new"},"_links":{"self":[{"href":"https:\/\/www.versiegelung24.com\/da\/wp-json\/wp\/v2\/product\/23201","targetHints":{"allow":["GET"]}}],"collection":[{"href":"https:\/\/www.versiegelung24.com\/da\/wp-json\/wp\/v2\/product"}],"about":[{"href":"https:\/\/www.versiegelung24.com\/da\/wp-json\/wp\/v2\/types\/product"}],"version-history":[{"count":16,"href":"https:\/\/www.versiegelung24.com\/da\/wp-json\/wp\/v2\/product\/23201\/revisions"}],"predecessor-version":[{"id":177531,"href":"https:\/\/www.versiegelung24.com\/da\/wp-json\/wp\/v2\/product\/23201\/revisions\/177531"}],"wp:featuredmedia":[{"embeddable":true,"href":"https:\/\/www.versiegelung24.com\/da\/wp-json\/wp\/v2\/media\/18169"}],"wp:attachment":[{"href":"https:\/\/www.versiegelung24.com\/da\/wp-json\/wp\/v2\/media?parent=23201"}],"wp:term":[{"taxonomy":"product_brand","embeddable":true,"href":"https:\/\/www.versiegelung24.com\/da\/wp-json\/wp\/v2\/product_brand?post=23201"},{"taxonomy":"product_cat","embeddable":true,"href":"https:\/\/www.versiegelung24.com\/da\/wp-json\/wp\/v2\/product_cat?post=23201"},{"taxonomy":"product_tag","embeddable":true,"href":"https:\/\/www.versiegelung24.com\/da\/wp-json\/wp\/v2\/product_tag?post=23201"}],"curies":[{"name":"wp","href":"https:\/\/api.w.org\/{rel}","templated":true}]}}