{"id":23238,"date":"2020-04-04T18:53:42","date_gmt":"2021-08-02T19:28:34","guid":{"rendered":"https:\/\/www.versiegelung24.com\/produkt\/universel-taetning-7675-til-haarde-ikke-absorberende-overflader-glas-keramik-rustfrit-staal-plast-metal"},"modified":"2025-03-20T10:10:09","modified_gmt":"2025-03-20T09:10:09","slug":"universel-taetning-7675-til-haarde-ikke-absorberende-overflader-glas-keramik-rustfrit-staal-plast-metal","status":"publish","type":"product","link":"https:\/\/www.versiegelung24.com\/da\/universel-taetning-7675-til-haarde-ikke-absorberende-overflader-glas-keramik-rustfrit-staal-plast-metal.html","title":{"rendered":"Universel t\u00e6tning 7675 til &#8220;h\u00e5rde&#8221; \/ ikke-absorberende overflader (glas \/ keramik +++, rustfrit st\u00e5l +++, plast \/ metal ++)"},"content":{"rendered":"\n<p><strong>H\u00f8jeffektiv professionel universalforsegler til &#8220;h\u00e5rde&#8221;\/ikke-absorberende overflader som glas, keramik, plast og metal med reng\u00f8ringsvenlig effekt NY, til indend\u00f8rs og udend\u00f8rs brug<\/strong><\/p>\n\n<p>Ideel til glas \/ keramik og rustfrit st\u00e5l, ogs\u00e5 egnet til plast og metal<\/p>\n\n<p>H\u00f8j kvalitet lavet i Tyskland.<\/p>\n\n<p><strong>V24 universal fugemasse 4005-7675<\/strong> er et alkoholbaseret (IPA) bel\u00e6gningsmateriale, der skaber en let at reng\u00f8re effekt p\u00e5 glas, plast, keramik og metaloverflader (krom, rustfrit st\u00e5l, aluminium). Materialet danner en tynd film p\u00e5 overfladen, hvilket reducerer vedh\u00e6ftningen af snavs og fremmedlegemer og g\u00f8r det muligt for vand at rulle bedre af. Den belagte overflade er s\u00e6rlig let at reng\u00f8re<\/p>\n\n<hr \/>\n\n<h4 class=\"wp-block-heading\" id=\"properties\">Produktets egenskaber<\/h4>\n\n<div class=\"wp-block-columns is-layout-flex wp-container-core-columns-is-layout-9d6595d7 wp-block-columns-is-layout-flex\">\n<div class=\"wp-block-column is-layout-flow wp-block-column-is-layout-flow\">\n<ul class=\"wp-block-list\">\n<li>Leveres klar til brug<\/li>\n\n\n\n<li>lader vandet rulle bedre af<\/li>\n\n\n\n<li>Let at reng\u00f8re med hensyn til snavs og kalk<\/li>\n\n\n\n<li>klar, farvel\u00f8s v\u00e6ske, usynlig og um\u00e6rkelig<\/li>\n\n\n\n<li>Overflader forbliver rene meget l\u00e6ngere, hvilket forl\u00e6nger reng\u00f8ringscyklusser og reducerer omkostninger, tid og energi betydeligt til reng\u00f8ring og vedligeholdelse<\/li>\n\n\n\n<li>reducerer v\u00e6ksten af mikroorganismer og bakterier og forbedrer dermed hygiejnen<\/li>\n<\/ul>\n<\/div>\n\n\n\n<div class=\"wp-block-column is-layout-flow wp-block-column-is-layout-flow\">\n<ul class=\"wp-block-list\">\n<li>Modstandsdygtig over for frost, ekstrem varme, UV -str\u00e5ling, saltvand og salt luft, mineraler fra h\u00e5rdt vand og baser<\/li>\n\n\n\n<li>Alger og fugleklatter kan ikke l\u00e6ngere kl\u00e6be fast<\/li>\n\n\n\n<li>Fluorfri<\/li>\n<\/ul>\n\n\n\n<p><br \/><br \/>Leveringsomfang: 1 x literflaske 1 x pumpespr\u00f8jtehoved<\/p>\n<\/div>\n<\/div>\n\n<hr \/>\n\n<h4 class=\"wp-block-heading\" id=\"application\">Anvendelse<\/h4>\n\n<div class=\"wp-block-columns is-layout-flex wp-container-core-columns-is-layout-9d6595d7 wp-block-columns-is-layout-flex\">\n<div class=\"wp-block-column is-layout-flow wp-block-column-is-layout-flow\">\n<ul class=\"wp-block-list\">\n<li>Sanitetsartikler (toiletter, bidet, keramiske badekar, brusere, h\u00e5ndvaske, spejle)<\/li>\n\n\n\n<li>Swimmingpools (keramik udenfor, ikke egnet til undervands)<\/li>\n\n\n\n<li>Alle typer keramiske fliser, fx i k\u00f8kkener<\/li>\n\n\n\n<li>Vindues- og konstruktionsglas (vinterhaver, h\u00f8jhuse, baldakiner)<\/li>\n\n\n\n<li>Plast- og metaloverflader<\/li>\n\n\n\n<li>Til bilglas anbefaler vi vores<a href=\"https:\/\/www.versiegelung24.com\/autoglas-versiegelung\/\"> Premium glasforsegling<\/a><\/li>\n<\/ul>\n<\/div>\n\n\n\n<div class=\"wp-block-column is-layout-flow wp-block-column-is-layout-flow\">\n<p><br \/><br \/><br \/><br \/>Let at p\u00e5f\u00f8re: 1. Reng\u00f8r overfladen meget grundigt (jo renere den er, jo l\u00e6ngere holder forseglingen) 2. Reng\u00f8r igen med alkohol (f.eks. isopropyl) f\u00f8r brug 3. Spray forseglingen p\u00e5 en klud, og p\u00e5f\u00f8r den p\u00e5 overfladen 4.<br \/>Efter 5 minutter poleres forsigtigt med en mikrofiberklud uden at trykke 5. Lad det h\u00e6rde i 12 timer &#8211; f\u00e6rdig<\/p>\n\n\n\n<p>Holdbarhed: op til 3-10 \u00e5r<\/p>\n\n\n\n<p>Op til 200m\u00b2 kan forsegles med 1 liter.<\/p>\n<\/div>\n<\/div>\n\n<hr \/>\n\n<h4 class=\"wp-block-heading\" id=\"h-ratgeber\">R\u00e5dgiver<\/h4>\n\n<p>Vores universalpakninger er s\u00e6rligt velegnede til g\u00f8r-det-selv-sektoren.<\/p>\n\n<p>De kombinerer en professionel virkem\u00e5de p\u00e5 forskellige overflader med nem h\u00e5ndtering under p\u00e5f\u00f8ring. Og alt dette uden at skulle g\u00e5 p\u00e5 kompromis med kvaliteten.<\/p>\n\n<p>P\u00e5 denne m\u00e5de kan der p\u00e5f\u00f8res flere materialer med kun \u00e9n universal fugemasse, og der kan ogs\u00e5 opn\u00e5s en h\u00f8jkvalitets effekt og lang holdbarhed.<\/p>\n\n<p>Men til kommercielle og industrielle applikationer, hvor det h\u00f8jest mulige niveau af ydeevne skal opn\u00e5s p\u00e5 en bestemt overflade, anbefaler vi brugen af vores specielle finish til den overflade.<\/p>\n","protected":false},"excerpt":{"rendered":"<p><strong>**NYT** Meget effektiv professionel universal t\u00e6tning til &#8220;h\u00e5rde&#8221;\/ikke-absorberende overflader som:<\/strong><\/p>\n<p>\u2713 Glas<\/p>\n<p>\u2713 Keramiske overflader<\/p>\n<p>\u2713 Plastoverflader<\/p>\n<p>\u2713 Metaloverflader<\/p>\n<p>\u2713 Med let at reng\u00f8re effekt<\/p>\n","protected":false},"featured_media":18238,"template":"","meta":{"_acf_changed":false,"neve_meta_sidebar":"","neve_meta_container":"","neve_meta_enable_content_width":"","neve_meta_content_width":0,"neve_meta_title_alignment":"","neve_meta_author_avatar":"","neve_post_elements_order":"","neve_meta_disable_header":"","neve_meta_disable_footer":"","neve_meta_disable_title":"","neve_meta_reading_time":"","_surfaces":[],"_ver_product_tabs":[],"footnotes":""},"product_brand":[],"product_cat":[2487],"product_tag":[],"class_list":{"0":"post-23238","1":"product","2":"type-product","3":"status-publish","4":"has-post-thumbnail","6":"product_cat-universal-taetning","8":"first","9":"instock","10":"taxable","11":"shipping-taxable","12":"purchasable","13":"product-type-simple"},"acf":[],"yoast_head":"<!-- This site is optimized with the Yoast SEO Premium plugin v22.8 (Yoast SEO v27.4) - https:\/\/yoast.com\/product\/yoast-seo-premium-wordpress\/ -->\n<title>Universel t\u00e6tning 7675 til &quot;h\u00e5rde&quot; \/ ikke-absorberende overflader (glas \/ keramik +++, rustfrit st\u00e5l +++, plast \/ metal ++) - versiegelung24.com<\/title>\n<meta name=\"robots\" content=\"index, follow, max-snippet:-1, max-image-preview:large, max-video-preview:-1\" \/>\n<link rel=\"canonical\" href=\"https:\/\/www.versiegelung24.com\/da\/universel-taetning-7675-til-haarde-ikke-absorberende-overflader-glas-keramik-rustfrit-staal-plast-metal.html\" \/>\n<meta property=\"og:locale\" content=\"da_DK\" \/>\n<meta property=\"og:type\" content=\"article\" \/>\n<meta property=\"og:title\" content=\"Universel t\u00e6tning 7675 til &quot;h\u00e5rde&quot; \/ ikke-absorberende overflader (glas \/ keramik +++, rustfrit st\u00e5l +++, plast \/ metal ++)\" \/>\n<meta property=\"og:description\" content=\"**NYT** Meget effektiv professionel universal t\u00e6tning til &quot;h\u00e5rde&quot;\/ikke-absorberende overflader som: \u2713 Glas \u2713 Keramiske overflader \u2713 Plastoverflader \u2713 Metaloverflader \u2713 Med let at reng\u00f8re effekt\" \/>\n<meta property=\"og:url\" content=\"https:\/\/www.versiegelung24.com\/da\/universel-taetning-7675-til-haarde-ikke-absorberende-overflader-glas-keramik-rustfrit-staal-plast-metal.html\" \/>\n<meta property=\"og:site_name\" content=\"versiegelung24.com\" \/>\n<meta property=\"article:modified_time\" content=\"2025-03-20T09:10:09+00:00\" \/>\n<meta property=\"og:image\" content=\"https:\/\/www.versiegelung24.com\/wp-content\/uploads\/2020\/06\/produkt-4005-7675-1000-Universalversiegelung-7675-scaled.jpg\" \/>\n\t<meta property=\"og:image:width\" content=\"2560\" \/>\n\t<meta property=\"og:image:height\" content=\"2560\" \/>\n\t<meta property=\"og:image:type\" content=\"image\/jpeg\" \/>\n<meta name=\"twitter:card\" content=\"summary_large_image\" \/>\n<meta name=\"twitter:label1\" content=\"Pris\" \/>\n\t<meta name=\"twitter:data1\" content=\"89,99&euro;\" \/>\n\t<meta name=\"twitter:label2\" content=\"Tilg\u00e6ngelighed\" \/>\n\t<meta name=\"twitter:data2\" content=\"P\u00e5 lager\" \/>\n<script type=\"application\/ld+json\" class=\"yoast-schema-graph\">{\"@context\":\"https:\\\/\\\/schema.org\",\"@graph\":[{\"@type\":\"WebPage\",\"@id\":\"https:\\\/\\\/www.versiegelung24.com\\\/da\\\/universel-taetning-7675-til-haarde-ikke-absorberende-overflader-glas-keramik-rustfrit-staal-plast-metal.html\",\"url\":\"https:\\\/\\\/www.versiegelung24.com\\\/da\\\/universel-taetning-7675-til-haarde-ikke-absorberende-overflader-glas-keramik-rustfrit-staal-plast-metal.html\",\"name\":\"Universel t\u00e6tning 7675 til \\\"h\u00e5rde\\\" \\\/ ikke-absorberende overflader (glas \\\/ keramik +++, rustfrit st\u00e5l +++, plast \\\/ metal ++) - versiegelung24.com\",\"isPartOf\":{\"@id\":\"https:\\\/\\\/www.versiegelung24.com\\\/da\\\/#website\"},\"primaryImageOfPage\":{\"@id\":\"https:\\\/\\\/www.versiegelung24.com\\\/da\\\/universel-taetning-7675-til-haarde-ikke-absorberende-overflader-glas-keramik-rustfrit-staal-plast-metal.html#primaryimage\"},\"image\":{\"@id\":\"https:\\\/\\\/www.versiegelung24.com\\\/da\\\/universel-taetning-7675-til-haarde-ikke-absorberende-overflader-glas-keramik-rustfrit-staal-plast-metal.html#primaryimage\"},\"thumbnailUrl\":\"https:\\\/\\\/www.versiegelung24.com\\\/wp-content\\\/uploads\\\/2020\\\/06\\\/produkt-4005-7675-1000-Universalversiegelung-7675-scaled.jpg\",\"datePublished\":\"2021-08-02T19:28:34+00:00\",\"dateModified\":\"2025-03-20T09:10:09+00:00\",\"breadcrumb\":{\"@id\":\"https:\\\/\\\/www.versiegelung24.com\\\/da\\\/universel-taetning-7675-til-haarde-ikke-absorberende-overflader-glas-keramik-rustfrit-staal-plast-metal.html#breadcrumb\"},\"inLanguage\":\"da-DK\",\"potentialAction\":[{\"@type\":\"ReadAction\",\"target\":[\"https:\\\/\\\/www.versiegelung24.com\\\/da\\\/universel-taetning-7675-til-haarde-ikke-absorberende-overflader-glas-keramik-rustfrit-staal-plast-metal.html\"]}]},{\"@type\":\"ImageObject\",\"inLanguage\":\"da-DK\",\"@id\":\"https:\\\/\\\/www.versiegelung24.com\\\/da\\\/universel-taetning-7675-til-haarde-ikke-absorberende-overflader-glas-keramik-rustfrit-staal-plast-metal.html#primaryimage\",\"url\":\"https:\\\/\\\/www.versiegelung24.com\\\/wp-content\\\/uploads\\\/2020\\\/06\\\/produkt-4005-7675-1000-Universalversiegelung-7675-scaled.jpg\",\"contentUrl\":\"https:\\\/\\\/www.versiegelung24.com\\\/wp-content\\\/uploads\\\/2020\\\/06\\\/produkt-4005-7675-1000-Universalversiegelung-7675-scaled.jpg\",\"width\":2560,\"height\":2560},{\"@type\":\"BreadcrumbList\",\"@id\":\"https:\\\/\\\/www.versiegelung24.com\\\/da\\\/universel-taetning-7675-til-haarde-ikke-absorberende-overflader-glas-keramik-rustfrit-staal-plast-metal.html#breadcrumb\",\"itemListElement\":[{\"@type\":\"ListItem\",\"position\":1,\"name\":\"Hjemmeside\",\"item\":\"https:\\\/\\\/www.versiegelung24.com\\\/da\\\/foran\\\/\"},{\"@type\":\"ListItem\",\"position\":2,\"name\":\"Butik\",\"item\":\"https:\\\/\\\/www.versiegelung24.com\\\/da\\\/butik\\\/\"},{\"@type\":\"ListItem\",\"position\":3,\"name\":\"Universel t\u00e6tning 7675 til &#8220;h\u00e5rde&#8221; \\\/ ikke-absorberende overflader (glas \\\/ keramik +++, rustfrit st\u00e5l +++, plast \\\/ metal ++)\"}]},{\"@type\":\"WebSite\",\"@id\":\"https:\\\/\\\/www.versiegelung24.com\\\/da\\\/#website\",\"url\":\"https:\\\/\\\/www.versiegelung24.com\\\/da\\\/\",\"name\":\"versiegelung24.com\",\"description\":\"Fl\u00fcssigglas-Versiegelung - Made in Germany\",\"publisher\":{\"@id\":\"https:\\\/\\\/www.versiegelung24.com\\\/da\\\/#organization\"},\"potentialAction\":[{\"@type\":\"SearchAction\",\"target\":{\"@type\":\"EntryPoint\",\"urlTemplate\":\"https:\\\/\\\/www.versiegelung24.com\\\/da\\\/?s={search_term_string}\"},\"query-input\":{\"@type\":\"PropertyValueSpecification\",\"valueRequired\":true,\"valueName\":\"search_term_string\"}}],\"inLanguage\":\"da-DK\"},{\"@type\":\"Organization\",\"@id\":\"https:\\\/\\\/www.versiegelung24.com\\\/da\\\/#organization\",\"name\":\"versiegelung24\",\"url\":\"https:\\\/\\\/www.versiegelung24.com\\\/da\\\/\",\"logo\":{\"@type\":\"ImageObject\",\"inLanguage\":\"da-DK\",\"@id\":\"https:\\\/\\\/www.versiegelung24.com\\\/da\\\/#\\\/schema\\\/logo\\\/image\\\/\",\"url\":\"https:\\\/\\\/www.versiegelung24.com\\\/wp-content\\\/uploads\\\/2020\\\/04\\\/versiegelung24.png\",\"contentUrl\":\"https:\\\/\\\/www.versiegelung24.com\\\/wp-content\\\/uploads\\\/2020\\\/04\\\/versiegelung24.png\",\"width\":470,\"height\":102,\"caption\":\"versiegelung24\"},\"image\":{\"@id\":\"https:\\\/\\\/www.versiegelung24.com\\\/da\\\/#\\\/schema\\\/logo\\\/image\\\/\"}}]}<\/script>\n<meta property=\"product:price:amount\" content=\"89.99\" \/>\n<meta property=\"product:price:currency\" content=\"EUR\" \/>\n<meta property=\"og:availability\" content=\"instock\" \/>\n<meta property=\"product:availability\" content=\"instock\" \/>\n<meta property=\"product:retailer_item_id\" content=\"4005-7675\" \/>\n<meta property=\"product:condition\" content=\"new\" \/>\n<!-- \/ Yoast SEO Premium plugin. -->","yoast_head_json":{"title":"Universel t\u00e6tning 7675 til \"h\u00e5rde\" \/ ikke-absorberende overflader (glas \/ keramik +++, rustfrit st\u00e5l +++, plast \/ metal ++) - versiegelung24.com","robots":{"index":"index","follow":"follow","max-snippet":"max-snippet:-1","max-image-preview":"max-image-preview:large","max-video-preview":"max-video-preview:-1"},"canonical":"https:\/\/www.versiegelung24.com\/da\/universel-taetning-7675-til-haarde-ikke-absorberende-overflader-glas-keramik-rustfrit-staal-plast-metal.html","og_locale":"da_DK","og_type":"article","og_title":"Universel t\u00e6tning 7675 til \"h\u00e5rde\" \/ ikke-absorberende overflader (glas \/ keramik +++, rustfrit st\u00e5l +++, plast \/ metal ++)","og_description":"**NYT** Meget effektiv professionel universal t\u00e6tning til \"h\u00e5rde\"\/ikke-absorberende overflader som: \u2713 Glas \u2713 Keramiske overflader \u2713 Plastoverflader \u2713 Metaloverflader \u2713 Med let at reng\u00f8re effekt","og_url":"https:\/\/www.versiegelung24.com\/da\/universel-taetning-7675-til-haarde-ikke-absorberende-overflader-glas-keramik-rustfrit-staal-plast-metal.html","og_site_name":"versiegelung24.com","article_modified_time":"2025-03-20T09:10:09+00:00","og_image":[{"width":2560,"height":2560,"url":"https:\/\/www.versiegelung24.com\/wp-content\/uploads\/2020\/06\/produkt-4005-7675-1000-Universalversiegelung-7675-scaled.jpg","type":"image\/jpeg"}],"twitter_card":"summary_large_image","twitter_misc":{"Pris":"89,99&euro;","Tilg\u00e6ngelighed":"P\u00e5 lager"},"schema":{"@context":"https:\/\/schema.org","@graph":[{"@type":"WebPage","@id":"https:\/\/www.versiegelung24.com\/da\/universel-taetning-7675-til-haarde-ikke-absorberende-overflader-glas-keramik-rustfrit-staal-plast-metal.html","url":"https:\/\/www.versiegelung24.com\/da\/universel-taetning-7675-til-haarde-ikke-absorberende-overflader-glas-keramik-rustfrit-staal-plast-metal.html","name":"Universel t\u00e6tning 7675 til \"h\u00e5rde\" \/ ikke-absorberende overflader (glas \/ keramik +++, rustfrit st\u00e5l +++, plast \/ metal ++) - versiegelung24.com","isPartOf":{"@id":"https:\/\/www.versiegelung24.com\/da\/#website"},"primaryImageOfPage":{"@id":"https:\/\/www.versiegelung24.com\/da\/universel-taetning-7675-til-haarde-ikke-absorberende-overflader-glas-keramik-rustfrit-staal-plast-metal.html#primaryimage"},"image":{"@id":"https:\/\/www.versiegelung24.com\/da\/universel-taetning-7675-til-haarde-ikke-absorberende-overflader-glas-keramik-rustfrit-staal-plast-metal.html#primaryimage"},"thumbnailUrl":"https:\/\/www.versiegelung24.com\/wp-content\/uploads\/2020\/06\/produkt-4005-7675-1000-Universalversiegelung-7675-scaled.jpg","datePublished":"2021-08-02T19:28:34+00:00","dateModified":"2025-03-20T09:10:09+00:00","breadcrumb":{"@id":"https:\/\/www.versiegelung24.com\/da\/universel-taetning-7675-til-haarde-ikke-absorberende-overflader-glas-keramik-rustfrit-staal-plast-metal.html#breadcrumb"},"inLanguage":"da-DK","potentialAction":[{"@type":"ReadAction","target":["https:\/\/www.versiegelung24.com\/da\/universel-taetning-7675-til-haarde-ikke-absorberende-overflader-glas-keramik-rustfrit-staal-plast-metal.html"]}]},{"@type":"ImageObject","inLanguage":"da-DK","@id":"https:\/\/www.versiegelung24.com\/da\/universel-taetning-7675-til-haarde-ikke-absorberende-overflader-glas-keramik-rustfrit-staal-plast-metal.html#primaryimage","url":"https:\/\/www.versiegelung24.com\/wp-content\/uploads\/2020\/06\/produkt-4005-7675-1000-Universalversiegelung-7675-scaled.jpg","contentUrl":"https:\/\/www.versiegelung24.com\/wp-content\/uploads\/2020\/06\/produkt-4005-7675-1000-Universalversiegelung-7675-scaled.jpg","width":2560,"height":2560},{"@type":"BreadcrumbList","@id":"https:\/\/www.versiegelung24.com\/da\/universel-taetning-7675-til-haarde-ikke-absorberende-overflader-glas-keramik-rustfrit-staal-plast-metal.html#breadcrumb","itemListElement":[{"@type":"ListItem","position":1,"name":"Hjemmeside","item":"https:\/\/www.versiegelung24.com\/da\/foran\/"},{"@type":"ListItem","position":2,"name":"Butik","item":"https:\/\/www.versiegelung24.com\/da\/butik\/"},{"@type":"ListItem","position":3,"name":"Universel t\u00e6tning 7675 til &#8220;h\u00e5rde&#8221; \/ ikke-absorberende overflader (glas \/ keramik +++, rustfrit st\u00e5l +++, plast \/ metal ++)"}]},{"@type":"WebSite","@id":"https:\/\/www.versiegelung24.com\/da\/#website","url":"https:\/\/www.versiegelung24.com\/da\/","name":"versiegelung24.com","description":"Fl\u00fcssigglas-Versiegelung - Made in Germany","publisher":{"@id":"https:\/\/www.versiegelung24.com\/da\/#organization"},"potentialAction":[{"@type":"SearchAction","target":{"@type":"EntryPoint","urlTemplate":"https:\/\/www.versiegelung24.com\/da\/?s={search_term_string}"},"query-input":{"@type":"PropertyValueSpecification","valueRequired":true,"valueName":"search_term_string"}}],"inLanguage":"da-DK"},{"@type":"Organization","@id":"https:\/\/www.versiegelung24.com\/da\/#organization","name":"versiegelung24","url":"https:\/\/www.versiegelung24.com\/da\/","logo":{"@type":"ImageObject","inLanguage":"da-DK","@id":"https:\/\/www.versiegelung24.com\/da\/#\/schema\/logo\/image\/","url":"https:\/\/www.versiegelung24.com\/wp-content\/uploads\/2020\/04\/versiegelung24.png","contentUrl":"https:\/\/www.versiegelung24.com\/wp-content\/uploads\/2020\/04\/versiegelung24.png","width":470,"height":102,"caption":"versiegelung24"},"image":{"@id":"https:\/\/www.versiegelung24.com\/da\/#\/schema\/logo\/image\/"}}]},"product_price_amount":"89.99","product_price_currency":"EUR","og_availability":"instock","product_availability":"instock","product_retailer_item_id":"4005-7675","product_condition":"new"},"_links":{"self":[{"href":"https:\/\/www.versiegelung24.com\/da\/wp-json\/wp\/v2\/product\/23238","targetHints":{"allow":["GET"]}}],"collection":[{"href":"https:\/\/www.versiegelung24.com\/da\/wp-json\/wp\/v2\/product"}],"about":[{"href":"https:\/\/www.versiegelung24.com\/da\/wp-json\/wp\/v2\/types\/product"}],"version-history":[{"count":16,"href":"https:\/\/www.versiegelung24.com\/da\/wp-json\/wp\/v2\/product\/23238\/revisions"}],"predecessor-version":[{"id":181088,"href":"https:\/\/www.versiegelung24.com\/da\/wp-json\/wp\/v2\/product\/23238\/revisions\/181088"}],"wp:featuredmedia":[{"embeddable":true,"href":"https:\/\/www.versiegelung24.com\/da\/wp-json\/wp\/v2\/media\/18238"}],"wp:attachment":[{"href":"https:\/\/www.versiegelung24.com\/da\/wp-json\/wp\/v2\/media?parent=23238"}],"wp:term":[{"taxonomy":"product_brand","embeddable":true,"href":"https:\/\/www.versiegelung24.com\/da\/wp-json\/wp\/v2\/product_brand?post=23238"},{"taxonomy":"product_cat","embeddable":true,"href":"https:\/\/www.versiegelung24.com\/da\/wp-json\/wp\/v2\/product_cat?post=23238"},{"taxonomy":"product_tag","embeddable":true,"href":"https:\/\/www.versiegelung24.com\/da\/wp-json\/wp\/v2\/product_tag?post=23238"}],"curies":[{"name":"wp","href":"https:\/\/api.w.org\/{rel}","templated":true}]}}