{"id":23302,"date":"2020-04-04T18:53:43","date_gmt":"2021-08-02T19:31:03","guid":{"rendered":"https:\/\/www.versiegelung24.com\/produkt\/universel-taetning-695-til-bloede-absorberende-overflader-sten-trae-tekstil"},"modified":"2025-04-12T11:47:47","modified_gmt":"2025-04-12T09:47:47","slug":"universal-taetning-695-til-bloed-absorberende-overflader-sten-trae-tekstil","status":"publish","type":"product","link":"https:\/\/www.versiegelung24.com\/da\/universal-taetning-695-til-blod-absorberende-overflader-sten-trae-tekstil.html","title":{"rendered":"Universel t\u00e6tning 695 til &#8220;bl\u00f8de&#8221; \/ absorberende overflader (sten +++, tr\u00e6 +++, tekstil ++)"},"content":{"rendered":"\n<p><strong>Yderst effektiv professionel universal t\u00e6tning til &#8220;bl\u00f8de&#8221;\/sugende overflader som tekstiler, sten, tr\u00e6 med let at reng\u00f8re effekt<\/strong><\/p>\n\n<p>Ideel til sten og tr\u00e6, ogs\u00e5 anvendelig til tekstiler<\/p>\n\n<p>H\u00f8j kvalitet &#8211; Fremstillet i Tyskland<\/p>\n\n<p><strong>V24 universalforsegling 4007-695<\/strong> er en vandig impr\u00e6gnering til absorberende \/ &#8220;bl\u00f8de&#8221; overflader med meget god hydrofobicitet (vandafvisende) og oleofobicitet (olieafst\u00f8dning) af overfladerne. Produktet danner en n\u00e6sten usynlig, tynd overfladefilm. Den vandafvisende effekt reducerer v\u00e6sentligt fugtindtr\u00e6ngningshastigheden p\u00e5 behandlede overflader og tilsmudsning. Indtr\u00e6ngning af olie og misfarvende stoffer i overfladen reduceres og kan let fjernes \/ reng\u00f8res.<\/p>\n\n<hr \/>\n\n<h4 class=\"wp-block-heading\" id=\"properties\">Produktets egenskaber<\/h4>\n\n<div class=\"wp-block-columns is-layout-flex wp-container-core-columns-is-layout-9d6595d7 wp-block-columns-is-layout-flex\">\n<div class=\"wp-block-column is-layout-flow wp-block-column-is-layout-flow\">\n<p>Bem\u00e6rk: Billige hvide tekstiler kan have et gult sk\u00e6r<\/p>\n\n\n\n<p>Afh\u00e6ngig af sugeevnen p\u00e5 den overflade, der skal forsegles, er 1 liter tilstr\u00e6kkelig til op til 40 m\u00b2.<\/p>\n<\/div>\n\n\n\n<div class=\"wp-block-column is-layout-flow wp-block-column-is-layout-flow\">\n<p><br \/><br \/>L<strong>everingsomfang:<\/strong> 1 x literflaske 1 x pumpespr\u00f8jtehoved<\/p>\n<\/div>\n<\/div>\n\n<hr \/>\n\n<h4 class=\"wp-block-heading\" id=\"h-ratgeber\">R\u00e5dgiver<\/h4>\n\n<p>Vores universalpakninger er s\u00e6rligt velegnede til g\u00f8r-det-selv-sektoren.<\/p>\n\n<p>De kombinerer en professionel virkem\u00e5de p\u00e5 forskellige overflader med nem h\u00e5ndtering under p\u00e5f\u00f8ring. Og alt dette uden at skulle g\u00e5 p\u00e5 kompromis med kvaliteten.<\/p>\n\n<p>P\u00e5 denne m\u00e5de kan der p\u00e5f\u00f8res flere materialer med kun \u00e9n universal fugemasse, og der kan ogs\u00e5 opn\u00e5s en h\u00f8jkvalitets effekt og lang holdbarhed.<\/p>\n\n<p>Men til kommercielle og industrielle applikationer, hvor det h\u00f8jest mulige niveau af ydeevne skal opn\u00e5s p\u00e5 en bestemt overflade, anbefaler vi brugen af vores specielle finish til den overflade.<\/p>\n","protected":false},"excerpt":{"rendered":"<p><strong>Yderst effektiv professionel universalpakning til absorberende \/ &#8220;bl\u00f8de&#8221; overflader:<\/strong><\/p>\n<p>\u2713 Tekstil<\/p>\n<p>\u2713 Sten<\/p>\n<p>\u2713 tr\u00e6<\/p>\n<p>\u2713 Med let at reng\u00f8re effekt<\/p>\n","protected":false},"featured_media":18308,"template":"","meta":{"_acf_changed":false,"neve_meta_sidebar":"","neve_meta_container":"","neve_meta_enable_content_width":"","neve_meta_content_width":0,"neve_meta_title_alignment":"","neve_meta_author_avatar":"","neve_post_elements_order":"","neve_meta_disable_header":"","neve_meta_disable_footer":"","neve_meta_disable_title":"","neve_meta_reading_time":"","_surfaces":[],"_ver_product_tabs":[],"footnotes":""},"product_brand":[],"product_cat":[2487],"product_tag":[],"class_list":{"0":"post-23302","1":"product","2":"type-product","3":"status-publish","4":"has-post-thumbnail","6":"product_cat-universal-taetning","7":"pa_gebinde-1000-ml-flaske","8":"pa_gebinde-20l-dunk","10":"first","11":"instock","12":"taxable","13":"shipping-taxable","14":"purchasable","15":"product-type-variable","16":"has-default-attributes"},"acf":[],"yoast_head":"<!-- This site is optimized with the Yoast SEO Premium plugin v22.8 (Yoast SEO v27.5) - https:\/\/yoast.com\/product\/yoast-seo-premium-wordpress\/ -->\n<title>Universel t\u00e6tning 695 til &quot;bl\u00f8de&quot; \/ absorberende overflader (sten +++, tr\u00e6 +++, tekstil ++) - versiegelung24.com<\/title>\n<meta name=\"robots\" content=\"index, follow, max-snippet:-1, max-image-preview:large, max-video-preview:-1\" \/>\n<link rel=\"canonical\" href=\"https:\/\/www.versiegelung24.com\/da\/universal-taetning-695-til-blod-absorberende-overflader-sten-trae-tekstil.html\" \/>\n<meta property=\"og:locale\" content=\"da_DK\" \/>\n<meta property=\"og:type\" content=\"article\" \/>\n<meta property=\"og:title\" content=\"Universel t\u00e6tning 695 til &quot;bl\u00f8de&quot; \/ absorberende overflader (sten +++, tr\u00e6 +++, tekstil ++)\" \/>\n<meta property=\"og:description\" content=\"Yderst effektiv professionel universalpakning til absorberende \/ &quot;bl\u00f8de&quot; overflader: \u2713 Tekstil \u2713 Sten \u2713 tr\u00e6 \u2713 Med let at reng\u00f8re effekt\" \/>\n<meta property=\"og:url\" content=\"https:\/\/www.versiegelung24.com\/da\/universal-taetning-695-til-blod-absorberende-overflader-sten-trae-tekstil.html\" \/>\n<meta property=\"og:site_name\" content=\"versiegelung24.com\" \/>\n<meta property=\"article:modified_time\" content=\"2025-04-12T09:47:47+00:00\" \/>\n<meta property=\"og:image\" content=\"https:\/\/www.versiegelung24.com\/wp-content\/uploads\/2020\/06\/produkt-4007-695-1000-Universalversiegelung-695-scaled.jpg\" \/>\n\t<meta property=\"og:image:width\" content=\"2560\" \/>\n\t<meta property=\"og:image:height\" content=\"2560\" \/>\n\t<meta property=\"og:image:type\" content=\"image\/jpeg\" \/>\n<meta name=\"twitter:card\" content=\"summary_large_image\" \/>\n<meta name=\"twitter:label1\" content=\"Tilg\u00e6ngelighed\" \/>\n\t<meta name=\"twitter:data1\" content=\"P\u00e5 lager\" \/>\n<script type=\"application\/ld+json\" class=\"yoast-schema-graph\">{\"@context\":\"https:\\\/\\\/schema.org\",\"@graph\":[{\"@type\":\"WebPage\",\"@id\":\"https:\\\/\\\/www.versiegelung24.com\\\/da\\\/universal-taetning-695-til-blod-absorberende-overflader-sten-trae-tekstil.html\",\"url\":\"https:\\\/\\\/www.versiegelung24.com\\\/da\\\/universal-taetning-695-til-blod-absorberende-overflader-sten-trae-tekstil.html\",\"name\":\"Universel t\u00e6tning 695 til \\\"bl\u00f8de\\\" \\\/ absorberende overflader (sten +++, tr\u00e6 +++, tekstil ++) - versiegelung24.com\",\"isPartOf\":{\"@id\":\"https:\\\/\\\/www.versiegelung24.com\\\/da\\\/#website\"},\"primaryImageOfPage\":{\"@id\":\"https:\\\/\\\/www.versiegelung24.com\\\/da\\\/universal-taetning-695-til-blod-absorberende-overflader-sten-trae-tekstil.html#primaryimage\"},\"image\":{\"@id\":\"https:\\\/\\\/www.versiegelung24.com\\\/da\\\/universal-taetning-695-til-blod-absorberende-overflader-sten-trae-tekstil.html#primaryimage\"},\"thumbnailUrl\":\"https:\\\/\\\/www.versiegelung24.com\\\/wp-content\\\/uploads\\\/2020\\\/06\\\/produkt-4007-695-1000-Universalversiegelung-695-scaled.jpg\",\"datePublished\":\"2021-08-02T19:31:03+00:00\",\"dateModified\":\"2025-04-12T09:47:47+00:00\",\"breadcrumb\":{\"@id\":\"https:\\\/\\\/www.versiegelung24.com\\\/da\\\/universal-taetning-695-til-blod-absorberende-overflader-sten-trae-tekstil.html#breadcrumb\"},\"inLanguage\":\"da-DK\",\"potentialAction\":[{\"@type\":\"ReadAction\",\"target\":[\"https:\\\/\\\/www.versiegelung24.com\\\/da\\\/universal-taetning-695-til-blod-absorberende-overflader-sten-trae-tekstil.html\"]}]},{\"@type\":\"ImageObject\",\"inLanguage\":\"da-DK\",\"@id\":\"https:\\\/\\\/www.versiegelung24.com\\\/da\\\/universal-taetning-695-til-blod-absorberende-overflader-sten-trae-tekstil.html#primaryimage\",\"url\":\"https:\\\/\\\/www.versiegelung24.com\\\/wp-content\\\/uploads\\\/2020\\\/06\\\/produkt-4007-695-1000-Universalversiegelung-695-scaled.jpg\",\"contentUrl\":\"https:\\\/\\\/www.versiegelung24.com\\\/wp-content\\\/uploads\\\/2020\\\/06\\\/produkt-4007-695-1000-Universalversiegelung-695-scaled.jpg\",\"width\":2560,\"height\":2560},{\"@type\":\"BreadcrumbList\",\"@id\":\"https:\\\/\\\/www.versiegelung24.com\\\/da\\\/universal-taetning-695-til-blod-absorberende-overflader-sten-trae-tekstil.html#breadcrumb\",\"itemListElement\":[{\"@type\":\"ListItem\",\"position\":1,\"name\":\"Hjemmeside\",\"item\":\"https:\\\/\\\/www.versiegelung24.com\\\/da\\\/foran\\\/\"},{\"@type\":\"ListItem\",\"position\":2,\"name\":\"Butik\",\"item\":\"https:\\\/\\\/www.versiegelung24.com\\\/da\\\/butik\\\/\"},{\"@type\":\"ListItem\",\"position\":3,\"name\":\"Universel t\u00e6tning 695 til &#8220;bl\u00f8de&#8221; \\\/ absorberende overflader (sten +++, tr\u00e6 +++, tekstil ++)\"}]},{\"@type\":\"WebSite\",\"@id\":\"https:\\\/\\\/www.versiegelung24.com\\\/da\\\/#website\",\"url\":\"https:\\\/\\\/www.versiegelung24.com\\\/da\\\/\",\"name\":\"versiegelung24.com\",\"description\":\"Fl\u00fcssigglas-Versiegelung - Made in Germany\",\"publisher\":{\"@id\":\"https:\\\/\\\/www.versiegelung24.com\\\/da\\\/#organization\"},\"potentialAction\":[{\"@type\":\"SearchAction\",\"target\":{\"@type\":\"EntryPoint\",\"urlTemplate\":\"https:\\\/\\\/www.versiegelung24.com\\\/da\\\/?s={search_term_string}\"},\"query-input\":{\"@type\":\"PropertyValueSpecification\",\"valueRequired\":true,\"valueName\":\"search_term_string\"}}],\"inLanguage\":\"da-DK\"},{\"@type\":\"Organization\",\"@id\":\"https:\\\/\\\/www.versiegelung24.com\\\/da\\\/#organization\",\"name\":\"versiegelung24\",\"url\":\"https:\\\/\\\/www.versiegelung24.com\\\/da\\\/\",\"logo\":{\"@type\":\"ImageObject\",\"inLanguage\":\"da-DK\",\"@id\":\"https:\\\/\\\/www.versiegelung24.com\\\/da\\\/#\\\/schema\\\/logo\\\/image\\\/\",\"url\":\"https:\\\/\\\/www.versiegelung24.com\\\/wp-content\\\/uploads\\\/2020\\\/04\\\/versiegelung24.png\",\"contentUrl\":\"https:\\\/\\\/www.versiegelung24.com\\\/wp-content\\\/uploads\\\/2020\\\/04\\\/versiegelung24.png\",\"width\":470,\"height\":102,\"caption\":\"versiegelung24\"},\"image\":{\"@id\":\"https:\\\/\\\/www.versiegelung24.com\\\/da\\\/#\\\/schema\\\/logo\\\/image\\\/\"}}]}<\/script>\n<meta property=\"og:availability\" content=\"instock\" \/>\n<meta property=\"product:availability\" content=\"instock\" \/>\n<meta property=\"product:retailer_item_id\" content=\"4007-695\" \/>\n<meta property=\"product:condition\" content=\"new\" \/>\n<!-- \/ Yoast SEO Premium plugin. -->","yoast_head_json":{"title":"Universel t\u00e6tning 695 til \"bl\u00f8de\" \/ absorberende overflader (sten +++, tr\u00e6 +++, tekstil ++) - versiegelung24.com","robots":{"index":"index","follow":"follow","max-snippet":"max-snippet:-1","max-image-preview":"max-image-preview:large","max-video-preview":"max-video-preview:-1"},"canonical":"https:\/\/www.versiegelung24.com\/da\/universal-taetning-695-til-blod-absorberende-overflader-sten-trae-tekstil.html","og_locale":"da_DK","og_type":"article","og_title":"Universel t\u00e6tning 695 til \"bl\u00f8de\" \/ absorberende overflader (sten +++, tr\u00e6 +++, tekstil ++)","og_description":"Yderst effektiv professionel universalpakning til absorberende \/ \"bl\u00f8de\" overflader: \u2713 Tekstil \u2713 Sten \u2713 tr\u00e6 \u2713 Med let at reng\u00f8re effekt","og_url":"https:\/\/www.versiegelung24.com\/da\/universal-taetning-695-til-blod-absorberende-overflader-sten-trae-tekstil.html","og_site_name":"versiegelung24.com","article_modified_time":"2025-04-12T09:47:47+00:00","og_image":[{"width":2560,"height":2560,"url":"https:\/\/www.versiegelung24.com\/wp-content\/uploads\/2020\/06\/produkt-4007-695-1000-Universalversiegelung-695-scaled.jpg","type":"image\/jpeg"}],"twitter_card":"summary_large_image","twitter_misc":{"Tilg\u00e6ngelighed":"P\u00e5 lager"},"schema":{"@context":"https:\/\/schema.org","@graph":[{"@type":"WebPage","@id":"https:\/\/www.versiegelung24.com\/da\/universal-taetning-695-til-blod-absorberende-overflader-sten-trae-tekstil.html","url":"https:\/\/www.versiegelung24.com\/da\/universal-taetning-695-til-blod-absorberende-overflader-sten-trae-tekstil.html","name":"Universel t\u00e6tning 695 til \"bl\u00f8de\" \/ absorberende overflader (sten +++, tr\u00e6 +++, tekstil ++) - versiegelung24.com","isPartOf":{"@id":"https:\/\/www.versiegelung24.com\/da\/#website"},"primaryImageOfPage":{"@id":"https:\/\/www.versiegelung24.com\/da\/universal-taetning-695-til-blod-absorberende-overflader-sten-trae-tekstil.html#primaryimage"},"image":{"@id":"https:\/\/www.versiegelung24.com\/da\/universal-taetning-695-til-blod-absorberende-overflader-sten-trae-tekstil.html#primaryimage"},"thumbnailUrl":"https:\/\/www.versiegelung24.com\/wp-content\/uploads\/2020\/06\/produkt-4007-695-1000-Universalversiegelung-695-scaled.jpg","datePublished":"2021-08-02T19:31:03+00:00","dateModified":"2025-04-12T09:47:47+00:00","breadcrumb":{"@id":"https:\/\/www.versiegelung24.com\/da\/universal-taetning-695-til-blod-absorberende-overflader-sten-trae-tekstil.html#breadcrumb"},"inLanguage":"da-DK","potentialAction":[{"@type":"ReadAction","target":["https:\/\/www.versiegelung24.com\/da\/universal-taetning-695-til-blod-absorberende-overflader-sten-trae-tekstil.html"]}]},{"@type":"ImageObject","inLanguage":"da-DK","@id":"https:\/\/www.versiegelung24.com\/da\/universal-taetning-695-til-blod-absorberende-overflader-sten-trae-tekstil.html#primaryimage","url":"https:\/\/www.versiegelung24.com\/wp-content\/uploads\/2020\/06\/produkt-4007-695-1000-Universalversiegelung-695-scaled.jpg","contentUrl":"https:\/\/www.versiegelung24.com\/wp-content\/uploads\/2020\/06\/produkt-4007-695-1000-Universalversiegelung-695-scaled.jpg","width":2560,"height":2560},{"@type":"BreadcrumbList","@id":"https:\/\/www.versiegelung24.com\/da\/universal-taetning-695-til-blod-absorberende-overflader-sten-trae-tekstil.html#breadcrumb","itemListElement":[{"@type":"ListItem","position":1,"name":"Hjemmeside","item":"https:\/\/www.versiegelung24.com\/da\/foran\/"},{"@type":"ListItem","position":2,"name":"Butik","item":"https:\/\/www.versiegelung24.com\/da\/butik\/"},{"@type":"ListItem","position":3,"name":"Universel t\u00e6tning 695 til &#8220;bl\u00f8de&#8221; \/ absorberende overflader (sten +++, tr\u00e6 +++, tekstil ++)"}]},{"@type":"WebSite","@id":"https:\/\/www.versiegelung24.com\/da\/#website","url":"https:\/\/www.versiegelung24.com\/da\/","name":"versiegelung24.com","description":"Fl\u00fcssigglas-Versiegelung - Made in Germany","publisher":{"@id":"https:\/\/www.versiegelung24.com\/da\/#organization"},"potentialAction":[{"@type":"SearchAction","target":{"@type":"EntryPoint","urlTemplate":"https:\/\/www.versiegelung24.com\/da\/?s={search_term_string}"},"query-input":{"@type":"PropertyValueSpecification","valueRequired":true,"valueName":"search_term_string"}}],"inLanguage":"da-DK"},{"@type":"Organization","@id":"https:\/\/www.versiegelung24.com\/da\/#organization","name":"versiegelung24","url":"https:\/\/www.versiegelung24.com\/da\/","logo":{"@type":"ImageObject","inLanguage":"da-DK","@id":"https:\/\/www.versiegelung24.com\/da\/#\/schema\/logo\/image\/","url":"https:\/\/www.versiegelung24.com\/wp-content\/uploads\/2020\/04\/versiegelung24.png","contentUrl":"https:\/\/www.versiegelung24.com\/wp-content\/uploads\/2020\/04\/versiegelung24.png","width":470,"height":102,"caption":"versiegelung24"},"image":{"@id":"https:\/\/www.versiegelung24.com\/da\/#\/schema\/logo\/image\/"}}]},"og_availability":"instock","product_availability":"instock","product_retailer_item_id":"4007-695","product_condition":"new"},"_links":{"self":[{"href":"https:\/\/www.versiegelung24.com\/da\/wp-json\/wp\/v2\/product\/23302","targetHints":{"allow":["GET"]}}],"collection":[{"href":"https:\/\/www.versiegelung24.com\/da\/wp-json\/wp\/v2\/product"}],"about":[{"href":"https:\/\/www.versiegelung24.com\/da\/wp-json\/wp\/v2\/types\/product"}],"version-history":[{"count":25,"href":"https:\/\/www.versiegelung24.com\/da\/wp-json\/wp\/v2\/product\/23302\/revisions"}],"predecessor-version":[{"id":181426,"href":"https:\/\/www.versiegelung24.com\/da\/wp-json\/wp\/v2\/product\/23302\/revisions\/181426"}],"wp:featuredmedia":[{"embeddable":true,"href":"https:\/\/www.versiegelung24.com\/da\/wp-json\/wp\/v2\/media\/18308"}],"wp:attachment":[{"href":"https:\/\/www.versiegelung24.com\/da\/wp-json\/wp\/v2\/media?parent=23302"}],"wp:term":[{"taxonomy":"product_brand","embeddable":true,"href":"https:\/\/www.versiegelung24.com\/da\/wp-json\/wp\/v2\/product_brand?post=23302"},{"taxonomy":"product_cat","embeddable":true,"href":"https:\/\/www.versiegelung24.com\/da\/wp-json\/wp\/v2\/product_cat?post=23302"},{"taxonomy":"product_tag","embeddable":true,"href":"https:\/\/www.versiegelung24.com\/da\/wp-json\/wp\/v2\/product_tag?post=23302"}],"curies":[{"name":"wp","href":"https:\/\/api.w.org\/{rel}","templated":true}]}}