{"id":23348,"date":"2020-04-04T18:53:12","date_gmt":"2021-08-02T19:32:43","guid":{"rendered":"https:\/\/www.versiegelung24.com\/produkt\/plast-metalforsegling-i-professionel-kvalitet"},"modified":"2025-01-03T23:24:41","modified_gmt":"2025-01-03T22:24:41","slug":"plast-metal-forsegling-i-professionel-kvalitet","status":"publish","type":"product","link":"https:\/\/www.versiegelung24.com\/da\/plast-metal-forsegling-i-professionel-kvalitet.html","title":{"rendered":"Plast + metal t\u00e6tning i professionel kvalitet"},"content":{"rendered":"\n<p><strong>*** Ny produktversion med forbedret effekt *** <\/strong><\/p>\n\n<p><strong>Yderst effektiv professionel beskyttelsesforsegling til plast og metal (f.eks. rustfrit st\u00e5l), med lotuseffekt (vandafvisende), til indvendig og udvendig. NY<\/strong><\/p>\n\n<p>H\u00f8j kvalitet lavet i Tyskland.<\/p>\n\n<hr\/>\n\n<h4 class=\"wp-block-heading\" id=\"properties\">Produktets egenskaber<\/h4>\n\n<div class=\"wp-block-columns is-layout-flex wp-container-core-columns-is-layout-9d6595d7 wp-block-columns-is-layout-flex\">\n<div class=\"wp-block-column is-layout-flow wp-block-column-is-layout-flow\">\n<ul class=\"wp-block-list\">\n<li>Enest\u00e5ende reng\u00f8ringsvenlig effekt for snavsvedh\u00e6ftning<\/li>\n\n\n\n<li>Hydrofob og oleofob effekt (vand- og olieafvisning)<\/li>\n\n\n\n<li>Meget h\u00f8j slidstyrke takket v\u00e6re SiO\u00b2-nanoteknologi<\/li>\n\n\n\n<li>Kemikalieresistent over for reng\u00f8ringsmidler (op til pH-v\u00e6rdi 12)<\/li>\n\n\n\n<li>UV-stabil \/ frostbestandig \/ saltvandsbestandig \/ usynlig (lagtykkelse: 100-150nm)<\/li>\n<\/ul>\n<\/div>\n\n\n\n<div class=\"wp-block-column is-layout-flow wp-block-column-is-layout-flow\">\n<ul class=\"wp-block-list\">\n<li>Omkostnings-, tids- og energibesparelser gennem forl\u00e6ngede reng\u00f8ringscyklusser<\/li>\n\n\n\n<li>Enkel applikation<\/li>\n\n\n\n<li>\u00c5ndbar<\/li>\n\n\n\n<li>St\u00e6rke non-stick egenskaber<\/li>\n\n\n\n<li>Holdbarhed: op til 1 \u00e5r (afh\u00e6ngig af brug)<\/li>\n<\/ul>\n\n\n\n<p><br\/><br\/>Leveringsomfang: 1 x literflaske 1 x produktbeskrivelse<\/p>\n<\/div>\n<\/div>\n\n<hr\/>\n\n<h4 class=\"wp-block-heading\" id=\"application\">Anvendelse<\/h4>\n\n<div class=\"wp-block-columns is-layout-flex wp-container-core-columns-is-layout-9d6595d7 wp-block-columns-is-layout-flex\">\n<div class=\"wp-block-column is-layout-flow wp-block-column-is-layout-flow\">\n<ul class=\"wp-block-list\">\n<li>rustfri st\u00e5l overflader<\/li>\n\n\n\n<li>billak<\/li>\n\n\n\n<li>alu f\u00e6lge<\/li>\n\n\n\n<li>Malede overflader<\/li>\n\n\n\n<li>Glatte plastoverflader<\/li>\n\n\n\n<li>plexiglas<\/li>\n\n\n\n<li>metalliske overflader<\/li>\n<\/ul>\n\n\n\n<p>Forbruget afh\u00e6nger af overfladens struktur, ca 100-200m\u00b2\/liter.<\/p>\n<\/div>\n\n\n\n<div class=\"wp-block-column is-layout-flow wp-block-column-is-layout-flow\">\n<p>Let at p\u00e5f\u00f8re: <\/p>\n\n\n\n<p><br\/>1.manuel: P\u00e5f\u00f8res med cirkul\u00e6re bev\u00e6gelser med en ren papir-, h\u00f8r- eller mikrofiberklud. 2.industriel: Kan bruges i b\u00e5de polerings- og spr\u00f8jtelakeringssystemer.<\/p>\n\n\n\n<p>Denne SiO2-bel\u00e6gning er fuldt tv\u00e6rbundet og h\u00e6rdet efter 24 timer. Den reng\u00f8ringsvenlige effekt kan testes for f\u00f8rste gang efter denne h\u00e6rdningsfase.<\/p>\n\n\n\n<p><br\/><br\/><br\/><br\/>Forbrug: Op til 200 m\u00b2 kan forsegles med 1 liter Manuel: 5-10 ml\/m\u00b2 Industriel: 10-15 ml\/m\u00b2<\/p>\n<\/div>\n<\/div>\n","protected":false},"excerpt":{"rendered":"<p><strong>Meget effektiv professionel beskyttelsesforsegling til plast og metal (f.eks. rustfrit st\u00e5l):<\/strong><\/p>\n<p>\u2713 Med lotuseffekt (vandafvisende)<\/p>\n<p>\u2713 Til inde og ude. NY<\/p>\n","protected":false},"featured_media":18352,"template":"","meta":{"_acf_changed":false,"neve_meta_sidebar":"","neve_meta_container":"","neve_meta_enable_content_width":"","neve_meta_content_width":0,"neve_meta_title_alignment":"","neve_meta_author_avatar":"","neve_post_elements_order":"","neve_meta_disable_header":"","neve_meta_disable_footer":"","neve_meta_disable_title":"","neve_meta_reading_time":"","_surfaces":[],"_ver_product_tabs":[],"footnotes":""},"product_brand":[],"product_cat":[2449],"product_tag":[],"class_list":{"0":"post-23348","1":"product","2":"type-product","3":"status-publish","4":"has-post-thumbnail","6":"product_cat-metal-plast-forsegling","8":"first","9":"instock","10":"taxable","11":"shipping-taxable","12":"purchasable","13":"product-type-simple"},"acf":[],"yoast_head":"<!-- This site is optimized with the Yoast SEO Premium plugin v22.8 (Yoast SEO v27.4) - https:\/\/yoast.com\/product\/yoast-seo-premium-wordpress\/ -->\n<title>Plast + metal t\u00e6tning i professionel kvalitet - versiegelung24.com<\/title>\n<meta name=\"robots\" content=\"index, follow, max-snippet:-1, max-image-preview:large, max-video-preview:-1\" \/>\n<link rel=\"canonical\" href=\"https:\/\/www.versiegelung24.com\/da\/plast-metal-forsegling-i-professionel-kvalitet.html\" \/>\n<meta property=\"og:locale\" content=\"da_DK\" \/>\n<meta property=\"og:type\" content=\"article\" \/>\n<meta property=\"og:title\" content=\"Plast + metal t\u00e6tning i professionel kvalitet\" \/>\n<meta property=\"og:description\" content=\"Meget effektiv professionel beskyttelsesforsegling til plast og metal (f.eks. rustfrit st\u00e5l): \u2713 Med lotuseffekt (vandafvisende) \u2713 Til inde og ude. NY\" \/>\n<meta property=\"og:url\" content=\"https:\/\/www.versiegelung24.com\/da\/plast-metal-forsegling-i-professionel-kvalitet.html\" \/>\n<meta property=\"og:site_name\" content=\"versiegelung24.com\" \/>\n<meta property=\"article:modified_time\" content=\"2025-01-03T22:24:41+00:00\" \/>\n<meta property=\"og:image\" content=\"https:\/\/www.versiegelung24.com\/wp-content\/uploads\/2020\/06\/produkt-5000-7656-1000-Kunststoff-Metallversiegelung-scaled.jpg\" \/>\n\t<meta property=\"og:image:width\" content=\"2560\" \/>\n\t<meta property=\"og:image:height\" content=\"2560\" \/>\n\t<meta property=\"og:image:type\" content=\"image\/jpeg\" \/>\n<meta name=\"twitter:card\" content=\"summary_large_image\" \/>\n<meta name=\"twitter:label1\" content=\"Pris\" \/>\n\t<meta name=\"twitter:data1\" content=\"149,00&euro;\" \/>\n\t<meta name=\"twitter:label2\" content=\"Tilg\u00e6ngelighed\" \/>\n\t<meta name=\"twitter:data2\" content=\"P\u00e5 lager\" \/>\n<script type=\"application\/ld+json\" class=\"yoast-schema-graph\">{\"@context\":\"https:\\\/\\\/schema.org\",\"@graph\":[{\"@type\":\"WebPage\",\"@id\":\"https:\\\/\\\/www.versiegelung24.com\\\/da\\\/plast-metal-forsegling-i-professionel-kvalitet.html\",\"url\":\"https:\\\/\\\/www.versiegelung24.com\\\/da\\\/plast-metal-forsegling-i-professionel-kvalitet.html\",\"name\":\"Plast + metal t\u00e6tning i professionel kvalitet - versiegelung24.com\",\"isPartOf\":{\"@id\":\"https:\\\/\\\/www.versiegelung24.com\\\/da\\\/#website\"},\"primaryImageOfPage\":{\"@id\":\"https:\\\/\\\/www.versiegelung24.com\\\/da\\\/plast-metal-forsegling-i-professionel-kvalitet.html#primaryimage\"},\"image\":{\"@id\":\"https:\\\/\\\/www.versiegelung24.com\\\/da\\\/plast-metal-forsegling-i-professionel-kvalitet.html#primaryimage\"},\"thumbnailUrl\":\"https:\\\/\\\/www.versiegelung24.com\\\/wp-content\\\/uploads\\\/2020\\\/06\\\/produkt-5000-7656-1000-Kunststoff-Metallversiegelung-scaled.jpg\",\"datePublished\":\"2021-08-02T19:32:43+00:00\",\"dateModified\":\"2025-01-03T22:24:41+00:00\",\"breadcrumb\":{\"@id\":\"https:\\\/\\\/www.versiegelung24.com\\\/da\\\/plast-metal-forsegling-i-professionel-kvalitet.html#breadcrumb\"},\"inLanguage\":\"da-DK\",\"potentialAction\":[{\"@type\":\"ReadAction\",\"target\":[\"https:\\\/\\\/www.versiegelung24.com\\\/da\\\/plast-metal-forsegling-i-professionel-kvalitet.html\"]}]},{\"@type\":\"ImageObject\",\"inLanguage\":\"da-DK\",\"@id\":\"https:\\\/\\\/www.versiegelung24.com\\\/da\\\/plast-metal-forsegling-i-professionel-kvalitet.html#primaryimage\",\"url\":\"https:\\\/\\\/www.versiegelung24.com\\\/wp-content\\\/uploads\\\/2020\\\/06\\\/produkt-5000-7656-1000-Kunststoff-Metallversiegelung-scaled.jpg\",\"contentUrl\":\"https:\\\/\\\/www.versiegelung24.com\\\/wp-content\\\/uploads\\\/2020\\\/06\\\/produkt-5000-7656-1000-Kunststoff-Metallversiegelung-scaled.jpg\",\"width\":2560,\"height\":2560},{\"@type\":\"BreadcrumbList\",\"@id\":\"https:\\\/\\\/www.versiegelung24.com\\\/da\\\/plast-metal-forsegling-i-professionel-kvalitet.html#breadcrumb\",\"itemListElement\":[{\"@type\":\"ListItem\",\"position\":1,\"name\":\"Hjemmeside\",\"item\":\"https:\\\/\\\/www.versiegelung24.com\\\/da\\\/foran\\\/\"},{\"@type\":\"ListItem\",\"position\":2,\"name\":\"Butik\",\"item\":\"https:\\\/\\\/www.versiegelung24.com\\\/da\\\/butik\\\/\"},{\"@type\":\"ListItem\",\"position\":3,\"name\":\"Plast + metal t\u00e6tning i professionel kvalitet\"}]},{\"@type\":\"WebSite\",\"@id\":\"https:\\\/\\\/www.versiegelung24.com\\\/da\\\/#website\",\"url\":\"https:\\\/\\\/www.versiegelung24.com\\\/da\\\/\",\"name\":\"versiegelung24.com\",\"description\":\"Fl\u00fcssigglas-Versiegelung - Made in Germany\",\"publisher\":{\"@id\":\"https:\\\/\\\/www.versiegelung24.com\\\/da\\\/#organization\"},\"potentialAction\":[{\"@type\":\"SearchAction\",\"target\":{\"@type\":\"EntryPoint\",\"urlTemplate\":\"https:\\\/\\\/www.versiegelung24.com\\\/da\\\/?s={search_term_string}\"},\"query-input\":{\"@type\":\"PropertyValueSpecification\",\"valueRequired\":true,\"valueName\":\"search_term_string\"}}],\"inLanguage\":\"da-DK\"},{\"@type\":\"Organization\",\"@id\":\"https:\\\/\\\/www.versiegelung24.com\\\/da\\\/#organization\",\"name\":\"versiegelung24\",\"url\":\"https:\\\/\\\/www.versiegelung24.com\\\/da\\\/\",\"logo\":{\"@type\":\"ImageObject\",\"inLanguage\":\"da-DK\",\"@id\":\"https:\\\/\\\/www.versiegelung24.com\\\/da\\\/#\\\/schema\\\/logo\\\/image\\\/\",\"url\":\"https:\\\/\\\/www.versiegelung24.com\\\/wp-content\\\/uploads\\\/2020\\\/04\\\/versiegelung24.png\",\"contentUrl\":\"https:\\\/\\\/www.versiegelung24.com\\\/wp-content\\\/uploads\\\/2020\\\/04\\\/versiegelung24.png\",\"width\":470,\"height\":102,\"caption\":\"versiegelung24\"},\"image\":{\"@id\":\"https:\\\/\\\/www.versiegelung24.com\\\/da\\\/#\\\/schema\\\/logo\\\/image\\\/\"}}]}<\/script>\n<meta property=\"product:price:amount\" content=\"149.00\" \/>\n<meta property=\"product:price:currency\" content=\"EUR\" \/>\n<meta property=\"og:availability\" content=\"instock\" \/>\n<meta property=\"product:availability\" content=\"instock\" \/>\n<meta property=\"product:retailer_item_id\" content=\"5000-7656-1000\" \/>\n<meta property=\"product:condition\" content=\"new\" \/>\n<!-- \/ Yoast SEO Premium plugin. -->","yoast_head_json":{"title":"Plast + metal t\u00e6tning i professionel kvalitet - versiegelung24.com","robots":{"index":"index","follow":"follow","max-snippet":"max-snippet:-1","max-image-preview":"max-image-preview:large","max-video-preview":"max-video-preview:-1"},"canonical":"https:\/\/www.versiegelung24.com\/da\/plast-metal-forsegling-i-professionel-kvalitet.html","og_locale":"da_DK","og_type":"article","og_title":"Plast + metal t\u00e6tning i professionel kvalitet","og_description":"Meget effektiv professionel beskyttelsesforsegling til plast og metal (f.eks. rustfrit st\u00e5l): \u2713 Med lotuseffekt (vandafvisende) \u2713 Til inde og ude. NY","og_url":"https:\/\/www.versiegelung24.com\/da\/plast-metal-forsegling-i-professionel-kvalitet.html","og_site_name":"versiegelung24.com","article_modified_time":"2025-01-03T22:24:41+00:00","og_image":[{"width":2560,"height":2560,"url":"https:\/\/www.versiegelung24.com\/wp-content\/uploads\/2020\/06\/produkt-5000-7656-1000-Kunststoff-Metallversiegelung-scaled.jpg","type":"image\/jpeg"}],"twitter_card":"summary_large_image","twitter_misc":{"Pris":"149,00&euro;","Tilg\u00e6ngelighed":"P\u00e5 lager"},"schema":{"@context":"https:\/\/schema.org","@graph":[{"@type":"WebPage","@id":"https:\/\/www.versiegelung24.com\/da\/plast-metal-forsegling-i-professionel-kvalitet.html","url":"https:\/\/www.versiegelung24.com\/da\/plast-metal-forsegling-i-professionel-kvalitet.html","name":"Plast + metal t\u00e6tning i professionel kvalitet - versiegelung24.com","isPartOf":{"@id":"https:\/\/www.versiegelung24.com\/da\/#website"},"primaryImageOfPage":{"@id":"https:\/\/www.versiegelung24.com\/da\/plast-metal-forsegling-i-professionel-kvalitet.html#primaryimage"},"image":{"@id":"https:\/\/www.versiegelung24.com\/da\/plast-metal-forsegling-i-professionel-kvalitet.html#primaryimage"},"thumbnailUrl":"https:\/\/www.versiegelung24.com\/wp-content\/uploads\/2020\/06\/produkt-5000-7656-1000-Kunststoff-Metallversiegelung-scaled.jpg","datePublished":"2021-08-02T19:32:43+00:00","dateModified":"2025-01-03T22:24:41+00:00","breadcrumb":{"@id":"https:\/\/www.versiegelung24.com\/da\/plast-metal-forsegling-i-professionel-kvalitet.html#breadcrumb"},"inLanguage":"da-DK","potentialAction":[{"@type":"ReadAction","target":["https:\/\/www.versiegelung24.com\/da\/plast-metal-forsegling-i-professionel-kvalitet.html"]}]},{"@type":"ImageObject","inLanguage":"da-DK","@id":"https:\/\/www.versiegelung24.com\/da\/plast-metal-forsegling-i-professionel-kvalitet.html#primaryimage","url":"https:\/\/www.versiegelung24.com\/wp-content\/uploads\/2020\/06\/produkt-5000-7656-1000-Kunststoff-Metallversiegelung-scaled.jpg","contentUrl":"https:\/\/www.versiegelung24.com\/wp-content\/uploads\/2020\/06\/produkt-5000-7656-1000-Kunststoff-Metallversiegelung-scaled.jpg","width":2560,"height":2560},{"@type":"BreadcrumbList","@id":"https:\/\/www.versiegelung24.com\/da\/plast-metal-forsegling-i-professionel-kvalitet.html#breadcrumb","itemListElement":[{"@type":"ListItem","position":1,"name":"Hjemmeside","item":"https:\/\/www.versiegelung24.com\/da\/foran\/"},{"@type":"ListItem","position":2,"name":"Butik","item":"https:\/\/www.versiegelung24.com\/da\/butik\/"},{"@type":"ListItem","position":3,"name":"Plast + metal t\u00e6tning i professionel kvalitet"}]},{"@type":"WebSite","@id":"https:\/\/www.versiegelung24.com\/da\/#website","url":"https:\/\/www.versiegelung24.com\/da\/","name":"versiegelung24.com","description":"Fl\u00fcssigglas-Versiegelung - Made in Germany","publisher":{"@id":"https:\/\/www.versiegelung24.com\/da\/#organization"},"potentialAction":[{"@type":"SearchAction","target":{"@type":"EntryPoint","urlTemplate":"https:\/\/www.versiegelung24.com\/da\/?s={search_term_string}"},"query-input":{"@type":"PropertyValueSpecification","valueRequired":true,"valueName":"search_term_string"}}],"inLanguage":"da-DK"},{"@type":"Organization","@id":"https:\/\/www.versiegelung24.com\/da\/#organization","name":"versiegelung24","url":"https:\/\/www.versiegelung24.com\/da\/","logo":{"@type":"ImageObject","inLanguage":"da-DK","@id":"https:\/\/www.versiegelung24.com\/da\/#\/schema\/logo\/image\/","url":"https:\/\/www.versiegelung24.com\/wp-content\/uploads\/2020\/04\/versiegelung24.png","contentUrl":"https:\/\/www.versiegelung24.com\/wp-content\/uploads\/2020\/04\/versiegelung24.png","width":470,"height":102,"caption":"versiegelung24"},"image":{"@id":"https:\/\/www.versiegelung24.com\/da\/#\/schema\/logo\/image\/"}}]},"product_price_amount":"149.00","product_price_currency":"EUR","og_availability":"instock","product_availability":"instock","product_retailer_item_id":"5000-7656-1000","product_condition":"new"},"_links":{"self":[{"href":"https:\/\/www.versiegelung24.com\/da\/wp-json\/wp\/v2\/product\/23348","targetHints":{"allow":["GET"]}}],"collection":[{"href":"https:\/\/www.versiegelung24.com\/da\/wp-json\/wp\/v2\/product"}],"about":[{"href":"https:\/\/www.versiegelung24.com\/da\/wp-json\/wp\/v2\/types\/product"}],"version-history":[{"count":17,"href":"https:\/\/www.versiegelung24.com\/da\/wp-json\/wp\/v2\/product\/23348\/revisions"}],"predecessor-version":[{"id":177336,"href":"https:\/\/www.versiegelung24.com\/da\/wp-json\/wp\/v2\/product\/23348\/revisions\/177336"}],"wp:featuredmedia":[{"embeddable":true,"href":"https:\/\/www.versiegelung24.com\/da\/wp-json\/wp\/v2\/media\/18352"}],"wp:attachment":[{"href":"https:\/\/www.versiegelung24.com\/da\/wp-json\/wp\/v2\/media?parent=23348"}],"wp:term":[{"taxonomy":"product_brand","embeddable":true,"href":"https:\/\/www.versiegelung24.com\/da\/wp-json\/wp\/v2\/product_brand?post=23348"},{"taxonomy":"product_cat","embeddable":true,"href":"https:\/\/www.versiegelung24.com\/da\/wp-json\/wp\/v2\/product_cat?post=23348"},{"taxonomy":"product_tag","embeddable":true,"href":"https:\/\/www.versiegelung24.com\/da\/wp-json\/wp\/v2\/product_tag?post=23348"}],"curies":[{"name":"wp","href":"https:\/\/api.w.org\/{rel}","templated":true}]}}