{"id":23455,"date":"2020-04-04T18:53:44","date_gmt":"2021-08-02T19:37:49","guid":{"rendered":"https:\/\/www.versiegelung24.com\/produkt\/bilmaling-og-faelgforsegling"},"modified":"2025-01-03T23:48:04","modified_gmt":"2025-01-03T22:48:04","slug":"billak-og-faelge-taetning","status":"publish","type":"product","link":"https:\/\/www.versiegelung24.com\/da\/bil-maling-og-faelg-taetning.html","title":{"rendered":"Billak og f\u00e6lgt\u00e6tning"},"content":{"rendered":"\n<p><strong>*** Ny produktversion med forbedret effekt *** <\/strong><\/p>\n\n<p><strong>Meget effektiv professionel beskyttelsesforsegling til billak og aluminiumsf\u00e6lge med lotuseffekt (vandafvisende)<\/strong><\/p>\n\n<p>Artikelnummer: 2003-7656<\/p>\n\n<p>H\u00f8j kvalitet lavet i Tyskland.<\/p>\n\n<p>Glatte overflader af plast, malede overflader, rustfrit st\u00e5l og metal har en hydrofob og oleofob effekt og smudspartikler som fedt, olieagtige stoffer, kalk og stoffer fra milj\u00f8forurening f\u00e5r mindre vedh\u00e6ftning eller kan nemt fjernes fra bel\u00e6gningen, dvs. slibemidler (&#8220;Let at reng\u00f8re&#8221;)<\/p>\n\n<hr\/>\n\n<h4 class=\"wp-block-heading\" id=\"properties\">Produktets egenskaber<\/h4>\n\n<div class=\"wp-block-columns is-layout-flex wp-container-core-columns-is-layout-9d6595d7 wp-block-columns-is-layout-flex\">\n<div class=\"wp-block-column is-layout-flow wp-block-column-is-layout-flow\">\n<ul class=\"wp-block-list\">\n<li>Enest\u00e5ende reng\u00f8ringsvenlig effekt for snavsvedh\u00e6ftning<\/li>\n\n\n\n<li>Kemikaliebestandig over for bilrens (op til pH 12)<\/li>\n\n\n\n<li>Hydrofob og oleofob effekt (vand- og olieafvisning)<\/li>\n\n\n\n<li>Meget h\u00f8j slidstyrke takket v\u00e6re SiO\u00b2-nanoteknologi<\/li>\n\n\n\n<li>Fugleklatter, insekter og andet snavs er nemmere at fjerne<\/li>\n\n\n\n<li>UV-stabil \/ frostbestandig \/ saltvandsbestandig \/ usynlig (lagtykkelse: 100-150nm)<\/li>\n\n\n\n<li>Omkostnings-, tids- og energibesparelser gennem forl\u00e6ngede reng\u00f8ringscyklusser<\/li>\n<\/ul>\n<\/div>\n\n\n\n<div class=\"wp-block-column is-layout-flow wp-block-column-is-layout-flow\">\n<ul class=\"wp-block-list\">\n<li>Enkel applikation<\/li>\n\n\n\n<li>\u00c5ndbar<\/li>\n\n\n\n<li>St\u00e6rke non-stick egenskaber<\/li>\n\n\n\n<li>Holdbarhed: op til 1 \u00e5r (afh\u00e6ngig af brug)<\/li>\n<\/ul>\n\n\n\n<p><br\/><br\/><br\/>Forbrug: Op til 200 m\u00b2 kan forsegles med 1 liter Manuel: 5-10 ml\/m\u00b2 Industriel: 10-15 ml\/m\u00b2<\/p>\n\n\n\n<p><br\/><br\/>Leveringsomfang: 1 x literflaske 1 x produktbeskrivelse<\/p>\n<\/div>\n<\/div>\n\n<hr\/>\n\n<h4 class=\"wp-block-heading\" id=\"application\">Anvendelse<\/h4>\n\n<div class=\"wp-block-columns is-layout-flex wp-container-core-columns-is-layout-9d6595d7 wp-block-columns-is-layout-flex\">\n<div class=\"wp-block-column is-layout-flow wp-block-column-is-layout-flow\">\n<ul class=\"wp-block-list\">\n<li>billak<\/li>\n\n\n\n<li>alu f\u00e6lge<\/li>\n\n\n\n<li>Malede f\u00e6lge<\/li>\n\n\n\n<li>Malede plastiktilbeh\u00f8r (kofangere, t\u00e6rskler, spoilere)<\/li>\n\n\n\n<li>Glatte plastoverflader<\/li>\n\n\n\n<li>rustfrit st\u00e5l<\/li>\n\n\n\n<li>plexiglas<\/li>\n\n\n\n<li>metalliske overflader<\/li>\n<\/ul>\n\n\n\n<p>Forbruget afh\u00e6nger af overfladens struktur ca 100-200m\u00b2 \/ liter.<\/p>\n<\/div>\n\n\n\n<div class=\"wp-block-column is-layout-flow wp-block-column-is-layout-flow\">\n<p>Let at p\u00e5f\u00f8re: <\/p>\n\n\n\n<p><br\/>1.manuel: P\u00e5f\u00f8res med cirkul\u00e6re bev\u00e6gelser med en ren papir-, h\u00f8r- eller mikrofiberklud. 2.industriel: Kan bruges i b\u00e5de polerings- og spr\u00f8jtelakeringssystemer.<\/p>\n\n\n\n<p>Denne SiO2-bel\u00e6gning er fuldt tv\u00e6rbundet og h\u00e6rdet efter 24 timer. Den reng\u00f8ringsvenlige effekt kan testes for f\u00f8rste gang efter denne h\u00e6rdningsfase.<\/p>\n<\/div>\n<\/div>\n","protected":false},"excerpt":{"rendered":"<p><strong>Meget effektiv professionel beskyttelsesforsegling til billak og aluminiumsf\u00e6lge:<\/strong><\/p>\n<p>\u2713 med lotuseffekt (vandafvisende)<\/p>\n","protected":false},"featured_media":17857,"template":"","meta":{"_acf_changed":false,"neve_meta_sidebar":"","neve_meta_container":"","neve_meta_enable_content_width":"","neve_meta_content_width":0,"neve_meta_title_alignment":"","neve_meta_author_avatar":"","neve_post_elements_order":"","neve_meta_disable_header":"","neve_meta_disable_footer":"","neve_meta_disable_title":"","neve_meta_reading_time":"","_surfaces":[],"_ver_product_tabs":[],"footnotes":""},"product_brand":[],"product_cat":[2164],"product_tag":[],"class_list":{"0":"post-23455","1":"product","2":"type-product","3":"status-publish","4":"has-post-thumbnail","6":"product_cat-bilforsegling","8":"first","9":"instock","10":"taxable","11":"shipping-taxable","12":"purchasable","13":"product-type-simple"},"acf":[],"yoast_head":"<!-- This site is optimized with the Yoast SEO Premium plugin v22.8 (Yoast SEO v27.5) - https:\/\/yoast.com\/product\/yoast-seo-premium-wordpress\/ -->\n<title>Billak og f\u00e6lgt\u00e6tning - versiegelung24.com<\/title>\n<meta name=\"robots\" content=\"index, follow, max-snippet:-1, max-image-preview:large, max-video-preview:-1\" \/>\n<link rel=\"canonical\" href=\"https:\/\/www.versiegelung24.com\/da\/bil-maling-og-faelg-taetning.html\" \/>\n<meta property=\"og:locale\" content=\"da_DK\" \/>\n<meta property=\"og:type\" content=\"article\" \/>\n<meta property=\"og:title\" content=\"Billak og f\u00e6lgt\u00e6tning\" \/>\n<meta property=\"og:description\" content=\"Meget effektiv professionel beskyttelsesforsegling til billak og aluminiumsf\u00e6lge: \u2713 med lotuseffekt (vandafvisende)\" \/>\n<meta property=\"og:url\" content=\"https:\/\/www.versiegelung24.com\/da\/bil-maling-og-faelg-taetning.html\" \/>\n<meta property=\"og:site_name\" content=\"versiegelung24.com\" \/>\n<meta property=\"article:modified_time\" content=\"2025-01-03T22:48:04+00:00\" \/>\n<meta property=\"og:image\" content=\"https:\/\/www.versiegelung24.com\/wp-content\/uploads\/2020\/06\/produkt-2003-7656-1000-Autolack-Felgenversiegelung-scaled.jpg\" \/>\n\t<meta property=\"og:image:width\" content=\"2560\" \/>\n\t<meta property=\"og:image:height\" content=\"2560\" \/>\n\t<meta property=\"og:image:type\" content=\"image\/jpeg\" \/>\n<meta name=\"twitter:card\" content=\"summary_large_image\" \/>\n<meta name=\"twitter:label1\" content=\"Pris\" \/>\n\t<meta name=\"twitter:data1\" content=\"149,00&euro;\" \/>\n\t<meta name=\"twitter:label2\" content=\"Tilg\u00e6ngelighed\" \/>\n\t<meta name=\"twitter:data2\" content=\"P\u00e5 lager\" \/>\n<script type=\"application\/ld+json\" class=\"yoast-schema-graph\">{\"@context\":\"https:\\\/\\\/schema.org\",\"@graph\":[{\"@type\":\"WebPage\",\"@id\":\"https:\\\/\\\/www.versiegelung24.com\\\/da\\\/bil-maling-og-faelg-taetning.html\",\"url\":\"https:\\\/\\\/www.versiegelung24.com\\\/da\\\/bil-maling-og-faelg-taetning.html\",\"name\":\"Billak og f\u00e6lgt\u00e6tning - versiegelung24.com\",\"isPartOf\":{\"@id\":\"https:\\\/\\\/www.versiegelung24.com\\\/da\\\/#website\"},\"primaryImageOfPage\":{\"@id\":\"https:\\\/\\\/www.versiegelung24.com\\\/da\\\/bil-maling-og-faelg-taetning.html#primaryimage\"},\"image\":{\"@id\":\"https:\\\/\\\/www.versiegelung24.com\\\/da\\\/bil-maling-og-faelg-taetning.html#primaryimage\"},\"thumbnailUrl\":\"https:\\\/\\\/www.versiegelung24.com\\\/wp-content\\\/uploads\\\/2020\\\/06\\\/produkt-2003-7656-1000-Autolack-Felgenversiegelung-scaled.jpg\",\"datePublished\":\"2021-08-02T19:37:49+00:00\",\"dateModified\":\"2025-01-03T22:48:04+00:00\",\"breadcrumb\":{\"@id\":\"https:\\\/\\\/www.versiegelung24.com\\\/da\\\/bil-maling-og-faelg-taetning.html#breadcrumb\"},\"inLanguage\":\"da-DK\",\"potentialAction\":[{\"@type\":\"ReadAction\",\"target\":[\"https:\\\/\\\/www.versiegelung24.com\\\/da\\\/bil-maling-og-faelg-taetning.html\"]}]},{\"@type\":\"ImageObject\",\"inLanguage\":\"da-DK\",\"@id\":\"https:\\\/\\\/www.versiegelung24.com\\\/da\\\/bil-maling-og-faelg-taetning.html#primaryimage\",\"url\":\"https:\\\/\\\/www.versiegelung24.com\\\/wp-content\\\/uploads\\\/2020\\\/06\\\/produkt-2003-7656-1000-Autolack-Felgenversiegelung-scaled.jpg\",\"contentUrl\":\"https:\\\/\\\/www.versiegelung24.com\\\/wp-content\\\/uploads\\\/2020\\\/06\\\/produkt-2003-7656-1000-Autolack-Felgenversiegelung-scaled.jpg\",\"width\":2560,\"height\":2560},{\"@type\":\"BreadcrumbList\",\"@id\":\"https:\\\/\\\/www.versiegelung24.com\\\/da\\\/bil-maling-og-faelg-taetning.html#breadcrumb\",\"itemListElement\":[{\"@type\":\"ListItem\",\"position\":1,\"name\":\"Hjemmeside\",\"item\":\"https:\\\/\\\/www.versiegelung24.com\\\/da\\\/foran\\\/\"},{\"@type\":\"ListItem\",\"position\":2,\"name\":\"Butik\",\"item\":\"https:\\\/\\\/www.versiegelung24.com\\\/da\\\/butik\\\/\"},{\"@type\":\"ListItem\",\"position\":3,\"name\":\"Billak og f\u00e6lgt\u00e6tning\"}]},{\"@type\":\"WebSite\",\"@id\":\"https:\\\/\\\/www.versiegelung24.com\\\/da\\\/#website\",\"url\":\"https:\\\/\\\/www.versiegelung24.com\\\/da\\\/\",\"name\":\"versiegelung24.com\",\"description\":\"Fl\u00fcssigglas-Versiegelung - Made in Germany\",\"publisher\":{\"@id\":\"https:\\\/\\\/www.versiegelung24.com\\\/da\\\/#organization\"},\"potentialAction\":[{\"@type\":\"SearchAction\",\"target\":{\"@type\":\"EntryPoint\",\"urlTemplate\":\"https:\\\/\\\/www.versiegelung24.com\\\/da\\\/?s={search_term_string}\"},\"query-input\":{\"@type\":\"PropertyValueSpecification\",\"valueRequired\":true,\"valueName\":\"search_term_string\"}}],\"inLanguage\":\"da-DK\"},{\"@type\":\"Organization\",\"@id\":\"https:\\\/\\\/www.versiegelung24.com\\\/da\\\/#organization\",\"name\":\"versiegelung24\",\"url\":\"https:\\\/\\\/www.versiegelung24.com\\\/da\\\/\",\"logo\":{\"@type\":\"ImageObject\",\"inLanguage\":\"da-DK\",\"@id\":\"https:\\\/\\\/www.versiegelung24.com\\\/da\\\/#\\\/schema\\\/logo\\\/image\\\/\",\"url\":\"https:\\\/\\\/www.versiegelung24.com\\\/wp-content\\\/uploads\\\/2020\\\/04\\\/versiegelung24.png\",\"contentUrl\":\"https:\\\/\\\/www.versiegelung24.com\\\/wp-content\\\/uploads\\\/2020\\\/04\\\/versiegelung24.png\",\"width\":470,\"height\":102,\"caption\":\"versiegelung24\"},\"image\":{\"@id\":\"https:\\\/\\\/www.versiegelung24.com\\\/da\\\/#\\\/schema\\\/logo\\\/image\\\/\"}}]}<\/script>\n<meta property=\"product:price:amount\" content=\"149.00\" \/>\n<meta property=\"product:price:currency\" content=\"EUR\" \/>\n<meta property=\"og:availability\" content=\"instock\" \/>\n<meta property=\"product:availability\" content=\"instock\" \/>\n<meta property=\"product:retailer_item_id\" content=\"2003-7656-1000\" \/>\n<meta property=\"product:condition\" content=\"new\" \/>\n<!-- \/ Yoast SEO Premium plugin. -->","yoast_head_json":{"title":"Billak og f\u00e6lgt\u00e6tning - versiegelung24.com","robots":{"index":"index","follow":"follow","max-snippet":"max-snippet:-1","max-image-preview":"max-image-preview:large","max-video-preview":"max-video-preview:-1"},"canonical":"https:\/\/www.versiegelung24.com\/da\/bil-maling-og-faelg-taetning.html","og_locale":"da_DK","og_type":"article","og_title":"Billak og f\u00e6lgt\u00e6tning","og_description":"Meget effektiv professionel beskyttelsesforsegling til billak og aluminiumsf\u00e6lge: \u2713 med lotuseffekt (vandafvisende)","og_url":"https:\/\/www.versiegelung24.com\/da\/bil-maling-og-faelg-taetning.html","og_site_name":"versiegelung24.com","article_modified_time":"2025-01-03T22:48:04+00:00","og_image":[{"width":2560,"height":2560,"url":"https:\/\/www.versiegelung24.com\/wp-content\/uploads\/2020\/06\/produkt-2003-7656-1000-Autolack-Felgenversiegelung-scaled.jpg","type":"image\/jpeg"}],"twitter_card":"summary_large_image","twitter_misc":{"Pris":"149,00&euro;","Tilg\u00e6ngelighed":"P\u00e5 lager"},"schema":{"@context":"https:\/\/schema.org","@graph":[{"@type":"WebPage","@id":"https:\/\/www.versiegelung24.com\/da\/bil-maling-og-faelg-taetning.html","url":"https:\/\/www.versiegelung24.com\/da\/bil-maling-og-faelg-taetning.html","name":"Billak og f\u00e6lgt\u00e6tning - versiegelung24.com","isPartOf":{"@id":"https:\/\/www.versiegelung24.com\/da\/#website"},"primaryImageOfPage":{"@id":"https:\/\/www.versiegelung24.com\/da\/bil-maling-og-faelg-taetning.html#primaryimage"},"image":{"@id":"https:\/\/www.versiegelung24.com\/da\/bil-maling-og-faelg-taetning.html#primaryimage"},"thumbnailUrl":"https:\/\/www.versiegelung24.com\/wp-content\/uploads\/2020\/06\/produkt-2003-7656-1000-Autolack-Felgenversiegelung-scaled.jpg","datePublished":"2021-08-02T19:37:49+00:00","dateModified":"2025-01-03T22:48:04+00:00","breadcrumb":{"@id":"https:\/\/www.versiegelung24.com\/da\/bil-maling-og-faelg-taetning.html#breadcrumb"},"inLanguage":"da-DK","potentialAction":[{"@type":"ReadAction","target":["https:\/\/www.versiegelung24.com\/da\/bil-maling-og-faelg-taetning.html"]}]},{"@type":"ImageObject","inLanguage":"da-DK","@id":"https:\/\/www.versiegelung24.com\/da\/bil-maling-og-faelg-taetning.html#primaryimage","url":"https:\/\/www.versiegelung24.com\/wp-content\/uploads\/2020\/06\/produkt-2003-7656-1000-Autolack-Felgenversiegelung-scaled.jpg","contentUrl":"https:\/\/www.versiegelung24.com\/wp-content\/uploads\/2020\/06\/produkt-2003-7656-1000-Autolack-Felgenversiegelung-scaled.jpg","width":2560,"height":2560},{"@type":"BreadcrumbList","@id":"https:\/\/www.versiegelung24.com\/da\/bil-maling-og-faelg-taetning.html#breadcrumb","itemListElement":[{"@type":"ListItem","position":1,"name":"Hjemmeside","item":"https:\/\/www.versiegelung24.com\/da\/foran\/"},{"@type":"ListItem","position":2,"name":"Butik","item":"https:\/\/www.versiegelung24.com\/da\/butik\/"},{"@type":"ListItem","position":3,"name":"Billak og f\u00e6lgt\u00e6tning"}]},{"@type":"WebSite","@id":"https:\/\/www.versiegelung24.com\/da\/#website","url":"https:\/\/www.versiegelung24.com\/da\/","name":"versiegelung24.com","description":"Fl\u00fcssigglas-Versiegelung - Made in Germany","publisher":{"@id":"https:\/\/www.versiegelung24.com\/da\/#organization"},"potentialAction":[{"@type":"SearchAction","target":{"@type":"EntryPoint","urlTemplate":"https:\/\/www.versiegelung24.com\/da\/?s={search_term_string}"},"query-input":{"@type":"PropertyValueSpecification","valueRequired":true,"valueName":"search_term_string"}}],"inLanguage":"da-DK"},{"@type":"Organization","@id":"https:\/\/www.versiegelung24.com\/da\/#organization","name":"versiegelung24","url":"https:\/\/www.versiegelung24.com\/da\/","logo":{"@type":"ImageObject","inLanguage":"da-DK","@id":"https:\/\/www.versiegelung24.com\/da\/#\/schema\/logo\/image\/","url":"https:\/\/www.versiegelung24.com\/wp-content\/uploads\/2020\/04\/versiegelung24.png","contentUrl":"https:\/\/www.versiegelung24.com\/wp-content\/uploads\/2020\/04\/versiegelung24.png","width":470,"height":102,"caption":"versiegelung24"},"image":{"@id":"https:\/\/www.versiegelung24.com\/da\/#\/schema\/logo\/image\/"}}]},"product_price_amount":"149.00","product_price_currency":"EUR","og_availability":"instock","product_availability":"instock","product_retailer_item_id":"2003-7656-1000","product_condition":"new"},"_links":{"self":[{"href":"https:\/\/www.versiegelung24.com\/da\/wp-json\/wp\/v2\/product\/23455","targetHints":{"allow":["GET"]}}],"collection":[{"href":"https:\/\/www.versiegelung24.com\/da\/wp-json\/wp\/v2\/product"}],"about":[{"href":"https:\/\/www.versiegelung24.com\/da\/wp-json\/wp\/v2\/types\/product"}],"version-history":[{"count":15,"href":"https:\/\/www.versiegelung24.com\/da\/wp-json\/wp\/v2\/product\/23455\/revisions"}],"predecessor-version":[{"id":177641,"href":"https:\/\/www.versiegelung24.com\/da\/wp-json\/wp\/v2\/product\/23455\/revisions\/177641"}],"wp:featuredmedia":[{"embeddable":true,"href":"https:\/\/www.versiegelung24.com\/da\/wp-json\/wp\/v2\/media\/17857"}],"wp:attachment":[{"href":"https:\/\/www.versiegelung24.com\/da\/wp-json\/wp\/v2\/media?parent=23455"}],"wp:term":[{"taxonomy":"product_brand","embeddable":true,"href":"https:\/\/www.versiegelung24.com\/da\/wp-json\/wp\/v2\/product_brand?post=23455"},{"taxonomy":"product_cat","embeddable":true,"href":"https:\/\/www.versiegelung24.com\/da\/wp-json\/wp\/v2\/product_cat?post=23455"},{"taxonomy":"product_tag","embeddable":true,"href":"https:\/\/www.versiegelung24.com\/da\/wp-json\/wp\/v2\/product_tag?post=23455"}],"curies":[{"name":"wp","href":"https:\/\/api.w.org\/{rel}","templated":true}]}}