{"id":23525,"date":"2020-04-04T18:53:18","date_gmt":"2021-08-02T19:42:00","guid":{"rendered":"https:\/\/www.versiegelung24.com\/produkt\/bacoban-langtidsoverflade-desinfektion-vandbaseret-klar-til-brug-loesning"},"modified":"2025-04-10T09:53:17","modified_gmt":"2025-04-10T07:53:17","slug":"bacoban-langtids-overflade-desinfektion-vandbaseret-klar-til-brug-loesning","status":"publish","type":"product","link":"https:\/\/www.versiegelung24.com\/da\/bacoban-langtids-overflade-desinfektion-vandbaseret-klar-til-brug-losning.html","title":{"rendered":"Bacoban\u00ae-langtidsoverflade desinfektion, vandbaseret-klar til brug l\u00f8sning"},"content":{"rendered":"<div class=\"wp-block-image\">\n<figure class=\"alignright\"><img fetchpriority=\"high\" decoding=\"async\" width=\"300\" height=\"180\" src=\"https:\/\/www.versiegelung24.com\/wp-content\/uploads\/2020\/04\/Bacoban-stamp-300x180.png\" alt=\"\" class=\"wp-image-7393\" srcset=\"https:\/\/www.versiegelung24.com\/wp-content\/uploads\/2020\/04\/Bacoban-stamp-300x180.png 300w, https:\/\/www.versiegelung24.com\/wp-content\/uploads\/2020\/04\/Bacoban-stamp-16x10.png 16w, https:\/\/www.versiegelung24.com\/wp-content\/uploads\/2020\/04\/Bacoban-stamp.png 472w\" sizes=\"(max-width: 300px) 100vw, 300px\" \/><\/figure>\n<\/div><p><strong>Let at reng\u00f8re overflade.<\/strong> Effekten af nanot\u00e6tningen f\u00f8rer ogs\u00e5 til en let at reng\u00f8re&nbsp;&nbsp; Overflade &#8211; reng\u00f8ringsindsatsen reduceres med mere end 50%!<\/p>\n<p><strong>Derudover reducerer Bacoban\u00ae ogs\u00e5 lugt for\u00e5rsaget af bakterier.<\/strong>&nbsp; Bacoban\u00ae er VAH-listet og CE-certificeret og er testet af kendte institutter. &nbsp;<\/p>\n<p><strong>Vigtig!<\/strong>&nbsp;<strong>Den langvarige antimikrobielle virkning af Bacoban\u00ae m\u00e5 ikke f\u00f8re til udeladelse af n\u00f8dvendige desinfektionsforanstaltninger i tilf\u00e6lde af synlig og \/ eller tvivlsom kontaminering.<\/strong><\/p><\/p>\n\n<hr \/>\n\n<h4 class=\"wp-block-heading\" id=\"properties\">Produktets egenskaber<\/h4>\n\n<div class=\"wp-block-columns is-layout-flex wp-container-core-columns-is-layout-9d6595d7 wp-block-columns-is-layout-flex\">\n<div class=\"wp-block-column is-layout-flow wp-block-column-is-layout-flow\">\n<p><strong><br \/>Alkoholfri desinfektion og reng\u00f8ring af medicinsk inventar og andre overflader<\/strong>(i overensstemmelse med direktiv 93\/42\/E\u00d8F; MDD)<strong><\/strong><\/p>\n\n\n\n<p><br \/><br \/><br \/>100 g opl\u00f8sning indeholder: Benzalkoniumchlorid 0,26 g, natriumpyrithion 0,025 g, polykondensater, duftstoffer, renset vand. UBA-nr: 57040031 Biocid-Reg.nr: N-34071<\/p>\n\n\n\n<p><\/p>\n\n\n\n<p><strong><br \/>Produkttype<\/strong>Klar-til-brug-opl\u00f8sning til desinfektion, langvarig antimikrobiel effekt.<strong><\/strong> Formaldehydfri, phenolfri.<\/p>\n\n\n\n<p><br \/><br \/>Bacoban\u00ae 500ml &#8211; vandbaseret &#8211; klar til brug &#8211; 500 ml pumpespray Varenr. BAC500DI<\/p>\n\n\n\n<p><br \/><br \/>Leveringsomfang: 500 ml flaske 1 x pumpesprayhoved<br \/><\/p>\n<\/div>\n\n\n\n<div class=\"wp-block-column is-layout-flow wp-block-column-is-layout-flow\">\n<p><strong><br \/>Mikrobiologisk effekt<\/strong>Bacoban\u00ae er effektiv mod:<strong><\/strong><\/p>\n\n\n\n<p>\u2713 bakterier<\/p>\n\n\n\n<p>\u2713 svampe<\/p>\n\n\n\n<p>\u2713 specielle vira<\/p>\n\n\n\n<p>\u2713 Hepatitis B- og C -vira<\/p>\n\n\n\n<p>\u2713 Influenzavirus inklusive H5N1 og H1N1<\/p>\n\n\n\n<p>\u2713 Coronavirus<\/p>\n\n\n\n<p>\u2713 Rotavirus<\/p>\n\n\n\n<p>\u2713 adenovirus<\/p>\n\n\n\n<p><br \/><br \/><br \/><br \/><br \/>E<strong>ffektivitet<\/strong> DIN EN 1040 5 min. DIN EN 1275 5 min. DIN EN 1276 5 min. DIN EN 1650 5 min. DIN EN 13697 5 min.<\/p>\n\n\n\n<p>B\u00e6redygtig antimikrobiel effekt testet i op til 10 dage baseret p\u00e5 ASTM E 2180<\/p>\n<\/div>\n<\/div>\n\n<hr \/>\n\n<h4 class=\"wp-block-heading\" id=\"application\">Anvendelse<\/h4>\n\n<div class=\"wp-block-columns is-layout-flex wp-container-core-columns-is-layout-9d6595d7 wp-block-columns-is-layout-flex\">\n<div class=\"wp-block-column is-layout-flow wp-block-column-is-layout-flow\">\n<p>Desinfektion og reng\u00f8ring af medicinske overflader i henhold til direktiv 93\/42 \/ E\u00d8F (medicinske produkter) og overflader af enhver art:<\/p>\n\n\n\n<p> \u2713 i klinikker<\/p>\n\n\n\n<p>\u2713 L\u00e6gerkontorer<\/p>\n\n\n\n<p>\u2713 Rehabiliteringsenheder og \u00e6ldreboliger<\/p>\n\n\n\n<p><br \/>Is\u00e6r i omr\u00e5der, hvor der kr\u00e6ves effektiv og langvarig hygiejne.<\/p>\n<\/div>\n\n\n\n<div class=\"wp-block-column is-layout-flow wp-block-column-is-layout-flow\">\n<p>S\u00e6rligt velegnet til omr\u00e5der, hvor ubehagelige lugte opst\u00e5r fra mikroorganismer, s\u00e5som:<\/p>\n\n\n\n<p>\u2713 toilet<\/p>\n\n\n\n<p>\u2713 Sanit\u00e6re faciliteter<\/p>\n\n\n\n<p>Bacoban\u00ae kan bruges i kritiske og f\u00f8lsomme omr\u00e5der inden for medicinal- og kosmetikindustrien.<\/p>\n<\/div>\n<\/div>\n\n<hr \/>\n\n<h4 class=\"wp-block-heading\" id=\"advisor\">R\u00e5dgiver<\/h4>\n\n<p><strong>Konventionelle desinfektionsmidler er umiddelbart effektive &#8211; men kun i kort<\/strong> tid &#8211; i l\u00f8bet af deres eksponeringstid dr\u00e6ber de specifikke vira og bakterier. Bagefter er overfladen dog igen forsvarsl\u00f8st udsat for dem. <strong>Indtil den n\u00e6ste desinfektion skaber det et hygiejnehul, hvor mikroorganismerne kan kolonisere igen. <\/strong>  <strong>Det multifunktionelle desinfektionsmiddel Bacoban\u00ae, der er udviklet ved hj\u00e6lp af nanoteknologi, kan g\u00f8re mere:<\/strong> Det kombinerer egenskaberne ved et desinfektionsmiddel og et nanoforseglingsmiddel. <strong><br class=\"avia-permanent-lb\" \/> S\u00e5dan virker Bacoban\u00ae<\/strong> <strong> <strong>Ud over sin dokumenterede direkte bakterie- og virusdr\u00e6bende effekt <\/strong>(herunder coronavirus, HIV, HBV, HCV, herpes, influenza, ebolavirus osv.) har Bacoban\u00ae <strong>to andre meget effektive mekanismer<\/strong>: <\/strong> <\/p>\n\n<p><strong>Antimikrobiel og virusinaktiv effekt (visse vira) i op til 10 dage<\/strong> Efter desinfektionsmidlet er fordampet, danner Bacoban\u00ae en &#8220;nano-svamp&#8221;. <br class=\"avia-permanent-lb\" \/>Det indeholder biocider, der diffunderer til overfladen i tilf\u00e6lde af forurening\/kolonisering og dr\u00e6ber bakterier og svampe &#8211; i op til 10 dage.<strong>Den vedvarende effekt af Bacoban\u00ae lukker hygiejnekl\u00f8ften!<\/strong><strong><br class=\"avia-permanent-lb\" \/><\/strong><\/p>\n<div class=\"wp-block-image\">\n<figure class=\"aligncenter size-full\"><a href=\"https:\/\/www.versiegelung24.com\/wp-content\/uploads\/2021\/08\/bacoban-hygieneluecke-600x275-1.jpeg\"><img decoding=\"async\" width=\"600\" height=\"275\" src=\"https:\/\/www.versiegelung24.com\/wp-content\/uploads\/2021\/08\/bacoban-hygieneluecke-600x275-1.jpeg\" alt=\"\" class=\"wp-image-30433\" srcset=\"https:\/\/www.versiegelung24.com\/wp-content\/uploads\/2021\/08\/bacoban-hygieneluecke-600x275-1.jpeg 600w, https:\/\/www.versiegelung24.com\/wp-content\/uploads\/2021\/08\/bacoban-hygieneluecke-600x275-1-300x138.jpeg 300w\" sizes=\"(max-width: 600px) 100vw, 600px\" \/><\/a><\/figure>\n<\/div>\n<p><strong>Let at reng\u00f8re overflade. <\/strong>Effekten af nanot\u00e6tningen f\u00f8rer ogs\u00e5 til en let at reng\u00f8re overflade-reng\u00f8ringsindsatsen reduceres med mere end 50%!<\/p>\n\n<p><strong>Bacoban\u00ae reducerer ogs\u00e5 lugt for\u00e5rsaget af bakterier.<\/strong> Bacoban\u00ae er VAH-listet og CE-certificeret og er testet af kendte institutter. <\/p>\n\n<p><strong>Vigtig!<\/strong> <strong>Den langvarige antimikrobielle virkning af Bacoban\u00ae m\u00e5 ikke f\u00f8re til udeladelse af n\u00f8dvendige desinfektionsforanstaltninger i tilf\u00e6lde af synlig og \/ eller tvivlsom kontaminering.<\/strong><\/p>\n\n<p><br \/>S<strong>ikkerhedsinformation:<\/strong> Arbejdsgivernes ansvarsforsikring kr\u00e6ver, at man bruger handsker, n\u00e5r man h\u00e5ndterer desinfektionsmidler. Skadelig ved indtagelse. For\u00e5rsager alvorlige hudforbr\u00e6ndinger og \u00f8jenskader. Meget giftig for vandlevende organismer. Giftig for vandlevende organismer, med langvarige virkninger. Du m\u00e5 ikke spise, drikke eller ryge under brug. VED INDTAGELSE: Skyl munden. Fremkald IKKE opkastning. VED KONTAKT MED HUD (eller h\u00e5r): Fjern straks alt forurenet t\u00f8j. Skyl huden med vand\/bruser. VED KONTAKT MED \u00d8JNENE: Skyl forsigtigt med vand i flere minutter. Fjern eksisterende kontaktlinser, hvis det er muligt. Forts\u00e6t med at skylle. Ring straks til en GIFTINFORMATION eller en l\u00e6ge. Hvis der er brug for l\u00e6gehj\u00e6lp, s\u00e5 hav emballage eller etiket klar. <br \/>Opbevares utilg\u00e6ngeligt for b\u00f8rn. M\u00e5 kun anvendes med vand og i henhold til blandetabellen. M\u00e5 ikke bruges sammen med andre reng\u00f8rings- eller desinfektionsmidler.<\/p>\n\n<p>Kan bruges p\u00e5 alle overflader. Ved tvivlsomt f\u00f8lsomme overflader anbefaler vi en modstandstest p\u00e5 et ikke synligt omr\u00e5de. M\u00e5 kun opbevares i en lukket beholder. Opbevares p\u00e5 et k\u00f8ligt og t\u00f8rt sted.<\/p>\n\n<p>Beholderen kan kun genbruges, n\u00e5r den er helt tom. M\u00e5 ikke anvendes efter udl\u00f8bsdatoen. Bortskaffes i overensstemmelse med lokale og officielle regler.<\/p>\n\n<p>Reg. nr. for biocid: N-28795 (D). 263\/17\/L (Lu)<\/p>\n<div class=\"wp-block-image\">\n<figure class=\"aligncenter size-full\"><a href=\"https:\/\/www.versiegelung24.com\/wp-content\/uploads\/2021\/08\/bacoban-wirkweise-Sol-Gel-Schwamm.jpeg\"><img decoding=\"async\" width=\"592\" height=\"462\" src=\"https:\/\/www.versiegelung24.com\/wp-content\/uploads\/2021\/08\/bacoban-wirkweise-Sol-Gel-Schwamm.jpeg\" alt=\"\" class=\"wp-image-30460\" srcset=\"https:\/\/www.versiegelung24.com\/wp-content\/uploads\/2021\/08\/bacoban-wirkweise-Sol-Gel-Schwamm.jpeg 592w, https:\/\/www.versiegelung24.com\/wp-content\/uploads\/2021\/08\/bacoban-wirkweise-Sol-Gel-Schwamm-300x234.jpeg 300w\" sizes=\"(max-width: 592px) 100vw, 592px\" \/><\/a><\/figure>\n<\/div>\n<h2 class=\"wp-block-heading\" id=\"so-funktioniert-bacoban-1\">S\u00e5dan fungerer Bacoban\u00ae<\/h2>\n\n<p><strong>Ud over den dokumenterede direkte bakteriedr\u00e6bende og virusdr\u00e6bende effekt<\/strong> (herunder coronavirus, HIV, HBV, HCV, herpes, influenza, ebolavirus,&#8230;), har Bacoban\u00ae to andre yderst effektive mekanismer:<\/p>\n\n<p><strong>Antimikrobiel og virus-inaktiverende effekt (visse vira) i op til 10 dage<\/strong> Bacoban\u00ae danner en &#8220;nano-svamp&#8221;, efter at desinfektionsmidlet er fordampet. Denne indeholder biocider, som i tilf\u00e6lde af kontaminering \/ kolonisering diffunderer til overfladen og dr\u00e6ber bakterier og svampe &#8211; i op til 10 dage.<\/p>\n\n<p>D.<strong> den varige effekt af Bacoban\u00ae lukker hygiejnegabet!<\/strong><\/p>\n\n<p><strong>Let at reng\u00f8re overflade<\/strong> Effekten af nano-forseglingen f\u00f8rer ogs\u00e5 til en reng\u00f8ringsvenlig overflade &#8211; reng\u00f8ringsindsatsen reduceres med mere end 50%!<\/p>\n\n<p><strong>Bacoban\u00ae reducerer ogs\u00e5 lugt for\u00e5rsaget af bakterier.<\/strong> Bacoban\u00ae er VAH-listet og CE-certificeret og er testet af kendte institutter.<\/p>\n\n<p><strong>Vigtig!<\/strong><br \/><strong>Den langvarige antimikrobielle virkning af Bacoban\u00ae m\u00e5 ikke f\u00f8re til udeladelse af n\u00f8dvendige desinfektionsforanstaltninger i tilf\u00e6lde af synlig og \/ eller tvivlsom kontaminering.<\/strong><\/p>\n\n<h2 class=\"wp-block-heading\" id=\"h-warum-ein-desinfektionsmittel-mit-nachhaltiger-wirkung-warum-bacoban\">Hvorfor et desinfektionsmiddel med en varig effekt? Hvorfor Bacoban\u00ae?<\/h2>\n\n<p>Det prim\u00e6re m\u00e5l var at skabe et overfladedesinfektionsmiddel med Bacoban\u00ae, der ikke kun desinficerer, men ogs\u00e5 garanterer en varig effekt indtil n\u00e6ste desinfektion. <br \/>Det faktum, at projektet nu har haft en varig effekt p\u00e5 op til 10 dage, har ikke kun overrasket os, men ogs\u00e5 uafh\u00e6ngige testlaboratorier og sundhedsfaciliteter, der tester Bacoban\u00ae. Konsekvensen af disse unikke resultater er ikke automatisk at \u00e6ndre hygiejneplaner og kun desinficere hver 5. eller 10. dag, men snarere at bruge denne store fordel til gavn for patienter, personale og til at forbedre infektionskontrollen. Integreret i den etablerede desinfektionsplan giver et s\u00e5dant desinfektionsmiddel st\u00f8rre sikkerhed mod spredning af bakterier og vira og reducerer dermed nye infektioner. Det lukker hygiejnegabet!<\/p>\n\n<p>Og det er pr\u00e6cis, hvad Bacoban\u00ae er udviklet til: At sikre mere sikkerhed mellem desinfektionstrinnene og give brugeren et nyt instrument til bek\u00e6mpelse af bakterier og vira.<\/p>\n","protected":false},"excerpt":{"rendered":"<p><strong>Bacoban langtidsoverflade desinfektion, vandbaseret klar til brug l\u00f8sning, 500ml<\/strong>  <\/p>\n<p>\u2713 Dokumenteret direkte bakterie- og virusdr\u00e6bende effekt<\/p>\n<p>\u2713 Reducerer lugte for\u00e5rsaget af bakterier<\/p>\n<p>\u2713 Overflade, der er nem at reng\u00f8re<\/p>\n<p>\u2713 Antimikrobiel og virus-inaktiverende effekt (visse vira) op til 10 dage <!-- \/wp:paragraph --><\/p>\n","protected":false},"featured_media":14455,"template":"","meta":{"_acf_changed":false,"neve_meta_sidebar":"","neve_meta_container":"","neve_meta_enable_content_width":"","neve_meta_content_width":0,"neve_meta_title_alignment":"","neve_meta_author_avatar":"","neve_post_elements_order":"","neve_meta_disable_header":"","neve_meta_disable_footer":"","neve_meta_disable_title":"","neve_meta_reading_time":"","_surfaces":[],"_ver_product_tabs":[],"footnotes":""},"product_brand":[],"product_cat":[2357,2358],"product_tag":[],"class_list":{"0":"post-23525","1":"product","2":"type-product","3":"status-publish","4":"has-post-thumbnail","6":"product_cat-desinfektionsmidler","7":"product_cat-overflade-desinfektionsmidler","9":"first","10":"instock","11":"taxable","12":"shipping-taxable","13":"purchasable","14":"product-type-simple"},"acf":[],"yoast_head":"<!-- This site is optimized with the Yoast SEO Premium plugin v22.8 (Yoast SEO v27.5) - https:\/\/yoast.com\/product\/yoast-seo-premium-wordpress\/ -->\n<title>Bacoban\u00ae-langtidsoverflade desinfektion, vandbaseret-klar til brug l\u00f8sning - versiegelung24.com<\/title>\n<meta name=\"robots\" content=\"index, follow, max-snippet:-1, max-image-preview:large, max-video-preview:-1\" \/>\n<link rel=\"canonical\" href=\"https:\/\/www.versiegelung24.com\/da\/bacoban-langtids-overflade-desinfektion-vandbaseret-klar-til-brug-losning.html\" \/>\n<meta property=\"og:locale\" content=\"da_DK\" \/>\n<meta property=\"og:type\" content=\"article\" \/>\n<meta property=\"og:title\" content=\"Bacoban\u00ae-langtidsoverflade desinfektion, vandbaseret-klar til brug l\u00f8sning\" \/>\n<meta property=\"og:description\" content=\"Bacoban langtidsoverflade desinfektion, vandbaseret klar til brug l\u00f8sning, 500ml  \u2713 Dokumenteret direkte bakterie- og virusdr\u00e6bende effekt \u2713 Reducerer lugte for\u00e5rsaget af bakterier \u2713 Overflade, der er nem at reng\u00f8re \u2713 Antimikrobiel og virus-inaktiverende effekt (visse vira) op til 10 dage\" \/>\n<meta property=\"og:url\" content=\"https:\/\/www.versiegelung24.com\/da\/bacoban-langtids-overflade-desinfektion-vandbaseret-klar-til-brug-losning.html\" \/>\n<meta property=\"og:site_name\" content=\"versiegelung24.com\" \/>\n<meta property=\"article:modified_time\" content=\"2025-04-10T07:53:17+00:00\" \/>\n<meta property=\"og:image\" content=\"https:\/\/www.versiegelung24.com\/wp-content\/uploads\/2020\/04\/bacoban-wasserbasiert-500-ml-scaled.jpg\" \/>\n\t<meta property=\"og:image:width\" content=\"2560\" \/>\n\t<meta property=\"og:image:height\" content=\"2560\" \/>\n\t<meta property=\"og:image:type\" content=\"image\/jpeg\" \/>\n<meta name=\"twitter:card\" content=\"summary_large_image\" \/>\n<meta name=\"twitter:label1\" content=\"Pris\" \/>\n\t<meta name=\"twitter:data1\" content=\"9,95&euro;\" \/>\n\t<meta name=\"twitter:label2\" content=\"Tilg\u00e6ngelighed\" \/>\n\t<meta name=\"twitter:data2\" content=\"P\u00e5 lager\" \/>\n<script type=\"application\/ld+json\" class=\"yoast-schema-graph\">{\"@context\":\"https:\\\/\\\/schema.org\",\"@graph\":[{\"@type\":\"WebPage\",\"@id\":\"https:\\\/\\\/www.versiegelung24.com\\\/da\\\/bacoban-langtids-overflade-desinfektion-vandbaseret-klar-til-brug-losning.html\",\"url\":\"https:\\\/\\\/www.versiegelung24.com\\\/da\\\/bacoban-langtids-overflade-desinfektion-vandbaseret-klar-til-brug-losning.html\",\"name\":\"Bacoban\u00ae-langtidsoverflade desinfektion, vandbaseret-klar til brug l\u00f8sning - versiegelung24.com\",\"isPartOf\":{\"@id\":\"https:\\\/\\\/www.versiegelung24.com\\\/da\\\/#website\"},\"primaryImageOfPage\":{\"@id\":\"https:\\\/\\\/www.versiegelung24.com\\\/da\\\/bacoban-langtids-overflade-desinfektion-vandbaseret-klar-til-brug-losning.html#primaryimage\"},\"image\":{\"@id\":\"https:\\\/\\\/www.versiegelung24.com\\\/da\\\/bacoban-langtids-overflade-desinfektion-vandbaseret-klar-til-brug-losning.html#primaryimage\"},\"thumbnailUrl\":\"https:\\\/\\\/www.versiegelung24.com\\\/wp-content\\\/uploads\\\/2020\\\/04\\\/bacoban-wasserbasiert-500-ml-scaled.jpg\",\"datePublished\":\"2021-08-02T19:42:00+00:00\",\"dateModified\":\"2025-04-10T07:53:17+00:00\",\"breadcrumb\":{\"@id\":\"https:\\\/\\\/www.versiegelung24.com\\\/da\\\/bacoban-langtids-overflade-desinfektion-vandbaseret-klar-til-brug-losning.html#breadcrumb\"},\"inLanguage\":\"da-DK\",\"potentialAction\":[{\"@type\":\"ReadAction\",\"target\":[\"https:\\\/\\\/www.versiegelung24.com\\\/da\\\/bacoban-langtids-overflade-desinfektion-vandbaseret-klar-til-brug-losning.html\"]}]},{\"@type\":\"ImageObject\",\"inLanguage\":\"da-DK\",\"@id\":\"https:\\\/\\\/www.versiegelung24.com\\\/da\\\/bacoban-langtids-overflade-desinfektion-vandbaseret-klar-til-brug-losning.html#primaryimage\",\"url\":\"https:\\\/\\\/www.versiegelung24.com\\\/wp-content\\\/uploads\\\/2020\\\/04\\\/bacoban-wasserbasiert-500-ml-scaled.jpg\",\"contentUrl\":\"https:\\\/\\\/www.versiegelung24.com\\\/wp-content\\\/uploads\\\/2020\\\/04\\\/bacoban-wasserbasiert-500-ml-scaled.jpg\",\"width\":2560,\"height\":2560},{\"@type\":\"BreadcrumbList\",\"@id\":\"https:\\\/\\\/www.versiegelung24.com\\\/da\\\/bacoban-langtids-overflade-desinfektion-vandbaseret-klar-til-brug-losning.html#breadcrumb\",\"itemListElement\":[{\"@type\":\"ListItem\",\"position\":1,\"name\":\"Hjemmeside\",\"item\":\"https:\\\/\\\/www.versiegelung24.com\\\/da\\\/foran\\\/\"},{\"@type\":\"ListItem\",\"position\":2,\"name\":\"Butik\",\"item\":\"https:\\\/\\\/www.versiegelung24.com\\\/da\\\/butik\\\/\"},{\"@type\":\"ListItem\",\"position\":3,\"name\":\"Bacoban\u00ae-langtidsoverflade desinfektion, vandbaseret-klar til brug l\u00f8sning\"}]},{\"@type\":\"WebSite\",\"@id\":\"https:\\\/\\\/www.versiegelung24.com\\\/da\\\/#website\",\"url\":\"https:\\\/\\\/www.versiegelung24.com\\\/da\\\/\",\"name\":\"versiegelung24.com\",\"description\":\"Fl\u00fcssigglas-Versiegelung - Made in Germany\",\"publisher\":{\"@id\":\"https:\\\/\\\/www.versiegelung24.com\\\/da\\\/#organization\"},\"potentialAction\":[{\"@type\":\"SearchAction\",\"target\":{\"@type\":\"EntryPoint\",\"urlTemplate\":\"https:\\\/\\\/www.versiegelung24.com\\\/da\\\/?s={search_term_string}\"},\"query-input\":{\"@type\":\"PropertyValueSpecification\",\"valueRequired\":true,\"valueName\":\"search_term_string\"}}],\"inLanguage\":\"da-DK\"},{\"@type\":\"Organization\",\"@id\":\"https:\\\/\\\/www.versiegelung24.com\\\/da\\\/#organization\",\"name\":\"versiegelung24\",\"url\":\"https:\\\/\\\/www.versiegelung24.com\\\/da\\\/\",\"logo\":{\"@type\":\"ImageObject\",\"inLanguage\":\"da-DK\",\"@id\":\"https:\\\/\\\/www.versiegelung24.com\\\/da\\\/#\\\/schema\\\/logo\\\/image\\\/\",\"url\":\"https:\\\/\\\/www.versiegelung24.com\\\/wp-content\\\/uploads\\\/2020\\\/04\\\/versiegelung24.png\",\"contentUrl\":\"https:\\\/\\\/www.versiegelung24.com\\\/wp-content\\\/uploads\\\/2020\\\/04\\\/versiegelung24.png\",\"width\":470,\"height\":102,\"caption\":\"versiegelung24\"},\"image\":{\"@id\":\"https:\\\/\\\/www.versiegelung24.com\\\/da\\\/#\\\/schema\\\/logo\\\/image\\\/\"}}]}<\/script>\n<meta property=\"product:price:amount\" content=\"9.95\" \/>\n<meta property=\"product:price:currency\" content=\"EUR\" \/>\n<meta property=\"og:availability\" content=\"instock\" \/>\n<meta property=\"product:availability\" content=\"instock\" \/>\n<meta property=\"product:retailer_item_id\" content=\"BAC500DL\" \/>\n<meta property=\"product:condition\" content=\"new\" \/>\n<!-- \/ Yoast SEO Premium plugin. -->","yoast_head_json":{"title":"Bacoban\u00ae-langtidsoverflade desinfektion, vandbaseret-klar til brug l\u00f8sning - versiegelung24.com","robots":{"index":"index","follow":"follow","max-snippet":"max-snippet:-1","max-image-preview":"max-image-preview:large","max-video-preview":"max-video-preview:-1"},"canonical":"https:\/\/www.versiegelung24.com\/da\/bacoban-langtids-overflade-desinfektion-vandbaseret-klar-til-brug-losning.html","og_locale":"da_DK","og_type":"article","og_title":"Bacoban\u00ae-langtidsoverflade desinfektion, vandbaseret-klar til brug l\u00f8sning","og_description":"Bacoban langtidsoverflade desinfektion, vandbaseret klar til brug l\u00f8sning, 500ml  \u2713 Dokumenteret direkte bakterie- og virusdr\u00e6bende effekt \u2713 Reducerer lugte for\u00e5rsaget af bakterier \u2713 Overflade, der er nem at reng\u00f8re \u2713 Antimikrobiel og virus-inaktiverende effekt (visse vira) op til 10 dage","og_url":"https:\/\/www.versiegelung24.com\/da\/bacoban-langtids-overflade-desinfektion-vandbaseret-klar-til-brug-losning.html","og_site_name":"versiegelung24.com","article_modified_time":"2025-04-10T07:53:17+00:00","og_image":[{"width":2560,"height":2560,"url":"https:\/\/www.versiegelung24.com\/wp-content\/uploads\/2020\/04\/bacoban-wasserbasiert-500-ml-scaled.jpg","type":"image\/jpeg"}],"twitter_card":"summary_large_image","twitter_misc":{"Pris":"9,95&euro;","Tilg\u00e6ngelighed":"P\u00e5 lager"},"schema":{"@context":"https:\/\/schema.org","@graph":[{"@type":"WebPage","@id":"https:\/\/www.versiegelung24.com\/da\/bacoban-langtids-overflade-desinfektion-vandbaseret-klar-til-brug-losning.html","url":"https:\/\/www.versiegelung24.com\/da\/bacoban-langtids-overflade-desinfektion-vandbaseret-klar-til-brug-losning.html","name":"Bacoban\u00ae-langtidsoverflade desinfektion, vandbaseret-klar til brug l\u00f8sning - versiegelung24.com","isPartOf":{"@id":"https:\/\/www.versiegelung24.com\/da\/#website"},"primaryImageOfPage":{"@id":"https:\/\/www.versiegelung24.com\/da\/bacoban-langtids-overflade-desinfektion-vandbaseret-klar-til-brug-losning.html#primaryimage"},"image":{"@id":"https:\/\/www.versiegelung24.com\/da\/bacoban-langtids-overflade-desinfektion-vandbaseret-klar-til-brug-losning.html#primaryimage"},"thumbnailUrl":"https:\/\/www.versiegelung24.com\/wp-content\/uploads\/2020\/04\/bacoban-wasserbasiert-500-ml-scaled.jpg","datePublished":"2021-08-02T19:42:00+00:00","dateModified":"2025-04-10T07:53:17+00:00","breadcrumb":{"@id":"https:\/\/www.versiegelung24.com\/da\/bacoban-langtids-overflade-desinfektion-vandbaseret-klar-til-brug-losning.html#breadcrumb"},"inLanguage":"da-DK","potentialAction":[{"@type":"ReadAction","target":["https:\/\/www.versiegelung24.com\/da\/bacoban-langtids-overflade-desinfektion-vandbaseret-klar-til-brug-losning.html"]}]},{"@type":"ImageObject","inLanguage":"da-DK","@id":"https:\/\/www.versiegelung24.com\/da\/bacoban-langtids-overflade-desinfektion-vandbaseret-klar-til-brug-losning.html#primaryimage","url":"https:\/\/www.versiegelung24.com\/wp-content\/uploads\/2020\/04\/bacoban-wasserbasiert-500-ml-scaled.jpg","contentUrl":"https:\/\/www.versiegelung24.com\/wp-content\/uploads\/2020\/04\/bacoban-wasserbasiert-500-ml-scaled.jpg","width":2560,"height":2560},{"@type":"BreadcrumbList","@id":"https:\/\/www.versiegelung24.com\/da\/bacoban-langtids-overflade-desinfektion-vandbaseret-klar-til-brug-losning.html#breadcrumb","itemListElement":[{"@type":"ListItem","position":1,"name":"Hjemmeside","item":"https:\/\/www.versiegelung24.com\/da\/foran\/"},{"@type":"ListItem","position":2,"name":"Butik","item":"https:\/\/www.versiegelung24.com\/da\/butik\/"},{"@type":"ListItem","position":3,"name":"Bacoban\u00ae-langtidsoverflade desinfektion, vandbaseret-klar til brug l\u00f8sning"}]},{"@type":"WebSite","@id":"https:\/\/www.versiegelung24.com\/da\/#website","url":"https:\/\/www.versiegelung24.com\/da\/","name":"versiegelung24.com","description":"Fl\u00fcssigglas-Versiegelung - Made in Germany","publisher":{"@id":"https:\/\/www.versiegelung24.com\/da\/#organization"},"potentialAction":[{"@type":"SearchAction","target":{"@type":"EntryPoint","urlTemplate":"https:\/\/www.versiegelung24.com\/da\/?s={search_term_string}"},"query-input":{"@type":"PropertyValueSpecification","valueRequired":true,"valueName":"search_term_string"}}],"inLanguage":"da-DK"},{"@type":"Organization","@id":"https:\/\/www.versiegelung24.com\/da\/#organization","name":"versiegelung24","url":"https:\/\/www.versiegelung24.com\/da\/","logo":{"@type":"ImageObject","inLanguage":"da-DK","@id":"https:\/\/www.versiegelung24.com\/da\/#\/schema\/logo\/image\/","url":"https:\/\/www.versiegelung24.com\/wp-content\/uploads\/2020\/04\/versiegelung24.png","contentUrl":"https:\/\/www.versiegelung24.com\/wp-content\/uploads\/2020\/04\/versiegelung24.png","width":470,"height":102,"caption":"versiegelung24"},"image":{"@id":"https:\/\/www.versiegelung24.com\/da\/#\/schema\/logo\/image\/"}}]},"product_price_amount":"9.95","product_price_currency":"EUR","og_availability":"instock","product_availability":"instock","product_retailer_item_id":"BAC500DL","product_condition":"new"},"_links":{"self":[{"href":"https:\/\/www.versiegelung24.com\/da\/wp-json\/wp\/v2\/product\/23525","targetHints":{"allow":["GET"]}}],"collection":[{"href":"https:\/\/www.versiegelung24.com\/da\/wp-json\/wp\/v2\/product"}],"about":[{"href":"https:\/\/www.versiegelung24.com\/da\/wp-json\/wp\/v2\/types\/product"}],"version-history":[{"count":32,"href":"https:\/\/www.versiegelung24.com\/da\/wp-json\/wp\/v2\/product\/23525\/revisions"}],"predecessor-version":[{"id":180526,"href":"https:\/\/www.versiegelung24.com\/da\/wp-json\/wp\/v2\/product\/23525\/revisions\/180526"}],"wp:featuredmedia":[{"embeddable":true,"href":"https:\/\/www.versiegelung24.com\/da\/wp-json\/wp\/v2\/media\/14455"}],"wp:attachment":[{"href":"https:\/\/www.versiegelung24.com\/da\/wp-json\/wp\/v2\/media?parent=23525"}],"wp:term":[{"taxonomy":"product_brand","embeddable":true,"href":"https:\/\/www.versiegelung24.com\/da\/wp-json\/wp\/v2\/product_brand?post=23525"},{"taxonomy":"product_cat","embeddable":true,"href":"https:\/\/www.versiegelung24.com\/da\/wp-json\/wp\/v2\/product_cat?post=23525"},{"taxonomy":"product_tag","embeddable":true,"href":"https:\/\/www.versiegelung24.com\/da\/wp-json\/wp\/v2\/product_tag?post=23525"}],"curies":[{"name":"wp","href":"https:\/\/api.w.org\/{rel}","templated":true}]}}