{"id":23573,"date":"2020-04-04T18:53:44","date_gmt":"2021-08-02T19:45:37","guid":{"rendered":"https:\/\/www.versiegelung24.com\/produkt\/universalforsegling-673-til-haarde-ikke-absorberende-overflader-maling-plast-glas-keramik-metal-rustfrit-staal"},"modified":"2025-01-03T23:57:43","modified_gmt":"2025-01-03T22:57:43","slug":"universalforsegling-673-til-haarde-ikke-absorberende-overflader-lakker-plast-glas-keramik-metal-rustfrit-staal","status":"publish","type":"product","link":"https:\/\/www.versiegelung24.com\/da\/universalforsegling-673-til-harde-ikke-absorberende-overflader-lakker-plast-glas-keramik-metal-rustfrit-stal.html","title":{"rendered":"Universalforsegling 673 til &#8220;h\u00e5rde&#8221; \/ ikke-absorberende overflader (maling \/ plast +++, glas \/ keramik ++, metal \/ rustfrit st\u00e5l ++)"},"content":{"rendered":"\n<p><strong>Universal t\u00e6tning til &#8220;h\u00e5rde&#8221; \/ ikke -absorberende overflader i professionel kvalitet &#8211; Fremstillet i Tyskland<\/strong><\/p>\n\n<p>Ideel til plast og malede overflader (lagdelt), kan ogs\u00e5 bruges p\u00e5 glas \/ keramik; Metal og rustfrit st\u00e5l<\/p>\n\n<p>Varenummer: 4004-673<\/p>\n\n<p>H\u00f8j kvalitet lavet i Tyskland<\/p>\n\n<p><strong>V24 universal pakning 4004-673<\/strong> er et alkoholbaseret system, der skaber en midlertidig let at reng\u00f8re effekt p\u00e5 glas og keramiske overflader samt p\u00e5 visse metaloverflader (krom, rustfrit st\u00e5l, aluminium). Det afskrabede materiale danner en tynd film p\u00e5 overfladen, hvilket reducerer vedh\u00e6ftning af snavs og fremmedlegemer og tillader vand at rulle ud. Belagte overflader er s\u00e6rligt lette at reng\u00f8re og mindre snavsede.<\/p>\n\n<hr\/>\n\n<h4 class=\"wp-block-heading\" id=\"properties\">Produktets egenskaber<\/h4>\n\n<div class=\"wp-block-columns is-layout-flex wp-container-core-columns-is-layout-9d6595d7 wp-block-columns-is-layout-flex\">\n<div class=\"wp-block-column is-layout-flow wp-block-column-is-layout-flow\">\n<figure class=\"wp-block-table is-style-stripes\"><table><tbody><tr><td class=\"has-text-align-center\" data-align=\"center\">Kemi:<\/td><td class=\"has-text-align-center\" data-align=\"center\">Uorganisk-organisk polymer, halogenfri, fluorfri<\/td><\/tr><tr><td class=\"has-text-align-center\" data-align=\"center\">Beskrivelse:<\/td><td class=\"has-text-align-center\" data-align=\"center\">Universal fugemasse<\/td><\/tr><tr><td class=\"has-text-align-center\" data-align=\"center\">Udseende:<\/td><td class=\"has-text-align-center\" data-align=\"center\">Flydende, farvel\u00f8s &#8211; pink<\/td><\/tr><tr><td class=\"has-text-align-center\" data-align=\"center\">Fortynding: <\/td><td class=\"has-text-align-center\" data-align=\"center\">Fortyndet klar til brug<\/td><\/tr><tr><td class=\"has-text-align-center\" data-align=\"center\">Koncentration: <\/td><td class=\"has-text-align-center\" data-align=\"center\">0,5-1,5 v\u00e6gt%.<\/td><\/tr><tr><td class=\"has-text-align-center\" data-align=\"center\">H\u00e5ndtering:<\/td><td class=\"has-text-align-center\" data-align=\"center\">De vigtige oplysninger om h\u00e5ndtering og sikkerhed kan findes i det aktuelle sikkerhedsdatablad. Under behandlingen skal der anvendes passende personlige v\u00e6rnemidler.<\/td><\/tr><\/tbody><\/table><\/figure>\n<\/div>\n\n\n\n<div class=\"wp-block-column is-layout-flow wp-block-column-is-layout-flow\">\n<p><br\/><br\/>Leveringsomfang: 1 x literflaske 1 x pumpespr\u00f8jtehoved<\/p>\n<\/div>\n<\/div>\n\n<hr\/>\n\n<h4 class=\"wp-block-heading\" id=\"h-ratgeber\">R\u00e5dgiver<\/h4>\n\n<p>Vores universalpakninger er s\u00e6rligt velegnede til g\u00f8r-det-selv-sektoren.<\/p>\n\n<p>De kombinerer en professionel virkem\u00e5de p\u00e5 forskellige overflader med nem h\u00e5ndtering under p\u00e5f\u00f8ring. Og alt dette uden at skulle g\u00e5 p\u00e5 kompromis med kvaliteten.<\/p>\n\n<p>P\u00e5 denne m\u00e5de kan der p\u00e5f\u00f8res flere materialer med kun \u00e9n universal fugemasse, og der kan ogs\u00e5 opn\u00e5s en h\u00f8jkvalitets effekt og lang holdbarhed.<\/p>\n\n<p>Men til kommercielle og industrielle applikationer, hvor det h\u00f8jest mulige niveau af ydeevne skal opn\u00e5s p\u00e5 en bestemt overflade, anbefaler vi brugen af vores specielle finish til den overflade.<\/p>\n","protected":false},"excerpt":{"rendered":"<p><strong>Meget effektiv professionel universalforsegler til &#8220;h\u00e5rde&#8221;\/ikke-absorberende overflader som f.eks:<\/strong><\/p>\n<p>\u2713 Glas<\/p>\n<p>\u2713 Keramiske overflader<\/p>\n<p>\u2713 Plastoverflader<\/p>\n<p>\u2713 Metaloverflader<\/p>\n<p>\u2713 Med let at reng\u00f8re effekt<\/p>\n","protected":false},"featured_media":18213,"template":"","meta":{"_acf_changed":false,"neve_meta_sidebar":"","neve_meta_container":"","neve_meta_enable_content_width":"","neve_meta_content_width":0,"neve_meta_title_alignment":"","neve_meta_author_avatar":"","neve_post_elements_order":"","neve_meta_disable_header":"","neve_meta_disable_footer":"","neve_meta_disable_title":"","neve_meta_reading_time":"","_surfaces":[],"_ver_product_tabs":[],"footnotes":""},"product_brand":[],"product_cat":[2487],"product_tag":[],"class_list":{"0":"post-23573","1":"product","2":"type-product","3":"status-publish","4":"has-post-thumbnail","6":"product_cat-universal-taetning","8":"first","9":"instock","10":"taxable","11":"shipping-taxable","12":"purchasable","13":"product-type-simple"},"acf":[],"yoast_head":"<!-- This site is optimized with the Yoast SEO Premium plugin v22.8 (Yoast SEO v27.5) - https:\/\/yoast.com\/product\/yoast-seo-premium-wordpress\/ -->\n<title>Universalforsegling 673 til &quot;h\u00e5rde&quot; \/ ikke-absorberende overflader (maling \/ plast +++, glas \/ keramik ++, metal \/ rustfrit st\u00e5l ++) - versiegelung24.com<\/title>\n<meta name=\"robots\" content=\"index, follow, max-snippet:-1, max-image-preview:large, max-video-preview:-1\" \/>\n<link rel=\"canonical\" href=\"https:\/\/www.versiegelung24.com\/da\/universalforsegling-673-til-harde-ikke-absorberende-overflader-lakker-plast-glas-keramik-metal-rustfrit-stal.html\" \/>\n<meta property=\"og:locale\" content=\"da_DK\" \/>\n<meta property=\"og:type\" content=\"article\" \/>\n<meta property=\"og:title\" content=\"Universalforsegling 673 til &quot;h\u00e5rde&quot; \/ ikke-absorberende overflader (maling \/ plast +++, glas \/ keramik ++, metal \/ rustfrit st\u00e5l ++)\" \/>\n<meta property=\"og:description\" content=\"Meget effektiv professionel universalforsegler til &quot;h\u00e5rde&quot;\/ikke-absorberende overflader som f.eks: \u2713 Glas \u2713 Keramiske overflader \u2713 Plastoverflader \u2713 Metaloverflader \u2713 Med let at reng\u00f8re effekt\" \/>\n<meta property=\"og:url\" content=\"https:\/\/www.versiegelung24.com\/da\/universalforsegling-673-til-harde-ikke-absorberende-overflader-lakker-plast-glas-keramik-metal-rustfrit-stal.html\" \/>\n<meta property=\"og:site_name\" content=\"versiegelung24.com\" \/>\n<meta property=\"article:modified_time\" content=\"2025-01-03T22:57:43+00:00\" \/>\n<meta property=\"og:image\" content=\"https:\/\/www.versiegelung24.com\/wp-content\/uploads\/2020\/06\/produkt-4004-673-1000-Universalversiegelung-673-scaled.jpg\" \/>\n\t<meta property=\"og:image:width\" content=\"2560\" \/>\n\t<meta property=\"og:image:height\" content=\"2560\" \/>\n\t<meta property=\"og:image:type\" content=\"image\/jpeg\" \/>\n<meta name=\"twitter:card\" content=\"summary_large_image\" \/>\n<meta name=\"twitter:label1\" content=\"Pris\" \/>\n\t<meta name=\"twitter:data1\" content=\"99,00&euro;\" \/>\n\t<meta name=\"twitter:label2\" content=\"Tilg\u00e6ngelighed\" \/>\n\t<meta name=\"twitter:data2\" content=\"P\u00e5 lager\" \/>\n<script type=\"application\/ld+json\" class=\"yoast-schema-graph\">{\"@context\":\"https:\\\/\\\/schema.org\",\"@graph\":[{\"@type\":\"WebPage\",\"@id\":\"https:\\\/\\\/www.versiegelung24.com\\\/da\\\/universalforsegling-673-til-harde-ikke-absorberende-overflader-lakker-plast-glas-keramik-metal-rustfrit-stal.html\",\"url\":\"https:\\\/\\\/www.versiegelung24.com\\\/da\\\/universalforsegling-673-til-harde-ikke-absorberende-overflader-lakker-plast-glas-keramik-metal-rustfrit-stal.html\",\"name\":\"Universalforsegling 673 til \\\"h\u00e5rde\\\" \\\/ ikke-absorberende overflader (maling \\\/ plast +++, glas \\\/ keramik ++, metal \\\/ rustfrit st\u00e5l ++) - versiegelung24.com\",\"isPartOf\":{\"@id\":\"https:\\\/\\\/www.versiegelung24.com\\\/da\\\/#website\"},\"primaryImageOfPage\":{\"@id\":\"https:\\\/\\\/www.versiegelung24.com\\\/da\\\/universalforsegling-673-til-harde-ikke-absorberende-overflader-lakker-plast-glas-keramik-metal-rustfrit-stal.html#primaryimage\"},\"image\":{\"@id\":\"https:\\\/\\\/www.versiegelung24.com\\\/da\\\/universalforsegling-673-til-harde-ikke-absorberende-overflader-lakker-plast-glas-keramik-metal-rustfrit-stal.html#primaryimage\"},\"thumbnailUrl\":\"https:\\\/\\\/www.versiegelung24.com\\\/wp-content\\\/uploads\\\/2020\\\/06\\\/produkt-4004-673-1000-Universalversiegelung-673-scaled.jpg\",\"datePublished\":\"2021-08-02T19:45:37+00:00\",\"dateModified\":\"2025-01-03T22:57:43+00:00\",\"breadcrumb\":{\"@id\":\"https:\\\/\\\/www.versiegelung24.com\\\/da\\\/universalforsegling-673-til-harde-ikke-absorberende-overflader-lakker-plast-glas-keramik-metal-rustfrit-stal.html#breadcrumb\"},\"inLanguage\":\"da-DK\",\"potentialAction\":[{\"@type\":\"ReadAction\",\"target\":[\"https:\\\/\\\/www.versiegelung24.com\\\/da\\\/universalforsegling-673-til-harde-ikke-absorberende-overflader-lakker-plast-glas-keramik-metal-rustfrit-stal.html\"]}]},{\"@type\":\"ImageObject\",\"inLanguage\":\"da-DK\",\"@id\":\"https:\\\/\\\/www.versiegelung24.com\\\/da\\\/universalforsegling-673-til-harde-ikke-absorberende-overflader-lakker-plast-glas-keramik-metal-rustfrit-stal.html#primaryimage\",\"url\":\"https:\\\/\\\/www.versiegelung24.com\\\/wp-content\\\/uploads\\\/2020\\\/06\\\/produkt-4004-673-1000-Universalversiegelung-673-scaled.jpg\",\"contentUrl\":\"https:\\\/\\\/www.versiegelung24.com\\\/wp-content\\\/uploads\\\/2020\\\/06\\\/produkt-4004-673-1000-Universalversiegelung-673-scaled.jpg\",\"width\":2560,\"height\":2560},{\"@type\":\"BreadcrumbList\",\"@id\":\"https:\\\/\\\/www.versiegelung24.com\\\/da\\\/universalforsegling-673-til-harde-ikke-absorberende-overflader-lakker-plast-glas-keramik-metal-rustfrit-stal.html#breadcrumb\",\"itemListElement\":[{\"@type\":\"ListItem\",\"position\":1,\"name\":\"Hjemmeside\",\"item\":\"https:\\\/\\\/www.versiegelung24.com\\\/da\\\/foran\\\/\"},{\"@type\":\"ListItem\",\"position\":2,\"name\":\"Butik\",\"item\":\"https:\\\/\\\/www.versiegelung24.com\\\/da\\\/butik\\\/\"},{\"@type\":\"ListItem\",\"position\":3,\"name\":\"Universalforsegling 673 til &#8220;h\u00e5rde&#8221; \\\/ ikke-absorberende overflader (maling \\\/ plast +++, glas \\\/ keramik ++, metal \\\/ rustfrit st\u00e5l ++)\"}]},{\"@type\":\"WebSite\",\"@id\":\"https:\\\/\\\/www.versiegelung24.com\\\/da\\\/#website\",\"url\":\"https:\\\/\\\/www.versiegelung24.com\\\/da\\\/\",\"name\":\"versiegelung24.com\",\"description\":\"Fl\u00fcssigglas-Versiegelung - Made in Germany\",\"publisher\":{\"@id\":\"https:\\\/\\\/www.versiegelung24.com\\\/da\\\/#organization\"},\"potentialAction\":[{\"@type\":\"SearchAction\",\"target\":{\"@type\":\"EntryPoint\",\"urlTemplate\":\"https:\\\/\\\/www.versiegelung24.com\\\/da\\\/?s={search_term_string}\"},\"query-input\":{\"@type\":\"PropertyValueSpecification\",\"valueRequired\":true,\"valueName\":\"search_term_string\"}}],\"inLanguage\":\"da-DK\"},{\"@type\":\"Organization\",\"@id\":\"https:\\\/\\\/www.versiegelung24.com\\\/da\\\/#organization\",\"name\":\"versiegelung24\",\"url\":\"https:\\\/\\\/www.versiegelung24.com\\\/da\\\/\",\"logo\":{\"@type\":\"ImageObject\",\"inLanguage\":\"da-DK\",\"@id\":\"https:\\\/\\\/www.versiegelung24.com\\\/da\\\/#\\\/schema\\\/logo\\\/image\\\/\",\"url\":\"https:\\\/\\\/www.versiegelung24.com\\\/wp-content\\\/uploads\\\/2020\\\/04\\\/versiegelung24.png\",\"contentUrl\":\"https:\\\/\\\/www.versiegelung24.com\\\/wp-content\\\/uploads\\\/2020\\\/04\\\/versiegelung24.png\",\"width\":470,\"height\":102,\"caption\":\"versiegelung24\"},\"image\":{\"@id\":\"https:\\\/\\\/www.versiegelung24.com\\\/da\\\/#\\\/schema\\\/logo\\\/image\\\/\"}}]}<\/script>\n<meta property=\"product:price:amount\" content=\"99.00\" \/>\n<meta property=\"product:price:currency\" content=\"EUR\" \/>\n<meta property=\"og:availability\" content=\"instock\" \/>\n<meta property=\"product:availability\" content=\"instock\" \/>\n<meta property=\"product:retailer_item_id\" content=\"4004-673-1000\" \/>\n<meta property=\"product:condition\" content=\"new\" \/>\n<!-- \/ Yoast SEO Premium plugin. -->","yoast_head_json":{"title":"Universalforsegling 673 til \"h\u00e5rde\" \/ ikke-absorberende overflader (maling \/ plast +++, glas \/ keramik ++, metal \/ rustfrit st\u00e5l ++) - versiegelung24.com","robots":{"index":"index","follow":"follow","max-snippet":"max-snippet:-1","max-image-preview":"max-image-preview:large","max-video-preview":"max-video-preview:-1"},"canonical":"https:\/\/www.versiegelung24.com\/da\/universalforsegling-673-til-harde-ikke-absorberende-overflader-lakker-plast-glas-keramik-metal-rustfrit-stal.html","og_locale":"da_DK","og_type":"article","og_title":"Universalforsegling 673 til \"h\u00e5rde\" \/ ikke-absorberende overflader (maling \/ plast +++, glas \/ keramik ++, metal \/ rustfrit st\u00e5l ++)","og_description":"Meget effektiv professionel universalforsegler til \"h\u00e5rde\"\/ikke-absorberende overflader som f.eks: \u2713 Glas \u2713 Keramiske overflader \u2713 Plastoverflader \u2713 Metaloverflader \u2713 Med let at reng\u00f8re effekt","og_url":"https:\/\/www.versiegelung24.com\/da\/universalforsegling-673-til-harde-ikke-absorberende-overflader-lakker-plast-glas-keramik-metal-rustfrit-stal.html","og_site_name":"versiegelung24.com","article_modified_time":"2025-01-03T22:57:43+00:00","og_image":[{"width":2560,"height":2560,"url":"https:\/\/www.versiegelung24.com\/wp-content\/uploads\/2020\/06\/produkt-4004-673-1000-Universalversiegelung-673-scaled.jpg","type":"image\/jpeg"}],"twitter_card":"summary_large_image","twitter_misc":{"Pris":"99,00&euro;","Tilg\u00e6ngelighed":"P\u00e5 lager"},"schema":{"@context":"https:\/\/schema.org","@graph":[{"@type":"WebPage","@id":"https:\/\/www.versiegelung24.com\/da\/universalforsegling-673-til-harde-ikke-absorberende-overflader-lakker-plast-glas-keramik-metal-rustfrit-stal.html","url":"https:\/\/www.versiegelung24.com\/da\/universalforsegling-673-til-harde-ikke-absorberende-overflader-lakker-plast-glas-keramik-metal-rustfrit-stal.html","name":"Universalforsegling 673 til \"h\u00e5rde\" \/ ikke-absorberende overflader (maling \/ plast +++, glas \/ keramik ++, metal \/ rustfrit st\u00e5l ++) - versiegelung24.com","isPartOf":{"@id":"https:\/\/www.versiegelung24.com\/da\/#website"},"primaryImageOfPage":{"@id":"https:\/\/www.versiegelung24.com\/da\/universalforsegling-673-til-harde-ikke-absorberende-overflader-lakker-plast-glas-keramik-metal-rustfrit-stal.html#primaryimage"},"image":{"@id":"https:\/\/www.versiegelung24.com\/da\/universalforsegling-673-til-harde-ikke-absorberende-overflader-lakker-plast-glas-keramik-metal-rustfrit-stal.html#primaryimage"},"thumbnailUrl":"https:\/\/www.versiegelung24.com\/wp-content\/uploads\/2020\/06\/produkt-4004-673-1000-Universalversiegelung-673-scaled.jpg","datePublished":"2021-08-02T19:45:37+00:00","dateModified":"2025-01-03T22:57:43+00:00","breadcrumb":{"@id":"https:\/\/www.versiegelung24.com\/da\/universalforsegling-673-til-harde-ikke-absorberende-overflader-lakker-plast-glas-keramik-metal-rustfrit-stal.html#breadcrumb"},"inLanguage":"da-DK","potentialAction":[{"@type":"ReadAction","target":["https:\/\/www.versiegelung24.com\/da\/universalforsegling-673-til-harde-ikke-absorberende-overflader-lakker-plast-glas-keramik-metal-rustfrit-stal.html"]}]},{"@type":"ImageObject","inLanguage":"da-DK","@id":"https:\/\/www.versiegelung24.com\/da\/universalforsegling-673-til-harde-ikke-absorberende-overflader-lakker-plast-glas-keramik-metal-rustfrit-stal.html#primaryimage","url":"https:\/\/www.versiegelung24.com\/wp-content\/uploads\/2020\/06\/produkt-4004-673-1000-Universalversiegelung-673-scaled.jpg","contentUrl":"https:\/\/www.versiegelung24.com\/wp-content\/uploads\/2020\/06\/produkt-4004-673-1000-Universalversiegelung-673-scaled.jpg","width":2560,"height":2560},{"@type":"BreadcrumbList","@id":"https:\/\/www.versiegelung24.com\/da\/universalforsegling-673-til-harde-ikke-absorberende-overflader-lakker-plast-glas-keramik-metal-rustfrit-stal.html#breadcrumb","itemListElement":[{"@type":"ListItem","position":1,"name":"Hjemmeside","item":"https:\/\/www.versiegelung24.com\/da\/foran\/"},{"@type":"ListItem","position":2,"name":"Butik","item":"https:\/\/www.versiegelung24.com\/da\/butik\/"},{"@type":"ListItem","position":3,"name":"Universalforsegling 673 til &#8220;h\u00e5rde&#8221; \/ ikke-absorberende overflader (maling \/ plast +++, glas \/ keramik ++, metal \/ rustfrit st\u00e5l ++)"}]},{"@type":"WebSite","@id":"https:\/\/www.versiegelung24.com\/da\/#website","url":"https:\/\/www.versiegelung24.com\/da\/","name":"versiegelung24.com","description":"Fl\u00fcssigglas-Versiegelung - Made in Germany","publisher":{"@id":"https:\/\/www.versiegelung24.com\/da\/#organization"},"potentialAction":[{"@type":"SearchAction","target":{"@type":"EntryPoint","urlTemplate":"https:\/\/www.versiegelung24.com\/da\/?s={search_term_string}"},"query-input":{"@type":"PropertyValueSpecification","valueRequired":true,"valueName":"search_term_string"}}],"inLanguage":"da-DK"},{"@type":"Organization","@id":"https:\/\/www.versiegelung24.com\/da\/#organization","name":"versiegelung24","url":"https:\/\/www.versiegelung24.com\/da\/","logo":{"@type":"ImageObject","inLanguage":"da-DK","@id":"https:\/\/www.versiegelung24.com\/da\/#\/schema\/logo\/image\/","url":"https:\/\/www.versiegelung24.com\/wp-content\/uploads\/2020\/04\/versiegelung24.png","contentUrl":"https:\/\/www.versiegelung24.com\/wp-content\/uploads\/2020\/04\/versiegelung24.png","width":470,"height":102,"caption":"versiegelung24"},"image":{"@id":"https:\/\/www.versiegelung24.com\/da\/#\/schema\/logo\/image\/"}}]},"product_price_amount":"99.00","product_price_currency":"EUR","og_availability":"instock","product_availability":"instock","product_retailer_item_id":"4004-673-1000","product_condition":"new"},"_links":{"self":[{"href":"https:\/\/www.versiegelung24.com\/da\/wp-json\/wp\/v2\/product\/23573","targetHints":{"allow":["GET"]}}],"collection":[{"href":"https:\/\/www.versiegelung24.com\/da\/wp-json\/wp\/v2\/product"}],"about":[{"href":"https:\/\/www.versiegelung24.com\/da\/wp-json\/wp\/v2\/types\/product"}],"version-history":[{"count":17,"href":"https:\/\/www.versiegelung24.com\/da\/wp-json\/wp\/v2\/product\/23573\/revisions"}],"predecessor-version":[{"id":177751,"href":"https:\/\/www.versiegelung24.com\/da\/wp-json\/wp\/v2\/product\/23573\/revisions\/177751"}],"wp:featuredmedia":[{"embeddable":true,"href":"https:\/\/www.versiegelung24.com\/da\/wp-json\/wp\/v2\/media\/18213"}],"wp:attachment":[{"href":"https:\/\/www.versiegelung24.com\/da\/wp-json\/wp\/v2\/media?parent=23573"}],"wp:term":[{"taxonomy":"product_brand","embeddable":true,"href":"https:\/\/www.versiegelung24.com\/da\/wp-json\/wp\/v2\/product_brand?post=23573"},{"taxonomy":"product_cat","embeddable":true,"href":"https:\/\/www.versiegelung24.com\/da\/wp-json\/wp\/v2\/product_cat?post=23573"},{"taxonomy":"product_tag","embeddable":true,"href":"https:\/\/www.versiegelung24.com\/da\/wp-json\/wp\/v2\/product_tag?post=23573"}],"curies":[{"name":"wp","href":"https:\/\/api.w.org\/{rel}","templated":true}]}}