{"id":23612,"date":"2020-04-04T18:53:41","date_gmt":"2020-04-04T16:53:41","guid":{"rendered":"https:\/\/www.versiegelung24.com\/produkt\/bioethanol-966-til-professionel-forrensning"},"modified":"2025-01-13T16:59:52","modified_gmt":"2025-01-13T15:59:52","slug":"bioethanol-966-til-professionel-forrensning","status":"publish","type":"product","link":"https:\/\/www.versiegelung24.com\/da\/bioethanol-966-til-professionel-forrensning.html","title":{"rendered":"Bioethanol 96,6% til professionel forrensning"},"content":{"rendered":"\n<h4 class=\"wp-block-heading\" id=\"h-beschreibung\">Beskrivelse af<\/h4>\n\n<p>Teknisk kvalitet bioethanol 96,6% velegnet til grundig forrensning og affedtning af ikke-sugende overflader. <\/p>\n\n<p>Kan meget godt bruges i kombination med vores biologiske, <a href=\"https:\/\/www.versiegelung24.com\/da\/biosativa-biologisk-forrens.html\">restfrie forrens BIOSATIVA<\/a> \u00ae til at forberede f.eks. glas, keramik, malede overflader til p\u00e5f\u00f8ring af vores overfladeforseglinger.<\/p>\n\n<hr \/>\n\n<h4 class=\"wp-block-heading\" id=\"properties\">Produktets egenskaber<\/h4>\n\n<p>\u2713 Bioethanol fremstillet af 100% majs og sukkerroer<\/p>\n\n<p>\u2713 Regional produktion med ingredienser fra Europa<\/p>\n\n<p>\u2713 Produktion efter h\u00f8je europ\u00e6iske retningslinjer<\/p>\n\n<p>\u2713 Sikkerhed &amp; kvalitet gennem h\u00f8je standarder<\/p>\n\n<p>H\u00f8j renhed, med 1% MEK, 1% isopropanol og Bitrex fuldt denatureret bioethanol 96,6% (ethylenalkohol) fra b\u00e6redygtig produktion (biomasse).<\/p>\n\n<hr \/>\n\n<h4 class=\"wp-block-heading\" id=\"application\">Anvendelse<\/h4>\n\n<p>For at reng\u00f8re glatte, ikke-sugende overflader anbefaler vi reng\u00f8ring i to trin:<\/p>\n\n<p>1. Intensiv forrensning af overfladen med et konventionelt restfrit reng\u00f8ringsmiddel eller vores biologiske reng\u00f8ringskoncentrat <a href=\"https:\/\/www.versiegelung24.com\/da\/biosativa-biologisk-forrens.html\">BIOSATIVA<\/a> <a href=\"https:\/\/www.versiegelung24.com\/biosativa-biologischer-vorreiniger.html\">\u00ae<\/a><\/p>\n\n<p>2. Efter endt reng\u00f8ringsproces renses overfladen igen med bio-ethanol 96,6%, s\u00e5 alt snavs er fjernet og overfladen er helt fedtfri. Gentag denne proces, indtil der ikke er flere snavsrester p\u00e5 mikrofiberkluden.<\/p>\n\n<p>Efter en kort fordampningstid af eventuelle alkoholrester p\u00e5 overfladen kan p\u00e5f\u00f8ringen af vores nano-coatings og impr\u00e6gneringer begynde.<\/p>\n\n<p><em>Grundl\u00e6ggende b\u00f8r der ved enhver overfladerensning og -forsegling altid udf\u00f8res en test p\u00e5 et ikke i\u00f8jnefaldende omr\u00e5de for at bestemme overfladens forenelighed med de anvendte midler.<\/em><\/p>\n\n<hr \/>\n\n<h4 class=\"wp-block-heading\" id=\"advisor\">R\u00e5dgiver<\/h4>\n\n<p><strong>Bio-Ethanol 96,6% &#8211; perfekt til bordpejse<\/strong><\/p>\n\n<p>Lige s\u00e5 forskellig vores smag end er, er ethanolpejse blevet uundv\u00e6rlige i mange husholdninger. 1 liters flaskerne er perfekte til lejlighedsvise brugere eller f\u00f8rstegangsbrugere, der \u00f8nsker at stifte bekendtskab med deres ethanolpejs eller vores flydende bioethanolbr\u00e6ndstof.<\/p>\n\n<p><strong>Hvor l\u00e6nge holder 1 liter bioethanol?<\/strong><\/p>\n\n<p>Den gennemsnitlige br\u00e6ndetid for 1 liter 96,6 % bioethanol er omkring 2 til 3 timer. Men det kan man ikke sige pr\u00e6cist, for br\u00e6ndetiden afh\u00e6nger af overfladen, som v\u00e6sken br\u00e6nder p\u00e5. Jo st\u00f8rre areal, jo hurtigere forbr\u00e6nder premium bioethanol.<\/p>\n\n<hr \/>\n\n<h4 class=\"wp-block-heading\" id=\"faq\">OFTE STILLEDE SP\u00d8RGSM\u00c5L<\/h4>\n\n<div class=\"schema-faq wp-block-yoast-faq-block\"><div class=\"schema-faq-section\" id=\"faq-question-1645793617330\"><strong class=\"schema-faq-question\">Er bioethanol godkendt til medicinalsektoren?<\/strong> <p class=\"schema-faq-answer\">Nej, nej, nej! S\u00f8ger du et overfladedesinfektionsmiddel, kan du finde mere information her: <a href=\"https:\/\/www.versiegelung24.com\/desinfektionsmittel\/\">Oversigt over desinfektionsmidler<\/a><\/p> <\/div> <div class=\"schema-faq-section\" id=\"faq-question-1645793819353\"><strong class=\"schema-faq-question\">Hvor farlig er bioethanol?<\/strong> <p class=\"schema-faq-answer\">Forbr\u00e6nding producerer vanddamp (H2O) og kuldioxid (CO2) ligesom vi g\u00f8r, n\u00e5r vi tr\u00e6kker vejret. Bioethanol 96,6% br\u00e6nder lugtfrit og fri for rester. Ved brug i pejse skal de pr\u00e6cise advarsler altid overholdes!<br>Bioethanol 96,6% er meget brandfarligt. N\u00e5r det bruges som rensemiddel, dannes der let ant\u00e6ndelige gasser. <br><\/p> <\/div> <div class=\"schema-faq-section\" id=\"faq-question-1645794918526\"><strong class=\"schema-faq-question\">Kan bioethanol (brugt som reng\u00f8ringsmiddel) angribe overflader?<\/strong> <p class=\"schema-faq-answer\">Is\u00e6r ved plastik skal man her passe p\u00e5. Bl\u00f8d plast s\u00e5som t\u00e6tninger og slanger kan reagere med bl\u00f8dg\u00f8rere og beskadige overflader eller materialer.<br><br>Ved reng\u00f8ring af overfladen skal der som udgangspunkt altid udf\u00f8res en test p\u00e5 et ikke i\u00f8jnefaldende omr\u00e5de f\u00f8rst.<\/p> <\/div> <\/div>\n","protected":false},"excerpt":{"rendered":"<p>\u2713 Bioethanol fremstillet af 100% majs og sukkerroer<\/p>\n<p>\u2713 Regional produktion med ingredienser fra Europa<\/p>\n<p>\u2713 Produktion efter h\u00f8je europ\u00e6iske retningslinjer<\/p>\n<p>\u2713 Sikkerhed &amp; kvalitet gennem h\u00f8je standarder<\/p>\n","protected":false},"featured_media":65147,"template":"","meta":{"_acf_changed":false,"neve_meta_sidebar":"","neve_meta_container":"","neve_meta_enable_content_width":"","neve_meta_content_width":0,"neve_meta_title_alignment":"","neve_meta_author_avatar":"","neve_post_elements_order":"","neve_meta_disable_header":"","neve_meta_disable_footer":"","neve_meta_disable_title":"","neve_meta_reading_time":"","_surfaces":[],"_ver_product_tabs":[],"footnotes":""},"product_brand":[],"product_cat":[2456,2603,2164,2343,2449],"product_tag":[],"class_list":{"0":"post-23612","1":"product","2":"type-product","3":"status-publish","4":"has-post-thumbnail","6":"product_cat-rengorings-midler","7":"product_cat-bioethanol-da","8":"product_cat-bilforsegling","9":"product_cat-taetning-til-glas-og-keramik","10":"product_cat-metal-plast-forsegling","12":"first","13":"instock","14":"taxable","15":"shipping-taxable","16":"purchasable","17":"product-type-simple"},"acf":[],"yoast_head":"<!-- This site is optimized with the Yoast SEO Premium plugin v22.8 (Yoast SEO v27.5) - https:\/\/yoast.com\/product\/yoast-seo-premium-wordpress\/ -->\n<title>Bioethanol 96,6% til professionel forrensning - versiegelung24.com<\/title>\n<meta name=\"robots\" content=\"index, follow, max-snippet:-1, max-image-preview:large, max-video-preview:-1\" \/>\n<link rel=\"canonical\" href=\"https:\/\/www.versiegelung24.com\/da\/bioethanol-966-til-professionel-forrensning.html\" \/>\n<meta property=\"og:locale\" content=\"da_DK\" \/>\n<meta property=\"og:type\" content=\"article\" \/>\n<meta property=\"og:title\" content=\"Bioethanol 96,6% til professionel forrensning\" \/>\n<meta property=\"og:description\" content=\"\u2713 Bioethanol fremstillet af 100% majs og sukkerroer \u2713 Regional produktion med ingredienser fra Europa \u2713 Produktion efter h\u00f8je europ\u00e6iske retningslinjer \u2713 Sikkerhed &amp; kvalitet gennem h\u00f8je standarder\" \/>\n<meta property=\"og:url\" content=\"https:\/\/www.versiegelung24.com\/da\/bioethanol-966-til-professionel-forrensning.html\" \/>\n<meta property=\"og:site_name\" content=\"versiegelung24.com\" \/>\n<meta property=\"article:modified_time\" content=\"2025-01-13T15:59:52+00:00\" \/>\n<meta property=\"og:image\" content=\"https:\/\/www.versiegelung24.com\/wp-content\/uploads\/2020\/04\/produkt_9100-950-1000-bioethanol-flasche.jpeg\" \/>\n\t<meta property=\"og:image:width\" content=\"2560\" \/>\n\t<meta property=\"og:image:height\" content=\"2560\" \/>\n\t<meta property=\"og:image:type\" content=\"image\/jpeg\" \/>\n<meta name=\"twitter:card\" content=\"summary_large_image\" \/>\n<meta name=\"twitter:label1\" content=\"Pris\" \/>\n\t<meta name=\"twitter:data1\" content=\"9,99&euro;\" \/>\n\t<meta name=\"twitter:label2\" content=\"Tilg\u00e6ngelighed\" \/>\n\t<meta name=\"twitter:data2\" content=\"P\u00e5 lager\" \/>\n<script type=\"application\/ld+json\" class=\"yoast-schema-graph\">{\"@context\":\"https:\\\/\\\/schema.org\",\"@graph\":[{\"@type\":[\"WebPage\",\"FAQPage\"],\"@id\":\"https:\\\/\\\/www.versiegelung24.com\\\/da\\\/bioethanol-966-til-professionel-forrensning.html\",\"url\":\"https:\\\/\\\/www.versiegelung24.com\\\/da\\\/bioethanol-966-til-professionel-forrensning.html\",\"name\":\"Bioethanol 96,6% til professionel forrensning - versiegelung24.com\",\"isPartOf\":{\"@id\":\"https:\\\/\\\/www.versiegelung24.com\\\/da\\\/#website\"},\"primaryImageOfPage\":{\"@id\":\"https:\\\/\\\/www.versiegelung24.com\\\/da\\\/bioethanol-966-til-professionel-forrensning.html#primaryimage\"},\"image\":{\"@id\":\"https:\\\/\\\/www.versiegelung24.com\\\/da\\\/bioethanol-966-til-professionel-forrensning.html#primaryimage\"},\"thumbnailUrl\":\"https:\\\/\\\/www.versiegelung24.com\\\/wp-content\\\/uploads\\\/2020\\\/04\\\/produkt_9100-950-1000-bioethanol-flasche.jpeg\",\"datePublished\":\"2020-04-04T16:53:41+00:00\",\"dateModified\":\"2025-01-13T15:59:52+00:00\",\"breadcrumb\":{\"@id\":\"https:\\\/\\\/www.versiegelung24.com\\\/da\\\/bioethanol-966-til-professionel-forrensning.html#breadcrumb\"},\"mainEntity\":[{\"@id\":\"https:\\\/\\\/www.versiegelung24.com\\\/da\\\/bioethanol-966-til-professionel-forrensning.html#faq-question-1645793617330\"},{\"@id\":\"https:\\\/\\\/www.versiegelung24.com\\\/da\\\/bioethanol-966-til-professionel-forrensning.html#faq-question-1645793819353\"},{\"@id\":\"https:\\\/\\\/www.versiegelung24.com\\\/da\\\/bioethanol-966-til-professionel-forrensning.html#faq-question-1645794918526\"}],\"inLanguage\":\"da-DK\",\"potentialAction\":[{\"@type\":\"ReadAction\",\"target\":[\"https:\\\/\\\/www.versiegelung24.com\\\/da\\\/bioethanol-966-til-professionel-forrensning.html\"]}]},{\"@type\":\"ImageObject\",\"inLanguage\":\"da-DK\",\"@id\":\"https:\\\/\\\/www.versiegelung24.com\\\/da\\\/bioethanol-966-til-professionel-forrensning.html#primaryimage\",\"url\":\"https:\\\/\\\/www.versiegelung24.com\\\/wp-content\\\/uploads\\\/2020\\\/04\\\/produkt_9100-950-1000-bioethanol-flasche.jpeg\",\"contentUrl\":\"https:\\\/\\\/www.versiegelung24.com\\\/wp-content\\\/uploads\\\/2020\\\/04\\\/produkt_9100-950-1000-bioethanol-flasche.jpeg\",\"width\":2560,\"height\":2560},{\"@type\":\"BreadcrumbList\",\"@id\":\"https:\\\/\\\/www.versiegelung24.com\\\/da\\\/bioethanol-966-til-professionel-forrensning.html#breadcrumb\",\"itemListElement\":[{\"@type\":\"ListItem\",\"position\":1,\"name\":\"Hjemmeside\",\"item\":\"https:\\\/\\\/www.versiegelung24.com\\\/da\\\/foran\\\/\"},{\"@type\":\"ListItem\",\"position\":2,\"name\":\"Butik\",\"item\":\"https:\\\/\\\/www.versiegelung24.com\\\/da\\\/butik\\\/\"},{\"@type\":\"ListItem\",\"position\":3,\"name\":\"Bioethanol 96,6% til professionel forrensning\"}]},{\"@type\":\"WebSite\",\"@id\":\"https:\\\/\\\/www.versiegelung24.com\\\/da\\\/#website\",\"url\":\"https:\\\/\\\/www.versiegelung24.com\\\/da\\\/\",\"name\":\"versiegelung24.com\",\"description\":\"Fl\u00fcssigglas-Versiegelung - Made in Germany\",\"publisher\":{\"@id\":\"https:\\\/\\\/www.versiegelung24.com\\\/da\\\/#organization\"},\"potentialAction\":[{\"@type\":\"SearchAction\",\"target\":{\"@type\":\"EntryPoint\",\"urlTemplate\":\"https:\\\/\\\/www.versiegelung24.com\\\/da\\\/?s={search_term_string}\"},\"query-input\":{\"@type\":\"PropertyValueSpecification\",\"valueRequired\":true,\"valueName\":\"search_term_string\"}}],\"inLanguage\":\"da-DK\"},{\"@type\":\"Organization\",\"@id\":\"https:\\\/\\\/www.versiegelung24.com\\\/da\\\/#organization\",\"name\":\"versiegelung24\",\"url\":\"https:\\\/\\\/www.versiegelung24.com\\\/da\\\/\",\"logo\":{\"@type\":\"ImageObject\",\"inLanguage\":\"da-DK\",\"@id\":\"https:\\\/\\\/www.versiegelung24.com\\\/da\\\/#\\\/schema\\\/logo\\\/image\\\/\",\"url\":\"https:\\\/\\\/www.versiegelung24.com\\\/wp-content\\\/uploads\\\/2020\\\/04\\\/versiegelung24.png\",\"contentUrl\":\"https:\\\/\\\/www.versiegelung24.com\\\/wp-content\\\/uploads\\\/2020\\\/04\\\/versiegelung24.png\",\"width\":470,\"height\":102,\"caption\":\"versiegelung24\"},\"image\":{\"@id\":\"https:\\\/\\\/www.versiegelung24.com\\\/da\\\/#\\\/schema\\\/logo\\\/image\\\/\"}},{\"@type\":\"Question\",\"@id\":\"https:\\\/\\\/www.versiegelung24.com\\\/da\\\/bioethanol-966-til-professionel-forrensning.html#faq-question-1645793617330\",\"position\":1,\"url\":\"https:\\\/\\\/www.versiegelung24.com\\\/da\\\/bioethanol-966-til-professionel-forrensning.html#faq-question-1645793617330\",\"name\":\"Ist Bioethanol f\u00fcr den medizinischen Bereich zugelassen?\",\"answerCount\":1,\"acceptedAnswer\":{\"@type\":\"Answer\",\"text\":\"Nein! Wenn Sie ein Fl\u00e4chendesinfektionsmittel suchen, finden Sie weitere Informationen hier: <a href=\\\"https:\\\/\\\/www.versiegelung24.com\\\/desinfektionsmittel\\\/\\\">\u00dcbersicht Desinfektionsmittel<\\\/a>\",\"inLanguage\":\"da-DK\"},\"inLanguage\":\"da-DK\"},{\"@type\":\"Question\",\"@id\":\"https:\\\/\\\/www.versiegelung24.com\\\/da\\\/bioethanol-966-til-professionel-forrensning.html#faq-question-1645793819353\",\"position\":2,\"url\":\"https:\\\/\\\/www.versiegelung24.com\\\/da\\\/bioethanol-966-til-professionel-forrensning.html#faq-question-1645793819353\",\"name\":\"Wie gef\u00e4hrlich ist Bioethanol?\",\"answerCount\":1,\"acceptedAnswer\":{\"@type\":\"Answer\",\"text\":\"Bei der Verbrennung entstehen genau wie bei unserer Atmung Wasserdampf (H2O) und Kohlendioxid (CO2). Bioethanol 96,6% verbrennt geruchs- und r\u00fcckstandsfrei. Bei Nutzung in Feuerstellen sind stets die genauen Gefahrenhinweise zu beachten!<br \\\/>Bioethanol 96,6% ist leicht entz\u00fcndlich. Bei der Nutzung als Reiniger entstehen leicht brennbare Gase. <br \\\/>\",\"inLanguage\":\"da-DK\"},\"inLanguage\":\"da-DK\"},{\"@type\":\"Question\",\"@id\":\"https:\\\/\\\/www.versiegelung24.com\\\/da\\\/bioethanol-966-til-professionel-forrensning.html#faq-question-1645794918526\",\"position\":3,\"url\":\"https:\\\/\\\/www.versiegelung24.com\\\/da\\\/bioethanol-966-til-professionel-forrensning.html#faq-question-1645794918526\",\"name\":\"Kann Bioethanol (als Reiniger eingesetzt) Oberfl\u00e4chen angreifen?\",\"answerCount\":1,\"acceptedAnswer\":{\"@type\":\"Answer\",\"text\":\"Besonders bei Kunststoffen ist hier mit Achtsamkeit vor zu gehen. Weiche Kunststoffe wie z.B. bei Dichtungen und Schl\u00e4uchen kann dieser mit den Weichmachern reagieren und Oberfl\u00e4chen bzw. Materialien sch\u00e4digen.<br \\\/><br \\\/>Grunds\u00e4tzlich sollte bei der Oberfl\u00e4chenreinigung immer erst ein Test an unauff\u00e4lliger Stelle durchgef\u00fchrt werden.\",\"inLanguage\":\"da-DK\"},\"inLanguage\":\"da-DK\"}]}<\/script>\n<meta property=\"product:price:amount\" content=\"9.99\" \/>\n<meta property=\"product:price:currency\" content=\"EUR\" \/>\n<meta property=\"og:availability\" content=\"instock\" \/>\n<meta property=\"product:availability\" content=\"instock\" \/>\n<meta property=\"product:retailer_item_id\" content=\"9100-BE96-1\" \/>\n<meta property=\"product:condition\" content=\"new\" \/>\n<!-- \/ Yoast SEO Premium plugin. -->","yoast_head_json":{"title":"Bioethanol 96,6% til professionel forrensning - versiegelung24.com","robots":{"index":"index","follow":"follow","max-snippet":"max-snippet:-1","max-image-preview":"max-image-preview:large","max-video-preview":"max-video-preview:-1"},"canonical":"https:\/\/www.versiegelung24.com\/da\/bioethanol-966-til-professionel-forrensning.html","og_locale":"da_DK","og_type":"article","og_title":"Bioethanol 96,6% til professionel forrensning","og_description":"\u2713 Bioethanol fremstillet af 100% majs og sukkerroer \u2713 Regional produktion med ingredienser fra Europa \u2713 Produktion efter h\u00f8je europ\u00e6iske retningslinjer \u2713 Sikkerhed &amp; kvalitet gennem h\u00f8je standarder","og_url":"https:\/\/www.versiegelung24.com\/da\/bioethanol-966-til-professionel-forrensning.html","og_site_name":"versiegelung24.com","article_modified_time":"2025-01-13T15:59:52+00:00","og_image":[{"width":2560,"height":2560,"url":"https:\/\/www.versiegelung24.com\/wp-content\/uploads\/2020\/04\/produkt_9100-950-1000-bioethanol-flasche.jpeg","type":"image\/jpeg"}],"twitter_card":"summary_large_image","twitter_misc":{"Pris":"9,99&euro;","Tilg\u00e6ngelighed":"P\u00e5 lager"},"schema":{"@context":"https:\/\/schema.org","@graph":[{"@type":["WebPage","FAQPage"],"@id":"https:\/\/www.versiegelung24.com\/da\/bioethanol-966-til-professionel-forrensning.html","url":"https:\/\/www.versiegelung24.com\/da\/bioethanol-966-til-professionel-forrensning.html","name":"Bioethanol 96,6% til professionel forrensning - versiegelung24.com","isPartOf":{"@id":"https:\/\/www.versiegelung24.com\/da\/#website"},"primaryImageOfPage":{"@id":"https:\/\/www.versiegelung24.com\/da\/bioethanol-966-til-professionel-forrensning.html#primaryimage"},"image":{"@id":"https:\/\/www.versiegelung24.com\/da\/bioethanol-966-til-professionel-forrensning.html#primaryimage"},"thumbnailUrl":"https:\/\/www.versiegelung24.com\/wp-content\/uploads\/2020\/04\/produkt_9100-950-1000-bioethanol-flasche.jpeg","datePublished":"2020-04-04T16:53:41+00:00","dateModified":"2025-01-13T15:59:52+00:00","breadcrumb":{"@id":"https:\/\/www.versiegelung24.com\/da\/bioethanol-966-til-professionel-forrensning.html#breadcrumb"},"mainEntity":[{"@id":"https:\/\/www.versiegelung24.com\/da\/bioethanol-966-til-professionel-forrensning.html#faq-question-1645793617330"},{"@id":"https:\/\/www.versiegelung24.com\/da\/bioethanol-966-til-professionel-forrensning.html#faq-question-1645793819353"},{"@id":"https:\/\/www.versiegelung24.com\/da\/bioethanol-966-til-professionel-forrensning.html#faq-question-1645794918526"}],"inLanguage":"da-DK","potentialAction":[{"@type":"ReadAction","target":["https:\/\/www.versiegelung24.com\/da\/bioethanol-966-til-professionel-forrensning.html"]}]},{"@type":"ImageObject","inLanguage":"da-DK","@id":"https:\/\/www.versiegelung24.com\/da\/bioethanol-966-til-professionel-forrensning.html#primaryimage","url":"https:\/\/www.versiegelung24.com\/wp-content\/uploads\/2020\/04\/produkt_9100-950-1000-bioethanol-flasche.jpeg","contentUrl":"https:\/\/www.versiegelung24.com\/wp-content\/uploads\/2020\/04\/produkt_9100-950-1000-bioethanol-flasche.jpeg","width":2560,"height":2560},{"@type":"BreadcrumbList","@id":"https:\/\/www.versiegelung24.com\/da\/bioethanol-966-til-professionel-forrensning.html#breadcrumb","itemListElement":[{"@type":"ListItem","position":1,"name":"Hjemmeside","item":"https:\/\/www.versiegelung24.com\/da\/foran\/"},{"@type":"ListItem","position":2,"name":"Butik","item":"https:\/\/www.versiegelung24.com\/da\/butik\/"},{"@type":"ListItem","position":3,"name":"Bioethanol 96,6% til professionel forrensning"}]},{"@type":"WebSite","@id":"https:\/\/www.versiegelung24.com\/da\/#website","url":"https:\/\/www.versiegelung24.com\/da\/","name":"versiegelung24.com","description":"Fl\u00fcssigglas-Versiegelung - Made in Germany","publisher":{"@id":"https:\/\/www.versiegelung24.com\/da\/#organization"},"potentialAction":[{"@type":"SearchAction","target":{"@type":"EntryPoint","urlTemplate":"https:\/\/www.versiegelung24.com\/da\/?s={search_term_string}"},"query-input":{"@type":"PropertyValueSpecification","valueRequired":true,"valueName":"search_term_string"}}],"inLanguage":"da-DK"},{"@type":"Organization","@id":"https:\/\/www.versiegelung24.com\/da\/#organization","name":"versiegelung24","url":"https:\/\/www.versiegelung24.com\/da\/","logo":{"@type":"ImageObject","inLanguage":"da-DK","@id":"https:\/\/www.versiegelung24.com\/da\/#\/schema\/logo\/image\/","url":"https:\/\/www.versiegelung24.com\/wp-content\/uploads\/2020\/04\/versiegelung24.png","contentUrl":"https:\/\/www.versiegelung24.com\/wp-content\/uploads\/2020\/04\/versiegelung24.png","width":470,"height":102,"caption":"versiegelung24"},"image":{"@id":"https:\/\/www.versiegelung24.com\/da\/#\/schema\/logo\/image\/"}},{"@type":"Question","@id":"https:\/\/www.versiegelung24.com\/da\/bioethanol-966-til-professionel-forrensning.html#faq-question-1645793617330","position":1,"url":"https:\/\/www.versiegelung24.com\/da\/bioethanol-966-til-professionel-forrensning.html#faq-question-1645793617330","name":"Ist Bioethanol f\u00fcr den medizinischen Bereich zugelassen?","answerCount":1,"acceptedAnswer":{"@type":"Answer","text":"Nein! Wenn Sie ein Fl\u00e4chendesinfektionsmittel suchen, finden Sie weitere Informationen hier: <a href=\"https:\/\/www.versiegelung24.com\/desinfektionsmittel\/\">\u00dcbersicht Desinfektionsmittel<\/a>","inLanguage":"da-DK"},"inLanguage":"da-DK"},{"@type":"Question","@id":"https:\/\/www.versiegelung24.com\/da\/bioethanol-966-til-professionel-forrensning.html#faq-question-1645793819353","position":2,"url":"https:\/\/www.versiegelung24.com\/da\/bioethanol-966-til-professionel-forrensning.html#faq-question-1645793819353","name":"Wie gef\u00e4hrlich ist Bioethanol?","answerCount":1,"acceptedAnswer":{"@type":"Answer","text":"Bei der Verbrennung entstehen genau wie bei unserer Atmung Wasserdampf (H2O) und Kohlendioxid (CO2). Bioethanol 96,6% verbrennt geruchs- und r\u00fcckstandsfrei. Bei Nutzung in Feuerstellen sind stets die genauen Gefahrenhinweise zu beachten!<br \/>Bioethanol 96,6% ist leicht entz\u00fcndlich. Bei der Nutzung als Reiniger entstehen leicht brennbare Gase. <br \/>","inLanguage":"da-DK"},"inLanguage":"da-DK"},{"@type":"Question","@id":"https:\/\/www.versiegelung24.com\/da\/bioethanol-966-til-professionel-forrensning.html#faq-question-1645794918526","position":3,"url":"https:\/\/www.versiegelung24.com\/da\/bioethanol-966-til-professionel-forrensning.html#faq-question-1645794918526","name":"Kann Bioethanol (als Reiniger eingesetzt) Oberfl\u00e4chen angreifen?","answerCount":1,"acceptedAnswer":{"@type":"Answer","text":"Besonders bei Kunststoffen ist hier mit Achtsamkeit vor zu gehen. Weiche Kunststoffe wie z.B. bei Dichtungen und Schl\u00e4uchen kann dieser mit den Weichmachern reagieren und Oberfl\u00e4chen bzw. Materialien sch\u00e4digen.<br \/><br \/>Grunds\u00e4tzlich sollte bei der Oberfl\u00e4chenreinigung immer erst ein Test an unauff\u00e4lliger Stelle durchgef\u00fchrt werden.","inLanguage":"da-DK"},"inLanguage":"da-DK"}]},"product_price_amount":"9.99","product_price_currency":"EUR","og_availability":"instock","product_availability":"instock","product_retailer_item_id":"9100-BE96-1","product_condition":"new"},"_links":{"self":[{"href":"https:\/\/www.versiegelung24.com\/da\/wp-json\/wp\/v2\/product\/23612","targetHints":{"allow":["GET"]}}],"collection":[{"href":"https:\/\/www.versiegelung24.com\/da\/wp-json\/wp\/v2\/product"}],"about":[{"href":"https:\/\/www.versiegelung24.com\/da\/wp-json\/wp\/v2\/types\/product"}],"version-history":[{"count":47,"href":"https:\/\/www.versiegelung24.com\/da\/wp-json\/wp\/v2\/product\/23612\/revisions"}],"predecessor-version":[{"id":180689,"href":"https:\/\/www.versiegelung24.com\/da\/wp-json\/wp\/v2\/product\/23612\/revisions\/180689"}],"wp:featuredmedia":[{"embeddable":true,"href":"https:\/\/www.versiegelung24.com\/da\/wp-json\/wp\/v2\/media\/65147"}],"wp:attachment":[{"href":"https:\/\/www.versiegelung24.com\/da\/wp-json\/wp\/v2\/media?parent=23612"}],"wp:term":[{"taxonomy":"product_brand","embeddable":true,"href":"https:\/\/www.versiegelung24.com\/da\/wp-json\/wp\/v2\/product_brand?post=23612"},{"taxonomy":"product_cat","embeddable":true,"href":"https:\/\/www.versiegelung24.com\/da\/wp-json\/wp\/v2\/product_cat?post=23612"},{"taxonomy":"product_tag","embeddable":true,"href":"https:\/\/www.versiegelung24.com\/da\/wp-json\/wp\/v2\/product_tag?post=23612"}],"curies":[{"name":"wp","href":"https:\/\/api.w.org\/{rel}","templated":true}]}}