{"id":23897,"date":"2020-04-27T22:30:06","date_gmt":"2020-04-27T20:30:06","guid":{"rendered":"https:\/\/www.versiegelung24.com\/produkt\/moenster-professionel-stentaetning-med-dybdeeffekt"},"modified":"2025-01-04T00:04:22","modified_gmt":"2025-01-03T23:04:22","slug":"moenster-professionel-sten-forsegling-med-dybde-effekt","status":"publish","type":"product","link":"https:\/\/www.versiegelung24.com\/da\/monster-professionel-sten-forsegling-med-dybde-effekt.html","title":{"rendered":"Pr\u00f8ve: Professionel stenforsegler med dybdeeffekt &#8211; 3000-7620"},"content":{"rendered":"<p>Pr\u00f8ve af vores&nbsp;<a href=\"https:\/\/www.versiegelung24.com\/da\/stentaetning-med-lang-sigt-og-dyb-effekt.html\">stenforsegling<\/a> til testanvendelse eller forsegling af mindre omr\u00e5der.<\/p>\n","protected":false},"excerpt":{"rendered":"<p>  <strong>Til alle mineralstenoverflader indend\u00f8rs og udend\u00f8rs<\/strong><\/p>\n<p>\u2713 Vandafvisende og slidbestandig nano-coating<\/p>\n<p>\u2713 Let at reng\u00f8re effekt: snavs kl\u00e6ber ikke og kan nemt fjernes<\/p>\n<p>\u2713 Helt usynlig: Ingen \u00e6ndring i overfladens udseende og f\u00f8lelse<\/p>\n<p>\u2713 Overfladen forbliver \u00e5ndbar<\/p>\n<p>\u2713 Forhindrer v\u00e6kst af mos, lav, svampe og dannelse af gr\u00f8n v\u00e6kst<\/p>\n","protected":false},"featured_media":14605,"template":"","meta":{"_acf_changed":false,"neve_meta_sidebar":"","neve_meta_container":"","neve_meta_enable_content_width":"","neve_meta_content_width":0,"neve_meta_title_alignment":"","neve_meta_author_avatar":"","neve_post_elements_order":"","neve_meta_disable_header":"","neve_meta_disable_footer":"","neve_meta_disable_title":"","neve_meta_reading_time":"","_surfaces":[],"_ver_product_tabs":[],"footnotes":""},"product_brand":[],"product_cat":[2643],"product_tag":[],"class_list":{"0":"post-23897","1":"product","2":"type-product","3":"status-publish","4":"has-post-thumbnail","6":"product_cat-skabelon","7":"pa_gebinde-50-ml-flaske","8":"pa_gebinde-100-ml-flaske","10":"first","11":"instock","12":"sold-individually","13":"taxable","14":"shipping-taxable","15":"purchasable","16":"product-type-simple"},"acf":[],"yoast_head":"<!-- This site is optimized with the Yoast SEO Premium plugin v22.8 (Yoast SEO v27.3) - https:\/\/yoast.com\/product\/yoast-seo-premium-wordpress\/ -->\n<title>Pr\u00f8ve: Professionel stenforsegler med dybdeeffekt - 3000-7620 - versiegelung24.com<\/title>\n<meta name=\"robots\" content=\"index, follow, max-snippet:-1, max-image-preview:large, max-video-preview:-1\" \/>\n<link rel=\"canonical\" href=\"https:\/\/www.versiegelung24.com\/da\/monster-professionel-sten-forsegling-med-dybde-effekt.html\" \/>\n<meta property=\"og:locale\" content=\"da_DK\" \/>\n<meta property=\"og:type\" content=\"article\" \/>\n<meta property=\"og:title\" content=\"Pr\u00f8ve: Professionel stenforsegler med dybdeeffekt - 3000-7620\" \/>\n<meta property=\"og:description\" content=\"Til alle mineralstenoverflader indend\u00f8rs og udend\u00f8rs \u2713 Vandafvisende og slidbestandig nano-coating \u2713 Let at reng\u00f8re effekt: snavs kl\u00e6ber ikke og kan nemt fjernes \u2713 Helt usynlig: Ingen \u00e6ndring i overfladens udseende og f\u00f8lelse \u2713 Overfladen forbliver \u00e5ndbar \u2713 Forhindrer v\u00e6kst af mos, lav, svampe og dannelse af gr\u00f8n v\u00e6kst\" \/>\n<meta property=\"og:url\" content=\"https:\/\/www.versiegelung24.com\/da\/monster-professionel-sten-forsegling-med-dybde-effekt.html\" \/>\n<meta property=\"og:site_name\" content=\"versiegelung24.com\" \/>\n<meta property=\"article:modified_time\" content=\"2025-01-03T23:04:22+00:00\" \/>\n<meta property=\"og:image\" content=\"https:\/\/www.versiegelung24.com\/wp-content\/uploads\/2020\/04\/versiegelung-muster.png\" \/>\n\t<meta property=\"og:image:width\" content=\"1000\" \/>\n\t<meta property=\"og:image:height\" content=\"1000\" \/>\n\t<meta property=\"og:image:type\" content=\"image\/png\" \/>\n<meta name=\"twitter:card\" content=\"summary_large_image\" \/>\n<meta name=\"twitter:label1\" content=\"Pris\" \/>\n\t<meta name=\"twitter:data1\" content=\"14,99&euro;\" \/>\n\t<meta name=\"twitter:label2\" content=\"Tilg\u00e6ngelighed\" \/>\n\t<meta name=\"twitter:data2\" content=\"P\u00e5 lager\" \/>\n<script type=\"application\/ld+json\" class=\"yoast-schema-graph\">{\"@context\":\"https:\\\/\\\/schema.org\",\"@graph\":[{\"@type\":\"WebPage\",\"@id\":\"https:\\\/\\\/www.versiegelung24.com\\\/da\\\/monster-professionel-sten-forsegling-med-dybde-effekt.html\",\"url\":\"https:\\\/\\\/www.versiegelung24.com\\\/da\\\/monster-professionel-sten-forsegling-med-dybde-effekt.html\",\"name\":\"Pr\u00f8ve: Professionel stenforsegler med dybdeeffekt - 3000-7620 - versiegelung24.com\",\"isPartOf\":{\"@id\":\"https:\\\/\\\/www.versiegelung24.com\\\/da\\\/#website\"},\"primaryImageOfPage\":{\"@id\":\"https:\\\/\\\/www.versiegelung24.com\\\/da\\\/monster-professionel-sten-forsegling-med-dybde-effekt.html#primaryimage\"},\"image\":{\"@id\":\"https:\\\/\\\/www.versiegelung24.com\\\/da\\\/monster-professionel-sten-forsegling-med-dybde-effekt.html#primaryimage\"},\"thumbnailUrl\":\"https:\\\/\\\/www.versiegelung24.com\\\/wp-content\\\/uploads\\\/2020\\\/04\\\/versiegelung-muster.png\",\"datePublished\":\"2020-04-27T20:30:06+00:00\",\"dateModified\":\"2025-01-03T23:04:22+00:00\",\"breadcrumb\":{\"@id\":\"https:\\\/\\\/www.versiegelung24.com\\\/da\\\/monster-professionel-sten-forsegling-med-dybde-effekt.html#breadcrumb\"},\"inLanguage\":\"da-DK\",\"potentialAction\":[{\"@type\":\"ReadAction\",\"target\":[\"https:\\\/\\\/www.versiegelung24.com\\\/da\\\/monster-professionel-sten-forsegling-med-dybde-effekt.html\"]}]},{\"@type\":\"ImageObject\",\"inLanguage\":\"da-DK\",\"@id\":\"https:\\\/\\\/www.versiegelung24.com\\\/da\\\/monster-professionel-sten-forsegling-med-dybde-effekt.html#primaryimage\",\"url\":\"https:\\\/\\\/www.versiegelung24.com\\\/wp-content\\\/uploads\\\/2020\\\/04\\\/versiegelung-muster.png\",\"contentUrl\":\"https:\\\/\\\/www.versiegelung24.com\\\/wp-content\\\/uploads\\\/2020\\\/04\\\/versiegelung-muster.png\",\"width\":1000,\"height\":1000},{\"@type\":\"BreadcrumbList\",\"@id\":\"https:\\\/\\\/www.versiegelung24.com\\\/da\\\/monster-professionel-sten-forsegling-med-dybde-effekt.html#breadcrumb\",\"itemListElement\":[{\"@type\":\"ListItem\",\"position\":1,\"name\":\"Hjemmeside\",\"item\":\"https:\\\/\\\/www.versiegelung24.com\\\/da\\\/foran\\\/\"},{\"@type\":\"ListItem\",\"position\":2,\"name\":\"Butik\",\"item\":\"https:\\\/\\\/www.versiegelung24.com\\\/da\\\/butik\\\/\"},{\"@type\":\"ListItem\",\"position\":3,\"name\":\"Pr\u00f8ve: Professionel stenforsegler med dybdeeffekt &#8211; 3000-7620\"}]},{\"@type\":\"WebSite\",\"@id\":\"https:\\\/\\\/www.versiegelung24.com\\\/da\\\/#website\",\"url\":\"https:\\\/\\\/www.versiegelung24.com\\\/da\\\/\",\"name\":\"versiegelung24.com\",\"description\":\"Fl\u00fcssigglas-Versiegelung - Made in Germany\",\"publisher\":{\"@id\":\"https:\\\/\\\/www.versiegelung24.com\\\/da\\\/#organization\"},\"potentialAction\":[{\"@type\":\"SearchAction\",\"target\":{\"@type\":\"EntryPoint\",\"urlTemplate\":\"https:\\\/\\\/www.versiegelung24.com\\\/da\\\/?s={search_term_string}\"},\"query-input\":{\"@type\":\"PropertyValueSpecification\",\"valueRequired\":true,\"valueName\":\"search_term_string\"}}],\"inLanguage\":\"da-DK\"},{\"@type\":\"Organization\",\"@id\":\"https:\\\/\\\/www.versiegelung24.com\\\/da\\\/#organization\",\"name\":\"versiegelung24\",\"url\":\"https:\\\/\\\/www.versiegelung24.com\\\/da\\\/\",\"logo\":{\"@type\":\"ImageObject\",\"inLanguage\":\"da-DK\",\"@id\":\"https:\\\/\\\/www.versiegelung24.com\\\/da\\\/#\\\/schema\\\/logo\\\/image\\\/\",\"url\":\"https:\\\/\\\/www.versiegelung24.com\\\/wp-content\\\/uploads\\\/2020\\\/04\\\/versiegelung24.png\",\"contentUrl\":\"https:\\\/\\\/www.versiegelung24.com\\\/wp-content\\\/uploads\\\/2020\\\/04\\\/versiegelung24.png\",\"width\":470,\"height\":102,\"caption\":\"versiegelung24\"},\"image\":{\"@id\":\"https:\\\/\\\/www.versiegelung24.com\\\/da\\\/#\\\/schema\\\/logo\\\/image\\\/\"}}]}<\/script>\n<meta property=\"product:price:amount\" content=\"14.99\" \/>\n<meta property=\"product:price:currency\" content=\"EUR\" \/>\n<meta property=\"og:availability\" content=\"instock\" \/>\n<meta property=\"product:availability\" content=\"instock\" \/>\n<meta property=\"product:retailer_item_id\" content=\"3000-7620-muster\" \/>\n<meta property=\"product:condition\" content=\"new\" \/>\n<!-- \/ Yoast SEO Premium plugin. -->","yoast_head_json":{"title":"Pr\u00f8ve: Professionel stenforsegler med dybdeeffekt - 3000-7620 - versiegelung24.com","robots":{"index":"index","follow":"follow","max-snippet":"max-snippet:-1","max-image-preview":"max-image-preview:large","max-video-preview":"max-video-preview:-1"},"canonical":"https:\/\/www.versiegelung24.com\/da\/monster-professionel-sten-forsegling-med-dybde-effekt.html","og_locale":"da_DK","og_type":"article","og_title":"Pr\u00f8ve: Professionel stenforsegler med dybdeeffekt - 3000-7620","og_description":"Til alle mineralstenoverflader indend\u00f8rs og udend\u00f8rs \u2713 Vandafvisende og slidbestandig nano-coating \u2713 Let at reng\u00f8re effekt: snavs kl\u00e6ber ikke og kan nemt fjernes \u2713 Helt usynlig: Ingen \u00e6ndring i overfladens udseende og f\u00f8lelse \u2713 Overfladen forbliver \u00e5ndbar \u2713 Forhindrer v\u00e6kst af mos, lav, svampe og dannelse af gr\u00f8n v\u00e6kst","og_url":"https:\/\/www.versiegelung24.com\/da\/monster-professionel-sten-forsegling-med-dybde-effekt.html","og_site_name":"versiegelung24.com","article_modified_time":"2025-01-03T23:04:22+00:00","og_image":[{"width":1000,"height":1000,"url":"https:\/\/www.versiegelung24.com\/wp-content\/uploads\/2020\/04\/versiegelung-muster.png","type":"image\/png"}],"twitter_card":"summary_large_image","twitter_misc":{"Pris":"14,99&euro;","Tilg\u00e6ngelighed":"P\u00e5 lager"},"schema":{"@context":"https:\/\/schema.org","@graph":[{"@type":"WebPage","@id":"https:\/\/www.versiegelung24.com\/da\/monster-professionel-sten-forsegling-med-dybde-effekt.html","url":"https:\/\/www.versiegelung24.com\/da\/monster-professionel-sten-forsegling-med-dybde-effekt.html","name":"Pr\u00f8ve: Professionel stenforsegler med dybdeeffekt - 3000-7620 - versiegelung24.com","isPartOf":{"@id":"https:\/\/www.versiegelung24.com\/da\/#website"},"primaryImageOfPage":{"@id":"https:\/\/www.versiegelung24.com\/da\/monster-professionel-sten-forsegling-med-dybde-effekt.html#primaryimage"},"image":{"@id":"https:\/\/www.versiegelung24.com\/da\/monster-professionel-sten-forsegling-med-dybde-effekt.html#primaryimage"},"thumbnailUrl":"https:\/\/www.versiegelung24.com\/wp-content\/uploads\/2020\/04\/versiegelung-muster.png","datePublished":"2020-04-27T20:30:06+00:00","dateModified":"2025-01-03T23:04:22+00:00","breadcrumb":{"@id":"https:\/\/www.versiegelung24.com\/da\/monster-professionel-sten-forsegling-med-dybde-effekt.html#breadcrumb"},"inLanguage":"da-DK","potentialAction":[{"@type":"ReadAction","target":["https:\/\/www.versiegelung24.com\/da\/monster-professionel-sten-forsegling-med-dybde-effekt.html"]}]},{"@type":"ImageObject","inLanguage":"da-DK","@id":"https:\/\/www.versiegelung24.com\/da\/monster-professionel-sten-forsegling-med-dybde-effekt.html#primaryimage","url":"https:\/\/www.versiegelung24.com\/wp-content\/uploads\/2020\/04\/versiegelung-muster.png","contentUrl":"https:\/\/www.versiegelung24.com\/wp-content\/uploads\/2020\/04\/versiegelung-muster.png","width":1000,"height":1000},{"@type":"BreadcrumbList","@id":"https:\/\/www.versiegelung24.com\/da\/monster-professionel-sten-forsegling-med-dybde-effekt.html#breadcrumb","itemListElement":[{"@type":"ListItem","position":1,"name":"Hjemmeside","item":"https:\/\/www.versiegelung24.com\/da\/foran\/"},{"@type":"ListItem","position":2,"name":"Butik","item":"https:\/\/www.versiegelung24.com\/da\/butik\/"},{"@type":"ListItem","position":3,"name":"Pr\u00f8ve: Professionel stenforsegler med dybdeeffekt &#8211; 3000-7620"}]},{"@type":"WebSite","@id":"https:\/\/www.versiegelung24.com\/da\/#website","url":"https:\/\/www.versiegelung24.com\/da\/","name":"versiegelung24.com","description":"Fl\u00fcssigglas-Versiegelung - Made in Germany","publisher":{"@id":"https:\/\/www.versiegelung24.com\/da\/#organization"},"potentialAction":[{"@type":"SearchAction","target":{"@type":"EntryPoint","urlTemplate":"https:\/\/www.versiegelung24.com\/da\/?s={search_term_string}"},"query-input":{"@type":"PropertyValueSpecification","valueRequired":true,"valueName":"search_term_string"}}],"inLanguage":"da-DK"},{"@type":"Organization","@id":"https:\/\/www.versiegelung24.com\/da\/#organization","name":"versiegelung24","url":"https:\/\/www.versiegelung24.com\/da\/","logo":{"@type":"ImageObject","inLanguage":"da-DK","@id":"https:\/\/www.versiegelung24.com\/da\/#\/schema\/logo\/image\/","url":"https:\/\/www.versiegelung24.com\/wp-content\/uploads\/2020\/04\/versiegelung24.png","contentUrl":"https:\/\/www.versiegelung24.com\/wp-content\/uploads\/2020\/04\/versiegelung24.png","width":470,"height":102,"caption":"versiegelung24"},"image":{"@id":"https:\/\/www.versiegelung24.com\/da\/#\/schema\/logo\/image\/"}}]},"product_price_amount":"14.99","product_price_currency":"EUR","og_availability":"instock","product_availability":"instock","product_retailer_item_id":"3000-7620-muster","product_condition":"new"},"_links":{"self":[{"href":"https:\/\/www.versiegelung24.com\/da\/wp-json\/wp\/v2\/product\/23897","targetHints":{"allow":["GET"]}}],"collection":[{"href":"https:\/\/www.versiegelung24.com\/da\/wp-json\/wp\/v2\/product"}],"about":[{"href":"https:\/\/www.versiegelung24.com\/da\/wp-json\/wp\/v2\/types\/product"}],"version-history":[{"count":2,"href":"https:\/\/www.versiegelung24.com\/da\/wp-json\/wp\/v2\/product\/23897\/revisions"}],"predecessor-version":[{"id":140578,"href":"https:\/\/www.versiegelung24.com\/da\/wp-json\/wp\/v2\/product\/23897\/revisions\/140578"}],"wp:featuredmedia":[{"embeddable":true,"href":"https:\/\/www.versiegelung24.com\/da\/wp-json\/wp\/v2\/media\/14605"}],"wp:attachment":[{"href":"https:\/\/www.versiegelung24.com\/da\/wp-json\/wp\/v2\/media?parent=23897"}],"wp:term":[{"taxonomy":"product_brand","embeddable":true,"href":"https:\/\/www.versiegelung24.com\/da\/wp-json\/wp\/v2\/product_brand?post=23897"},{"taxonomy":"product_cat","embeddable":true,"href":"https:\/\/www.versiegelung24.com\/da\/wp-json\/wp\/v2\/product_cat?post=23897"},{"taxonomy":"product_tag","embeddable":true,"href":"https:\/\/www.versiegelung24.com\/da\/wp-json\/wp\/v2\/product_tag?post=23897"}],"curies":[{"name":"wp","href":"https:\/\/api.w.org\/{rel}","templated":true}]}}