{"id":23947,"date":"2020-04-27T21:45:35","date_gmt":"2021-08-02T20:13:00","guid":{"rendered":"https:\/\/www.versiegelung24.com\/produkt\/anti-graffiti-beskyttende-belaegning-yderst-effektiv-facadetaetning"},"modified":"2025-01-03T23:59:54","modified_gmt":"2025-01-03T22:59:54","slug":"anti-graffiti-beskyttende-belaegning-yderst-effektiv-facade-forsegling","status":"publish","type":"product","link":"https:\/\/www.versiegelung24.com\/da\/anti-graffiti-beskyttende-belaegning-yderst-effektiv-facade-forsegling.html","title":{"rendered":"Graffiti-beskyttende bel\u00e6gning &#8211; Anti-graffiti-bel\u00e6gning"},"content":{"rendered":"\n<p>7626 Anti Graffiti Coating er en ekstremt holdbar og gennemsigtig l\u00f8sning mod graffitibesmudsning uden behov for et offerlag. Dette permanente beskyttelsessystem, som holder i op til 20 \u00e5r, n\u00e5r det bruges korrekt, og som kan fjerne graffiti mindst 20 gange, g\u00f8r det nemt at fjerne graffiti med koldt vand og uden brug af kemikalier. Den er ideel til n\u00e6sten alle overflader.<\/p>\n\n<h4 class=\"wp-block-heading\" id=\"h-video-der-anti-graffiti-schutzanstrich-im-praxistest\">Video &#8211; Den anti -graffiti beskyttende bel\u00e6gning i en praktisk test:<\/h4>\n\n<div class=\"wp-block-columns is-layout-flex wp-container-core-columns-is-layout-9d6595d7 wp-block-columns-is-layout-flex\">\n<div class=\"wp-block-column is-layout-flow wp-block-column-is-layout-flow\">\n<figure class=\"wp-block-embed is-type-video is-provider-youtube wp-block-embed-youtube wp-embed-aspect-16-9 wp-has-aspect-ratio\"><div class=\"wp-block-embed__wrapper\"> \n<div class=\"nv-iframe-embed\"><iframe title=\"Graffiti Entfernung an einem Bahnhof - Graffiti Schutzanstrich - Versiegelung24.com\" width=\"1200\" height=\"675\" src=\"https:\/\/www.youtube.com\/embed\/O7C47GU6pd8?feature=oembed\" frameborder=\"0\" allow=\"accelerometer; autoplay; clipboard-write; encrypted-media; gyroscope; picture-in-picture; web-share\" referrerpolicy=\"strict-origin-when-cross-origin\" allowfullscreen><\/iframe><\/div>\n <\/div><\/figure>\n<\/div>\n\n\n\n<div class=\"wp-block-column is-layout-flow wp-block-column-is-layout-flow\">\n<figure class=\"wp-block-embed is-type-video is-provider-youtube wp-block-embed-youtube wp-embed-aspect-16-9 wp-has-aspect-ratio\"><div class=\"wp-block-embed__wrapper\"> \n<div class=\"nv-iframe-embed\"><iframe title=\"Erkla\u0308rung Grafffiti-Schutzanstrich - versiegelung24.com\" width=\"1200\" height=\"675\" src=\"https:\/\/www.youtube.com\/embed\/zy_puhXRc4s?feature=oembed\" frameborder=\"0\" allow=\"accelerometer; autoplay; clipboard-write; encrypted-media; gyroscope; picture-in-picture; web-share\" referrerpolicy=\"strict-origin-when-cross-origin\" allowfullscreen><\/iframe><\/div>\n <\/div><\/figure>\n<\/div>\n<\/div>\n\n<h4 class=\"wp-block-heading\" id=\"properties\">Produktets egenskaber<\/h4>\n\n<div class=\"wp-block-columns is-layout-flex wp-container-core-columns-is-layout-9d6595d7 wp-block-columns-is-layout-flex\">\n<div class=\"wp-block-column is-layout-flow wp-block-column-is-layout-flow\">\n<p><strong>Meget effektiv anti-graffiti-forsegling med langvarig beskyttelse og uden skyggedannelse i mange \u00e5r<\/strong><\/p>\n\n\n\n<p><br\/>Varenummer: 9201-7626 H\u00f8j kvalitet Made in Germany<\/p>\n\n\n\n<p>Bare \u00e9n p\u00e5f\u00f8ring af dette produkt kan v\u00e6re nok til at skabe en effektiv beskyttende barriere. S\u00e6rligt absorberende materialer, s\u00e5som sandsten, kan f\u00f8rst kr\u00e6ve en primeropl\u00f8sning eller et andet lag af 7626 Anti-Graffiti Film. Dette b\u00f8r g\u00f8res efter ca. en halv time ved temperaturer over 20 grader celsius eller efter tre til fire timer ved k\u00f8ligere forhold for at beskytte overfladen i mange \u00e5r fremover.<\/p>\n\n\n\n<p><strong>produktsikkerhed<\/strong><\/p>\n\n\n\n<p>Oplysninger om klassificering af produktet inden for rammerne af bekendtg\u00f8relse om farlige stoffer, sikkerhedsdata og data om toksikologi og opbevaring findes i vores sikkerhedsdatablad.<\/p>\n\n\n\n<p><strong>opbevaring<\/strong><\/p>\n\n\n\n<p>V24 anti-graffiti forsegling b\u00f8r ikke komme i kontakt med fugt. Det skal opbevares i den originale, lukkede beholder ved opbevaringstemperaturer. Beskyt mod direkte sollys.<\/p>\n<\/div>\n\n\n\n<div class=\"wp-block-column is-layout-flow wp-block-column-is-layout-flow\">\n<p><strong>Hurtig h\u00e6rdning<\/strong><\/p>\n\n\n\n<p>Kort tid efter p\u00e5f\u00f8ring er fugemassen allerede t\u00f8r og n\u00e5r sin fulde effektivitet inden for et par timer. Fjernelsen af graffiti er derfor ukompliceret og hurtig. Alt, hvad du beh\u00f8ver for at reng\u00f8re de coatede overflader, er en h\u00f8jtryksrenser (op til maks. 80 bar) eller en sk\u00e5nsom b\u00f8rste uden tils\u00e6tning af kemiske reng\u00f8ringsmidler.<\/p>\n\n\n\n<p>\u2713 Meget st\u00e6rk vedh\u00e6ftning<\/p>\n\n\n\n<p>\u2713 Ingen skygge dannelse<\/p>\n\n\n\n<p>\u2713 Enkomponentsystem: (i de fleste tilf\u00e6lde) er kun \u00e9t lag tilstr\u00e6kkeligt<\/p>\n\n\n\n<p>\u2713 Let at anvende ved at male. Ingen blanding osv. P\u00e5kr\u00e6vet.<\/p>\n\n\n\n<p>\u2713 Langsigtet beskyttelse<\/p>\n\n\n\n<p>\u2713 Graffiti kan normalt fjernes hurtigt og let med vand. I de fleste tilf\u00e6lde er graffitifjernere ikke p\u00e5kr\u00e6vet.<\/p>\n\n\n\n<p>\u2713 Kan ogs\u00e5 bruges som beskyttelse mod uautoriseret opslag (plakater kan ikke kl\u00e6bes) <\/p>\n\n\n\n<p>\u2713 V\u00e6ske er ikke et farligt gods<\/p>\n\n\n\n<p>\u2713 F\u00e5s ogs\u00e5 i RAL-farver (minimumsm\u00e6ngde 100 liter &#8211; till\u00e6g +20%)<\/p>\n<\/div>\n<\/div>\n\n<hr\/>\n\n<h4 class=\"wp-block-heading\" id=\"application\">Anvendelse<\/h4>\n\n<p>P\u00e5f\u00f8ringen er ekstremt ligetil: Du skal blot \u00e5bne beholderen og p\u00e5f\u00f8re produktet med en malerulle &#8211; ingen forudg\u00e5ende blanding er n\u00f8dvendig, hvilket sparer tid og forenkler processen. N\u00e5r man bruger anti-graffiti-folien i en bestemt RAL-farve, kan eksisterende graffiti simpelthen males over. Den klare version beskytter ogs\u00e5 &#8220;\u00f8nskv\u00e6rdige&#8221; graffitikunstv\u00e6rker.<\/p>\n\n<div class=\"wp-block-columns is-layout-flex wp-container-core-columns-is-layout-9d6595d7 wp-block-columns-is-layout-flex\">\n<div class=\"wp-block-column is-layout-flow wp-block-column-is-layout-flow\">\n<ul class=\"wp-block-list\">\n<li>det<strong> V24 anti-graffiti forsegling<\/strong> p\u00e5f\u00f8res ufortyndet p\u00e5 den forrensede og t\u00f8rrede overflade.<\/li>\n<\/ul>\n\n\n\n<ul class=\"wp-block-list\">\n<li>Alle overflader, der skal behandles, skal v\u00e6re t\u00f8rre og godt rengjorte. En ekstra primer skal p\u00e5f\u00f8res sandsten og mursten.<\/li>\n<\/ul>\n\n\n\n<ul class=\"wp-block-list\">\n<li><strong>V24 anti-graffiti fugemasse<\/strong> m\u00e5 ikke komme i kontakt med vand f\u00f8r eller under behandlingen og b\u00f8r ikke p\u00e5f\u00f8res, n\u00e5r det regner.<\/li>\n<\/ul>\n\n\n\n<ul class=\"wp-block-list\">\n<li>T\u00e6tningsmidlet kan p\u00e5f\u00f8res med en pensel, rulle eller airless spray.<\/li>\n<\/ul>\n\n\n\n<ul class=\"wp-block-list\">\n<li>Overfladen er t\u00f8r at r\u00f8re ved efter 3-4 timer.<\/li>\n<\/ul>\n\n\n\n<ul class=\"wp-block-list\">\n<li>Bel\u00e6gningen tv\u00e6rbindes fuldst\u00e6ndigt og h\u00e6rdes efter 24 timer.<\/li>\n<\/ul>\n\n\n\n<p>En detaljeret ans\u00f8gningsbeskrivelse kan findes i vores datablad<\/p>\n<\/div>\n\n\n\n<div class=\"wp-block-column is-layout-flow wp-block-column-is-layout-flow\">\n<p>Den n\u00f8dvendige m\u00e6ngde afh\u00e6nger af sugeevnen p\u00e5 overfladen, der skal bel\u00e6gges. Udbyttet er cirka 8-10m\u00b2\/liter for glatte, ikke-sugende overflader og 6-8m\u00b2\/liter for sugende overflader.<\/p>\n\n\n\n<p>Bekl\u00e6dning af aluminium*<\/p>\n\n\n\n<p>Beton (tunneler, ruter, st\u00f8jbeskyttelse og st\u00f8ttemure, bropiller, murv\u00e6rk osv.)<\/p>\n\n\n\n<p>\u2713 Glasfiber<\/p>\n\n\n\n<p>\u2713 Glas*<\/p>\n\n\n\n<p>\u2713 tr\u00e6<\/p>\n\n\n\n<p>\u2713 Plast*<\/p>\n\n\n\n<p>Murv\u00e6rk (herunder mursten, natursten, klinker, marmor, sten, fliser, granit)<\/p>\n\n\n\n<p>\u2713 Multi-purpose kasser (distributionskasser)<\/p>\n\n\n\n<p>\u2713 Metal*<\/p>\n\n\n\n<p>\u2713 St\u00e5l*<\/p>\n\n\n\n<p>\u2713 Gadeskilte<\/p>\n\n\n\n<p>\u2713 Stukkatur<\/p>\n\n\n\n<p>\u2713 Vinylpaneler<\/p>\n\n\n\n<p>*Det er vigtigt at bem\u00e6rke, at vedh\u00e6ftning til polerede og glatte overflader ikke er s\u00e5 st\u00e6rk som vedh\u00e6ftning til ru eller por\u00f8se overflader.<\/p>\n<\/div>\n<\/div>\n\n<div style=\"height:18px\" aria-hidden=\"true\" class=\"wp-block-spacer\"><\/div>\n\n<hr\/>\n\n<h4 class=\"wp-block-heading\" id=\"advisor\">R\u00e5dgiver<\/h4>\n\n<h2 class=\"wp-block-heading\" id=\"h-was-ist-graffitischutz-und-warum-ist-er-wichtig\">Hvad er graffitibeskyttelse, og hvorfor er det vigtigt?<\/h2>\n\n<p>Graffitibeskyttelse er foranstaltninger, der skal forhindre graffitimaling i at s\u00e6tte sig fast p\u00e5 overflader og for\u00e5rsage skade. Uden passende beskyttelse kan graffiti beskadige facaden, f\u00f8re til h\u00f8je reng\u00f8ringsomkostninger og reducere ejendommens v\u00e6rdi. Brugen af graffitibeskyttelse er derfor afg\u00f8rende af b\u00e5de \u00e6stetiske og \u00f8konomiske \u00e5rsager.<\/p>\n\n<h2 class=\"wp-block-heading\" id=\"h-welche-arten-von-schutz-gibt-es\">Hvilke typer beskyttelse findes der?<\/h2>\n\n<p>Der findes forskellige typer graffitibeskyttelse, som kan v\u00e6lges alt efter behov og overflade:<\/p>\n\n<p><br\/><br\/>P<strong>ermanent<\/strong> <strong>graffitibeskyttelse<\/strong>: Denne type beskyttelse danner et permanent beskyttelseslag p\u00e5 overfladen og g\u00f8r det nemt at fjerne graffiti uden at p\u00e5f\u00f8re beskyttelsesmidlet igen.<strong>Semi-permanent<\/strong> <strong>graffitibeskyttelse<\/strong>: Denne beskyttelse skal fornyes, n\u00e5r graffitien er fjernet, men giver ogs\u00e5 en effektiv barriere mod graffiti. Hvordan fungerer impr\u00e6gnering som graffitibeskyttelse?<\/p>\n\n<p><strong>Impr\u00e6gneringer<\/strong> tr\u00e6nger dybt ind i underlaget og danner et usynligt beskyttende lag, der forhindrer graffitimaling i at tr\u00e6nge ind i materialet. Det g\u00f8r reng\u00f8ringen lettere og beskytter overfladen permanent. Hvad er forskellen mellem permanent og semi-permanent antigraffitiforsegling?<\/p>\n\n<p><strong>Permanent graffitibeskyttelse<\/strong> forbliver p\u00e5 overfladen og skal ikke fornyes, mens semi-permanent beskyttelse skal fornyes efter hver graffitifjernelse. Permanente l\u00f8sninger er derfor en mere langsigtet og mindre vedligeholdelseskr\u00e6vende l\u00f8sning.<\/p>\n\n<h2 class=\"wp-block-heading\" id=\"h-welche-produkte-eignen-sich-fur-den-graffiti-schutz-auf-beton-und-naturstein\">Hvilke produkter egner sig til graffitibeskyttelse p\u00e5 beton og natursten?<\/h2>\n\n<p>Vores impr\u00e6gnering kan bruges p\u00e5 beton eller natursten uden problemer.<\/p>\n\n<h2 class=\"wp-block-heading\" id=\"h-wie-wird-der-graffitischutz-auf-unterschiedlichen-untergrunden-angewendet\">Hvordan p\u00e5f\u00f8res graffitibeskyttelse p\u00e5 forskellige overflader?<\/h2>\n\n<p>P\u00e5f\u00f8ring af graffitibeskyttelse varierer afh\u00e6ngigt af underlaget. I mods\u00e6tning til f.eks. glas eller plast kr\u00e6ver beton, natursten og klinker forskellige tilgange for at sikre optimal beskyttelse.  <\/p>\n\n<h2 class=\"wp-block-heading\" id=\"h-welche-rolle-spielt-die-reinigung-bei-der-graffitientfernung\">Hvilken rolle spiller reng\u00f8ring i forbindelse med fjernelse af graffiti?<\/h2>\n\n<p>Reng\u00f8ring spiller en afg\u00f8rende rolle i fjernelse af graffiti. Med de rigtige reng\u00f8ringsprodukter og -metoder kan graffiti fjernes hurtigt og effektivt uden at beskadige det beskyttende lag nedenunder.<\/p>\n\n<h2 class=\"wp-block-heading\" id=\"h-tipps-zur-auswahl-des-richtigen-graffitischutz-produkts\">Tips til at v\u00e6lge det rigtige graffitibeskyttelsesprodukt<\/h2>\n\n<p><strong>Analyser underlaget<\/strong>:<br\/> Tjek, hvilket materiale din facade er lavet af, og v\u00e6lg det passende beskyttelsesprodukt.<strong>L\u00e6s produktinformationen<\/strong>:<br\/> Informer dig grundigt om produktets egenskaber, f.eks. om det er opl\u00f8sningsmiddelfrit og UV-bestandigt.<strong>Brug teknisk r\u00e5dgivning<\/strong>: Brug den tekniske support p\u00e5 Versiegelung24.com for at sikre, at produktet anvendes korrekt.<br\/><\/p>\n\n<h2 class=\"wp-block-heading\" id=\"h-zusammenfassung-der-wichtigsten-punkte\">Opsummering af de vigtigste punkter<\/h2>\n\n<p><br\/><br\/><br\/>Graffitibeskyttelse er vigtig for at beskytte facader mod skader og v\u00e6rditab. Der findes permanente og semi-permanente l\u00f8sninger til graffitibeskyttelse, som kan v\u00e6lges efter behov.<strong>Impr\u00e6gnering er en effektiv metode<\/strong> til at holde graffiti v\u00e6k fra beton, natursten og klinker. Korrekt p\u00e5f\u00f8ring og reng\u00f8ring er afg\u00f8rende for graffitibeskyttelsens succes p\u00e5 lang sigt.<\/p>\n","protected":false},"excerpt":{"rendered":"<p><strong>Meget effektiv facadet\u00e6tning med langvarig beskyttelse og uden skyggedannelse<\/strong>  <\/p>\n<p>\u2713 Nem at bruge: ingen blanding osv. p\u00e5kr\u00e6vet<\/p>\n<p>\u2713 Langtidsbeskyttelse og satinfinish<\/p>\n<p>\u2713 Fuld d\u00e6kning: Ingen skygger<\/p>\n<p>\u2713 Efter maling kan graffiti nemt fjernes med vand<\/p>\n<p>\u2713 Ber\u00f8ringst\u00f8r efter 3-4 timer<\/p>\n","protected":false},"featured_media":169217,"template":"","meta":{"_acf_changed":false,"neve_meta_sidebar":"","neve_meta_container":"","neve_meta_enable_content_width":"","neve_meta_content_width":0,"neve_meta_title_alignment":"","neve_meta_author_avatar":"","neve_post_elements_order":"","neve_meta_disable_header":"","neve_meta_disable_footer":"","neve_meta_disable_title":"","neve_meta_reading_time":"","_surfaces":[],"_ver_product_tabs":[],"footnotes":""},"product_brand":[],"product_cat":[2453],"product_tag":[],"class_list":{"0":"post-23947","1":"product","2":"type-product","3":"status-publish","4":"has-post-thumbnail","6":"product_cat-taetning-af-sten-og-beton","7":"pa_gebinde-5-liters-beholder","8":"pa_gebinde-5-liters-beholder-i-ral-farve","10":"first","11":"instock","12":"taxable","13":"shipping-taxable","14":"purchasable","15":"product-type-variable","16":"has-default-attributes"},"acf":[],"yoast_head":"<!-- This site is optimized with the Yoast SEO Premium plugin v22.8 (Yoast SEO v27.5) - https:\/\/yoast.com\/product\/yoast-seo-premium-wordpress\/ -->\n<title>Graffiti-beskyttende bel\u00e6gning - Anti-graffiti-bel\u00e6gning - versiegelung24.com<\/title>\n<meta name=\"description\" content=\"Anti-graffiti coating - Beskyt din facade mod u\u00f8nsket graffiti - nu hos Versiegelung24.com\" \/>\n<meta name=\"robots\" content=\"index, follow, max-snippet:-1, max-image-preview:large, max-video-preview:-1\" \/>\n<link rel=\"canonical\" href=\"https:\/\/www.versiegelung24.com\/da\/anti-graffiti-beskyttende-belaegning-yderst-effektiv-facade-forsegling.html\" \/>\n<meta property=\"og:locale\" content=\"da_DK\" \/>\n<meta property=\"og:type\" content=\"article\" \/>\n<meta property=\"og:title\" content=\"Graffiti-beskyttende bel\u00e6gning - Anti-graffiti-bel\u00e6gning\" \/>\n<meta property=\"og:description\" content=\"Anti-graffiti coating - Beskyt din facade mod u\u00f8nsket graffiti - nu hos Versiegelung24.com\" \/>\n<meta property=\"og:url\" content=\"https:\/\/www.versiegelung24.com\/da\/anti-graffiti-beskyttende-belaegning-yderst-effektiv-facade-forsegling.html\" \/>\n<meta property=\"og:site_name\" content=\"versiegelung24.com\" \/>\n<meta property=\"article:modified_time\" content=\"2025-01-03T22:59:54+00:00\" \/>\n<meta property=\"og:image\" content=\"https:\/\/www.versiegelung24.com\/wp-content\/uploads\/2020\/04\/7626-anti-graffiti.webp\" \/>\n\t<meta property=\"og:image:width\" content=\"2560\" \/>\n\t<meta property=\"og:image:height\" content=\"2560\" \/>\n\t<meta property=\"og:image:type\" content=\"image\/webp\" \/>\n<meta name=\"twitter:card\" content=\"summary_large_image\" \/>\n<meta name=\"twitter:label1\" content=\"Tilg\u00e6ngelighed\" \/>\n\t<meta name=\"twitter:data1\" content=\"P\u00e5 lager\" \/>\n<script type=\"application\/ld+json\" class=\"yoast-schema-graph\">{\"@context\":\"https:\\\/\\\/schema.org\",\"@graph\":[{\"@type\":\"WebPage\",\"@id\":\"https:\\\/\\\/www.versiegelung24.com\\\/da\\\/anti-graffiti-beskyttende-belaegning-yderst-effektiv-facade-forsegling.html\",\"url\":\"https:\\\/\\\/www.versiegelung24.com\\\/da\\\/anti-graffiti-beskyttende-belaegning-yderst-effektiv-facade-forsegling.html\",\"name\":\"Graffiti-beskyttende bel\u00e6gning - Anti-graffiti-bel\u00e6gning - versiegelung24.com\",\"isPartOf\":{\"@id\":\"https:\\\/\\\/www.versiegelung24.com\\\/da\\\/#website\"},\"primaryImageOfPage\":{\"@id\":\"https:\\\/\\\/www.versiegelung24.com\\\/da\\\/anti-graffiti-beskyttende-belaegning-yderst-effektiv-facade-forsegling.html#primaryimage\"},\"image\":{\"@id\":\"https:\\\/\\\/www.versiegelung24.com\\\/da\\\/anti-graffiti-beskyttende-belaegning-yderst-effektiv-facade-forsegling.html#primaryimage\"},\"thumbnailUrl\":\"https:\\\/\\\/www.versiegelung24.com\\\/wp-content\\\/uploads\\\/2020\\\/04\\\/7626-anti-graffiti.webp\",\"datePublished\":\"2021-08-02T20:13:00+00:00\",\"dateModified\":\"2025-01-03T22:59:54+00:00\",\"description\":\"Anti-graffiti coating - Beskyt din facade mod u\u00f8nsket graffiti - nu hos Versiegelung24.com\",\"breadcrumb\":{\"@id\":\"https:\\\/\\\/www.versiegelung24.com\\\/da\\\/anti-graffiti-beskyttende-belaegning-yderst-effektiv-facade-forsegling.html#breadcrumb\"},\"inLanguage\":\"da-DK\",\"potentialAction\":[{\"@type\":\"ReadAction\",\"target\":[\"https:\\\/\\\/www.versiegelung24.com\\\/da\\\/anti-graffiti-beskyttende-belaegning-yderst-effektiv-facade-forsegling.html\"]}]},{\"@type\":\"ImageObject\",\"inLanguage\":\"da-DK\",\"@id\":\"https:\\\/\\\/www.versiegelung24.com\\\/da\\\/anti-graffiti-beskyttende-belaegning-yderst-effektiv-facade-forsegling.html#primaryimage\",\"url\":\"https:\\\/\\\/www.versiegelung24.com\\\/wp-content\\\/uploads\\\/2020\\\/04\\\/7626-anti-graffiti.webp\",\"contentUrl\":\"https:\\\/\\\/www.versiegelung24.com\\\/wp-content\\\/uploads\\\/2020\\\/04\\\/7626-anti-graffiti.webp\",\"width\":2560,\"height\":2560},{\"@type\":\"BreadcrumbList\",\"@id\":\"https:\\\/\\\/www.versiegelung24.com\\\/da\\\/anti-graffiti-beskyttende-belaegning-yderst-effektiv-facade-forsegling.html#breadcrumb\",\"itemListElement\":[{\"@type\":\"ListItem\",\"position\":1,\"name\":\"Hjemmeside\",\"item\":\"https:\\\/\\\/www.versiegelung24.com\\\/da\\\/foran\\\/\"},{\"@type\":\"ListItem\",\"position\":2,\"name\":\"Butik\",\"item\":\"https:\\\/\\\/www.versiegelung24.com\\\/da\\\/butik\\\/\"},{\"@type\":\"ListItem\",\"position\":3,\"name\":\"Graffiti-beskyttende bel\u00e6gning &#8211; Anti-graffiti-bel\u00e6gning\"}]},{\"@type\":\"WebSite\",\"@id\":\"https:\\\/\\\/www.versiegelung24.com\\\/da\\\/#website\",\"url\":\"https:\\\/\\\/www.versiegelung24.com\\\/da\\\/\",\"name\":\"versiegelung24.com\",\"description\":\"Fl\u00fcssigglas-Versiegelung - Made in Germany\",\"publisher\":{\"@id\":\"https:\\\/\\\/www.versiegelung24.com\\\/da\\\/#organization\"},\"potentialAction\":[{\"@type\":\"SearchAction\",\"target\":{\"@type\":\"EntryPoint\",\"urlTemplate\":\"https:\\\/\\\/www.versiegelung24.com\\\/da\\\/?s={search_term_string}\"},\"query-input\":{\"@type\":\"PropertyValueSpecification\",\"valueRequired\":true,\"valueName\":\"search_term_string\"}}],\"inLanguage\":\"da-DK\"},{\"@type\":\"Organization\",\"@id\":\"https:\\\/\\\/www.versiegelung24.com\\\/da\\\/#organization\",\"name\":\"versiegelung24\",\"url\":\"https:\\\/\\\/www.versiegelung24.com\\\/da\\\/\",\"logo\":{\"@type\":\"ImageObject\",\"inLanguage\":\"da-DK\",\"@id\":\"https:\\\/\\\/www.versiegelung24.com\\\/da\\\/#\\\/schema\\\/logo\\\/image\\\/\",\"url\":\"https:\\\/\\\/www.versiegelung24.com\\\/wp-content\\\/uploads\\\/2020\\\/04\\\/versiegelung24.png\",\"contentUrl\":\"https:\\\/\\\/www.versiegelung24.com\\\/wp-content\\\/uploads\\\/2020\\\/04\\\/versiegelung24.png\",\"width\":470,\"height\":102,\"caption\":\"versiegelung24\"},\"image\":{\"@id\":\"https:\\\/\\\/www.versiegelung24.com\\\/da\\\/#\\\/schema\\\/logo\\\/image\\\/\"}}]}<\/script>\n<meta property=\"og:availability\" content=\"instock\" \/>\n<meta property=\"product:availability\" content=\"instock\" \/>\n<meta property=\"product:retailer_item_id\" content=\"9201-7626-5000\" \/>\n<meta property=\"product:condition\" content=\"new\" \/>\n<!-- \/ Yoast SEO Premium plugin. -->","yoast_head_json":{"title":"Graffiti-beskyttende bel\u00e6gning - Anti-graffiti-bel\u00e6gning - versiegelung24.com","description":"Anti-graffiti coating - Beskyt din facade mod u\u00f8nsket graffiti - nu hos Versiegelung24.com","robots":{"index":"index","follow":"follow","max-snippet":"max-snippet:-1","max-image-preview":"max-image-preview:large","max-video-preview":"max-video-preview:-1"},"canonical":"https:\/\/www.versiegelung24.com\/da\/anti-graffiti-beskyttende-belaegning-yderst-effektiv-facade-forsegling.html","og_locale":"da_DK","og_type":"article","og_title":"Graffiti-beskyttende bel\u00e6gning - Anti-graffiti-bel\u00e6gning","og_description":"Anti-graffiti coating - Beskyt din facade mod u\u00f8nsket graffiti - nu hos Versiegelung24.com","og_url":"https:\/\/www.versiegelung24.com\/da\/anti-graffiti-beskyttende-belaegning-yderst-effektiv-facade-forsegling.html","og_site_name":"versiegelung24.com","article_modified_time":"2025-01-03T22:59:54+00:00","og_image":[{"width":2560,"height":2560,"url":"https:\/\/www.versiegelung24.com\/wp-content\/uploads\/2020\/04\/7626-anti-graffiti.webp","type":"image\/webp"}],"twitter_card":"summary_large_image","twitter_misc":{"Tilg\u00e6ngelighed":"P\u00e5 lager"},"schema":{"@context":"https:\/\/schema.org","@graph":[{"@type":"WebPage","@id":"https:\/\/www.versiegelung24.com\/da\/anti-graffiti-beskyttende-belaegning-yderst-effektiv-facade-forsegling.html","url":"https:\/\/www.versiegelung24.com\/da\/anti-graffiti-beskyttende-belaegning-yderst-effektiv-facade-forsegling.html","name":"Graffiti-beskyttende bel\u00e6gning - Anti-graffiti-bel\u00e6gning - versiegelung24.com","isPartOf":{"@id":"https:\/\/www.versiegelung24.com\/da\/#website"},"primaryImageOfPage":{"@id":"https:\/\/www.versiegelung24.com\/da\/anti-graffiti-beskyttende-belaegning-yderst-effektiv-facade-forsegling.html#primaryimage"},"image":{"@id":"https:\/\/www.versiegelung24.com\/da\/anti-graffiti-beskyttende-belaegning-yderst-effektiv-facade-forsegling.html#primaryimage"},"thumbnailUrl":"https:\/\/www.versiegelung24.com\/wp-content\/uploads\/2020\/04\/7626-anti-graffiti.webp","datePublished":"2021-08-02T20:13:00+00:00","dateModified":"2025-01-03T22:59:54+00:00","description":"Anti-graffiti coating - Beskyt din facade mod u\u00f8nsket graffiti - nu hos Versiegelung24.com","breadcrumb":{"@id":"https:\/\/www.versiegelung24.com\/da\/anti-graffiti-beskyttende-belaegning-yderst-effektiv-facade-forsegling.html#breadcrumb"},"inLanguage":"da-DK","potentialAction":[{"@type":"ReadAction","target":["https:\/\/www.versiegelung24.com\/da\/anti-graffiti-beskyttende-belaegning-yderst-effektiv-facade-forsegling.html"]}]},{"@type":"ImageObject","inLanguage":"da-DK","@id":"https:\/\/www.versiegelung24.com\/da\/anti-graffiti-beskyttende-belaegning-yderst-effektiv-facade-forsegling.html#primaryimage","url":"https:\/\/www.versiegelung24.com\/wp-content\/uploads\/2020\/04\/7626-anti-graffiti.webp","contentUrl":"https:\/\/www.versiegelung24.com\/wp-content\/uploads\/2020\/04\/7626-anti-graffiti.webp","width":2560,"height":2560},{"@type":"BreadcrumbList","@id":"https:\/\/www.versiegelung24.com\/da\/anti-graffiti-beskyttende-belaegning-yderst-effektiv-facade-forsegling.html#breadcrumb","itemListElement":[{"@type":"ListItem","position":1,"name":"Hjemmeside","item":"https:\/\/www.versiegelung24.com\/da\/foran\/"},{"@type":"ListItem","position":2,"name":"Butik","item":"https:\/\/www.versiegelung24.com\/da\/butik\/"},{"@type":"ListItem","position":3,"name":"Graffiti-beskyttende bel\u00e6gning &#8211; Anti-graffiti-bel\u00e6gning"}]},{"@type":"WebSite","@id":"https:\/\/www.versiegelung24.com\/da\/#website","url":"https:\/\/www.versiegelung24.com\/da\/","name":"versiegelung24.com","description":"Fl\u00fcssigglas-Versiegelung - Made in Germany","publisher":{"@id":"https:\/\/www.versiegelung24.com\/da\/#organization"},"potentialAction":[{"@type":"SearchAction","target":{"@type":"EntryPoint","urlTemplate":"https:\/\/www.versiegelung24.com\/da\/?s={search_term_string}"},"query-input":{"@type":"PropertyValueSpecification","valueRequired":true,"valueName":"search_term_string"}}],"inLanguage":"da-DK"},{"@type":"Organization","@id":"https:\/\/www.versiegelung24.com\/da\/#organization","name":"versiegelung24","url":"https:\/\/www.versiegelung24.com\/da\/","logo":{"@type":"ImageObject","inLanguage":"da-DK","@id":"https:\/\/www.versiegelung24.com\/da\/#\/schema\/logo\/image\/","url":"https:\/\/www.versiegelung24.com\/wp-content\/uploads\/2020\/04\/versiegelung24.png","contentUrl":"https:\/\/www.versiegelung24.com\/wp-content\/uploads\/2020\/04\/versiegelung24.png","width":470,"height":102,"caption":"versiegelung24"},"image":{"@id":"https:\/\/www.versiegelung24.com\/da\/#\/schema\/logo\/image\/"}}]},"og_availability":"instock","product_availability":"instock","product_retailer_item_id":"9201-7626-5000","product_condition":"new"},"_links":{"self":[{"href":"https:\/\/www.versiegelung24.com\/da\/wp-json\/wp\/v2\/product\/23947","targetHints":{"allow":["GET"]}}],"collection":[{"href":"https:\/\/www.versiegelung24.com\/da\/wp-json\/wp\/v2\/product"}],"about":[{"href":"https:\/\/www.versiegelung24.com\/da\/wp-json\/wp\/v2\/types\/product"}],"version-history":[{"count":51,"href":"https:\/\/www.versiegelung24.com\/da\/wp-json\/wp\/v2\/product\/23947\/revisions"}],"predecessor-version":[{"id":174053,"href":"https:\/\/www.versiegelung24.com\/da\/wp-json\/wp\/v2\/product\/23947\/revisions\/174053"}],"wp:featuredmedia":[{"embeddable":true,"href":"https:\/\/www.versiegelung24.com\/da\/wp-json\/wp\/v2\/media\/169217"}],"wp:attachment":[{"href":"https:\/\/www.versiegelung24.com\/da\/wp-json\/wp\/v2\/media?parent=23947"}],"wp:term":[{"taxonomy":"product_brand","embeddable":true,"href":"https:\/\/www.versiegelung24.com\/da\/wp-json\/wp\/v2\/product_brand?post=23947"},{"taxonomy":"product_cat","embeddable":true,"href":"https:\/\/www.versiegelung24.com\/da\/wp-json\/wp\/v2\/product_cat?post=23947"},{"taxonomy":"product_tag","embeddable":true,"href":"https:\/\/www.versiegelung24.com\/da\/wp-json\/wp\/v2\/product_tag?post=23947"}],"curies":[{"name":"wp","href":"https:\/\/api.w.org\/{rel}","templated":true}]}}