{"id":23995,"date":"2020-04-04T18:53:45","date_gmt":"2021-08-02T20:17:22","guid":{"rendered":"https:\/\/www.versiegelung24.com\/produkt\/premium-tekstil-og-papirforsegling-med-ekstrem-vandafvisning"},"modified":"2025-01-03T23:54:38","modified_gmt":"2025-01-03T22:54:38","slug":"premium-tekstil-og-papir-forsegling-med-ekstrem-vandafvisende","status":"publish","type":"product","link":"https:\/\/www.versiegelung24.com\/da\/premium-tekstil-og-papir-forsegling-med-ekstrem-vandafvisende.html","title":{"rendered":"Dura Tex &#8211; F\u00f8rsteklasses tekstilforsegling med ekstrem vandafvisningsevne"},"content":{"rendered":"\n<p><strong>H\u00f8jeffektiv premium tekstilforsegling med ekstrem vandafvisning, til indend\u00f8rs og udend\u00f8rs brug<\/strong><\/p>\n\n<p>Professionel kvalitet &#8211; Fremstillet i Tyskland<\/p>\n\n<p>Varenummer: 6002-7689<\/p>\n\n<p><strong>V24 Dura Tex &#8211; Premium Textile Sealer<\/strong> beskytter n\u00e6sten alle typer tekstiler og papir mod vand, snavs og pletter &#8211; og forbliver selv usynlig. Det p\u00e5virker ikke deres udseende, \u00e5ndbarhed, farve eller f\u00f8lelse p\u00e5 nogen m\u00e5de og er let at passe.<\/p>\n\n<p>Bel\u00e6gningen er ekstremt vandafvisende p\u00e5 udend\u00f8rs tekstiler; dermed forbliver de t\u00f8rre l\u00e6ngere. Olie, kaffe og andre almindelige pletter h\u00f8rer fortiden til, hvis tekstiler er blevet behandlet p\u00e5 forh\u00e5nd.<\/p>\n\n<hr\/>\n\n<h4 class=\"wp-block-heading\" id=\"properties\">Produktets egenskaber<\/h4>\n\n<div class=\"wp-block-columns is-layout-flex wp-container-core-columns-is-layout-9d6595d7 wp-block-columns-is-layout-flex\">\n<div class=\"wp-block-column is-layout-flow wp-block-column-is-layout-flow\">\n<ul class=\"wp-block-list\">\n<li>Meget st\u00e6rk hydrofob og oleofob effekt (vand- og olieafvisende)<\/li>\n\n\n\n<li>Slidbestandig let at reng\u00f8re effekt: en fast kemisk binding muligg\u00f8r fremragende slid- og vaskemaskine-resistens-bel\u00e6gningen kl\u00e6ber til fiberen, indtil den \u00f8del\u00e6gges af ydre p\u00e5virkninger<\/li>\n\n\n\n<li>Urenheder kan let fjernes med en fugtig klud<\/li>\n\n\n\n<li>\u00c5ndbar<\/li>\n\n\n\n<li>Usynlig (ingen \u00e6ndring i udseende og fornemmelse)<\/li>\n\n\n\n<li>St\u00e6rke non-stick egenskaber<\/li>\n\n\n\n<li>Beskyttelse mod pletter<\/li>\n<\/ul>\n<\/div>\n\n\n\n<div class=\"wp-block-column is-layout-flow wp-block-column-is-layout-flow\">\n<ul class=\"wp-block-list\">\n<li>\u00d8ger slidstyrken<\/li>\n\n\n\n<li>Ingen forringelse af udseendet<\/li>\n\n\n\n<li>SiO\u00b2 nano -teknologi<\/li>\n\n\n\n<li>Beskyttelse af fibrene mod indtr\u00e6ngning af snavspartikler<\/li>\n\n\n\n<li>Enkel applikation<\/li>\n\n\n\n<li>Lang holdbarhed afh\u00e6ngigt af den mekaniske belastning<\/li>\n<\/ul>\n\n\n\n<p><br\/><br\/>Leveringsomfang: 1 x literflaske 1 x produktbeskrivelse<\/p>\n<\/div>\n<\/div>\n\n<hr\/>\n\n<h4 class=\"wp-block-heading\" id=\"application\">Anvendelse<\/h4>\n\n<div class=\"wp-block-columns is-layout-flex wp-container-core-columns-is-layout-9d6595d7 wp-block-columns-is-layout-flex\">\n<div class=\"wp-block-column is-layout-flow wp-block-column-is-layout-flow\">\n<ul class=\"wp-block-list\">\n<li>t\u00f8j<\/li>\n\n\n\n<li>Udend\u00f8rs stoffer<\/li>\n\n\n\n<li>Boligtekstiler (polstring, m\u00f8bler, t\u00e6pper)<\/li>\n\n\n\n<li>Ruskind \/ l\u00e6der<\/li>\n\n\n\n<li>Papirkarton<\/li>\n<\/ul>\n\n\n\n<p>Forbruget afh\u00e6nger meget af strukturen, sugeevnen og tykkelsen af det materiale, der skal bel\u00e6gges, ca. 10-50 m\u00b2 \/ liter (ca. 10 ml \/ m\u00b2 pr. Mm tykkelse afh\u00e6ngigt af sugeevnen).<\/p>\n<\/div>\n\n\n\n<div class=\"wp-block-column is-layout-flow wp-block-column-is-layout-flow\">\n<p>Enkel applikation:<\/p>\n\n\n\n<p>1. manuel: p\u00e5f\u00f8ring ved at fugte tekstilet (spr\u00f8jte eller dyppe)<\/p>\n\n\n\n<p>2. Industriel: Anvendelse i kommercielt tilg\u00e6ngelige systemer<\/p>\n\n\n\n<p><br\/>Denne SiO2-bekl\u00e6dning er fuldt tv\u00e6rbundet og h\u00e6rdet efter 24 timer. Den reng\u00f8ringsvenlige effekt kan testes for f\u00f8rste gang efter denne h\u00e6rdningsfase.<\/p>\n<\/div>\n<\/div>\n","protected":false},"excerpt":{"rendered":"<p>\u2713 \u00c5ndbar<\/p>\n<p>\u2713 Beskyttelse mod pletter<\/p>\n<p>\u2713 Med ekstrem vandafvisning<\/p>\n<p>\u2713 Til inde og ude<\/p>\n","protected":false},"featured_media":125317,"template":"","meta":{"_acf_changed":false,"neve_meta_sidebar":"","neve_meta_container":"","neve_meta_enable_content_width":"","neve_meta_content_width":0,"neve_meta_title_alignment":"","neve_meta_author_avatar":"","neve_post_elements_order":"","neve_meta_disable_header":"","neve_meta_disable_footer":"","neve_meta_disable_title":"","neve_meta_reading_time":"","_surfaces":[],"_ver_product_tabs":[],"footnotes":""},"product_brand":[],"product_cat":[2448],"product_tag":[],"class_list":{"0":"post-23995","1":"product","2":"type-product","3":"status-publish","4":"has-post-thumbnail","6":"product_cat-laeder-og-tekstilforsegling","8":"first","9":"instock","10":"taxable","11":"shipping-taxable","12":"purchasable","13":"product-type-simple"},"acf":[],"yoast_head":"<!-- This site is optimized with the Yoast SEO Premium plugin v22.8 (Yoast SEO v27.4) - https:\/\/yoast.com\/product\/yoast-seo-premium-wordpress\/ -->\n<title>Dura Tex - F\u00f8rsteklasses tekstilforsegling med ekstrem vandafvisningsevne - versiegelung24.com<\/title>\n<meta name=\"robots\" content=\"index, follow, max-snippet:-1, max-image-preview:large, max-video-preview:-1\" \/>\n<link rel=\"canonical\" href=\"https:\/\/www.versiegelung24.com\/da\/premium-tekstil-og-papir-forsegling-med-ekstrem-vandafvisende.html\" \/>\n<meta property=\"og:locale\" content=\"da_DK\" \/>\n<meta property=\"og:type\" content=\"article\" \/>\n<meta property=\"og:title\" content=\"Dura Tex - F\u00f8rsteklasses tekstilforsegling med ekstrem vandafvisningsevne\" \/>\n<meta property=\"og:description\" content=\"\u2713 \u00c5ndbar \u2713 Beskyttelse mod pletter \u2713 Med ekstrem vandafvisning \u2713 Til inde og ude\" \/>\n<meta property=\"og:url\" content=\"https:\/\/www.versiegelung24.com\/da\/premium-tekstil-og-papir-forsegling-med-ekstrem-vandafvisende.html\" \/>\n<meta property=\"og:site_name\" content=\"versiegelung24.com\" \/>\n<meta property=\"article:modified_time\" content=\"2025-01-03T22:54:38+00:00\" \/>\n<meta property=\"og:image\" content=\"https:\/\/www.versiegelung24.com\/wp-content\/uploads\/2020\/04\/produkt-6002-7689-1000-dura-tex-Premium-Textil-Papierversiegelung-scaled.webp\" \/>\n\t<meta property=\"og:image:width\" content=\"2560\" \/>\n\t<meta property=\"og:image:height\" content=\"2560\" \/>\n\t<meta property=\"og:image:type\" content=\"image\/webp\" \/>\n<meta name=\"twitter:card\" content=\"summary_large_image\" \/>\n<meta name=\"twitter:label1\" content=\"Pris\" \/>\n\t<meta name=\"twitter:data1\" content=\"89,99&euro;\" \/>\n\t<meta name=\"twitter:label2\" content=\"Tilg\u00e6ngelighed\" \/>\n\t<meta name=\"twitter:data2\" content=\"P\u00e5 lager\" \/>\n<script type=\"application\/ld+json\" class=\"yoast-schema-graph\">{\"@context\":\"https:\\\/\\\/schema.org\",\"@graph\":[{\"@type\":\"WebPage\",\"@id\":\"https:\\\/\\\/www.versiegelung24.com\\\/da\\\/premium-tekstil-og-papir-forsegling-med-ekstrem-vandafvisende.html\",\"url\":\"https:\\\/\\\/www.versiegelung24.com\\\/da\\\/premium-tekstil-og-papir-forsegling-med-ekstrem-vandafvisende.html\",\"name\":\"Dura Tex - F\u00f8rsteklasses tekstilforsegling med ekstrem vandafvisningsevne - versiegelung24.com\",\"isPartOf\":{\"@id\":\"https:\\\/\\\/www.versiegelung24.com\\\/da\\\/#website\"},\"primaryImageOfPage\":{\"@id\":\"https:\\\/\\\/www.versiegelung24.com\\\/da\\\/premium-tekstil-og-papir-forsegling-med-ekstrem-vandafvisende.html#primaryimage\"},\"image\":{\"@id\":\"https:\\\/\\\/www.versiegelung24.com\\\/da\\\/premium-tekstil-og-papir-forsegling-med-ekstrem-vandafvisende.html#primaryimage\"},\"thumbnailUrl\":\"https:\\\/\\\/www.versiegelung24.com\\\/wp-content\\\/uploads\\\/2020\\\/04\\\/produkt-6002-7689-1000-dura-tex-Premium-Textil-Papierversiegelung-scaled.webp\",\"datePublished\":\"2021-08-02T20:17:22+00:00\",\"dateModified\":\"2025-01-03T22:54:38+00:00\",\"breadcrumb\":{\"@id\":\"https:\\\/\\\/www.versiegelung24.com\\\/da\\\/premium-tekstil-og-papir-forsegling-med-ekstrem-vandafvisende.html#breadcrumb\"},\"inLanguage\":\"da-DK\",\"potentialAction\":[{\"@type\":\"ReadAction\",\"target\":[\"https:\\\/\\\/www.versiegelung24.com\\\/da\\\/premium-tekstil-og-papir-forsegling-med-ekstrem-vandafvisende.html\"]}]},{\"@type\":\"ImageObject\",\"inLanguage\":\"da-DK\",\"@id\":\"https:\\\/\\\/www.versiegelung24.com\\\/da\\\/premium-tekstil-og-papir-forsegling-med-ekstrem-vandafvisende.html#primaryimage\",\"url\":\"https:\\\/\\\/www.versiegelung24.com\\\/wp-content\\\/uploads\\\/2020\\\/04\\\/produkt-6002-7689-1000-dura-tex-Premium-Textil-Papierversiegelung-scaled.webp\",\"contentUrl\":\"https:\\\/\\\/www.versiegelung24.com\\\/wp-content\\\/uploads\\\/2020\\\/04\\\/produkt-6002-7689-1000-dura-tex-Premium-Textil-Papierversiegelung-scaled.webp\",\"width\":2560,\"height\":2560},{\"@type\":\"BreadcrumbList\",\"@id\":\"https:\\\/\\\/www.versiegelung24.com\\\/da\\\/premium-tekstil-og-papir-forsegling-med-ekstrem-vandafvisende.html#breadcrumb\",\"itemListElement\":[{\"@type\":\"ListItem\",\"position\":1,\"name\":\"Hjemmeside\",\"item\":\"https:\\\/\\\/www.versiegelung24.com\\\/da\\\/foran\\\/\"},{\"@type\":\"ListItem\",\"position\":2,\"name\":\"Butik\",\"item\":\"https:\\\/\\\/www.versiegelung24.com\\\/da\\\/butik\\\/\"},{\"@type\":\"ListItem\",\"position\":3,\"name\":\"Dura Tex &#8211; F\u00f8rsteklasses tekstilforsegling med ekstrem vandafvisningsevne\"}]},{\"@type\":\"WebSite\",\"@id\":\"https:\\\/\\\/www.versiegelung24.com\\\/da\\\/#website\",\"url\":\"https:\\\/\\\/www.versiegelung24.com\\\/da\\\/\",\"name\":\"versiegelung24.com\",\"description\":\"Fl\u00fcssigglas-Versiegelung - Made in Germany\",\"publisher\":{\"@id\":\"https:\\\/\\\/www.versiegelung24.com\\\/da\\\/#organization\"},\"potentialAction\":[{\"@type\":\"SearchAction\",\"target\":{\"@type\":\"EntryPoint\",\"urlTemplate\":\"https:\\\/\\\/www.versiegelung24.com\\\/da\\\/?s={search_term_string}\"},\"query-input\":{\"@type\":\"PropertyValueSpecification\",\"valueRequired\":true,\"valueName\":\"search_term_string\"}}],\"inLanguage\":\"da-DK\"},{\"@type\":\"Organization\",\"@id\":\"https:\\\/\\\/www.versiegelung24.com\\\/da\\\/#organization\",\"name\":\"versiegelung24\",\"url\":\"https:\\\/\\\/www.versiegelung24.com\\\/da\\\/\",\"logo\":{\"@type\":\"ImageObject\",\"inLanguage\":\"da-DK\",\"@id\":\"https:\\\/\\\/www.versiegelung24.com\\\/da\\\/#\\\/schema\\\/logo\\\/image\\\/\",\"url\":\"https:\\\/\\\/www.versiegelung24.com\\\/wp-content\\\/uploads\\\/2020\\\/04\\\/versiegelung24.png\",\"contentUrl\":\"https:\\\/\\\/www.versiegelung24.com\\\/wp-content\\\/uploads\\\/2020\\\/04\\\/versiegelung24.png\",\"width\":470,\"height\":102,\"caption\":\"versiegelung24\"},\"image\":{\"@id\":\"https:\\\/\\\/www.versiegelung24.com\\\/da\\\/#\\\/schema\\\/logo\\\/image\\\/\"}}]}<\/script>\n<meta property=\"product:price:amount\" content=\"89.99\" \/>\n<meta property=\"product:price:currency\" content=\"EUR\" \/>\n<meta property=\"og:availability\" content=\"instock\" \/>\n<meta property=\"product:availability\" content=\"instock\" \/>\n<meta property=\"product:retailer_item_id\" content=\"6002-7689-1000\" \/>\n<meta property=\"product:condition\" content=\"new\" \/>\n<!-- \/ Yoast SEO Premium plugin. -->","yoast_head_json":{"title":"Dura Tex - F\u00f8rsteklasses tekstilforsegling med ekstrem vandafvisningsevne - versiegelung24.com","robots":{"index":"index","follow":"follow","max-snippet":"max-snippet:-1","max-image-preview":"max-image-preview:large","max-video-preview":"max-video-preview:-1"},"canonical":"https:\/\/www.versiegelung24.com\/da\/premium-tekstil-og-papir-forsegling-med-ekstrem-vandafvisende.html","og_locale":"da_DK","og_type":"article","og_title":"Dura Tex - F\u00f8rsteklasses tekstilforsegling med ekstrem vandafvisningsevne","og_description":"\u2713 \u00c5ndbar \u2713 Beskyttelse mod pletter \u2713 Med ekstrem vandafvisning \u2713 Til inde og ude","og_url":"https:\/\/www.versiegelung24.com\/da\/premium-tekstil-og-papir-forsegling-med-ekstrem-vandafvisende.html","og_site_name":"versiegelung24.com","article_modified_time":"2025-01-03T22:54:38+00:00","og_image":[{"width":2560,"height":2560,"url":"https:\/\/www.versiegelung24.com\/wp-content\/uploads\/2020\/04\/produkt-6002-7689-1000-dura-tex-Premium-Textil-Papierversiegelung-scaled.webp","type":"image\/webp"}],"twitter_card":"summary_large_image","twitter_misc":{"Pris":"89,99&euro;","Tilg\u00e6ngelighed":"P\u00e5 lager"},"schema":{"@context":"https:\/\/schema.org","@graph":[{"@type":"WebPage","@id":"https:\/\/www.versiegelung24.com\/da\/premium-tekstil-og-papir-forsegling-med-ekstrem-vandafvisende.html","url":"https:\/\/www.versiegelung24.com\/da\/premium-tekstil-og-papir-forsegling-med-ekstrem-vandafvisende.html","name":"Dura Tex - F\u00f8rsteklasses tekstilforsegling med ekstrem vandafvisningsevne - versiegelung24.com","isPartOf":{"@id":"https:\/\/www.versiegelung24.com\/da\/#website"},"primaryImageOfPage":{"@id":"https:\/\/www.versiegelung24.com\/da\/premium-tekstil-og-papir-forsegling-med-ekstrem-vandafvisende.html#primaryimage"},"image":{"@id":"https:\/\/www.versiegelung24.com\/da\/premium-tekstil-og-papir-forsegling-med-ekstrem-vandafvisende.html#primaryimage"},"thumbnailUrl":"https:\/\/www.versiegelung24.com\/wp-content\/uploads\/2020\/04\/produkt-6002-7689-1000-dura-tex-Premium-Textil-Papierversiegelung-scaled.webp","datePublished":"2021-08-02T20:17:22+00:00","dateModified":"2025-01-03T22:54:38+00:00","breadcrumb":{"@id":"https:\/\/www.versiegelung24.com\/da\/premium-tekstil-og-papir-forsegling-med-ekstrem-vandafvisende.html#breadcrumb"},"inLanguage":"da-DK","potentialAction":[{"@type":"ReadAction","target":["https:\/\/www.versiegelung24.com\/da\/premium-tekstil-og-papir-forsegling-med-ekstrem-vandafvisende.html"]}]},{"@type":"ImageObject","inLanguage":"da-DK","@id":"https:\/\/www.versiegelung24.com\/da\/premium-tekstil-og-papir-forsegling-med-ekstrem-vandafvisende.html#primaryimage","url":"https:\/\/www.versiegelung24.com\/wp-content\/uploads\/2020\/04\/produkt-6002-7689-1000-dura-tex-Premium-Textil-Papierversiegelung-scaled.webp","contentUrl":"https:\/\/www.versiegelung24.com\/wp-content\/uploads\/2020\/04\/produkt-6002-7689-1000-dura-tex-Premium-Textil-Papierversiegelung-scaled.webp","width":2560,"height":2560},{"@type":"BreadcrumbList","@id":"https:\/\/www.versiegelung24.com\/da\/premium-tekstil-og-papir-forsegling-med-ekstrem-vandafvisende.html#breadcrumb","itemListElement":[{"@type":"ListItem","position":1,"name":"Hjemmeside","item":"https:\/\/www.versiegelung24.com\/da\/foran\/"},{"@type":"ListItem","position":2,"name":"Butik","item":"https:\/\/www.versiegelung24.com\/da\/butik\/"},{"@type":"ListItem","position":3,"name":"Dura Tex &#8211; F\u00f8rsteklasses tekstilforsegling med ekstrem vandafvisningsevne"}]},{"@type":"WebSite","@id":"https:\/\/www.versiegelung24.com\/da\/#website","url":"https:\/\/www.versiegelung24.com\/da\/","name":"versiegelung24.com","description":"Fl\u00fcssigglas-Versiegelung - Made in Germany","publisher":{"@id":"https:\/\/www.versiegelung24.com\/da\/#organization"},"potentialAction":[{"@type":"SearchAction","target":{"@type":"EntryPoint","urlTemplate":"https:\/\/www.versiegelung24.com\/da\/?s={search_term_string}"},"query-input":{"@type":"PropertyValueSpecification","valueRequired":true,"valueName":"search_term_string"}}],"inLanguage":"da-DK"},{"@type":"Organization","@id":"https:\/\/www.versiegelung24.com\/da\/#organization","name":"versiegelung24","url":"https:\/\/www.versiegelung24.com\/da\/","logo":{"@type":"ImageObject","inLanguage":"da-DK","@id":"https:\/\/www.versiegelung24.com\/da\/#\/schema\/logo\/image\/","url":"https:\/\/www.versiegelung24.com\/wp-content\/uploads\/2020\/04\/versiegelung24.png","contentUrl":"https:\/\/www.versiegelung24.com\/wp-content\/uploads\/2020\/04\/versiegelung24.png","width":470,"height":102,"caption":"versiegelung24"},"image":{"@id":"https:\/\/www.versiegelung24.com\/da\/#\/schema\/logo\/image\/"}}]},"product_price_amount":"89.99","product_price_currency":"EUR","og_availability":"instock","product_availability":"instock","product_retailer_item_id":"6002-7689-1000","product_condition":"new"},"_links":{"self":[{"href":"https:\/\/www.versiegelung24.com\/da\/wp-json\/wp\/v2\/product\/23995","targetHints":{"allow":["GET"]}}],"collection":[{"href":"https:\/\/www.versiegelung24.com\/da\/wp-json\/wp\/v2\/product"}],"about":[{"href":"https:\/\/www.versiegelung24.com\/da\/wp-json\/wp\/v2\/types\/product"}],"version-history":[{"count":15,"href":"https:\/\/www.versiegelung24.com\/da\/wp-json\/wp\/v2\/product\/23995\/revisions"}],"predecessor-version":[{"id":177708,"href":"https:\/\/www.versiegelung24.com\/da\/wp-json\/wp\/v2\/product\/23995\/revisions\/177708"}],"wp:featuredmedia":[{"embeddable":true,"href":"https:\/\/www.versiegelung24.com\/da\/wp-json\/wp\/v2\/media\/125317"}],"wp:attachment":[{"href":"https:\/\/www.versiegelung24.com\/da\/wp-json\/wp\/v2\/media?parent=23995"}],"wp:term":[{"taxonomy":"product_brand","embeddable":true,"href":"https:\/\/www.versiegelung24.com\/da\/wp-json\/wp\/v2\/product_brand?post=23995"},{"taxonomy":"product_cat","embeddable":true,"href":"https:\/\/www.versiegelung24.com\/da\/wp-json\/wp\/v2\/product_cat?post=23995"},{"taxonomy":"product_tag","embeddable":true,"href":"https:\/\/www.versiegelung24.com\/da\/wp-json\/wp\/v2\/product_tag?post=23995"}],"curies":[{"name":"wp","href":"https:\/\/api.w.org\/{rel}","templated":true}]}}