{"id":24048,"date":"2020-04-29T20:41:14","date_gmt":"2020-04-29T18:41:14","guid":{"rendered":"https:\/\/www.versiegelung24.com\/produkt\/moenster-beton-stentaetning-med-ekstrem-vandafvisning-ikke-aandbar"},"modified":"2025-01-04T00:08:23","modified_gmt":"2025-01-03T23:08:23","slug":"moenster-beton-sten-forsegling-med-ekstrem-vandafvisende-ikke-aandbar","status":"publish","type":"product","link":"https:\/\/www.versiegelung24.com\/da\/monster-beton-sten-forsegling-med-ekstrem-vandafvisende-ikke-andbar.html","title":{"rendered":"Pr\u00f8ve: Premium beton- og stenforsegler med farveuddybning &#8211; ikke \u00e5ndbar &#8211; 3008-704"},"content":{"rendered":"<p>100 ml pr\u00f8ve af vores&nbsp;<a href=\"https:\/\/www.versiegelung24.com\/da\/premium-beton-sten-forsegling-ekstrem-vandafvisende-ikke-andbar.html\">stenforsegling med ekstrem vandafvisning<\/a>&nbsp;til testanvendelse eller forsegling af mindre omr\u00e5der.<\/p>\n","protected":false},"excerpt":{"rendered":"<p><strong>Ekstremt vandafvisende klarlak til indend\u00f8rs og udend\u00f8rs brug<\/strong>  <\/p>\n<p>\u2713 til alle absorberende mineralsten &amp; betonoverflader<\/p>\n<p>\u2713 Let at reng\u00f8re: snavs kl\u00e6ber ikke til og kan let fjernes<\/p>\n<p>\u2713 behandlede overflader er ikke \u00e5ndbare<\/p>\n<p>\u2713 Forhindrer v\u00e6kst af mos, lav, svampe og andre naturlige p\u00e5virkninger<\/p>\n<p>\u2713 Farvedybende effekt med en blank film \/ forbedring af overfladen<\/p>\n<p>\u2713 Holdbarhed: 5 \u00e5r+<\/p>\n","protected":false},"featured_media":14605,"template":"","meta":{"_acf_changed":false,"neve_meta_sidebar":"","neve_meta_container":"","neve_meta_enable_content_width":"","neve_meta_content_width":0,"neve_meta_title_alignment":"","neve_meta_author_avatar":"","neve_post_elements_order":"","neve_meta_disable_header":"","neve_meta_disable_footer":"","neve_meta_disable_title":"","neve_meta_reading_time":"","_surfaces":[],"_ver_product_tabs":[],"footnotes":""},"product_brand":[],"product_cat":[2643],"product_tag":[],"class_list":{"0":"post-24048","1":"product","2":"type-product","3":"status-publish","4":"has-post-thumbnail","6":"product_cat-skabelon","7":"pa_gebinde-100-ml-flaske","9":"first","10":"onbackorder","11":"sold-individually","12":"taxable","13":"shipping-taxable","14":"purchasable","15":"product-type-variable","16":"has-default-attributes"},"acf":[],"yoast_head":"<!-- This site is optimized with the Yoast SEO Premium plugin v22.8 (Yoast SEO v27.3) - https:\/\/yoast.com\/product\/yoast-seo-premium-wordpress\/ -->\n<title>Pr\u00f8ve: Premium beton- og stenforsegler med farveuddybning - ikke \u00e5ndbar - 3008-704 - versiegelung24.com<\/title>\n<meta name=\"robots\" content=\"index, follow, max-snippet:-1, max-image-preview:large, max-video-preview:-1\" \/>\n<link rel=\"canonical\" href=\"https:\/\/www.versiegelung24.com\/da\/monster-beton-sten-forsegling-med-ekstrem-vandafvisende-ikke-andbar.html\" \/>\n<meta property=\"og:locale\" content=\"da_DK\" \/>\n<meta property=\"og:type\" content=\"article\" \/>\n<meta property=\"og:title\" content=\"Pr\u00f8ve: Premium beton- og stenforsegler med farveuddybning - ikke \u00e5ndbar - 3008-704\" \/>\n<meta property=\"og:description\" content=\"Ekstremt vandafvisende klarlak til indend\u00f8rs og udend\u00f8rs brug  \u2713 til alle absorberende mineralsten &amp; betonoverflader \u2713 Let at reng\u00f8re: snavs kl\u00e6ber ikke til og kan let fjernes \u2713 behandlede overflader er ikke \u00e5ndbare \u2713 Forhindrer v\u00e6kst af mos, lav, svampe og andre naturlige p\u00e5virkninger \u2713 Farvedybende effekt med en blank film \/ forbedring af overfladen \u2713 Holdbarhed: 5 \u00e5r+\" \/>\n<meta property=\"og:url\" content=\"https:\/\/www.versiegelung24.com\/da\/monster-beton-sten-forsegling-med-ekstrem-vandafvisende-ikke-andbar.html\" \/>\n<meta property=\"og:site_name\" content=\"versiegelung24.com\" \/>\n<meta property=\"article:modified_time\" content=\"2025-01-03T23:08:23+00:00\" \/>\n<meta property=\"og:image\" content=\"https:\/\/www.versiegelung24.com\/wp-content\/uploads\/2020\/04\/versiegelung-muster.png\" \/>\n\t<meta property=\"og:image:width\" content=\"1000\" \/>\n\t<meta property=\"og:image:height\" content=\"1000\" \/>\n\t<meta property=\"og:image:type\" content=\"image\/png\" \/>\n<meta name=\"twitter:card\" content=\"summary_large_image\" \/>\n<meta name=\"twitter:label1\" content=\"Tilg\u00e6ngelighed\" \/>\n\t<meta name=\"twitter:data1\" content=\"I restordre\" \/>\n<script type=\"application\/ld+json\" class=\"yoast-schema-graph\">{\"@context\":\"https:\\\/\\\/schema.org\",\"@graph\":[{\"@type\":\"WebPage\",\"@id\":\"https:\\\/\\\/www.versiegelung24.com\\\/da\\\/monster-beton-sten-forsegling-med-ekstrem-vandafvisende-ikke-andbar.html\",\"url\":\"https:\\\/\\\/www.versiegelung24.com\\\/da\\\/monster-beton-sten-forsegling-med-ekstrem-vandafvisende-ikke-andbar.html\",\"name\":\"Pr\u00f8ve: Premium beton- og stenforsegler med farveuddybning - ikke \u00e5ndbar - 3008-704 - versiegelung24.com\",\"isPartOf\":{\"@id\":\"https:\\\/\\\/www.versiegelung24.com\\\/da\\\/#website\"},\"primaryImageOfPage\":{\"@id\":\"https:\\\/\\\/www.versiegelung24.com\\\/da\\\/monster-beton-sten-forsegling-med-ekstrem-vandafvisende-ikke-andbar.html#primaryimage\"},\"image\":{\"@id\":\"https:\\\/\\\/www.versiegelung24.com\\\/da\\\/monster-beton-sten-forsegling-med-ekstrem-vandafvisende-ikke-andbar.html#primaryimage\"},\"thumbnailUrl\":\"https:\\\/\\\/www.versiegelung24.com\\\/wp-content\\\/uploads\\\/2020\\\/04\\\/versiegelung-muster.png\",\"datePublished\":\"2020-04-29T18:41:14+00:00\",\"dateModified\":\"2025-01-03T23:08:23+00:00\",\"breadcrumb\":{\"@id\":\"https:\\\/\\\/www.versiegelung24.com\\\/da\\\/monster-beton-sten-forsegling-med-ekstrem-vandafvisende-ikke-andbar.html#breadcrumb\"},\"inLanguage\":\"da-DK\",\"potentialAction\":[{\"@type\":\"ReadAction\",\"target\":[\"https:\\\/\\\/www.versiegelung24.com\\\/da\\\/monster-beton-sten-forsegling-med-ekstrem-vandafvisende-ikke-andbar.html\"]}]},{\"@type\":\"ImageObject\",\"inLanguage\":\"da-DK\",\"@id\":\"https:\\\/\\\/www.versiegelung24.com\\\/da\\\/monster-beton-sten-forsegling-med-ekstrem-vandafvisende-ikke-andbar.html#primaryimage\",\"url\":\"https:\\\/\\\/www.versiegelung24.com\\\/wp-content\\\/uploads\\\/2020\\\/04\\\/versiegelung-muster.png\",\"contentUrl\":\"https:\\\/\\\/www.versiegelung24.com\\\/wp-content\\\/uploads\\\/2020\\\/04\\\/versiegelung-muster.png\",\"width\":1000,\"height\":1000},{\"@type\":\"BreadcrumbList\",\"@id\":\"https:\\\/\\\/www.versiegelung24.com\\\/da\\\/monster-beton-sten-forsegling-med-ekstrem-vandafvisende-ikke-andbar.html#breadcrumb\",\"itemListElement\":[{\"@type\":\"ListItem\",\"position\":1,\"name\":\"Hjemmeside\",\"item\":\"https:\\\/\\\/www.versiegelung24.com\\\/da\\\/foran\\\/\"},{\"@type\":\"ListItem\",\"position\":2,\"name\":\"Butik\",\"item\":\"https:\\\/\\\/www.versiegelung24.com\\\/da\\\/butik\\\/\"},{\"@type\":\"ListItem\",\"position\":3,\"name\":\"Pr\u00f8ve: Premium beton- og stenforsegler med farveuddybning &#8211; ikke \u00e5ndbar &#8211; 3008-704\"}]},{\"@type\":\"WebSite\",\"@id\":\"https:\\\/\\\/www.versiegelung24.com\\\/da\\\/#website\",\"url\":\"https:\\\/\\\/www.versiegelung24.com\\\/da\\\/\",\"name\":\"versiegelung24.com\",\"description\":\"Fl\u00fcssigglas-Versiegelung - Made in Germany\",\"publisher\":{\"@id\":\"https:\\\/\\\/www.versiegelung24.com\\\/da\\\/#organization\"},\"potentialAction\":[{\"@type\":\"SearchAction\",\"target\":{\"@type\":\"EntryPoint\",\"urlTemplate\":\"https:\\\/\\\/www.versiegelung24.com\\\/da\\\/?s={search_term_string}\"},\"query-input\":{\"@type\":\"PropertyValueSpecification\",\"valueRequired\":true,\"valueName\":\"search_term_string\"}}],\"inLanguage\":\"da-DK\"},{\"@type\":\"Organization\",\"@id\":\"https:\\\/\\\/www.versiegelung24.com\\\/da\\\/#organization\",\"name\":\"versiegelung24\",\"url\":\"https:\\\/\\\/www.versiegelung24.com\\\/da\\\/\",\"logo\":{\"@type\":\"ImageObject\",\"inLanguage\":\"da-DK\",\"@id\":\"https:\\\/\\\/www.versiegelung24.com\\\/da\\\/#\\\/schema\\\/logo\\\/image\\\/\",\"url\":\"https:\\\/\\\/www.versiegelung24.com\\\/wp-content\\\/uploads\\\/2020\\\/04\\\/versiegelung24.png\",\"contentUrl\":\"https:\\\/\\\/www.versiegelung24.com\\\/wp-content\\\/uploads\\\/2020\\\/04\\\/versiegelung24.png\",\"width\":470,\"height\":102,\"caption\":\"versiegelung24\"},\"image\":{\"@id\":\"https:\\\/\\\/www.versiegelung24.com\\\/da\\\/#\\\/schema\\\/logo\\\/image\\\/\"}}]}<\/script>\n<meta property=\"og:availability\" content=\"backorder\" \/>\n<meta property=\"product:availability\" content=\"available for order\" \/>\n<meta property=\"product:retailer_item_id\" content=\"3008-704-muster\" \/>\n<meta property=\"product:condition\" content=\"new\" \/>\n<!-- \/ Yoast SEO Premium plugin. -->","yoast_head_json":{"title":"Pr\u00f8ve: Premium beton- og stenforsegler med farveuddybning - ikke \u00e5ndbar - 3008-704 - versiegelung24.com","robots":{"index":"index","follow":"follow","max-snippet":"max-snippet:-1","max-image-preview":"max-image-preview:large","max-video-preview":"max-video-preview:-1"},"canonical":"https:\/\/www.versiegelung24.com\/da\/monster-beton-sten-forsegling-med-ekstrem-vandafvisende-ikke-andbar.html","og_locale":"da_DK","og_type":"article","og_title":"Pr\u00f8ve: Premium beton- og stenforsegler med farveuddybning - ikke \u00e5ndbar - 3008-704","og_description":"Ekstremt vandafvisende klarlak til indend\u00f8rs og udend\u00f8rs brug  \u2713 til alle absorberende mineralsten &amp; betonoverflader \u2713 Let at reng\u00f8re: snavs kl\u00e6ber ikke til og kan let fjernes \u2713 behandlede overflader er ikke \u00e5ndbare \u2713 Forhindrer v\u00e6kst af mos, lav, svampe og andre naturlige p\u00e5virkninger \u2713 Farvedybende effekt med en blank film \/ forbedring af overfladen \u2713 Holdbarhed: 5 \u00e5r+","og_url":"https:\/\/www.versiegelung24.com\/da\/monster-beton-sten-forsegling-med-ekstrem-vandafvisende-ikke-andbar.html","og_site_name":"versiegelung24.com","article_modified_time":"2025-01-03T23:08:23+00:00","og_image":[{"width":1000,"height":1000,"url":"https:\/\/www.versiegelung24.com\/wp-content\/uploads\/2020\/04\/versiegelung-muster.png","type":"image\/png"}],"twitter_card":"summary_large_image","twitter_misc":{"Tilg\u00e6ngelighed":"I restordre"},"schema":{"@context":"https:\/\/schema.org","@graph":[{"@type":"WebPage","@id":"https:\/\/www.versiegelung24.com\/da\/monster-beton-sten-forsegling-med-ekstrem-vandafvisende-ikke-andbar.html","url":"https:\/\/www.versiegelung24.com\/da\/monster-beton-sten-forsegling-med-ekstrem-vandafvisende-ikke-andbar.html","name":"Pr\u00f8ve: Premium beton- og stenforsegler med farveuddybning - ikke \u00e5ndbar - 3008-704 - versiegelung24.com","isPartOf":{"@id":"https:\/\/www.versiegelung24.com\/da\/#website"},"primaryImageOfPage":{"@id":"https:\/\/www.versiegelung24.com\/da\/monster-beton-sten-forsegling-med-ekstrem-vandafvisende-ikke-andbar.html#primaryimage"},"image":{"@id":"https:\/\/www.versiegelung24.com\/da\/monster-beton-sten-forsegling-med-ekstrem-vandafvisende-ikke-andbar.html#primaryimage"},"thumbnailUrl":"https:\/\/www.versiegelung24.com\/wp-content\/uploads\/2020\/04\/versiegelung-muster.png","datePublished":"2020-04-29T18:41:14+00:00","dateModified":"2025-01-03T23:08:23+00:00","breadcrumb":{"@id":"https:\/\/www.versiegelung24.com\/da\/monster-beton-sten-forsegling-med-ekstrem-vandafvisende-ikke-andbar.html#breadcrumb"},"inLanguage":"da-DK","potentialAction":[{"@type":"ReadAction","target":["https:\/\/www.versiegelung24.com\/da\/monster-beton-sten-forsegling-med-ekstrem-vandafvisende-ikke-andbar.html"]}]},{"@type":"ImageObject","inLanguage":"da-DK","@id":"https:\/\/www.versiegelung24.com\/da\/monster-beton-sten-forsegling-med-ekstrem-vandafvisende-ikke-andbar.html#primaryimage","url":"https:\/\/www.versiegelung24.com\/wp-content\/uploads\/2020\/04\/versiegelung-muster.png","contentUrl":"https:\/\/www.versiegelung24.com\/wp-content\/uploads\/2020\/04\/versiegelung-muster.png","width":1000,"height":1000},{"@type":"BreadcrumbList","@id":"https:\/\/www.versiegelung24.com\/da\/monster-beton-sten-forsegling-med-ekstrem-vandafvisende-ikke-andbar.html#breadcrumb","itemListElement":[{"@type":"ListItem","position":1,"name":"Hjemmeside","item":"https:\/\/www.versiegelung24.com\/da\/foran\/"},{"@type":"ListItem","position":2,"name":"Butik","item":"https:\/\/www.versiegelung24.com\/da\/butik\/"},{"@type":"ListItem","position":3,"name":"Pr\u00f8ve: Premium beton- og stenforsegler med farveuddybning &#8211; ikke \u00e5ndbar &#8211; 3008-704"}]},{"@type":"WebSite","@id":"https:\/\/www.versiegelung24.com\/da\/#website","url":"https:\/\/www.versiegelung24.com\/da\/","name":"versiegelung24.com","description":"Fl\u00fcssigglas-Versiegelung - Made in Germany","publisher":{"@id":"https:\/\/www.versiegelung24.com\/da\/#organization"},"potentialAction":[{"@type":"SearchAction","target":{"@type":"EntryPoint","urlTemplate":"https:\/\/www.versiegelung24.com\/da\/?s={search_term_string}"},"query-input":{"@type":"PropertyValueSpecification","valueRequired":true,"valueName":"search_term_string"}}],"inLanguage":"da-DK"},{"@type":"Organization","@id":"https:\/\/www.versiegelung24.com\/da\/#organization","name":"versiegelung24","url":"https:\/\/www.versiegelung24.com\/da\/","logo":{"@type":"ImageObject","inLanguage":"da-DK","@id":"https:\/\/www.versiegelung24.com\/da\/#\/schema\/logo\/image\/","url":"https:\/\/www.versiegelung24.com\/wp-content\/uploads\/2020\/04\/versiegelung24.png","contentUrl":"https:\/\/www.versiegelung24.com\/wp-content\/uploads\/2020\/04\/versiegelung24.png","width":470,"height":102,"caption":"versiegelung24"},"image":{"@id":"https:\/\/www.versiegelung24.com\/da\/#\/schema\/logo\/image\/"}}]},"og_availability":"backorder","product_availability":"available for order","product_retailer_item_id":"3008-704-muster","product_condition":"new"},"_links":{"self":[{"href":"https:\/\/www.versiegelung24.com\/da\/wp-json\/wp\/v2\/product\/24048","targetHints":{"allow":["GET"]}}],"collection":[{"href":"https:\/\/www.versiegelung24.com\/da\/wp-json\/wp\/v2\/product"}],"about":[{"href":"https:\/\/www.versiegelung24.com\/da\/wp-json\/wp\/v2\/types\/product"}],"version-history":[{"count":2,"href":"https:\/\/www.versiegelung24.com\/da\/wp-json\/wp\/v2\/product\/24048\/revisions"}],"predecessor-version":[{"id":140714,"href":"https:\/\/www.versiegelung24.com\/da\/wp-json\/wp\/v2\/product\/24048\/revisions\/140714"}],"wp:featuredmedia":[{"embeddable":true,"href":"https:\/\/www.versiegelung24.com\/da\/wp-json\/wp\/v2\/media\/14605"}],"wp:attachment":[{"href":"https:\/\/www.versiegelung24.com\/da\/wp-json\/wp\/v2\/media?parent=24048"}],"wp:term":[{"taxonomy":"product_brand","embeddable":true,"href":"https:\/\/www.versiegelung24.com\/da\/wp-json\/wp\/v2\/product_brand?post=24048"},{"taxonomy":"product_cat","embeddable":true,"href":"https:\/\/www.versiegelung24.com\/da\/wp-json\/wp\/v2\/product_cat?post=24048"},{"taxonomy":"product_tag","embeddable":true,"href":"https:\/\/www.versiegelung24.com\/da\/wp-json\/wp\/v2\/product_tag?post=24048"}],"curies":[{"name":"wp","href":"https:\/\/api.w.org\/{rel}","templated":true}]}}