{"id":24090,"date":"2020-04-27T21:49:59","date_gmt":"2021-08-02T20:23:39","guid":{"rendered":"https:\/\/www.versiegelung24.com\/produkt\/monument-stone-hoejtydende-forsegling-af-sten-og-beton"},"modified":"2025-03-20T09:53:45","modified_gmt":"2025-03-20T08:53:45","slug":"monument-sten-sten-og-beton-hoejtydende-taetning","status":"publish","type":"product","link":"https:\/\/www.versiegelung24.com\/da\/monument-sten-sten-og-beton-hojtydende-forsegling.html","title":{"rendered":"Monument Stone &#8211; Sten &amp; Beton Liquid Glass Sealer"},"content":{"rendered":"\n<p>Vores Monument Stone h\u00f8jtydende t\u00e6tning beskytter effektivt og permanent h\u00f8jkvalitets betonstenprodukter mod generel forurening med vand, mad og olier.<\/p>\n\n<hr \/>\n\n<h4 class=\"wp-block-heading\" id=\"properties\">Produktets egenskaber<\/h4>\n\n<div class=\"wp-block-columns is-layout-flex wp-container-core-columns-is-layout-9d6595d7 wp-block-columns-is-layout-flex\">\n<div class=\"wp-block-column is-layout-flow wp-block-column-is-layout-flow\">\n<p><strong>H\u00f8jtydende t\u00e6tning til sten- og betonblokprodukter for at reducere den generelle tendens til tilsmudsning med vand, f\u00f8devarer og olier<\/strong><\/p>\n\n\n\n<p>Artikelnummer: 3009-7637<\/p>\n\n\n\n<p>H\u00f8j kvalitet lavet i Tyskland<\/p>\n\n\n\n<p><strong>produktsikkerhed<\/strong><\/p>\n\n\n\n<p>Oplysninger om klassificering af produktet inden for rammerne af bekendtg\u00f8relse om farlige stoffer, sikkerhedsdata og data om toksikologi og opbevaring findes i vores sikkerhedsdatablad.<\/p>\n\n\n\n<p><strong>opbevaring<\/strong><\/p>\n\n\n\n<p>Oplysningerne p\u00e5 det tilh\u00f8rende sikkerhedsdatablad (MSDS) skal overholdes.<\/p>\n\n\n\n<p>V24 Monument Stone skal opbevares p\u00e5 et t\u00f8rt, godt ventileret og k\u00f8ligt (20\u00b0C) sted. Opbevares\/opbevares kun i den t\u00e6tlukkede originale beholder. Beskyt mod direkte sollys. Ved korrekt opbevaring er minimumsholdbarheden 12 m\u00e5neder fra fremstillingsdatoen.<\/p>\n\n\n\n<p>En l\u00e6ngere opbevaringstid betyder ikke n\u00f8dvendigvis, at produktet er ubrugeligt, men de egenskaber, der \u00f8nskes til den p\u00e5t\u00e6nkte anvendelse, b\u00f8r kontrolleres af hensyn til kvalitetssikringen.<\/p>\n<\/div>\n\n\n\n<div class=\"wp-block-column is-layout-flow wp-block-column-is-layout-flow\">\n<p>\u2713 Vandbaseret h\u00f8jtydende impr\u00e6gnering<\/p>\n\n\n\n<p>\u2713 Effektiv i op til 10 \u00e5r (forudsat korrekt anvendelse)<\/p>\n\n\n\n<p>\u2713 S\u00e6rligt velegnet til langtidsbeskyttelse p\u00e5 monumenter<\/p>\n\n\n\n<p>\u2713 h\u00f8jkoncentreret<\/p>\n\n\n\n<p>\u2713 Langtidsbeskyttelse gennem kemisk substratbinding<\/p>\n\n\n\n<p>\u2713 Alkali-resistent op til pH 10-11*<\/p>\n\n\n\n<p>\u2713 Non-stick effekt<\/p>\n\n\n\n<p>\u2713 Meget olie-, vand- og smudsafvisende<\/p>\n\n\n\n<p>\u2713 Alkali resistent<\/p>\n\n\n\n<p>\u2713 Reduceret udblomstring<\/p>\n\n\n\n<p>\u2713 Minimering af snavsvedh\u00e6ftning<\/p>\n\n\n\n<p>\u2713 Reduktion af alge- og mosv\u00e6kst<\/p>\n\n\n\n<p>\u2713 reducerer tilsmudsning<\/p>\n\n\n\n<p>\u2713 \u00c5ben for dampdiffusion<\/p>\n\n\n\n<p>\u2713 T\u00f8rrer hurtigt og kl\u00e6befri<\/p>\n\n\n\n<p>\u2713 H\u00f8j UV-stabilitet<\/p>\n\n\n\n<p>\u2713 Klar til brug l\u00f8sning<\/p>\n\n\n\n<p>\u2713 usynlig<\/p>\n<\/div>\n<\/div>\n\n<hr \/>\n\n<h4 class=\"wp-block-heading\" id=\"application\">Anvendelse<\/h4>\n\n<div class=\"wp-block-columns is-layout-flex wp-container-core-columns-is-layout-9d6595d7 wp-block-columns-is-layout-flex\">\n<div class=\"wp-block-column is-layout-flow wp-block-column-is-layout-flow\">\n<ul class=\"wp-block-list\">\n<li><strong>V24 Monument Stone &#8211; flydende<\/strong> glasforsegling p\u00e5f\u00f8res ufortyndet p\u00e5 den forrensede og t\u00f8rrede overflade, da dette er den eneste m\u00e5de at sikre dyb indtr\u00e6ngning af forseglingen, hvilket giver en optimal langtids- og dybdevirkning.<\/li>\n<\/ul>\n\n\n\n<ul class=\"wp-block-list\">\n<li>Forseglingen p\u00e5f\u00f8res j\u00e6vnt og tyndt p\u00e5 underlaget, indtil overfladen fremst\u00e5r mat fugtig.<\/li>\n<\/ul>\n\n\n\n<ul class=\"wp-block-list\">\n<li>Den p\u00e5f\u00f8res med pensel, foam roller, mikrofiberklud eller ved spr\u00f8jtning.<\/li>\n<\/ul>\n\n\n\n<ul class=\"wp-block-list\">\n<li>Vandpytter skal undg\u00e5s. Overskydende vandt\u00e6tningsmiddel skal fjernes fra underlaget.<\/li>\n<\/ul>\n<\/div>\n\n\n\n<div class=\"wp-block-column is-layout-flow wp-block-column-is-layout-flow\">\n<ul class=\"wp-block-list\">\n<li>Efter p\u00e5f\u00f8ring skal <strong>V24 Monument Stone<\/strong> forblive i kontakt med overfladen som en flydende film i flere sekunder.<\/li>\n<\/ul>\n\n\n\n<ul class=\"wp-block-list\">\n<li>Fuld funktionalitet opst\u00e5r efter 48 timers t\u00f8rring ved stuetemperatur. Dybt\u00f8rring kan ogs\u00e5 variere afh\u00e6ngigt af underlaget.<\/li>\n<\/ul>\n\n\n\n<p>En detaljeret ans\u00f8gningsbeskrivelse kan findes i vores datablad<\/p>\n\n\n\n<p>Meget effektiv flydende glasforsegling til monument &#8211; sten- og betonblokprodukter.<\/p>\n\n\n\n<p>\u2713 Beton (artikler)<\/p>\n\n\n\n<p>\u2713 Sten (artikler)<\/p>\n\n\n\n<p>\u2713 Plade- og bel\u00e6gningsstensystemer<\/p>\n\n\n\n<p>\u2713 Monumenter<\/p>\n<\/div>\n<\/div>\n","protected":false},"excerpt":{"rendered":"<p><strong>Olie-, vand- og smudsafvisende flydende glasfugemasse til sten- og betonoverflader<\/strong><\/p>\n<p>\u2713 Langtidsbeskyttelse gennem kemisk substratbinding<\/p>\n<p>\u2713 Meget olie-, vand- og smudsafvisende<\/p>\n<p>\u2713 Langtidsbeskyttelse p\u00e5 monumentsten<\/p>\n<p>\u2713 Reduktion af alge- og mosv\u00e6kst<\/p>\n<p>\u2713 Non-stick effekt<\/p>\n","protected":false},"featured_media":18138,"template":"","meta":{"_acf_changed":false,"neve_meta_sidebar":"","neve_meta_container":"","neve_meta_enable_content_width":"","neve_meta_content_width":0,"neve_meta_title_alignment":"","neve_meta_author_avatar":"","neve_post_elements_order":"","neve_meta_disable_header":"","neve_meta_disable_footer":"","neve_meta_disable_title":"","neve_meta_reading_time":"","_surfaces":[],"_ver_product_tabs":[],"footnotes":""},"product_brand":[],"product_cat":[2453],"product_tag":[],"class_list":{"0":"post-24090","1":"product","2":"type-product","3":"status-publish","4":"has-post-thumbnail","6":"product_cat-taetning-af-sten-og-beton","8":"first","9":"onbackorder","10":"taxable","11":"shipping-taxable","12":"purchasable","13":"product-type-simple"},"acf":[],"yoast_head":"<!-- This site is optimized with the Yoast SEO Premium plugin v22.8 (Yoast SEO v27.5) - https:\/\/yoast.com\/product\/yoast-seo-premium-wordpress\/ -->\n<title>Monument Stone - Sten &amp; Beton Liquid Glass Sealer - versiegelung24.com<\/title>\n<meta name=\"robots\" content=\"index, follow, max-snippet:-1, max-image-preview:large, max-video-preview:-1\" \/>\n<link rel=\"canonical\" href=\"https:\/\/www.versiegelung24.com\/da\/monument-sten-sten-og-beton-hojtydende-forsegling.html\" \/>\n<meta property=\"og:locale\" content=\"da_DK\" \/>\n<meta property=\"og:type\" content=\"article\" \/>\n<meta property=\"og:title\" content=\"Monument Stone - Sten &amp; Beton Liquid Glass Sealer\" \/>\n<meta property=\"og:description\" content=\"Olie-, vand- og smudsafvisende flydende glasfugemasse til sten- og betonoverflader \u2713 Langtidsbeskyttelse gennem kemisk substratbinding \u2713 Meget olie-, vand- og smudsafvisende \u2713 Langtidsbeskyttelse p\u00e5 monumentsten \u2713 Reduktion af alge- og mosv\u00e6kst \u2713 Non-stick effekt\" \/>\n<meta property=\"og:url\" content=\"https:\/\/www.versiegelung24.com\/da\/monument-sten-sten-og-beton-hojtydende-forsegling.html\" \/>\n<meta property=\"og:site_name\" content=\"versiegelung24.com\" \/>\n<meta property=\"article:modified_time\" content=\"2025-03-20T08:53:45+00:00\" \/>\n<meta property=\"og:image\" content=\"https:\/\/www.versiegelung24.com\/wp-content\/uploads\/2020\/06\/produkt-3009-7637-1000-Monument-Stone-scaled.jpg\" \/>\n\t<meta property=\"og:image:width\" content=\"2560\" \/>\n\t<meta property=\"og:image:height\" content=\"2560\" \/>\n\t<meta property=\"og:image:type\" content=\"image\/jpeg\" \/>\n<meta name=\"twitter:card\" content=\"summary_large_image\" \/>\n<meta name=\"twitter:label1\" content=\"Pris\" \/>\n\t<meta name=\"twitter:data1\" content=\"89,99&euro;\" \/>\n\t<meta name=\"twitter:label2\" content=\"Tilg\u00e6ngelighed\" \/>\n\t<meta name=\"twitter:data2\" content=\"I restordre\" \/>\n<script type=\"application\/ld+json\" class=\"yoast-schema-graph\">{\"@context\":\"https:\\\/\\\/schema.org\",\"@graph\":[{\"@type\":\"WebPage\",\"@id\":\"https:\\\/\\\/www.versiegelung24.com\\\/da\\\/monument-sten-sten-og-beton-hojtydende-forsegling.html\",\"url\":\"https:\\\/\\\/www.versiegelung24.com\\\/da\\\/monument-sten-sten-og-beton-hojtydende-forsegling.html\",\"name\":\"Monument Stone - Sten &amp; Beton Liquid Glass Sealer - versiegelung24.com\",\"isPartOf\":{\"@id\":\"https:\\\/\\\/www.versiegelung24.com\\\/da\\\/#website\"},\"primaryImageOfPage\":{\"@id\":\"https:\\\/\\\/www.versiegelung24.com\\\/da\\\/monument-sten-sten-og-beton-hojtydende-forsegling.html#primaryimage\"},\"image\":{\"@id\":\"https:\\\/\\\/www.versiegelung24.com\\\/da\\\/monument-sten-sten-og-beton-hojtydende-forsegling.html#primaryimage\"},\"thumbnailUrl\":\"https:\\\/\\\/www.versiegelung24.com\\\/wp-content\\\/uploads\\\/2020\\\/06\\\/produkt-3009-7637-1000-Monument-Stone-scaled.jpg\",\"datePublished\":\"2021-08-02T20:23:39+00:00\",\"dateModified\":\"2025-03-20T08:53:45+00:00\",\"breadcrumb\":{\"@id\":\"https:\\\/\\\/www.versiegelung24.com\\\/da\\\/monument-sten-sten-og-beton-hojtydende-forsegling.html#breadcrumb\"},\"inLanguage\":\"da-DK\",\"potentialAction\":[{\"@type\":\"ReadAction\",\"target\":[\"https:\\\/\\\/www.versiegelung24.com\\\/da\\\/monument-sten-sten-og-beton-hojtydende-forsegling.html\"]}]},{\"@type\":\"ImageObject\",\"inLanguage\":\"da-DK\",\"@id\":\"https:\\\/\\\/www.versiegelung24.com\\\/da\\\/monument-sten-sten-og-beton-hojtydende-forsegling.html#primaryimage\",\"url\":\"https:\\\/\\\/www.versiegelung24.com\\\/wp-content\\\/uploads\\\/2020\\\/06\\\/produkt-3009-7637-1000-Monument-Stone-scaled.jpg\",\"contentUrl\":\"https:\\\/\\\/www.versiegelung24.com\\\/wp-content\\\/uploads\\\/2020\\\/06\\\/produkt-3009-7637-1000-Monument-Stone-scaled.jpg\",\"width\":2560,\"height\":2560},{\"@type\":\"BreadcrumbList\",\"@id\":\"https:\\\/\\\/www.versiegelung24.com\\\/da\\\/monument-sten-sten-og-beton-hojtydende-forsegling.html#breadcrumb\",\"itemListElement\":[{\"@type\":\"ListItem\",\"position\":1,\"name\":\"Hjemmeside\",\"item\":\"https:\\\/\\\/www.versiegelung24.com\\\/da\\\/foran\\\/\"},{\"@type\":\"ListItem\",\"position\":2,\"name\":\"Butik\",\"item\":\"https:\\\/\\\/www.versiegelung24.com\\\/da\\\/butik\\\/\"},{\"@type\":\"ListItem\",\"position\":3,\"name\":\"Monument Stone &#8211; Sten &amp; Beton Liquid Glass Sealer\"}]},{\"@type\":\"WebSite\",\"@id\":\"https:\\\/\\\/www.versiegelung24.com\\\/da\\\/#website\",\"url\":\"https:\\\/\\\/www.versiegelung24.com\\\/da\\\/\",\"name\":\"versiegelung24.com\",\"description\":\"Fl\u00fcssigglas-Versiegelung - Made in Germany\",\"publisher\":{\"@id\":\"https:\\\/\\\/www.versiegelung24.com\\\/da\\\/#organization\"},\"potentialAction\":[{\"@type\":\"SearchAction\",\"target\":{\"@type\":\"EntryPoint\",\"urlTemplate\":\"https:\\\/\\\/www.versiegelung24.com\\\/da\\\/?s={search_term_string}\"},\"query-input\":{\"@type\":\"PropertyValueSpecification\",\"valueRequired\":true,\"valueName\":\"search_term_string\"}}],\"inLanguage\":\"da-DK\"},{\"@type\":\"Organization\",\"@id\":\"https:\\\/\\\/www.versiegelung24.com\\\/da\\\/#organization\",\"name\":\"versiegelung24\",\"url\":\"https:\\\/\\\/www.versiegelung24.com\\\/da\\\/\",\"logo\":{\"@type\":\"ImageObject\",\"inLanguage\":\"da-DK\",\"@id\":\"https:\\\/\\\/www.versiegelung24.com\\\/da\\\/#\\\/schema\\\/logo\\\/image\\\/\",\"url\":\"https:\\\/\\\/www.versiegelung24.com\\\/wp-content\\\/uploads\\\/2020\\\/04\\\/versiegelung24.png\",\"contentUrl\":\"https:\\\/\\\/www.versiegelung24.com\\\/wp-content\\\/uploads\\\/2020\\\/04\\\/versiegelung24.png\",\"width\":470,\"height\":102,\"caption\":\"versiegelung24\"},\"image\":{\"@id\":\"https:\\\/\\\/www.versiegelung24.com\\\/da\\\/#\\\/schema\\\/logo\\\/image\\\/\"}}]}<\/script>\n<meta property=\"product:price:amount\" content=\"89.99\" \/>\n<meta property=\"product:price:currency\" content=\"EUR\" \/>\n<meta property=\"og:availability\" content=\"backorder\" \/>\n<meta property=\"product:availability\" content=\"available for order\" \/>\n<meta property=\"product:retailer_item_id\" content=\"3009-8637-1\" \/>\n<meta property=\"product:condition\" content=\"new\" \/>\n<!-- \/ Yoast SEO Premium plugin. -->","yoast_head_json":{"title":"Monument Stone - Sten &amp; Beton Liquid Glass Sealer - versiegelung24.com","robots":{"index":"index","follow":"follow","max-snippet":"max-snippet:-1","max-image-preview":"max-image-preview:large","max-video-preview":"max-video-preview:-1"},"canonical":"https:\/\/www.versiegelung24.com\/da\/monument-sten-sten-og-beton-hojtydende-forsegling.html","og_locale":"da_DK","og_type":"article","og_title":"Monument Stone - Sten &amp; Beton Liquid Glass Sealer","og_description":"Olie-, vand- og smudsafvisende flydende glasfugemasse til sten- og betonoverflader \u2713 Langtidsbeskyttelse gennem kemisk substratbinding \u2713 Meget olie-, vand- og smudsafvisende \u2713 Langtidsbeskyttelse p\u00e5 monumentsten \u2713 Reduktion af alge- og mosv\u00e6kst \u2713 Non-stick effekt","og_url":"https:\/\/www.versiegelung24.com\/da\/monument-sten-sten-og-beton-hojtydende-forsegling.html","og_site_name":"versiegelung24.com","article_modified_time":"2025-03-20T08:53:45+00:00","og_image":[{"width":2560,"height":2560,"url":"https:\/\/www.versiegelung24.com\/wp-content\/uploads\/2020\/06\/produkt-3009-7637-1000-Monument-Stone-scaled.jpg","type":"image\/jpeg"}],"twitter_card":"summary_large_image","twitter_misc":{"Pris":"89,99&euro;","Tilg\u00e6ngelighed":"I restordre"},"schema":{"@context":"https:\/\/schema.org","@graph":[{"@type":"WebPage","@id":"https:\/\/www.versiegelung24.com\/da\/monument-sten-sten-og-beton-hojtydende-forsegling.html","url":"https:\/\/www.versiegelung24.com\/da\/monument-sten-sten-og-beton-hojtydende-forsegling.html","name":"Monument Stone - Sten &amp; Beton Liquid Glass Sealer - versiegelung24.com","isPartOf":{"@id":"https:\/\/www.versiegelung24.com\/da\/#website"},"primaryImageOfPage":{"@id":"https:\/\/www.versiegelung24.com\/da\/monument-sten-sten-og-beton-hojtydende-forsegling.html#primaryimage"},"image":{"@id":"https:\/\/www.versiegelung24.com\/da\/monument-sten-sten-og-beton-hojtydende-forsegling.html#primaryimage"},"thumbnailUrl":"https:\/\/www.versiegelung24.com\/wp-content\/uploads\/2020\/06\/produkt-3009-7637-1000-Monument-Stone-scaled.jpg","datePublished":"2021-08-02T20:23:39+00:00","dateModified":"2025-03-20T08:53:45+00:00","breadcrumb":{"@id":"https:\/\/www.versiegelung24.com\/da\/monument-sten-sten-og-beton-hojtydende-forsegling.html#breadcrumb"},"inLanguage":"da-DK","potentialAction":[{"@type":"ReadAction","target":["https:\/\/www.versiegelung24.com\/da\/monument-sten-sten-og-beton-hojtydende-forsegling.html"]}]},{"@type":"ImageObject","inLanguage":"da-DK","@id":"https:\/\/www.versiegelung24.com\/da\/monument-sten-sten-og-beton-hojtydende-forsegling.html#primaryimage","url":"https:\/\/www.versiegelung24.com\/wp-content\/uploads\/2020\/06\/produkt-3009-7637-1000-Monument-Stone-scaled.jpg","contentUrl":"https:\/\/www.versiegelung24.com\/wp-content\/uploads\/2020\/06\/produkt-3009-7637-1000-Monument-Stone-scaled.jpg","width":2560,"height":2560},{"@type":"BreadcrumbList","@id":"https:\/\/www.versiegelung24.com\/da\/monument-sten-sten-og-beton-hojtydende-forsegling.html#breadcrumb","itemListElement":[{"@type":"ListItem","position":1,"name":"Hjemmeside","item":"https:\/\/www.versiegelung24.com\/da\/foran\/"},{"@type":"ListItem","position":2,"name":"Butik","item":"https:\/\/www.versiegelung24.com\/da\/butik\/"},{"@type":"ListItem","position":3,"name":"Monument Stone &#8211; Sten &amp; Beton Liquid Glass Sealer"}]},{"@type":"WebSite","@id":"https:\/\/www.versiegelung24.com\/da\/#website","url":"https:\/\/www.versiegelung24.com\/da\/","name":"versiegelung24.com","description":"Fl\u00fcssigglas-Versiegelung - Made in Germany","publisher":{"@id":"https:\/\/www.versiegelung24.com\/da\/#organization"},"potentialAction":[{"@type":"SearchAction","target":{"@type":"EntryPoint","urlTemplate":"https:\/\/www.versiegelung24.com\/da\/?s={search_term_string}"},"query-input":{"@type":"PropertyValueSpecification","valueRequired":true,"valueName":"search_term_string"}}],"inLanguage":"da-DK"},{"@type":"Organization","@id":"https:\/\/www.versiegelung24.com\/da\/#organization","name":"versiegelung24","url":"https:\/\/www.versiegelung24.com\/da\/","logo":{"@type":"ImageObject","inLanguage":"da-DK","@id":"https:\/\/www.versiegelung24.com\/da\/#\/schema\/logo\/image\/","url":"https:\/\/www.versiegelung24.com\/wp-content\/uploads\/2020\/04\/versiegelung24.png","contentUrl":"https:\/\/www.versiegelung24.com\/wp-content\/uploads\/2020\/04\/versiegelung24.png","width":470,"height":102,"caption":"versiegelung24"},"image":{"@id":"https:\/\/www.versiegelung24.com\/da\/#\/schema\/logo\/image\/"}}]},"product_price_amount":"89.99","product_price_currency":"EUR","og_availability":"backorder","product_availability":"available for order","product_retailer_item_id":"3009-8637-1","product_condition":"new"},"_links":{"self":[{"href":"https:\/\/www.versiegelung24.com\/da\/wp-json\/wp\/v2\/product\/24090","targetHints":{"allow":["GET"]}}],"collection":[{"href":"https:\/\/www.versiegelung24.com\/da\/wp-json\/wp\/v2\/product"}],"about":[{"href":"https:\/\/www.versiegelung24.com\/da\/wp-json\/wp\/v2\/types\/product"}],"version-history":[{"count":24,"href":"https:\/\/www.versiegelung24.com\/da\/wp-json\/wp\/v2\/product\/24090\/revisions"}],"predecessor-version":[{"id":181034,"href":"https:\/\/www.versiegelung24.com\/da\/wp-json\/wp\/v2\/product\/24090\/revisions\/181034"}],"wp:featuredmedia":[{"embeddable":true,"href":"https:\/\/www.versiegelung24.com\/da\/wp-json\/wp\/v2\/media\/18138"}],"wp:attachment":[{"href":"https:\/\/www.versiegelung24.com\/da\/wp-json\/wp\/v2\/media?parent=24090"}],"wp:term":[{"taxonomy":"product_brand","embeddable":true,"href":"https:\/\/www.versiegelung24.com\/da\/wp-json\/wp\/v2\/product_brand?post=24090"},{"taxonomy":"product_cat","embeddable":true,"href":"https:\/\/www.versiegelung24.com\/da\/wp-json\/wp\/v2\/product_cat?post=24090"},{"taxonomy":"product_tag","embeddable":true,"href":"https:\/\/www.versiegelung24.com\/da\/wp-json\/wp\/v2\/product_tag?post=24090"}],"curies":[{"name":"wp","href":"https:\/\/api.w.org\/{rel}","templated":true}]}}