{"id":24168,"date":"2020-04-04T18:53:46","date_gmt":"2021-08-02T20:30:31","guid":{"rendered":"https:\/\/www.versiegelung24.com\/produkt\/liquid-glass-cell-phone-sealing-flydende-skaermbeskytter"},"modified":"2025-01-06T15:11:29","modified_gmt":"2025-01-06T14:11:29","slug":"vaeske-glas-mobiltelefon-forsegling-vaeske-skaerm-beskyttelse","status":"publish","type":"product","link":"https:\/\/www.versiegelung24.com\/da\/liquid-glass-cell-phone-sealing-flydende-skaermbeskytter.html","title":{"rendered":"Liquid Glass Cell Phone Sealing &#8211; flydende sk\u00e6rmbeskytter"},"content":{"rendered":"\n<p><strong>Meget effektiv flydende glasbel\u00e6gning til mobiltelefonsk\u00e6rme &#8211; nano -beskyttelse mod ridser, bakterier, str\u00e5ling, snavs og fugt<\/strong><\/p>\n\n<p>H\u00f8j kvalitet &#8211; Fremstillet i Tyskland<\/p>\n\n<hr\/>\n\n<h4 class=\"wp-block-heading\" id=\"properties\">Produktets egenskaber<\/h4>\n\n<div class=\"wp-block-columns is-layout-flex wp-container-core-columns-is-layout-9d6595d7 wp-block-columns-is-layout-flex\">\n<div class=\"wp-block-column is-layout-flow wp-block-column-is-layout-flow\">\n<ul class=\"wp-block-list\"><li>Meget let at anvende<\/li><li>Velegnet til alle mobiltelefonmodeller, tablets, smartphones. Inklusiv &#8220;Edge&#8221;<\/li><li>Helt boblefri og usynlig<\/li><li>Beskyttelse mod ridser mod ridser<\/li><li>Helt boblefri og usynlig<\/li><li>H\u00e6mmer bakteriev\u00e6kst<\/li><\/ul>\n<\/div>\n\n\n\n<div class=\"wp-block-column is-layout-flow wp-block-column-is-layout-flow\">\n<ul class=\"wp-block-list\" id=\"block-f0da57e8-d3f5-402c-8f3a-1888e700b7ff\"><li>Reducerer fingeraftryk<\/li><li>Reducerer gammastr\u00e5ling<\/li><li>Overfladen bliver meget let at reng\u00f8re<\/li><li>Ingen forringelse af Touch &amp; Button -funktionerne, rulning bliver mere behagelig<\/li><li>Kan opbevares i mange m\u00e5neder<\/li><\/ul>\n<\/div>\n<\/div>\n\n<p>Leveringsomfang:<\/p>\n\n<p>2 forrensede klude til alkohol og 2 t\u00e6tningsklude i flydende glas til ber\u00f8ringssk\u00e6rme (glas og plast, hver til ca. 0,5 m2) 1 mikrofiberklud, 2 beskyttelseshandsker<\/p>\n","protected":false},"excerpt":{"rendered":"<p><strong>Tilstr\u00e6kkelig til 2 enheder:<\/strong><\/p>\n<p>\u2713 Flydende glas mobiltelefon forsegling sk\u00e6rmbeskytter<\/p>\n<p>\u2713 Nanobel\u00e6gning<\/p>\n<p>\u2713 100 % boblefri.<\/p>\n","protected":false},"featured_media":13230,"template":"","meta":{"_acf_changed":false,"neve_meta_sidebar":"","neve_meta_container":"","neve_meta_enable_content_width":"","neve_meta_content_width":0,"neve_meta_title_alignment":"","neve_meta_author_avatar":"","neve_post_elements_order":"","neve_meta_disable_header":"","neve_meta_disable_footer":"","neve_meta_disable_title":"","neve_meta_reading_time":"","_surfaces":[],"_ver_product_tabs":[],"footnotes":""},"product_brand":[],"product_cat":[2343,2449],"product_tag":[],"class_list":{"0":"post-24168","1":"product","2":"type-product","3":"status-publish","4":"has-post-thumbnail","6":"product_cat-taetning-til-glas-og-keramik","7":"product_cat-metal-plast-forsegling","9":"first","10":"instock","11":"taxable","12":"shipping-taxable","13":"purchasable","14":"product-type-simple"},"acf":[],"yoast_head":"<!-- This site is optimized with the Yoast SEO Premium plugin v22.8 (Yoast SEO v27.4) - https:\/\/yoast.com\/product\/yoast-seo-premium-wordpress\/ -->\n<title>Liquid Glass Cell Phone Sealing - flydende sk\u00e6rmbeskytter - versiegelung24.com<\/title>\n<meta name=\"robots\" content=\"index, follow, max-snippet:-1, max-image-preview:large, max-video-preview:-1\" \/>\n<link rel=\"canonical\" href=\"https:\/\/www.versiegelung24.com\/da\/liquid-glass-cell-phone-sealing-flydende-skaermbeskytter.html\" \/>\n<meta property=\"og:locale\" content=\"da_DK\" \/>\n<meta property=\"og:type\" content=\"article\" \/>\n<meta property=\"og:title\" content=\"Liquid Glass Cell Phone Sealing - flydende sk\u00e6rmbeskytter\" \/>\n<meta property=\"og:description\" content=\"Tilstr\u00e6kkelig til 2 enheder: \u2713 Flydende glas mobiltelefon forsegling sk\u00e6rmbeskytter \u2713 Nanobel\u00e6gning \u2713 100 % boblefri.\" \/>\n<meta property=\"og:url\" content=\"https:\/\/www.versiegelung24.com\/da\/liquid-glass-cell-phone-sealing-flydende-skaermbeskytter.html\" \/>\n<meta property=\"og:site_name\" content=\"versiegelung24.com\" \/>\n<meta property=\"article:modified_time\" content=\"2025-01-06T14:11:29+00:00\" \/>\n<meta property=\"og:image\" content=\"https:\/\/www.versiegelung24.com\/wp-content\/uploads\/2020\/04\/handy-versiegelung-web.jpg\" \/>\n\t<meta property=\"og:image:width\" content=\"1500\" \/>\n\t<meta property=\"og:image:height\" content=\"1500\" \/>\n\t<meta property=\"og:image:type\" content=\"image\/jpeg\" \/>\n<meta name=\"twitter:card\" content=\"summary_large_image\" \/>\n<meta name=\"twitter:label1\" content=\"Pris\" \/>\n\t<meta name=\"twitter:data1\" content=\"9,99&euro;\" \/>\n\t<meta name=\"twitter:label2\" content=\"Tilg\u00e6ngelighed\" \/>\n\t<meta name=\"twitter:data2\" content=\"P\u00e5 lager\" \/>\n<script type=\"application\/ld+json\" class=\"yoast-schema-graph\">{\"@context\":\"https:\\\/\\\/schema.org\",\"@graph\":[{\"@type\":\"WebPage\",\"@id\":\"https:\\\/\\\/www.versiegelung24.com\\\/da\\\/liquid-glass-cell-phone-sealing-flydende-skaermbeskytter.html\",\"url\":\"https:\\\/\\\/www.versiegelung24.com\\\/da\\\/liquid-glass-cell-phone-sealing-flydende-skaermbeskytter.html\",\"name\":\"Liquid Glass Cell Phone Sealing - flydende sk\u00e6rmbeskytter - versiegelung24.com\",\"isPartOf\":{\"@id\":\"https:\\\/\\\/www.versiegelung24.com\\\/da\\\/#website\"},\"primaryImageOfPage\":{\"@id\":\"https:\\\/\\\/www.versiegelung24.com\\\/da\\\/liquid-glass-cell-phone-sealing-flydende-skaermbeskytter.html#primaryimage\"},\"image\":{\"@id\":\"https:\\\/\\\/www.versiegelung24.com\\\/da\\\/liquid-glass-cell-phone-sealing-flydende-skaermbeskytter.html#primaryimage\"},\"thumbnailUrl\":\"https:\\\/\\\/www.versiegelung24.com\\\/wp-content\\\/uploads\\\/2020\\\/04\\\/handy-versiegelung-web.jpg\",\"datePublished\":\"2021-08-02T20:30:31+00:00\",\"dateModified\":\"2025-01-06T14:11:29+00:00\",\"breadcrumb\":{\"@id\":\"https:\\\/\\\/www.versiegelung24.com\\\/da\\\/liquid-glass-cell-phone-sealing-flydende-skaermbeskytter.html#breadcrumb\"},\"inLanguage\":\"da-DK\",\"potentialAction\":[{\"@type\":\"ReadAction\",\"target\":[\"https:\\\/\\\/www.versiegelung24.com\\\/da\\\/liquid-glass-cell-phone-sealing-flydende-skaermbeskytter.html\"]}]},{\"@type\":\"ImageObject\",\"inLanguage\":\"da-DK\",\"@id\":\"https:\\\/\\\/www.versiegelung24.com\\\/da\\\/liquid-glass-cell-phone-sealing-flydende-skaermbeskytter.html#primaryimage\",\"url\":\"https:\\\/\\\/www.versiegelung24.com\\\/wp-content\\\/uploads\\\/2020\\\/04\\\/handy-versiegelung-web.jpg\",\"contentUrl\":\"https:\\\/\\\/www.versiegelung24.com\\\/wp-content\\\/uploads\\\/2020\\\/04\\\/handy-versiegelung-web.jpg\",\"width\":1500,\"height\":1500},{\"@type\":\"BreadcrumbList\",\"@id\":\"https:\\\/\\\/www.versiegelung24.com\\\/da\\\/liquid-glass-cell-phone-sealing-flydende-skaermbeskytter.html#breadcrumb\",\"itemListElement\":[{\"@type\":\"ListItem\",\"position\":1,\"name\":\"Hjemmeside\",\"item\":\"https:\\\/\\\/www.versiegelung24.com\\\/da\\\/foran\\\/\"},{\"@type\":\"ListItem\",\"position\":2,\"name\":\"Butik\",\"item\":\"https:\\\/\\\/www.versiegelung24.com\\\/da\\\/butik\\\/\"},{\"@type\":\"ListItem\",\"position\":3,\"name\":\"Liquid Glass Cell Phone Sealing &#8211; flydende sk\u00e6rmbeskytter\"}]},{\"@type\":\"WebSite\",\"@id\":\"https:\\\/\\\/www.versiegelung24.com\\\/da\\\/#website\",\"url\":\"https:\\\/\\\/www.versiegelung24.com\\\/da\\\/\",\"name\":\"versiegelung24.com\",\"description\":\"Fl\u00fcssigglas-Versiegelung - Made in Germany\",\"publisher\":{\"@id\":\"https:\\\/\\\/www.versiegelung24.com\\\/da\\\/#organization\"},\"potentialAction\":[{\"@type\":\"SearchAction\",\"target\":{\"@type\":\"EntryPoint\",\"urlTemplate\":\"https:\\\/\\\/www.versiegelung24.com\\\/da\\\/?s={search_term_string}\"},\"query-input\":{\"@type\":\"PropertyValueSpecification\",\"valueRequired\":true,\"valueName\":\"search_term_string\"}}],\"inLanguage\":\"da-DK\"},{\"@type\":\"Organization\",\"@id\":\"https:\\\/\\\/www.versiegelung24.com\\\/da\\\/#organization\",\"name\":\"versiegelung24\",\"url\":\"https:\\\/\\\/www.versiegelung24.com\\\/da\\\/\",\"logo\":{\"@type\":\"ImageObject\",\"inLanguage\":\"da-DK\",\"@id\":\"https:\\\/\\\/www.versiegelung24.com\\\/da\\\/#\\\/schema\\\/logo\\\/image\\\/\",\"url\":\"https:\\\/\\\/www.versiegelung24.com\\\/wp-content\\\/uploads\\\/2020\\\/04\\\/versiegelung24.png\",\"contentUrl\":\"https:\\\/\\\/www.versiegelung24.com\\\/wp-content\\\/uploads\\\/2020\\\/04\\\/versiegelung24.png\",\"width\":470,\"height\":102,\"caption\":\"versiegelung24\"},\"image\":{\"@id\":\"https:\\\/\\\/www.versiegelung24.com\\\/da\\\/#\\\/schema\\\/logo\\\/image\\\/\"}}]}<\/script>\n<meta property=\"product:price:amount\" content=\"9.99\" \/>\n<meta property=\"product:price:currency\" content=\"EUR\" \/>\n<meta property=\"og:availability\" content=\"instock\" \/>\n<meta property=\"product:availability\" content=\"instock\" \/>\n<meta property=\"product:retailer_item_id\" content=\"4008-901\" \/>\n<meta property=\"product:condition\" content=\"new\" \/>\n<!-- \/ Yoast SEO Premium plugin. -->","yoast_head_json":{"title":"Liquid Glass Cell Phone Sealing - flydende sk\u00e6rmbeskytter - versiegelung24.com","robots":{"index":"index","follow":"follow","max-snippet":"max-snippet:-1","max-image-preview":"max-image-preview:large","max-video-preview":"max-video-preview:-1"},"canonical":"https:\/\/www.versiegelung24.com\/da\/liquid-glass-cell-phone-sealing-flydende-skaermbeskytter.html","og_locale":"da_DK","og_type":"article","og_title":"Liquid Glass Cell Phone Sealing - flydende sk\u00e6rmbeskytter","og_description":"Tilstr\u00e6kkelig til 2 enheder: \u2713 Flydende glas mobiltelefon forsegling sk\u00e6rmbeskytter \u2713 Nanobel\u00e6gning \u2713 100 % boblefri.","og_url":"https:\/\/www.versiegelung24.com\/da\/liquid-glass-cell-phone-sealing-flydende-skaermbeskytter.html","og_site_name":"versiegelung24.com","article_modified_time":"2025-01-06T14:11:29+00:00","og_image":[{"width":1500,"height":1500,"url":"https:\/\/www.versiegelung24.com\/wp-content\/uploads\/2020\/04\/handy-versiegelung-web.jpg","type":"image\/jpeg"}],"twitter_card":"summary_large_image","twitter_misc":{"Pris":"9,99&euro;","Tilg\u00e6ngelighed":"P\u00e5 lager"},"schema":{"@context":"https:\/\/schema.org","@graph":[{"@type":"WebPage","@id":"https:\/\/www.versiegelung24.com\/da\/liquid-glass-cell-phone-sealing-flydende-skaermbeskytter.html","url":"https:\/\/www.versiegelung24.com\/da\/liquid-glass-cell-phone-sealing-flydende-skaermbeskytter.html","name":"Liquid Glass Cell Phone Sealing - flydende sk\u00e6rmbeskytter - versiegelung24.com","isPartOf":{"@id":"https:\/\/www.versiegelung24.com\/da\/#website"},"primaryImageOfPage":{"@id":"https:\/\/www.versiegelung24.com\/da\/liquid-glass-cell-phone-sealing-flydende-skaermbeskytter.html#primaryimage"},"image":{"@id":"https:\/\/www.versiegelung24.com\/da\/liquid-glass-cell-phone-sealing-flydende-skaermbeskytter.html#primaryimage"},"thumbnailUrl":"https:\/\/www.versiegelung24.com\/wp-content\/uploads\/2020\/04\/handy-versiegelung-web.jpg","datePublished":"2021-08-02T20:30:31+00:00","dateModified":"2025-01-06T14:11:29+00:00","breadcrumb":{"@id":"https:\/\/www.versiegelung24.com\/da\/liquid-glass-cell-phone-sealing-flydende-skaermbeskytter.html#breadcrumb"},"inLanguage":"da-DK","potentialAction":[{"@type":"ReadAction","target":["https:\/\/www.versiegelung24.com\/da\/liquid-glass-cell-phone-sealing-flydende-skaermbeskytter.html"]}]},{"@type":"ImageObject","inLanguage":"da-DK","@id":"https:\/\/www.versiegelung24.com\/da\/liquid-glass-cell-phone-sealing-flydende-skaermbeskytter.html#primaryimage","url":"https:\/\/www.versiegelung24.com\/wp-content\/uploads\/2020\/04\/handy-versiegelung-web.jpg","contentUrl":"https:\/\/www.versiegelung24.com\/wp-content\/uploads\/2020\/04\/handy-versiegelung-web.jpg","width":1500,"height":1500},{"@type":"BreadcrumbList","@id":"https:\/\/www.versiegelung24.com\/da\/liquid-glass-cell-phone-sealing-flydende-skaermbeskytter.html#breadcrumb","itemListElement":[{"@type":"ListItem","position":1,"name":"Hjemmeside","item":"https:\/\/www.versiegelung24.com\/da\/foran\/"},{"@type":"ListItem","position":2,"name":"Butik","item":"https:\/\/www.versiegelung24.com\/da\/butik\/"},{"@type":"ListItem","position":3,"name":"Liquid Glass Cell Phone Sealing &#8211; flydende sk\u00e6rmbeskytter"}]},{"@type":"WebSite","@id":"https:\/\/www.versiegelung24.com\/da\/#website","url":"https:\/\/www.versiegelung24.com\/da\/","name":"versiegelung24.com","description":"Fl\u00fcssigglas-Versiegelung - Made in Germany","publisher":{"@id":"https:\/\/www.versiegelung24.com\/da\/#organization"},"potentialAction":[{"@type":"SearchAction","target":{"@type":"EntryPoint","urlTemplate":"https:\/\/www.versiegelung24.com\/da\/?s={search_term_string}"},"query-input":{"@type":"PropertyValueSpecification","valueRequired":true,"valueName":"search_term_string"}}],"inLanguage":"da-DK"},{"@type":"Organization","@id":"https:\/\/www.versiegelung24.com\/da\/#organization","name":"versiegelung24","url":"https:\/\/www.versiegelung24.com\/da\/","logo":{"@type":"ImageObject","inLanguage":"da-DK","@id":"https:\/\/www.versiegelung24.com\/da\/#\/schema\/logo\/image\/","url":"https:\/\/www.versiegelung24.com\/wp-content\/uploads\/2020\/04\/versiegelung24.png","contentUrl":"https:\/\/www.versiegelung24.com\/wp-content\/uploads\/2020\/04\/versiegelung24.png","width":470,"height":102,"caption":"versiegelung24"},"image":{"@id":"https:\/\/www.versiegelung24.com\/da\/#\/schema\/logo\/image\/"}}]},"product_price_amount":"9.99","product_price_currency":"EUR","og_availability":"instock","product_availability":"instock","product_retailer_item_id":"4008-901","product_condition":"new"},"_links":{"self":[{"href":"https:\/\/www.versiegelung24.com\/da\/wp-json\/wp\/v2\/product\/24168","targetHints":{"allow":["GET"]}}],"collection":[{"href":"https:\/\/www.versiegelung24.com\/da\/wp-json\/wp\/v2\/product"}],"about":[{"href":"https:\/\/www.versiegelung24.com\/da\/wp-json\/wp\/v2\/types\/product"}],"version-history":[{"count":9,"href":"https:\/\/www.versiegelung24.com\/da\/wp-json\/wp\/v2\/product\/24168\/revisions"}],"predecessor-version":[{"id":180183,"href":"https:\/\/www.versiegelung24.com\/da\/wp-json\/wp\/v2\/product\/24168\/revisions\/180183"}],"wp:featuredmedia":[{"embeddable":true,"href":"https:\/\/www.versiegelung24.com\/da\/wp-json\/wp\/v2\/media\/13230"}],"wp:attachment":[{"href":"https:\/\/www.versiegelung24.com\/da\/wp-json\/wp\/v2\/media?parent=24168"}],"wp:term":[{"taxonomy":"product_brand","embeddable":true,"href":"https:\/\/www.versiegelung24.com\/da\/wp-json\/wp\/v2\/product_brand?post=24168"},{"taxonomy":"product_cat","embeddable":true,"href":"https:\/\/www.versiegelung24.com\/da\/wp-json\/wp\/v2\/product_cat?post=24168"},{"taxonomy":"product_tag","embeddable":true,"href":"https:\/\/www.versiegelung24.com\/da\/wp-json\/wp\/v2\/product_tag?post=24168"}],"curies":[{"name":"wp","href":"https:\/\/api.w.org\/{rel}","templated":true}]}}