{"id":24609,"date":"2020-04-27T22:20:08","date_gmt":"2021-08-02T20:50:12","guid":{"rendered":"https:\/\/www.versiegelung24.com\/produkt\/wb-rapid-on-taetningsmasse-og-efterbehandler-i-dybglans"},"modified":"2025-01-04T00:05:16","modified_gmt":"2025-01-03T23:05:16","slug":"wb-rapid-on-deep-gloss-autolack-sealing-finisher","status":"publish","type":"product","link":"https:\/\/www.versiegelung24.com\/da\/wb-rapid-on-deep-gloss-autolack-sealing-finisher.html","title":{"rendered":"WB Rapid On &#8211; t\u00e6tningsmasse og efterbehandler i dybglans"},"content":{"rendered":"\n<p><strong>WB Rapid On: F\u00f8rsteklasses dybglansforsegler og efterbehandler, ideel til billak. <\/strong><strong><em>vandbaseret &#8211; rapid on<\/em><\/strong><\/p>\n\n<p>G\u00e6lder som &#8220;finish&#8221; for<a href=\"https:\/\/www.versiegelung24.com\/muster-permanent-protector\/\"> Permanent Protector high-end keramisk bel\u00e6gning<\/a> eller<a href=\"https:\/\/www.versiegelung24.com\/autolack-spezial-politur-versiegelung-2in1\/\"> Bilmaling specialpolering og forsegling 2in1<\/a> .<\/p>\n\n<p>Varenummer: 5002-7654<\/p>\n\n<p>H\u00f8j kvalitet lavet i Tyskland<\/p>\n\n<p><strong>V24 WB Rapid On &#8211; t\u00e6tningsmasse og efterbehandler i dybglans<\/strong> skaber et ultratyndt lag p\u00e5 overfladen gennem den elektrostatiske binding af milliarder af bittesm\u00e5 siliciummolekyler, der kan sammenlignes med effekten af sm\u00e5 magneter, der binder til hinanden og til undergrunden. Som et resultat forsegles mikroskopiske porer og kapill\u00e6rer, og snavspartikler og andre urenheder er ikke l\u00e6ngere i stand til at kl\u00e6be til det nu meget glattere lag. Dette g\u00f8r overfladerne meget lettere at reng\u00f8re (&#8220;let at reng\u00f8re&#8221;), vandafvisende (hydrofobe) og en h\u00f8jglans effekt.<\/p>\n\n<hr\/>\n\n<h4 class=\"wp-block-heading\" id=\"properties\">Produktets egenskaber<\/h4>\n\n<div class=\"wp-block-columns is-layout-flex wp-container-core-columns-is-layout-9d6595d7 wp-block-columns-is-layout-flex\">\n<div class=\"wp-block-column is-layout-flow wp-block-column-is-layout-flow\">\n<ul class=\"wp-block-list\">\n<li>H\u00f8jglans effekt<\/li>\n\n\n\n<li>Kan kombineres som en deep gloss finisher til vores langtidsforseglere<\/li>\n\n\n\n<li>Fremragende let at reng\u00f8re effekt til vedh\u00e6ftning af snavs, f.eks. Fra fugleskitt, insekter og andre aggressive pletter, overflader bliver meget langsommere snavsede<\/li>\n\n\n\n<li>St\u00e6rk hydrofob effekt (vandafvisende)<\/li>\n\n\n\n<li>SiO\u00b2 nano -teknologi<\/li>\n\n\n\n<li>Vandbaseret, opl\u00f8sningsmiddelfri og lugtfri<\/li>\n\n\n\n<li>Kemikalieresistent over for reng\u00f8ringsmidler (op til pH 10)<\/li>\n\n\n\n<li>Enkel applikation<\/li>\n\n\n\n<li>Mere stabil forbindelse end voks- eller silikoneoliebaserede pr\u00e6parater<\/li>\n\n\n\n<li>UV-stabil \/ frostbestandig \/ saltvandsbestandig \/ usynlig (lagtykkelse: 40-50nm)<\/li>\n\n\n\n<li>Omkostnings-, tids- og energibesparelser gennem forl\u00e6ngede reng\u00f8ringscyklusser<\/li>\n<\/ul>\n<\/div>\n\n\n\n<div class=\"wp-block-column is-layout-flow wp-block-column-is-layout-flow\">\n<ul id=\"block-cb512caf-6c3b-4dfc-8f82-809b2295b24e\" class=\"wp-block-list\">\n<li>Ikke giftig og ikke brandfarlig<\/li>\n\n\n\n<li>Holdbarhed: 3-6 m\u00e5neder (afh\u00e6ngig af brug)<\/li>\n\n\n\n<li>Silkebl\u00f8d overflade, meget god fornemmelse<\/li>\n\n\n\n<li>Modstandsdygtig over for n\u00e6sten alle syrer, opl\u00f8sningsmidler og alkaliske husholdningsrensere<\/li>\n\n\n\n<li>Meget mere stabil end voks eller silikonebaserede produkter<\/li>\n\n\n\n<li>Let bionedbrydeligt (if\u00f8lge OECD kriterier)<\/li>\n\n\n\n<li>H\u00f8j slidstyrke mod vindb\u00e5rne partikler<\/li>\n\n\n\n<li>Temperaturbestandig fra -40 til + 200 \u00b0 C<\/li>\n\n\n\n<li>ph-resistent fra 1-10<\/li>\n\n\n\n<li>Ikke cytotoksisk i henhold til ISO 10993-5 + 12<\/li>\n\n\n\n<li>Massefylde ca. 1,00 g \/ cm\u00b3<\/li>\n\n\n\n<li>Lagets tykkelse: ca. 40-50nm<\/li>\n\n\n\n<li>VOC -fri (intet farligt gods)<\/li>\n\n\n\n<li>St\u00e6rke non-stick egenskaber (overflader bliver meget langsommere snavsede)<\/li>\n<\/ul>\n<\/div>\n<\/div>\n\n<div class=\"wp-block-columns is-layout-flex wp-container-core-columns-is-layout-9d6595d7 wp-block-columns-is-layout-flex\">\n<div class=\"wp-block-column is-layout-flow wp-block-column-is-layout-flow\">\n<p><br\/><br\/><br\/><br\/><br\/><br\/>K<strong>orte egenskaber<\/strong> Anvendelsestemperatur: 0 &#8211; 45\u00b0C m\u00b2 pr. liter: 100m\u00b2 Holdbarhed af fugemasse: 3-6 m\u00e5neder Holdbarhed af v\u00e6ske: op til 1 \u00e5r Opbevaringstemperatur: 0 &#8211; 30\u00b0C (beskyttet mod sollys) H\u00e6rdetid: 5 minutter, overfladen kan bruges med det samme<\/p>\n\n\n\n<p><br\/><br\/>L<strong>everingsomfang<\/strong>: 1 x literflaske 1 x produktbeskrivelse<\/p>\n<\/div>\n\n\n\n<div class=\"wp-block-column is-layout-flow wp-block-column-is-layout-flow\">\n<p><br\/><br\/><br\/><br\/>T<strong>est<\/strong> SMI Test Sandwich Corrosion Test, i henhold til ASTM F 1110 Acrylic Crazing Test, i henhold til ASTM F 484 Type C Paint Softtening Test, i henhold til ASTM F 502 Hydrogen Embrittlement Test, i henhold til ASTM F 519-93<\/p>\n\n\n\n<p><br\/>Boeing-certificeret DuPont\u2122 Marine Finishes:<strong>WB Rapid On &#8211; Deep Gloss Sealer &amp; Finisher<\/strong> er blevet testet p\u00e5 DuPont\u2122 Marine Finishes Topgloss SF og DP6940 Imron\u00ae Super Flow HS Clear Coat. Der blev ikke observeret nogen negativ effekt p\u00e5 bel\u00e6gningerne.<\/p>\n\n\n\n<p>Toldtarifnummer: 3402 9090, intet farligt gods (NDG)<\/p>\n<\/div>\n<\/div>\n\n<hr\/>\n\n<h4 class=\"wp-block-heading\" id=\"application\">Anvendelse<\/h4>\n\n<p><strong>V24 WB Rapid On &#8211; t\u00e6tningsmasse og efterbehandler i dybglans<\/strong> kan anvendes optimalt p\u00e5<strong> :<\/strong><\/p>\n\n<p><br\/><br\/>&#8211; Billak (som selvst\u00e6ndig forsegling eller som &#8220;finish&#8221; p\u00e5 vores 640- og 660-forseglinger, med en liter kan du forsegle ca. 8-10 biler) &#8211; B\u00e5de &#8211; I husholdningen, f.eks.<br\/><br\/><br\/><br\/><br\/><br\/><br\/>til brusekabiner, vinduer og d\u00f8rkarme &#8211; overflader af rustfrit st\u00e5l &#8211; malede og metalliske overflader &#8211; glas &#8211; syntetiske materialer &#8211; gummi &#8211; krom &#8211; visirer (ski- og motorcykelvisirer, is\u00e6r hvis opl\u00f8sningsmiddelbaserede fugemasser skal undg\u00e5s)<\/p>\n","protected":false},"excerpt":{"rendered":"<p><strong>Premium dyb glans sealer &amp; finisher<\/strong><\/p>\n<p>\u2713 ideel til billak<\/p>\n<p><em>\u2713<\/em> <em>vandbaseret &#8211; hurtigt p\u00e5<\/em><\/p>\n","protected":false},"featured_media":18380,"template":"","meta":{"_acf_changed":false,"neve_meta_sidebar":"","neve_meta_container":"","neve_meta_enable_content_width":"","neve_meta_content_width":0,"neve_meta_title_alignment":"","neve_meta_author_avatar":"","neve_post_elements_order":"","neve_meta_disable_header":"","neve_meta_disable_footer":"","neve_meta_disable_title":"","neve_meta_reading_time":"","_surfaces":[],"_ver_product_tabs":[],"footnotes":""},"product_brand":[],"product_cat":[2164],"product_tag":[],"class_list":{"0":"post-24609","1":"product","2":"type-product","3":"status-publish","4":"has-post-thumbnail","6":"product_cat-bilforsegling","8":"first","9":"instock","10":"taxable","11":"shipping-taxable","12":"purchasable","13":"product-type-simple"},"acf":[],"yoast_head":"<!-- This site is optimized with the Yoast SEO Premium plugin v22.8 (Yoast SEO v27.5) - https:\/\/yoast.com\/product\/yoast-seo-premium-wordpress\/ -->\n<title>WB Rapid On - t\u00e6tningsmasse og efterbehandler i dybglans - versiegelung24.com<\/title>\n<meta name=\"robots\" content=\"index, follow, max-snippet:-1, max-image-preview:large, max-video-preview:-1\" \/>\n<link rel=\"canonical\" href=\"https:\/\/www.versiegelung24.com\/da\/wb-rapid-on-deep-gloss-autolack-sealing-finisher.html\" \/>\n<meta property=\"og:locale\" content=\"da_DK\" \/>\n<meta property=\"og:type\" content=\"article\" \/>\n<meta property=\"og:title\" content=\"WB Rapid On - t\u00e6tningsmasse og efterbehandler i dybglans\" \/>\n<meta property=\"og:description\" content=\"Premium dyb glans sealer &amp; finisher \u2713 ideel til billak \u2713 vandbaseret - hurtigt p\u00e5\" \/>\n<meta property=\"og:url\" content=\"https:\/\/www.versiegelung24.com\/da\/wb-rapid-on-deep-gloss-autolack-sealing-finisher.html\" \/>\n<meta property=\"og:site_name\" content=\"versiegelung24.com\" \/>\n<meta property=\"article:modified_time\" content=\"2025-01-03T23:05:16+00:00\" \/>\n<meta property=\"og:image\" content=\"https:\/\/www.versiegelung24.com\/wp-content\/uploads\/2020\/06\/produkt-5002-7654-1000-WB-Rapid-On-scaled.jpg\" \/>\n\t<meta property=\"og:image:width\" content=\"2560\" \/>\n\t<meta property=\"og:image:height\" content=\"2560\" \/>\n\t<meta property=\"og:image:type\" content=\"image\/jpeg\" \/>\n<meta name=\"twitter:card\" content=\"summary_large_image\" \/>\n<meta name=\"twitter:label1\" content=\"Pris\" \/>\n\t<meta name=\"twitter:data1\" content=\"69,00&euro;\" \/>\n\t<meta name=\"twitter:label2\" content=\"Tilg\u00e6ngelighed\" \/>\n\t<meta name=\"twitter:data2\" content=\"P\u00e5 lager\" \/>\n<script type=\"application\/ld+json\" class=\"yoast-schema-graph\">{\"@context\":\"https:\\\/\\\/schema.org\",\"@graph\":[{\"@type\":\"WebPage\",\"@id\":\"https:\\\/\\\/www.versiegelung24.com\\\/da\\\/wb-rapid-on-deep-gloss-autolack-sealing-finisher.html\",\"url\":\"https:\\\/\\\/www.versiegelung24.com\\\/da\\\/wb-rapid-on-deep-gloss-autolack-sealing-finisher.html\",\"name\":\"WB Rapid On - t\u00e6tningsmasse og efterbehandler i dybglans - versiegelung24.com\",\"isPartOf\":{\"@id\":\"https:\\\/\\\/www.versiegelung24.com\\\/da\\\/#website\"},\"primaryImageOfPage\":{\"@id\":\"https:\\\/\\\/www.versiegelung24.com\\\/da\\\/wb-rapid-on-deep-gloss-autolack-sealing-finisher.html#primaryimage\"},\"image\":{\"@id\":\"https:\\\/\\\/www.versiegelung24.com\\\/da\\\/wb-rapid-on-deep-gloss-autolack-sealing-finisher.html#primaryimage\"},\"thumbnailUrl\":\"https:\\\/\\\/www.versiegelung24.com\\\/wp-content\\\/uploads\\\/2020\\\/06\\\/produkt-5002-7654-1000-WB-Rapid-On-scaled.jpg\",\"datePublished\":\"2021-08-02T20:50:12+00:00\",\"dateModified\":\"2025-01-03T23:05:16+00:00\",\"breadcrumb\":{\"@id\":\"https:\\\/\\\/www.versiegelung24.com\\\/da\\\/wb-rapid-on-deep-gloss-autolack-sealing-finisher.html#breadcrumb\"},\"inLanguage\":\"da-DK\",\"potentialAction\":[{\"@type\":\"ReadAction\",\"target\":[\"https:\\\/\\\/www.versiegelung24.com\\\/da\\\/wb-rapid-on-deep-gloss-autolack-sealing-finisher.html\"]}]},{\"@type\":\"ImageObject\",\"inLanguage\":\"da-DK\",\"@id\":\"https:\\\/\\\/www.versiegelung24.com\\\/da\\\/wb-rapid-on-deep-gloss-autolack-sealing-finisher.html#primaryimage\",\"url\":\"https:\\\/\\\/www.versiegelung24.com\\\/wp-content\\\/uploads\\\/2020\\\/06\\\/produkt-5002-7654-1000-WB-Rapid-On-scaled.jpg\",\"contentUrl\":\"https:\\\/\\\/www.versiegelung24.com\\\/wp-content\\\/uploads\\\/2020\\\/06\\\/produkt-5002-7654-1000-WB-Rapid-On-scaled.jpg\",\"width\":2560,\"height\":2560},{\"@type\":\"BreadcrumbList\",\"@id\":\"https:\\\/\\\/www.versiegelung24.com\\\/da\\\/wb-rapid-on-deep-gloss-autolack-sealing-finisher.html#breadcrumb\",\"itemListElement\":[{\"@type\":\"ListItem\",\"position\":1,\"name\":\"Hjemmeside\",\"item\":\"https:\\\/\\\/www.versiegelung24.com\\\/da\\\/foran\\\/\"},{\"@type\":\"ListItem\",\"position\":2,\"name\":\"Butik\",\"item\":\"https:\\\/\\\/www.versiegelung24.com\\\/da\\\/butik\\\/\"},{\"@type\":\"ListItem\",\"position\":3,\"name\":\"WB Rapid On &#8211; t\u00e6tningsmasse og efterbehandler i dybglans\"}]},{\"@type\":\"WebSite\",\"@id\":\"https:\\\/\\\/www.versiegelung24.com\\\/da\\\/#website\",\"url\":\"https:\\\/\\\/www.versiegelung24.com\\\/da\\\/\",\"name\":\"versiegelung24.com\",\"description\":\"Fl\u00fcssigglas-Versiegelung - Made in Germany\",\"publisher\":{\"@id\":\"https:\\\/\\\/www.versiegelung24.com\\\/da\\\/#organization\"},\"potentialAction\":[{\"@type\":\"SearchAction\",\"target\":{\"@type\":\"EntryPoint\",\"urlTemplate\":\"https:\\\/\\\/www.versiegelung24.com\\\/da\\\/?s={search_term_string}\"},\"query-input\":{\"@type\":\"PropertyValueSpecification\",\"valueRequired\":true,\"valueName\":\"search_term_string\"}}],\"inLanguage\":\"da-DK\"},{\"@type\":\"Organization\",\"@id\":\"https:\\\/\\\/www.versiegelung24.com\\\/da\\\/#organization\",\"name\":\"versiegelung24\",\"url\":\"https:\\\/\\\/www.versiegelung24.com\\\/da\\\/\",\"logo\":{\"@type\":\"ImageObject\",\"inLanguage\":\"da-DK\",\"@id\":\"https:\\\/\\\/www.versiegelung24.com\\\/da\\\/#\\\/schema\\\/logo\\\/image\\\/\",\"url\":\"https:\\\/\\\/www.versiegelung24.com\\\/wp-content\\\/uploads\\\/2020\\\/04\\\/versiegelung24.png\",\"contentUrl\":\"https:\\\/\\\/www.versiegelung24.com\\\/wp-content\\\/uploads\\\/2020\\\/04\\\/versiegelung24.png\",\"width\":470,\"height\":102,\"caption\":\"versiegelung24\"},\"image\":{\"@id\":\"https:\\\/\\\/www.versiegelung24.com\\\/da\\\/#\\\/schema\\\/logo\\\/image\\\/\"}}]}<\/script>\n<meta property=\"product:price:amount\" content=\"69.00\" \/>\n<meta property=\"product:price:currency\" content=\"EUR\" \/>\n<meta property=\"og:availability\" content=\"instock\" \/>\n<meta property=\"product:availability\" content=\"instock\" \/>\n<meta property=\"product:retailer_item_id\" content=\"5002-7654-1000\" \/>\n<meta property=\"product:condition\" content=\"new\" \/>\n<!-- \/ Yoast SEO Premium plugin. -->","yoast_head_json":{"title":"WB Rapid On - t\u00e6tningsmasse og efterbehandler i dybglans - versiegelung24.com","robots":{"index":"index","follow":"follow","max-snippet":"max-snippet:-1","max-image-preview":"max-image-preview:large","max-video-preview":"max-video-preview:-1"},"canonical":"https:\/\/www.versiegelung24.com\/da\/wb-rapid-on-deep-gloss-autolack-sealing-finisher.html","og_locale":"da_DK","og_type":"article","og_title":"WB Rapid On - t\u00e6tningsmasse og efterbehandler i dybglans","og_description":"Premium dyb glans sealer &amp; finisher \u2713 ideel til billak \u2713 vandbaseret - hurtigt p\u00e5","og_url":"https:\/\/www.versiegelung24.com\/da\/wb-rapid-on-deep-gloss-autolack-sealing-finisher.html","og_site_name":"versiegelung24.com","article_modified_time":"2025-01-03T23:05:16+00:00","og_image":[{"width":2560,"height":2560,"url":"https:\/\/www.versiegelung24.com\/wp-content\/uploads\/2020\/06\/produkt-5002-7654-1000-WB-Rapid-On-scaled.jpg","type":"image\/jpeg"}],"twitter_card":"summary_large_image","twitter_misc":{"Pris":"69,00&euro;","Tilg\u00e6ngelighed":"P\u00e5 lager"},"schema":{"@context":"https:\/\/schema.org","@graph":[{"@type":"WebPage","@id":"https:\/\/www.versiegelung24.com\/da\/wb-rapid-on-deep-gloss-autolack-sealing-finisher.html","url":"https:\/\/www.versiegelung24.com\/da\/wb-rapid-on-deep-gloss-autolack-sealing-finisher.html","name":"WB Rapid On - t\u00e6tningsmasse og efterbehandler i dybglans - versiegelung24.com","isPartOf":{"@id":"https:\/\/www.versiegelung24.com\/da\/#website"},"primaryImageOfPage":{"@id":"https:\/\/www.versiegelung24.com\/da\/wb-rapid-on-deep-gloss-autolack-sealing-finisher.html#primaryimage"},"image":{"@id":"https:\/\/www.versiegelung24.com\/da\/wb-rapid-on-deep-gloss-autolack-sealing-finisher.html#primaryimage"},"thumbnailUrl":"https:\/\/www.versiegelung24.com\/wp-content\/uploads\/2020\/06\/produkt-5002-7654-1000-WB-Rapid-On-scaled.jpg","datePublished":"2021-08-02T20:50:12+00:00","dateModified":"2025-01-03T23:05:16+00:00","breadcrumb":{"@id":"https:\/\/www.versiegelung24.com\/da\/wb-rapid-on-deep-gloss-autolack-sealing-finisher.html#breadcrumb"},"inLanguage":"da-DK","potentialAction":[{"@type":"ReadAction","target":["https:\/\/www.versiegelung24.com\/da\/wb-rapid-on-deep-gloss-autolack-sealing-finisher.html"]}]},{"@type":"ImageObject","inLanguage":"da-DK","@id":"https:\/\/www.versiegelung24.com\/da\/wb-rapid-on-deep-gloss-autolack-sealing-finisher.html#primaryimage","url":"https:\/\/www.versiegelung24.com\/wp-content\/uploads\/2020\/06\/produkt-5002-7654-1000-WB-Rapid-On-scaled.jpg","contentUrl":"https:\/\/www.versiegelung24.com\/wp-content\/uploads\/2020\/06\/produkt-5002-7654-1000-WB-Rapid-On-scaled.jpg","width":2560,"height":2560},{"@type":"BreadcrumbList","@id":"https:\/\/www.versiegelung24.com\/da\/wb-rapid-on-deep-gloss-autolack-sealing-finisher.html#breadcrumb","itemListElement":[{"@type":"ListItem","position":1,"name":"Hjemmeside","item":"https:\/\/www.versiegelung24.com\/da\/foran\/"},{"@type":"ListItem","position":2,"name":"Butik","item":"https:\/\/www.versiegelung24.com\/da\/butik\/"},{"@type":"ListItem","position":3,"name":"WB Rapid On &#8211; t\u00e6tningsmasse og efterbehandler i dybglans"}]},{"@type":"WebSite","@id":"https:\/\/www.versiegelung24.com\/da\/#website","url":"https:\/\/www.versiegelung24.com\/da\/","name":"versiegelung24.com","description":"Fl\u00fcssigglas-Versiegelung - Made in Germany","publisher":{"@id":"https:\/\/www.versiegelung24.com\/da\/#organization"},"potentialAction":[{"@type":"SearchAction","target":{"@type":"EntryPoint","urlTemplate":"https:\/\/www.versiegelung24.com\/da\/?s={search_term_string}"},"query-input":{"@type":"PropertyValueSpecification","valueRequired":true,"valueName":"search_term_string"}}],"inLanguage":"da-DK"},{"@type":"Organization","@id":"https:\/\/www.versiegelung24.com\/da\/#organization","name":"versiegelung24","url":"https:\/\/www.versiegelung24.com\/da\/","logo":{"@type":"ImageObject","inLanguage":"da-DK","@id":"https:\/\/www.versiegelung24.com\/da\/#\/schema\/logo\/image\/","url":"https:\/\/www.versiegelung24.com\/wp-content\/uploads\/2020\/04\/versiegelung24.png","contentUrl":"https:\/\/www.versiegelung24.com\/wp-content\/uploads\/2020\/04\/versiegelung24.png","width":470,"height":102,"caption":"versiegelung24"},"image":{"@id":"https:\/\/www.versiegelung24.com\/da\/#\/schema\/logo\/image\/"}}]},"product_price_amount":"69.00","product_price_currency":"EUR","og_availability":"instock","product_availability":"instock","product_retailer_item_id":"5002-7654-1000","product_condition":"new"},"_links":{"self":[{"href":"https:\/\/www.versiegelung24.com\/da\/wp-json\/wp\/v2\/product\/24609","targetHints":{"allow":["GET"]}}],"collection":[{"href":"https:\/\/www.versiegelung24.com\/da\/wp-json\/wp\/v2\/product"}],"about":[{"href":"https:\/\/www.versiegelung24.com\/da\/wp-json\/wp\/v2\/types\/product"}],"version-history":[{"count":11,"href":"https:\/\/www.versiegelung24.com\/da\/wp-json\/wp\/v2\/product\/24609\/revisions"}],"predecessor-version":[{"id":177807,"href":"https:\/\/www.versiegelung24.com\/da\/wp-json\/wp\/v2\/product\/24609\/revisions\/177807"}],"wp:featuredmedia":[{"embeddable":true,"href":"https:\/\/www.versiegelung24.com\/da\/wp-json\/wp\/v2\/media\/18380"}],"wp:attachment":[{"href":"https:\/\/www.versiegelung24.com\/da\/wp-json\/wp\/v2\/media?parent=24609"}],"wp:term":[{"taxonomy":"product_brand","embeddable":true,"href":"https:\/\/www.versiegelung24.com\/da\/wp-json\/wp\/v2\/product_brand?post=24609"},{"taxonomy":"product_cat","embeddable":true,"href":"https:\/\/www.versiegelung24.com\/da\/wp-json\/wp\/v2\/product_cat?post=24609"},{"taxonomy":"product_tag","embeddable":true,"href":"https:\/\/www.versiegelung24.com\/da\/wp-json\/wp\/v2\/product_tag?post=24609"}],"curies":[{"name":"wp","href":"https:\/\/api.w.org\/{rel}","templated":true}]}}