{"id":24684,"date":"2020-04-04T18:53:45","date_gmt":"2021-08-02T20:56:58","guid":{"rendered":"https:\/\/www.versiegelung24.com\/produkt\/premium-beton-og-stentaetning-ekstrem-vandafvisende-ikke-aandbar"},"modified":"2025-01-04T00:13:08","modified_gmt":"2025-01-03T23:13:08","slug":"premium-beton-sten-forsegling-ekstrem-vandafvisende-ikke-aandbar","status":"publish","type":"product","link":"https:\/\/www.versiegelung24.com\/da\/premium-beton-sten-forsegling-ekstrem-vandafvisende-ikke-andbar.html","title":{"rendered":"Premium beton- og stenforsegling med farveuddybning &#8211; ikke \u00e5ndbar"},"content":{"rendered":"\n<p>Vores premium beton- og stent\u00e6tning beskytter effektivt og permanent overflader mod ydre p\u00e5virkninger og modvirker klart indtr\u00e6ngning af olie, fedtstoffer, kaffe og r\u00f8dvin. Derudover efterlader den beskyttende klare lakbel\u00e6gning en farveforst\u00e6rkende, blank film, der synligt forbedrer den behandlede overflade.<\/p>\n\n<hr\/>\n\n<h4 class=\"wp-block-heading\" id=\"video\"><strong>\u00d8v video &#8211; effektivt at beskytte stenfigurer og stenskulpturer i haven mod milj\u00f8p\u00e5virkninger<\/strong><\/h4>\n\n<figure class=\"wp-block-embed aligncenter is-type-video is-provider-youtube wp-block-embed-youtube wp-embed-aspect-16-9 wp-has-aspect-ratio\"><div class=\"wp-block-embed__wrapper\"> \n<div class=\"nv-iframe-embed\"><iframe title=\"Steinfiguren &amp; Steinskulpturen wetterfest machen - Versiegelung \/ Impr\u00e4gnierung mit Farbvertiefung\" width=\"1200\" height=\"675\" src=\"https:\/\/www.youtube.com\/embed\/sSjv-OlqOgI?feature=oembed\" frameborder=\"0\" allow=\"accelerometer; autoplay; clipboard-write; encrypted-media; gyroscope; picture-in-picture\" allowfullscreen><\/iframe><\/div>\n <\/div><\/figure>\n\n<hr\/>\n\n<h4 class=\"wp-block-heading\" id=\"properties\">Produktets egenskaber<\/h4>\n\n<div class=\"wp-block-columns is-layout-flex wp-container-core-columns-is-layout-9d6595d7 wp-block-columns-is-layout-flex\">\n<div class=\"wp-block-column is-layout-flow wp-block-column-is-layout-flow\">\n<p>\u2713 Effektiv permanent overfladebeskyttelse mod vand, snavs og forvitring<\/p>\n\n\n\n<p>\u2713 forhindrer v\u00e6kst af mos, lav, svampe og andre naturlige p\u00e5virkninger<\/p>\n\n\n\n<p>\u2713 100% fast indeholdende klar lakbel\u00e6gning<\/p>\n\n\n\n<p>\u2713 h\u00f8j slidstyrke gennem SiO\u00b2 nano -teknologi<\/p>\n\n\n\n<p>\u2713 behandlede overflader er ikke \u00e5ndbare<\/p>\n\n\n\n<p>\u2713 Farvedybende effekt med en blank film \/ forbedring af overfladen<\/p>\n\n\n\n<p>\u2713 meget st\u00e6rk hydrofobicitet<\/p>\n\n\n\n<p>\u2713 Betydelig reduktion i penetration af olie og fedtstoffer, kaffe, r\u00f8dvin<\/p>\n\n\n\n<p>\u2713 Frostbestandig (is og sne beskadiger den ikke)<\/p>\n\n\n\n<p>\u2713 UV -stabil<\/p>\n\n\n\n<p>\u2713 Let at reng\u00f8re effekt: snavs<\/p>\n\n\n\n<p>\u2713 Temperaturbestandig op til 1.000\u00b0C (ved kortvarig eksponering)<\/p>\n\n\n\n<p><\/p>\n\n\n\n<p><br\/>Leveringsomfang: 1 x liter flaske<\/p>\n<\/div>\n\n\n\n<div class=\"wp-block-column is-layout-flow wp-block-column-is-layout-flow\">\n<p><strong>Meget effektiv, meget vandafvisende, slidst\u00e6rk nano-bel\u00e6gning til alle absorberende, mineralske overflader.<\/strong><\/p>\n\n\n\n<p>Ikke \u00e5ndbar<\/p>\n\n\n\n<p>Varenummer: 3008-704<\/p>\n\n\n\n<p>H\u00f8j kvalitet lavet i Tyskland<\/p>\n\n\n\n<p><strong>produktsikkerhed<\/strong><\/p>\n\n\n\n<p>Oplysninger om klassificering af produktet inden for rammerne af bekendtg\u00f8relse om farlige stoffer, sikkerhedsdata og data om toksikologi og opbevaring findes i vores sikkerhedsdatablad.<\/p>\n\n\n\n<p>V\u00e6r opm\u00e6rksom p\u00e5 passende beskyttelsesudstyr ved brug. Ved bestilling anbefaler vi, at du bruger passende \u00e5ndedr\u00e6tsv\u00e6rn og gummihandsker.<\/p>\n\n\n\n<p>I tilf\u00e6lde af hudkontakt, vask omr\u00e5derne grundigt med s\u00e6be og vand.<\/p>\n\n\n\n<p><strong>opbevaring<\/strong><\/p>\n\n\n\n<p>V24 Concrete and Stone Sealing Extreme kan opbevares i mindst 12 m\u00e5neder i den originale lukkede beholder ved opbevaringstemperaturer p\u00e5 +5 til + 25 \u00b0 C.<\/p>\n\n\n\n<p>\u00c5bnede beholdere skal bruges med kort varsel.<\/p>\n\n\n\n<p>En l\u00e6ngere opbevaringstid betyder ikke n\u00f8dvendigvis, at produktet er ubrugeligt, men de egenskaber, der \u00f8nskes til den p\u00e5t\u00e6nkte anvendelse, b\u00f8r kontrolleres af hensyn til kvalitetssikringen.<\/p>\n<\/div>\n<\/div>\n\n<hr\/>\n\n<h4 class=\"wp-block-heading\" id=\"application\">Anvendelse<\/h4>\n\n<div class=\"wp-block-columns is-layout-flex wp-container-core-columns-is-layout-9d6595d7 wp-block-columns-is-layout-flex\">\n<div class=\"wp-block-column is-layout-flow wp-block-column-is-layout-flow\">\n<ul class=\"wp-block-list\">\n<li><strong>V24 beton og stent\u00e6tning ekstrem<\/strong> leveres klar til brug og p\u00e5f\u00f8res ufortyndet p\u00e5 den forrensede og t\u00f8rrede overflade. En fortynding med alkohol er mulig afh\u00e6ngigt af applikationen.<\/li>\n<\/ul>\n\n\n\n<ul class=\"wp-block-list\">\n<li>Alle overflader, der skal behandles, skal v\u00e6re t\u00f8rre og godt rengjorte, da det er den eneste m\u00e5de at sikre en dyb indtr\u00e6ngning af fugemassen, som har en optimal langsigtet og dyb effekt.<\/li>\n<\/ul>\n\n\n\n<ul class=\"wp-block-list\">\n<li>Efter p\u00e5f\u00f8ring kan <strong><strong>V24 Beton- og stenforsegler ekstrem<\/strong><\/strong> skal forblive i kontakt med overfladen i flere sekunder som en flydende film.<\/li>\n<\/ul>\n\n\n\n<ul class=\"wp-block-list\">\n<li>Bel\u00e6gningen tv\u00e6rbindes fuldst\u00e6ndigt og h\u00e6rdes efter 24 timer.<\/li>\n<\/ul>\n\n\n\n<p>En detaljeret ans\u00f8gningsbeskrivelse kan findes i vores datablad<\/p>\n<\/div>\n\n\n\n<div class=\"wp-block-column is-layout-flow wp-block-column-is-layout-flow\">\n<p>Beskyttende klar lakbel\u00e6gning til alle mineralsk, absorberende beton- og stenoverflader, indend\u00f8rs og udend\u00f8rs.<\/p>\n\n\n\n<p>\u2713 Beton (betonblok, betonbel\u00e6gning, trapper, garage- og v\u00e6rkstedsgulve, udsatte betonomr\u00e5der &#8230;)<\/p>\n\n\n\n<p>\u2713 Sten (natursten, bel\u00e6gningssten, granit, sandkalksten, skifer, murv\u00e6rk, indk\u00f8rsler &#8230;)<\/p>\n\n\n\n<p><strong>Vigtigt:<\/strong> Anvendelsen er begr\u00e6nset p\u00e5 h\u00f8jpolerede overflader med lav sugeevne, da optimal limning ikke kan finde sted her. Hvis det er n\u00f8dvendigt, b\u00f8r overfladen g\u00f8res ru p\u00e5 forh\u00e5nd (60-100 sandpapir afh\u00e6ngig af overfladen) og et primerlag (1\/3 sprit 2\/3 t\u00e6tning) p\u00e5f\u00f8res. Derefter efter ca. 30 minutter den ufortyndede forsegling.<\/p>\n\n\n\n<p>Forbruget afh\u00e6nger af overfladens sugeevne ca. 10-40m\u00b2 \/ liter.<\/p>\n<\/div>\n<\/div>\n","protected":false},"excerpt":{"rendered":"<p><strong>Ekstremt vandafvisende klarlak til indend\u00f8rs og udend\u00f8rs brug<\/strong>  <\/p>\n<p>\u2713 til alle absorberende mineralsten &amp; betonoverflader<\/p>\n<p>\u2713 Let at reng\u00f8re: snavs kl\u00e6ber ikke til og kan let fjernes<\/p>\n<p>\u2713 behandlede overflader er ikke \u00e5ndbare<\/p>\n<p>\u2713 Forhindrer v\u00e6kst af mos, lav, svampe og andre naturlige p\u00e5virkninger<\/p>\n<p>\u2713 Farvedybende effekt med en blank film \/ forbedring af overfladen<\/p>\n<p>\u2713 Holdbarhed: op til 5 \u00e5r+.<\/p>\n","protected":false},"featured_media":18095,"template":"","meta":{"_acf_changed":false,"neve_meta_sidebar":"","neve_meta_container":"","neve_meta_enable_content_width":"","neve_meta_content_width":0,"neve_meta_title_alignment":"","neve_meta_author_avatar":"","neve_post_elements_order":"","neve_meta_disable_header":"","neve_meta_disable_footer":"","neve_meta_disable_title":"","neve_meta_reading_time":"","_surfaces":[],"_ver_product_tabs":[],"footnotes":""},"product_brand":[],"product_cat":[2453],"product_tag":[],"class_list":{"0":"post-24684","1":"product","2":"type-product","3":"status-publish","4":"has-post-thumbnail","6":"product_cat-taetning-af-sten-og-beton","7":"pa_gebinde-1000-ml-flaske","8":"pa_gebinde-20l-dunk","10":"first","11":"instock","12":"taxable","13":"shipping-taxable","14":"purchasable","15":"product-type-variable","16":"has-default-attributes"},"acf":[],"yoast_head":"<!-- This site is optimized with the Yoast SEO Premium plugin v22.8 (Yoast SEO v27.5) - https:\/\/yoast.com\/product\/yoast-seo-premium-wordpress\/ -->\n<title>Premium beton- og stenforsegling med farveuddybning - versiongelung24<\/title>\n<meta name=\"description\" content=\"Premium beton- og stenforsegling - l\u00e6r mere om vores premium beton- og stenforsegling med nanoteknologi og farveuddybning\" \/>\n<meta name=\"robots\" content=\"index, follow, max-snippet:-1, max-image-preview:large, max-video-preview:-1\" \/>\n<link rel=\"canonical\" href=\"https:\/\/www.versiegelung24.com\/da\/premium-beton-sten-forsegling-ekstrem-vandafvisende-ikke-andbar.html\" \/>\n<meta property=\"og:locale\" content=\"da_DK\" \/>\n<meta property=\"og:type\" content=\"article\" \/>\n<meta property=\"og:title\" content=\"Premium beton- og stenforsegling med farveuddybning - ikke \u00e5ndbar\" \/>\n<meta property=\"og:description\" content=\"Premium beton- og stenforsegling - l\u00e6r mere om vores premium beton- og stenforsegling med nanoteknologi og farveuddybning\" \/>\n<meta property=\"og:url\" content=\"https:\/\/www.versiegelung24.com\/da\/premium-beton-sten-forsegling-ekstrem-vandafvisende-ikke-andbar.html\" \/>\n<meta property=\"og:site_name\" content=\"versiegelung24.com\" \/>\n<meta property=\"article:modified_time\" content=\"2025-01-03T23:13:08+00:00\" \/>\n<meta property=\"og:image\" content=\"https:\/\/www.versiegelung24.com\/wp-content\/uploads\/2020\/06\/produkt-3008-704-1000-Beton-Stein-Versiegelung-extreme-Wasserabweisung-nicht-atmungsaktiv-scaled.jpg\" \/>\n\t<meta property=\"og:image:width\" content=\"2560\" \/>\n\t<meta property=\"og:image:height\" content=\"2560\" \/>\n\t<meta property=\"og:image:type\" content=\"image\/jpeg\" \/>\n<meta name=\"twitter:card\" content=\"summary_large_image\" \/>\n<meta name=\"twitter:label1\" content=\"Tilg\u00e6ngelighed\" \/>\n\t<meta name=\"twitter:data1\" content=\"P\u00e5 lager\" \/>\n<script type=\"application\/ld+json\" class=\"yoast-schema-graph\">{\"@context\":\"https:\\\/\\\/schema.org\",\"@graph\":[{\"@type\":\"WebPage\",\"@id\":\"https:\\\/\\\/www.versiegelung24.com\\\/da\\\/premium-beton-sten-forsegling-ekstrem-vandafvisende-ikke-andbar.html\",\"url\":\"https:\\\/\\\/www.versiegelung24.com\\\/da\\\/premium-beton-sten-forsegling-ekstrem-vandafvisende-ikke-andbar.html\",\"name\":\"Premium beton- og stenforsegling med farveuddybning - versiongelung24\",\"isPartOf\":{\"@id\":\"https:\\\/\\\/www.versiegelung24.com\\\/da\\\/#website\"},\"primaryImageOfPage\":{\"@id\":\"https:\\\/\\\/www.versiegelung24.com\\\/da\\\/premium-beton-sten-forsegling-ekstrem-vandafvisende-ikke-andbar.html#primaryimage\"},\"image\":{\"@id\":\"https:\\\/\\\/www.versiegelung24.com\\\/da\\\/premium-beton-sten-forsegling-ekstrem-vandafvisende-ikke-andbar.html#primaryimage\"},\"thumbnailUrl\":\"https:\\\/\\\/www.versiegelung24.com\\\/wp-content\\\/uploads\\\/2020\\\/06\\\/produkt-3008-704-1000-Beton-Stein-Versiegelung-extreme-Wasserabweisung-nicht-atmungsaktiv-scaled.jpg\",\"datePublished\":\"2021-08-02T20:56:58+00:00\",\"dateModified\":\"2025-01-03T23:13:08+00:00\",\"description\":\"Premium beton- og stenforsegling - l\u00e6r mere om vores premium beton- og stenforsegling med nanoteknologi og farveuddybning\",\"breadcrumb\":{\"@id\":\"https:\\\/\\\/www.versiegelung24.com\\\/da\\\/premium-beton-sten-forsegling-ekstrem-vandafvisende-ikke-andbar.html#breadcrumb\"},\"inLanguage\":\"da-DK\",\"potentialAction\":[{\"@type\":\"ReadAction\",\"target\":[\"https:\\\/\\\/www.versiegelung24.com\\\/da\\\/premium-beton-sten-forsegling-ekstrem-vandafvisende-ikke-andbar.html\"]}]},{\"@type\":\"ImageObject\",\"inLanguage\":\"da-DK\",\"@id\":\"https:\\\/\\\/www.versiegelung24.com\\\/da\\\/premium-beton-sten-forsegling-ekstrem-vandafvisende-ikke-andbar.html#primaryimage\",\"url\":\"https:\\\/\\\/www.versiegelung24.com\\\/wp-content\\\/uploads\\\/2020\\\/06\\\/produkt-3008-704-1000-Beton-Stein-Versiegelung-extreme-Wasserabweisung-nicht-atmungsaktiv-scaled.jpg\",\"contentUrl\":\"https:\\\/\\\/www.versiegelung24.com\\\/wp-content\\\/uploads\\\/2020\\\/06\\\/produkt-3008-704-1000-Beton-Stein-Versiegelung-extreme-Wasserabweisung-nicht-atmungsaktiv-scaled.jpg\",\"width\":2560,\"height\":2560},{\"@type\":\"BreadcrumbList\",\"@id\":\"https:\\\/\\\/www.versiegelung24.com\\\/da\\\/premium-beton-sten-forsegling-ekstrem-vandafvisende-ikke-andbar.html#breadcrumb\",\"itemListElement\":[{\"@type\":\"ListItem\",\"position\":1,\"name\":\"Hjemmeside\",\"item\":\"https:\\\/\\\/www.versiegelung24.com\\\/da\\\/foran\\\/\"},{\"@type\":\"ListItem\",\"position\":2,\"name\":\"Butik\",\"item\":\"https:\\\/\\\/www.versiegelung24.com\\\/da\\\/butik\\\/\"},{\"@type\":\"ListItem\",\"position\":3,\"name\":\"Premium beton- og stenforsegling med farveuddybning &#8211; ikke \u00e5ndbar\"}]},{\"@type\":\"WebSite\",\"@id\":\"https:\\\/\\\/www.versiegelung24.com\\\/da\\\/#website\",\"url\":\"https:\\\/\\\/www.versiegelung24.com\\\/da\\\/\",\"name\":\"versiegelung24.com\",\"description\":\"Fl\u00fcssigglas-Versiegelung - Made in Germany\",\"publisher\":{\"@id\":\"https:\\\/\\\/www.versiegelung24.com\\\/da\\\/#organization\"},\"potentialAction\":[{\"@type\":\"SearchAction\",\"target\":{\"@type\":\"EntryPoint\",\"urlTemplate\":\"https:\\\/\\\/www.versiegelung24.com\\\/da\\\/?s={search_term_string}\"},\"query-input\":{\"@type\":\"PropertyValueSpecification\",\"valueRequired\":true,\"valueName\":\"search_term_string\"}}],\"inLanguage\":\"da-DK\"},{\"@type\":\"Organization\",\"@id\":\"https:\\\/\\\/www.versiegelung24.com\\\/da\\\/#organization\",\"name\":\"versiegelung24\",\"url\":\"https:\\\/\\\/www.versiegelung24.com\\\/da\\\/\",\"logo\":{\"@type\":\"ImageObject\",\"inLanguage\":\"da-DK\",\"@id\":\"https:\\\/\\\/www.versiegelung24.com\\\/da\\\/#\\\/schema\\\/logo\\\/image\\\/\",\"url\":\"https:\\\/\\\/www.versiegelung24.com\\\/wp-content\\\/uploads\\\/2020\\\/04\\\/versiegelung24.png\",\"contentUrl\":\"https:\\\/\\\/www.versiegelung24.com\\\/wp-content\\\/uploads\\\/2020\\\/04\\\/versiegelung24.png\",\"width\":470,\"height\":102,\"caption\":\"versiegelung24\"},\"image\":{\"@id\":\"https:\\\/\\\/www.versiegelung24.com\\\/da\\\/#\\\/schema\\\/logo\\\/image\\\/\"}}]}<\/script>\n<meta property=\"og:availability\" content=\"instock\" \/>\n<meta property=\"product:availability\" content=\"instock\" \/>\n<meta property=\"product:retailer_item_id\" content=\"3008-704\" \/>\n<meta property=\"product:condition\" content=\"new\" \/>\n<!-- \/ Yoast SEO Premium plugin. -->","yoast_head_json":{"title":"Premium beton- og stenforsegling med farveuddybning - versiongelung24","description":"Premium beton- og stenforsegling - l\u00e6r mere om vores premium beton- og stenforsegling med nanoteknologi og farveuddybning","robots":{"index":"index","follow":"follow","max-snippet":"max-snippet:-1","max-image-preview":"max-image-preview:large","max-video-preview":"max-video-preview:-1"},"canonical":"https:\/\/www.versiegelung24.com\/da\/premium-beton-sten-forsegling-ekstrem-vandafvisende-ikke-andbar.html","og_locale":"da_DK","og_type":"article","og_title":"Premium beton- og stenforsegling med farveuddybning - ikke \u00e5ndbar","og_description":"Premium beton- og stenforsegling - l\u00e6r mere om vores premium beton- og stenforsegling med nanoteknologi og farveuddybning","og_url":"https:\/\/www.versiegelung24.com\/da\/premium-beton-sten-forsegling-ekstrem-vandafvisende-ikke-andbar.html","og_site_name":"versiegelung24.com","article_modified_time":"2025-01-03T23:13:08+00:00","og_image":[{"width":2560,"height":2560,"url":"https:\/\/www.versiegelung24.com\/wp-content\/uploads\/2020\/06\/produkt-3008-704-1000-Beton-Stein-Versiegelung-extreme-Wasserabweisung-nicht-atmungsaktiv-scaled.jpg","type":"image\/jpeg"}],"twitter_card":"summary_large_image","twitter_misc":{"Tilg\u00e6ngelighed":"P\u00e5 lager"},"schema":{"@context":"https:\/\/schema.org","@graph":[{"@type":"WebPage","@id":"https:\/\/www.versiegelung24.com\/da\/premium-beton-sten-forsegling-ekstrem-vandafvisende-ikke-andbar.html","url":"https:\/\/www.versiegelung24.com\/da\/premium-beton-sten-forsegling-ekstrem-vandafvisende-ikke-andbar.html","name":"Premium beton- og stenforsegling med farveuddybning - versiongelung24","isPartOf":{"@id":"https:\/\/www.versiegelung24.com\/da\/#website"},"primaryImageOfPage":{"@id":"https:\/\/www.versiegelung24.com\/da\/premium-beton-sten-forsegling-ekstrem-vandafvisende-ikke-andbar.html#primaryimage"},"image":{"@id":"https:\/\/www.versiegelung24.com\/da\/premium-beton-sten-forsegling-ekstrem-vandafvisende-ikke-andbar.html#primaryimage"},"thumbnailUrl":"https:\/\/www.versiegelung24.com\/wp-content\/uploads\/2020\/06\/produkt-3008-704-1000-Beton-Stein-Versiegelung-extreme-Wasserabweisung-nicht-atmungsaktiv-scaled.jpg","datePublished":"2021-08-02T20:56:58+00:00","dateModified":"2025-01-03T23:13:08+00:00","description":"Premium beton- og stenforsegling - l\u00e6r mere om vores premium beton- og stenforsegling med nanoteknologi og farveuddybning","breadcrumb":{"@id":"https:\/\/www.versiegelung24.com\/da\/premium-beton-sten-forsegling-ekstrem-vandafvisende-ikke-andbar.html#breadcrumb"},"inLanguage":"da-DK","potentialAction":[{"@type":"ReadAction","target":["https:\/\/www.versiegelung24.com\/da\/premium-beton-sten-forsegling-ekstrem-vandafvisende-ikke-andbar.html"]}]},{"@type":"ImageObject","inLanguage":"da-DK","@id":"https:\/\/www.versiegelung24.com\/da\/premium-beton-sten-forsegling-ekstrem-vandafvisende-ikke-andbar.html#primaryimage","url":"https:\/\/www.versiegelung24.com\/wp-content\/uploads\/2020\/06\/produkt-3008-704-1000-Beton-Stein-Versiegelung-extreme-Wasserabweisung-nicht-atmungsaktiv-scaled.jpg","contentUrl":"https:\/\/www.versiegelung24.com\/wp-content\/uploads\/2020\/06\/produkt-3008-704-1000-Beton-Stein-Versiegelung-extreme-Wasserabweisung-nicht-atmungsaktiv-scaled.jpg","width":2560,"height":2560},{"@type":"BreadcrumbList","@id":"https:\/\/www.versiegelung24.com\/da\/premium-beton-sten-forsegling-ekstrem-vandafvisende-ikke-andbar.html#breadcrumb","itemListElement":[{"@type":"ListItem","position":1,"name":"Hjemmeside","item":"https:\/\/www.versiegelung24.com\/da\/foran\/"},{"@type":"ListItem","position":2,"name":"Butik","item":"https:\/\/www.versiegelung24.com\/da\/butik\/"},{"@type":"ListItem","position":3,"name":"Premium beton- og stenforsegling med farveuddybning &#8211; ikke \u00e5ndbar"}]},{"@type":"WebSite","@id":"https:\/\/www.versiegelung24.com\/da\/#website","url":"https:\/\/www.versiegelung24.com\/da\/","name":"versiegelung24.com","description":"Fl\u00fcssigglas-Versiegelung - Made in Germany","publisher":{"@id":"https:\/\/www.versiegelung24.com\/da\/#organization"},"potentialAction":[{"@type":"SearchAction","target":{"@type":"EntryPoint","urlTemplate":"https:\/\/www.versiegelung24.com\/da\/?s={search_term_string}"},"query-input":{"@type":"PropertyValueSpecification","valueRequired":true,"valueName":"search_term_string"}}],"inLanguage":"da-DK"},{"@type":"Organization","@id":"https:\/\/www.versiegelung24.com\/da\/#organization","name":"versiegelung24","url":"https:\/\/www.versiegelung24.com\/da\/","logo":{"@type":"ImageObject","inLanguage":"da-DK","@id":"https:\/\/www.versiegelung24.com\/da\/#\/schema\/logo\/image\/","url":"https:\/\/www.versiegelung24.com\/wp-content\/uploads\/2020\/04\/versiegelung24.png","contentUrl":"https:\/\/www.versiegelung24.com\/wp-content\/uploads\/2020\/04\/versiegelung24.png","width":470,"height":102,"caption":"versiegelung24"},"image":{"@id":"https:\/\/www.versiegelung24.com\/da\/#\/schema\/logo\/image\/"}}]},"og_availability":"instock","product_availability":"instock","product_retailer_item_id":"3008-704","product_condition":"new"},"_links":{"self":[{"href":"https:\/\/www.versiegelung24.com\/da\/wp-json\/wp\/v2\/product\/24684","targetHints":{"allow":["GET"]}}],"collection":[{"href":"https:\/\/www.versiegelung24.com\/da\/wp-json\/wp\/v2\/product"}],"about":[{"href":"https:\/\/www.versiegelung24.com\/da\/wp-json\/wp\/v2\/types\/product"}],"version-history":[{"count":28,"href":"https:\/\/www.versiegelung24.com\/da\/wp-json\/wp\/v2\/product\/24684\/revisions"}],"predecessor-version":[{"id":177059,"href":"https:\/\/www.versiegelung24.com\/da\/wp-json\/wp\/v2\/product\/24684\/revisions\/177059"}],"wp:featuredmedia":[{"embeddable":true,"href":"https:\/\/www.versiegelung24.com\/da\/wp-json\/wp\/v2\/media\/18095"}],"wp:attachment":[{"href":"https:\/\/www.versiegelung24.com\/da\/wp-json\/wp\/v2\/media?parent=24684"}],"wp:term":[{"taxonomy":"product_brand","embeddable":true,"href":"https:\/\/www.versiegelung24.com\/da\/wp-json\/wp\/v2\/product_brand?post=24684"},{"taxonomy":"product_cat","embeddable":true,"href":"https:\/\/www.versiegelung24.com\/da\/wp-json\/wp\/v2\/product_cat?post=24684"},{"taxonomy":"product_tag","embeddable":true,"href":"https:\/\/www.versiegelung24.com\/da\/wp-json\/wp\/v2\/product_tag?post=24684"}],"curies":[{"name":"wp","href":"https:\/\/api.w.org\/{rel}","templated":true}]}}