{"id":24969,"date":"2020-05-20T20:21:58","date_gmt":"2021-08-02T21:16:07","guid":{"rendered":"https:\/\/www.versiegelung24.com\/produkt\/haanddesinfektionsmiddel-dexan-500-ml-flaske"},"modified":"2025-01-13T16:40:09","modified_gmt":"2025-01-13T15:40:09","slug":"haanddesinfektionsmiddel-dexan-500-ml-flaske","status":"publish","type":"product","link":"https:\/\/www.versiegelung24.com\/da\/haanddesinfektionsmiddel-dexan-500-ml-flaske.html","title":{"rendered":"H\u00e5nddesinfektionsmiddel Dexan 500 ml flaske"},"content":{"rendered":"\n<h2 class=\"wp-block-heading\" id=\"gebrauchsfertige-alkoholbasierte-handedesinfektion-mit-pflegekomponente-aloe-vera\">Klar til brug alkoholbaseret h\u00e5nddesinfektion med plejekomponenter (aloe vera)<\/h2>\n\n<p>Begr\u00e6nset virucidalt (indhyllede vira <strong>Inkl. Coronavirus<\/strong>, HIV, HBV, HCV, influenza, herpes, Ebola -virus osv.)<\/p>\n\n<hr \/>\n\n<h4 class=\"wp-block-heading\" id=\"properties\">Produktets egenskaber<\/h4>\n\n<div class=\"wp-block-columns is-layout-flex wp-container-core-columns-is-layout-9d6595d7 wp-block-columns-is-layout-flex\">\n<div class=\"wp-block-column is-layout-flow wp-block-column-is-layout-flow\">\n<p><br \/>E<strong>ffektivitet:<\/strong> Testet i henhold til europ\u00e6iske hospitalsstandarder: EN 1040, EN 1275, EN 1276, EN 1500: 1 min; prEN 12054: 30s. Begr\u00e6nset virucidalt (indhyllede vira inklusive coronavirus, HIV, HBV, HCV, influenza, herpes, Ebola -virus osv.) I henhold til DVV \/ RKI -retningslinjer: 15s.<\/p>\n<\/div>\n\n\n\n<div class=\"wp-block-column is-layout-flow wp-block-column-is-layout-flow\">\n<p><br \/>T<strong>ilsigtet brug:<\/strong> Til hygiejnisk h\u00e5nddesinfektion.<\/p>\n\n\n\n<p><br \/><br \/>S<strong>ammens\u00e6tning:<\/strong> 100 g indeholder: 50,0 g ethanol, 10,0 g isopropanol, 0,10 g benzalkoniumchlorid, renset vand, aloe vera-ekstrakt.<\/p>\n<\/div>\n<\/div>\n\n<hr \/>\n\n<h4 class=\"wp-block-heading\" id=\"application\">Anvendelse<\/h4>\n\n<p>Kom nok Dexan i den t\u00f8rre sk\u00e5lh\u00e5nd, s\u00e5 alle omr\u00e5der af h\u00e6nderne er helt d\u00e6kket af pr\u00e6paratet. Gnid grundigt ind i h\u00e6nderne, hold h\u00e6nderne fugtige under indgnidningstiden.<\/p>\n\n<hr \/>\n\n<h4 class=\"wp-block-heading\" id=\"advisor\">R\u00e5dgiver<\/h4>\n\n<p><br \/>S<strong>ikkerhedsr\u00e5d:<\/strong> Meget brandfarlig v\u00e6ske og damp. For\u00e5rsager alvorlig \u00f8jenirritation. Holdes v\u00e6k fra varme, varme overflader, gnister, \u00e5ben ild og andre ant\u00e6ndelseskilder. M\u00e5 ikke ryges. Hold beholderen t\u00e6t lukket. VED KONTAKT MED \u00d8JNENE: Skyl forsigtigt med vand i flere minutter. Fjern eventuelle kontaktlinser, hvis det er muligt. Forts\u00e6t med at skylle. Opbevares utilg\u00e6ngeligt for b\u00f8rn. Biocide Reg. No.: 75940 Brug desinfektionsmidlet med forsigtighed. L\u00e6s altid etiketten og produktinformationen f\u00f8r brug.<\/p>\n","protected":false},"excerpt":{"rendered":"<p><strong>Brugsklar alkoholbaseret h\u00e5nddesinfektion:<\/strong><\/p>\n<p>\u2713 Med plejekomponent (aloe vera)<\/p>\n<p>\u2713 Begr\u00e6nset virucidal (indkapslede vira inklusive coronavirus, HIV, HBV, HCV, influenza, herpes, ebolavirus osv.)<\/p>\n","protected":false},"featured_media":15530,"template":"","meta":{"_acf_changed":false,"neve_meta_sidebar":"","neve_meta_container":"","neve_meta_enable_content_width":"","neve_meta_content_width":0,"neve_meta_title_alignment":"","neve_meta_author_avatar":"","neve_post_elements_order":"","neve_meta_disable_header":"","neve_meta_disable_footer":"","neve_meta_disable_title":"","neve_meta_reading_time":"","_surfaces":[],"_ver_product_tabs":[],"footnotes":""},"product_brand":[],"product_cat":[2357,2762],"product_tag":[],"class_list":{"0":"post-24969","1":"product","2":"type-product","3":"status-publish","4":"has-post-thumbnail","6":"product_cat-desinfektionsmidler","7":"product_cat-handdesinfektion","9":"first","10":"instock","11":"taxable","12":"shipping-taxable","13":"purchasable","14":"product-type-simple"},"acf":[],"yoast_head":"<!-- This site is optimized with the Yoast SEO Premium plugin v22.8 (Yoast SEO v27.5) - https:\/\/yoast.com\/product\/yoast-seo-premium-wordpress\/ -->\n<title>H\u00e5nddesinfektionsmiddel Dexan 500 ml flaske - versiegelung24.com<\/title>\n<meta name=\"robots\" content=\"index, follow, max-snippet:-1, max-image-preview:large, max-video-preview:-1\" \/>\n<link rel=\"canonical\" href=\"https:\/\/www.versiegelung24.com\/da\/haanddesinfektionsmiddel-dexan-500-ml-flaske.html\" \/>\n<meta property=\"og:locale\" content=\"da_DK\" \/>\n<meta property=\"og:type\" content=\"article\" \/>\n<meta property=\"og:title\" content=\"H\u00e5nddesinfektionsmiddel Dexan 500 ml flaske\" \/>\n<meta property=\"og:description\" content=\"Brugsklar alkoholbaseret h\u00e5nddesinfektion: \u2713 Med plejekomponent (aloe vera) \u2713 Begr\u00e6nset virucidal (indkapslede vira inklusive coronavirus, HIV, HBV, HCV, influenza, herpes, ebolavirus osv.)\" \/>\n<meta property=\"og:url\" content=\"https:\/\/www.versiegelung24.com\/da\/haanddesinfektionsmiddel-dexan-500-ml-flaske.html\" \/>\n<meta property=\"og:site_name\" content=\"versiegelung24.com\" \/>\n<meta property=\"article:modified_time\" content=\"2025-01-13T15:40:09+00:00\" \/>\n<meta property=\"og:image\" content=\"https:\/\/www.versiegelung24.com\/wp-content\/uploads\/2020\/05\/dexan-haendedesinfektionsmittel-500ml-1.png\" \/>\n\t<meta property=\"og:image:width\" content=\"2000\" \/>\n\t<meta property=\"og:image:height\" content=\"2000\" \/>\n\t<meta property=\"og:image:type\" content=\"image\/png\" \/>\n<meta name=\"twitter:card\" content=\"summary_large_image\" \/>\n<meta name=\"twitter:label1\" content=\"Pris\" \/>\n\t<meta name=\"twitter:data1\" content=\"9,99&euro;\" \/>\n\t<meta name=\"twitter:label2\" content=\"Tilg\u00e6ngelighed\" \/>\n\t<meta name=\"twitter:data2\" content=\"P\u00e5 lager\" \/>\n<script type=\"application\/ld+json\" class=\"yoast-schema-graph\">{\"@context\":\"https:\\\/\\\/schema.org\",\"@graph\":[{\"@type\":\"WebPage\",\"@id\":\"https:\\\/\\\/www.versiegelung24.com\\\/da\\\/haanddesinfektionsmiddel-dexan-500-ml-flaske.html\",\"url\":\"https:\\\/\\\/www.versiegelung24.com\\\/da\\\/haanddesinfektionsmiddel-dexan-500-ml-flaske.html\",\"name\":\"H\u00e5nddesinfektionsmiddel Dexan 500 ml flaske - versiegelung24.com\",\"isPartOf\":{\"@id\":\"https:\\\/\\\/www.versiegelung24.com\\\/da\\\/#website\"},\"primaryImageOfPage\":{\"@id\":\"https:\\\/\\\/www.versiegelung24.com\\\/da\\\/haanddesinfektionsmiddel-dexan-500-ml-flaske.html#primaryimage\"},\"image\":{\"@id\":\"https:\\\/\\\/www.versiegelung24.com\\\/da\\\/haanddesinfektionsmiddel-dexan-500-ml-flaske.html#primaryimage\"},\"thumbnailUrl\":\"https:\\\/\\\/www.versiegelung24.com\\\/wp-content\\\/uploads\\\/2020\\\/05\\\/dexan-haendedesinfektionsmittel-500ml-1.png\",\"datePublished\":\"2021-08-02T21:16:07+00:00\",\"dateModified\":\"2025-01-13T15:40:09+00:00\",\"breadcrumb\":{\"@id\":\"https:\\\/\\\/www.versiegelung24.com\\\/da\\\/haanddesinfektionsmiddel-dexan-500-ml-flaske.html#breadcrumb\"},\"inLanguage\":\"da-DK\",\"potentialAction\":[{\"@type\":\"ReadAction\",\"target\":[\"https:\\\/\\\/www.versiegelung24.com\\\/da\\\/haanddesinfektionsmiddel-dexan-500-ml-flaske.html\"]}]},{\"@type\":\"ImageObject\",\"inLanguage\":\"da-DK\",\"@id\":\"https:\\\/\\\/www.versiegelung24.com\\\/da\\\/haanddesinfektionsmiddel-dexan-500-ml-flaske.html#primaryimage\",\"url\":\"https:\\\/\\\/www.versiegelung24.com\\\/wp-content\\\/uploads\\\/2020\\\/05\\\/dexan-haendedesinfektionsmittel-500ml-1.png\",\"contentUrl\":\"https:\\\/\\\/www.versiegelung24.com\\\/wp-content\\\/uploads\\\/2020\\\/05\\\/dexan-haendedesinfektionsmittel-500ml-1.png\",\"width\":2000,\"height\":2000},{\"@type\":\"BreadcrumbList\",\"@id\":\"https:\\\/\\\/www.versiegelung24.com\\\/da\\\/haanddesinfektionsmiddel-dexan-500-ml-flaske.html#breadcrumb\",\"itemListElement\":[{\"@type\":\"ListItem\",\"position\":1,\"name\":\"Hjemmeside\",\"item\":\"https:\\\/\\\/www.versiegelung24.com\\\/da\\\/foran\\\/\"},{\"@type\":\"ListItem\",\"position\":2,\"name\":\"Butik\",\"item\":\"https:\\\/\\\/www.versiegelung24.com\\\/da\\\/butik\\\/\"},{\"@type\":\"ListItem\",\"position\":3,\"name\":\"H\u00e5nddesinfektionsmiddel Dexan 500 ml flaske\"}]},{\"@type\":\"WebSite\",\"@id\":\"https:\\\/\\\/www.versiegelung24.com\\\/da\\\/#website\",\"url\":\"https:\\\/\\\/www.versiegelung24.com\\\/da\\\/\",\"name\":\"versiegelung24.com\",\"description\":\"Fl\u00fcssigglas-Versiegelung - Made in Germany\",\"publisher\":{\"@id\":\"https:\\\/\\\/www.versiegelung24.com\\\/da\\\/#organization\"},\"potentialAction\":[{\"@type\":\"SearchAction\",\"target\":{\"@type\":\"EntryPoint\",\"urlTemplate\":\"https:\\\/\\\/www.versiegelung24.com\\\/da\\\/?s={search_term_string}\"},\"query-input\":{\"@type\":\"PropertyValueSpecification\",\"valueRequired\":true,\"valueName\":\"search_term_string\"}}],\"inLanguage\":\"da-DK\"},{\"@type\":\"Organization\",\"@id\":\"https:\\\/\\\/www.versiegelung24.com\\\/da\\\/#organization\",\"name\":\"versiegelung24\",\"url\":\"https:\\\/\\\/www.versiegelung24.com\\\/da\\\/\",\"logo\":{\"@type\":\"ImageObject\",\"inLanguage\":\"da-DK\",\"@id\":\"https:\\\/\\\/www.versiegelung24.com\\\/da\\\/#\\\/schema\\\/logo\\\/image\\\/\",\"url\":\"https:\\\/\\\/www.versiegelung24.com\\\/wp-content\\\/uploads\\\/2020\\\/04\\\/versiegelung24.png\",\"contentUrl\":\"https:\\\/\\\/www.versiegelung24.com\\\/wp-content\\\/uploads\\\/2020\\\/04\\\/versiegelung24.png\",\"width\":470,\"height\":102,\"caption\":\"versiegelung24\"},\"image\":{\"@id\":\"https:\\\/\\\/www.versiegelung24.com\\\/da\\\/#\\\/schema\\\/logo\\\/image\\\/\"}}]}<\/script>\n<meta property=\"product:price:amount\" content=\"9.99\" \/>\n<meta property=\"product:price:currency\" content=\"EUR\" \/>\n<meta property=\"og:availability\" content=\"instock\" \/>\n<meta property=\"product:availability\" content=\"instock\" \/>\n<meta property=\"product:retailer_item_id\" content=\"dexan-500\" \/>\n<meta property=\"product:condition\" content=\"new\" \/>\n<!-- \/ Yoast SEO Premium plugin. -->","yoast_head_json":{"title":"H\u00e5nddesinfektionsmiddel Dexan 500 ml flaske - versiegelung24.com","robots":{"index":"index","follow":"follow","max-snippet":"max-snippet:-1","max-image-preview":"max-image-preview:large","max-video-preview":"max-video-preview:-1"},"canonical":"https:\/\/www.versiegelung24.com\/da\/haanddesinfektionsmiddel-dexan-500-ml-flaske.html","og_locale":"da_DK","og_type":"article","og_title":"H\u00e5nddesinfektionsmiddel Dexan 500 ml flaske","og_description":"Brugsklar alkoholbaseret h\u00e5nddesinfektion: \u2713 Med plejekomponent (aloe vera) \u2713 Begr\u00e6nset virucidal (indkapslede vira inklusive coronavirus, HIV, HBV, HCV, influenza, herpes, ebolavirus osv.)","og_url":"https:\/\/www.versiegelung24.com\/da\/haanddesinfektionsmiddel-dexan-500-ml-flaske.html","og_site_name":"versiegelung24.com","article_modified_time":"2025-01-13T15:40:09+00:00","og_image":[{"width":2000,"height":2000,"url":"https:\/\/www.versiegelung24.com\/wp-content\/uploads\/2020\/05\/dexan-haendedesinfektionsmittel-500ml-1.png","type":"image\/png"}],"twitter_card":"summary_large_image","twitter_misc":{"Pris":"9,99&euro;","Tilg\u00e6ngelighed":"P\u00e5 lager"},"schema":{"@context":"https:\/\/schema.org","@graph":[{"@type":"WebPage","@id":"https:\/\/www.versiegelung24.com\/da\/haanddesinfektionsmiddel-dexan-500-ml-flaske.html","url":"https:\/\/www.versiegelung24.com\/da\/haanddesinfektionsmiddel-dexan-500-ml-flaske.html","name":"H\u00e5nddesinfektionsmiddel Dexan 500 ml flaske - versiegelung24.com","isPartOf":{"@id":"https:\/\/www.versiegelung24.com\/da\/#website"},"primaryImageOfPage":{"@id":"https:\/\/www.versiegelung24.com\/da\/haanddesinfektionsmiddel-dexan-500-ml-flaske.html#primaryimage"},"image":{"@id":"https:\/\/www.versiegelung24.com\/da\/haanddesinfektionsmiddel-dexan-500-ml-flaske.html#primaryimage"},"thumbnailUrl":"https:\/\/www.versiegelung24.com\/wp-content\/uploads\/2020\/05\/dexan-haendedesinfektionsmittel-500ml-1.png","datePublished":"2021-08-02T21:16:07+00:00","dateModified":"2025-01-13T15:40:09+00:00","breadcrumb":{"@id":"https:\/\/www.versiegelung24.com\/da\/haanddesinfektionsmiddel-dexan-500-ml-flaske.html#breadcrumb"},"inLanguage":"da-DK","potentialAction":[{"@type":"ReadAction","target":["https:\/\/www.versiegelung24.com\/da\/haanddesinfektionsmiddel-dexan-500-ml-flaske.html"]}]},{"@type":"ImageObject","inLanguage":"da-DK","@id":"https:\/\/www.versiegelung24.com\/da\/haanddesinfektionsmiddel-dexan-500-ml-flaske.html#primaryimage","url":"https:\/\/www.versiegelung24.com\/wp-content\/uploads\/2020\/05\/dexan-haendedesinfektionsmittel-500ml-1.png","contentUrl":"https:\/\/www.versiegelung24.com\/wp-content\/uploads\/2020\/05\/dexan-haendedesinfektionsmittel-500ml-1.png","width":2000,"height":2000},{"@type":"BreadcrumbList","@id":"https:\/\/www.versiegelung24.com\/da\/haanddesinfektionsmiddel-dexan-500-ml-flaske.html#breadcrumb","itemListElement":[{"@type":"ListItem","position":1,"name":"Hjemmeside","item":"https:\/\/www.versiegelung24.com\/da\/foran\/"},{"@type":"ListItem","position":2,"name":"Butik","item":"https:\/\/www.versiegelung24.com\/da\/butik\/"},{"@type":"ListItem","position":3,"name":"H\u00e5nddesinfektionsmiddel Dexan 500 ml flaske"}]},{"@type":"WebSite","@id":"https:\/\/www.versiegelung24.com\/da\/#website","url":"https:\/\/www.versiegelung24.com\/da\/","name":"versiegelung24.com","description":"Fl\u00fcssigglas-Versiegelung - Made in Germany","publisher":{"@id":"https:\/\/www.versiegelung24.com\/da\/#organization"},"potentialAction":[{"@type":"SearchAction","target":{"@type":"EntryPoint","urlTemplate":"https:\/\/www.versiegelung24.com\/da\/?s={search_term_string}"},"query-input":{"@type":"PropertyValueSpecification","valueRequired":true,"valueName":"search_term_string"}}],"inLanguage":"da-DK"},{"@type":"Organization","@id":"https:\/\/www.versiegelung24.com\/da\/#organization","name":"versiegelung24","url":"https:\/\/www.versiegelung24.com\/da\/","logo":{"@type":"ImageObject","inLanguage":"da-DK","@id":"https:\/\/www.versiegelung24.com\/da\/#\/schema\/logo\/image\/","url":"https:\/\/www.versiegelung24.com\/wp-content\/uploads\/2020\/04\/versiegelung24.png","contentUrl":"https:\/\/www.versiegelung24.com\/wp-content\/uploads\/2020\/04\/versiegelung24.png","width":470,"height":102,"caption":"versiegelung24"},"image":{"@id":"https:\/\/www.versiegelung24.com\/da\/#\/schema\/logo\/image\/"}}]},"product_price_amount":"9.99","product_price_currency":"EUR","og_availability":"instock","product_availability":"instock","product_retailer_item_id":"dexan-500","product_condition":"new"},"_links":{"self":[{"href":"https:\/\/www.versiegelung24.com\/da\/wp-json\/wp\/v2\/product\/24969","targetHints":{"allow":["GET"]}}],"collection":[{"href":"https:\/\/www.versiegelung24.com\/da\/wp-json\/wp\/v2\/product"}],"about":[{"href":"https:\/\/www.versiegelung24.com\/da\/wp-json\/wp\/v2\/types\/product"}],"version-history":[{"count":13,"href":"https:\/\/www.versiegelung24.com\/da\/wp-json\/wp\/v2\/product\/24969\/revisions"}],"predecessor-version":[{"id":180581,"href":"https:\/\/www.versiegelung24.com\/da\/wp-json\/wp\/v2\/product\/24969\/revisions\/180581"}],"wp:featuredmedia":[{"embeddable":true,"href":"https:\/\/www.versiegelung24.com\/da\/wp-json\/wp\/v2\/media\/15530"}],"wp:attachment":[{"href":"https:\/\/www.versiegelung24.com\/da\/wp-json\/wp\/v2\/media?parent=24969"}],"wp:term":[{"taxonomy":"product_brand","embeddable":true,"href":"https:\/\/www.versiegelung24.com\/da\/wp-json\/wp\/v2\/product_brand?post=24969"},{"taxonomy":"product_cat","embeddable":true,"href":"https:\/\/www.versiegelung24.com\/da\/wp-json\/wp\/v2\/product_cat?post=24969"},{"taxonomy":"product_tag","embeddable":true,"href":"https:\/\/www.versiegelung24.com\/da\/wp-json\/wp\/v2\/product_tag?post=24969"}],"curies":[{"name":"wp","href":"https:\/\/api.w.org\/{rel}","templated":true}]}}