{"id":25494,"date":"2020-04-04T18:53:11","date_gmt":"2021-08-03T08:08:12","guid":{"rendered":"https:\/\/www.versiegelung24.com\/produkt\/tekstilforsegling-i-professionel-kvalitet"},"modified":"2025-01-03T23:27:18","modified_gmt":"2025-01-03T22:27:18","slug":"tekstilforsegling-i-professionel-kvalitet","status":"publish","type":"product","link":"https:\/\/www.versiegelung24.com\/da\/tekstilforsegling-i-professionel-kvalitet.html","title":{"rendered":"Rapid Tex &#8211; tekstilforsegling i professionel kvalitet"},"content":{"rendered":"\n<p><strong>Professionel tekstilforsegling med lotuseffekt (vandafvisende) til indend\u00f8rs og udend\u00f8rs brug<\/strong><\/p>\n\n<p>H\u00f8j kvalitet lavet i Tyskland.<\/p>\n\n<hr\/>\n\n<h4 class=\"wp-block-heading\" id=\"properties\">Produktets egenskaber<\/h4>\n\n<div class=\"wp-block-columns is-layout-flex wp-container-core-columns-is-layout-9d6595d7 wp-block-columns-is-layout-flex\">\n<div class=\"wp-block-column is-layout-flow wp-block-column-is-layout-flow\">\n<ul class=\"wp-block-list\">\n<li>St\u00e6rk hydrofob og oleofob effekt (vand- og olieafvisende)<\/li>\n\n\n\n<li>Fremragende let at reng\u00f8re effekt<\/li>\n\n\n\n<li>Urenheder kan let fjernes med en fugtig klud<\/li>\n\n\n\n<li>\u00c5ndbar<\/li>\n\n\n\n<li>Usynlig (ingen \u00e6ndring i udseende og fornemmelse)<\/li>\n\n\n\n<li>St\u00e6rke non-stick egenskaber<\/li>\n\n\n\n<li>Beskyttelse mod pletter<\/li>\n\n\n\n<li>Reducerer brugen af kemiske reng\u00f8ringsmidler<\/li>\n<\/ul>\n<\/div>\n\n\n\n<div class=\"wp-block-column is-layout-flow wp-block-column-is-layout-flow\">\n<ul id=\"block-f0be9b0c-a029-4c3c-a6e1-740fba50b471\" class=\"wp-block-list\">\n<li>\u00d8ger slidstyrken<\/li>\n\n\n\n<li>Ingen forringelse af udseendet<\/li>\n\n\n\n<li>SiO\u00b2 nano -teknologi<\/li>\n\n\n\n<li>Beskyttelse af fibrene mod indtr\u00e6ngning af snavspartikler<\/li>\n\n\n\n<li>Enkel applikation<\/li>\n\n\n\n<li>Lang holdbarhed afh\u00e6ngigt af den mekaniske belastning<\/li>\n<\/ul>\n\n\n\n<p><br\/><br\/>Leveringsomfang: 1 x literflaske 1 x pumpespr\u00f8jtehoved<br\/><\/p>\n<\/div>\n<\/div>\n\n<hr\/>\n\n<h4 class=\"wp-block-heading\" id=\"application\">Anvendelse<\/h4>\n\n<div class=\"wp-block-columns is-layout-flex wp-container-core-columns-is-layout-9d6595d7 wp-block-columns-is-layout-flex\">\n<div class=\"wp-block-column is-layout-flow wp-block-column-is-layout-flow\">\n<ul class=\"wp-block-list\">\n<li>t\u00f8j<\/li>\n\n\n\n<li>Boligtekstiler (polstring, m\u00f8bler, t\u00e6pper)<\/li>\n\n\n\n<li>Ruskind \/ l\u00e6der<\/li>\n\n\n\n<li>Papirkarton<\/li>\n<\/ul>\n\n\n\n<p>Forbruget afh\u00e6nger meget af strukturen, sugeevnen og tykkelsen af det materiale, der skal bel\u00e6gges, ca. 10-50 m\u00b2 \/ liter (ca. 10 ml \/ m\u00b2 pr. Mm tykkelse afh\u00e6ngigt af sugeevnen).<\/p>\n<\/div>\n\n\n\n<div class=\"wp-block-column is-layout-flow wp-block-column-is-layout-flow\">\n<p><em>OBS: T\u00e6tningen er udviklet til tekstiler, der aldrig eller sj\u00e6ldent vaskes. T\u00e6tningens holdbarhed p\u00e5 t\u00f8j, der vaskes regelm\u00e6ssigt, er op til 5 vaske, ved maks. 30 \u00b0 C og vaskes kun med vand, uden vaskemiddel.<\/em><\/p>\n\n\n\n<p><br\/><br\/>Let at p\u00e5f\u00f8re: 1. Spray p\u00e5 en ren overflade. 3. Lad det t\u00f8rre og tr\u00e6kke ind i 12 timer &#8211; f\u00e6rdig.<\/p>\n\n\n\n<p>Holdbarhed: op til 1-5 \u00e5r (afh\u00e6ngigt af tekstil)<\/p>\n<\/div>\n<\/div>\n\n<p><strong>Velegnet til:<\/strong><br\/>Polstrede m\u00f8bler, madrasser, stofbetr\u00e6k, bils\u00e6der, telte, fritids- og arbejdst\u00f8j, jakkes\u00e6t, skjorter\/bluser, slips, markiser, boligtekstiler, jakker, ruskind (kun hvis det ikke tidligere er coated), eventyrt\u00f8j, dokumentmapper, anorakker, Jakkes\u00e6t, biltoppe, bomuld, gardiner, stofhandsker, tekstilgardiner, b\u00f8rnes\u00e6der, barnevogne, puder, stofkostumer, stoflameller, nappal\u00e6der, frakker, hatte, t\u00f8jdyr, rygs\u00e6kke, jakker, silke, parasoller, stofleget\u00f8j, duge og meget mere.<\/p>\n","protected":false},"excerpt":{"rendered":"<p><strong>Professionel tekstilforsegling:<\/strong><\/p>\n<p>\u2713 Med lotuseffekt (vandafvisende)<\/p>\n<p>\u2713 Til indend\u00f8rs og udend\u00f8rs brug<\/p>\n","protected":false},"featured_media":125345,"template":"","meta":{"_acf_changed":false,"neve_meta_sidebar":"","neve_meta_container":"","neve_meta_enable_content_width":"","neve_meta_content_width":0,"neve_meta_title_alignment":"","neve_meta_author_avatar":"","neve_post_elements_order":"","neve_meta_disable_header":"","neve_meta_disable_footer":"","neve_meta_disable_title":"","neve_meta_reading_time":"","_surfaces":[],"_ver_product_tabs":[],"footnotes":""},"product_brand":[],"product_cat":[2448],"product_tag":[],"class_list":{"0":"post-25494","1":"product","2":"type-product","3":"status-publish","4":"has-post-thumbnail","6":"product_cat-laeder-og-tekstilforsegling","8":"first","9":"instock","10":"taxable","11":"shipping-taxable","12":"purchasable","13":"product-type-simple"},"acf":[],"yoast_head":"<!-- This site is optimized with the Yoast SEO Premium plugin v22.8 (Yoast SEO v27.5) - https:\/\/yoast.com\/product\/yoast-seo-premium-wordpress\/ -->\n<title>Rapid Tex - tekstilforsegling i professionel kvalitet - versiegelung24.com<\/title>\n<meta name=\"robots\" content=\"index, follow, max-snippet:-1, max-image-preview:large, max-video-preview:-1\" \/>\n<link rel=\"canonical\" href=\"https:\/\/www.versiegelung24.com\/da\/tekstilforsegling-i-professionel-kvalitet.html\" \/>\n<meta property=\"og:locale\" content=\"da_DK\" \/>\n<meta property=\"og:type\" content=\"article\" \/>\n<meta property=\"og:title\" content=\"Rapid Tex - tekstilforsegling i professionel kvalitet\" \/>\n<meta property=\"og:description\" content=\"Professionel tekstilforsegling: \u2713 Med lotuseffekt (vandafvisende) \u2713 Til indend\u00f8rs og udend\u00f8rs brug\" \/>\n<meta property=\"og:url\" content=\"https:\/\/www.versiegelung24.com\/da\/tekstilforsegling-i-professionel-kvalitet.html\" \/>\n<meta property=\"og:site_name\" content=\"versiegelung24.com\" \/>\n<meta property=\"article:modified_time\" content=\"2025-01-03T22:27:18+00:00\" \/>\n<meta property=\"og:image\" content=\"https:\/\/www.versiegelung24.com\/wp-content\/uploads\/2020\/04\/produkt-6000-689-1000-rapid-tex-Textilversiegelung-scaled.webp\" \/>\n\t<meta property=\"og:image:width\" content=\"2560\" \/>\n\t<meta property=\"og:image:height\" content=\"2560\" \/>\n\t<meta property=\"og:image:type\" content=\"image\/webp\" \/>\n<meta name=\"twitter:card\" content=\"summary_large_image\" \/>\n<meta name=\"twitter:label1\" content=\"Pris\" \/>\n\t<meta name=\"twitter:data1\" content=\"49,00&euro;\" \/>\n\t<meta name=\"twitter:label2\" content=\"Tilg\u00e6ngelighed\" \/>\n\t<meta name=\"twitter:data2\" content=\"P\u00e5 lager\" \/>\n<script type=\"application\/ld+json\" class=\"yoast-schema-graph\">{\"@context\":\"https:\\\/\\\/schema.org\",\"@graph\":[{\"@type\":\"WebPage\",\"@id\":\"https:\\\/\\\/www.versiegelung24.com\\\/da\\\/tekstilforsegling-i-professionel-kvalitet.html\",\"url\":\"https:\\\/\\\/www.versiegelung24.com\\\/da\\\/tekstilforsegling-i-professionel-kvalitet.html\",\"name\":\"Rapid Tex - tekstilforsegling i professionel kvalitet - versiegelung24.com\",\"isPartOf\":{\"@id\":\"https:\\\/\\\/www.versiegelung24.com\\\/da\\\/#website\"},\"primaryImageOfPage\":{\"@id\":\"https:\\\/\\\/www.versiegelung24.com\\\/da\\\/tekstilforsegling-i-professionel-kvalitet.html#primaryimage\"},\"image\":{\"@id\":\"https:\\\/\\\/www.versiegelung24.com\\\/da\\\/tekstilforsegling-i-professionel-kvalitet.html#primaryimage\"},\"thumbnailUrl\":\"https:\\\/\\\/www.versiegelung24.com\\\/wp-content\\\/uploads\\\/2020\\\/04\\\/produkt-6000-689-1000-rapid-tex-Textilversiegelung-scaled.webp\",\"datePublished\":\"2021-08-03T08:08:12+00:00\",\"dateModified\":\"2025-01-03T22:27:18+00:00\",\"breadcrumb\":{\"@id\":\"https:\\\/\\\/www.versiegelung24.com\\\/da\\\/tekstilforsegling-i-professionel-kvalitet.html#breadcrumb\"},\"inLanguage\":\"da-DK\",\"potentialAction\":[{\"@type\":\"ReadAction\",\"target\":[\"https:\\\/\\\/www.versiegelung24.com\\\/da\\\/tekstilforsegling-i-professionel-kvalitet.html\"]}]},{\"@type\":\"ImageObject\",\"inLanguage\":\"da-DK\",\"@id\":\"https:\\\/\\\/www.versiegelung24.com\\\/da\\\/tekstilforsegling-i-professionel-kvalitet.html#primaryimage\",\"url\":\"https:\\\/\\\/www.versiegelung24.com\\\/wp-content\\\/uploads\\\/2020\\\/04\\\/produkt-6000-689-1000-rapid-tex-Textilversiegelung-scaled.webp\",\"contentUrl\":\"https:\\\/\\\/www.versiegelung24.com\\\/wp-content\\\/uploads\\\/2020\\\/04\\\/produkt-6000-689-1000-rapid-tex-Textilversiegelung-scaled.webp\",\"width\":2560,\"height\":2560},{\"@type\":\"BreadcrumbList\",\"@id\":\"https:\\\/\\\/www.versiegelung24.com\\\/da\\\/tekstilforsegling-i-professionel-kvalitet.html#breadcrumb\",\"itemListElement\":[{\"@type\":\"ListItem\",\"position\":1,\"name\":\"Hjemmeside\",\"item\":\"https:\\\/\\\/www.versiegelung24.com\\\/da\\\/foran\\\/\"},{\"@type\":\"ListItem\",\"position\":2,\"name\":\"Butik\",\"item\":\"https:\\\/\\\/www.versiegelung24.com\\\/da\\\/butik\\\/\"},{\"@type\":\"ListItem\",\"position\":3,\"name\":\"Rapid Tex &#8211; tekstilforsegling i professionel kvalitet\"}]},{\"@type\":\"WebSite\",\"@id\":\"https:\\\/\\\/www.versiegelung24.com\\\/da\\\/#website\",\"url\":\"https:\\\/\\\/www.versiegelung24.com\\\/da\\\/\",\"name\":\"versiegelung24.com\",\"description\":\"Fl\u00fcssigglas-Versiegelung - Made in Germany\",\"publisher\":{\"@id\":\"https:\\\/\\\/www.versiegelung24.com\\\/da\\\/#organization\"},\"potentialAction\":[{\"@type\":\"SearchAction\",\"target\":{\"@type\":\"EntryPoint\",\"urlTemplate\":\"https:\\\/\\\/www.versiegelung24.com\\\/da\\\/?s={search_term_string}\"},\"query-input\":{\"@type\":\"PropertyValueSpecification\",\"valueRequired\":true,\"valueName\":\"search_term_string\"}}],\"inLanguage\":\"da-DK\"},{\"@type\":\"Organization\",\"@id\":\"https:\\\/\\\/www.versiegelung24.com\\\/da\\\/#organization\",\"name\":\"versiegelung24\",\"url\":\"https:\\\/\\\/www.versiegelung24.com\\\/da\\\/\",\"logo\":{\"@type\":\"ImageObject\",\"inLanguage\":\"da-DK\",\"@id\":\"https:\\\/\\\/www.versiegelung24.com\\\/da\\\/#\\\/schema\\\/logo\\\/image\\\/\",\"url\":\"https:\\\/\\\/www.versiegelung24.com\\\/wp-content\\\/uploads\\\/2020\\\/04\\\/versiegelung24.png\",\"contentUrl\":\"https:\\\/\\\/www.versiegelung24.com\\\/wp-content\\\/uploads\\\/2020\\\/04\\\/versiegelung24.png\",\"width\":470,\"height\":102,\"caption\":\"versiegelung24\"},\"image\":{\"@id\":\"https:\\\/\\\/www.versiegelung24.com\\\/da\\\/#\\\/schema\\\/logo\\\/image\\\/\"}}]}<\/script>\n<meta property=\"product:price:amount\" content=\"49.00\" \/>\n<meta property=\"product:price:currency\" content=\"EUR\" \/>\n<meta property=\"og:availability\" content=\"instock\" \/>\n<meta property=\"product:availability\" content=\"instock\" \/>\n<meta property=\"product:retailer_item_id\" content=\"6000-689-1000\" \/>\n<meta property=\"product:condition\" content=\"new\" \/>\n<!-- \/ Yoast SEO Premium plugin. -->","yoast_head_json":{"title":"Rapid Tex - tekstilforsegling i professionel kvalitet - versiegelung24.com","robots":{"index":"index","follow":"follow","max-snippet":"max-snippet:-1","max-image-preview":"max-image-preview:large","max-video-preview":"max-video-preview:-1"},"canonical":"https:\/\/www.versiegelung24.com\/da\/tekstilforsegling-i-professionel-kvalitet.html","og_locale":"da_DK","og_type":"article","og_title":"Rapid Tex - tekstilforsegling i professionel kvalitet","og_description":"Professionel tekstilforsegling: \u2713 Med lotuseffekt (vandafvisende) \u2713 Til indend\u00f8rs og udend\u00f8rs brug","og_url":"https:\/\/www.versiegelung24.com\/da\/tekstilforsegling-i-professionel-kvalitet.html","og_site_name":"versiegelung24.com","article_modified_time":"2025-01-03T22:27:18+00:00","og_image":[{"width":2560,"height":2560,"url":"https:\/\/www.versiegelung24.com\/wp-content\/uploads\/2020\/04\/produkt-6000-689-1000-rapid-tex-Textilversiegelung-scaled.webp","type":"image\/webp"}],"twitter_card":"summary_large_image","twitter_misc":{"Pris":"49,00&euro;","Tilg\u00e6ngelighed":"P\u00e5 lager"},"schema":{"@context":"https:\/\/schema.org","@graph":[{"@type":"WebPage","@id":"https:\/\/www.versiegelung24.com\/da\/tekstilforsegling-i-professionel-kvalitet.html","url":"https:\/\/www.versiegelung24.com\/da\/tekstilforsegling-i-professionel-kvalitet.html","name":"Rapid Tex - tekstilforsegling i professionel kvalitet - versiegelung24.com","isPartOf":{"@id":"https:\/\/www.versiegelung24.com\/da\/#website"},"primaryImageOfPage":{"@id":"https:\/\/www.versiegelung24.com\/da\/tekstilforsegling-i-professionel-kvalitet.html#primaryimage"},"image":{"@id":"https:\/\/www.versiegelung24.com\/da\/tekstilforsegling-i-professionel-kvalitet.html#primaryimage"},"thumbnailUrl":"https:\/\/www.versiegelung24.com\/wp-content\/uploads\/2020\/04\/produkt-6000-689-1000-rapid-tex-Textilversiegelung-scaled.webp","datePublished":"2021-08-03T08:08:12+00:00","dateModified":"2025-01-03T22:27:18+00:00","breadcrumb":{"@id":"https:\/\/www.versiegelung24.com\/da\/tekstilforsegling-i-professionel-kvalitet.html#breadcrumb"},"inLanguage":"da-DK","potentialAction":[{"@type":"ReadAction","target":["https:\/\/www.versiegelung24.com\/da\/tekstilforsegling-i-professionel-kvalitet.html"]}]},{"@type":"ImageObject","inLanguage":"da-DK","@id":"https:\/\/www.versiegelung24.com\/da\/tekstilforsegling-i-professionel-kvalitet.html#primaryimage","url":"https:\/\/www.versiegelung24.com\/wp-content\/uploads\/2020\/04\/produkt-6000-689-1000-rapid-tex-Textilversiegelung-scaled.webp","contentUrl":"https:\/\/www.versiegelung24.com\/wp-content\/uploads\/2020\/04\/produkt-6000-689-1000-rapid-tex-Textilversiegelung-scaled.webp","width":2560,"height":2560},{"@type":"BreadcrumbList","@id":"https:\/\/www.versiegelung24.com\/da\/tekstilforsegling-i-professionel-kvalitet.html#breadcrumb","itemListElement":[{"@type":"ListItem","position":1,"name":"Hjemmeside","item":"https:\/\/www.versiegelung24.com\/da\/foran\/"},{"@type":"ListItem","position":2,"name":"Butik","item":"https:\/\/www.versiegelung24.com\/da\/butik\/"},{"@type":"ListItem","position":3,"name":"Rapid Tex &#8211; tekstilforsegling i professionel kvalitet"}]},{"@type":"WebSite","@id":"https:\/\/www.versiegelung24.com\/da\/#website","url":"https:\/\/www.versiegelung24.com\/da\/","name":"versiegelung24.com","description":"Fl\u00fcssigglas-Versiegelung - Made in Germany","publisher":{"@id":"https:\/\/www.versiegelung24.com\/da\/#organization"},"potentialAction":[{"@type":"SearchAction","target":{"@type":"EntryPoint","urlTemplate":"https:\/\/www.versiegelung24.com\/da\/?s={search_term_string}"},"query-input":{"@type":"PropertyValueSpecification","valueRequired":true,"valueName":"search_term_string"}}],"inLanguage":"da-DK"},{"@type":"Organization","@id":"https:\/\/www.versiegelung24.com\/da\/#organization","name":"versiegelung24","url":"https:\/\/www.versiegelung24.com\/da\/","logo":{"@type":"ImageObject","inLanguage":"da-DK","@id":"https:\/\/www.versiegelung24.com\/da\/#\/schema\/logo\/image\/","url":"https:\/\/www.versiegelung24.com\/wp-content\/uploads\/2020\/04\/versiegelung24.png","contentUrl":"https:\/\/www.versiegelung24.com\/wp-content\/uploads\/2020\/04\/versiegelung24.png","width":470,"height":102,"caption":"versiegelung24"},"image":{"@id":"https:\/\/www.versiegelung24.com\/da\/#\/schema\/logo\/image\/"}}]},"product_price_amount":"49.00","product_price_currency":"EUR","og_availability":"instock","product_availability":"instock","product_retailer_item_id":"6000-689-1000","product_condition":"new"},"_links":{"self":[{"href":"https:\/\/www.versiegelung24.com\/da\/wp-json\/wp\/v2\/product\/25494","targetHints":{"allow":["GET"]}}],"collection":[{"href":"https:\/\/www.versiegelung24.com\/da\/wp-json\/wp\/v2\/product"}],"about":[{"href":"https:\/\/www.versiegelung24.com\/da\/wp-json\/wp\/v2\/types\/product"}],"version-history":[{"count":13,"href":"https:\/\/www.versiegelung24.com\/da\/wp-json\/wp\/v2\/product\/25494\/revisions"}],"predecessor-version":[{"id":174337,"href":"https:\/\/www.versiegelung24.com\/da\/wp-json\/wp\/v2\/product\/25494\/revisions\/174337"}],"wp:featuredmedia":[{"embeddable":true,"href":"https:\/\/www.versiegelung24.com\/da\/wp-json\/wp\/v2\/media\/125345"}],"wp:attachment":[{"href":"https:\/\/www.versiegelung24.com\/da\/wp-json\/wp\/v2\/media?parent=25494"}],"wp:term":[{"taxonomy":"product_brand","embeddable":true,"href":"https:\/\/www.versiegelung24.com\/da\/wp-json\/wp\/v2\/product_brand?post=25494"},{"taxonomy":"product_cat","embeddable":true,"href":"https:\/\/www.versiegelung24.com\/da\/wp-json\/wp\/v2\/product_cat?post=25494"},{"taxonomy":"product_tag","embeddable":true,"href":"https:\/\/www.versiegelung24.com\/da\/wp-json\/wp\/v2\/product_tag?post=25494"}],"curies":[{"name":"wp","href":"https:\/\/api.w.org\/{rel}","templated":true}]}}