{"id":37370,"date":"2021-09-27T11:17:44","date_gmt":"2021-09-27T09:30:32","guid":{"rendered":"https:\/\/www.versiegelung24.com\/produkt\/mobiltelefon-beskyttelseslag-lavet-af-flydende-glas-mod-bakterier-og-vira"},"modified":"2025-01-04T00:27:21","modified_gmt":"2025-01-03T23:27:21","slug":"praktisk-flydende-glas-beskyttende-lag-mod-bakterier-vira","status":"publish","type":"product","link":"https:\/\/www.versiegelung24.com\/da\/praktisk-flydende-glas-beskyttende-lag-mod-bakterier-vira.html","title":{"rendered":"Smartphone og mobiltelefon langtidsdesinfektionsmiddel mod bakterier og vira"},"content":{"rendered":"\n<h2 class=\"wp-block-heading\" id=\"h-neuheit-am-markt-smartphones-amp-handys-fur-3-monate-mit-einer-unsichtbaren-flussigglas-schicht-gegen-bakterien-viren-und-pilze-schutzen\">Nyt p\u00e5 markedet: Beskyt smartphones og mobiltelefoner mod bakterier, vira og svampe i 3 m\u00e5neder<\/h2>\n<div class=\"wp-block-image\">\n<figure class=\"aligncenter size-large\"><img fetchpriority=\"high\" decoding=\"async\" width=\"2560\" height=\"1440\" src=\"https:\/\/www.versiegelung24.com\/wp-content\/uploads\/2021\/09\/handy_bakterien-viren-edited-scaled.jpeg\" alt=\"\" class=\"wp-image-38698\" srcset=\"https:\/\/www.versiegelung24.com\/wp-content\/uploads\/2021\/09\/handy_bakterien-viren-edited-scaled.jpeg 2560w, https:\/\/www.versiegelung24.com\/wp-content\/uploads\/2021\/09\/handy_bakterien-viren-edited-scaled-600x338.jpeg 600w, https:\/\/www.versiegelung24.com\/wp-content\/uploads\/2021\/09\/handy_bakterien-viren-edited-300x169.jpeg 300w, https:\/\/www.versiegelung24.com\/wp-content\/uploads\/2021\/09\/handy_bakterien-viren-edited-1300x731.jpeg 1300w, https:\/\/www.versiegelung24.com\/wp-content\/uploads\/2021\/09\/handy_bakterien-viren-edited-768x432.jpeg 768w, https:\/\/www.versiegelung24.com\/wp-content\/uploads\/2021\/09\/handy_bakterien-viren-edited-1536x864.jpeg 1536w, https:\/\/www.versiegelung24.com\/wp-content\/uploads\/2021\/09\/handy_bakterien-viren-edited-2048x1152.jpeg 2048w\" sizes=\"(max-width: 2560px) 100vw, 2560px\" \/><figcaption class=\"wp-element-caption\">Smartphone som b\u00e6rer af bakterier, vira og svampe<\/figcaption><\/figure>\n<\/div>\n<p>I dag er smartphonen en konstant ledsager. Mange mennesker tager det op hundredvis af gange i l\u00f8bet af dagen. Mobiltelefonen er til stede overalt<strong> &#8211;<\/strong> uanset om man sover og hviler, om det er p\u00e5 toilettet eller under sport og fritid. En rigtig fest for overf\u00f8rsel af vira og bakterier. <\/p>\n\n<p>Brugeren b\u00f8r tage risikoen for bakterier, svampe og vira p\u00e5 smartphones meget alvorligt. De er ikke kun uhygiejniske, men de kan p\u00e5virke b\u00e5de trivsel og sundhed. Det er i \u00f8vrigt meget mere behageligt at bruge en generelt ren og hygiejnisk vedligeholdt mobiltelefon eller smartphone.<\/p>\n\n<hr\/>\n\n<h4 class=\"wp-block-heading\" id=\"video\">Video<\/h4>\n\n<figure class=\"wp-block-embed aligncenter is-type-rich is-provider-handler-einbetten wp-block-embed-handler-einbetten wp-embed-aspect-16-9 wp-has-aspect-ratio\"><div class=\"wp-block-embed__wrapper\"> \n<div class=\"nv-iframe-embed\"><iframe title=\"Award-winning Mobile Phone Sanitizer by LiquiGlas (904)\" width=\"1200\" height=\"675\" src=\"https:\/\/www.youtube.com\/embed\/OPwnhKcFTvA?feature=oembed\" frameborder=\"0\" allow=\"accelerometer; autoplay; clipboard-write; encrypted-media; gyroscope; picture-in-picture\" allowfullscreen><\/iframe><\/div>\n <\/div><\/figure>\n\n<hr\/>\n\n<h4 class=\"wp-block-heading\" id=\"properties\">Produktets egenskaber<\/h4>\n\n<div class=\"wp-block-columns is-layout-flex wp-container-core-columns-is-layout-9d6595d7 wp-block-columns-is-layout-flex\">\n<div class=\"wp-block-column is-layout-flow wp-block-column-is-layout-flow\">\n<h2 class=\"wp-block-heading\" id=\"die-highlights-auf-einen-blick\">H\u00f8jdepunkterne p\u00e5 et \u00f8jeblik<\/h2>\n\n\n\n<p><br\/><br\/><br\/><br\/><br\/>&#8211; enest\u00e5ende til unik langtidsbeskyttelse mod bakterier &#8211; garanteret neutralisering af bakterier, svampe og vira &#8211; enkel og nem at bruge &#8211; desinfektion af medicinsk kvalitet &#8211; ekstra beskyttelse mod coronavirus &#8211; vinder af MedTech Award 2020 &#8211; bedste langtidseffekt p\u00e5 overflader mod patogener<\/p>\n<\/div>\n\n\n\n<div class=\"wp-block-column is-layout-flow wp-block-column-is-layout-flow\">\n<h2 class=\"wp-block-heading\" id=\"lieferumfang\">Leveringsomfang<\/h2>\n\n\n\n<p>12 bakteriesikringsservietter, til brug 1 x om ugen = 3 m\u00e5neder<\/p>\n<\/div>\n<\/div>\n\n<hr\/>\n\n<h4 class=\"wp-block-heading\" id=\"application\">Anvendelse<\/h4>\n\n<h2 class=\"wp-block-heading\" id=\"die-anwendung-hygienisch-sauberes-handy\">Ans\u00f8gningen &#8211; hygiejnisk ren mobiltelefon<\/h2>\n\n<div class=\"wp-block-getwid-toggle has-icon-left\">\n<div class=\"wp-block-getwid-toggle__row\"><div class=\"wp-block-getwid-toggle__header-wrapper\"><span class=\"wp-block-getwid-toggle__header\"><a href=\"#\"><span class=\"wp-block-getwid-toggle__header-title\">1. Smartphone s\u00e4ubern<\/span><span class=\"wp-block-getwid-toggle__icon is-active\"><i class=\"fas fa-plus\"><\/i><\/span><span class=\"wp-block-getwid-toggle__icon is-passive\"><i class=\"fas fa-minus\"><\/i><\/span><\/a><\/span><\/div><div class=\"wp-block-getwid-toggle__content-wrapper\"><div class=\"wp-block-getwid-toggle__content\">\n<p>Enden aft\u00f8rres p\u00e5 forsiden og bagsiden med en mikrofiberklud eller en t\u00f8r, fnugfri klud med det form\u00e5l at fjerne fingeraftryk, snavs og slid.<\/p>\n<\/div><\/div><\/div>\n\n\n\n<div class=\"wp-block-getwid-toggle__row\"><div class=\"wp-block-getwid-toggle__header-wrapper\"><span class=\"wp-block-getwid-toggle__header\"><a href=\"#\"><span class=\"wp-block-getwid-toggle__header-title\">2. Smartphone desinfizieren<\/span><span class=\"wp-block-getwid-toggle__icon is-active\"><i class=\"fas fa-plus\"><\/i><\/span><span class=\"wp-block-getwid-toggle__icon is-passive\"><i class=\"fas fa-minus\"><\/i><\/span><\/a><\/span><\/div><div class=\"wp-block-getwid-toggle__content-wrapper\"><div class=\"wp-block-getwid-toggle__content\">\n<p>Pakken med 12 \u00e5bnes, og den f\u00f8rste krympeviklede desinfektionsserviet fjernes. Med den ene side af desinfektionsmiddelvisket reng\u00f8res mobiltelefonen grundigt p\u00e5 forsiden og bagsiden, med andre ord t\u00f8rres af. Dette efterf\u00f8lges af desinficering af enheden i cirka 30 sekunder med den anden, stadig rene side af kluden. Dette skaber et let sl\u00f8r p\u00e5 overfladen.<\/p>\n<\/div><\/div><\/div>\n\n\n\n<div class=\"wp-block-getwid-toggle__row\"><div class=\"wp-block-getwid-toggle__header-wrapper\"><span class=\"wp-block-getwid-toggle__header\"><a href=\"#\"><span class=\"wp-block-getwid-toggle__header-title\">3. Trocknungsvorgang<\/span><span class=\"wp-block-getwid-toggle__icon is-active\"><i class=\"fas fa-plus\"><\/i><\/span><span class=\"wp-block-getwid-toggle__icon is-passive\"><i class=\"fas fa-minus\"><\/i><\/span><\/a><\/span><\/div><div class=\"wp-block-getwid-toggle__content-wrapper\"><div class=\"wp-block-getwid-toggle__content\">\n<p>Dette efterf\u00f8lges af en to til tre minutters t\u00f8rringsproces. Den p\u00e5f\u00f8rte v\u00e6ske virker og danner et desinficerende beskyttelseslag.<\/p>\n<\/div><\/div><\/div>\n\n\n\n<div class=\"wp-block-getwid-toggle__row\"><div class=\"wp-block-getwid-toggle__header-wrapper\"><span class=\"wp-block-getwid-toggle__header\"><a href=\"#\"><span class=\"wp-block-getwid-toggle__header-title\">4. Nachpolieren<\/span><span class=\"wp-block-getwid-toggle__icon is-active\"><i class=\"fas fa-plus\"><\/i><\/span><span class=\"wp-block-getwid-toggle__icon is-passive\"><i class=\"fas fa-minus\"><\/i><\/span><\/a><\/span><\/div><div class=\"wp-block-getwid-toggle__content-wrapper\"><div class=\"wp-block-getwid-toggle__content\">\n<p>I slutningen af t\u00f8rringsprocessen er mobiltelefonen igen d\u00e6kket med en ren t\u00f8rringsklud<strong> &#8211;<\/strong> for eksempel lavet af mikrofiber<strong> &#8211;<\/strong> Poleret til overfladen er fri for striber. Den langsigtede desinfektionsbeskyttelse, der nu er udviklet, arbejder fortsat intensivt i de n\u00e6ste syv til ti dage.<\/p>\n<\/div><\/div><\/div>\n<\/div>\n\n<br\/>\n\n<hr\/>\n\n<h4 class=\"wp-block-heading\" id=\"advisor\">R\u00e5dgiver<\/h4>\n\n<h2 class=\"wp-block-heading\" id=\"award-gewinner-handy-desinfektion-raumt-ab\">Prisvinder &#8211; desinfektion af mobiltelefon vinder<\/h2>\n\n<p>Nyheden p\u00e5 markedet for desinfektionsbeskyttelse af mobile slutenheder s\u00e5som mobiltelefoner, smartphones eller tablets er 12-pack beskyttende bakterieservietter fra CCM\u00ae. CCM st\u00e5r for Creative Chemical Manufacturer GmbH med hoveds\u00e6de i Overath, Nordrhein-Westfalen.<\/p>\n\n<figure class=\"wp-block-image size-full\"><img decoding=\"async\" width=\"700\" height=\"207\" src=\"https:\/\/www.versiegelung24.com\/wp-content\/uploads\/2021\/09\/2020-MedTech-Awards-2.png\" alt=\"\" class=\"wp-image-37295\" srcset=\"https:\/\/www.versiegelung24.com\/wp-content\/uploads\/2021\/09\/2020-MedTech-Awards-2.png 700w, https:\/\/www.versiegelung24.com\/wp-content\/uploads\/2021\/09\/2020-MedTech-Awards-2-600x177.png 600w, https:\/\/www.versiegelung24.com\/wp-content\/uploads\/2021\/09\/2020-MedTech-Awards-2-300x89.png 300w\" sizes=\"(max-width: 700px) 100vw, 700px\" \/><figcaption class=\"wp-element-caption\"><strong>Tildelt MedTech Award &#8211; Bedste langsigtede anti -patogenbeskyttelsesl\u00f8sning<\/strong><\/figcaption><\/figure>\n\n<h2 class=\"wp-block-heading\" id=\"ohne-handy-und-smartphone-desinfizieren-geht-es-einfach-nicht\">Desinfektion uden mobiltelefon og smartphone er simpelthen ikke mulig!<\/h2>\n\n<p>Folk er nu vant til at vaske og desinficere deres h\u00e6nder regelm\u00e6ssigt. Det er endnu vigtigere ikke at glemme at desinficere din egen smartphone. Hvis den bruges korrekt, udvikler den beskyttende bakterieklud en konstant desinfektionsvirkning i op til ti dage. Med pakken med 12 er slutenheden altid i en hygiejnisk perfekt stand i et kvart \u00e5r.<\/p>\n\n<p><\/p>\n\n<p><strong>Regelm\u00e6ssig brug af de tolv beskyttende klude skaber en ultratynd flydende glasbel\u00e6gning p\u00e5 smartphoneens overflade.<\/strong> Det forhindrer dannelse og som f\u00f8lge heraf etablering af patogener. Som en positiv bivirkning bliver overfladen stadig mere glat og kan reng\u00f8res meget let. Denne effekt \u00f8ges, jo l\u00e6ngere desinfektionsservietterne bruges.<\/p>\n","protected":false},"excerpt":{"rendered":"<p>Nyheden p\u00e5 markedet for desinfektionsbeskyttelse af mobile slutenheder s\u00e5som mobiltelefoner, smartphones eller tablets er 12-pack beskyttende bakterieservietter fra CCM\u00ae.<\/p>\n<p>Certificeret med MedTech-prisen<strong>&#8220;Bedste l\u00f8sning til langsigtet beskyttelse mod patogener&#8221;<\/p>\n<p><\/strong><\/p>\n<p><img decoding=\"async\" class=\"alignnone size-medium wp-image-37295\" src=\"https:\/\/www.versiegelung24.com\/wp-content\/uploads\/2021\/09\/2020-MedTech-Awards-2-300x89.png\" alt=\"\" width=\"300\" height=\"89\" srcset=\"https:\/\/www.versiegelung24.com\/wp-content\/uploads\/2021\/09\/2020-MedTech-Awards-2-300x89.png 300w, https:\/\/www.versiegelung24.com\/wp-content\/uploads\/2021\/09\/2020-MedTech-Awards-2-600x177.png 600w, https:\/\/www.versiegelung24.com\/wp-content\/uploads\/2021\/09\/2020-MedTech-Awards-2.png 700w\" sizes=\"(max-width: 300px) 100vw, 300px\" \/><\/p>\n","protected":false},"featured_media":63236,"template":"","meta":{"_acf_changed":false,"neve_meta_sidebar":"","neve_meta_container":"","neve_meta_enable_content_width":"","neve_meta_content_width":0,"neve_meta_title_alignment":"","neve_meta_author_avatar":"","neve_post_elements_order":"","neve_meta_disable_header":"","neve_meta_disable_footer":"","neve_meta_disable_title":"","neve_meta_reading_time":"","_surfaces":[],"_ver_product_tabs":[],"footnotes":""},"product_brand":[],"product_cat":[2357,3006],"product_tag":[],"class_list":{"0":"post-37370","1":"product","2":"type-product","3":"status-publish","4":"has-post-thumbnail","6":"product_cat-desinfektionsmidler","7":"product_cat-mobiltelefon-desinfektionsmiddel","9":"first","10":"instock","11":"taxable","12":"shipping-taxable","13":"purchasable","14":"product-type-simple"},"acf":[],"yoast_head":"<!-- This site is optimized with the Yoast SEO Premium plugin v22.8 (Yoast SEO v27.5) - https:\/\/yoast.com\/product\/yoast-seo-premium-wordpress\/ -->\n<title>Smartphone og mobiltelefon langtidsdesinfektionsmiddel mod bakterier og vira - versiegelung24.com<\/title>\n<meta name=\"robots\" content=\"index, follow, max-snippet:-1, max-image-preview:large, max-video-preview:-1\" \/>\n<link rel=\"canonical\" href=\"https:\/\/www.versiegelung24.com\/da\/praktisk-flydende-glas-beskyttende-lag-mod-bakterier-vira.html\" \/>\n<meta property=\"og:locale\" content=\"da_DK\" \/>\n<meta property=\"og:type\" content=\"article\" \/>\n<meta property=\"og:title\" content=\"Smartphone og mobiltelefon langtidsdesinfektionsmiddel mod bakterier og vira\" \/>\n<meta property=\"og:description\" content=\"Nyheden p\u00e5 markedet for desinfektionsbeskyttelse af mobile slutenheder s\u00e5som mobiltelefoner, smartphones eller tablets er 12-pack beskyttende bakterieservietter fra CCM\u00ae. Certificeret med MedTech-prisen&quot;Bedste l\u00f8sning til langsigtet beskyttelse mod patogener&quot;\" \/>\n<meta property=\"og:url\" content=\"https:\/\/www.versiegelung24.com\/da\/praktisk-flydende-glas-beskyttende-lag-mod-bakterier-vira.html\" \/>\n<meta property=\"og:site_name\" content=\"versiegelung24.com\" \/>\n<meta property=\"article:modified_time\" content=\"2025-01-03T23:27:21+00:00\" \/>\n<meta property=\"og:image\" content=\"https:\/\/www.versiegelung24.com\/wp-content\/uploads\/2021\/09\/produkt-4009-904-Handy-Bakterienschutz-Verpackung1.jpg\" \/>\n\t<meta property=\"og:image:width\" content=\"2000\" \/>\n\t<meta property=\"og:image:height\" content=\"2000\" \/>\n\t<meta property=\"og:image:type\" content=\"image\/jpeg\" \/>\n<meta name=\"twitter:card\" content=\"summary_large_image\" \/>\n<meta name=\"twitter:label1\" content=\"Pris\" \/>\n\t<meta name=\"twitter:data1\" content=\"10,99&euro;\" \/>\n\t<meta name=\"twitter:label2\" content=\"Tilg\u00e6ngelighed\" \/>\n\t<meta name=\"twitter:data2\" content=\"P\u00e5 lager\" \/>\n<script type=\"application\/ld+json\" class=\"yoast-schema-graph\">{\"@context\":\"https:\\\/\\\/schema.org\",\"@graph\":[{\"@type\":\"WebPage\",\"@id\":\"https:\\\/\\\/www.versiegelung24.com\\\/da\\\/praktisk-flydende-glas-beskyttende-lag-mod-bakterier-vira.html\",\"url\":\"https:\\\/\\\/www.versiegelung24.com\\\/da\\\/praktisk-flydende-glas-beskyttende-lag-mod-bakterier-vira.html\",\"name\":\"Smartphone og mobiltelefon langtidsdesinfektionsmiddel mod bakterier og vira - versiegelung24.com\",\"isPartOf\":{\"@id\":\"https:\\\/\\\/www.versiegelung24.com\\\/da\\\/#website\"},\"primaryImageOfPage\":{\"@id\":\"https:\\\/\\\/www.versiegelung24.com\\\/da\\\/praktisk-flydende-glas-beskyttende-lag-mod-bakterier-vira.html#primaryimage\"},\"image\":{\"@id\":\"https:\\\/\\\/www.versiegelung24.com\\\/da\\\/praktisk-flydende-glas-beskyttende-lag-mod-bakterier-vira.html#primaryimage\"},\"thumbnailUrl\":\"https:\\\/\\\/www.versiegelung24.com\\\/wp-content\\\/uploads\\\/2021\\\/09\\\/produkt-4009-904-Handy-Bakterienschutz-Verpackung1.jpg\",\"datePublished\":\"2021-09-27T09:30:32+00:00\",\"dateModified\":\"2025-01-03T23:27:21+00:00\",\"breadcrumb\":{\"@id\":\"https:\\\/\\\/www.versiegelung24.com\\\/da\\\/praktisk-flydende-glas-beskyttende-lag-mod-bakterier-vira.html#breadcrumb\"},\"inLanguage\":\"da-DK\",\"potentialAction\":[{\"@type\":\"ReadAction\",\"target\":[\"https:\\\/\\\/www.versiegelung24.com\\\/da\\\/praktisk-flydende-glas-beskyttende-lag-mod-bakterier-vira.html\"]}]},{\"@type\":\"ImageObject\",\"inLanguage\":\"da-DK\",\"@id\":\"https:\\\/\\\/www.versiegelung24.com\\\/da\\\/praktisk-flydende-glas-beskyttende-lag-mod-bakterier-vira.html#primaryimage\",\"url\":\"https:\\\/\\\/www.versiegelung24.com\\\/wp-content\\\/uploads\\\/2021\\\/09\\\/produkt-4009-904-Handy-Bakterienschutz-Verpackung1.jpg\",\"contentUrl\":\"https:\\\/\\\/www.versiegelung24.com\\\/wp-content\\\/uploads\\\/2021\\\/09\\\/produkt-4009-904-Handy-Bakterienschutz-Verpackung1.jpg\",\"width\":2000,\"height\":2000},{\"@type\":\"BreadcrumbList\",\"@id\":\"https:\\\/\\\/www.versiegelung24.com\\\/da\\\/praktisk-flydende-glas-beskyttende-lag-mod-bakterier-vira.html#breadcrumb\",\"itemListElement\":[{\"@type\":\"ListItem\",\"position\":1,\"name\":\"Hjemmeside\",\"item\":\"https:\\\/\\\/www.versiegelung24.com\\\/da\\\/foran\\\/\"},{\"@type\":\"ListItem\",\"position\":2,\"name\":\"Butik\",\"item\":\"https:\\\/\\\/www.versiegelung24.com\\\/da\\\/butik\\\/\"},{\"@type\":\"ListItem\",\"position\":3,\"name\":\"Smartphone og mobiltelefon langtidsdesinfektionsmiddel mod bakterier og vira\"}]},{\"@type\":\"WebSite\",\"@id\":\"https:\\\/\\\/www.versiegelung24.com\\\/da\\\/#website\",\"url\":\"https:\\\/\\\/www.versiegelung24.com\\\/da\\\/\",\"name\":\"versiegelung24.com\",\"description\":\"Fl\u00fcssigglas-Versiegelung - Made in Germany\",\"publisher\":{\"@id\":\"https:\\\/\\\/www.versiegelung24.com\\\/da\\\/#organization\"},\"potentialAction\":[{\"@type\":\"SearchAction\",\"target\":{\"@type\":\"EntryPoint\",\"urlTemplate\":\"https:\\\/\\\/www.versiegelung24.com\\\/da\\\/?s={search_term_string}\"},\"query-input\":{\"@type\":\"PropertyValueSpecification\",\"valueRequired\":true,\"valueName\":\"search_term_string\"}}],\"inLanguage\":\"da-DK\"},{\"@type\":\"Organization\",\"@id\":\"https:\\\/\\\/www.versiegelung24.com\\\/da\\\/#organization\",\"name\":\"versiegelung24\",\"url\":\"https:\\\/\\\/www.versiegelung24.com\\\/da\\\/\",\"logo\":{\"@type\":\"ImageObject\",\"inLanguage\":\"da-DK\",\"@id\":\"https:\\\/\\\/www.versiegelung24.com\\\/da\\\/#\\\/schema\\\/logo\\\/image\\\/\",\"url\":\"https:\\\/\\\/www.versiegelung24.com\\\/wp-content\\\/uploads\\\/2020\\\/04\\\/versiegelung24.png\",\"contentUrl\":\"https:\\\/\\\/www.versiegelung24.com\\\/wp-content\\\/uploads\\\/2020\\\/04\\\/versiegelung24.png\",\"width\":470,\"height\":102,\"caption\":\"versiegelung24\"},\"image\":{\"@id\":\"https:\\\/\\\/www.versiegelung24.com\\\/da\\\/#\\\/schema\\\/logo\\\/image\\\/\"}}]}<\/script>\n<meta property=\"product:price:amount\" content=\"10.99\" \/>\n<meta property=\"product:price:currency\" content=\"EUR\" \/>\n<meta property=\"og:availability\" content=\"instock\" \/>\n<meta property=\"product:availability\" content=\"instock\" \/>\n<meta property=\"product:retailer_item_id\" content=\"4009-904\" \/>\n<meta property=\"product:condition\" content=\"new\" \/>\n<!-- \/ Yoast SEO Premium plugin. -->","yoast_head_json":{"title":"Smartphone og mobiltelefon langtidsdesinfektionsmiddel mod bakterier og vira - versiegelung24.com","robots":{"index":"index","follow":"follow","max-snippet":"max-snippet:-1","max-image-preview":"max-image-preview:large","max-video-preview":"max-video-preview:-1"},"canonical":"https:\/\/www.versiegelung24.com\/da\/praktisk-flydende-glas-beskyttende-lag-mod-bakterier-vira.html","og_locale":"da_DK","og_type":"article","og_title":"Smartphone og mobiltelefon langtidsdesinfektionsmiddel mod bakterier og vira","og_description":"Nyheden p\u00e5 markedet for desinfektionsbeskyttelse af mobile slutenheder s\u00e5som mobiltelefoner, smartphones eller tablets er 12-pack beskyttende bakterieservietter fra CCM\u00ae. Certificeret med MedTech-prisen\"Bedste l\u00f8sning til langsigtet beskyttelse mod patogener\"","og_url":"https:\/\/www.versiegelung24.com\/da\/praktisk-flydende-glas-beskyttende-lag-mod-bakterier-vira.html","og_site_name":"versiegelung24.com","article_modified_time":"2025-01-03T23:27:21+00:00","og_image":[{"width":2000,"height":2000,"url":"https:\/\/www.versiegelung24.com\/wp-content\/uploads\/2021\/09\/produkt-4009-904-Handy-Bakterienschutz-Verpackung1.jpg","type":"image\/jpeg"}],"twitter_card":"summary_large_image","twitter_misc":{"Pris":"10,99&euro;","Tilg\u00e6ngelighed":"P\u00e5 lager"},"schema":{"@context":"https:\/\/schema.org","@graph":[{"@type":"WebPage","@id":"https:\/\/www.versiegelung24.com\/da\/praktisk-flydende-glas-beskyttende-lag-mod-bakterier-vira.html","url":"https:\/\/www.versiegelung24.com\/da\/praktisk-flydende-glas-beskyttende-lag-mod-bakterier-vira.html","name":"Smartphone og mobiltelefon langtidsdesinfektionsmiddel mod bakterier og vira - versiegelung24.com","isPartOf":{"@id":"https:\/\/www.versiegelung24.com\/da\/#website"},"primaryImageOfPage":{"@id":"https:\/\/www.versiegelung24.com\/da\/praktisk-flydende-glas-beskyttende-lag-mod-bakterier-vira.html#primaryimage"},"image":{"@id":"https:\/\/www.versiegelung24.com\/da\/praktisk-flydende-glas-beskyttende-lag-mod-bakterier-vira.html#primaryimage"},"thumbnailUrl":"https:\/\/www.versiegelung24.com\/wp-content\/uploads\/2021\/09\/produkt-4009-904-Handy-Bakterienschutz-Verpackung1.jpg","datePublished":"2021-09-27T09:30:32+00:00","dateModified":"2025-01-03T23:27:21+00:00","breadcrumb":{"@id":"https:\/\/www.versiegelung24.com\/da\/praktisk-flydende-glas-beskyttende-lag-mod-bakterier-vira.html#breadcrumb"},"inLanguage":"da-DK","potentialAction":[{"@type":"ReadAction","target":["https:\/\/www.versiegelung24.com\/da\/praktisk-flydende-glas-beskyttende-lag-mod-bakterier-vira.html"]}]},{"@type":"ImageObject","inLanguage":"da-DK","@id":"https:\/\/www.versiegelung24.com\/da\/praktisk-flydende-glas-beskyttende-lag-mod-bakterier-vira.html#primaryimage","url":"https:\/\/www.versiegelung24.com\/wp-content\/uploads\/2021\/09\/produkt-4009-904-Handy-Bakterienschutz-Verpackung1.jpg","contentUrl":"https:\/\/www.versiegelung24.com\/wp-content\/uploads\/2021\/09\/produkt-4009-904-Handy-Bakterienschutz-Verpackung1.jpg","width":2000,"height":2000},{"@type":"BreadcrumbList","@id":"https:\/\/www.versiegelung24.com\/da\/praktisk-flydende-glas-beskyttende-lag-mod-bakterier-vira.html#breadcrumb","itemListElement":[{"@type":"ListItem","position":1,"name":"Hjemmeside","item":"https:\/\/www.versiegelung24.com\/da\/foran\/"},{"@type":"ListItem","position":2,"name":"Butik","item":"https:\/\/www.versiegelung24.com\/da\/butik\/"},{"@type":"ListItem","position":3,"name":"Smartphone og mobiltelefon langtidsdesinfektionsmiddel mod bakterier og vira"}]},{"@type":"WebSite","@id":"https:\/\/www.versiegelung24.com\/da\/#website","url":"https:\/\/www.versiegelung24.com\/da\/","name":"versiegelung24.com","description":"Fl\u00fcssigglas-Versiegelung - Made in Germany","publisher":{"@id":"https:\/\/www.versiegelung24.com\/da\/#organization"},"potentialAction":[{"@type":"SearchAction","target":{"@type":"EntryPoint","urlTemplate":"https:\/\/www.versiegelung24.com\/da\/?s={search_term_string}"},"query-input":{"@type":"PropertyValueSpecification","valueRequired":true,"valueName":"search_term_string"}}],"inLanguage":"da-DK"},{"@type":"Organization","@id":"https:\/\/www.versiegelung24.com\/da\/#organization","name":"versiegelung24","url":"https:\/\/www.versiegelung24.com\/da\/","logo":{"@type":"ImageObject","inLanguage":"da-DK","@id":"https:\/\/www.versiegelung24.com\/da\/#\/schema\/logo\/image\/","url":"https:\/\/www.versiegelung24.com\/wp-content\/uploads\/2020\/04\/versiegelung24.png","contentUrl":"https:\/\/www.versiegelung24.com\/wp-content\/uploads\/2020\/04\/versiegelung24.png","width":470,"height":102,"caption":"versiegelung24"},"image":{"@id":"https:\/\/www.versiegelung24.com\/da\/#\/schema\/logo\/image\/"}}]},"product_price_amount":"10.99","product_price_currency":"EUR","og_availability":"instock","product_availability":"instock","product_retailer_item_id":"4009-904","product_condition":"new"},"_links":{"self":[{"href":"https:\/\/www.versiegelung24.com\/da\/wp-json\/wp\/v2\/product\/37370","targetHints":{"allow":["GET"]}}],"collection":[{"href":"https:\/\/www.versiegelung24.com\/da\/wp-json\/wp\/v2\/product"}],"about":[{"href":"https:\/\/www.versiegelung24.com\/da\/wp-json\/wp\/v2\/types\/product"}],"version-history":[{"count":81,"href":"https:\/\/www.versiegelung24.com\/da\/wp-json\/wp\/v2\/product\/37370\/revisions"}],"predecessor-version":[{"id":178049,"href":"https:\/\/www.versiegelung24.com\/da\/wp-json\/wp\/v2\/product\/37370\/revisions\/178049"}],"wp:featuredmedia":[{"embeddable":true,"href":"https:\/\/www.versiegelung24.com\/da\/wp-json\/wp\/v2\/media\/63236"}],"wp:attachment":[{"href":"https:\/\/www.versiegelung24.com\/da\/wp-json\/wp\/v2\/media?parent=37370"}],"wp:term":[{"taxonomy":"product_brand","embeddable":true,"href":"https:\/\/www.versiegelung24.com\/da\/wp-json\/wp\/v2\/product_brand?post=37370"},{"taxonomy":"product_cat","embeddable":true,"href":"https:\/\/www.versiegelung24.com\/da\/wp-json\/wp\/v2\/product_cat?post=37370"},{"taxonomy":"product_tag","embeddable":true,"href":"https:\/\/www.versiegelung24.com\/da\/wp-json\/wp\/v2\/product_tag?post=37370"}],"curies":[{"name":"wp","href":"https:\/\/api.w.org\/{rel}","templated":true}]}}