{"id":46412,"date":"2022-01-04T18:16:33","date_gmt":"2022-01-04T17:16:33","guid":{"rendered":"https:\/\/www.versiegelung24.com\/?post_type=product&#038;p=46412"},"modified":"2026-04-30T14:15:23","modified_gmt":"2026-04-30T12:15:23","slug":"pedexan-sko-desinfektion-refill-flaske","status":"publish","type":"product","link":"https:\/\/www.versiegelung24.com\/da\/pedexan-sko-desinfektion-refill-flaske.html","title":{"rendered":"Pedexan skodesinfektion med langtidseffekt 1l refillflaske"},"content":{"rendered":"\n<h2 class=\"wp-block-heading\" id=\"pedexan-schuhdesinfektion-alaska-frische-fur-die-schuhe\">Pedexan sko desinfektion &#8211; Alaskas friskhed til sko<\/h2>\n\n<p><strong>Praktisk 1 liters refillflaske til <a href=\"https:\/\/www.versiegelung24.com\/da\/pedexan-sko-desinfektion-dispenser-pedspend.html\">Pedexan PedSpend skodesinfektionsdispenser med spraylanse<\/a> eller <a href=\"https:\/\/www.versiegelung24.com\/da\/pedexan-sko-desinfektion.html\">125 ml Pedexan pumpesprayflaske<\/a> .<\/strong><\/p>\n\n<p>Hvis arbejdssko eller fritidssko bliver brugt flittigt over en l\u00e6ngere periode, skabes der ofte et ideelt milj\u00f8 for bakterier og svampe til at formere sig, og der skabes ubehagelige lugte.<\/p>\n\n<p>Selv med friske str\u00f8mper og luftning af skoene forbliver den ubehagelige stank og kan endda for\u00e5rsage grimme infektioner p\u00e5 f\u00f8dderne.<\/p>\n\n<p><strong>Pedexan skodesinfektion<\/strong> kan hj\u00e6lpe her. Bakterier og svampe fjernes effektivt, og dannelsen af nye forhindres af langtidseffekten.<\/p>\n\n<p>Med sin Alaska-duft sikrer Pedexan behagelig friskhed og er endda biokompatibel.<\/p>\n\n<hr \/>\n\n<h4 class=\"wp-block-heading\" id=\"application\">Anvendelse<\/h4>\n\n<p>Ans\u00f8gningen er meget enkel:<\/p>\n\n<p><br \/><br \/>&#8211; Spray indersiden af skoene udend\u00f8rs. &#8211; Vi anbefaler 5 til 10 sprays ved f\u00f8rste p\u00e5f\u00f8ring. &#8211; Pedexan skodesinfektion skal bruges 1-2 gange om ugen eller efter behov.<\/p>\n\n<hr \/>\n\n<h4 class=\"wp-block-heading\" id=\"advisor\">R\u00e5dgiver<\/h4>\n\n<p><strong>Sikkerhedsr\u00e5d:<\/strong><\/p>\n\n<p>Husk at bem\u00e6rke! S\u00f8rg for tilstr\u00e6kkelig ventilation under behandlingen. Meget brandfarlig v\u00e6ske og damp. For\u00e5rsager alvorlig \u00f8jenirritation. Holdes v\u00e6k fra varme, varme overflader, gnister, \u00e5ben ild og andre ant\u00e6ndelseskilder. Lad v\u00e6re med at ryge. Opbevares k\u00f8ligt, godt ventileret. Hvis der er brug for l\u00e6gehj\u00e6lp, s\u00e5 hav emballage eller etiket klar. Opbevares utilg\u00e6ngeligt for b\u00f8rn.<\/p>\n\n<p>Kan bruges til alle indre overflader af sko. Hvis du er i tvivl, test Pedexan p\u00e5 et usynligt sted.<\/p>\n\n<p>Opbevares kun i en lukket beholder. Beholderen kan kun genbruges, n\u00e5r den er helt tom. M\u00e5 ikke anvendes efter udl\u00f8bsdatoen.<\/p>\n\n<p>Biocid Reg.-nr .: N-25889<\/p>\n\n<p>Vigtigt: Brug biocidholdige produkter omhyggeligt. L\u00e6s altid etiketten og produktinformationen f\u00f8r brug.<\/p>\n\n<hr \/>\n","protected":false},"excerpt":{"rendered":"<p>Pedexan sko desinfektion &#8211; Alaskas friskhed til sko Praktisk 1 liters refillflaske til Pedexan PedSpend skodesinfektionsdispenser med spraylanse eller 125 ml Pedexan pumpesprayflaske . Hvis arbejdssko eller fritidssko bliver brugt flittigt over en l\u00e6ngere periode, skabes der ofte et ideelt milj\u00f8 for bakterier og svampe til at formere sig, og der skabes ubehagelige lugte. Selv&hellip;&nbsp;<a href=\"https:\/\/www.versiegelung24.com\/da\/pedexan-sko-desinfektion-refill-flaske.html\" rel=\"bookmark\">Read More &raquo;<span class=\"screen-reader-text\">Pedexan skodesinfektion med langtidseffekt 1l refillflaske<\/span><\/a><\/p>\n","protected":false},"featured_media":21924,"template":"","meta":{"_acf_changed":false,"neve_meta_sidebar":"","neve_meta_container":"","neve_meta_enable_content_width":"","neve_meta_content_width":0,"neve_meta_title_alignment":"","neve_meta_author_avatar":"","neve_post_elements_order":"","neve_meta_disable_header":"","neve_meta_disable_footer":"","neve_meta_disable_title":"","neve_meta_reading_time":"","_surfaces":[],"_ver_product_tabs":[],"footnotes":""},"product_brand":[],"product_cat":[2357,2828],"product_tag":[],"class_list":{"0":"post-46412","1":"product","2":"type-product","3":"status-publish","4":"has-post-thumbnail","6":"product_cat-desinfektionsmidler","7":"product_cat-sko-desinfektionsmidler","9":"first","10":"instock","11":"taxable","12":"shipping-taxable","13":"purchasable","14":"product-type-simple"},"acf":[],"yoast_head":"<!-- This site is optimized with the Yoast SEO Premium plugin v22.8 (Yoast SEO v27.5) - https:\/\/yoast.com\/product\/yoast-seo-premium-wordpress\/ -->\n<title>Pedexan skodesinfektion med langtidseffekt 1l refillflaske - versiegelung24.com<\/title>\n<meta name=\"description\" content=\"Pedexan sko desinfektion - l\u00f8sningen mod ubehagelig lugt og bakterier og svampe.\" \/>\n<meta name=\"robots\" content=\"index, follow, max-snippet:-1, max-image-preview:large, max-video-preview:-1\" \/>\n<link rel=\"canonical\" href=\"https:\/\/www.versiegelung24.com\/da\/pedexan-sko-desinfektion-refill-flaske.html\" \/>\n<meta property=\"og:locale\" content=\"da_DK\" \/>\n<meta property=\"og:type\" content=\"article\" \/>\n<meta property=\"og:title\" content=\"Pedexan skodesinfektion med langtidseffekt 1l refillflaske\" \/>\n<meta property=\"og:description\" content=\"Pedexan sko desinfektion - l\u00f8sningen mod ubehagelig lugt og bakterier og svampe.\" \/>\n<meta property=\"og:url\" content=\"https:\/\/www.versiegelung24.com\/da\/pedexan-sko-desinfektion-refill-flaske.html\" \/>\n<meta property=\"og:site_name\" content=\"versiegelung24.com\" \/>\n<meta property=\"article:modified_time\" content=\"2026-04-30T12:15:23+00:00\" \/>\n<meta property=\"og:image\" content=\"https:\/\/www.versiegelung24.com\/wp-content\/uploads\/2021\/03\/pedexan-schuhdesinfektion-1-liter.png\" \/>\n\t<meta property=\"og:image:width\" content=\"2000\" \/>\n\t<meta property=\"og:image:height\" content=\"2000\" \/>\n\t<meta property=\"og:image:type\" content=\"image\/png\" \/>\n<meta name=\"twitter:card\" content=\"summary_large_image\" \/>\n<meta name=\"twitter:label1\" content=\"Pris\" \/>\n\t<meta name=\"twitter:data1\" content=\"42,49&euro;\" \/>\n\t<meta name=\"twitter:label2\" content=\"Tilg\u00e6ngelighed\" \/>\n\t<meta name=\"twitter:data2\" content=\"P\u00e5 lager\" \/>\n<script type=\"application\/ld+json\" class=\"yoast-schema-graph\">{\"@context\":\"https:\\\/\\\/schema.org\",\"@graph\":[{\"@type\":\"WebPage\",\"@id\":\"https:\\\/\\\/www.versiegelung24.com\\\/da\\\/pedexan-sko-desinfektion-refill-flaske.html\",\"url\":\"https:\\\/\\\/www.versiegelung24.com\\\/da\\\/pedexan-sko-desinfektion-refill-flaske.html\",\"name\":\"Pedexan skodesinfektion med langtidseffekt 1l refillflaske - versiegelung24.com\",\"isPartOf\":{\"@id\":\"https:\\\/\\\/www.versiegelung24.com\\\/da\\\/#website\"},\"primaryImageOfPage\":{\"@id\":\"https:\\\/\\\/www.versiegelung24.com\\\/da\\\/pedexan-sko-desinfektion-refill-flaske.html#primaryimage\"},\"image\":{\"@id\":\"https:\\\/\\\/www.versiegelung24.com\\\/da\\\/pedexan-sko-desinfektion-refill-flaske.html#primaryimage\"},\"thumbnailUrl\":\"https:\\\/\\\/www.versiegelung24.com\\\/wp-content\\\/uploads\\\/2021\\\/03\\\/pedexan-schuhdesinfektion-1-liter.png\",\"datePublished\":\"2022-01-04T17:16:33+00:00\",\"dateModified\":\"2026-04-30T12:15:23+00:00\",\"description\":\"Pedexan sko desinfektion - l\u00f8sningen mod ubehagelig lugt og bakterier og svampe.\",\"breadcrumb\":{\"@id\":\"https:\\\/\\\/www.versiegelung24.com\\\/da\\\/pedexan-sko-desinfektion-refill-flaske.html#breadcrumb\"},\"inLanguage\":\"da-DK\",\"potentialAction\":[{\"@type\":\"ReadAction\",\"target\":[\"https:\\\/\\\/www.versiegelung24.com\\\/da\\\/pedexan-sko-desinfektion-refill-flaske.html\"]}]},{\"@type\":\"ImageObject\",\"inLanguage\":\"da-DK\",\"@id\":\"https:\\\/\\\/www.versiegelung24.com\\\/da\\\/pedexan-sko-desinfektion-refill-flaske.html#primaryimage\",\"url\":\"https:\\\/\\\/www.versiegelung24.com\\\/wp-content\\\/uploads\\\/2021\\\/03\\\/pedexan-schuhdesinfektion-1-liter.png\",\"contentUrl\":\"https:\\\/\\\/www.versiegelung24.com\\\/wp-content\\\/uploads\\\/2021\\\/03\\\/pedexan-schuhdesinfektion-1-liter.png\",\"width\":2000,\"height\":2000},{\"@type\":\"BreadcrumbList\",\"@id\":\"https:\\\/\\\/www.versiegelung24.com\\\/da\\\/pedexan-sko-desinfektion-refill-flaske.html#breadcrumb\",\"itemListElement\":[{\"@type\":\"ListItem\",\"position\":1,\"name\":\"Hjemmeside\",\"item\":\"https:\\\/\\\/www.versiegelung24.com\\\/da\\\/foran\\\/\"},{\"@type\":\"ListItem\",\"position\":2,\"name\":\"Butik\",\"item\":\"https:\\\/\\\/www.versiegelung24.com\\\/da\\\/butik\\\/\"},{\"@type\":\"ListItem\",\"position\":3,\"name\":\"Pedexan skodesinfektion med langtidseffekt 1l refillflaske\"}]},{\"@type\":\"WebSite\",\"@id\":\"https:\\\/\\\/www.versiegelung24.com\\\/da\\\/#website\",\"url\":\"https:\\\/\\\/www.versiegelung24.com\\\/da\\\/\",\"name\":\"versiegelung24.com\",\"description\":\"Fl\u00fcssigglas-Versiegelung - Made in Germany\",\"publisher\":{\"@id\":\"https:\\\/\\\/www.versiegelung24.com\\\/da\\\/#organization\"},\"potentialAction\":[{\"@type\":\"SearchAction\",\"target\":{\"@type\":\"EntryPoint\",\"urlTemplate\":\"https:\\\/\\\/www.versiegelung24.com\\\/da\\\/?s={search_term_string}\"},\"query-input\":{\"@type\":\"PropertyValueSpecification\",\"valueRequired\":true,\"valueName\":\"search_term_string\"}}],\"inLanguage\":\"da-DK\"},{\"@type\":\"Organization\",\"@id\":\"https:\\\/\\\/www.versiegelung24.com\\\/da\\\/#organization\",\"name\":\"versiegelung24\",\"url\":\"https:\\\/\\\/www.versiegelung24.com\\\/da\\\/\",\"logo\":{\"@type\":\"ImageObject\",\"inLanguage\":\"da-DK\",\"@id\":\"https:\\\/\\\/www.versiegelung24.com\\\/da\\\/#\\\/schema\\\/logo\\\/image\\\/\",\"url\":\"https:\\\/\\\/www.versiegelung24.com\\\/wp-content\\\/uploads\\\/2020\\\/04\\\/versiegelung24.png\",\"contentUrl\":\"https:\\\/\\\/www.versiegelung24.com\\\/wp-content\\\/uploads\\\/2020\\\/04\\\/versiegelung24.png\",\"width\":470,\"height\":102,\"caption\":\"versiegelung24\"},\"image\":{\"@id\":\"https:\\\/\\\/www.versiegelung24.com\\\/da\\\/#\\\/schema\\\/logo\\\/image\\\/\"}}]}<\/script>\n<meta property=\"product:price:amount\" content=\"42.49\" \/>\n<meta property=\"product:price:currency\" content=\"EUR\" \/>\n<meta property=\"og:availability\" content=\"instock\" \/>\n<meta property=\"product:availability\" content=\"instock\" \/>\n<meta property=\"product:retailer_item_id\" content=\"PED-1A\" \/>\n<meta property=\"product:condition\" content=\"new\" \/>\n<!-- \/ Yoast SEO Premium plugin. -->","yoast_head_json":{"title":"Pedexan skodesinfektion med langtidseffekt 1l refillflaske - versiegelung24.com","description":"Pedexan sko desinfektion - l\u00f8sningen mod ubehagelig lugt og bakterier og svampe.","robots":{"index":"index","follow":"follow","max-snippet":"max-snippet:-1","max-image-preview":"max-image-preview:large","max-video-preview":"max-video-preview:-1"},"canonical":"https:\/\/www.versiegelung24.com\/da\/pedexan-sko-desinfektion-refill-flaske.html","og_locale":"da_DK","og_type":"article","og_title":"Pedexan skodesinfektion med langtidseffekt 1l refillflaske","og_description":"Pedexan sko desinfektion - l\u00f8sningen mod ubehagelig lugt og bakterier og svampe.","og_url":"https:\/\/www.versiegelung24.com\/da\/pedexan-sko-desinfektion-refill-flaske.html","og_site_name":"versiegelung24.com","article_modified_time":"2026-04-30T12:15:23+00:00","og_image":[{"width":2000,"height":2000,"url":"https:\/\/www.versiegelung24.com\/wp-content\/uploads\/2021\/03\/pedexan-schuhdesinfektion-1-liter.png","type":"image\/png"}],"twitter_card":"summary_large_image","twitter_misc":{"Pris":"42,49&euro;","Tilg\u00e6ngelighed":"P\u00e5 lager"},"schema":{"@context":"https:\/\/schema.org","@graph":[{"@type":"WebPage","@id":"https:\/\/www.versiegelung24.com\/da\/pedexan-sko-desinfektion-refill-flaske.html","url":"https:\/\/www.versiegelung24.com\/da\/pedexan-sko-desinfektion-refill-flaske.html","name":"Pedexan skodesinfektion med langtidseffekt 1l refillflaske - versiegelung24.com","isPartOf":{"@id":"https:\/\/www.versiegelung24.com\/da\/#website"},"primaryImageOfPage":{"@id":"https:\/\/www.versiegelung24.com\/da\/pedexan-sko-desinfektion-refill-flaske.html#primaryimage"},"image":{"@id":"https:\/\/www.versiegelung24.com\/da\/pedexan-sko-desinfektion-refill-flaske.html#primaryimage"},"thumbnailUrl":"https:\/\/www.versiegelung24.com\/wp-content\/uploads\/2021\/03\/pedexan-schuhdesinfektion-1-liter.png","datePublished":"2022-01-04T17:16:33+00:00","dateModified":"2026-04-30T12:15:23+00:00","description":"Pedexan sko desinfektion - l\u00f8sningen mod ubehagelig lugt og bakterier og svampe.","breadcrumb":{"@id":"https:\/\/www.versiegelung24.com\/da\/pedexan-sko-desinfektion-refill-flaske.html#breadcrumb"},"inLanguage":"da-DK","potentialAction":[{"@type":"ReadAction","target":["https:\/\/www.versiegelung24.com\/da\/pedexan-sko-desinfektion-refill-flaske.html"]}]},{"@type":"ImageObject","inLanguage":"da-DK","@id":"https:\/\/www.versiegelung24.com\/da\/pedexan-sko-desinfektion-refill-flaske.html#primaryimage","url":"https:\/\/www.versiegelung24.com\/wp-content\/uploads\/2021\/03\/pedexan-schuhdesinfektion-1-liter.png","contentUrl":"https:\/\/www.versiegelung24.com\/wp-content\/uploads\/2021\/03\/pedexan-schuhdesinfektion-1-liter.png","width":2000,"height":2000},{"@type":"BreadcrumbList","@id":"https:\/\/www.versiegelung24.com\/da\/pedexan-sko-desinfektion-refill-flaske.html#breadcrumb","itemListElement":[{"@type":"ListItem","position":1,"name":"Hjemmeside","item":"https:\/\/www.versiegelung24.com\/da\/foran\/"},{"@type":"ListItem","position":2,"name":"Butik","item":"https:\/\/www.versiegelung24.com\/da\/butik\/"},{"@type":"ListItem","position":3,"name":"Pedexan skodesinfektion med langtidseffekt 1l refillflaske"}]},{"@type":"WebSite","@id":"https:\/\/www.versiegelung24.com\/da\/#website","url":"https:\/\/www.versiegelung24.com\/da\/","name":"versiegelung24.com","description":"Fl\u00fcssigglas-Versiegelung - Made in Germany","publisher":{"@id":"https:\/\/www.versiegelung24.com\/da\/#organization"},"potentialAction":[{"@type":"SearchAction","target":{"@type":"EntryPoint","urlTemplate":"https:\/\/www.versiegelung24.com\/da\/?s={search_term_string}"},"query-input":{"@type":"PropertyValueSpecification","valueRequired":true,"valueName":"search_term_string"}}],"inLanguage":"da-DK"},{"@type":"Organization","@id":"https:\/\/www.versiegelung24.com\/da\/#organization","name":"versiegelung24","url":"https:\/\/www.versiegelung24.com\/da\/","logo":{"@type":"ImageObject","inLanguage":"da-DK","@id":"https:\/\/www.versiegelung24.com\/da\/#\/schema\/logo\/image\/","url":"https:\/\/www.versiegelung24.com\/wp-content\/uploads\/2020\/04\/versiegelung24.png","contentUrl":"https:\/\/www.versiegelung24.com\/wp-content\/uploads\/2020\/04\/versiegelung24.png","width":470,"height":102,"caption":"versiegelung24"},"image":{"@id":"https:\/\/www.versiegelung24.com\/da\/#\/schema\/logo\/image\/"}}]},"product_price_amount":"42.49","product_price_currency":"EUR","og_availability":"instock","product_availability":"instock","product_retailer_item_id":"PED-1A","product_condition":"new"},"_links":{"self":[{"href":"https:\/\/www.versiegelung24.com\/da\/wp-json\/wp\/v2\/product\/46412","targetHints":{"allow":["GET"]}}],"collection":[{"href":"https:\/\/www.versiegelung24.com\/da\/wp-json\/wp\/v2\/product"}],"about":[{"href":"https:\/\/www.versiegelung24.com\/da\/wp-json\/wp\/v2\/types\/product"}],"version-history":[{"count":22,"href":"https:\/\/www.versiegelung24.com\/da\/wp-json\/wp\/v2\/product\/46412\/revisions"}],"predecessor-version":[{"id":180418,"href":"https:\/\/www.versiegelung24.com\/da\/wp-json\/wp\/v2\/product\/46412\/revisions\/180418"}],"wp:featuredmedia":[{"embeddable":true,"href":"https:\/\/www.versiegelung24.com\/da\/wp-json\/wp\/v2\/media\/21924"}],"wp:attachment":[{"href":"https:\/\/www.versiegelung24.com\/da\/wp-json\/wp\/v2\/media?parent=46412"}],"wp:term":[{"taxonomy":"product_brand","embeddable":true,"href":"https:\/\/www.versiegelung24.com\/da\/wp-json\/wp\/v2\/product_brand?post=46412"},{"taxonomy":"product_cat","embeddable":true,"href":"https:\/\/www.versiegelung24.com\/da\/wp-json\/wp\/v2\/product_cat?post=46412"},{"taxonomy":"product_tag","embeddable":true,"href":"https:\/\/www.versiegelung24.com\/da\/wp-json\/wp\/v2\/product_tag?post=46412"}],"curies":[{"name":"wp","href":"https:\/\/api.w.org\/{rel}","templated":true}]}}