{"id":62228,"date":"2022-02-06T23:03:40","date_gmt":"2022-02-06T22:03:46","guid":{"rendered":"https:\/\/www.versiegelung24.com\/?post_type=product&#038;p=62228"},"modified":"2025-01-05T17:33:34","modified_gmt":"2025-01-05T16:33:34","slug":"komplet-saet-premium-solsystem-fotovoltaisk-forsegling-med-ekstrem-holdbarhed-og-oegning-i-effektivitet","status":"publish","type":"product","link":"https:\/\/www.versiegelung24.com\/da\/komplet-saet-premium-solsystem-fotovoltaisk-forsegling-med-ekstrem-holdbarhed-og-oegning-i-effektivitet.html","title":{"rendered":"Komplet s\u00e6t til t\u00e6tning af solcelleanl\u00e6g \/ solcelleanl\u00e6g"},"content":{"rendered":"\n<p><strong>Komplet s\u00e6t best\u00e5ende af biologisk forrenser, bioethanol til fjernelse af fedt og h\u00f8jtydende nano-forsegling baseret p\u00e5 flydende glas<\/strong><\/p>\n\n<p><strong>Meget effektiv nano-coating til solsystemer, med lotuseffekt (vandafvisende)<\/strong><\/p>\n\n<p>H\u00f8j kvalitet lavet i Tyskland<\/p>\n\n<h4 class=\"wp-block-heading\" id=\"properties\">ejendomme<\/h4>\n\n<div class=\"wp-block-columns is-layout-flex wp-container-core-columns-is-layout-9d6595d7 wp-block-columns-is-layout-flex\">\n<div class=\"wp-block-column is-layout-flow wp-block-column-is-layout-flow\">\n<ul class=\"wp-block-list\">\n<li>Fremtidig teknologi med et usynligt beskyttende lag, cirka 100 nm (nanometer) &#8220;tykt&#8221;<\/li>\n\n\n\n<li>Beskytter overfladen<\/li>\n\n\n\n<li>Varme- og frostbestandig<\/li>\n\n\n\n<li>Modstandsdygtig over for havvand og salt (sur\/alkalisk 1,5 til 12,5 ph)<\/li>\n\n\n\n<li>Vand- og smudsafvisende<\/li>\n\n\n\n<li>Enkel og hurtig p\u00e5f\u00f8ring<\/li>\n\n\n\n<li>Anvendes ved +10\u00b0 til +30\u00b0C<\/li>\n\n\n\n<li>UV -stabil<\/li>\n\n\n\n<li>&#8220;Let-at-reng\u00f8re&#8221;-effekt (overflader er nemme at reng\u00f8re = sparer tid og penge, og noget snavs er allerede vasket af i regnen)<\/li>\n\n\n\n<li>Forbrug: ca 150 m\u00b2 med en liter<\/li>\n\n\n\n<li>Reducerer det \u00f8kologiske (CO2) fodaftryk ved reng\u00f8ring:\n<ul class=\"wp-block-list\">\n<li>Der kr\u00e6ves mindre vand<\/li>\n\n\n\n<li>Der kr\u00e6ves f\u00e6rre kemiske reng\u00f8ringsmidler<\/li>\n<\/ul>\n<\/li>\n<\/ul>\n<\/div>\n\n\n\n<div class=\"wp-block-column is-layout-flow wp-block-column-is-layout-flow\">\n<p><strong>Leveringsomfang:<\/strong><\/p>\n\n\n\n<ul class=\"wp-block-list\">\n<li>500 ml Biosativa\u00ae \u00f8kologisk rensekoncentrat 1:10 til forreng\u00f8ring<\/li>\n\n\n\n<li>1.000 ml isopropanol alkohol 99,9% til affedtning<\/li>\n\n\n\n<li>500 ml flydende glasforsegling 7601 (til ca. 75-100 m\u00b2)<\/li>\n\n\n\n<li>100 t\u00f8rreh\u00e5ndkl\u00e6der 25 x 16 cm til forreng\u00f8ring<\/li>\n\n\n\n<li>10 mikrofiberklude 10 x 10 cm til p\u00e5f\u00f8ringen<\/li>\n\n\n\n<li>5 mikrofiberklude 30 x 30 cm til polering<\/li>\n\n\n\n<li>10 engangs beskyttelseshandsker<\/li>\n<\/ul>\n<\/div>\n<\/div>\n\n<hr\/>\n\n<h4 class=\"wp-block-heading\" id=\"application\">Anvendelse<\/h4>\n\n<p>Enkel applikation<\/p>\n\n<ol class=\"wp-block-list\">\n<li>Forrens modulet meget godt med Biosativa (jo bedre forreng\u00f8ring, jo l\u00e6ngere holder t\u00e6tningen)<\/li>\n\n\n\n<li>Reng\u00f8r igen med sprit f\u00f8r forsegling<\/li>\n\n\n\n<li>P\u00e5f\u00f8r forsegling med en klud, poler &#8211; f\u00e6rdig.<\/li>\n<\/ol>\n\n<p><\/p>\n","protected":false},"excerpt":{"rendered":"<div class=\"column mcb-column mcb-item-mrk8thufa one column_column column-margin-0px\">\n<div class=\"column_attr clearfix\"><b>Fotovoltaiske moduler giver deres bedste udbytte under optimale forhold<\/b> <b>.<\/b> <\/div>\n<div class=\"column_attr clearfix\"><b>Med vores specielle t\u00e6tning forl\u00e6nger vi reng\u00f8ringscyklussen og forenkler reng\u00f8ringen betydeligt. <\/b><\/div>\n<div class=\"column_attr clearfix\"><b>Dette f\u00f8rer til et \u00f8get afkast af din investering.<\/b><\/div>\n<\/div>\n","protected":false},"featured_media":18499,"template":"","meta":{"_acf_changed":false,"neve_meta_sidebar":"","neve_meta_container":"","neve_meta_enable_content_width":"","neve_meta_content_width":0,"neve_meta_title_alignment":"","neve_meta_author_avatar":"","neve_post_elements_order":"","neve_meta_disable_header":"","neve_meta_disable_footer":"","neve_meta_disable_title":"","neve_meta_reading_time":"","_surfaces":[],"_ver_product_tabs":[],"footnotes":""},"product_brand":[],"product_cat":[2343],"product_tag":[],"class_list":{"0":"post-62228","1":"product","2":"type-product","3":"status-publish","4":"has-post-thumbnail","6":"product_cat-taetning-til-glas-og-keramik","8":"first","9":"instock","10":"taxable","11":"shipping-taxable","12":"purchasable","13":"product-type-simple"},"acf":[],"yoast_head":"<!-- This site is optimized with the Yoast SEO Premium plugin v22.8 (Yoast SEO v27.5) - https:\/\/yoast.com\/product\/yoast-seo-premium-wordpress\/ -->\n<title>Komplet s\u00e6t til t\u00e6tning af solcelleanl\u00e6g \/ solcelleanl\u00e6g - versiegelung24.com<\/title>\n<meta name=\"robots\" content=\"index, follow, max-snippet:-1, max-image-preview:large, max-video-preview:-1\" \/>\n<link rel=\"canonical\" href=\"https:\/\/www.versiegelung24.com\/da\/komplet-saet-premium-solsystem-fotovoltaisk-forsegling-med-ekstrem-holdbarhed-og-oegning-i-effektivitet.html\" \/>\n<meta property=\"og:locale\" content=\"da_DK\" \/>\n<meta property=\"og:type\" content=\"article\" \/>\n<meta property=\"og:title\" content=\"Komplet s\u00e6t til t\u00e6tning af solcelleanl\u00e6g \/ solcelleanl\u00e6g\" \/>\n<meta property=\"og:description\" content=\"Fotovoltaiske moduler giver deres bedste udbytte under optimale forhold . Med vores specielle t\u00e6tning forl\u00e6nger vi reng\u00f8ringscyklussen og forenkler reng\u00f8ringen betydeligt. Dette f\u00f8rer til et \u00f8get afkast af din investering.\" \/>\n<meta property=\"og:url\" content=\"https:\/\/www.versiegelung24.com\/da\/komplet-saet-premium-solsystem-fotovoltaisk-forsegling-med-ekstrem-holdbarhed-og-oegning-i-effektivitet.html\" \/>\n<meta property=\"og:site_name\" content=\"versiegelung24.com\" \/>\n<meta property=\"article:modified_time\" content=\"2025-01-05T16:33:34+00:00\" \/>\n<meta property=\"og:image\" content=\"https:\/\/www.versiegelung24.com\/wp-content\/uploads\/2020\/06\/produkt-7000-7601-1000-Solarversiegelung-scaled.jpg\" \/>\n\t<meta property=\"og:image:width\" content=\"2560\" \/>\n\t<meta property=\"og:image:height\" content=\"2560\" \/>\n\t<meta property=\"og:image:type\" content=\"image\/jpeg\" \/>\n<meta name=\"twitter:card\" content=\"summary_large_image\" \/>\n<meta name=\"twitter:label1\" content=\"Pris\" \/>\n\t<meta name=\"twitter:data1\" content=\"199,00&euro;\" \/>\n\t<meta name=\"twitter:label2\" content=\"Tilg\u00e6ngelighed\" \/>\n\t<meta name=\"twitter:data2\" content=\"P\u00e5 lager\" \/>\n<script type=\"application\/ld+json\" class=\"yoast-schema-graph\">{\"@context\":\"https:\\\/\\\/schema.org\",\"@graph\":[{\"@type\":\"WebPage\",\"@id\":\"https:\\\/\\\/www.versiegelung24.com\\\/da\\\/komplet-saet-premium-solsystem-fotovoltaisk-forsegling-med-ekstrem-holdbarhed-og-oegning-i-effektivitet.html\",\"url\":\"https:\\\/\\\/www.versiegelung24.com\\\/da\\\/komplet-saet-premium-solsystem-fotovoltaisk-forsegling-med-ekstrem-holdbarhed-og-oegning-i-effektivitet.html\",\"name\":\"Komplet s\u00e6t til t\u00e6tning af solcelleanl\u00e6g \\\/ solcelleanl\u00e6g - versiegelung24.com\",\"isPartOf\":{\"@id\":\"https:\\\/\\\/www.versiegelung24.com\\\/da\\\/#website\"},\"primaryImageOfPage\":{\"@id\":\"https:\\\/\\\/www.versiegelung24.com\\\/da\\\/komplet-saet-premium-solsystem-fotovoltaisk-forsegling-med-ekstrem-holdbarhed-og-oegning-i-effektivitet.html#primaryimage\"},\"image\":{\"@id\":\"https:\\\/\\\/www.versiegelung24.com\\\/da\\\/komplet-saet-premium-solsystem-fotovoltaisk-forsegling-med-ekstrem-holdbarhed-og-oegning-i-effektivitet.html#primaryimage\"},\"thumbnailUrl\":\"https:\\\/\\\/www.versiegelung24.com\\\/wp-content\\\/uploads\\\/2020\\\/06\\\/produkt-7000-7601-1000-Solarversiegelung-scaled.jpg\",\"datePublished\":\"2022-02-06T22:03:46+00:00\",\"dateModified\":\"2025-01-05T16:33:34+00:00\",\"breadcrumb\":{\"@id\":\"https:\\\/\\\/www.versiegelung24.com\\\/da\\\/komplet-saet-premium-solsystem-fotovoltaisk-forsegling-med-ekstrem-holdbarhed-og-oegning-i-effektivitet.html#breadcrumb\"},\"inLanguage\":\"da-DK\",\"potentialAction\":[{\"@type\":\"ReadAction\",\"target\":[\"https:\\\/\\\/www.versiegelung24.com\\\/da\\\/komplet-saet-premium-solsystem-fotovoltaisk-forsegling-med-ekstrem-holdbarhed-og-oegning-i-effektivitet.html\"]}]},{\"@type\":\"ImageObject\",\"inLanguage\":\"da-DK\",\"@id\":\"https:\\\/\\\/www.versiegelung24.com\\\/da\\\/komplet-saet-premium-solsystem-fotovoltaisk-forsegling-med-ekstrem-holdbarhed-og-oegning-i-effektivitet.html#primaryimage\",\"url\":\"https:\\\/\\\/www.versiegelung24.com\\\/wp-content\\\/uploads\\\/2020\\\/06\\\/produkt-7000-7601-1000-Solarversiegelung-scaled.jpg\",\"contentUrl\":\"https:\\\/\\\/www.versiegelung24.com\\\/wp-content\\\/uploads\\\/2020\\\/06\\\/produkt-7000-7601-1000-Solarversiegelung-scaled.jpg\",\"width\":2560,\"height\":2560},{\"@type\":\"BreadcrumbList\",\"@id\":\"https:\\\/\\\/www.versiegelung24.com\\\/da\\\/komplet-saet-premium-solsystem-fotovoltaisk-forsegling-med-ekstrem-holdbarhed-og-oegning-i-effektivitet.html#breadcrumb\",\"itemListElement\":[{\"@type\":\"ListItem\",\"position\":1,\"name\":\"Hjemmeside\",\"item\":\"https:\\\/\\\/www.versiegelung24.com\\\/da\\\/foran\\\/\"},{\"@type\":\"ListItem\",\"position\":2,\"name\":\"Butik\",\"item\":\"https:\\\/\\\/www.versiegelung24.com\\\/da\\\/butik\\\/\"},{\"@type\":\"ListItem\",\"position\":3,\"name\":\"Komplet s\u00e6t til t\u00e6tning af solcelleanl\u00e6g \\\/ solcelleanl\u00e6g\"}]},{\"@type\":\"WebSite\",\"@id\":\"https:\\\/\\\/www.versiegelung24.com\\\/da\\\/#website\",\"url\":\"https:\\\/\\\/www.versiegelung24.com\\\/da\\\/\",\"name\":\"versiegelung24.com\",\"description\":\"Fl\u00fcssigglas-Versiegelung - Made in Germany\",\"publisher\":{\"@id\":\"https:\\\/\\\/www.versiegelung24.com\\\/da\\\/#organization\"},\"potentialAction\":[{\"@type\":\"SearchAction\",\"target\":{\"@type\":\"EntryPoint\",\"urlTemplate\":\"https:\\\/\\\/www.versiegelung24.com\\\/da\\\/?s={search_term_string}\"},\"query-input\":{\"@type\":\"PropertyValueSpecification\",\"valueRequired\":true,\"valueName\":\"search_term_string\"}}],\"inLanguage\":\"da-DK\"},{\"@type\":\"Organization\",\"@id\":\"https:\\\/\\\/www.versiegelung24.com\\\/da\\\/#organization\",\"name\":\"versiegelung24\",\"url\":\"https:\\\/\\\/www.versiegelung24.com\\\/da\\\/\",\"logo\":{\"@type\":\"ImageObject\",\"inLanguage\":\"da-DK\",\"@id\":\"https:\\\/\\\/www.versiegelung24.com\\\/da\\\/#\\\/schema\\\/logo\\\/image\\\/\",\"url\":\"https:\\\/\\\/www.versiegelung24.com\\\/wp-content\\\/uploads\\\/2020\\\/04\\\/versiegelung24.png\",\"contentUrl\":\"https:\\\/\\\/www.versiegelung24.com\\\/wp-content\\\/uploads\\\/2020\\\/04\\\/versiegelung24.png\",\"width\":470,\"height\":102,\"caption\":\"versiegelung24\"},\"image\":{\"@id\":\"https:\\\/\\\/www.versiegelung24.com\\\/da\\\/#\\\/schema\\\/logo\\\/image\\\/\"}}]}<\/script>\n<meta property=\"product:price:amount\" content=\"199.00\" \/>\n<meta property=\"product:price:currency\" content=\"EUR\" \/>\n<meta property=\"og:availability\" content=\"instock\" \/>\n<meta property=\"product:availability\" content=\"instock\" \/>\n<meta property=\"product:retailer_item_id\" content=\"7005-5575-komplettset\" \/>\n<meta property=\"product:condition\" content=\"new\" \/>\n<!-- \/ Yoast SEO Premium plugin. -->","yoast_head_json":{"title":"Komplet s\u00e6t til t\u00e6tning af solcelleanl\u00e6g \/ solcelleanl\u00e6g - versiegelung24.com","robots":{"index":"index","follow":"follow","max-snippet":"max-snippet:-1","max-image-preview":"max-image-preview:large","max-video-preview":"max-video-preview:-1"},"canonical":"https:\/\/www.versiegelung24.com\/da\/komplet-saet-premium-solsystem-fotovoltaisk-forsegling-med-ekstrem-holdbarhed-og-oegning-i-effektivitet.html","og_locale":"da_DK","og_type":"article","og_title":"Komplet s\u00e6t til t\u00e6tning af solcelleanl\u00e6g \/ solcelleanl\u00e6g","og_description":"Fotovoltaiske moduler giver deres bedste udbytte under optimale forhold . Med vores specielle t\u00e6tning forl\u00e6nger vi reng\u00f8ringscyklussen og forenkler reng\u00f8ringen betydeligt. Dette f\u00f8rer til et \u00f8get afkast af din investering.","og_url":"https:\/\/www.versiegelung24.com\/da\/komplet-saet-premium-solsystem-fotovoltaisk-forsegling-med-ekstrem-holdbarhed-og-oegning-i-effektivitet.html","og_site_name":"versiegelung24.com","article_modified_time":"2025-01-05T16:33:34+00:00","og_image":[{"width":2560,"height":2560,"url":"https:\/\/www.versiegelung24.com\/wp-content\/uploads\/2020\/06\/produkt-7000-7601-1000-Solarversiegelung-scaled.jpg","type":"image\/jpeg"}],"twitter_card":"summary_large_image","twitter_misc":{"Pris":"199,00&euro;","Tilg\u00e6ngelighed":"P\u00e5 lager"},"schema":{"@context":"https:\/\/schema.org","@graph":[{"@type":"WebPage","@id":"https:\/\/www.versiegelung24.com\/da\/komplet-saet-premium-solsystem-fotovoltaisk-forsegling-med-ekstrem-holdbarhed-og-oegning-i-effektivitet.html","url":"https:\/\/www.versiegelung24.com\/da\/komplet-saet-premium-solsystem-fotovoltaisk-forsegling-med-ekstrem-holdbarhed-og-oegning-i-effektivitet.html","name":"Komplet s\u00e6t til t\u00e6tning af solcelleanl\u00e6g \/ solcelleanl\u00e6g - versiegelung24.com","isPartOf":{"@id":"https:\/\/www.versiegelung24.com\/da\/#website"},"primaryImageOfPage":{"@id":"https:\/\/www.versiegelung24.com\/da\/komplet-saet-premium-solsystem-fotovoltaisk-forsegling-med-ekstrem-holdbarhed-og-oegning-i-effektivitet.html#primaryimage"},"image":{"@id":"https:\/\/www.versiegelung24.com\/da\/komplet-saet-premium-solsystem-fotovoltaisk-forsegling-med-ekstrem-holdbarhed-og-oegning-i-effektivitet.html#primaryimage"},"thumbnailUrl":"https:\/\/www.versiegelung24.com\/wp-content\/uploads\/2020\/06\/produkt-7000-7601-1000-Solarversiegelung-scaled.jpg","datePublished":"2022-02-06T22:03:46+00:00","dateModified":"2025-01-05T16:33:34+00:00","breadcrumb":{"@id":"https:\/\/www.versiegelung24.com\/da\/komplet-saet-premium-solsystem-fotovoltaisk-forsegling-med-ekstrem-holdbarhed-og-oegning-i-effektivitet.html#breadcrumb"},"inLanguage":"da-DK","potentialAction":[{"@type":"ReadAction","target":["https:\/\/www.versiegelung24.com\/da\/komplet-saet-premium-solsystem-fotovoltaisk-forsegling-med-ekstrem-holdbarhed-og-oegning-i-effektivitet.html"]}]},{"@type":"ImageObject","inLanguage":"da-DK","@id":"https:\/\/www.versiegelung24.com\/da\/komplet-saet-premium-solsystem-fotovoltaisk-forsegling-med-ekstrem-holdbarhed-og-oegning-i-effektivitet.html#primaryimage","url":"https:\/\/www.versiegelung24.com\/wp-content\/uploads\/2020\/06\/produkt-7000-7601-1000-Solarversiegelung-scaled.jpg","contentUrl":"https:\/\/www.versiegelung24.com\/wp-content\/uploads\/2020\/06\/produkt-7000-7601-1000-Solarversiegelung-scaled.jpg","width":2560,"height":2560},{"@type":"BreadcrumbList","@id":"https:\/\/www.versiegelung24.com\/da\/komplet-saet-premium-solsystem-fotovoltaisk-forsegling-med-ekstrem-holdbarhed-og-oegning-i-effektivitet.html#breadcrumb","itemListElement":[{"@type":"ListItem","position":1,"name":"Hjemmeside","item":"https:\/\/www.versiegelung24.com\/da\/foran\/"},{"@type":"ListItem","position":2,"name":"Butik","item":"https:\/\/www.versiegelung24.com\/da\/butik\/"},{"@type":"ListItem","position":3,"name":"Komplet s\u00e6t til t\u00e6tning af solcelleanl\u00e6g \/ solcelleanl\u00e6g"}]},{"@type":"WebSite","@id":"https:\/\/www.versiegelung24.com\/da\/#website","url":"https:\/\/www.versiegelung24.com\/da\/","name":"versiegelung24.com","description":"Fl\u00fcssigglas-Versiegelung - Made in Germany","publisher":{"@id":"https:\/\/www.versiegelung24.com\/da\/#organization"},"potentialAction":[{"@type":"SearchAction","target":{"@type":"EntryPoint","urlTemplate":"https:\/\/www.versiegelung24.com\/da\/?s={search_term_string}"},"query-input":{"@type":"PropertyValueSpecification","valueRequired":true,"valueName":"search_term_string"}}],"inLanguage":"da-DK"},{"@type":"Organization","@id":"https:\/\/www.versiegelung24.com\/da\/#organization","name":"versiegelung24","url":"https:\/\/www.versiegelung24.com\/da\/","logo":{"@type":"ImageObject","inLanguage":"da-DK","@id":"https:\/\/www.versiegelung24.com\/da\/#\/schema\/logo\/image\/","url":"https:\/\/www.versiegelung24.com\/wp-content\/uploads\/2020\/04\/versiegelung24.png","contentUrl":"https:\/\/www.versiegelung24.com\/wp-content\/uploads\/2020\/04\/versiegelung24.png","width":470,"height":102,"caption":"versiegelung24"},"image":{"@id":"https:\/\/www.versiegelung24.com\/da\/#\/schema\/logo\/image\/"}}]},"product_price_amount":"199.00","product_price_currency":"EUR","og_availability":"instock","product_availability":"instock","product_retailer_item_id":"7005-5575-komplettset","product_condition":"new"},"_links":{"self":[{"href":"https:\/\/www.versiegelung24.com\/da\/wp-json\/wp\/v2\/product\/62228","targetHints":{"allow":["GET"]}}],"collection":[{"href":"https:\/\/www.versiegelung24.com\/da\/wp-json\/wp\/v2\/product"}],"about":[{"href":"https:\/\/www.versiegelung24.com\/da\/wp-json\/wp\/v2\/types\/product"}],"version-history":[{"count":13,"href":"https:\/\/www.versiegelung24.com\/da\/wp-json\/wp\/v2\/product\/62228\/revisions"}],"predecessor-version":[{"id":141139,"href":"https:\/\/www.versiegelung24.com\/da\/wp-json\/wp\/v2\/product\/62228\/revisions\/141139"}],"wp:featuredmedia":[{"embeddable":true,"href":"https:\/\/www.versiegelung24.com\/da\/wp-json\/wp\/v2\/media\/18499"}],"wp:attachment":[{"href":"https:\/\/www.versiegelung24.com\/da\/wp-json\/wp\/v2\/media?parent=62228"}],"wp:term":[{"taxonomy":"product_brand","embeddable":true,"href":"https:\/\/www.versiegelung24.com\/da\/wp-json\/wp\/v2\/product_brand?post=62228"},{"taxonomy":"product_cat","embeddable":true,"href":"https:\/\/www.versiegelung24.com\/da\/wp-json\/wp\/v2\/product_cat?post=62228"},{"taxonomy":"product_tag","embeddable":true,"href":"https:\/\/www.versiegelung24.com\/da\/wp-json\/wp\/v2\/product_tag?post=62228"}],"curies":[{"name":"wp","href":"https:\/\/api.w.org\/{rel}","templated":true}]}}