{"id":82312,"date":"2022-02-23T12:42:58","date_gmt":"2022-02-23T11:42:58","guid":{"rendered":"https:\/\/www.versiegelung24.com\/produkt\/gule-arbejdshandsker-i-nitril-med-strikkede-manchetter\/"},"modified":"2025-12-19T14:35:44","modified_gmt":"2025-12-19T13:35:44","slug":"arbejds-handsker-nitril-med-strikkede-manchetter-gul","status":"publish","type":"product","link":"https:\/\/www.versiegelung24.com\/da\/gule-arbejdshandsker-i-nitril-med-strikkede-manchetter.html","title":{"rendered":"Gule arbejdshandsker i nitril med strikkede manchetter"},"content":{"rendered":"\n<h4 class=\"wp-block-heading\" id=\"h-beschreibung\">Beskrivelse af<\/h4>\n\n<p>Universelle nitrilhandsker til t\u00f8rre eller v\u00e5de milj\u00f8er. Velegnet til arbejde med mellemstore risici og h\u00f8je krav til slid (h\u00e5ndv\u00e6rk, byggeri, udstillingsstandkonstruktion, bilindustri, maskinindustri, st\u00e5lindustri, glasindustri, f\u00f8devareindustri, landbrug osv.) EN 420 kategori II, EN 388<\/p>\n\n<hr \/>\n\n<h4 class=\"wp-block-heading\" id=\"properties\">Produktets egenskaber<\/h4>\n\n<div class=\"wp-block-columns is-layout-flex wp-container-core-columns-is-layout-9d6595d7 wp-block-columns-is-layout-flex\">\n<div class=\"wp-block-column is-layout-flow wp-block-column-is-layout-flow\">\n<p>\u2713 Belagt med gul nitril<\/p>\n\n\n\n<p>\u2713 H\u00e5ndryggen \u00e5ndbar<\/p>\n\n\n\n<p>\u2713 Ekstremt behagelig takket v\u00e6re den perfekte pasform<\/p>\n\n\n\n<p>\u2713 EN 420 Kategori II, EN 388<\/p>\n\n\n\n<p>\u2713 Slidstyrke: pr\u00e6stationsniveau 4<\/p>\n\n\n\n<p>\u2713 Sk\u00e6rmodstand: pr\u00e6stationsniveau 1<\/p>\n\n\n\n<p>\u2713 Rivestyrke: pr\u00e6stationsniveau 1<\/p>\n\n\n\n<p>\u2713 Punkteringskraft: effektniveau 1<\/p>\n\n\n\n<p>\u2713 St\u00f8rrelse: 9<\/p>\n<\/div>\n<\/div>\n","protected":false},"excerpt":{"rendered":"<div class=\"product_text_extra\">\n<p>\u2713 Belagt med gul nitril<\/p>\n<p>\u2713 H\u00e5ndryggen \u00e5ndbar<\/p>\n<p>\u2713 Ekstremt behagelig takket v\u00e6re den perfekte pasform<\/p>\n<p>\u2713 EN 420 Kategori II, EN 388<\/p>\n<p>\u2713 Slidstyrke: pr\u00e6stationsniveau 4<\/p>\n<\/div>\n","protected":false},"featured_media":82274,"template":"","meta":{"_acf_changed":false,"neve_meta_sidebar":"","neve_meta_container":"","neve_meta_enable_content_width":"","neve_meta_content_width":0,"neve_meta_title_alignment":"","neve_meta_author_avatar":"","neve_post_elements_order":"","neve_meta_disable_header":"","neve_meta_disable_footer":"","neve_meta_disable_title":"","neve_meta_reading_time":"","_surfaces":[],"_ver_product_tabs":[],"footnotes":""},"product_brand":[],"product_cat":[3069],"product_tag":[],"class_list":{"0":"post-82312","1":"product","2":"type-product","3":"status-publish","4":"has-post-thumbnail","6":"product_cat-udstyr","8":"first","9":"instock","10":"taxable","11":"shipping-taxable","12":"purchasable","13":"product-type-simple"},"acf":[],"yoast_head":"<!-- This site is optimized with the Yoast SEO Premium plugin v22.8 (Yoast SEO v27.5) - https:\/\/yoast.com\/product\/yoast-seo-premium-wordpress\/ -->\n<title>Gule arbejdshandsker i nitril med strikkede manchetter - versiegelung24.com<\/title>\n<meta name=\"robots\" content=\"index, follow, max-snippet:-1, max-image-preview:large, max-video-preview:-1\" \/>\n<link rel=\"canonical\" href=\"https:\/\/www.versiegelung24.com\/da\/gule-arbejdshandsker-i-nitril-med-strikkede-manchetter.html\" \/>\n<meta property=\"og:locale\" content=\"da_DK\" \/>\n<meta property=\"og:type\" content=\"article\" \/>\n<meta property=\"og:title\" content=\"Gule arbejdshandsker i nitril med strikkede manchetter\" \/>\n<meta property=\"og:description\" content=\"\u2713 Belagt med gul nitril \u2713 H\u00e5ndryggen \u00e5ndbar \u2713 Ekstremt behagelig takket v\u00e6re den perfekte pasform \u2713 EN 420 Kategori II, EN 388 \u2713 Slidstyrke: pr\u00e6stationsniveau 4\" \/>\n<meta property=\"og:url\" content=\"https:\/\/www.versiegelung24.com\/da\/gule-arbejdshandsker-i-nitril-med-strikkede-manchetter.html\" \/>\n<meta property=\"og:site_name\" content=\"versiegelung24.com\" \/>\n<meta property=\"article:modified_time\" content=\"2025-12-19T13:35:44+00:00\" \/>\n<meta name=\"twitter:card\" content=\"summary_large_image\" \/>\n<meta name=\"twitter:label1\" content=\"Pris\" \/>\n\t<meta name=\"twitter:data1\" content=\"2,69&euro;\" \/>\n\t<meta name=\"twitter:label2\" content=\"Tilg\u00e6ngelighed\" \/>\n\t<meta name=\"twitter:data2\" content=\"P\u00e5 lager\" \/>\n<script type=\"application\/ld+json\" class=\"yoast-schema-graph\">{\"@context\":\"https:\\\/\\\/schema.org\",\"@graph\":[{\"@type\":\"WebPage\",\"@id\":\"https:\\\/\\\/www.versiegelung24.com\\\/da\\\/gule-arbejdshandsker-i-nitril-med-strikkede-manchetter.html\",\"url\":\"https:\\\/\\\/www.versiegelung24.com\\\/da\\\/gule-arbejdshandsker-i-nitril-med-strikkede-manchetter.html\",\"name\":\"Gule arbejdshandsker i nitril med strikkede manchetter - versiegelung24.com\",\"isPartOf\":{\"@id\":\"https:\\\/\\\/www.versiegelung24.com\\\/da\\\/#website\"},\"primaryImageOfPage\":{\"@id\":\"https:\\\/\\\/www.versiegelung24.com\\\/da\\\/gule-arbejdshandsker-i-nitril-med-strikkede-manchetter.html#primaryimage\"},\"image\":{\"@id\":\"https:\\\/\\\/www.versiegelung24.com\\\/da\\\/gule-arbejdshandsker-i-nitril-med-strikkede-manchetter.html#primaryimage\"},\"thumbnailUrl\":\"https:\\\/\\\/www.versiegelung24.com\\\/wp-content\\\/uploads\\\/2022\\\/02\\\/produkt-v24-sb403-10-arbeitshandschuh.jpg\",\"datePublished\":\"2022-02-23T11:42:58+00:00\",\"dateModified\":\"2025-12-19T13:35:44+00:00\",\"breadcrumb\":{\"@id\":\"https:\\\/\\\/www.versiegelung24.com\\\/da\\\/gule-arbejdshandsker-i-nitril-med-strikkede-manchetter.html#breadcrumb\"},\"inLanguage\":\"da-DK\",\"potentialAction\":[{\"@type\":\"ReadAction\",\"target\":[\"https:\\\/\\\/www.versiegelung24.com\\\/da\\\/gule-arbejdshandsker-i-nitril-med-strikkede-manchetter.html\"]}]},{\"@type\":\"ImageObject\",\"inLanguage\":\"da-DK\",\"@id\":\"https:\\\/\\\/www.versiegelung24.com\\\/da\\\/gule-arbejdshandsker-i-nitril-med-strikkede-manchetter.html#primaryimage\",\"url\":\"https:\\\/\\\/www.versiegelung24.com\\\/wp-content\\\/uploads\\\/2022\\\/02\\\/produkt-v24-sb403-10-arbeitshandschuh.jpg\",\"contentUrl\":\"https:\\\/\\\/www.versiegelung24.com\\\/wp-content\\\/uploads\\\/2022\\\/02\\\/produkt-v24-sb403-10-arbeitshandschuh.jpg\",\"width\":2000,\"height\":2000},{\"@type\":\"BreadcrumbList\",\"@id\":\"https:\\\/\\\/www.versiegelung24.com\\\/da\\\/gule-arbejdshandsker-i-nitril-med-strikkede-manchetter.html#breadcrumb\",\"itemListElement\":[{\"@type\":\"ListItem\",\"position\":1,\"name\":\"Hjemmeside\",\"item\":\"https:\\\/\\\/www.versiegelung24.com\\\/da\\\/foran\\\/\"},{\"@type\":\"ListItem\",\"position\":2,\"name\":\"Butik\",\"item\":\"https:\\\/\\\/www.versiegelung24.com\\\/da\\\/butik\\\/\"},{\"@type\":\"ListItem\",\"position\":3,\"name\":\"Gule arbejdshandsker i nitril med strikkede manchetter\"}]},{\"@type\":\"WebSite\",\"@id\":\"https:\\\/\\\/www.versiegelung24.com\\\/da\\\/#website\",\"url\":\"https:\\\/\\\/www.versiegelung24.com\\\/da\\\/\",\"name\":\"versiegelung24.com\",\"description\":\"Fl\u00fcssigglas-Versiegelung - Made in Germany\",\"publisher\":{\"@id\":\"https:\\\/\\\/www.versiegelung24.com\\\/da\\\/#organization\"},\"potentialAction\":[{\"@type\":\"SearchAction\",\"target\":{\"@type\":\"EntryPoint\",\"urlTemplate\":\"https:\\\/\\\/www.versiegelung24.com\\\/da\\\/?s={search_term_string}\"},\"query-input\":{\"@type\":\"PropertyValueSpecification\",\"valueRequired\":true,\"valueName\":\"search_term_string\"}}],\"inLanguage\":\"da-DK\"},{\"@type\":\"Organization\",\"@id\":\"https:\\\/\\\/www.versiegelung24.com\\\/da\\\/#organization\",\"name\":\"versiegelung24\",\"url\":\"https:\\\/\\\/www.versiegelung24.com\\\/da\\\/\",\"logo\":{\"@type\":\"ImageObject\",\"inLanguage\":\"da-DK\",\"@id\":\"https:\\\/\\\/www.versiegelung24.com\\\/da\\\/#\\\/schema\\\/logo\\\/image\\\/\",\"url\":\"https:\\\/\\\/www.versiegelung24.com\\\/wp-content\\\/uploads\\\/2020\\\/04\\\/versiegelung24.png\",\"contentUrl\":\"https:\\\/\\\/www.versiegelung24.com\\\/wp-content\\\/uploads\\\/2020\\\/04\\\/versiegelung24.png\",\"width\":470,\"height\":102,\"caption\":\"versiegelung24\"},\"image\":{\"@id\":\"https:\\\/\\\/www.versiegelung24.com\\\/da\\\/#\\\/schema\\\/logo\\\/image\\\/\"}}]}<\/script>\n<meta property=\"product:price:amount\" content=\"2.69\" \/>\n<meta property=\"product:price:currency\" content=\"EUR\" \/>\n<meta property=\"og:availability\" content=\"instock\" \/>\n<meta property=\"product:availability\" content=\"instock\" \/>\n<meta property=\"product:retailer_item_id\" content=\"V24-SB403-10\" \/>\n<meta property=\"product:condition\" content=\"new\" \/>\n<!-- \/ Yoast SEO Premium plugin. -->","yoast_head_json":{"title":"Gule arbejdshandsker i nitril med strikkede manchetter - versiegelung24.com","robots":{"index":"index","follow":"follow","max-snippet":"max-snippet:-1","max-image-preview":"max-image-preview:large","max-video-preview":"max-video-preview:-1"},"canonical":"https:\/\/www.versiegelung24.com\/da\/gule-arbejdshandsker-i-nitril-med-strikkede-manchetter.html","og_locale":"da_DK","og_type":"article","og_title":"Gule arbejdshandsker i nitril med strikkede manchetter","og_description":"\u2713 Belagt med gul nitril \u2713 H\u00e5ndryggen \u00e5ndbar \u2713 Ekstremt behagelig takket v\u00e6re den perfekte pasform \u2713 EN 420 Kategori II, EN 388 \u2713 Slidstyrke: pr\u00e6stationsniveau 4","og_url":"https:\/\/www.versiegelung24.com\/da\/gule-arbejdshandsker-i-nitril-med-strikkede-manchetter.html","og_site_name":"versiegelung24.com","article_modified_time":"2025-12-19T13:35:44+00:00","twitter_card":"summary_large_image","twitter_misc":{"Pris":"2,69&euro;","Tilg\u00e6ngelighed":"P\u00e5 lager"},"schema":{"@context":"https:\/\/schema.org","@graph":[{"@type":"WebPage","@id":"https:\/\/www.versiegelung24.com\/da\/gule-arbejdshandsker-i-nitril-med-strikkede-manchetter.html","url":"https:\/\/www.versiegelung24.com\/da\/gule-arbejdshandsker-i-nitril-med-strikkede-manchetter.html","name":"Gule arbejdshandsker i nitril med strikkede manchetter - versiegelung24.com","isPartOf":{"@id":"https:\/\/www.versiegelung24.com\/da\/#website"},"primaryImageOfPage":{"@id":"https:\/\/www.versiegelung24.com\/da\/gule-arbejdshandsker-i-nitril-med-strikkede-manchetter.html#primaryimage"},"image":{"@id":"https:\/\/www.versiegelung24.com\/da\/gule-arbejdshandsker-i-nitril-med-strikkede-manchetter.html#primaryimage"},"thumbnailUrl":"https:\/\/www.versiegelung24.com\/wp-content\/uploads\/2022\/02\/produkt-v24-sb403-10-arbeitshandschuh.jpg","datePublished":"2022-02-23T11:42:58+00:00","dateModified":"2025-12-19T13:35:44+00:00","breadcrumb":{"@id":"https:\/\/www.versiegelung24.com\/da\/gule-arbejdshandsker-i-nitril-med-strikkede-manchetter.html#breadcrumb"},"inLanguage":"da-DK","potentialAction":[{"@type":"ReadAction","target":["https:\/\/www.versiegelung24.com\/da\/gule-arbejdshandsker-i-nitril-med-strikkede-manchetter.html"]}]},{"@type":"ImageObject","inLanguage":"da-DK","@id":"https:\/\/www.versiegelung24.com\/da\/gule-arbejdshandsker-i-nitril-med-strikkede-manchetter.html#primaryimage","url":"https:\/\/www.versiegelung24.com\/wp-content\/uploads\/2022\/02\/produkt-v24-sb403-10-arbeitshandschuh.jpg","contentUrl":"https:\/\/www.versiegelung24.com\/wp-content\/uploads\/2022\/02\/produkt-v24-sb403-10-arbeitshandschuh.jpg","width":2000,"height":2000},{"@type":"BreadcrumbList","@id":"https:\/\/www.versiegelung24.com\/da\/gule-arbejdshandsker-i-nitril-med-strikkede-manchetter.html#breadcrumb","itemListElement":[{"@type":"ListItem","position":1,"name":"Hjemmeside","item":"https:\/\/www.versiegelung24.com\/da\/foran\/"},{"@type":"ListItem","position":2,"name":"Butik","item":"https:\/\/www.versiegelung24.com\/da\/butik\/"},{"@type":"ListItem","position":3,"name":"Gule arbejdshandsker i nitril med strikkede manchetter"}]},{"@type":"WebSite","@id":"https:\/\/www.versiegelung24.com\/da\/#website","url":"https:\/\/www.versiegelung24.com\/da\/","name":"versiegelung24.com","description":"Fl\u00fcssigglas-Versiegelung - Made in Germany","publisher":{"@id":"https:\/\/www.versiegelung24.com\/da\/#organization"},"potentialAction":[{"@type":"SearchAction","target":{"@type":"EntryPoint","urlTemplate":"https:\/\/www.versiegelung24.com\/da\/?s={search_term_string}"},"query-input":{"@type":"PropertyValueSpecification","valueRequired":true,"valueName":"search_term_string"}}],"inLanguage":"da-DK"},{"@type":"Organization","@id":"https:\/\/www.versiegelung24.com\/da\/#organization","name":"versiegelung24","url":"https:\/\/www.versiegelung24.com\/da\/","logo":{"@type":"ImageObject","inLanguage":"da-DK","@id":"https:\/\/www.versiegelung24.com\/da\/#\/schema\/logo\/image\/","url":"https:\/\/www.versiegelung24.com\/wp-content\/uploads\/2020\/04\/versiegelung24.png","contentUrl":"https:\/\/www.versiegelung24.com\/wp-content\/uploads\/2020\/04\/versiegelung24.png","width":470,"height":102,"caption":"versiegelung24"},"image":{"@id":"https:\/\/www.versiegelung24.com\/da\/#\/schema\/logo\/image\/"}}]},"product_price_amount":"2.69","product_price_currency":"EUR","og_availability":"instock","product_availability":"instock","product_retailer_item_id":"V24-SB403-10","product_condition":"new"},"_links":{"self":[{"href":"https:\/\/www.versiegelung24.com\/da\/wp-json\/wp\/v2\/product\/82312","targetHints":{"allow":["GET"]}}],"collection":[{"href":"https:\/\/www.versiegelung24.com\/da\/wp-json\/wp\/v2\/product"}],"about":[{"href":"https:\/\/www.versiegelung24.com\/da\/wp-json\/wp\/v2\/types\/product"}],"version-history":[{"count":10,"href":"https:\/\/www.versiegelung24.com\/da\/wp-json\/wp\/v2\/product\/82312\/revisions"}],"predecessor-version":[{"id":180744,"href":"https:\/\/www.versiegelung24.com\/da\/wp-json\/wp\/v2\/product\/82312\/revisions\/180744"}],"wp:featuredmedia":[{"embeddable":true,"href":"https:\/\/www.versiegelung24.com\/da\/wp-json\/wp\/v2\/media\/82274"}],"wp:attachment":[{"href":"https:\/\/www.versiegelung24.com\/da\/wp-json\/wp\/v2\/media?parent=82312"}],"wp:term":[{"taxonomy":"product_brand","embeddable":true,"href":"https:\/\/www.versiegelung24.com\/da\/wp-json\/wp\/v2\/product_brand?post=82312"},{"taxonomy":"product_cat","embeddable":true,"href":"https:\/\/www.versiegelung24.com\/da\/wp-json\/wp\/v2\/product_cat?post=82312"},{"taxonomy":"product_tag","embeddable":true,"href":"https:\/\/www.versiegelung24.com\/da\/wp-json\/wp\/v2\/product_tag?post=82312"}],"curies":[{"name":"wp","href":"https:\/\/api.w.org\/{rel}","templated":true}]}}