{"id":93731,"date":"2022-10-21T16:49:10","date_gmt":"2022-10-21T14:49:10","guid":{"rendered":"https:\/\/www.versiegelung24.com\/?post_type=product&#038;p=93731"},"modified":"2025-03-31T14:58:19","modified_gmt":"2025-03-31T12:58:19","slug":"ansoegning-svamp-95x40x23mm","status":"publish","type":"product","link":"https:\/\/www.versiegelung24.com\/da\/ansoegning-svamp-95x40x23mm.html","title":{"rendered":"Anvendelse Svamp 95x40x23mm"},"content":{"rendered":"\n<p>Svamp til p\u00e5f\u00f8ring  <\/p>\n\n<p>Ideel til brug i kombination med vores <a href=\"https:\/\/www.versiegelung24.com\/applikationstuch-20x20cm.html\">mikrofiberklud til p\u00e5f\u00f8ring af vores flydende glasforseglingsmidler<\/a>.<\/p>\n\n<p>Vi anbefaler, at du bruger en separat mikrofiberklud til hvert trin i p\u00e5f\u00f8ringen af vores overfladeforseglinger og impr\u00e6gneringer.<\/p>\n\n<p>Ved at bruge p\u00e5f\u00f8ringssvampen i kombination med vores mikrofiberklude er det muligt at dosere og optimere p\u00e5f\u00f8ringen eller poleringen afh\u00e6ngigt af svampens side, overfladens tilstand og det anvendte tryk.<\/p>\n\n<hr \/>\n\n<h4 class=\"wp-block-heading\" id=\"properties\">Produktets egenskaber<\/h4>\n\n<div class=\"wp-block-columns is-layout-flex wp-container-core-columns-is-layout-9d6595d7 wp-block-columns-is-layout-flex\">\n<div class=\"wp-block-column is-layout-flow wp-block-column-is-layout-flow\">\n<p>Svamp til p\u00e5f\u00f8ring og polering St\u00f8rrelse: 95 x 40 x 23 mm  <\/p>\n<\/div>\n\n\n\n<div class=\"wp-block-column is-layout-flow wp-block-column-is-layout-flow\">\n<p>\u00d8verste lag h\u00e5rdt 5mm hvid XPE 3000-33 Mellemste lag bl\u00f8dt 18mm S2145 bl\u00e5<\/p>\n<\/div>\n<\/div>\n\n<hr \/>\n\n<h4 class=\"wp-block-heading\" id=\"application\">Anvendelse<\/h4>\n\n<p>Til p\u00e5f\u00f8ring af vores forseglingsmidler p\u00e5 glatte, ikke-absorberende overflader anbefaler vi kombinationen med vores <a href=\"https:\/\/www.versiegelung24.com\/applikationstuch-20x20cm.html\">mikrofiberklud til p\u00e5f\u00f8ring af vores flydende glasforseglingsmidler<\/a>. L\u00e6g mikrofiberkluden p\u00e5 den hvide h\u00e5rde side til p\u00e5f\u00f8ring af fugemassen, og p\u00e5f\u00f8r fugemassen i henhold til de respektive p\u00e5f\u00f8ringsanvisninger.<\/p>\n\n<p>Til efterpolering med vores <a href=\"https:\/\/www.versiegelung24.com\/da\/mikrofiberklud-30x30cm-til-forrensning-eller-polering.html\">mikrofiberklud 30x30cm til forrensning eller polering<\/a> skal du ogs\u00e5 placere kluden p\u00e5 svampen og bruge den h\u00e5rde eller bl\u00f8de side af svampen, afh\u00e6ngigt af overfladens tilstand og behov, for at skabe et j\u00e6vnt tryk p\u00e5 en forst\u00f8rret overflade.<\/p>\n","protected":false},"excerpt":{"rendered":"<p><strong>Svamp til p\u00e5f\u00f8ring af fugemasser<\/strong><\/p>\n<p>\u2713 Genanvendelig<\/p>\n<p>\u2713 Milj\u00f8venlig<\/p>\n<p>\u2713 Praktisk<\/p>\n<p>\u2713 H\u00e5rd og bl\u00f8d side<\/p>\n<p>\u2713 95x40x23mm<\/p>\n<p>&nbsp;<\/p>\n","protected":false},"featured_media":13255,"template":"","meta":{"_acf_changed":false,"neve_meta_sidebar":"","neve_meta_container":"","neve_meta_enable_content_width":"","neve_meta_content_width":0,"neve_meta_title_alignment":"","neve_meta_author_avatar":"","neve_post_elements_order":"","neve_meta_disable_header":"","neve_meta_disable_footer":"","neve_meta_disable_title":"","neve_meta_reading_time":"","_surfaces":[],"_ver_product_tabs":[],"footnotes":""},"product_brand":[],"product_cat":[2487,3069,2164,2343,2358,2449,2456],"product_tag":[],"class_list":{"0":"post-93731","1":"product","2":"type-product","3":"status-publish","4":"has-post-thumbnail","6":"product_cat-universal-taetning","7":"product_cat-udstyr","8":"product_cat-bilforsegling","9":"product_cat-taetning-til-glas-og-keramik","10":"product_cat-overflade-desinfektionsmidler","11":"product_cat-metal-plast-forsegling","12":"product_cat-rengorings-midler","14":"first","15":"instock","16":"taxable","17":"shipping-taxable","18":"purchasable","19":"product-type-simple"},"acf":[],"yoast_head":"<!-- This site is optimized with the Yoast SEO Premium plugin v22.8 (Yoast SEO v27.5) - https:\/\/yoast.com\/product\/yoast-seo-premium-wordpress\/ -->\n<title>Anvendelse Svamp 95x40x23mm - versiegelung24.com<\/title>\n<meta name=\"description\" content=\"P\u00e5f\u00f8ringssvamp - Ideel til p\u00e5f\u00f8ring af vores fugemasser. En allrounder i kombination med vores mikrofiberklude.\" \/>\n<meta name=\"robots\" content=\"index, follow, max-snippet:-1, max-image-preview:large, max-video-preview:-1\" \/>\n<link rel=\"canonical\" href=\"https:\/\/www.versiegelung24.com\/da\/ansoegning-svamp-95x40x23mm.html\" \/>\n<meta property=\"og:locale\" content=\"da_DK\" \/>\n<meta property=\"og:type\" content=\"article\" \/>\n<meta property=\"og:title\" content=\"Anvendelse Svamp 95x40x23mm\" \/>\n<meta property=\"og:description\" content=\"P\u00e5f\u00f8ringssvamp - Ideel til p\u00e5f\u00f8ring af vores fugemasser. En allrounder i kombination med vores mikrofiberklude.\" \/>\n<meta property=\"og:url\" content=\"https:\/\/www.versiegelung24.com\/da\/ansoegning-svamp-95x40x23mm.html\" \/>\n<meta property=\"og:site_name\" content=\"versiegelung24.com\" \/>\n<meta property=\"article:modified_time\" content=\"2025-03-31T12:58:19+00:00\" \/>\n<meta property=\"og:image\" content=\"https:\/\/www.versiegelung24.com\/wp-content\/uploads\/2020\/04\/mikrofasertuch.png\" \/>\n\t<meta property=\"og:image:width\" content=\"1000\" \/>\n\t<meta property=\"og:image:height\" content=\"1000\" \/>\n\t<meta property=\"og:image:type\" content=\"image\/png\" \/>\n<meta name=\"twitter:card\" content=\"summary_large_image\" \/>\n<meta name=\"twitter:label1\" content=\"Pris\" \/>\n\t<meta name=\"twitter:data1\" content=\"1,99&euro;\" \/>\n\t<meta name=\"twitter:label2\" content=\"Tilg\u00e6ngelighed\" \/>\n\t<meta name=\"twitter:data2\" content=\"P\u00e5 lager\" \/>\n<script type=\"application\/ld+json\" class=\"yoast-schema-graph\">{\"@context\":\"https:\\\/\\\/schema.org\",\"@graph\":[{\"@type\":\"WebPage\",\"@id\":\"https:\\\/\\\/www.versiegelung24.com\\\/da\\\/ansoegning-svamp-95x40x23mm.html\",\"url\":\"https:\\\/\\\/www.versiegelung24.com\\\/da\\\/ansoegning-svamp-95x40x23mm.html\",\"name\":\"Anvendelse Svamp 95x40x23mm - versiegelung24.com\",\"isPartOf\":{\"@id\":\"https:\\\/\\\/www.versiegelung24.com\\\/da\\\/#website\"},\"primaryImageOfPage\":{\"@id\":\"https:\\\/\\\/www.versiegelung24.com\\\/da\\\/ansoegning-svamp-95x40x23mm.html#primaryimage\"},\"image\":{\"@id\":\"https:\\\/\\\/www.versiegelung24.com\\\/da\\\/ansoegning-svamp-95x40x23mm.html#primaryimage\"},\"thumbnailUrl\":\"https:\\\/\\\/www.versiegelung24.com\\\/wp-content\\\/uploads\\\/2020\\\/04\\\/mikrofasertuch.png\",\"datePublished\":\"2022-10-21T14:49:10+00:00\",\"dateModified\":\"2025-03-31T12:58:19+00:00\",\"description\":\"P\u00e5f\u00f8ringssvamp - Ideel til p\u00e5f\u00f8ring af vores fugemasser. En allrounder i kombination med vores mikrofiberklude.\",\"breadcrumb\":{\"@id\":\"https:\\\/\\\/www.versiegelung24.com\\\/da\\\/ansoegning-svamp-95x40x23mm.html#breadcrumb\"},\"inLanguage\":\"da-DK\",\"potentialAction\":[{\"@type\":\"ReadAction\",\"target\":[\"https:\\\/\\\/www.versiegelung24.com\\\/da\\\/ansoegning-svamp-95x40x23mm.html\"]}]},{\"@type\":\"ImageObject\",\"inLanguage\":\"da-DK\",\"@id\":\"https:\\\/\\\/www.versiegelung24.com\\\/da\\\/ansoegning-svamp-95x40x23mm.html#primaryimage\",\"url\":\"https:\\\/\\\/www.versiegelung24.com\\\/wp-content\\\/uploads\\\/2020\\\/04\\\/mikrofasertuch.png\",\"contentUrl\":\"https:\\\/\\\/www.versiegelung24.com\\\/wp-content\\\/uploads\\\/2020\\\/04\\\/mikrofasertuch.png\",\"width\":1000,\"height\":1000},{\"@type\":\"BreadcrumbList\",\"@id\":\"https:\\\/\\\/www.versiegelung24.com\\\/da\\\/ansoegning-svamp-95x40x23mm.html#breadcrumb\",\"itemListElement\":[{\"@type\":\"ListItem\",\"position\":1,\"name\":\"Hjemmeside\",\"item\":\"https:\\\/\\\/www.versiegelung24.com\\\/da\\\/foran\\\/\"},{\"@type\":\"ListItem\",\"position\":2,\"name\":\"Butik\",\"item\":\"https:\\\/\\\/www.versiegelung24.com\\\/da\\\/butik\\\/\"},{\"@type\":\"ListItem\",\"position\":3,\"name\":\"Anvendelse Svamp 95x40x23mm\"}]},{\"@type\":\"WebSite\",\"@id\":\"https:\\\/\\\/www.versiegelung24.com\\\/da\\\/#website\",\"url\":\"https:\\\/\\\/www.versiegelung24.com\\\/da\\\/\",\"name\":\"versiegelung24.com\",\"description\":\"Fl\u00fcssigglas-Versiegelung - Made in Germany\",\"publisher\":{\"@id\":\"https:\\\/\\\/www.versiegelung24.com\\\/da\\\/#organization\"},\"potentialAction\":[{\"@type\":\"SearchAction\",\"target\":{\"@type\":\"EntryPoint\",\"urlTemplate\":\"https:\\\/\\\/www.versiegelung24.com\\\/da\\\/?s={search_term_string}\"},\"query-input\":{\"@type\":\"PropertyValueSpecification\",\"valueRequired\":true,\"valueName\":\"search_term_string\"}}],\"inLanguage\":\"da-DK\"},{\"@type\":\"Organization\",\"@id\":\"https:\\\/\\\/www.versiegelung24.com\\\/da\\\/#organization\",\"name\":\"versiegelung24\",\"url\":\"https:\\\/\\\/www.versiegelung24.com\\\/da\\\/\",\"logo\":{\"@type\":\"ImageObject\",\"inLanguage\":\"da-DK\",\"@id\":\"https:\\\/\\\/www.versiegelung24.com\\\/da\\\/#\\\/schema\\\/logo\\\/image\\\/\",\"url\":\"https:\\\/\\\/www.versiegelung24.com\\\/wp-content\\\/uploads\\\/2020\\\/04\\\/versiegelung24.png\",\"contentUrl\":\"https:\\\/\\\/www.versiegelung24.com\\\/wp-content\\\/uploads\\\/2020\\\/04\\\/versiegelung24.png\",\"width\":470,\"height\":102,\"caption\":\"versiegelung24\"},\"image\":{\"@id\":\"https:\\\/\\\/www.versiegelung24.com\\\/da\\\/#\\\/schema\\\/logo\\\/image\\\/\"}}]}<\/script>\n<meta property=\"product:price:amount\" content=\"1.99\" \/>\n<meta property=\"product:price:currency\" content=\"EUR\" \/>\n<meta property=\"og:availability\" content=\"instock\" \/>\n<meta property=\"product:availability\" content=\"instock\" \/>\n<meta property=\"product:retailer_item_id\" content=\"V24-9010-1\" \/>\n<meta property=\"product:condition\" content=\"new\" \/>\n<!-- \/ Yoast SEO Premium plugin. -->","yoast_head_json":{"title":"Anvendelse Svamp 95x40x23mm - versiegelung24.com","description":"P\u00e5f\u00f8ringssvamp - Ideel til p\u00e5f\u00f8ring af vores fugemasser. En allrounder i kombination med vores mikrofiberklude.","robots":{"index":"index","follow":"follow","max-snippet":"max-snippet:-1","max-image-preview":"max-image-preview:large","max-video-preview":"max-video-preview:-1"},"canonical":"https:\/\/www.versiegelung24.com\/da\/ansoegning-svamp-95x40x23mm.html","og_locale":"da_DK","og_type":"article","og_title":"Anvendelse Svamp 95x40x23mm","og_description":"P\u00e5f\u00f8ringssvamp - Ideel til p\u00e5f\u00f8ring af vores fugemasser. En allrounder i kombination med vores mikrofiberklude.","og_url":"https:\/\/www.versiegelung24.com\/da\/ansoegning-svamp-95x40x23mm.html","og_site_name":"versiegelung24.com","article_modified_time":"2025-03-31T12:58:19+00:00","og_image":[{"width":1000,"height":1000,"url":"https:\/\/www.versiegelung24.com\/wp-content\/uploads\/2020\/04\/mikrofasertuch.png","type":"image\/png"}],"twitter_card":"summary_large_image","twitter_misc":{"Pris":"1,99&euro;","Tilg\u00e6ngelighed":"P\u00e5 lager"},"schema":{"@context":"https:\/\/schema.org","@graph":[{"@type":"WebPage","@id":"https:\/\/www.versiegelung24.com\/da\/ansoegning-svamp-95x40x23mm.html","url":"https:\/\/www.versiegelung24.com\/da\/ansoegning-svamp-95x40x23mm.html","name":"Anvendelse Svamp 95x40x23mm - versiegelung24.com","isPartOf":{"@id":"https:\/\/www.versiegelung24.com\/da\/#website"},"primaryImageOfPage":{"@id":"https:\/\/www.versiegelung24.com\/da\/ansoegning-svamp-95x40x23mm.html#primaryimage"},"image":{"@id":"https:\/\/www.versiegelung24.com\/da\/ansoegning-svamp-95x40x23mm.html#primaryimage"},"thumbnailUrl":"https:\/\/www.versiegelung24.com\/wp-content\/uploads\/2020\/04\/mikrofasertuch.png","datePublished":"2022-10-21T14:49:10+00:00","dateModified":"2025-03-31T12:58:19+00:00","description":"P\u00e5f\u00f8ringssvamp - Ideel til p\u00e5f\u00f8ring af vores fugemasser. En allrounder i kombination med vores mikrofiberklude.","breadcrumb":{"@id":"https:\/\/www.versiegelung24.com\/da\/ansoegning-svamp-95x40x23mm.html#breadcrumb"},"inLanguage":"da-DK","potentialAction":[{"@type":"ReadAction","target":["https:\/\/www.versiegelung24.com\/da\/ansoegning-svamp-95x40x23mm.html"]}]},{"@type":"ImageObject","inLanguage":"da-DK","@id":"https:\/\/www.versiegelung24.com\/da\/ansoegning-svamp-95x40x23mm.html#primaryimage","url":"https:\/\/www.versiegelung24.com\/wp-content\/uploads\/2020\/04\/mikrofasertuch.png","contentUrl":"https:\/\/www.versiegelung24.com\/wp-content\/uploads\/2020\/04\/mikrofasertuch.png","width":1000,"height":1000},{"@type":"BreadcrumbList","@id":"https:\/\/www.versiegelung24.com\/da\/ansoegning-svamp-95x40x23mm.html#breadcrumb","itemListElement":[{"@type":"ListItem","position":1,"name":"Hjemmeside","item":"https:\/\/www.versiegelung24.com\/da\/foran\/"},{"@type":"ListItem","position":2,"name":"Butik","item":"https:\/\/www.versiegelung24.com\/da\/butik\/"},{"@type":"ListItem","position":3,"name":"Anvendelse Svamp 95x40x23mm"}]},{"@type":"WebSite","@id":"https:\/\/www.versiegelung24.com\/da\/#website","url":"https:\/\/www.versiegelung24.com\/da\/","name":"versiegelung24.com","description":"Fl\u00fcssigglas-Versiegelung - Made in Germany","publisher":{"@id":"https:\/\/www.versiegelung24.com\/da\/#organization"},"potentialAction":[{"@type":"SearchAction","target":{"@type":"EntryPoint","urlTemplate":"https:\/\/www.versiegelung24.com\/da\/?s={search_term_string}"},"query-input":{"@type":"PropertyValueSpecification","valueRequired":true,"valueName":"search_term_string"}}],"inLanguage":"da-DK"},{"@type":"Organization","@id":"https:\/\/www.versiegelung24.com\/da\/#organization","name":"versiegelung24","url":"https:\/\/www.versiegelung24.com\/da\/","logo":{"@type":"ImageObject","inLanguage":"da-DK","@id":"https:\/\/www.versiegelung24.com\/da\/#\/schema\/logo\/image\/","url":"https:\/\/www.versiegelung24.com\/wp-content\/uploads\/2020\/04\/versiegelung24.png","contentUrl":"https:\/\/www.versiegelung24.com\/wp-content\/uploads\/2020\/04\/versiegelung24.png","width":470,"height":102,"caption":"versiegelung24"},"image":{"@id":"https:\/\/www.versiegelung24.com\/da\/#\/schema\/logo\/image\/"}}]},"product_price_amount":"1.99","product_price_currency":"EUR","og_availability":"instock","product_availability":"instock","product_retailer_item_id":"V24-9010-1","product_condition":"new"},"_links":{"self":[{"href":"https:\/\/www.versiegelung24.com\/da\/wp-json\/wp\/v2\/product\/93731","targetHints":{"allow":["GET"]}}],"collection":[{"href":"https:\/\/www.versiegelung24.com\/da\/wp-json\/wp\/v2\/product"}],"about":[{"href":"https:\/\/www.versiegelung24.com\/da\/wp-json\/wp\/v2\/types\/product"}],"version-history":[{"count":11,"href":"https:\/\/www.versiegelung24.com\/da\/wp-json\/wp\/v2\/product\/93731\/revisions"}],"predecessor-version":[{"id":180662,"href":"https:\/\/www.versiegelung24.com\/da\/wp-json\/wp\/v2\/product\/93731\/revisions\/180662"}],"wp:featuredmedia":[{"embeddable":true,"href":"https:\/\/www.versiegelung24.com\/da\/wp-json\/wp\/v2\/media\/13255"}],"wp:attachment":[{"href":"https:\/\/www.versiegelung24.com\/da\/wp-json\/wp\/v2\/media?parent=93731"}],"wp:term":[{"taxonomy":"product_brand","embeddable":true,"href":"https:\/\/www.versiegelung24.com\/da\/wp-json\/wp\/v2\/product_brand?post=93731"},{"taxonomy":"product_cat","embeddable":true,"href":"https:\/\/www.versiegelung24.com\/da\/wp-json\/wp\/v2\/product_cat?post=93731"},{"taxonomy":"product_tag","embeddable":true,"href":"https:\/\/www.versiegelung24.com\/da\/wp-json\/wp\/v2\/product_tag?post=93731"}],"curies":[{"name":"wp","href":"https:\/\/api.w.org\/{rel}","templated":true}]}}