{"id":94861,"date":"2022-11-29T14:50:43","date_gmt":"2022-11-29T13:50:44","guid":{"rendered":"https:\/\/www.versiegelung24.com\/?post_type=product&#038;p=94861"},"modified":"2025-01-05T17:42:26","modified_gmt":"2025-01-05T16:42:26","slug":"percent-c2-percent","status":"publish","type":"product","link":"https:\/\/www.versiegelung24.com\/da\/percent-c2-percent.html","title":{"rendered":"TiOSEPT\u00ae SG-55 Langvarig overfladebeskyttelse, 20 s\u00e6t til 1 m\u00b2 hver"},"content":{"rendered":"\n<p><strong>Antimikrobielt flydende glasforseglingsmiddel<\/strong>, der er <strong>effektivt i op til 18 m\u00e5neder<\/strong> &#8211; 20 brugsklare poses\u00e6t til 1 m\u00b2 overflade hver.  <\/p>\n\n<p><strong>Langvarig overfladebeskyttelse, der er egnet til glatte overflader<\/strong>: Glas, rustfrit st\u00e5l, aluminium og behandlet tr\u00e6<\/p>\n\n<hr\/>\n\n<h4 class=\"wp-block-heading\" id=\"properties\">Produktets egenskaber<\/h4>\n\n<div class=\"wp-block-columns is-layout-flex wp-container-core-columns-is-layout-9d6595d7 wp-block-columns-is-layout-flex\">\n<div class=\"wp-block-column is-layout-flow wp-block-column-is-layout-flow\">\n<ul class=\"wp-block-list\">\n<li>Eliminerer bakterier (E.coli, S. aureus) og omsluttede virus (Corona-, Ebola- og Rota-virus) i op til 99,99 %.<\/li>\n\n\n\n<li>Forhindrer kolonisering af g\u00e6r- og skimmelsvampe<\/li>\n\n\n\n<li>Dermatologisk testet &#8220;meget god<\/li>\n\n\n\n<li>Overfladerne bliver nemmere og hurtigere at reng\u00f8re (&#8220;nemme at reng\u00f8re&#8221;)<\/li>\n\n\n\n<li>Til indend\u00f8rs og udend\u00f8rs<\/li>\n\n\n\n<li>Slidst\u00e6rk (\u00f8get ridsefasthed)<\/li>\n\n\n\n<li>Enkel og hurtig anvendelse<\/li>\n\n\n\n<li>Overfladeh\u00e5rdhed p\u00e5 glas 9H (T\u00dcV-test i henhold til MSZ EN ISO 15184:2013)<\/li>\n\n\n\n<li>Ridseh\u00e5rdhed p\u00e5 glas 10N (T\u00dcV-test i henhold til MSZ 9640\/41:1983)<\/li>\n\n\n\n<li>Kontaktvinkel 95\u00b0 p\u00e5 glas og 91\u00b0 p\u00e5 rustfrit st\u00e5l, efter 10.000 reng\u00f8ringscyklusser 92\u00b0 + 85\u00b0 (testet af T\u00dcV med vand)<\/li>\n<\/ul>\n<\/div>\n\n\n\n<div class=\"wp-block-column is-layout-flow wp-block-column-is-layout-flow\">\n<ul class=\"wp-block-list\">\n<li>Lagtykkelse ca. 20 nm (nanometer)<\/li>\n\n\n\n<li>R\u00e5hed: 6 nm p\u00e5 overfladen<\/li>\n\n\n\n<li>Sachets (enkeltvis emballerede v\u00e5dservietter)<\/li>\n\n\n\n<li>Pose 1: Forreng\u00f8ringsklud, gennemv\u00e6det med IPA (isopropanol) 99 %.<\/li>\n\n\n\n<li>Pose 2: T\u00e6tningsdug gennemv\u00e6det med TiOSEPT\u00ae SG-55<\/li>\n\n\n\n<li>Viskosefleece, plastfri, 60 g\/m\u00b2<\/li>\n\n\n\n<li>Stofst\u00f8rrelse 100 x 140 mm<\/li>\n\n\n\n<li>En klud er nok til ca. 1 m\u00b2<\/li>\n\n\n\n<li>BAUA-Reg.nr. N-104947<\/li>\n<\/ul>\n<\/div>\n<\/div>\n\n<hr\/>\n\n<h4 class=\"wp-block-heading\" id=\"application\">Anvendelse<\/h4>\n\n<p><strong>TiOSEPT\u00ae SG-55 <\/strong>f\u00e6rdige poses\u00e6t til glatte overflader glas, rustfrit st\u00e5l, st\u00e5l, aluminium, plast og behandlet tr\u00e6<\/p>\n\n<h5 class=\"wp-block-heading\">Forrensning<\/h5>\n\n<p>Det anbefales at b\u00e6re beskyttelseshandsker til engangsbrug. Anvendelsestemperatur 5 &#8211; 35 \u00b0C.<\/p>\n\n<ol class=\"wp-block-list\">\n<li>Reng\u00f8r overfladen s\u00e6rlig omhyggeligt med reng\u00f8ringsmidler, der f\u00e5s i handelen. Jo bedre reng\u00f8ring, jo l\u00e6ngere holder forseglingen. T\u00f8r derefter overfladen.<\/li>\n\n\n\n<li>Tag den alkoholholdige forreng\u00f8ringsklud ud af posen, og affedt overfladen grundigt med den.<\/li>\n\n\n\n<li>Overflade min. Lad det t\u00f8rre i 1 minut.<\/li>\n<\/ol>\n\n<h5 class=\"wp-block-heading\">Forsegling<\/h5>\n\n<p>Det anbefales at b\u00e6re beskyttelseshandsker til engangsbrug. Anvendelsestemperatur 5 &#8211; 35 \u00b0C.<\/p>\n\n<ol class=\"wp-block-list\">\n<li>Tag forseglingskluden ud af posen, og t\u00f8r overfladen af en gang lodret og en gang vandret. Kluden er tilstr\u00e6kkelig til ca. 1 m\u00b2. Det er vigtigt, at du arbejder hurtigt, da kluden er t\u00f8r efter ca. 90 sekunder.<\/li>\n\n\n\n<li>Lad overfladen t\u00f8rre i mindst 2 minutter (under 15 \u00b0C = 10 minutter), r\u00f8r ikke ved overfladen i 10 minutter. Fuld h\u00e6rdning efter 10 timer. Gentag om n\u00f8dvendigt p\u00e5f\u00f8ringen. Hvis der er et let gr\u00e5spurv, kan det forsigtigt poleres v\u00e6k med en mikrofiberklud.<\/li>\n<\/ol>\n\n<p>Plastoverflader bliver antimikrobielle og f\u00e5r en \u00f8get hydrofobicitet, men ridsefastheden \u00e6ndres ikke. Anvendelse p\u00e5 polycarbonat og Plexiglas\u00ae anbefales ikke.<\/p>\n\n<h5 class=\"wp-block-heading\" id=\"gebrauch\">opbevaring<\/h5>\n\n<p>Opbevar <strong>TiOSEPT\u00ae SG-55<\/strong> ved +5 til +25 \u00b0C. Beskyt mod frost og direkte sollys.<\/p>\n","protected":false},"excerpt":{"rendered":"<p><strong>Antimikrobiel langtidsbeskyttelse i op til 18 m\u00e5neder<\/strong> <strong>til glatte overflader<\/strong><\/p>\n<p>\u2713 Gennemsigtig og usynlig<\/p>\n<p>\u2713 Vandafvisende<\/p>\n<p>Testet af uafh\u00e6ngige testinstitutter<\/p>\n<p>\u2713 Brugsklare poses\u00e6t til forrensning og forsegling<\/p>\n","protected":false},"featured_media":94919,"template":"","meta":{"_acf_changed":false,"neve_meta_sidebar":"","neve_meta_container":"","neve_meta_enable_content_width":"","neve_meta_content_width":0,"neve_meta_title_alignment":"","neve_meta_author_avatar":"","neve_post_elements_order":"","neve_meta_disable_header":"","neve_meta_disable_footer":"","neve_meta_disable_title":"","neve_meta_reading_time":"","_surfaces":[],"_ver_product_tabs":[],"footnotes":""},"product_brand":[],"product_cat":[2343,2357,2358,2449,2487,3006],"product_tag":[],"class_list":{"0":"post-94861","1":"product","2":"type-product","3":"status-publish","4":"has-post-thumbnail","6":"product_cat-taetning-til-glas-og-keramik","7":"product_cat-desinfektionsmidler","8":"product_cat-overflade-desinfektionsmidler","9":"product_cat-metal-plast-forsegling","10":"product_cat-universal-taetning","11":"product_cat-mobiltelefon-desinfektionsmiddel","13":"first","14":"onbackorder","15":"taxable","16":"shipping-taxable","17":"purchasable","18":"product-type-simple"},"acf":[],"yoast_head":"<!-- This site is optimized with the Yoast SEO Premium plugin v22.8 (Yoast SEO v27.5) - https:\/\/yoast.com\/product\/yoast-seo-premium-wordpress\/ -->\n<title>TiOSEPT\u00ae SG-55 Langvarig overfladebeskyttelse, 20 s\u00e6t til 1 m\u00b2 hver - versiegelung24.com<\/title>\n<meta name=\"robots\" content=\"index, follow, max-snippet:-1, max-image-preview:large, max-video-preview:-1\" \/>\n<link rel=\"canonical\" href=\"https:\/\/www.versiegelung24.com\/da\/percent-c2-percent.html\" \/>\n<meta property=\"og:locale\" content=\"da_DK\" \/>\n<meta property=\"og:type\" content=\"article\" \/>\n<meta property=\"og:title\" content=\"TiOSEPT\u00ae SG-55 Langvarig overfladebeskyttelse, 20 s\u00e6t til 1 m\u00b2 hver\" \/>\n<meta property=\"og:description\" content=\"Antimikrobiel langtidsbeskyttelse i op til 18 m\u00e5neder til glatte overflader \u2713 Gennemsigtig og usynlig \u2713 Vandafvisende Testet af uafh\u00e6ngige testinstitutter \u2713 Brugsklare poses\u00e6t til forrensning og forsegling\" \/>\n<meta property=\"og:url\" content=\"https:\/\/www.versiegelung24.com\/da\/percent-c2-percent.html\" \/>\n<meta property=\"og:site_name\" content=\"versiegelung24.com\" \/>\n<meta property=\"article:modified_time\" content=\"2025-01-05T16:42:26+00:00\" \/>\n<meta property=\"og:image\" content=\"https:\/\/www.versiegelung24.com\/wp-content\/uploads\/2022\/11\/Tiosept-Schachtel-rechts.jpg\" \/>\n\t<meta property=\"og:image:width\" content=\"1668\" \/>\n\t<meta property=\"og:image:height\" content=\"1568\" \/>\n\t<meta property=\"og:image:type\" content=\"image\/jpeg\" \/>\n<meta name=\"twitter:card\" content=\"summary_large_image\" \/>\n<meta name=\"twitter:label1\" content=\"Pris\" \/>\n\t<meta name=\"twitter:data1\" content=\"79,99&euro;\" \/>\n\t<meta name=\"twitter:label2\" content=\"Tilg\u00e6ngelighed\" \/>\n\t<meta name=\"twitter:data2\" content=\"I restordre\" \/>\n<script type=\"application\/ld+json\" class=\"yoast-schema-graph\">{\"@context\":\"https:\\\/\\\/schema.org\",\"@graph\":[{\"@type\":\"WebPage\",\"@id\":\"https:\\\/\\\/www.versiegelung24.com\\\/da\\\/percent-c2-percent.html\",\"url\":\"https:\\\/\\\/www.versiegelung24.com\\\/da\\\/percent-c2-percent.html\",\"name\":\"TiOSEPT\u00ae SG-55 Langvarig overfladebeskyttelse, 20 s\u00e6t til 1 m\u00b2 hver - versiegelung24.com\",\"isPartOf\":{\"@id\":\"https:\\\/\\\/www.versiegelung24.com\\\/da\\\/#website\"},\"primaryImageOfPage\":{\"@id\":\"https:\\\/\\\/www.versiegelung24.com\\\/da\\\/percent-c2-percent.html#primaryimage\"},\"image\":{\"@id\":\"https:\\\/\\\/www.versiegelung24.com\\\/da\\\/percent-c2-percent.html#primaryimage\"},\"thumbnailUrl\":\"https:\\\/\\\/www.versiegelung24.com\\\/wp-content\\\/uploads\\\/2022\\\/11\\\/Tiosept-Schachtel-rechts.jpg\",\"datePublished\":\"2022-11-29T13:50:44+00:00\",\"dateModified\":\"2025-01-05T16:42:26+00:00\",\"breadcrumb\":{\"@id\":\"https:\\\/\\\/www.versiegelung24.com\\\/da\\\/percent-c2-percent.html#breadcrumb\"},\"inLanguage\":\"da-DK\",\"potentialAction\":[{\"@type\":\"ReadAction\",\"target\":[\"https:\\\/\\\/www.versiegelung24.com\\\/da\\\/percent-c2-percent.html\"]}]},{\"@type\":\"ImageObject\",\"inLanguage\":\"da-DK\",\"@id\":\"https:\\\/\\\/www.versiegelung24.com\\\/da\\\/percent-c2-percent.html#primaryimage\",\"url\":\"https:\\\/\\\/www.versiegelung24.com\\\/wp-content\\\/uploads\\\/2022\\\/11\\\/Tiosept-Schachtel-rechts.jpg\",\"contentUrl\":\"https:\\\/\\\/www.versiegelung24.com\\\/wp-content\\\/uploads\\\/2022\\\/11\\\/Tiosept-Schachtel-rechts.jpg\",\"width\":1668,\"height\":1568},{\"@type\":\"BreadcrumbList\",\"@id\":\"https:\\\/\\\/www.versiegelung24.com\\\/da\\\/percent-c2-percent.html#breadcrumb\",\"itemListElement\":[{\"@type\":\"ListItem\",\"position\":1,\"name\":\"Hjemmeside\",\"item\":\"https:\\\/\\\/www.versiegelung24.com\\\/da\\\/foran\\\/\"},{\"@type\":\"ListItem\",\"position\":2,\"name\":\"Butik\",\"item\":\"https:\\\/\\\/www.versiegelung24.com\\\/da\\\/butik\\\/\"},{\"@type\":\"ListItem\",\"position\":3,\"name\":\"TiOSEPT\u00ae SG-55 Langvarig overfladebeskyttelse, 20 s\u00e6t til 1 m\u00b2 hver\"}]},{\"@type\":\"WebSite\",\"@id\":\"https:\\\/\\\/www.versiegelung24.com\\\/da\\\/#website\",\"url\":\"https:\\\/\\\/www.versiegelung24.com\\\/da\\\/\",\"name\":\"versiegelung24.com\",\"description\":\"Fl\u00fcssigglas-Versiegelung - Made in Germany\",\"publisher\":{\"@id\":\"https:\\\/\\\/www.versiegelung24.com\\\/da\\\/#organization\"},\"potentialAction\":[{\"@type\":\"SearchAction\",\"target\":{\"@type\":\"EntryPoint\",\"urlTemplate\":\"https:\\\/\\\/www.versiegelung24.com\\\/da\\\/?s={search_term_string}\"},\"query-input\":{\"@type\":\"PropertyValueSpecification\",\"valueRequired\":true,\"valueName\":\"search_term_string\"}}],\"inLanguage\":\"da-DK\"},{\"@type\":\"Organization\",\"@id\":\"https:\\\/\\\/www.versiegelung24.com\\\/da\\\/#organization\",\"name\":\"versiegelung24\",\"url\":\"https:\\\/\\\/www.versiegelung24.com\\\/da\\\/\",\"logo\":{\"@type\":\"ImageObject\",\"inLanguage\":\"da-DK\",\"@id\":\"https:\\\/\\\/www.versiegelung24.com\\\/da\\\/#\\\/schema\\\/logo\\\/image\\\/\",\"url\":\"https:\\\/\\\/www.versiegelung24.com\\\/wp-content\\\/uploads\\\/2020\\\/04\\\/versiegelung24.png\",\"contentUrl\":\"https:\\\/\\\/www.versiegelung24.com\\\/wp-content\\\/uploads\\\/2020\\\/04\\\/versiegelung24.png\",\"width\":470,\"height\":102,\"caption\":\"versiegelung24\"},\"image\":{\"@id\":\"https:\\\/\\\/www.versiegelung24.com\\\/da\\\/#\\\/schema\\\/logo\\\/image\\\/\"}}]}<\/script>\n<meta property=\"product:price:amount\" content=\"79.99\" \/>\n<meta property=\"product:price:currency\" content=\"EUR\" \/>\n<meta property=\"og:availability\" content=\"backorder\" \/>\n<meta property=\"product:availability\" content=\"available for order\" \/>\n<meta property=\"product:retailer_item_id\" content=\"TiOS-SG55-SA1-20\" \/>\n<meta property=\"product:condition\" content=\"new\" \/>\n<!-- \/ Yoast SEO Premium plugin. -->","yoast_head_json":{"title":"TiOSEPT\u00ae SG-55 Langvarig overfladebeskyttelse, 20 s\u00e6t til 1 m\u00b2 hver - versiegelung24.com","robots":{"index":"index","follow":"follow","max-snippet":"max-snippet:-1","max-image-preview":"max-image-preview:large","max-video-preview":"max-video-preview:-1"},"canonical":"https:\/\/www.versiegelung24.com\/da\/percent-c2-percent.html","og_locale":"da_DK","og_type":"article","og_title":"TiOSEPT\u00ae SG-55 Langvarig overfladebeskyttelse, 20 s\u00e6t til 1 m\u00b2 hver","og_description":"Antimikrobiel langtidsbeskyttelse i op til 18 m\u00e5neder til glatte overflader \u2713 Gennemsigtig og usynlig \u2713 Vandafvisende Testet af uafh\u00e6ngige testinstitutter \u2713 Brugsklare poses\u00e6t til forrensning og forsegling","og_url":"https:\/\/www.versiegelung24.com\/da\/percent-c2-percent.html","og_site_name":"versiegelung24.com","article_modified_time":"2025-01-05T16:42:26+00:00","og_image":[{"width":1668,"height":1568,"url":"https:\/\/www.versiegelung24.com\/wp-content\/uploads\/2022\/11\/Tiosept-Schachtel-rechts.jpg","type":"image\/jpeg"}],"twitter_card":"summary_large_image","twitter_misc":{"Pris":"79,99&euro;","Tilg\u00e6ngelighed":"I restordre"},"schema":{"@context":"https:\/\/schema.org","@graph":[{"@type":"WebPage","@id":"https:\/\/www.versiegelung24.com\/da\/percent-c2-percent.html","url":"https:\/\/www.versiegelung24.com\/da\/percent-c2-percent.html","name":"TiOSEPT\u00ae SG-55 Langvarig overfladebeskyttelse, 20 s\u00e6t til 1 m\u00b2 hver - versiegelung24.com","isPartOf":{"@id":"https:\/\/www.versiegelung24.com\/da\/#website"},"primaryImageOfPage":{"@id":"https:\/\/www.versiegelung24.com\/da\/percent-c2-percent.html#primaryimage"},"image":{"@id":"https:\/\/www.versiegelung24.com\/da\/percent-c2-percent.html#primaryimage"},"thumbnailUrl":"https:\/\/www.versiegelung24.com\/wp-content\/uploads\/2022\/11\/Tiosept-Schachtel-rechts.jpg","datePublished":"2022-11-29T13:50:44+00:00","dateModified":"2025-01-05T16:42:26+00:00","breadcrumb":{"@id":"https:\/\/www.versiegelung24.com\/da\/percent-c2-percent.html#breadcrumb"},"inLanguage":"da-DK","potentialAction":[{"@type":"ReadAction","target":["https:\/\/www.versiegelung24.com\/da\/percent-c2-percent.html"]}]},{"@type":"ImageObject","inLanguage":"da-DK","@id":"https:\/\/www.versiegelung24.com\/da\/percent-c2-percent.html#primaryimage","url":"https:\/\/www.versiegelung24.com\/wp-content\/uploads\/2022\/11\/Tiosept-Schachtel-rechts.jpg","contentUrl":"https:\/\/www.versiegelung24.com\/wp-content\/uploads\/2022\/11\/Tiosept-Schachtel-rechts.jpg","width":1668,"height":1568},{"@type":"BreadcrumbList","@id":"https:\/\/www.versiegelung24.com\/da\/percent-c2-percent.html#breadcrumb","itemListElement":[{"@type":"ListItem","position":1,"name":"Hjemmeside","item":"https:\/\/www.versiegelung24.com\/da\/foran\/"},{"@type":"ListItem","position":2,"name":"Butik","item":"https:\/\/www.versiegelung24.com\/da\/butik\/"},{"@type":"ListItem","position":3,"name":"TiOSEPT\u00ae SG-55 Langvarig overfladebeskyttelse, 20 s\u00e6t til 1 m\u00b2 hver"}]},{"@type":"WebSite","@id":"https:\/\/www.versiegelung24.com\/da\/#website","url":"https:\/\/www.versiegelung24.com\/da\/","name":"versiegelung24.com","description":"Fl\u00fcssigglas-Versiegelung - Made in Germany","publisher":{"@id":"https:\/\/www.versiegelung24.com\/da\/#organization"},"potentialAction":[{"@type":"SearchAction","target":{"@type":"EntryPoint","urlTemplate":"https:\/\/www.versiegelung24.com\/da\/?s={search_term_string}"},"query-input":{"@type":"PropertyValueSpecification","valueRequired":true,"valueName":"search_term_string"}}],"inLanguage":"da-DK"},{"@type":"Organization","@id":"https:\/\/www.versiegelung24.com\/da\/#organization","name":"versiegelung24","url":"https:\/\/www.versiegelung24.com\/da\/","logo":{"@type":"ImageObject","inLanguage":"da-DK","@id":"https:\/\/www.versiegelung24.com\/da\/#\/schema\/logo\/image\/","url":"https:\/\/www.versiegelung24.com\/wp-content\/uploads\/2020\/04\/versiegelung24.png","contentUrl":"https:\/\/www.versiegelung24.com\/wp-content\/uploads\/2020\/04\/versiegelung24.png","width":470,"height":102,"caption":"versiegelung24"},"image":{"@id":"https:\/\/www.versiegelung24.com\/da\/#\/schema\/logo\/image\/"}}]},"product_price_amount":"79.99","product_price_currency":"EUR","og_availability":"backorder","product_availability":"available for order","product_retailer_item_id":"TiOS-SG55-SA1-20","product_condition":"new"},"_links":{"self":[{"href":"https:\/\/www.versiegelung24.com\/da\/wp-json\/wp\/v2\/product\/94861","targetHints":{"allow":["GET"]}}],"collection":[{"href":"https:\/\/www.versiegelung24.com\/da\/wp-json\/wp\/v2\/product"}],"about":[{"href":"https:\/\/www.versiegelung24.com\/da\/wp-json\/wp\/v2\/types\/product"}],"version-history":[{"count":13,"href":"https:\/\/www.versiegelung24.com\/da\/wp-json\/wp\/v2\/product\/94861\/revisions"}],"predecessor-version":[{"id":171385,"href":"https:\/\/www.versiegelung24.com\/da\/wp-json\/wp\/v2\/product\/94861\/revisions\/171385"}],"wp:featuredmedia":[{"embeddable":true,"href":"https:\/\/www.versiegelung24.com\/da\/wp-json\/wp\/v2\/media\/94919"}],"wp:attachment":[{"href":"https:\/\/www.versiegelung24.com\/da\/wp-json\/wp\/v2\/media?parent=94861"}],"wp:term":[{"taxonomy":"product_brand","embeddable":true,"href":"https:\/\/www.versiegelung24.com\/da\/wp-json\/wp\/v2\/product_brand?post=94861"},{"taxonomy":"product_cat","embeddable":true,"href":"https:\/\/www.versiegelung24.com\/da\/wp-json\/wp\/v2\/product_cat?post=94861"},{"taxonomy":"product_tag","embeddable":true,"href":"https:\/\/www.versiegelung24.com\/da\/wp-json\/wp\/v2\/product_tag?post=94861"}],"curies":[{"name":"wp","href":"https:\/\/api.w.org\/{rel}","templated":true}]}}