{"id":25540,"date":"2021-08-03T10:28:18","date_gmt":"2021-08-03T08:28:18","guid":{"rendered":"https:\/\/www.versiegelung24.com\/compre-productos-ccm-gmbh-en-la-tienda-online"},"modified":"2024-06-25T20:51:26","modified_gmt":"2024-06-25T18:51:26","slug":"sobre-la-ccm-gmbh","status":"publish","type":"page","link":"https:\/\/www.versiegelung24.com\/es\/sobre-la-ccm-gmbh\/","title":{"rendered":"Compre productos CCM GmbH en la tienda online"},"content":{"rendered":"<h2><span style=\"color: var(--nv-text-color);font-family: Graphik,-apple-system,BlinkMacSystemFont,Segoe UI,var(--nv-fallback-ff);font-size: 2em;font-weight: 600;background-color: var(--nv-site-bg)\">Compre productos de CCM GmbH de Overath \/ Alemania en la tienda en l\u00ednea<\/span><\/h2>\n<div class=\"std\">\n<div>\n<figure id=\"attachment_15246\" aria-describedby=\"caption-attachment-15246\" style=\"width: 300px\" class=\"wp-caption alignleft\"><a href=\"https:\/\/www.versiegelung24.com\/wp-content\/uploads\/2020\/05\/CCM_Gebaeude-300x203.jpg\"><img fetchpriority=\"high\" decoding=\"async\" class=\"wp-image-7780 size-medium\" src=\"https:\/\/www.versiegelung24.com\/wp-content\/uploads\/2020\/05\/CCM_Gebaeude-300x203.jpg\" alt=\"CCM Zentrale in Overath\" width=\"300\" height=\"203\" srcset=\"https:\/\/www.versiegelung24.com\/wp-content\/uploads\/2020\/05\/CCM_Gebaeude-300x203.jpg 300w, https:\/\/www.versiegelung24.com\/wp-content\/uploads\/2020\/05\/CCM_Gebaeude-16x12.jpg 16w, https:\/\/www.versiegelung24.com\/wp-content\/uploads\/2020\/05\/CCM_Gebaeude.jpg 400w\" sizes=\"(max-width: 300px) 100vw, 300px\" \/><\/a><figcaption id=\"caption-attachment-15246\" class=\"wp-caption-text\">Sede de CCM en Overath<\/figcaption><\/figure>\n<p>\u201cMade in Germany\u201d es un t\u00e9rmino global para la innovaci\u00f3n y la m\u00e1s alta calidad y es famoso, por ejemplo, en los campos de la automoci\u00f3n, la ingenier\u00eda mec\u00e1nica y la qu\u00edmica. Adem\u00e1s de las grandes empresas multinacionales, Alemania tiene sobre todo una cultura de cientos de miles de peque\u00f1as y medianas empresas innovadoras que son muy creativas y, a menudo, l\u00edderes del mercado mundial en sus peque\u00f1os nichos (estas empresas se denominan com\u00fanmente &#8220;campeones ocultos&#8221;). ).<\/p>\n<\/div>\n<div>\n<p>CCM GmbH produce y comercializa las ideas de inventores alemanes, solucionadores de problemas \u00fanicos de la m\u00e1s alta calidad. Fue fundada en 2007 por los dos directores generales Heiner Perk y Bernd Zimmermann y es una red \u00fanica de innovaci\u00f3n, producci\u00f3n y ventas globales. Hecho en Alemania.<\/p>\n<p>CCM vive la profunda convicci\u00f3n de que los productos \u00fanicos solo pueden comercializarse con \u00e9xito en todo el mundo si personas \u00fanicas los respaldan como socios. CCM GmbH ya trabaja con estas personas en m\u00e1s de 40 pa\u00edses de todos los continentes.<\/p>\n<p>Todas las actividades se controlan desde la sede de la empresa en Overath, cerca de Colonia, Alemania.<\/p>\n<p>La tecnolog\u00eda y las redes modernas hacen posible aparecer como una unidad sin que todos los empleados tengan que trabajar en un solo lugar.<\/p>\n<p>Los sellos de \u201cvidrio l\u00edquido\u201d de CCM GmbH ya han sido nominados a varios premios.<\/p>\n<p>D\u00e9jese inspirar por los conceptos, ideas y experiencias de CCM GmbH.<\/p>\n<\/div>\n<h2>Compre productos CCM GmbH en la tienda online:<\/h2>\n<div class=\"woocommerce columns-4\"><ul class=\"products columns-4\">\n<li class=\"product-category product first\">\n\t<a aria-label=\"Visitar la categor\u00eda de producto Sellado de piedra y hormig\u00f3n\" href=\"https:\/\/www.versiegelung24.com\/es\/sellado-de-vidrio-liquido\/sellado-de-piedra-y-hormigon\/\"><img decoding=\"async\" src=\"https:\/\/www.versiegelung24.com\/wp-content\/uploads\/2023\/06\/V24-steinkategorie-2306-400x400.webp\" alt=\"Sellado de piedra y hormig\u00f3n\" width=\"400\" height=\"400\" srcset=\"https:\/\/www.versiegelung24.com\/wp-content\/uploads\/2023\/06\/V24-steinkategorie-2306-400x400.webp 400w, https:\/\/www.versiegelung24.com\/wp-content\/uploads\/2023\/06\/V24-steinkategorie-2306-80x80.webp 80w, https:\/\/www.versiegelung24.com\/wp-content\/uploads\/2023\/06\/V24-steinkategorie-2306-70x70.webp 70w, https:\/\/www.versiegelung24.com\/wp-content\/uploads\/2023\/06\/V24-steinkategorie-2306-100x100.webp 100w\" sizes=\"(max-width: 400px) 100vw, 400px\" \/>\t\t<h2 class=\"woocommerce-loop-category__title\">\n\t\t\tSellado de piedra y hormig\u00f3n <mark class=\"count\">(12)<\/mark>\t\t<\/h2>\n\t\t<\/a><\/li>\n<li class=\"product-category product\">\n\t<a aria-label=\"Visitar la categor\u00eda de producto Sellado de coches\" href=\"https:\/\/www.versiegelung24.com\/es\/sellado-de-vidrio-liquido\/sellado-de-coches\/\"><img decoding=\"async\" src=\"https:\/\/www.versiegelung24.com\/wp-content\/uploads\/2022\/08\/Kategorie_Auto-400x400.jpg\" alt=\"Sellado de coches\" width=\"400\" height=\"400\" srcset=\"https:\/\/www.versiegelung24.com\/wp-content\/uploads\/2022\/08\/Kategorie_Auto-400x400.jpg 400w, https:\/\/www.versiegelung24.com\/wp-content\/uploads\/2022\/08\/Kategorie_Auto-80x80.jpg 80w, https:\/\/www.versiegelung24.com\/wp-content\/uploads\/2022\/08\/Kategorie_Auto-70x70.jpg 70w, https:\/\/www.versiegelung24.com\/wp-content\/uploads\/2022\/08\/Kategorie_Auto-100x100.jpg 100w\" sizes=\"(max-width: 400px) 100vw, 400px\" \/>\t\t<h2 class=\"woocommerce-loop-category__title\">\n\t\t\tSellado de coches <mark class=\"count\">(19)<\/mark>\t\t<\/h2>\n\t\t<\/a><\/li>\n<li class=\"product-category product\">\n\t<a aria-label=\"Visitar la categor\u00eda de producto Sellado de vidrio y cer\u00e1mica\" href=\"https:\/\/www.versiegelung24.com\/es\/sellado-de-vidrio-liquido\/sellado-para-vidrio-y-ceramica\/\"><img loading=\"lazy\" decoding=\"async\" src=\"https:\/\/www.versiegelung24.com\/wp-content\/uploads\/2022\/07\/Startseite_Banner-400x400.jpg\" alt=\"Sellado de vidrio y cer\u00e1mica\" width=\"400\" height=\"400\" srcset=\"https:\/\/www.versiegelung24.com\/wp-content\/uploads\/2022\/07\/Startseite_Banner-400x400.jpg 400w, https:\/\/www.versiegelung24.com\/wp-content\/uploads\/2022\/07\/Startseite_Banner-80x80.jpg 80w, https:\/\/www.versiegelung24.com\/wp-content\/uploads\/2022\/07\/Startseite_Banner-70x70.jpg 70w, https:\/\/www.versiegelung24.com\/wp-content\/uploads\/2022\/07\/Startseite_Banner-100x100.jpg 100w\" sizes=\"(max-width: 400px) 100vw, 400px\" \/>\t\t<h2 class=\"woocommerce-loop-category__title\">\n\t\t\tSellado de vidrio y cer\u00e1mica <mark class=\"count\">(18)<\/mark>\t\t<\/h2>\n\t\t<\/a><\/li>\n<li class=\"product-category product last\">\n\t<a aria-label=\"Visitar la categor\u00eda de producto Sellado de metal y pl\u00e1stico\" href=\"https:\/\/www.versiegelung24.com\/es\/sellado-de-vidrio-liquido\/sellado-de-metal-y-plastico\/\"><img loading=\"lazy\" decoding=\"async\" src=\"https:\/\/www.versiegelung24.com\/wp-content\/uploads\/2022\/08\/Kategorie_Metall-400x400.jpg\" alt=\"Sellado de metal y pl\u00e1stico\" width=\"400\" height=\"400\" srcset=\"https:\/\/www.versiegelung24.com\/wp-content\/uploads\/2022\/08\/Kategorie_Metall-400x400.jpg 400w, https:\/\/www.versiegelung24.com\/wp-content\/uploads\/2022\/08\/Kategorie_Metall-80x80.jpg 80w, https:\/\/www.versiegelung24.com\/wp-content\/uploads\/2022\/08\/Kategorie_Metall-70x70.jpg 70w, https:\/\/www.versiegelung24.com\/wp-content\/uploads\/2022\/08\/Kategorie_Metall-100x100.jpg 100w\" sizes=\"(max-width: 400px) 100vw, 400px\" \/>\t\t<h2 class=\"woocommerce-loop-category__title\">\n\t\t\tSellado de metal y pl\u00e1stico <mark class=\"count\">(16)<\/mark>\t\t<\/h2>\n\t\t<\/a><\/li>\n<li class=\"product-category product first\">\n\t<a aria-label=\"Visitar la categor\u00eda de producto Productos de limpieza\" href=\"https:\/\/www.versiegelung24.com\/es\/limpiando-suministros\/\"><img loading=\"lazy\" decoding=\"async\" src=\"https:\/\/www.versiegelung24.com\/wp-content\/uploads\/2022\/08\/Kategorie_Bioreiniger-400x400.jpg\" alt=\"Productos de limpieza\" width=\"400\" height=\"400\" srcset=\"https:\/\/www.versiegelung24.com\/wp-content\/uploads\/2022\/08\/Kategorie_Bioreiniger-400x400.jpg 400w, https:\/\/www.versiegelung24.com\/wp-content\/uploads\/2022\/08\/Kategorie_Bioreiniger-80x80.jpg 80w, https:\/\/www.versiegelung24.com\/wp-content\/uploads\/2022\/08\/Kategorie_Bioreiniger-70x70.jpg 70w, https:\/\/www.versiegelung24.com\/wp-content\/uploads\/2022\/08\/Kategorie_Bioreiniger-100x100.jpg 100w\" sizes=\"(max-width: 400px) 100vw, 400px\" \/>\t\t<h2 class=\"woocommerce-loop-category__title\">\n\t\t\tProductos de limpieza <mark class=\"count\">(10)<\/mark>\t\t<\/h2>\n\t\t<\/a><\/li>\n<li class=\"product-category product\">\n\t<a aria-label=\"Visitar la categor\u00eda de producto Sellado de cuero y textiles\" href=\"https:\/\/www.versiegelung24.com\/es\/sellado-de-vidrio-liquido\/sellado-de-cuero-y-textiles\/\"><img loading=\"lazy\" decoding=\"async\" src=\"https:\/\/www.versiegelung24.com\/wp-content\/uploads\/2023\/06\/waterpoof-jacket-in-detail-400x400.jpg\" alt=\"Sellado de cuero y textiles\" width=\"400\" height=\"400\" srcset=\"https:\/\/www.versiegelung24.com\/wp-content\/uploads\/2023\/06\/waterpoof-jacket-in-detail-400x400.jpg 400w, https:\/\/www.versiegelung24.com\/wp-content\/uploads\/2023\/06\/waterpoof-jacket-in-detail-80x80.jpg 80w, https:\/\/www.versiegelung24.com\/wp-content\/uploads\/2023\/06\/waterpoof-jacket-in-detail-70x70.jpg 70w, https:\/\/www.versiegelung24.com\/wp-content\/uploads\/2023\/06\/waterpoof-jacket-in-detail-100x100.jpg 100w\" sizes=\"(max-width: 400px) 100vw, 400px\" \/>\t\t<h2 class=\"woocommerce-loop-category__title\">\n\t\t\tSellado de cuero y textiles <mark class=\"count\">(3)<\/mark>\t\t<\/h2>\n\t\t<\/a><\/li>\n<li class=\"product-category product\">\n\t<a aria-label=\"Visitar la categor\u00eda de producto Sellador universal\" href=\"https:\/\/www.versiegelung24.com\/es\/sellado-de-vidrio-liquido\/sello-universal\/\"><img loading=\"lazy\" decoding=\"async\" src=\"https:\/\/www.versiegelung24.com\/wp-content\/uploads\/2022\/08\/Kategorie_Universal-400x400.jpg\" alt=\"Sellador universal\" width=\"400\" height=\"400\" srcset=\"https:\/\/www.versiegelung24.com\/wp-content\/uploads\/2022\/08\/Kategorie_Universal-400x400.jpg 400w, https:\/\/www.versiegelung24.com\/wp-content\/uploads\/2022\/08\/Kategorie_Universal-80x80.jpg 80w, https:\/\/www.versiegelung24.com\/wp-content\/uploads\/2022\/08\/Kategorie_Universal-70x70.jpg 70w, https:\/\/www.versiegelung24.com\/wp-content\/uploads\/2022\/08\/Kategorie_Universal-100x100.jpg 100w\" sizes=\"(max-width: 400px) 100vw, 400px\" \/>\t\t<h2 class=\"woocommerce-loop-category__title\">\n\t\t\tSellador universal <mark class=\"count\">(13)<\/mark>\t\t<\/h2>\n\t\t<\/a><\/li>\n<li class=\"product-category product last\">\n\t<a aria-label=\"Visitar la categor\u00eda de producto Sellado de la madera\" href=\"https:\/\/www.versiegelung24.com\/es\/sellado-de-vidrio-liquido\/sellado-de-madera\/\"><img loading=\"lazy\" decoding=\"async\" src=\"https:\/\/www.versiegelung24.com\/wp-content\/uploads\/2022\/08\/Kategorie_Holz-400x400.jpg\" alt=\"Sellado de la madera\" width=\"400\" height=\"400\" srcset=\"https:\/\/www.versiegelung24.com\/wp-content\/uploads\/2022\/08\/Kategorie_Holz-400x400.jpg 400w, https:\/\/www.versiegelung24.com\/wp-content\/uploads\/2022\/08\/Kategorie_Holz-80x80.jpg 80w, https:\/\/www.versiegelung24.com\/wp-content\/uploads\/2022\/08\/Kategorie_Holz-70x70.jpg 70w, https:\/\/www.versiegelung24.com\/wp-content\/uploads\/2022\/08\/Kategorie_Holz-100x100.jpg 100w\" sizes=\"(max-width: 400px) 100vw, 400px\" \/>\t\t<h2 class=\"woocommerce-loop-category__title\">\n\t\t\tSellado de la madera <mark class=\"count\">(3)<\/mark>\t\t<\/h2>\n\t\t<\/a><\/li>\n<\/ul>\n<\/div>\n<\/div>\n","protected":false},"excerpt":{"rendered":"<p>Compre productos de CCM GmbH de Overath \/ Alemania en la tienda en l\u00ednea \u201cMade in Germany\u201d es un t\u00e9rmino global para la innovaci\u00f3n y la m\u00e1s alta calidad y es famoso, por ejemplo, en los campos de la automoci\u00f3n, la ingenier\u00eda mec\u00e1nica y la qu\u00edmica. Adem\u00e1s de las grandes empresas multinacionales, Alemania tiene sobre&hellip;&nbsp;<a href=\"https:\/\/www.versiegelung24.com\/es\/sobre-la-ccm-gmbh\/\" rel=\"bookmark\">Read More &raquo;<span class=\"screen-reader-text\">Compre productos CCM GmbH en la tienda online<\/span><\/a><\/p>\n","protected":false},"author":932,"featured_media":70235,"parent":0,"menu_order":0,"comment_status":"closed","ping_status":"closed","template":"","meta":{"_acf_changed":false,"neve_meta_sidebar":"","neve_meta_container":"","neve_meta_enable_content_width":"","neve_meta_content_width":0,"neve_meta_title_alignment":"","neve_meta_author_avatar":"","neve_post_elements_order":"","neve_meta_disable_header":"","neve_meta_disable_footer":"","neve_meta_disable_title":"","neve_meta_reading_time":"","footnotes":""},"categories":[],"seiten_kategorie":[],"class_list":["post-25540","page","type-page","status-publish","has-post-thumbnail","hentry"],"acf":[],"yoast_head":"<!-- This site is optimized with the Yoast SEO Premium plugin v22.8 (Yoast SEO v27.4) - https:\/\/yoast.com\/product\/yoast-seo-premium-wordpress\/ -->\n<title>Compre productos CCM GmbH en la tienda online<\/title>\n<meta name=\"description\" content=\"Compre nanosellado de vidrio l\u00edquido, agentes de limpieza, desinfectantes y otros productos de CCM GmbH de Overath Alemania en l\u00ednea.\" \/>\n<meta name=\"robots\" content=\"index, follow, max-snippet:-1, max-image-preview:large, max-video-preview:-1\" \/>\n<link rel=\"canonical\" href=\"https:\/\/www.versiegelung24.com\/es\/sobre-la-ccm-gmbh\/\" \/>\n<meta property=\"og:locale\" content=\"es_ES\" \/>\n<meta property=\"og:type\" content=\"article\" \/>\n<meta property=\"og:title\" content=\"Compre productos CCM GmbH en la tienda online\" \/>\n<meta property=\"og:description\" content=\"Compre nanosellado de vidrio l\u00edquido, agentes de limpieza, desinfectantes y otros productos de CCM GmbH de Overath Alemania en l\u00ednea.\" \/>\n<meta property=\"og:url\" content=\"https:\/\/www.versiegelung24.com\/es\/sobre-la-ccm-gmbh\/\" \/>\n<meta property=\"og:site_name\" content=\"versiegelung24.com\" \/>\n<meta property=\"article:modified_time\" content=\"2024-06-25T18:51:26+00:00\" \/>\n<meta property=\"og:image\" content=\"https:\/\/www.versiegelung24.com\/wp-content\/uploads\/2022\/02\/Flasche.png\" \/>\n\t<meta property=\"og:image:width\" content=\"2560\" \/>\n\t<meta property=\"og:image:height\" content=\"2560\" \/>\n\t<meta property=\"og:image:type\" content=\"image\/png\" \/>\n<meta name=\"twitter:card\" content=\"summary_large_image\" \/>\n<meta name=\"twitter:label1\" content=\"Tiempo de lectura\" \/>\n\t<meta name=\"twitter:data1\" content=\"1 minuto\" \/>\n<script type=\"application\/ld+json\" class=\"yoast-schema-graph\">{\"@context\":\"https:\\\/\\\/schema.org\",\"@graph\":[{\"@type\":\"WebPage\",\"@id\":\"https:\\\/\\\/www.versiegelung24.com\\\/es\\\/sobre-la-ccm-gmbh\\\/\",\"url\":\"https:\\\/\\\/www.versiegelung24.com\\\/es\\\/sobre-la-ccm-gmbh\\\/\",\"name\":\"Compre productos CCM GmbH en la tienda online\",\"isPartOf\":{\"@id\":\"https:\\\/\\\/www.versiegelung24.com\\\/es\\\/#website\"},\"primaryImageOfPage\":{\"@id\":\"https:\\\/\\\/www.versiegelung24.com\\\/es\\\/sobre-la-ccm-gmbh\\\/#primaryimage\"},\"image\":{\"@id\":\"https:\\\/\\\/www.versiegelung24.com\\\/es\\\/sobre-la-ccm-gmbh\\\/#primaryimage\"},\"thumbnailUrl\":\"https:\\\/\\\/www.versiegelung24.com\\\/wp-content\\\/uploads\\\/2022\\\/02\\\/Flasche.png\",\"datePublished\":\"2021-08-03T08:28:18+00:00\",\"dateModified\":\"2024-06-25T18:51:26+00:00\",\"description\":\"Compre nanosellado de vidrio l\u00edquido, agentes de limpieza, desinfectantes y otros productos de CCM GmbH de Overath Alemania en l\u00ednea.\",\"breadcrumb\":{\"@id\":\"https:\\\/\\\/www.versiegelung24.com\\\/es\\\/sobre-la-ccm-gmbh\\\/#breadcrumb\"},\"inLanguage\":\"es\",\"potentialAction\":[{\"@type\":\"ReadAction\",\"target\":[\"https:\\\/\\\/www.versiegelung24.com\\\/es\\\/sobre-la-ccm-gmbh\\\/\"]}]},{\"@type\":\"ImageObject\",\"inLanguage\":\"es\",\"@id\":\"https:\\\/\\\/www.versiegelung24.com\\\/es\\\/sobre-la-ccm-gmbh\\\/#primaryimage\",\"url\":\"https:\\\/\\\/www.versiegelung24.com\\\/wp-content\\\/uploads\\\/2022\\\/02\\\/Flasche.png\",\"contentUrl\":\"https:\\\/\\\/www.versiegelung24.com\\\/wp-content\\\/uploads\\\/2022\\\/02\\\/Flasche.png\",\"width\":2560,\"height\":2560},{\"@type\":\"BreadcrumbList\",\"@id\":\"https:\\\/\\\/www.versiegelung24.com\\\/es\\\/sobre-la-ccm-gmbh\\\/#breadcrumb\",\"itemListElement\":[{\"@type\":\"ListItem\",\"position\":1,\"name\":\"P\u00e1gina web\",\"item\":\"https:\\\/\\\/www.versiegelung24.com\\\/es\\\/frontal\\\/\"},{\"@type\":\"ListItem\",\"position\":2,\"name\":\"Compre productos CCM GmbH en la tienda online\"}]},{\"@type\":\"WebSite\",\"@id\":\"https:\\\/\\\/www.versiegelung24.com\\\/es\\\/#website\",\"url\":\"https:\\\/\\\/www.versiegelung24.com\\\/es\\\/\",\"name\":\"versiegelung24.com\",\"description\":\"Fl\u00fcssigglas-Versiegelung - Made in Germany\",\"publisher\":{\"@id\":\"https:\\\/\\\/www.versiegelung24.com\\\/es\\\/#organization\"},\"potentialAction\":[{\"@type\":\"SearchAction\",\"target\":{\"@type\":\"EntryPoint\",\"urlTemplate\":\"https:\\\/\\\/www.versiegelung24.com\\\/es\\\/?s={search_term_string}\"},\"query-input\":{\"@type\":\"PropertyValueSpecification\",\"valueRequired\":true,\"valueName\":\"search_term_string\"}}],\"inLanguage\":\"es\"},{\"@type\":\"Organization\",\"@id\":\"https:\\\/\\\/www.versiegelung24.com\\\/es\\\/#organization\",\"name\":\"versiegelung24\",\"url\":\"https:\\\/\\\/www.versiegelung24.com\\\/es\\\/\",\"logo\":{\"@type\":\"ImageObject\",\"inLanguage\":\"es\",\"@id\":\"https:\\\/\\\/www.versiegelung24.com\\\/es\\\/#\\\/schema\\\/logo\\\/image\\\/\",\"url\":\"https:\\\/\\\/www.versiegelung24.com\\\/wp-content\\\/uploads\\\/2020\\\/04\\\/versiegelung24.png\",\"contentUrl\":\"https:\\\/\\\/www.versiegelung24.com\\\/wp-content\\\/uploads\\\/2020\\\/04\\\/versiegelung24.png\",\"width\":470,\"height\":102,\"caption\":\"versiegelung24\"},\"image\":{\"@id\":\"https:\\\/\\\/www.versiegelung24.com\\\/es\\\/#\\\/schema\\\/logo\\\/image\\\/\"}}]}<\/script>\n<!-- \/ Yoast SEO Premium plugin. -->","yoast_head_json":{"title":"Compre productos CCM GmbH en la tienda online","description":"Compre nanosellado de vidrio l\u00edquido, agentes de limpieza, desinfectantes y otros productos de CCM GmbH de Overath Alemania en l\u00ednea.","robots":{"index":"index","follow":"follow","max-snippet":"max-snippet:-1","max-image-preview":"max-image-preview:large","max-video-preview":"max-video-preview:-1"},"canonical":"https:\/\/www.versiegelung24.com\/es\/sobre-la-ccm-gmbh\/","og_locale":"es_ES","og_type":"article","og_title":"Compre productos CCM GmbH en la tienda online","og_description":"Compre nanosellado de vidrio l\u00edquido, agentes de limpieza, desinfectantes y otros productos de CCM GmbH de Overath Alemania en l\u00ednea.","og_url":"https:\/\/www.versiegelung24.com\/es\/sobre-la-ccm-gmbh\/","og_site_name":"versiegelung24.com","article_modified_time":"2024-06-25T18:51:26+00:00","og_image":[{"width":2560,"height":2560,"url":"https:\/\/www.versiegelung24.com\/wp-content\/uploads\/2022\/02\/Flasche.png","type":"image\/png"}],"twitter_card":"summary_large_image","twitter_misc":{"Tiempo de lectura":"1 minuto"},"schema":{"@context":"https:\/\/schema.org","@graph":[{"@type":"WebPage","@id":"https:\/\/www.versiegelung24.com\/es\/sobre-la-ccm-gmbh\/","url":"https:\/\/www.versiegelung24.com\/es\/sobre-la-ccm-gmbh\/","name":"Compre productos CCM GmbH en la tienda online","isPartOf":{"@id":"https:\/\/www.versiegelung24.com\/es\/#website"},"primaryImageOfPage":{"@id":"https:\/\/www.versiegelung24.com\/es\/sobre-la-ccm-gmbh\/#primaryimage"},"image":{"@id":"https:\/\/www.versiegelung24.com\/es\/sobre-la-ccm-gmbh\/#primaryimage"},"thumbnailUrl":"https:\/\/www.versiegelung24.com\/wp-content\/uploads\/2022\/02\/Flasche.png","datePublished":"2021-08-03T08:28:18+00:00","dateModified":"2024-06-25T18:51:26+00:00","description":"Compre nanosellado de vidrio l\u00edquido, agentes de limpieza, desinfectantes y otros productos de CCM GmbH de Overath Alemania en l\u00ednea.","breadcrumb":{"@id":"https:\/\/www.versiegelung24.com\/es\/sobre-la-ccm-gmbh\/#breadcrumb"},"inLanguage":"es","potentialAction":[{"@type":"ReadAction","target":["https:\/\/www.versiegelung24.com\/es\/sobre-la-ccm-gmbh\/"]}]},{"@type":"ImageObject","inLanguage":"es","@id":"https:\/\/www.versiegelung24.com\/es\/sobre-la-ccm-gmbh\/#primaryimage","url":"https:\/\/www.versiegelung24.com\/wp-content\/uploads\/2022\/02\/Flasche.png","contentUrl":"https:\/\/www.versiegelung24.com\/wp-content\/uploads\/2022\/02\/Flasche.png","width":2560,"height":2560},{"@type":"BreadcrumbList","@id":"https:\/\/www.versiegelung24.com\/es\/sobre-la-ccm-gmbh\/#breadcrumb","itemListElement":[{"@type":"ListItem","position":1,"name":"P\u00e1gina web","item":"https:\/\/www.versiegelung24.com\/es\/frontal\/"},{"@type":"ListItem","position":2,"name":"Compre productos CCM GmbH en la tienda online"}]},{"@type":"WebSite","@id":"https:\/\/www.versiegelung24.com\/es\/#website","url":"https:\/\/www.versiegelung24.com\/es\/","name":"versiegelung24.com","description":"Fl\u00fcssigglas-Versiegelung - Made in Germany","publisher":{"@id":"https:\/\/www.versiegelung24.com\/es\/#organization"},"potentialAction":[{"@type":"SearchAction","target":{"@type":"EntryPoint","urlTemplate":"https:\/\/www.versiegelung24.com\/es\/?s={search_term_string}"},"query-input":{"@type":"PropertyValueSpecification","valueRequired":true,"valueName":"search_term_string"}}],"inLanguage":"es"},{"@type":"Organization","@id":"https:\/\/www.versiegelung24.com\/es\/#organization","name":"versiegelung24","url":"https:\/\/www.versiegelung24.com\/es\/","logo":{"@type":"ImageObject","inLanguage":"es","@id":"https:\/\/www.versiegelung24.com\/es\/#\/schema\/logo\/image\/","url":"https:\/\/www.versiegelung24.com\/wp-content\/uploads\/2020\/04\/versiegelung24.png","contentUrl":"https:\/\/www.versiegelung24.com\/wp-content\/uploads\/2020\/04\/versiegelung24.png","width":470,"height":102,"caption":"versiegelung24"},"image":{"@id":"https:\/\/www.versiegelung24.com\/es\/#\/schema\/logo\/image\/"}}]}},"_links":{"self":[{"href":"https:\/\/www.versiegelung24.com\/es\/wp-json\/wp\/v2\/pages\/25540","targetHints":{"allow":["GET"]}}],"collection":[{"href":"https:\/\/www.versiegelung24.com\/es\/wp-json\/wp\/v2\/pages"}],"about":[{"href":"https:\/\/www.versiegelung24.com\/es\/wp-json\/wp\/v2\/types\/page"}],"author":[{"embeddable":true,"href":"https:\/\/www.versiegelung24.com\/es\/wp-json\/wp\/v2\/users\/932"}],"replies":[{"embeddable":true,"href":"https:\/\/www.versiegelung24.com\/es\/wp-json\/wp\/v2\/comments?post=25540"}],"version-history":[{"count":2,"href":"https:\/\/www.versiegelung24.com\/es\/wp-json\/wp\/v2\/pages\/25540\/revisions"}],"predecessor-version":[{"id":167664,"href":"https:\/\/www.versiegelung24.com\/es\/wp-json\/wp\/v2\/pages\/25540\/revisions\/167664"}],"wp:featuredmedia":[{"embeddable":true,"href":"https:\/\/www.versiegelung24.com\/es\/wp-json\/wp\/v2\/media\/70235"}],"wp:attachment":[{"href":"https:\/\/www.versiegelung24.com\/es\/wp-json\/wp\/v2\/media?parent=25540"}],"wp:term":[{"taxonomy":"category","embeddable":true,"href":"https:\/\/www.versiegelung24.com\/es\/wp-json\/wp\/v2\/categories?post=25540"},{"taxonomy":"seiten_kategorie","embeddable":true,"href":"https:\/\/www.versiegelung24.com\/es\/wp-json\/wp\/v2\/seiten_kategorie?post=25540"}],"curies":[{"name":"wp","href":"https:\/\/api.w.org\/{rel}","templated":true}]}}