{"id":25708,"date":"2021-08-03T11:17:19","date_gmt":"2021-08-03T09:17:19","guid":{"rendered":"https:\/\/www.versiegelung24.com\/terminos-y-condiciones-generales-con-informacion-del-cliente"},"modified":"2024-06-25T20:50:44","modified_gmt":"2024-06-25T18:50:44","slug":"condiciones-generales","status":"publish","type":"page","link":"https:\/\/www.versiegelung24.com\/es\/terminos-y-condiciones-generales-con-informacion-del-cliente\/","title":{"rendered":"T\u00e9rminos y condiciones generales con informaci\u00f3n del cliente"},"content":{"rendered":"<h2>\u00cdndice<\/h2>\n<ol>\n<li>alcance<\/li>\n<li>Conclusi\u00f3n del contrato<\/li>\n<li>Derecho a retirada<\/li>\n<li>Precios y condiciones de pago<\/li>\n<li>Condiciones de entrega y env\u00edo<\/li>\n<li>Retencion de TITULO<\/li>\n<li>Responsabilidad por defectos (garant\u00eda)<\/li>\n<li>Canje de cupones de campa\u00f1a<\/li>\n<li>Ley aplicable<\/li>\n<li>Resoluci\u00f3n de conflicto alternativa<\/li>\n<\/ol>\n<h2>1 Alcance<\/h2>\n<p><strong>1.1<\/strong> Estos T\u00e9rminos y Condiciones Generales (en adelante, &#8220;TCG&#8221;) de Holger K\u00e4ding, que opera bajo &#8220;versiegelung24.com&#8221; (en adelante, &#8220;Vendedor&#8221;), se aplican a todos los contratos para la entrega de bienes que un consumidor o empresario (en adelante, &#8220;Cliente&#8221;) con el vendedor con respecto a los productos presentados por el vendedor en su tienda en l\u00ednea. Se contradice la inclusi\u00f3n de las condiciones propias del cliente, salvo pacto en contrario.<\/p>\n<p><strong>1.2<\/strong>&nbsp; Un consumidor en el sentido de estos T\u00e9rminos y Condiciones Generales es cualquier persona f\u00edsica que concluye una transacci\u00f3n legal con fines que no son predominantemente comerciales ni por cuenta propia. Un empresario en el sentido de estos t\u00e9rminos y condiciones es una persona f\u00edsica o jur\u00eddica o una sociedad legal que, al concluir una transacci\u00f3n legal, act\u00faa en el ejercicio de su actividad comercial o profesional independiente.<\/p>\n<h2>2) Conclusi\u00f3n del contrato<\/h2>\n<p><strong>2.1<\/strong>&nbsp; Las descripciones de los productos contenidas en la tienda en l\u00ednea del vendedor no representan ofertas vinculantes por parte del vendedor, sino que sirven para que el cliente pueda presentar una oferta vinculante.<\/p>\n<p><strong>2.2<\/strong>&nbsp; El cliente puede enviar la oferta a trav\u00e9s del formulario de pedido en l\u00ednea integrado en la tienda en l\u00ednea del vendedor. Despu\u00e9s de colocar los productos seleccionados en el carrito de compras virtual y pasar por el proceso de pedido electr\u00f3nico, el cliente env\u00eda una oferta de contrato legalmente vinculante para los productos en el carrito de compras haciendo clic en el bot\u00f3n que concluye el proceso de pedido. Adem\u00e1s, el cliente tambi\u00e9n puede enviar la oferta al vendedor por tel\u00e9fono o correo electr\u00f3nico.<\/p>\n<p><strong>2.3<\/strong>&nbsp; El vendedor puede aceptar la oferta del cliente en un plazo de cinco d\u00edas,<\/p>\n<ul>\n<li>enviando al cliente una confirmaci\u00f3n de pedido por escrito o una confirmaci\u00f3n de pedido en forma de texto (fax o correo electr\u00f3nico), por lo que la recepci\u00f3n de la confirmaci\u00f3n del pedido por parte del cliente es decisiva, o<\/li>\n<li>mediante la entrega de la mercanc\u00eda solicitada al cliente, por lo que la recepci\u00f3n de la mercanc\u00eda por parte del cliente es decisiva, o<\/li>\n<li>pidiendo al cliente que pague despu\u00e9s de realizar su pedido.<\/li>\n<\/ul>\n<p>Si existen varias de las alternativas antes mencionadas, el contrato se concluye en el momento en el que ocurre primero una de las alternativas mencionadas. El plazo para aceptar la oferta comienza el d\u00eda siguiente al env\u00edo de la oferta por parte del cliente y finaliza al final del quinto d\u00eda siguiente al env\u00edo de la oferta. Si el vendedor no acepta la oferta del cliente dentro del per\u00edodo antes mencionado, se considerar\u00e1 un rechazo de la oferta, con el resultado de que el cliente ya no est\u00e1 obligado por su declaraci\u00f3n de intenciones.<\/p>\n<p><strong>2.4<\/strong>&nbsp; Al enviar una oferta a trav\u00e9s del formulario de pedido en l\u00ednea del vendedor, el vendedor guarda el texto del contrato y lo env\u00eda al cliente en forma de texto (por ejemplo, correo electr\u00f3nico, fax o carta) junto con estos T\u00e9rminos y condiciones generales despu\u00e9s de que se haya enviado el pedido. . Adem\u00e1s, el texto del contrato se archiva en el sitio web del vendedor y el cliente puede consultarlo de forma gratuita a trav\u00e9s de su cuenta de cliente protegida con contrase\u00f1a introduciendo los datos de inicio de sesi\u00f3n correspondientes, siempre que el cliente haya creado una cuenta de cliente en el tienda en l\u00ednea del vendedor antes de enviar su pedido.<\/p>\n<p><strong>2.5<\/strong>&nbsp; Antes de enviar el pedido vinculante a trav\u00e9s del formulario de pedido en l\u00ednea del vendedor, el cliente puede identificar posibles errores de entrada leyendo atentamente la informaci\u00f3n que se muestra en la pantalla. Un medio t\u00e9cnico eficaz para un mejor reconocimiento de los errores de entrada puede ser la funci\u00f3n de ampliaci\u00f3n del navegador, con la ayuda de la cual se ampl\u00eda la representaci\u00f3n en la pantalla. El cliente puede corregir sus entradas como parte del proceso de pedido electr\u00f3nico utilizando las funciones habituales del teclado y el mouse hasta que haga clic en el bot\u00f3n que concluye el proceso de pedido.<\/p>\n<p><strong>2.6<\/strong>&nbsp; Solo el idioma alem\u00e1n est\u00e1 disponible para la celebraci\u00f3n del contrato.<\/p>\n<p><strong>2.7<\/strong>&nbsp; El procesamiento del pedido y el contacto generalmente se realizan a trav\u00e9s de correo electr\u00f3nico y el procesamiento automatizado del pedido. El cliente debe asegurarse de que la direcci\u00f3n de correo electr\u00f3nico proporcionada por \u00e9l para procesar el pedido sea correcta, de modo que los correos electr\u00f3nicos enviados por el vendedor puedan recibirse en esta direcci\u00f3n. En particular, al utilizar filtros de SPAM, el cliente debe asegurarse de que se puedan entregar todos los correos electr\u00f3nicos enviados por el vendedor o terceros encargados por el vendedor para procesar el pedido.<\/p>\n<h2>3) derecho de desistimiento<\/h2>\n<p><strong>3.1<\/strong>&nbsp; Los consumidores generalmente tienen derecho a un derecho de desistimiento.<\/p>\n<p><strong>3.2<\/strong>&nbsp; Puede encontrar m\u00e1s informaci\u00f3n sobre el derecho de desistimiento en la pol\u00edtica de cancelaci\u00f3n del vendedor.<\/p>\n<h2>4) Precios y condiciones de pago<\/h2>\n<p><strong>4.1<\/strong>&nbsp; A menos que se indique lo contrario en la descripci\u00f3n del producto del vendedor, los precios indicados son precios totales que incluyen el impuesto sobre las ventas legal. Los gastos de env\u00edo y env\u00edo adicionales que puedan surgir se especifican por separado en la descripci\u00f3n del producto correspondiente.<\/p>\n<p><strong>4.2<\/strong>&nbsp; La(s) opci\u00f3n(es) de pago se comunicar\u00e1n al cliente en la tienda online del vendedor.<\/p>\n<p><strong>4.3<\/strong>&nbsp; Si se ha acordado el pago por adelantado mediante transferencia bancaria, el pago vence inmediatamente despu\u00e9s de la celebraci\u00f3n del contrato, a menos que las partes hayan acordado una fecha de vencimiento posterior.<\/p>\n<p><strong>4.4<\/strong>&nbsp; Al pagar con un m\u00e9todo de pago ofrecido por PayPal, el pago se procesa a trav\u00e9s del proveedor de servicios de pago PayPal (Europe) S.\u00e0 rl et Cie, SCA, 22-24 Boulevard Royal, L-2449 Luxemburgo (en adelante: &#8220;PayPal&#8221;), bajo la vigencia de PayPal -T\u00e9rminos de uso, disponibles en&nbsp;<a href=\"https:\/\/www.paypal.com\/de\/webapps\/mpp\/ua\/useragreement-full\" target=\"_blank\" rel=\"noopener noreferrer\">https:\/\/www.paypal.com\/de\/webapps\/mpp\/ua\/useragreement-full<\/a>&nbsp; o &#8211; si el cliente no tiene una cuenta de PayPal &#8211; sujeto a las condiciones para pagos sin una cuenta de PayPal, que se pueden ver en&nbsp;<a href=\"https:\/\/www.paypal.com\/de\/webapps\/mpp\/ua\/privacywax-full\">https:\/\/www.paypal.com\/de\/webapps\/mpp\/ua\/privacywax-full<\/a> .<\/p>\n<h2>5) Condiciones de entrega y env\u00edo<\/h2>\n<p><strong>5.1<\/strong>&nbsp; Los bienes se entregan en la direcci\u00f3n de entrega especificada por el cliente, a menos que se acuerde lo contrario. Al procesar la transacci\u00f3n, la direcci\u00f3n de entrega indicada en el procesamiento del pedido del vendedor es decisiva. A diferencia de esto, al elegir el m\u00e9todo de pago de PayPal, la direcci\u00f3n de entrega almacenada por el cliente en PayPal en el momento del pago es decisiva.<\/p>\n<p><strong>5.2<\/strong>&nbsp; Si la empresa de transporte devuelve los bienes enviados al vendedor porque no fue posible la entrega al cliente, el cliente corre con los costos del env\u00edo fallido. Esto no aplica si el cliente ejerce efectivamente su derecho de desistimiento, si no es responsable de la circunstancia que motiv\u00f3 la imposibilidad de la entrega o si se le impidi\u00f3 temporalmente aceptar el servicio ofertado, a menos que el vendedor le haya dado la oportunidad que hab\u00eda anunciado. la actuaci\u00f3n con un tiempo razonable de antelaci\u00f3n.<\/p>\n<p><strong>5.3<\/strong>&nbsp; La recogida no es posible por razones log\u00edsticas.<\/p>\n<h2>6) Reserva de dominio<\/h2>\n<p>Si el vendedor hace un pago por adelantado, conserva la propiedad de los bienes entregados hasta que se haya pagado en su totalidad el precio de compra adeudado.<\/p>\n<h2>7) Responsabilidad por defectos (garant\u00eda)<\/h2>\n<p><strong>7.1<\/strong>&nbsp; Si el art\u00edculo comprado es defectuoso, se aplica la responsabilidad legal por defectos.<\/p>\n<p><strong>7.2<\/strong>&nbsp; Se le pide al cliente que se queje de los bienes entregados con da\u00f1os de transporte evidentes al repartidor e informe al vendedor de esto. Si el cliente no cumple, esto no tiene ning\u00fan efecto sobre sus reclamaciones legales o contractuales por defectos.<\/p>\n<h2>8) Canje de cupones de campa\u00f1a<\/h2>\n<p><strong>8.1<\/strong>&nbsp; Los vales emitidos gratuitamente por el vendedor como parte de promociones con un per\u00edodo de validez espec\u00edfico y que el cliente no puede comprar (en adelante, &#8220;vales promocionales&#8221;) solo pueden canjearse en la tienda en l\u00ednea del vendedor y solo en el per\u00edodo especificado .<\/p>\n<p><strong>8.2<\/strong>&nbsp; Los productos individuales pueden ser excluidos de la campa\u00f1a de vales si la restricci\u00f3n correspondiente resulta del contenido del vale de la campa\u00f1a.<\/p>\n<p><strong>8.3<\/strong>&nbsp; Los cupones promocionales solo se pueden canjear antes de completar el proceso de pedido. No es posible realizar una facturaci\u00f3n posterior.<\/p>\n<p><strong>8.4<\/strong>&nbsp; Solo se puede canjear un vale promocional por pedido.<\/p>\n<p><strong>8.5<\/strong>&nbsp; El valor de los bienes debe corresponder al menos al importe del vale promocional. El vendedor no reembolsar\u00e1 el cr\u00e9dito restante.<\/p>\n<p><strong>8.6<\/strong>&nbsp; Si el valor del vale promocional no es suficiente para cubrir el pedido, se puede seleccionar uno de los otros m\u00e9todos de pago ofrecidos por el vendedor para liquidar la diferencia.<\/p>\n<p><strong>8.7<\/strong>&nbsp; El saldo de un vale promocional no se paga en efectivo ni genera intereses.<\/p>\n<p><strong>8.8<\/strong>&nbsp; El vale de campa\u00f1a no se reembolsar\u00e1 si el cliente devuelve los bienes que se pagaron total o parcialmente con el vale de campa\u00f1a en el marco de su derecho de desistimiento legal.<\/p>\n<p><strong>8.9<\/strong>&nbsp; El bono promocional es transferible. El vendedor puede, con efecto de descarga, realizar pagos al propietario respectivo que canjea el bono promocional en la tienda en l\u00ednea del vendedor. Esto no se aplica si el vendedor tiene conocimiento o ignorancia por negligencia grave de la no autorizaci\u00f3n, la incapacidad legal o la falta de autorizaci\u00f3n del propietario respectivo.<\/p>\n<h2>9) Ley aplicable<\/h2>\n<p>La ley de la Rep\u00fablica Federal de Alemania se aplica a todas las relaciones legales entre las partes, excluidas las leyes sobre la compra internacional de bienes muebles. Para los consumidores, esta elecci\u00f3n de la ley solo se aplica en la medida en que no se retire la protecci\u00f3n otorgada por las disposiciones obligatorias de la ley del estado en el que el consumidor tiene su residencia habitual.<\/p>\n<h2>10) Resoluci\u00f3n alternativa de disputas<\/h2>\n<p><strong>10.1<\/strong>&nbsp; La Comisi\u00f3n de la UE proporciona una plataforma para la resoluci\u00f3n de disputas en l\u00ednea en Internet bajo el siguiente enlace:&nbsp;<a href=\"http:\/\/ec.europa.eu\/consumers\/odr\">http:\/\/ec.europa.eu\/consumers\/odr<\/a><\/p>\n<p>Esta plataforma sirve como punto de contacto para la resoluci\u00f3n extrajudicial de disputas que surjan de contratos de compra o servicio en l\u00ednea en los que est\u00e9 involucrado un consumidor.<\/p>\n<p><strong>10.2<\/strong>&nbsp; El vendedor no est\u00e1 obligado ni dispuesto a participar en un procedimiento de resoluci\u00f3n de disputas ante una junta de arbitraje de consumidores.<\/p>\n","protected":false},"excerpt":{"rendered":"<p>\u00cdndice alcance Conclusi\u00f3n del contrato Derecho a retirada Precios y condiciones de pago Condiciones de entrega y env\u00edo Retencion de TITULO Responsabilidad por defectos (garant\u00eda) Canje de cupones de campa\u00f1a Ley aplicable Resoluci\u00f3n de conflicto alternativa 1 Alcance 1.1 Estos T\u00e9rminos y Condiciones Generales (en adelante, &#8220;TCG&#8221;) de Holger K\u00e4ding, que opera bajo &#8220;versiegelung24.com&#8221; (en&hellip;&nbsp;<a href=\"https:\/\/www.versiegelung24.com\/es\/terminos-y-condiciones-generales-con-informacion-del-cliente\/\" rel=\"bookmark\">Read More &raquo;<span class=\"screen-reader-text\">T\u00e9rminos y condiciones generales con informaci\u00f3n del cliente<\/span><\/a><\/p>\n","protected":false},"author":932,"featured_media":70726,"parent":0,"menu_order":0,"comment_status":"closed","ping_status":"closed","template":"","meta":{"_acf_changed":false,"neve_meta_sidebar":"","neve_meta_container":"","neve_meta_enable_content_width":"","neve_meta_content_width":0,"neve_meta_title_alignment":"","neve_meta_author_avatar":"","neve_post_elements_order":"","neve_meta_disable_header":"","neve_meta_disable_footer":"","neve_meta_disable_title":"","neve_meta_reading_time":"","footnotes":""},"categories":[],"seiten_kategorie":[],"class_list":["post-25708","page","type-page","status-publish","has-post-thumbnail","hentry"],"acf":[],"yoast_head":"<!-- This site is optimized with the Yoast SEO Premium plugin v22.8 (Yoast SEO v27.5) - https:\/\/yoast.com\/product\/yoast-seo-premium-wordpress\/ -->\n<title>T\u00e9rminos y condiciones generales con informaci\u00f3n del cliente - versiegelung24.com<\/title>\n<meta name=\"robots\" content=\"index, follow, max-snippet:-1, max-image-preview:large, max-video-preview:-1\" \/>\n<link rel=\"canonical\" href=\"https:\/\/www.versiegelung24.com\/es\/terminos-y-condiciones-generales-con-informacion-del-cliente\/\" \/>\n<meta property=\"og:locale\" content=\"es_ES\" \/>\n<meta property=\"og:type\" content=\"article\" \/>\n<meta property=\"og:title\" content=\"T\u00e9rminos y condiciones generales con informaci\u00f3n del cliente\" \/>\n<meta property=\"og:description\" content=\"\u00cdndice alcance Conclusi\u00f3n del contrato Derecho a retirada Precios y condiciones de pago Condiciones de entrega y env\u00edo Retencion de TITULO Responsabilidad por defectos (garant\u00eda) Canje de cupones de campa\u00f1a Ley aplicable Resoluci\u00f3n de conflicto alternativa 1 Alcance 1.1 Estos T\u00e9rminos y Condiciones Generales (en adelante, &#8220;TCG&#8221;) de Holger K\u00e4ding, que opera bajo &#8220;versiegelung24.com&#8221; (en&hellip;&nbsp;Read More &raquo;T\u00e9rminos y condiciones generales con informaci\u00f3n del cliente\" \/>\n<meta property=\"og:url\" content=\"https:\/\/www.versiegelung24.com\/es\/terminos-y-condiciones-generales-con-informacion-del-cliente\/\" \/>\n<meta property=\"og:site_name\" content=\"versiegelung24.com\" \/>\n<meta property=\"article:modified_time\" content=\"2024-06-25T18:50:44+00:00\" \/>\n<meta property=\"og:image\" content=\"https:\/\/www.versiegelung24.com\/wp-content\/uploads\/2022\/02\/Impressum.png\" \/>\n\t<meta property=\"og:image:width\" content=\"2000\" \/>\n\t<meta property=\"og:image:height\" content=\"2000\" \/>\n\t<meta property=\"og:image:type\" content=\"image\/png\" \/>\n<meta name=\"twitter:card\" content=\"summary_large_image\" \/>\n<meta name=\"twitter:label1\" content=\"Tiempo de lectura\" \/>\n\t<meta name=\"twitter:data1\" content=\"9 minutos\" \/>\n<script type=\"application\/ld+json\" class=\"yoast-schema-graph\">{\"@context\":\"https:\\\/\\\/schema.org\",\"@graph\":[{\"@type\":\"WebPage\",\"@id\":\"https:\\\/\\\/www.versiegelung24.com\\\/es\\\/terminos-y-condiciones-generales-con-informacion-del-cliente\\\/\",\"url\":\"https:\\\/\\\/www.versiegelung24.com\\\/es\\\/terminos-y-condiciones-generales-con-informacion-del-cliente\\\/\",\"name\":\"T\u00e9rminos y condiciones generales con informaci\u00f3n del cliente - versiegelung24.com\",\"isPartOf\":{\"@id\":\"https:\\\/\\\/www.versiegelung24.com\\\/es\\\/#website\"},\"primaryImageOfPage\":{\"@id\":\"https:\\\/\\\/www.versiegelung24.com\\\/es\\\/terminos-y-condiciones-generales-con-informacion-del-cliente\\\/#primaryimage\"},\"image\":{\"@id\":\"https:\\\/\\\/www.versiegelung24.com\\\/es\\\/terminos-y-condiciones-generales-con-informacion-del-cliente\\\/#primaryimage\"},\"thumbnailUrl\":\"https:\\\/\\\/www.versiegelung24.com\\\/wp-content\\\/uploads\\\/2022\\\/02\\\/Impressum.png\",\"datePublished\":\"2021-08-03T09:17:19+00:00\",\"dateModified\":\"2024-06-25T18:50:44+00:00\",\"breadcrumb\":{\"@id\":\"https:\\\/\\\/www.versiegelung24.com\\\/es\\\/terminos-y-condiciones-generales-con-informacion-del-cliente\\\/#breadcrumb\"},\"inLanguage\":\"es\",\"potentialAction\":[{\"@type\":\"ReadAction\",\"target\":[\"https:\\\/\\\/www.versiegelung24.com\\\/es\\\/terminos-y-condiciones-generales-con-informacion-del-cliente\\\/\"]}]},{\"@type\":\"ImageObject\",\"inLanguage\":\"es\",\"@id\":\"https:\\\/\\\/www.versiegelung24.com\\\/es\\\/terminos-y-condiciones-generales-con-informacion-del-cliente\\\/#primaryimage\",\"url\":\"https:\\\/\\\/www.versiegelung24.com\\\/wp-content\\\/uploads\\\/2022\\\/02\\\/Impressum.png\",\"contentUrl\":\"https:\\\/\\\/www.versiegelung24.com\\\/wp-content\\\/uploads\\\/2022\\\/02\\\/Impressum.png\",\"width\":2000,\"height\":2000},{\"@type\":\"BreadcrumbList\",\"@id\":\"https:\\\/\\\/www.versiegelung24.com\\\/es\\\/terminos-y-condiciones-generales-con-informacion-del-cliente\\\/#breadcrumb\",\"itemListElement\":[{\"@type\":\"ListItem\",\"position\":1,\"name\":\"P\u00e1gina web\",\"item\":\"https:\\\/\\\/www.versiegelung24.com\\\/es\\\/frontal\\\/\"},{\"@type\":\"ListItem\",\"position\":2,\"name\":\"T\u00e9rminos y condiciones generales con informaci\u00f3n del cliente\"}]},{\"@type\":\"WebSite\",\"@id\":\"https:\\\/\\\/www.versiegelung24.com\\\/es\\\/#website\",\"url\":\"https:\\\/\\\/www.versiegelung24.com\\\/es\\\/\",\"name\":\"versiegelung24.com\",\"description\":\"Fl\u00fcssigglas-Versiegelung - Made in Germany\",\"publisher\":{\"@id\":\"https:\\\/\\\/www.versiegelung24.com\\\/es\\\/#organization\"},\"potentialAction\":[{\"@type\":\"SearchAction\",\"target\":{\"@type\":\"EntryPoint\",\"urlTemplate\":\"https:\\\/\\\/www.versiegelung24.com\\\/es\\\/?s={search_term_string}\"},\"query-input\":{\"@type\":\"PropertyValueSpecification\",\"valueRequired\":true,\"valueName\":\"search_term_string\"}}],\"inLanguage\":\"es\"},{\"@type\":\"Organization\",\"@id\":\"https:\\\/\\\/www.versiegelung24.com\\\/es\\\/#organization\",\"name\":\"versiegelung24\",\"url\":\"https:\\\/\\\/www.versiegelung24.com\\\/es\\\/\",\"logo\":{\"@type\":\"ImageObject\",\"inLanguage\":\"es\",\"@id\":\"https:\\\/\\\/www.versiegelung24.com\\\/es\\\/#\\\/schema\\\/logo\\\/image\\\/\",\"url\":\"https:\\\/\\\/www.versiegelung24.com\\\/wp-content\\\/uploads\\\/2020\\\/04\\\/versiegelung24.png\",\"contentUrl\":\"https:\\\/\\\/www.versiegelung24.com\\\/wp-content\\\/uploads\\\/2020\\\/04\\\/versiegelung24.png\",\"width\":470,\"height\":102,\"caption\":\"versiegelung24\"},\"image\":{\"@id\":\"https:\\\/\\\/www.versiegelung24.com\\\/es\\\/#\\\/schema\\\/logo\\\/image\\\/\"}}]}<\/script>\n<!-- \/ Yoast SEO Premium plugin. -->","yoast_head_json":{"title":"T\u00e9rminos y condiciones generales con informaci\u00f3n del cliente - versiegelung24.com","robots":{"index":"index","follow":"follow","max-snippet":"max-snippet:-1","max-image-preview":"max-image-preview:large","max-video-preview":"max-video-preview:-1"},"canonical":"https:\/\/www.versiegelung24.com\/es\/terminos-y-condiciones-generales-con-informacion-del-cliente\/","og_locale":"es_ES","og_type":"article","og_title":"T\u00e9rminos y condiciones generales con informaci\u00f3n del cliente","og_description":"\u00cdndice alcance Conclusi\u00f3n del contrato Derecho a retirada Precios y condiciones de pago Condiciones de entrega y env\u00edo Retencion de TITULO Responsabilidad por defectos (garant\u00eda) Canje de cupones de campa\u00f1a Ley aplicable Resoluci\u00f3n de conflicto alternativa 1 Alcance 1.1 Estos T\u00e9rminos y Condiciones Generales (en adelante, &#8220;TCG&#8221;) de Holger K\u00e4ding, que opera bajo &#8220;versiegelung24.com&#8221; (en&hellip;&nbsp;Read More &raquo;T\u00e9rminos y condiciones generales con informaci\u00f3n del cliente","og_url":"https:\/\/www.versiegelung24.com\/es\/terminos-y-condiciones-generales-con-informacion-del-cliente\/","og_site_name":"versiegelung24.com","article_modified_time":"2024-06-25T18:50:44+00:00","og_image":[{"width":2000,"height":2000,"url":"https:\/\/www.versiegelung24.com\/wp-content\/uploads\/2022\/02\/Impressum.png","type":"image\/png"}],"twitter_card":"summary_large_image","twitter_misc":{"Tiempo de lectura":"9 minutos"},"schema":{"@context":"https:\/\/schema.org","@graph":[{"@type":"WebPage","@id":"https:\/\/www.versiegelung24.com\/es\/terminos-y-condiciones-generales-con-informacion-del-cliente\/","url":"https:\/\/www.versiegelung24.com\/es\/terminos-y-condiciones-generales-con-informacion-del-cliente\/","name":"T\u00e9rminos y condiciones generales con informaci\u00f3n del cliente - versiegelung24.com","isPartOf":{"@id":"https:\/\/www.versiegelung24.com\/es\/#website"},"primaryImageOfPage":{"@id":"https:\/\/www.versiegelung24.com\/es\/terminos-y-condiciones-generales-con-informacion-del-cliente\/#primaryimage"},"image":{"@id":"https:\/\/www.versiegelung24.com\/es\/terminos-y-condiciones-generales-con-informacion-del-cliente\/#primaryimage"},"thumbnailUrl":"https:\/\/www.versiegelung24.com\/wp-content\/uploads\/2022\/02\/Impressum.png","datePublished":"2021-08-03T09:17:19+00:00","dateModified":"2024-06-25T18:50:44+00:00","breadcrumb":{"@id":"https:\/\/www.versiegelung24.com\/es\/terminos-y-condiciones-generales-con-informacion-del-cliente\/#breadcrumb"},"inLanguage":"es","potentialAction":[{"@type":"ReadAction","target":["https:\/\/www.versiegelung24.com\/es\/terminos-y-condiciones-generales-con-informacion-del-cliente\/"]}]},{"@type":"ImageObject","inLanguage":"es","@id":"https:\/\/www.versiegelung24.com\/es\/terminos-y-condiciones-generales-con-informacion-del-cliente\/#primaryimage","url":"https:\/\/www.versiegelung24.com\/wp-content\/uploads\/2022\/02\/Impressum.png","contentUrl":"https:\/\/www.versiegelung24.com\/wp-content\/uploads\/2022\/02\/Impressum.png","width":2000,"height":2000},{"@type":"BreadcrumbList","@id":"https:\/\/www.versiegelung24.com\/es\/terminos-y-condiciones-generales-con-informacion-del-cliente\/#breadcrumb","itemListElement":[{"@type":"ListItem","position":1,"name":"P\u00e1gina web","item":"https:\/\/www.versiegelung24.com\/es\/frontal\/"},{"@type":"ListItem","position":2,"name":"T\u00e9rminos y condiciones generales con informaci\u00f3n del cliente"}]},{"@type":"WebSite","@id":"https:\/\/www.versiegelung24.com\/es\/#website","url":"https:\/\/www.versiegelung24.com\/es\/","name":"versiegelung24.com","description":"Fl\u00fcssigglas-Versiegelung - Made in Germany","publisher":{"@id":"https:\/\/www.versiegelung24.com\/es\/#organization"},"potentialAction":[{"@type":"SearchAction","target":{"@type":"EntryPoint","urlTemplate":"https:\/\/www.versiegelung24.com\/es\/?s={search_term_string}"},"query-input":{"@type":"PropertyValueSpecification","valueRequired":true,"valueName":"search_term_string"}}],"inLanguage":"es"},{"@type":"Organization","@id":"https:\/\/www.versiegelung24.com\/es\/#organization","name":"versiegelung24","url":"https:\/\/www.versiegelung24.com\/es\/","logo":{"@type":"ImageObject","inLanguage":"es","@id":"https:\/\/www.versiegelung24.com\/es\/#\/schema\/logo\/image\/","url":"https:\/\/www.versiegelung24.com\/wp-content\/uploads\/2020\/04\/versiegelung24.png","contentUrl":"https:\/\/www.versiegelung24.com\/wp-content\/uploads\/2020\/04\/versiegelung24.png","width":470,"height":102,"caption":"versiegelung24"},"image":{"@id":"https:\/\/www.versiegelung24.com\/es\/#\/schema\/logo\/image\/"}}]}},"_links":{"self":[{"href":"https:\/\/www.versiegelung24.com\/es\/wp-json\/wp\/v2\/pages\/25708","targetHints":{"allow":["GET"]}}],"collection":[{"href":"https:\/\/www.versiegelung24.com\/es\/wp-json\/wp\/v2\/pages"}],"about":[{"href":"https:\/\/www.versiegelung24.com\/es\/wp-json\/wp\/v2\/types\/page"}],"author":[{"embeddable":true,"href":"https:\/\/www.versiegelung24.com\/es\/wp-json\/wp\/v2\/users\/932"}],"replies":[{"embeddable":true,"href":"https:\/\/www.versiegelung24.com\/es\/wp-json\/wp\/v2\/comments?post=25708"}],"version-history":[{"count":3,"href":"https:\/\/www.versiegelung24.com\/es\/wp-json\/wp\/v2\/pages\/25708\/revisions"}],"predecessor-version":[{"id":167628,"href":"https:\/\/www.versiegelung24.com\/es\/wp-json\/wp\/v2\/pages\/25708\/revisions\/167628"}],"wp:featuredmedia":[{"embeddable":true,"href":"https:\/\/www.versiegelung24.com\/es\/wp-json\/wp\/v2\/media\/70726"}],"wp:attachment":[{"href":"https:\/\/www.versiegelung24.com\/es\/wp-json\/wp\/v2\/media?parent=25708"}],"wp:term":[{"taxonomy":"category","embeddable":true,"href":"https:\/\/www.versiegelung24.com\/es\/wp-json\/wp\/v2\/categories?post=25708"},{"taxonomy":"seiten_kategorie","embeddable":true,"href":"https:\/\/www.versiegelung24.com\/es\/wp-json\/wp\/v2\/seiten_kategorie?post=25708"}],"curies":[{"name":"wp","href":"https:\/\/api.w.org\/{rel}","templated":true}]}}