{"id":25884,"date":"2021-08-03T12:02:34","date_gmt":"2021-08-03T10:02:34","guid":{"rendered":"https:\/\/www.versiegelung24.com\/politica-de-cancelacion-y-formulario-de-cancelacion"},"modified":"2024-06-25T20:51:01","modified_gmt":"2024-06-25T18:51:01","slug":"politica-de-cancelacion","status":"publish","type":"page","link":"https:\/\/www.versiegelung24.com\/es\/politica-de-cancelacion\/","title":{"rendered":"Pol\u00edtica de cancelaci\u00f3n y formulario de cancelaci\u00f3n"},"content":{"rendered":"<div class=\"main-container col1-layout\">\n<div class=\"main container\">\n<div class=\"inner-container\">\n<div class=\"col-main\">\n<div class=\"std\">\n<p>Los consumidores tienen derecho a un derecho de desistimiento de conformidad con las siguientes disposiciones, seg\u00fan las cuales un consumidor es cualquier persona f\u00edsica que concluye una transacci\u00f3n legal con fines que no son predominantemente comerciales ni aut\u00f3nomos:<\/p>\n<p><strong>A. Pol\u00edtica de cancelaci\u00f3n<\/strong><\/p>\n<p><strong>Derecho a retirada<br \/>\n<\/strong> Tiene derecho a rescindir este contrato en un plazo de 14 d\u00edas sin dar una raz\u00f3n.<\/p>\n<p>El plazo de cancelaci\u00f3n es de 14 d\u00edas a partir del d\u00eda en que usted o un tercero designado por usted, que no sea el transportista, haya tomado posesi\u00f3n de la \u00faltima mercanc\u00eda.<\/p>\n<p>Para ejercer su derecho de desistimiento, deber\u00e1 informarnos (Holger K\u00e4ding, An den Ellmen 14, 53773 Hennef, Tel.: 02242-9695650, correo electr\u00f3nico: info@versiegelung24.com) mediante una declaraci\u00f3n clara (por ejemplo, una carta o un correo electr\u00f3nico enviado por correo postal) de su decisi\u00f3n de desistir del presente contrato. Puede utilizar el formulario de retiro modelo adjunto para este prop\u00f3sito, pero esto no es obligatorio.<\/p>\n<p>Para cumplir con el plazo de cancelaci\u00f3n, es suficiente que env\u00ede su notificaci\u00f3n de ejercicio de su derecho de cancelaci\u00f3n antes de que expire el per\u00edodo de cancelaci\u00f3n.<\/p>\n<p><strong><br \/>\nConsecuencias de la anulaci\u00f3n<\/strong>Si anulas el presente contrato, te reembolsaremos todos los pagos que hayamos recibido de ti, incluidos los gastos de entrega (con excepci\u00f3n de los gastos suplementarios resultantes de tu elecci\u00f3n de un tipo de entrega distinto del tipo menos costoso de entrega est\u00e1ndar que ofrezcamos), sin ninguna demora indebida y, en cualquier caso, a m\u00e1s tardar 14 d\u00edas a partir del d\u00eda en que se nos informe de tu decisi\u00f3n de anular el presente contrato.<strong><\/strong> Para este reembolso, utilizaremos el mismo medio de pago que utiliz\u00f3 para la transacci\u00f3n original, a menos que se haya acordado expresamente con usted otra cosa; En ning\u00fan caso se le cobrar\u00e1 ninguna tarifa por este reembolso. Podemos rechazar el reembolso hasta que hayamos recibido la mercanc\u00eda de vuelta o hasta que usted haya proporcionado evidencia de que ha devuelto la mercanc\u00eda, lo que ocurra primero.<\/p>\n<p>Debe devolvernos o entregarnos la mercanc\u00eda de inmediato y, en cualquier caso, a m\u00e1s tardar catorce d\u00edas a partir de la fecha en que nos inform\u00f3 de la cancelaci\u00f3n de este contrato. El plazo se cumple si env\u00eda la mercanc\u00eda antes de que expire el plazo de catorce d\u00edas.<\/p>\n<p>Usted corre con los costes directos de devoluci\u00f3n de la mercanc\u00eda.<\/p>\n<p>Solo tiene que pagar cualquier p\u00e9rdida de valor de la mercanc\u00eda si esta p\u00e9rdida de valor se debe a la manipulaci\u00f3n de la mercanc\u00eda que no es necesario para verificar la naturaleza, propiedades y funcionalidad de la mercanc\u00eda.<\/p>\n<p>Exclusi\u00f3n o caducidad prematura del derecho de desistimiento<\/p>\n<p>El derecho de desistimiento vence prematuramente en el caso de contratos para la entrega de grabaciones de audio o video o software de computadora en un paquete sellado si el sello se ha quitado despu\u00e9s de la entrega.<\/p>\n<p><strong>B. Formulario de retiro<\/strong><\/p>\n<p>Si desea cancelar el contrato, complete este formulario y env\u00edelo de vuelta.<\/p>\n<p>En<\/p>\n<p>samstore.de<\/p>\n<p>Holger K\u00e4ding<br \/>\nEn el Ellmen 14<br \/>\n53773 Hennef<br \/>\nAlemania<br \/>\nCorreo electr\u00f3nico: info@versiegelung24.com<\/p>\n<p>Yo \/ nosotros (*) por la presente revoco el contrato celebrado por m\u00ed \/ nosotros (*) para la compra de los siguientes bienes (*) \/ la prestaci\u00f3n del siguiente servicio (*)<\/p>\n<p>_______________________________________________________<\/p>\n<p>_______________________________________________________<\/p>\n<p>Pedido el (*) ____________ \/ recibido el (*) __________________<\/p>\n<p>________________________________________________________<\/p>\n<p>Nombre del consumidor (s)<\/p>\n<p>________________________________________________________<\/p>\n<p>Direcci\u00f3n del consumidor (s)<\/p>\n<p>________________________________________________________<\/p>\n<p>Firma del consumidor (s) (solo si se comunica en papel)<\/p>\n<p>_________________________<\/p>\n<p>fecha<\/p>\n<p>(*) Eliminar donde no corresponda<\/p>\n<\/div>\n<\/div>\n<div class=\"postscript\"><\/div>\n<\/div>\n<\/div>\n<div class=\"main-bottom-container\"><\/div>\n<\/div>\n<div class=\"footer-container\">\n<div class=\"footer-container2\">\n<div class=\"footer-container3\">\n<div class=\"footer-primary-container section-container\">\n<div class=\"footer-primary footer container\">\n<div class=\"inner-container\">\n<div class=\"clearer\">\n<div class=\"grid12-3\">\n<div class=\"std\">\n<div class=\"collapsible mobile-collapsible\"><\/div>\n<\/div>\n<\/div>\n<\/div>\n<\/div>\n<\/div>\n<\/div>\n<\/div>\n<\/div>\n<\/div>\n","protected":false},"excerpt":{"rendered":"<p>Los consumidores tienen derecho a un derecho de desistimiento de conformidad con las siguientes disposiciones, seg\u00fan las cuales un consumidor es cualquier persona f\u00edsica que concluye una transacci\u00f3n legal con fines que no son predominantemente comerciales ni aut\u00f3nomos: A. Pol\u00edtica de cancelaci\u00f3n Derecho a retirada Tiene derecho a rescindir este contrato en un plazo de&hellip;&nbsp;<a href=\"https:\/\/www.versiegelung24.com\/es\/politica-de-cancelacion\/\" rel=\"bookmark\">Read More &raquo;<span class=\"screen-reader-text\">Pol\u00edtica de cancelaci\u00f3n y formulario de cancelaci\u00f3n<\/span><\/a><\/p>\n","protected":false},"author":932,"featured_media":71036,"parent":0,"menu_order":0,"comment_status":"closed","ping_status":"closed","template":"","meta":{"_acf_changed":false,"neve_meta_sidebar":"","neve_meta_container":"","neve_meta_enable_content_width":"","neve_meta_content_width":0,"neve_meta_title_alignment":"","neve_meta_author_avatar":"","neve_post_elements_order":"","neve_meta_disable_header":"","neve_meta_disable_footer":"","neve_meta_disable_title":"","neve_meta_reading_time":"","footnotes":""},"categories":[],"seiten_kategorie":[],"class_list":["post-25884","page","type-page","status-publish","has-post-thumbnail","hentry"],"acf":[],"yoast_head":"<!-- This site is optimized with the Yoast SEO Premium plugin v22.8 (Yoast SEO v27.5) - https:\/\/yoast.com\/product\/yoast-seo-premium-wordpress\/ -->\n<title>Pol\u00edtica de cancelaci\u00f3n y formulario de cancelaci\u00f3n - versiegelung24.com<\/title>\n<meta name=\"robots\" content=\"index, follow, max-snippet:-1, max-image-preview:large, max-video-preview:-1\" \/>\n<link rel=\"canonical\" href=\"https:\/\/www.versiegelung24.com\/es\/politica-de-cancelacion\/\" \/>\n<meta property=\"og:locale\" content=\"es_ES\" \/>\n<meta property=\"og:type\" content=\"article\" \/>\n<meta property=\"og:title\" content=\"Pol\u00edtica de cancelaci\u00f3n y formulario de cancelaci\u00f3n\" \/>\n<meta property=\"og:description\" content=\"Los consumidores tienen derecho a un derecho de desistimiento de conformidad con las siguientes disposiciones, seg\u00fan las cuales un consumidor es cualquier persona f\u00edsica que concluye una transacci\u00f3n legal con fines que no son predominantemente comerciales ni aut\u00f3nomos: A. Pol\u00edtica de cancelaci\u00f3n Derecho a retirada Tiene derecho a rescindir este contrato en un plazo de&hellip;&nbsp;Read More &raquo;Pol\u00edtica de cancelaci\u00f3n y formulario de cancelaci\u00f3n\" \/>\n<meta property=\"og:url\" content=\"https:\/\/www.versiegelung24.com\/es\/politica-de-cancelacion\/\" \/>\n<meta property=\"og:site_name\" content=\"versiegelung24.com\" \/>\n<meta property=\"article:modified_time\" content=\"2024-06-25T18:51:01+00:00\" \/>\n<meta property=\"og:image\" content=\"https:\/\/www.versiegelung24.com\/wp-content\/uploads\/2022\/02\/Widerruf.png\" \/>\n\t<meta property=\"og:image:width\" content=\"2000\" \/>\n\t<meta property=\"og:image:height\" content=\"2000\" \/>\n\t<meta property=\"og:image:type\" content=\"image\/png\" \/>\n<meta name=\"twitter:card\" content=\"summary_large_image\" \/>\n<meta name=\"twitter:label1\" content=\"Tiempo de lectura\" \/>\n\t<meta name=\"twitter:data1\" content=\"3 minutos\" \/>\n<script type=\"application\/ld+json\" class=\"yoast-schema-graph\">{\"@context\":\"https:\\\/\\\/schema.org\",\"@graph\":[{\"@type\":\"WebPage\",\"@id\":\"https:\\\/\\\/www.versiegelung24.com\\\/es\\\/politica-de-cancelacion\\\/\",\"url\":\"https:\\\/\\\/www.versiegelung24.com\\\/es\\\/politica-de-cancelacion\\\/\",\"name\":\"Pol\u00edtica de cancelaci\u00f3n y formulario de cancelaci\u00f3n - versiegelung24.com\",\"isPartOf\":{\"@id\":\"https:\\\/\\\/www.versiegelung24.com\\\/es\\\/#website\"},\"primaryImageOfPage\":{\"@id\":\"https:\\\/\\\/www.versiegelung24.com\\\/es\\\/politica-de-cancelacion\\\/#primaryimage\"},\"image\":{\"@id\":\"https:\\\/\\\/www.versiegelung24.com\\\/es\\\/politica-de-cancelacion\\\/#primaryimage\"},\"thumbnailUrl\":\"https:\\\/\\\/www.versiegelung24.com\\\/wp-content\\\/uploads\\\/2022\\\/02\\\/Widerruf.png\",\"datePublished\":\"2021-08-03T10:02:34+00:00\",\"dateModified\":\"2024-06-25T18:51:01+00:00\",\"breadcrumb\":{\"@id\":\"https:\\\/\\\/www.versiegelung24.com\\\/es\\\/politica-de-cancelacion\\\/#breadcrumb\"},\"inLanguage\":\"es\",\"potentialAction\":[{\"@type\":\"ReadAction\",\"target\":[\"https:\\\/\\\/www.versiegelung24.com\\\/es\\\/politica-de-cancelacion\\\/\"]}]},{\"@type\":\"ImageObject\",\"inLanguage\":\"es\",\"@id\":\"https:\\\/\\\/www.versiegelung24.com\\\/es\\\/politica-de-cancelacion\\\/#primaryimage\",\"url\":\"https:\\\/\\\/www.versiegelung24.com\\\/wp-content\\\/uploads\\\/2022\\\/02\\\/Widerruf.png\",\"contentUrl\":\"https:\\\/\\\/www.versiegelung24.com\\\/wp-content\\\/uploads\\\/2022\\\/02\\\/Widerruf.png\",\"width\":2000,\"height\":2000},{\"@type\":\"BreadcrumbList\",\"@id\":\"https:\\\/\\\/www.versiegelung24.com\\\/es\\\/politica-de-cancelacion\\\/#breadcrumb\",\"itemListElement\":[{\"@type\":\"ListItem\",\"position\":1,\"name\":\"P\u00e1gina web\",\"item\":\"https:\\\/\\\/www.versiegelung24.com\\\/es\\\/frontal\\\/\"},{\"@type\":\"ListItem\",\"position\":2,\"name\":\"Pol\u00edtica de cancelaci\u00f3n y formulario de cancelaci\u00f3n\"}]},{\"@type\":\"WebSite\",\"@id\":\"https:\\\/\\\/www.versiegelung24.com\\\/es\\\/#website\",\"url\":\"https:\\\/\\\/www.versiegelung24.com\\\/es\\\/\",\"name\":\"versiegelung24.com\",\"description\":\"Fl\u00fcssigglas-Versiegelung - Made in Germany\",\"publisher\":{\"@id\":\"https:\\\/\\\/www.versiegelung24.com\\\/es\\\/#organization\"},\"potentialAction\":[{\"@type\":\"SearchAction\",\"target\":{\"@type\":\"EntryPoint\",\"urlTemplate\":\"https:\\\/\\\/www.versiegelung24.com\\\/es\\\/?s={search_term_string}\"},\"query-input\":{\"@type\":\"PropertyValueSpecification\",\"valueRequired\":true,\"valueName\":\"search_term_string\"}}],\"inLanguage\":\"es\"},{\"@type\":\"Organization\",\"@id\":\"https:\\\/\\\/www.versiegelung24.com\\\/es\\\/#organization\",\"name\":\"versiegelung24\",\"url\":\"https:\\\/\\\/www.versiegelung24.com\\\/es\\\/\",\"logo\":{\"@type\":\"ImageObject\",\"inLanguage\":\"es\",\"@id\":\"https:\\\/\\\/www.versiegelung24.com\\\/es\\\/#\\\/schema\\\/logo\\\/image\\\/\",\"url\":\"https:\\\/\\\/www.versiegelung24.com\\\/wp-content\\\/uploads\\\/2020\\\/04\\\/versiegelung24.png\",\"contentUrl\":\"https:\\\/\\\/www.versiegelung24.com\\\/wp-content\\\/uploads\\\/2020\\\/04\\\/versiegelung24.png\",\"width\":470,\"height\":102,\"caption\":\"versiegelung24\"},\"image\":{\"@id\":\"https:\\\/\\\/www.versiegelung24.com\\\/es\\\/#\\\/schema\\\/logo\\\/image\\\/\"}}]}<\/script>\n<!-- \/ Yoast SEO Premium plugin. -->","yoast_head_json":{"title":"Pol\u00edtica de cancelaci\u00f3n y formulario de cancelaci\u00f3n - versiegelung24.com","robots":{"index":"index","follow":"follow","max-snippet":"max-snippet:-1","max-image-preview":"max-image-preview:large","max-video-preview":"max-video-preview:-1"},"canonical":"https:\/\/www.versiegelung24.com\/es\/politica-de-cancelacion\/","og_locale":"es_ES","og_type":"article","og_title":"Pol\u00edtica de cancelaci\u00f3n y formulario de cancelaci\u00f3n","og_description":"Los consumidores tienen derecho a un derecho de desistimiento de conformidad con las siguientes disposiciones, seg\u00fan las cuales un consumidor es cualquier persona f\u00edsica que concluye una transacci\u00f3n legal con fines que no son predominantemente comerciales ni aut\u00f3nomos: A. Pol\u00edtica de cancelaci\u00f3n Derecho a retirada Tiene derecho a rescindir este contrato en un plazo de&hellip;&nbsp;Read More &raquo;Pol\u00edtica de cancelaci\u00f3n y formulario de cancelaci\u00f3n","og_url":"https:\/\/www.versiegelung24.com\/es\/politica-de-cancelacion\/","og_site_name":"versiegelung24.com","article_modified_time":"2024-06-25T18:51:01+00:00","og_image":[{"width":2000,"height":2000,"url":"https:\/\/www.versiegelung24.com\/wp-content\/uploads\/2022\/02\/Widerruf.png","type":"image\/png"}],"twitter_card":"summary_large_image","twitter_misc":{"Tiempo de lectura":"3 minutos"},"schema":{"@context":"https:\/\/schema.org","@graph":[{"@type":"WebPage","@id":"https:\/\/www.versiegelung24.com\/es\/politica-de-cancelacion\/","url":"https:\/\/www.versiegelung24.com\/es\/politica-de-cancelacion\/","name":"Pol\u00edtica de cancelaci\u00f3n y formulario de cancelaci\u00f3n - versiegelung24.com","isPartOf":{"@id":"https:\/\/www.versiegelung24.com\/es\/#website"},"primaryImageOfPage":{"@id":"https:\/\/www.versiegelung24.com\/es\/politica-de-cancelacion\/#primaryimage"},"image":{"@id":"https:\/\/www.versiegelung24.com\/es\/politica-de-cancelacion\/#primaryimage"},"thumbnailUrl":"https:\/\/www.versiegelung24.com\/wp-content\/uploads\/2022\/02\/Widerruf.png","datePublished":"2021-08-03T10:02:34+00:00","dateModified":"2024-06-25T18:51:01+00:00","breadcrumb":{"@id":"https:\/\/www.versiegelung24.com\/es\/politica-de-cancelacion\/#breadcrumb"},"inLanguage":"es","potentialAction":[{"@type":"ReadAction","target":["https:\/\/www.versiegelung24.com\/es\/politica-de-cancelacion\/"]}]},{"@type":"ImageObject","inLanguage":"es","@id":"https:\/\/www.versiegelung24.com\/es\/politica-de-cancelacion\/#primaryimage","url":"https:\/\/www.versiegelung24.com\/wp-content\/uploads\/2022\/02\/Widerruf.png","contentUrl":"https:\/\/www.versiegelung24.com\/wp-content\/uploads\/2022\/02\/Widerruf.png","width":2000,"height":2000},{"@type":"BreadcrumbList","@id":"https:\/\/www.versiegelung24.com\/es\/politica-de-cancelacion\/#breadcrumb","itemListElement":[{"@type":"ListItem","position":1,"name":"P\u00e1gina web","item":"https:\/\/www.versiegelung24.com\/es\/frontal\/"},{"@type":"ListItem","position":2,"name":"Pol\u00edtica de cancelaci\u00f3n y formulario de cancelaci\u00f3n"}]},{"@type":"WebSite","@id":"https:\/\/www.versiegelung24.com\/es\/#website","url":"https:\/\/www.versiegelung24.com\/es\/","name":"versiegelung24.com","description":"Fl\u00fcssigglas-Versiegelung - Made in Germany","publisher":{"@id":"https:\/\/www.versiegelung24.com\/es\/#organization"},"potentialAction":[{"@type":"SearchAction","target":{"@type":"EntryPoint","urlTemplate":"https:\/\/www.versiegelung24.com\/es\/?s={search_term_string}"},"query-input":{"@type":"PropertyValueSpecification","valueRequired":true,"valueName":"search_term_string"}}],"inLanguage":"es"},{"@type":"Organization","@id":"https:\/\/www.versiegelung24.com\/es\/#organization","name":"versiegelung24","url":"https:\/\/www.versiegelung24.com\/es\/","logo":{"@type":"ImageObject","inLanguage":"es","@id":"https:\/\/www.versiegelung24.com\/es\/#\/schema\/logo\/image\/","url":"https:\/\/www.versiegelung24.com\/wp-content\/uploads\/2020\/04\/versiegelung24.png","contentUrl":"https:\/\/www.versiegelung24.com\/wp-content\/uploads\/2020\/04\/versiegelung24.png","width":470,"height":102,"caption":"versiegelung24"},"image":{"@id":"https:\/\/www.versiegelung24.com\/es\/#\/schema\/logo\/image\/"}}]}},"_links":{"self":[{"href":"https:\/\/www.versiegelung24.com\/es\/wp-json\/wp\/v2\/pages\/25884","targetHints":{"allow":["GET"]}}],"collection":[{"href":"https:\/\/www.versiegelung24.com\/es\/wp-json\/wp\/v2\/pages"}],"about":[{"href":"https:\/\/www.versiegelung24.com\/es\/wp-json\/wp\/v2\/types\/page"}],"author":[{"embeddable":true,"href":"https:\/\/www.versiegelung24.com\/es\/wp-json\/wp\/v2\/users\/932"}],"replies":[{"embeddable":true,"href":"https:\/\/www.versiegelung24.com\/es\/wp-json\/wp\/v2\/comments?post=25884"}],"version-history":[{"count":3,"href":"https:\/\/www.versiegelung24.com\/es\/wp-json\/wp\/v2\/pages\/25884\/revisions"}],"predecessor-version":[{"id":167636,"href":"https:\/\/www.versiegelung24.com\/es\/wp-json\/wp\/v2\/pages\/25884\/revisions\/167636"}],"wp:featuredmedia":[{"embeddable":true,"href":"https:\/\/www.versiegelung24.com\/es\/wp-json\/wp\/v2\/media\/71036"}],"wp:attachment":[{"href":"https:\/\/www.versiegelung24.com\/es\/wp-json\/wp\/v2\/media?parent=25884"}],"wp:term":[{"taxonomy":"category","embeddable":true,"href":"https:\/\/www.versiegelung24.com\/es\/wp-json\/wp\/v2\/categories?post=25884"},{"taxonomy":"seiten_kategorie","embeddable":true,"href":"https:\/\/www.versiegelung24.com\/es\/wp-json\/wp\/v2\/seiten_kategorie?post=25884"}],"curies":[{"name":"wp","href":"https:\/\/api.w.org\/{rel}","templated":true}]}}