{"id":41127,"date":"2021-12-14T14:16:19","date_gmt":"2021-12-14T13:16:19","guid":{"rendered":"https:\/\/www.versiegelung24.com\/asesoramiento-sobre-los-productos-de-versiegelung24\/saber-como\/telefono-inteligente"},"modified":"2024-09-01T22:42:46","modified_gmt":"2024-09-01T20:42:46","slug":"liquido-vidrio-sellado-de-smartphones","status":"publish","type":"page","link":"https:\/\/www.versiegelung24.com\/es\/saber-como\/telefono-inteligente\/","title":{"rendered":"Sellador l\u00edquido para cristales de smartphones y tablets: protege las pantallas y aumenta su longevidad"},"content":{"rendered":"\n<h1 class=\"wp-block-heading\" id=\"h-smartphone-flussigglas-versiegelung\">Sellado de vidrio l\u00edquido para smartphone<\/h1>\n\n<p>Casi todo el mundo tiene un tel\u00e9fono inteligente en estos d\u00edas. Desafortunadamente, estas peque\u00f1as m\u00e1quinas maravillosas son muy delicadas. Con el uso diario, aparecen rastros de uso como ara\u00f1azos o huellas dactilares que permanecen obstinadamente en la pantalla. El siguiente video aborda este problema y muestra c\u00f3mo puede prevenir estos signos de uso. <\/p>\n\n<figure class=\"wp-block-embed aligncenter is-type-video is-provider-youtube wp-block-embed-youtube wp-embed-aspect-16-9 wp-has-aspect-ratio\"><div class=\"wp-block-embed__wrapper\"> \n<div class=\"nv-iframe-embed\"><iframe title=\"901 LiquiGlas Mobile Phone Coating   Preparation + application process\" width=\"1200\" height=\"675\" src=\"https:\/\/www.youtube.com\/embed\/8JLSZ1KA-yU?feature=oembed\" frameborder=\"0\" allow=\"accelerometer; autoplay; clipboard-write; encrypted-media; gyroscope; picture-in-picture\" allowfullscreen><\/iframe><\/div>\n <\/div><\/figure>\n\n<br\/>\n<br\/>\n\n<div class=\"wp-block-columns is-layout-flex wp-container-core-columns-is-layout-9d6595d7 wp-block-columns-is-layout-flex\">\n<div class=\"wp-block-column is-layout-flow wp-block-column-is-layout-flow\" style=\"flex-basis:33.33%\">\n<h2 class=\"wp-block-heading\" id=\"h-anleitung-smartphone-display-einfach-versiegeln\">Instrucciones &#8211; Simplemente sella la pantalla del smartphone<\/h2>\n\n\n\n<ul class=\"wp-block-list\">\n<li>Justo al comienzo del video, puede ver que todo lo que necesita para sellar su <a href=\"https:\/\/www.versiegelung24.com\/es\/liquido-vidrio-celular-sellado-liquido-proteccion-pantalla.html\" target=\"_blank\" rel=\"noreferrer noopener\">tel\u00e9fono m\u00f3vil<\/a> se ha reunido en un conjunto pr\u00e1ctico. Esto incluye:<\/li>\n\n\n\n<li><strong>Guante<\/strong> para evitar huellas dactilares<\/li>\n\n\n\n<li>Un <strong>pa\u00f1o de limpieza<a href=\"https:\/\/www.versiegelung24.com\/reinigung\/bioethanol\/\">empapado en etanol<\/a><\/strong><\/li>\n\n\n\n<li><strong>Pa\u00f1o de pulido<\/strong><\/li>\n\n\n\n<li>A <strong><a href=\"https:\/\/www.versiegelung24.com\/es\/pano-microfibra-10x10cm-para-aplicacion-profesional-de-vidrio-liquido.html\" target=\"_blank\" rel=\"noreferrer noopener\">pa\u00f1o de vidrio l\u00edquido<\/a><\/strong> para sellar<\/li>\n<\/ul>\n\n\n\n<p><\/p>\n\n\n\n<p>Durante el uso, el tel\u00e9fono inteligente solo se sostiene con la mano en la que se encuentra el guante para evitar nuevas huellas dactilares; estas son m\u00e1s gruesas que el revestimiento de vidrio l\u00edquido y evitar\u00edan el sellado correcto.<\/p>\n<\/div>\n\n\n\n<div class=\"wp-block-column is-layout-flow wp-block-column-is-layout-flow\" style=\"flex-basis:66.66%\">\n<figure class=\"wp-block-image size-large\"><img fetchpriority=\"high\" decoding=\"async\" width=\"1300\" height=\"867\" src=\"https:\/\/www.versiegelung24.com\/wp-content\/uploads\/2021\/12\/smart_liq-1300x867.jpg\" alt=\"\" class=\"wp-image-40898\" srcset=\"https:\/\/www.versiegelung24.com\/wp-content\/uploads\/2021\/12\/smart_liq-1300x867.jpg 1300w, https:\/\/www.versiegelung24.com\/wp-content\/uploads\/2021\/12\/smart_liq-scaled-600x400.jpg 600w, https:\/\/www.versiegelung24.com\/wp-content\/uploads\/2021\/12\/smart_liq-300x200.jpg 300w, https:\/\/www.versiegelung24.com\/wp-content\/uploads\/2021\/12\/smart_liq-768x512.jpg 768w, https:\/\/www.versiegelung24.com\/wp-content\/uploads\/2021\/12\/smart_liq-1536x1024.jpg 1536w, https:\/\/www.versiegelung24.com\/wp-content\/uploads\/2021\/12\/smart_liq-2048x1366.jpg 2048w, https:\/\/www.versiegelung24.com\/wp-content\/uploads\/2021\/12\/smart_liq-930x620.jpg 930w\" sizes=\"(max-width: 1300px) 100vw, 1300px\" \/><\/figure>\n<\/div>\n<\/div>\n\n<p>Despu\u00e9s de la limpieza previa, la pantalla se seca frotando y de esta manera se eliminan los residuos de impresiones o grasa. <strong>Aqu\u00ed solo debe usarse un lado del pa\u00f1o de microfibra<\/strong> ; <strong>el otro lado se necesitar\u00e1 m\u00e1s adelante<\/strong> para pulir el sello. En el siguiente paso, se desembala el pa\u00f1o empapado en vidrio l\u00edquido y, al igual que con la limpieza previa, se frota todo el tel\u00e9fono inteligente. Se puede sellar por todas partes con vidrio l\u00edquido. Hoy en d\u00eda, la parte trasera de los tel\u00e9fonos m\u00f3viles suele estar hecha de vidrio.<\/p>\n\n<p>Despu\u00e9s de al menos La superficie del tel\u00e9fono inteligente se pule durante 30 minutos; el sellado est\u00e1 listo. En el video puede ver el consejo de que es ventajoso dejar que el vidrio l\u00edquido se endurezca durante la noche; siga esta recomendaci\u00f3n, porque m\u00e1s resistente es la capa protectora despu\u00e9s. Se recomienda volver a aplicar el sellador a intervalos regulares para mantener la protecci\u00f3n.<\/p>\n\n","protected":false},"excerpt":{"rendered":"<p>M\u00e1xima protecci\u00f3n para su smartphone gracias al innovador sellado de cristal l\u00edquido.<\/p>\n","protected":false},"author":932,"featured_media":41504,"parent":34652,"menu_order":0,"comment_status":"closed","ping_status":"closed","template":"","meta":{"_acf_changed":false,"neve_meta_sidebar":"full-width","neve_meta_container":"","neve_meta_enable_content_width":"on","neve_meta_content_width":100,"neve_meta_title_alignment":"","neve_meta_author_avatar":"","neve_post_elements_order":"","neve_meta_disable_header":"","neve_meta_disable_footer":"","neve_meta_disable_title":"","neve_meta_reading_time":"","footnotes":""},"categories":[3513,3630],"seiten_kategorie":[3850],"class_list":["post-41127","page","type-page","status-publish","has-post-thumbnail","hentry","category-consejos-articulo-revista","category-estilo-de-vida-es"],"acf":[],"yoast_head":"<!-- This site is optimized with the Yoast SEO Premium plugin v22.8 (Yoast SEO v27.5) - https:\/\/yoast.com\/product\/yoast-seo-premium-wordpress\/ -->\n<title>\u00a1Protege tu smartphone y tablet con sellador l\u00edquido para cristales!<\/title>\n<meta name=\"description\" content=\"\u00a1Protege tu smartphone y tablet con nuestro sellador! \u00a1Sellador de cristal l\u00edquido para una protecci\u00f3n \u00f3ptima de la pantalla del smartphone!\" \/>\n<meta name=\"robots\" content=\"index, follow, max-snippet:-1, max-image-preview:large, max-video-preview:-1\" \/>\n<link rel=\"canonical\" href=\"https:\/\/www.versiegelung24.com\/es\/saber-como\/telefono-inteligente\/\" \/>\n<meta property=\"og:locale\" content=\"es_ES\" \/>\n<meta property=\"og:type\" content=\"article\" \/>\n<meta property=\"og:title\" content=\"Sellador l\u00edquido para cristales de smartphones y tablets: protege las pantallas y aumenta su longevidad\" \/>\n<meta property=\"og:description\" content=\"\u00a1Protege tu smartphone y tablet con nuestro sellador! \u00a1Sellador de cristal l\u00edquido para una protecci\u00f3n \u00f3ptima de la pantalla del smartphone!\" \/>\n<meta property=\"og:url\" content=\"https:\/\/www.versiegelung24.com\/es\/saber-como\/telefono-inteligente\/\" \/>\n<meta property=\"og:site_name\" content=\"versiegelung24.com\" \/>\n<meta property=\"article:modified_time\" content=\"2024-09-01T20:42:46+00:00\" \/>\n<meta property=\"og:image\" content=\"https:\/\/www.versiegelung24.com\/wp-content\/uploads\/2021\/12\/smart_liq-1-scaled.jpg\" \/>\n\t<meta property=\"og:image:width\" content=\"2560\" \/>\n\t<meta property=\"og:image:height\" content=\"2560\" \/>\n\t<meta property=\"og:image:type\" content=\"image\/jpeg\" \/>\n<meta name=\"twitter:card\" content=\"summary_large_image\" \/>\n<meta name=\"twitter:label1\" content=\"Tiempo de lectura\" \/>\n\t<meta name=\"twitter:data1\" content=\"2 minutos\" \/>\n<script type=\"application\/ld+json\" class=\"yoast-schema-graph\">{\"@context\":\"https:\\\/\\\/schema.org\",\"@graph\":[{\"@type\":\"WebPage\",\"@id\":\"https:\\\/\\\/www.versiegelung24.com\\\/es\\\/saber-como\\\/telefono-inteligente\\\/\",\"url\":\"https:\\\/\\\/www.versiegelung24.com\\\/es\\\/saber-como\\\/telefono-inteligente\\\/\",\"name\":\"\u00a1Protege tu smartphone y tablet con sellador l\u00edquido para cristales!\",\"isPartOf\":{\"@id\":\"https:\\\/\\\/www.versiegelung24.com\\\/es\\\/#website\"},\"primaryImageOfPage\":{\"@id\":\"https:\\\/\\\/www.versiegelung24.com\\\/es\\\/saber-como\\\/telefono-inteligente\\\/#primaryimage\"},\"image\":{\"@id\":\"https:\\\/\\\/www.versiegelung24.com\\\/es\\\/saber-como\\\/telefono-inteligente\\\/#primaryimage\"},\"thumbnailUrl\":\"https:\\\/\\\/www.versiegelung24.com\\\/wp-content\\\/uploads\\\/2021\\\/12\\\/smart_liq-1-scaled.jpg\",\"datePublished\":\"2021-12-14T13:16:19+00:00\",\"dateModified\":\"2024-09-01T20:42:46+00:00\",\"description\":\"\u00a1Protege tu smartphone y tablet con nuestro sellador! \u00a1Sellador de cristal l\u00edquido para una protecci\u00f3n \u00f3ptima de la pantalla del smartphone!\",\"breadcrumb\":{\"@id\":\"https:\\\/\\\/www.versiegelung24.com\\\/es\\\/saber-como\\\/telefono-inteligente\\\/#breadcrumb\"},\"inLanguage\":\"es\",\"potentialAction\":[{\"@type\":\"ReadAction\",\"target\":[\"https:\\\/\\\/www.versiegelung24.com\\\/es\\\/saber-como\\\/telefono-inteligente\\\/\"]}]},{\"@type\":\"ImageObject\",\"inLanguage\":\"es\",\"@id\":\"https:\\\/\\\/www.versiegelung24.com\\\/es\\\/saber-como\\\/telefono-inteligente\\\/#primaryimage\",\"url\":\"https:\\\/\\\/www.versiegelung24.com\\\/wp-content\\\/uploads\\\/2021\\\/12\\\/smart_liq-1-scaled.jpg\",\"contentUrl\":\"https:\\\/\\\/www.versiegelung24.com\\\/wp-content\\\/uploads\\\/2021\\\/12\\\/smart_liq-1-scaled.jpg\",\"width\":2560,\"height\":2560},{\"@type\":\"BreadcrumbList\",\"@id\":\"https:\\\/\\\/www.versiegelung24.com\\\/es\\\/saber-como\\\/telefono-inteligente\\\/#breadcrumb\",\"itemListElement\":[{\"@type\":\"ListItem\",\"position\":1,\"name\":\"P\u00e1gina web\",\"item\":\"https:\\\/\\\/www.versiegelung24.com\\\/es\\\/frontal\\\/\"},{\"@type\":\"ListItem\",\"position\":2,\"name\":\"Consejero\",\"item\":\"https:\\\/\\\/www.versiegelung24.com\\\/es\\\/ratgeber\\\/\"},{\"@type\":\"ListItem\",\"position\":3,\"name\":\"revista\",\"item\":\"https:\\\/\\\/www.versiegelung24.com\\\/es\\\/ratgeber\\\/magazin\\\/\"},{\"@type\":\"ListItem\",\"position\":4,\"name\":\"Sellador l\u00edquido para cristales de smartphones y tablets: protege las pantallas y aumenta su longevidad\"}]},{\"@type\":\"WebSite\",\"@id\":\"https:\\\/\\\/www.versiegelung24.com\\\/es\\\/#website\",\"url\":\"https:\\\/\\\/www.versiegelung24.com\\\/es\\\/\",\"name\":\"versiegelung24.com\",\"description\":\"Fl\u00fcssigglas-Versiegelung - Made in Germany\",\"publisher\":{\"@id\":\"https:\\\/\\\/www.versiegelung24.com\\\/es\\\/#organization\"},\"potentialAction\":[{\"@type\":\"SearchAction\",\"target\":{\"@type\":\"EntryPoint\",\"urlTemplate\":\"https:\\\/\\\/www.versiegelung24.com\\\/es\\\/?s={search_term_string}\"},\"query-input\":{\"@type\":\"PropertyValueSpecification\",\"valueRequired\":true,\"valueName\":\"search_term_string\"}}],\"inLanguage\":\"es\"},{\"@type\":\"Organization\",\"@id\":\"https:\\\/\\\/www.versiegelung24.com\\\/es\\\/#organization\",\"name\":\"versiegelung24\",\"url\":\"https:\\\/\\\/www.versiegelung24.com\\\/es\\\/\",\"logo\":{\"@type\":\"ImageObject\",\"inLanguage\":\"es\",\"@id\":\"https:\\\/\\\/www.versiegelung24.com\\\/es\\\/#\\\/schema\\\/logo\\\/image\\\/\",\"url\":\"https:\\\/\\\/www.versiegelung24.com\\\/wp-content\\\/uploads\\\/2020\\\/04\\\/versiegelung24.png\",\"contentUrl\":\"https:\\\/\\\/www.versiegelung24.com\\\/wp-content\\\/uploads\\\/2020\\\/04\\\/versiegelung24.png\",\"width\":470,\"height\":102,\"caption\":\"versiegelung24\"},\"image\":{\"@id\":\"https:\\\/\\\/www.versiegelung24.com\\\/es\\\/#\\\/schema\\\/logo\\\/image\\\/\"}}]}<\/script>\n<!-- \/ Yoast SEO Premium plugin. -->","yoast_head_json":{"title":"\u00a1Protege tu smartphone y tablet con sellador l\u00edquido para cristales!","description":"\u00a1Protege tu smartphone y tablet con nuestro sellador! \u00a1Sellador de cristal l\u00edquido para una protecci\u00f3n \u00f3ptima de la pantalla del smartphone!","robots":{"index":"index","follow":"follow","max-snippet":"max-snippet:-1","max-image-preview":"max-image-preview:large","max-video-preview":"max-video-preview:-1"},"canonical":"https:\/\/www.versiegelung24.com\/es\/saber-como\/telefono-inteligente\/","og_locale":"es_ES","og_type":"article","og_title":"Sellador l\u00edquido para cristales de smartphones y tablets: protege las pantallas y aumenta su longevidad","og_description":"\u00a1Protege tu smartphone y tablet con nuestro sellador! \u00a1Sellador de cristal l\u00edquido para una protecci\u00f3n \u00f3ptima de la pantalla del smartphone!","og_url":"https:\/\/www.versiegelung24.com\/es\/saber-como\/telefono-inteligente\/","og_site_name":"versiegelung24.com","article_modified_time":"2024-09-01T20:42:46+00:00","og_image":[{"width":2560,"height":2560,"url":"https:\/\/www.versiegelung24.com\/wp-content\/uploads\/2021\/12\/smart_liq-1-scaled.jpg","type":"image\/jpeg"}],"twitter_card":"summary_large_image","twitter_misc":{"Tiempo de lectura":"2 minutos"},"schema":{"@context":"https:\/\/schema.org","@graph":[{"@type":"WebPage","@id":"https:\/\/www.versiegelung24.com\/es\/saber-como\/telefono-inteligente\/","url":"https:\/\/www.versiegelung24.com\/es\/saber-como\/telefono-inteligente\/","name":"\u00a1Protege tu smartphone y tablet con sellador l\u00edquido para cristales!","isPartOf":{"@id":"https:\/\/www.versiegelung24.com\/es\/#website"},"primaryImageOfPage":{"@id":"https:\/\/www.versiegelung24.com\/es\/saber-como\/telefono-inteligente\/#primaryimage"},"image":{"@id":"https:\/\/www.versiegelung24.com\/es\/saber-como\/telefono-inteligente\/#primaryimage"},"thumbnailUrl":"https:\/\/www.versiegelung24.com\/wp-content\/uploads\/2021\/12\/smart_liq-1-scaled.jpg","datePublished":"2021-12-14T13:16:19+00:00","dateModified":"2024-09-01T20:42:46+00:00","description":"\u00a1Protege tu smartphone y tablet con nuestro sellador! \u00a1Sellador de cristal l\u00edquido para una protecci\u00f3n \u00f3ptima de la pantalla del smartphone!","breadcrumb":{"@id":"https:\/\/www.versiegelung24.com\/es\/saber-como\/telefono-inteligente\/#breadcrumb"},"inLanguage":"es","potentialAction":[{"@type":"ReadAction","target":["https:\/\/www.versiegelung24.com\/es\/saber-como\/telefono-inteligente\/"]}]},{"@type":"ImageObject","inLanguage":"es","@id":"https:\/\/www.versiegelung24.com\/es\/saber-como\/telefono-inteligente\/#primaryimage","url":"https:\/\/www.versiegelung24.com\/wp-content\/uploads\/2021\/12\/smart_liq-1-scaled.jpg","contentUrl":"https:\/\/www.versiegelung24.com\/wp-content\/uploads\/2021\/12\/smart_liq-1-scaled.jpg","width":2560,"height":2560},{"@type":"BreadcrumbList","@id":"https:\/\/www.versiegelung24.com\/es\/saber-como\/telefono-inteligente\/#breadcrumb","itemListElement":[{"@type":"ListItem","position":1,"name":"P\u00e1gina web","item":"https:\/\/www.versiegelung24.com\/es\/frontal\/"},{"@type":"ListItem","position":2,"name":"Consejero","item":"https:\/\/www.versiegelung24.com\/es\/ratgeber\/"},{"@type":"ListItem","position":3,"name":"revista","item":"https:\/\/www.versiegelung24.com\/es\/ratgeber\/magazin\/"},{"@type":"ListItem","position":4,"name":"Sellador l\u00edquido para cristales de smartphones y tablets: protege las pantallas y aumenta su longevidad"}]},{"@type":"WebSite","@id":"https:\/\/www.versiegelung24.com\/es\/#website","url":"https:\/\/www.versiegelung24.com\/es\/","name":"versiegelung24.com","description":"Fl\u00fcssigglas-Versiegelung - Made in Germany","publisher":{"@id":"https:\/\/www.versiegelung24.com\/es\/#organization"},"potentialAction":[{"@type":"SearchAction","target":{"@type":"EntryPoint","urlTemplate":"https:\/\/www.versiegelung24.com\/es\/?s={search_term_string}"},"query-input":{"@type":"PropertyValueSpecification","valueRequired":true,"valueName":"search_term_string"}}],"inLanguage":"es"},{"@type":"Organization","@id":"https:\/\/www.versiegelung24.com\/es\/#organization","name":"versiegelung24","url":"https:\/\/www.versiegelung24.com\/es\/","logo":{"@type":"ImageObject","inLanguage":"es","@id":"https:\/\/www.versiegelung24.com\/es\/#\/schema\/logo\/image\/","url":"https:\/\/www.versiegelung24.com\/wp-content\/uploads\/2020\/04\/versiegelung24.png","contentUrl":"https:\/\/www.versiegelung24.com\/wp-content\/uploads\/2020\/04\/versiegelung24.png","width":470,"height":102,"caption":"versiegelung24"},"image":{"@id":"https:\/\/www.versiegelung24.com\/es\/#\/schema\/logo\/image\/"}}]}},"_links":{"self":[{"href":"https:\/\/www.versiegelung24.com\/es\/wp-json\/wp\/v2\/pages\/41127","targetHints":{"allow":["GET"]}}],"collection":[{"href":"https:\/\/www.versiegelung24.com\/es\/wp-json\/wp\/v2\/pages"}],"about":[{"href":"https:\/\/www.versiegelung24.com\/es\/wp-json\/wp\/v2\/types\/page"}],"author":[{"embeddable":true,"href":"https:\/\/www.versiegelung24.com\/es\/wp-json\/wp\/v2\/users\/932"}],"replies":[{"embeddable":true,"href":"https:\/\/www.versiegelung24.com\/es\/wp-json\/wp\/v2\/comments?post=41127"}],"version-history":[{"count":15,"href":"https:\/\/www.versiegelung24.com\/es\/wp-json\/wp\/v2\/pages\/41127\/revisions"}],"predecessor-version":[{"id":173402,"href":"https:\/\/www.versiegelung24.com\/es\/wp-json\/wp\/v2\/pages\/41127\/revisions\/173402"}],"up":[{"embeddable":true,"href":"https:\/\/www.versiegelung24.com\/es\/wp-json\/wp\/v2\/pages\/34652"}],"wp:featuredmedia":[{"embeddable":true,"href":"https:\/\/www.versiegelung24.com\/es\/wp-json\/wp\/v2\/media\/41504"}],"wp:attachment":[{"href":"https:\/\/www.versiegelung24.com\/es\/wp-json\/wp\/v2\/media?parent=41127"}],"wp:term":[{"taxonomy":"category","embeddable":true,"href":"https:\/\/www.versiegelung24.com\/es\/wp-json\/wp\/v2\/categories?post=41127"},{"taxonomy":"seiten_kategorie","embeddable":true,"href":"https:\/\/www.versiegelung24.com\/es\/wp-json\/wp\/v2\/seiten_kategorie?post=41127"}],"curies":[{"name":"wp","href":"https:\/\/api.w.org\/{rel}","templated":true}]}}