{"id":41167,"date":"2021-12-14T14:16:33","date_gmt":"2021-12-14T13:16:33","guid":{"rendered":"https:\/\/www.versiegelung24.com\/asesoramiento-sobre-los-productos-de-versiegelung24\/saber-como\/proteccion-de-graffiti"},"modified":"2024-09-01T18:16:30","modified_gmt":"2024-09-01T16:16:30","slug":"proteccion-graffiti-con-cristal-liquido","status":"publish","type":"page","link":"https:\/\/www.versiegelung24.com\/es\/saber-como\/proteccion-de-graffiti\/","title":{"rendered":"Protecci\u00f3n antigraffiti para la fachada"},"content":{"rendered":"\n<h1 class=\"wp-block-heading\" id=\"h-graffiti-schutz-mit-flussigglas\">Protecci\u00f3n de graffiti con vidrio l\u00edquido<\/h1>\n\n<p>Este video deber\u00eda ser particularmente interesante para las ciudades y municipios o para los propietarios da\u00f1ados que ya han tenido experiencia con la contaminaci\u00f3n de los rociadores de graffiti. Los colores de los &#8220;artistas&#8221; son persistentes y penetran en el hormig\u00f3n o la piedra cuando se pulverizan. Como resultado, es un asunto muy costoso y que requiere mucho tiempo eliminar el graffiti, lo que generalmente debe hacerse de manera profesional.<\/p>\n\n<figure class=\"wp-block-embed aligncenter is-type-video is-provider-youtube wp-block-embed-youtube wp-embed-aspect-16-9 wp-has-aspect-ratio\"><div class=\"wp-block-embed__wrapper\"> \n<div class=\"nv-iframe-embed\"><iframe title=\"Graffiti Protection Pro 626 - How does it work?\" width=\"1200\" height=\"675\" src=\"https:\/\/www.youtube.com\/embed\/dP9jGmUvoek?feature=oembed\" frameborder=\"0\" allow=\"accelerometer; autoplay; clipboard-write; encrypted-media; gyroscope; picture-in-picture\" allowfullscreen><\/iframe><\/div>\n <\/div><\/figure>\n\n<div class=\"wp-block-columns is-layout-flex wp-container-core-columns-is-layout-9d6595d7 wp-block-columns-is-layout-flex\">\n<div class=\"wp-block-column is-layout-flow wp-block-column-is-layout-flow\" style=\"flex-basis:66.66%\">\n<p>El video muestra la comparaci\u00f3n con dos ladrillos de hormig\u00f3n:<\/p>\n\n\n\n<p><a href=\"https:\/\/www.versiegelung24.com\/es\/revestimiento-protector-anti-grafiti-sellado-de-fachadas-altamente-eficaz.html\">Una piedra est\u00e1 completamente sellada con vidrio l\u00edquido<\/a> , la otra no. Ahora, como contraparte del spray de color, se pinta una cruz en la piedra respectiva con un rotulador. Aqu\u00ed tambi\u00e9n puede ver de inmediato: en el caso de la piedra sin tratar, el color negro se dibuja de inmediato, la cruz es claramente visible. Cuando la piedra est\u00e1 sellada, el color no puede penetrar el vidrio <a href=\"https:\/\/www.versiegelung24.com\/es\/revestimiento-protector-anti-grafiti-sellado-de-fachadas-altamente-eficaz.html\" target=\"_blank\" rel=\"noreferrer noopener\">l\u00edquido<\/a> , lo que significa que no hay adherencia. Por lo tanto, la cruz solo es ligeramente visible y solo se puede eliminar con agua sin dejar ning\u00fan residuo. Intentas en vano hacer esto con el ladrillo sin tratar en el video. En muchos casos, la limpieza puede hacerse s\u00f3lo con agua, pero la eficacia puede variar seg\u00fan el tipo de graffiti.<\/p>\n\n\n\n<p>El revestimiento de cristal l\u00edquido puede utilizarse para proteger la superficie de las pintadas.\nSi se aplica correctamente y en condiciones favorables, el efecto protector puede durar hasta 20 a\u00f1os. <\/p>\n\n\n\n<p>Mira el v\u00eddeo para ver lo f\u00e1cil que es sellar el hormig\u00f3n: Antes de aplicar el revestimiento de cristal l\u00edquido, hay que limpiar y secar bien la superficie para que el sellador se adhiera de forma \u00f3ptima y se distribuya uniformemente.<\/p>\n<\/div>\n\n\n\n<div class=\"wp-block-column is-layout-flow wp-block-column-is-layout-flow\" style=\"flex-basis:33.33%\"><div class=\"wp-block-image\">\n<figure class=\"alignright size-full is-resized\"><img fetchpriority=\"high\" decoding=\"async\" width=\"1000\" height=\"1000\" src=\"https:\/\/www.versiegelung24.com\/wp-content\/uploads\/2021\/12\/graf-1.jpg\" alt=\"\" class=\"wp-image-40868\" style=\"width:313px;height:313px\" srcset=\"https:\/\/www.versiegelung24.com\/wp-content\/uploads\/2021\/12\/graf-1.jpg 1000w, https:\/\/www.versiegelung24.com\/wp-content\/uploads\/2021\/12\/graf-1-400x400.jpg 400w, https:\/\/www.versiegelung24.com\/wp-content\/uploads\/2021\/12\/graf-1-100x100.jpg 100w, https:\/\/www.versiegelung24.com\/wp-content\/uploads\/2021\/12\/graf-1-600x600.jpg 600w, https:\/\/www.versiegelung24.com\/wp-content\/uploads\/2021\/12\/graf-1-300x300.jpg 300w, https:\/\/www.versiegelung24.com\/wp-content\/uploads\/2021\/12\/graf-1-80x80.jpg 80w, https:\/\/www.versiegelung24.com\/wp-content\/uploads\/2021\/12\/graf-1-768x768.jpg 768w\" sizes=\"(max-width: 1000px) 100vw, 1000px\" \/><\/figure>\n<\/div><\/div>\n<\/div>\n<div class=\"woocommerce columns-4 \"><ul class=\"products columns-4\">\n<li class=\"product type-product post-23944 status-publish first instock product_cat-sellado-de-piedra-y-hormigon has-post-thumbnail taxable shipping-taxable purchasable product-type-variable has-default-attributes\">\n\t<div class=\"nv-card-content-wrapper\"><a href=\"https:\/\/www.versiegelung24.com\/es\/revestimiento-protector-anti-grafiti-sellado-de-fachadas-altamente-eficaz.html\" class=\"woocommerce-LoopProduct-link woocommerce-loop-product__link\"><div class=\"sp-product-image \"><div class=\"img-wrap\"><img decoding=\"async\" width=\"400\" height=\"400\" src=\"https:\/\/www.versiegelung24.com\/wp-content\/uploads\/2020\/04\/7626-anti-graffiti-400x400.webp\" class=\"attachment-woocommerce_thumbnail size-woocommerce_thumbnail\" alt=\"Revestimiento antigrafiti - Revestimiento antigrafiti\" srcset=\"https:\/\/www.versiegelung24.com\/wp-content\/uploads\/2020\/04\/7626-anti-graffiti-400x400.webp 400w, https:\/\/www.versiegelung24.com\/wp-content\/uploads\/2020\/04\/7626-anti-graffiti-300x300.webp 300w, https:\/\/www.versiegelung24.com\/wp-content\/uploads\/2020\/04\/7626-anti-graffiti-1300x1300.webp 1300w, https:\/\/www.versiegelung24.com\/wp-content\/uploads\/2020\/04\/7626-anti-graffiti-80x80.webp 80w, https:\/\/www.versiegelung24.com\/wp-content\/uploads\/2020\/04\/7626-anti-graffiti-768x768.webp 768w, https:\/\/www.versiegelung24.com\/wp-content\/uploads\/2020\/04\/7626-anti-graffiti-1536x1536.webp 1536w, https:\/\/www.versiegelung24.com\/wp-content\/uploads\/2020\/04\/7626-anti-graffiti-2048x2048.webp 2048w, https:\/\/www.versiegelung24.com\/wp-content\/uploads\/2020\/04\/7626-anti-graffiti-70x70.webp 70w, https:\/\/www.versiegelung24.com\/wp-content\/uploads\/2020\/04\/7626-anti-graffiti-600x600.webp 600w, https:\/\/www.versiegelung24.com\/wp-content\/uploads\/2020\/04\/7626-anti-graffiti-100x100.webp 100w\" sizes=\"(max-width: 400px) 100vw, 400px\" \/><\/div><\/div><h2 class=\"woocommerce-loop-product__title\">Revestimiento antigrafiti &#8211; Revestimiento antigrafiti<\/h2>\n\t<span class=\"price\"><span class=\"woocommerce-Price-amount amount\"><bdi>359,00<span class=\"woocommerce-Price-currencySymbol\">&euro;<\/span><\/bdi><\/span><\/span>\n\n\n\t<p class=\"price price-unit smaller wc-gzd-additional-info wc-gzd-additional-info-loop\">(<span class=\"woocommerce-Price-amount amount\">71,80<span class=\"woocommerce-Price-currencySymbol\">&euro;<\/span><\/span> \/ <span class=\"unit\">l<\/span>)<\/p>\n\n<\/a>\t\t<p class=\"artikelnummer wc-gzd-additional-info\">\n\t\t\tSKU: 9201-7626-5000\t\t<\/p>\n\t\t\n\t<p class=\"wc-gzd-additional-info wc-gzd-additional-info-loop product-units-wrapper product-units\">Contenido: 5 <span class=\"unit\">l<\/span><\/p>\n\t\t<p class=\"lagerbestand wc-gzd-additional-info\">\n\t\t\t<strong>\n\t\t\t\tInventario\t\t\t\t:\n\t\t\t<\/strong>\n\t\t\tEn stock\t\t<\/p>\n\t\t\n\t<p class=\"wc-gzd-additional-info delivery-time-info wc-gzd-additional-info-loop\"><span class=\"delivery-time-inner delivery-time-7-das-laborables\">Plazo de entrega:  <span class=\"delivery-time-data\">7 d\u00edas laborables<\/span><\/span><\/p>\n\n\t<p class=\"wc-gzd-additional-info wc-gzd-additional-info-loop tax-info\">incl. VAT<\/p>\n\n\t<p class=\"wc-gzd-additional-info wc-gzd-additional-info-loop shipping-costs-info\">y  <a href=\"https:\/\/www.versiegelung24.com\/es\/asesoramiento-sobre-los-productos-de-versiegelung24\/transporte\/\" target=\"_blank\">Transporte<\/a><\/p>\n<a href=\"https:\/\/www.versiegelung24.com\/es\/revestimiento-protector-anti-grafiti-sellado-de-fachadas-altamente-eficaz.html\" aria-describedby=\"woocommerce_loop_add_to_cart_link_describedby_23944\" data-quantity=\"1\" class=\"button product_type_variable add_to_cart_button\" data-product_id=\"23944\" data-product_sku=\"9201-7626-5000\" aria-label=\"Elige las opciones para &ldquo;Revestimiento antigrafiti - Revestimiento antigrafiti&rdquo;\" rel=\"nofollow\">Seleccionar opciones<\/a>\t<span id=\"woocommerce_loop_add_to_cart_link_describedby_23944\" class=\"screen-reader-text\">\n\t\tEste producto tiene m\u00faltiples variantes. Las opciones se pueden elegir en la p\u00e1gina de producto\t<\/span>\n<\/div><\/li>\n<\/ul>\n<\/div>\n\n","protected":false},"excerpt":{"rendered":"<p>Declare la guerra a las pintadas: proteja eficazmente su fachada con vidrio l\u00edquido.<\/p>\n","protected":false},"author":932,"featured_media":40891,"parent":34652,"menu_order":0,"comment_status":"closed","ping_status":"closed","template":"","meta":{"_acf_changed":false,"neve_meta_sidebar":"full-width","neve_meta_container":"","neve_meta_enable_content_width":"on","neve_meta_content_width":100,"neve_meta_title_alignment":"","neve_meta_author_avatar":"","neve_post_elements_order":"","neve_meta_disable_header":"","neve_meta_disable_footer":"","neve_meta_disable_title":"","neve_meta_reading_time":"","footnotes":""},"categories":[3603,3513],"seiten_kategorie":[3850],"class_list":["post-41167","page","type-page","status-publish","has-post-thumbnail","hentry","category-casa-y-jardin","category-consejos-articulo-revista"],"acf":[],"yoast_head":"<!-- This site is optimized with the Yoast SEO Premium plugin v22.8 (Yoast SEO v27.5) - https:\/\/yoast.com\/product\/yoast-seo-premium-wordpress\/ -->\n<title>Sellador Liquid Gals - Protecci\u00f3n antigraffiti para la fachada de la - nombre del versiegelung24.com<\/title>\n<meta name=\"description\" content=\"Sellador l\u00edquido para chicas como protecci\u00f3n contra los grafitis. Descubra c\u00f3mo puede proteger sus pertenencias.\" \/>\n<meta name=\"robots\" content=\"index, follow, max-snippet:-1, max-image-preview:large, max-video-preview:-1\" \/>\n<link rel=\"canonical\" href=\"https:\/\/www.versiegelung24.com\/es\/saber-como\/proteccion-de-graffiti\/\" \/>\n<meta property=\"og:locale\" content=\"es_ES\" \/>\n<meta property=\"og:type\" content=\"article\" \/>\n<meta property=\"og:title\" content=\"Protecci\u00f3n antigraffiti para la fachada\" \/>\n<meta property=\"og:description\" content=\"Sellador l\u00edquido para chicas como protecci\u00f3n contra los grafitis. Descubra c\u00f3mo puede proteger sus pertenencias.\" \/>\n<meta property=\"og:url\" content=\"https:\/\/www.versiegelung24.com\/es\/saber-como\/proteccion-de-graffiti\/\" \/>\n<meta property=\"og:site_name\" content=\"versiegelung24.com\" \/>\n<meta property=\"article:modified_time\" content=\"2024-09-01T16:16:30+00:00\" \/>\n<meta property=\"og:image\" content=\"https:\/\/www.versiegelung24.com\/wp-content\/uploads\/2021\/12\/graf-1.jpg\" \/>\n\t<meta property=\"og:image:width\" content=\"1000\" \/>\n\t<meta property=\"og:image:height\" content=\"1000\" \/>\n\t<meta property=\"og:image:type\" content=\"image\/jpeg\" \/>\n<meta name=\"twitter:card\" content=\"summary_large_image\" \/>\n<meta name=\"twitter:label1\" content=\"Tiempo de lectura\" \/>\n\t<meta name=\"twitter:data1\" content=\"2 minutos\" \/>\n<script type=\"application\/ld+json\" class=\"yoast-schema-graph\">{\"@context\":\"https:\\\/\\\/schema.org\",\"@graph\":[{\"@type\":\"WebPage\",\"@id\":\"https:\\\/\\\/www.versiegelung24.com\\\/es\\\/saber-como\\\/proteccion-de-graffiti\\\/\",\"url\":\"https:\\\/\\\/www.versiegelung24.com\\\/es\\\/saber-como\\\/proteccion-de-graffiti\\\/\",\"name\":\"Sellador Liquid Gals - Protecci\u00f3n antigraffiti para la fachada de la - nombre del versiegelung24.com\",\"isPartOf\":{\"@id\":\"https:\\\/\\\/www.versiegelung24.com\\\/es\\\/#website\"},\"primaryImageOfPage\":{\"@id\":\"https:\\\/\\\/www.versiegelung24.com\\\/es\\\/saber-como\\\/proteccion-de-graffiti\\\/#primaryimage\"},\"image\":{\"@id\":\"https:\\\/\\\/www.versiegelung24.com\\\/es\\\/saber-como\\\/proteccion-de-graffiti\\\/#primaryimage\"},\"thumbnailUrl\":\"https:\\\/\\\/www.versiegelung24.com\\\/wp-content\\\/uploads\\\/2021\\\/12\\\/graf-1.jpg\",\"datePublished\":\"2021-12-14T13:16:33+00:00\",\"dateModified\":\"2024-09-01T16:16:30+00:00\",\"description\":\"Sellador l\u00edquido para chicas como protecci\u00f3n contra los grafitis. Descubra c\u00f3mo puede proteger sus pertenencias.\",\"breadcrumb\":{\"@id\":\"https:\\\/\\\/www.versiegelung24.com\\\/es\\\/saber-como\\\/proteccion-de-graffiti\\\/#breadcrumb\"},\"inLanguage\":\"es\",\"potentialAction\":[{\"@type\":\"ReadAction\",\"target\":[\"https:\\\/\\\/www.versiegelung24.com\\\/es\\\/saber-como\\\/proteccion-de-graffiti\\\/\"]}]},{\"@type\":\"ImageObject\",\"inLanguage\":\"es\",\"@id\":\"https:\\\/\\\/www.versiegelung24.com\\\/es\\\/saber-como\\\/proteccion-de-graffiti\\\/#primaryimage\",\"url\":\"https:\\\/\\\/www.versiegelung24.com\\\/wp-content\\\/uploads\\\/2021\\\/12\\\/graf-1.jpg\",\"contentUrl\":\"https:\\\/\\\/www.versiegelung24.com\\\/wp-content\\\/uploads\\\/2021\\\/12\\\/graf-1.jpg\",\"width\":1000,\"height\":1000},{\"@type\":\"BreadcrumbList\",\"@id\":\"https:\\\/\\\/www.versiegelung24.com\\\/es\\\/saber-como\\\/proteccion-de-graffiti\\\/#breadcrumb\",\"itemListElement\":[{\"@type\":\"ListItem\",\"position\":1,\"name\":\"P\u00e1gina web\",\"item\":\"https:\\\/\\\/www.versiegelung24.com\\\/es\\\/frontal\\\/\"},{\"@type\":\"ListItem\",\"position\":2,\"name\":\"Consejero\",\"item\":\"https:\\\/\\\/www.versiegelung24.com\\\/es\\\/ratgeber\\\/\"},{\"@type\":\"ListItem\",\"position\":3,\"name\":\"revista\",\"item\":\"https:\\\/\\\/www.versiegelung24.com\\\/es\\\/ratgeber\\\/magazin\\\/\"},{\"@type\":\"ListItem\",\"position\":4,\"name\":\"Protecci\u00f3n antigraffiti para la fachada\"}]},{\"@type\":\"WebSite\",\"@id\":\"https:\\\/\\\/www.versiegelung24.com\\\/es\\\/#website\",\"url\":\"https:\\\/\\\/www.versiegelung24.com\\\/es\\\/\",\"name\":\"versiegelung24.com\",\"description\":\"Fl\u00fcssigglas-Versiegelung - Made in Germany\",\"publisher\":{\"@id\":\"https:\\\/\\\/www.versiegelung24.com\\\/es\\\/#organization\"},\"potentialAction\":[{\"@type\":\"SearchAction\",\"target\":{\"@type\":\"EntryPoint\",\"urlTemplate\":\"https:\\\/\\\/www.versiegelung24.com\\\/es\\\/?s={search_term_string}\"},\"query-input\":{\"@type\":\"PropertyValueSpecification\",\"valueRequired\":true,\"valueName\":\"search_term_string\"}}],\"inLanguage\":\"es\"},{\"@type\":\"Organization\",\"@id\":\"https:\\\/\\\/www.versiegelung24.com\\\/es\\\/#organization\",\"name\":\"versiegelung24\",\"url\":\"https:\\\/\\\/www.versiegelung24.com\\\/es\\\/\",\"logo\":{\"@type\":\"ImageObject\",\"inLanguage\":\"es\",\"@id\":\"https:\\\/\\\/www.versiegelung24.com\\\/es\\\/#\\\/schema\\\/logo\\\/image\\\/\",\"url\":\"https:\\\/\\\/www.versiegelung24.com\\\/wp-content\\\/uploads\\\/2020\\\/04\\\/versiegelung24.png\",\"contentUrl\":\"https:\\\/\\\/www.versiegelung24.com\\\/wp-content\\\/uploads\\\/2020\\\/04\\\/versiegelung24.png\",\"width\":470,\"height\":102,\"caption\":\"versiegelung24\"},\"image\":{\"@id\":\"https:\\\/\\\/www.versiegelung24.com\\\/es\\\/#\\\/schema\\\/logo\\\/image\\\/\"}}]}<\/script>\n<!-- \/ Yoast SEO Premium plugin. -->","yoast_head_json":{"title":"Sellador Liquid Gals - Protecci\u00f3n antigraffiti para la fachada de la - nombre del versiegelung24.com","description":"Sellador l\u00edquido para chicas como protecci\u00f3n contra los grafitis. Descubra c\u00f3mo puede proteger sus pertenencias.","robots":{"index":"index","follow":"follow","max-snippet":"max-snippet:-1","max-image-preview":"max-image-preview:large","max-video-preview":"max-video-preview:-1"},"canonical":"https:\/\/www.versiegelung24.com\/es\/saber-como\/proteccion-de-graffiti\/","og_locale":"es_ES","og_type":"article","og_title":"Protecci\u00f3n antigraffiti para la fachada","og_description":"Sellador l\u00edquido para chicas como protecci\u00f3n contra los grafitis. Descubra c\u00f3mo puede proteger sus pertenencias.","og_url":"https:\/\/www.versiegelung24.com\/es\/saber-como\/proteccion-de-graffiti\/","og_site_name":"versiegelung24.com","article_modified_time":"2024-09-01T16:16:30+00:00","og_image":[{"width":1000,"height":1000,"url":"https:\/\/www.versiegelung24.com\/wp-content\/uploads\/2021\/12\/graf-1.jpg","type":"image\/jpeg"}],"twitter_card":"summary_large_image","twitter_misc":{"Tiempo de lectura":"2 minutos"},"schema":{"@context":"https:\/\/schema.org","@graph":[{"@type":"WebPage","@id":"https:\/\/www.versiegelung24.com\/es\/saber-como\/proteccion-de-graffiti\/","url":"https:\/\/www.versiegelung24.com\/es\/saber-como\/proteccion-de-graffiti\/","name":"Sellador Liquid Gals - Protecci\u00f3n antigraffiti para la fachada de la - nombre del versiegelung24.com","isPartOf":{"@id":"https:\/\/www.versiegelung24.com\/es\/#website"},"primaryImageOfPage":{"@id":"https:\/\/www.versiegelung24.com\/es\/saber-como\/proteccion-de-graffiti\/#primaryimage"},"image":{"@id":"https:\/\/www.versiegelung24.com\/es\/saber-como\/proteccion-de-graffiti\/#primaryimage"},"thumbnailUrl":"https:\/\/www.versiegelung24.com\/wp-content\/uploads\/2021\/12\/graf-1.jpg","datePublished":"2021-12-14T13:16:33+00:00","dateModified":"2024-09-01T16:16:30+00:00","description":"Sellador l\u00edquido para chicas como protecci\u00f3n contra los grafitis. Descubra c\u00f3mo puede proteger sus pertenencias.","breadcrumb":{"@id":"https:\/\/www.versiegelung24.com\/es\/saber-como\/proteccion-de-graffiti\/#breadcrumb"},"inLanguage":"es","potentialAction":[{"@type":"ReadAction","target":["https:\/\/www.versiegelung24.com\/es\/saber-como\/proteccion-de-graffiti\/"]}]},{"@type":"ImageObject","inLanguage":"es","@id":"https:\/\/www.versiegelung24.com\/es\/saber-como\/proteccion-de-graffiti\/#primaryimage","url":"https:\/\/www.versiegelung24.com\/wp-content\/uploads\/2021\/12\/graf-1.jpg","contentUrl":"https:\/\/www.versiegelung24.com\/wp-content\/uploads\/2021\/12\/graf-1.jpg","width":1000,"height":1000},{"@type":"BreadcrumbList","@id":"https:\/\/www.versiegelung24.com\/es\/saber-como\/proteccion-de-graffiti\/#breadcrumb","itemListElement":[{"@type":"ListItem","position":1,"name":"P\u00e1gina web","item":"https:\/\/www.versiegelung24.com\/es\/frontal\/"},{"@type":"ListItem","position":2,"name":"Consejero","item":"https:\/\/www.versiegelung24.com\/es\/ratgeber\/"},{"@type":"ListItem","position":3,"name":"revista","item":"https:\/\/www.versiegelung24.com\/es\/ratgeber\/magazin\/"},{"@type":"ListItem","position":4,"name":"Protecci\u00f3n antigraffiti para la fachada"}]},{"@type":"WebSite","@id":"https:\/\/www.versiegelung24.com\/es\/#website","url":"https:\/\/www.versiegelung24.com\/es\/","name":"versiegelung24.com","description":"Fl\u00fcssigglas-Versiegelung - Made in Germany","publisher":{"@id":"https:\/\/www.versiegelung24.com\/es\/#organization"},"potentialAction":[{"@type":"SearchAction","target":{"@type":"EntryPoint","urlTemplate":"https:\/\/www.versiegelung24.com\/es\/?s={search_term_string}"},"query-input":{"@type":"PropertyValueSpecification","valueRequired":true,"valueName":"search_term_string"}}],"inLanguage":"es"},{"@type":"Organization","@id":"https:\/\/www.versiegelung24.com\/es\/#organization","name":"versiegelung24","url":"https:\/\/www.versiegelung24.com\/es\/","logo":{"@type":"ImageObject","inLanguage":"es","@id":"https:\/\/www.versiegelung24.com\/es\/#\/schema\/logo\/image\/","url":"https:\/\/www.versiegelung24.com\/wp-content\/uploads\/2020\/04\/versiegelung24.png","contentUrl":"https:\/\/www.versiegelung24.com\/wp-content\/uploads\/2020\/04\/versiegelung24.png","width":470,"height":102,"caption":"versiegelung24"},"image":{"@id":"https:\/\/www.versiegelung24.com\/es\/#\/schema\/logo\/image\/"}}]}},"_links":{"self":[{"href":"https:\/\/www.versiegelung24.com\/es\/wp-json\/wp\/v2\/pages\/41167","targetHints":{"allow":["GET"]}}],"collection":[{"href":"https:\/\/www.versiegelung24.com\/es\/wp-json\/wp\/v2\/pages"}],"about":[{"href":"https:\/\/www.versiegelung24.com\/es\/wp-json\/wp\/v2\/types\/page"}],"author":[{"embeddable":true,"href":"https:\/\/www.versiegelung24.com\/es\/wp-json\/wp\/v2\/users\/932"}],"replies":[{"embeddable":true,"href":"https:\/\/www.versiegelung24.com\/es\/wp-json\/wp\/v2\/comments?post=41167"}],"version-history":[{"count":17,"href":"https:\/\/www.versiegelung24.com\/es\/wp-json\/wp\/v2\/pages\/41167\/revisions"}],"predecessor-version":[{"id":172639,"href":"https:\/\/www.versiegelung24.com\/es\/wp-json\/wp\/v2\/pages\/41167\/revisions\/172639"}],"up":[{"embeddable":true,"href":"https:\/\/www.versiegelung24.com\/es\/wp-json\/wp\/v2\/pages\/34652"}],"wp:featuredmedia":[{"embeddable":true,"href":"https:\/\/www.versiegelung24.com\/es\/wp-json\/wp\/v2\/media\/40891"}],"wp:attachment":[{"href":"https:\/\/www.versiegelung24.com\/es\/wp-json\/wp\/v2\/media?parent=41167"}],"wp:term":[{"taxonomy":"category","embeddable":true,"href":"https:\/\/www.versiegelung24.com\/es\/wp-json\/wp\/v2\/categories?post=41167"},{"taxonomy":"seiten_kategorie","embeddable":true,"href":"https:\/\/www.versiegelung24.com\/es\/wp-json\/wp\/v2\/seiten_kategorie?post=41167"}],"curies":[{"name":"wp","href":"https:\/\/api.w.org\/{rel}","templated":true}]}}