{"id":126093,"date":"2023-09-01T15:04:03","date_gmt":"2023-09-01T13:04:48","guid":{"rendered":"https:\/\/www.versiegelung24.com\/product\/sellador-de-parabrisas-406\/"},"modified":"2025-01-05T17:34:38","modified_gmt":"2025-01-05T16:34:38","slug":"sellador-de-parabrisas-406","status":"publish","type":"product","link":"https:\/\/www.versiegelung24.com\/es\/sellador-de-parabrisas-406.html","title":{"rendered":"Sellado del parabrisas"},"content":{"rendered":"\n<p><strong>Entre en una nueva era de seguridad y confort en la conducci\u00f3n con nuestro sellador de parabrisas con homologaci\u00f3n T\u00dcV<\/strong>. Nuestra avanzada f\u00f3rmula no s\u00f3lo es incre\u00edblemente duradera, sino tambi\u00e9n vers\u00e1til: desde coches a camiones, pasando por barcos y caravanas. Experimente la diferencia de hasta 20.000 km de conducci\u00f3n sin preocupaciones con una sola aplicaci\u00f3n. S\u00f3lo tiene que volver a aplicarlo cada seis meses y disfrutar\u00e1 de un a\u00f1o entero de visi\u00f3n insuperable.<\/p>\n\n<p>Pero eso no es todo. Nuestro sellador garantiza que el agua simplemente se deslice a velocidades superiores a 60 km\/h, por lo que los limpiaparabrisas no se ver\u00e1n afectados y mantendr\u00e1 una visi\u00f3n clara incluso con mal tiempo. \u00bfConduce a menudo de noche? Nuestro sellador reduce el deslumbramiento y la distorsi\u00f3n de la luz para que pueda estar seguro y confiado en la carretera.<\/p>\n\n<h2 class=\"wp-block-heading\" id=\"video\">Video<\/h2>\n\n<figure class=\"wp-block-embed is-type-video is-provider-youtube wp-block-embed-youtube wp-embed-aspect-16-9 wp-has-aspect-ratio\"><div class=\"wp-block-embed__wrapper\">\n<div class=\"nv-iframe-embed\"><iframe title=\"Windschutzscheiben Versiegelung - Versiegelung24.com\" width=\"1200\" height=\"675\" src=\"https:\/\/www.youtube.com\/embed\/5cu8smLIMD0?feature=oembed\" frameborder=\"0\" allow=\"accelerometer; autoplay; clipboard-write; encrypted-media; gyroscope; picture-in-picture; web-share\" allowfullscreen><\/iframe><\/div>\n<\/div><\/figure>\n\n<hr class=\"wp-block-separator has-alpha-channel-opacity\"\/>\n\n<h2 class=\"wp-block-heading\" id=\"properties\">propiedades<\/h2>\n\n<p><\/p>\n\n<p>Contenido: 2 pa\u00f1os de prelimpieza, 2 pa\u00f1os de sellado (cada uno para 2 m\u00b2), 1 pa\u00f1o de microfibra, 2 guantes desechables<\/p>\n\n<ul class=\"wp-block-list\">\n<li>Larga durabilidad: hasta 20.000 km<\/li>\n\n\n\n<li>Reduce el deslumbramiento y la distorsi\u00f3n de la luz por la noche<\/li>\n\n\n\n<li>El agua desaparece (a m\u00e1s de 60 km\/h), es decir, visi\u00f3n clara incluso sin limpiaparabrisas<\/li>\n\n\n\n<li>Protege los limpiaparabrisas<\/li>\n\n\n\n<li>Aplicaci\u00f3n sencilla<\/li>\n\n\n\n<li>Fuertes propiedades antiadherentes y menor adherencia de insectos<\/li>\n\n\n\n<li>Reduce los microara\u00f1azos<\/li>\n\n\n\n<li>Ventana m\u00e1s f\u00e1cil de limpiar y hielo m\u00e1s f\u00e1cil de quitar<\/li>\n\n\n\n<li>Capa protectora invisible: 500 veces m\u00e1s fina que un cabello humano<\/li>\n\n\n\n<li>Estable a los rayos UV y muy resistente a la abrasi\u00f3n<\/li>\n\n\n\n<li>Resistente a las fluctuaciones de temperatura<\/li>\n\n\n\n<li>Qu\u00edmicamente resistente (ph 2 a 13)<\/li>\n\n\n\n<li>Resistente a lavadoras y limpiadoras de alta presi\u00f3n<\/li>\n\n\n\n<li>Para ventanillas delanteras y laterales de coches, furgonetas, camiones, barcos y caravanas<\/li>\n\n\n\n<li>Aplicar sobre el parabrisas y repetir a los 6 meses = dura hasta 1 a\u00f1o<\/li>\n\n\n\n<li>Comprobado por T\u00dcV<\/li>\n<\/ul>\n","protected":false},"excerpt":{"rendered":"<p>\u2713 Larga durabilidad: hasta 20.000 km<\/p>\n<p>\u2713 Desprendimiento de gotas de agua (60+ km\/h), es decir, visi\u00f3n clara incluso sin limpiaparabrisas.<\/p>\n<p>\u2713 Fuertes propiedades antiadherentes y menor adherencia de insectos.<\/p>\n","protected":false},"featured_media":132064,"template":"","meta":{"_acf_changed":false,"neve_meta_sidebar":"","neve_meta_container":"","neve_meta_enable_content_width":"","neve_meta_content_width":0,"neve_meta_title_alignment":"","neve_meta_author_avatar":"","neve_post_elements_order":"","neve_meta_disable_header":"","neve_meta_disable_footer":"","neve_meta_disable_title":"","neve_meta_reading_time":"","_surfaces":[],"_ver_product_tabs":[],"footnotes":""},"product_brand":[],"product_cat":[2182,2379,2998],"product_tag":[],"class_list":{"0":"post-126093","1":"product","2":"type-product","3":"status-publish","4":"has-post-thumbnail","6":"product_cat-sellado-de-coches","7":"product_cat-sellado-para-vidrio-y-ceramica","8":"product_cat-sellado-de-vidrio-liquido","10":"first","11":"instock","12":"taxable","13":"shipping-taxable","14":"purchasable","15":"product-type-simple"},"acf":[],"yoast_head":"<!-- This site is optimized with the Yoast SEO Premium plugin v22.8 (Yoast SEO v27.5) - https:\/\/yoast.com\/product\/yoast-seo-premium-wordpress\/ -->\n<title>Sellado del parabrisas - versiegelung24.com<\/title>\n<meta name=\"robots\" content=\"index, follow, max-snippet:-1, max-image-preview:large, max-video-preview:-1\" \/>\n<link rel=\"canonical\" href=\"https:\/\/www.versiegelung24.com\/es\/sellador-de-parabrisas-406.html\" \/>\n<meta property=\"og:locale\" content=\"es_ES\" \/>\n<meta property=\"og:type\" content=\"article\" \/>\n<meta property=\"og:title\" content=\"Sellado del parabrisas\" \/>\n<meta property=\"og:description\" content=\"\u2713 Larga durabilidad: hasta 20.000 km \u2713 Desprendimiento de gotas de agua (60+ km\/h), es decir, visi\u00f3n clara incluso sin limpiaparabrisas. \u2713 Fuertes propiedades antiadherentes y menor adherencia de insectos.\" \/>\n<meta property=\"og:url\" content=\"https:\/\/www.versiegelung24.com\/es\/sellador-de-parabrisas-406.html\" \/>\n<meta property=\"og:site_name\" content=\"versiegelung24.com\" \/>\n<meta property=\"article:modified_time\" content=\"2025-01-05T16:34:38+00:00\" \/>\n<meta property=\"og:image\" content=\"https:\/\/www.versiegelung24.com\/wp-content\/uploads\/2023\/09\/windschutz-1-1.webp\" \/>\n\t<meta property=\"og:image:width\" content=\"2560\" \/>\n\t<meta property=\"og:image:height\" content=\"2560\" \/>\n\t<meta property=\"og:image:type\" content=\"image\/webp\" \/>\n<meta name=\"twitter:card\" content=\"summary_large_image\" \/>\n<meta name=\"twitter:label1\" content=\"Precio\" \/>\n\t<meta name=\"twitter:data1\" content=\"17,99&euro;\" \/>\n\t<meta name=\"twitter:label2\" content=\"Disponibilidad\" \/>\n\t<meta name=\"twitter:data2\" content=\"Disponible\" \/>\n<script type=\"application\/ld+json\" class=\"yoast-schema-graph\">{\"@context\":\"https:\\\/\\\/schema.org\",\"@graph\":[{\"@type\":\"WebPage\",\"@id\":\"https:\\\/\\\/www.versiegelung24.com\\\/es\\\/sellador-de-parabrisas-406.html\",\"url\":\"https:\\\/\\\/www.versiegelung24.com\\\/es\\\/sellador-de-parabrisas-406.html\",\"name\":\"Sellado del parabrisas - versiegelung24.com\",\"isPartOf\":{\"@id\":\"https:\\\/\\\/www.versiegelung24.com\\\/es\\\/#website\"},\"primaryImageOfPage\":{\"@id\":\"https:\\\/\\\/www.versiegelung24.com\\\/es\\\/sellador-de-parabrisas-406.html#primaryimage\"},\"image\":{\"@id\":\"https:\\\/\\\/www.versiegelung24.com\\\/es\\\/sellador-de-parabrisas-406.html#primaryimage\"},\"thumbnailUrl\":\"https:\\\/\\\/www.versiegelung24.com\\\/wp-content\\\/uploads\\\/2023\\\/09\\\/windschutz-1-1.webp\",\"datePublished\":\"2023-09-01T13:04:48+00:00\",\"dateModified\":\"2025-01-05T16:34:38+00:00\",\"breadcrumb\":{\"@id\":\"https:\\\/\\\/www.versiegelung24.com\\\/es\\\/sellador-de-parabrisas-406.html#breadcrumb\"},\"inLanguage\":\"es\",\"potentialAction\":[{\"@type\":\"ReadAction\",\"target\":[\"https:\\\/\\\/www.versiegelung24.com\\\/es\\\/sellador-de-parabrisas-406.html\"]}]},{\"@type\":\"ImageObject\",\"inLanguage\":\"es\",\"@id\":\"https:\\\/\\\/www.versiegelung24.com\\\/es\\\/sellador-de-parabrisas-406.html#primaryimage\",\"url\":\"https:\\\/\\\/www.versiegelung24.com\\\/wp-content\\\/uploads\\\/2023\\\/09\\\/windschutz-1-1.webp\",\"contentUrl\":\"https:\\\/\\\/www.versiegelung24.com\\\/wp-content\\\/uploads\\\/2023\\\/09\\\/windschutz-1-1.webp\",\"width\":2560,\"height\":2560},{\"@type\":\"BreadcrumbList\",\"@id\":\"https:\\\/\\\/www.versiegelung24.com\\\/es\\\/sellador-de-parabrisas-406.html#breadcrumb\",\"itemListElement\":[{\"@type\":\"ListItem\",\"position\":1,\"name\":\"P\u00e1gina web\",\"item\":\"https:\\\/\\\/www.versiegelung24.com\\\/es\\\/frontal\\\/\"},{\"@type\":\"ListItem\",\"position\":2,\"name\":\"Tienda\",\"item\":\"https:\\\/\\\/www.versiegelung24.com\\\/es\\\/tienda\\\/\"},{\"@type\":\"ListItem\",\"position\":3,\"name\":\"Sellado del parabrisas\"}]},{\"@type\":\"WebSite\",\"@id\":\"https:\\\/\\\/www.versiegelung24.com\\\/es\\\/#website\",\"url\":\"https:\\\/\\\/www.versiegelung24.com\\\/es\\\/\",\"name\":\"versiegelung24.com\",\"description\":\"Fl\u00fcssigglas-Versiegelung - Made in Germany\",\"publisher\":{\"@id\":\"https:\\\/\\\/www.versiegelung24.com\\\/es\\\/#organization\"},\"potentialAction\":[{\"@type\":\"SearchAction\",\"target\":{\"@type\":\"EntryPoint\",\"urlTemplate\":\"https:\\\/\\\/www.versiegelung24.com\\\/es\\\/?s={search_term_string}\"},\"query-input\":{\"@type\":\"PropertyValueSpecification\",\"valueRequired\":true,\"valueName\":\"search_term_string\"}}],\"inLanguage\":\"es\"},{\"@type\":\"Organization\",\"@id\":\"https:\\\/\\\/www.versiegelung24.com\\\/es\\\/#organization\",\"name\":\"versiegelung24\",\"url\":\"https:\\\/\\\/www.versiegelung24.com\\\/es\\\/\",\"logo\":{\"@type\":\"ImageObject\",\"inLanguage\":\"es\",\"@id\":\"https:\\\/\\\/www.versiegelung24.com\\\/es\\\/#\\\/schema\\\/logo\\\/image\\\/\",\"url\":\"https:\\\/\\\/www.versiegelung24.com\\\/wp-content\\\/uploads\\\/2020\\\/04\\\/versiegelung24.png\",\"contentUrl\":\"https:\\\/\\\/www.versiegelung24.com\\\/wp-content\\\/uploads\\\/2020\\\/04\\\/versiegelung24.png\",\"width\":470,\"height\":102,\"caption\":\"versiegelung24\"},\"image\":{\"@id\":\"https:\\\/\\\/www.versiegelung24.com\\\/es\\\/#\\\/schema\\\/logo\\\/image\\\/\"}}]}<\/script>\n<meta property=\"product:price:amount\" content=\"17.99\" \/>\n<meta property=\"product:price:currency\" content=\"EUR\" \/>\n<meta property=\"og:availability\" content=\"instock\" \/>\n<meta property=\"product:availability\" content=\"instock\" \/>\n<meta property=\"product:retailer_item_id\" content=\"4040-406\" \/>\n<meta property=\"product:condition\" content=\"new\" \/>\n<!-- \/ Yoast SEO Premium plugin. -->","yoast_head_json":{"title":"Sellado del parabrisas - versiegelung24.com","robots":{"index":"index","follow":"follow","max-snippet":"max-snippet:-1","max-image-preview":"max-image-preview:large","max-video-preview":"max-video-preview:-1"},"canonical":"https:\/\/www.versiegelung24.com\/es\/sellador-de-parabrisas-406.html","og_locale":"es_ES","og_type":"article","og_title":"Sellado del parabrisas","og_description":"\u2713 Larga durabilidad: hasta 20.000 km \u2713 Desprendimiento de gotas de agua (60+ km\/h), es decir, visi\u00f3n clara incluso sin limpiaparabrisas. \u2713 Fuertes propiedades antiadherentes y menor adherencia de insectos.","og_url":"https:\/\/www.versiegelung24.com\/es\/sellador-de-parabrisas-406.html","og_site_name":"versiegelung24.com","article_modified_time":"2025-01-05T16:34:38+00:00","og_image":[{"width":2560,"height":2560,"url":"https:\/\/www.versiegelung24.com\/wp-content\/uploads\/2023\/09\/windschutz-1-1.webp","type":"image\/webp"}],"twitter_card":"summary_large_image","twitter_misc":{"Precio":"17,99&euro;","Disponibilidad":"Disponible"},"schema":{"@context":"https:\/\/schema.org","@graph":[{"@type":"WebPage","@id":"https:\/\/www.versiegelung24.com\/es\/sellador-de-parabrisas-406.html","url":"https:\/\/www.versiegelung24.com\/es\/sellador-de-parabrisas-406.html","name":"Sellado del parabrisas - versiegelung24.com","isPartOf":{"@id":"https:\/\/www.versiegelung24.com\/es\/#website"},"primaryImageOfPage":{"@id":"https:\/\/www.versiegelung24.com\/es\/sellador-de-parabrisas-406.html#primaryimage"},"image":{"@id":"https:\/\/www.versiegelung24.com\/es\/sellador-de-parabrisas-406.html#primaryimage"},"thumbnailUrl":"https:\/\/www.versiegelung24.com\/wp-content\/uploads\/2023\/09\/windschutz-1-1.webp","datePublished":"2023-09-01T13:04:48+00:00","dateModified":"2025-01-05T16:34:38+00:00","breadcrumb":{"@id":"https:\/\/www.versiegelung24.com\/es\/sellador-de-parabrisas-406.html#breadcrumb"},"inLanguage":"es","potentialAction":[{"@type":"ReadAction","target":["https:\/\/www.versiegelung24.com\/es\/sellador-de-parabrisas-406.html"]}]},{"@type":"ImageObject","inLanguage":"es","@id":"https:\/\/www.versiegelung24.com\/es\/sellador-de-parabrisas-406.html#primaryimage","url":"https:\/\/www.versiegelung24.com\/wp-content\/uploads\/2023\/09\/windschutz-1-1.webp","contentUrl":"https:\/\/www.versiegelung24.com\/wp-content\/uploads\/2023\/09\/windschutz-1-1.webp","width":2560,"height":2560},{"@type":"BreadcrumbList","@id":"https:\/\/www.versiegelung24.com\/es\/sellador-de-parabrisas-406.html#breadcrumb","itemListElement":[{"@type":"ListItem","position":1,"name":"P\u00e1gina web","item":"https:\/\/www.versiegelung24.com\/es\/frontal\/"},{"@type":"ListItem","position":2,"name":"Tienda","item":"https:\/\/www.versiegelung24.com\/es\/tienda\/"},{"@type":"ListItem","position":3,"name":"Sellado del parabrisas"}]},{"@type":"WebSite","@id":"https:\/\/www.versiegelung24.com\/es\/#website","url":"https:\/\/www.versiegelung24.com\/es\/","name":"versiegelung24.com","description":"Fl\u00fcssigglas-Versiegelung - Made in Germany","publisher":{"@id":"https:\/\/www.versiegelung24.com\/es\/#organization"},"potentialAction":[{"@type":"SearchAction","target":{"@type":"EntryPoint","urlTemplate":"https:\/\/www.versiegelung24.com\/es\/?s={search_term_string}"},"query-input":{"@type":"PropertyValueSpecification","valueRequired":true,"valueName":"search_term_string"}}],"inLanguage":"es"},{"@type":"Organization","@id":"https:\/\/www.versiegelung24.com\/es\/#organization","name":"versiegelung24","url":"https:\/\/www.versiegelung24.com\/es\/","logo":{"@type":"ImageObject","inLanguage":"es","@id":"https:\/\/www.versiegelung24.com\/es\/#\/schema\/logo\/image\/","url":"https:\/\/www.versiegelung24.com\/wp-content\/uploads\/2020\/04\/versiegelung24.png","contentUrl":"https:\/\/www.versiegelung24.com\/wp-content\/uploads\/2020\/04\/versiegelung24.png","width":470,"height":102,"caption":"versiegelung24"},"image":{"@id":"https:\/\/www.versiegelung24.com\/es\/#\/schema\/logo\/image\/"}}]},"product_price_amount":"17.99","product_price_currency":"EUR","og_availability":"instock","product_availability":"instock","product_retailer_item_id":"4040-406","product_condition":"new"},"_links":{"self":[{"href":"https:\/\/www.versiegelung24.com\/es\/wp-json\/wp\/v2\/product\/126093","targetHints":{"allow":["GET"]}}],"collection":[{"href":"https:\/\/www.versiegelung24.com\/es\/wp-json\/wp\/v2\/product"}],"about":[{"href":"https:\/\/www.versiegelung24.com\/es\/wp-json\/wp\/v2\/types\/product"}],"version-history":[{"count":10,"href":"https:\/\/www.versiegelung24.com\/es\/wp-json\/wp\/v2\/product\/126093\/revisions"}],"predecessor-version":[{"id":178321,"href":"https:\/\/www.versiegelung24.com\/es\/wp-json\/wp\/v2\/product\/126093\/revisions\/178321"}],"wp:featuredmedia":[{"embeddable":true,"href":"https:\/\/www.versiegelung24.com\/es\/wp-json\/wp\/v2\/media\/132064"}],"wp:attachment":[{"href":"https:\/\/www.versiegelung24.com\/es\/wp-json\/wp\/v2\/media?parent=126093"}],"wp:term":[{"taxonomy":"product_brand","embeddable":true,"href":"https:\/\/www.versiegelung24.com\/es\/wp-json\/wp\/v2\/product_brand?post=126093"},{"taxonomy":"product_cat","embeddable":true,"href":"https:\/\/www.versiegelung24.com\/es\/wp-json\/wp\/v2\/product_cat?post=126093"},{"taxonomy":"product_tag","embeddable":true,"href":"https:\/\/www.versiegelung24.com\/es\/wp-json\/wp\/v2\/product_tag?post=126093"}],"curies":[{"name":"wp","href":"https:\/\/api.w.org\/{rel}","templated":true}]}}