{"id":145302,"date":"2024-01-07T15:15:48","date_gmt":"2024-01-13T10:22:08","guid":{"rendered":"https:\/\/www.versiegelung24.com\/product\/v24-goma-de-borrar-100x70x30mm\/"},"modified":"2025-01-05T18:01:15","modified_gmt":"2025-01-05T17:01:15","slug":"v24-schmutzradierer-100x70x30mm","status":"publish","type":"product","link":"https:\/\/www.versiegelung24.com\/es\/v24-goma-de-borrar-100x70x30mm.html","title":{"rendered":"V24 Goma de borrar 100x70x30mm"},"content":{"rendered":"\n<h1 class=\"wp-block-heading\" id=\"h-v24-schmutzradierer-gegen-hartnackige-flecken-online-kaufen\">Comprar V24 antimanchas en l\u00ednea<\/h1>\n\n<h2 class=\"wp-block-heading\" id=\"h-muhelos-hartnackige-flecken-beseitigen-mit-dem-versiegelung24-com-schmutzradierer\">Elimina sin esfuerzo las manchas dif\u00edciles con el borrador de manchas Versiegelung24.com<\/h2>\n\n<p>S\u00f3lo las superficies limpias pueden sellarse con nuestros <a href=\"https:\/\/www.versiegelung24.com\/fluessigglas-versiegelung\/\">selladores<\/a>, por lo que es esencial eliminar las manchas ligeras y resistentes. Nuestro borrador de suciedad es una esponja de melamina de alta tecnolog\u00eda perfecta para limpiar superficies. Para manchas especialmente resistentes, recomendamos el uso adicional de nuestro limpiador org\u00e1nico 100% biodegradable <a href=\"https:\/\/www.versiegelung24.com\/es\/biosativa-biologica-pre-limpiador.html\">BIOSATIVA\u00ae<\/a>, pero no es necesario utilizar limpiadores qu\u00edmicos.<\/p>\n\n<div class=\"wp-block-columns is-layout-flex wp-container-core-columns-is-layout-9d6595d7 wp-block-columns-is-layout-flex\">\n<div class=\"wp-block-column is-layout-flow wp-block-column-is-layout-flow\">\n<h2 class=\"wp-block-heading\" id=\"properties\">Caracter\u00edsticas del producto<\/h2>\n\n\n\n<ul class=\"wp-block-list\">\n<li>Esponja de melamina de alta tecnolog\u00eda<\/li>\n\n\n\n<li>Dimensiones: 100x70x30mm<\/li>\n\n\n\n<li>sin ingredientes qu\u00edmicos<\/li>\n\n\n\n<li>no t\u00f3xico<\/li>\n<\/ul>\n\n\n\n<h2 class=\"wp-block-heading\" id=\"application\">C\u00f3mo eliminar la suciedad de forma fiable con nuestra esponja borradora<\/h2>\n\n\n\n<ol class=\"wp-block-list\">\n<li>Humedece y exprime la esponja<\/li>\n\n\n\n<li>Frote sobre la suciedad con una ligera presi\u00f3n<\/li>\n\n\n\n<li>A continuaci\u00f3n, aclara la esponja y vuelve a utilizarla<\/li>\n<\/ol>\n<\/div>\n\n\n\n<div class=\"wp-block-column is-layout-flow wp-block-column-is-layout-flow\">\n<figure class=\"wp-block-image size-full\"><img fetchpriority=\"high\" decoding=\"async\" width=\"1105\" height=\"1105\" src=\"https:\/\/www.versiegelung24.com\/wp-content\/uploads\/2024\/01\/v24-9020-content-1.webp\" alt=\"\" class=\"wp-image-138069\" srcset=\"https:\/\/www.versiegelung24.com\/wp-content\/uploads\/2024\/01\/v24-9020-content-1.webp 1105w, https:\/\/www.versiegelung24.com\/wp-content\/uploads\/2024\/01\/v24-9020-content-1-300x300.webp 300w, https:\/\/www.versiegelung24.com\/wp-content\/uploads\/2024\/01\/v24-9020-content-1-80x80.webp 80w, https:\/\/www.versiegelung24.com\/wp-content\/uploads\/2024\/01\/v24-9020-content-1-768x768.webp 768w, https:\/\/www.versiegelung24.com\/wp-content\/uploads\/2024\/01\/v24-9020-content-1-70x70.webp 70w, https:\/\/www.versiegelung24.com\/wp-content\/uploads\/2024\/01\/v24-9020-content-1-400x400.webp 400w, https:\/\/www.versiegelung24.com\/wp-content\/uploads\/2024\/01\/v24-9020-content-1-600x600.webp 600w, https:\/\/www.versiegelung24.com\/wp-content\/uploads\/2024\/01\/v24-9020-content-1-100x100.webp 100w\" sizes=\"(max-width: 1105px) 100vw, 1105px\" \/><\/figure>\n<\/div>\n<\/div>\n\n<h2 class=\"wp-block-heading\" id=\"h-vielfaltige-einsatzmoglichkeiten-des-schmutzradierers\"><strong>Amplia gama de aplicaciones para la goma de borrar<\/strong><\/h2>\n\n<p>El borrador de suciedad de Versiegelung24.com es un aut\u00e9ntico todoterreno cuando se trata de eliminar manchas dif\u00edciles y suciedad. Su amplia gama de usos lo convierten en un ayudante indispensable en el hogar. Estos son algunos ejemplos de lo que puede hacer con nuestra goma de borrar:<\/p>\n\n<ol class=\"wp-block-list\">\n<li><strong>Elimina las manchas de las paredes:<\/strong> Ideal para eliminar marcas y manchas de las paredes, como huellas dactilares o rayas de suciedad.<\/li>\n\n\n\n<li><strong>Limpieza de aparatos de cocina:<\/strong> Elimina eficazmente la grasa y los restos de comida de las superficies de cocina, fogones y hornos.<\/li>\n\n\n\n<li><strong>Limpieza de cuartos de ba\u00f1o:<\/strong> Elimina la cal y las manchas de agua en grifer\u00edas, azulejos y cabinas de ducha.<\/li>\n\n\n\n<li><strong>Limpiador de calzado:<\/strong> Elimina manchas dif\u00edciles y abrasiones en zapatillas y otros materiales del calzado.<\/li>\n\n\n\n<li><strong>Cuidado de muebles:<\/strong> Ideal para limpiar superficies de muebles de pl\u00e1stico o madera, elimina huellas dactilares y manchas.<\/li>\n\n\n\n<li><strong>Manchas en textiles:<\/strong> Elimina con seguridad las manchas de sof\u00e1s, sillas u otras superficies de tela.<\/li>\n\n\n\n<li><strong>Limpieza del interior del coche:<\/strong> Perfecto para limpiar salpicaderos, paneles de puertas y otras piezas de pl\u00e1stico del coche.<\/li>\n\n\n\n<li><strong>Ordenadores y aparatos electr\u00f3nicos:<\/strong> Seguro para limpiar teclados y otros aparatos electr\u00f3nicos sensibles.<\/li>\n\n\n\n<li><strong>Limpiador de juguetes:<\/strong> Elimina la suciedad y las manchas de los juguetes de pl\u00e1stico sin productos qu\u00edmicos nocivos.<\/li>\n\n\n\n<li><strong>Puertas y manillas:<\/strong> Eficaz para eliminar las huellas dactilares y la suciedad de las manillas y los marcos de las puertas.<\/li>\n<\/ol>\n\n<h2 class=\"wp-block-heading\" id=\"h-was-sie-vor-dem-kauf-des-radierschwamms-beachten-sollten\">Lo que debe tener en cuenta antes de comprar la esponja de borrar<\/h2>\n\n<h3 class=\"wp-block-heading\" id=\"h-geeignete-oberflachen-fur-den-wunderschwamm\">Superficies adecuadas para la esponja milagrosa<\/h3>\n\n<p>La esponja milagrosa es una herramienta de limpieza vers\u00e1til que puede utilizarse en diversas superficies. Las superficies adecuadas para la esponja milagrosa incluyen <strong>pl\u00e1stico, acero inoxidable, vidrio, cer\u00e1mica, papel pintado, azulejos y mucho m\u00e1s<\/strong>. La esponja puede utilizarse eficazmente en estos materiales para eliminar la suciedad, la grasa y los residuos. La esponja milagrosa tambi\u00e9n es adecuada para superficies delicadas como la madera, ya que no raya ni deja marcas antiest\u00e9ticas. Puede utilizarse para limpiar suavemente las superficies sin da\u00f1arlas.  <\/p>\n\n<p><\/p><h3>Qu\u00e9 hay que tener en cuenta<\/h3>La esponja se puede cortar a medida para llegar a zonas especialmente dif\u00edciles.  Se <strong>recomienda precauci\u00f3n con las<\/strong> <strong>superficies<\/strong><strong>especialmente sensibles<\/strong>, <strong>brillantes<\/strong>, <strong>pintadas<\/strong> y <strong>pulidas<\/strong>. Es aconsejable realizar previamente una prueba en una zona poco visible y comprobar que el producto se desgasta, sobre todo en superficies rugosas. Tras la aplicaci\u00f3n, las superficies deben limpiarse con agua clara para eliminar cualquier residuo.\n","protected":false},"excerpt":{"rendered":"<p class=\"MsoNormal\"><strong>Esponja de melamina para la limpieza previa de superficies<\/strong><\/p>\n<p>Reutilizable<\/p>\n<p>\u2713 Respetuoso con el medio ambiente<\/p>\n<p>\u2713 Pr\u00e1ctico<\/p>\n<p>Aplicaci\u00f3n universal<\/p>\n<p>\u2713 100x70x30mm<\/p>\n<p>&nbsp;<\/p>\n","protected":false},"featured_media":138040,"template":"","meta":{"_acf_changed":false,"neve_meta_sidebar":"","neve_meta_container":"","neve_meta_enable_content_width":"","neve_meta_content_width":0,"neve_meta_title_alignment":"","neve_meta_author_avatar":"","neve_post_elements_order":"","neve_meta_disable_header":"","neve_meta_disable_footer":"","neve_meta_disable_title":"","neve_meta_reading_time":"","_surfaces":[],"_ver_product_tabs":[],"footnotes":""},"product_brand":[],"product_cat":[2379,2382,2390,2486,3091,2182],"product_tag":[],"class_list":{"0":"post-145302","1":"product","2":"type-product","3":"status-publish","4":"has-post-thumbnail","6":"product_cat-sellado-para-vidrio-y-ceramica","7":"product_cat-sellado-de-metal-y-plastico","8":"product_cat-limpiando-suministros","9":"product_cat-sello-universal","10":"product_cat-equipo","11":"product_cat-sellado-de-coches","13":"first","14":"instock","15":"taxable","16":"shipping-taxable","17":"purchasable","18":"product-type-simple"},"acf":[],"yoast_head":"<!-- This site is optimized with the Yoast SEO Premium plugin v22.8 (Yoast SEO v27.5) - https:\/\/yoast.com\/product\/yoast-seo-premium-wordpress\/ -->\n<title>Comprar gomas de borrar baratas online - Versiegelung24.com<\/title>\n<meta name=\"description\" content=\"Compra el borrador de suciedad barato online en Versiegelung24.com y elimina sin esfuerzo la suciedad persistente de diversas superficies.\" \/>\n<meta name=\"robots\" content=\"index, follow, max-snippet:-1, max-image-preview:large, max-video-preview:-1\" \/>\n<link rel=\"canonical\" href=\"https:\/\/www.versiegelung24.com\/es\/v24-goma-de-borrar-100x70x30mm.html\" \/>\n<meta property=\"og:locale\" content=\"es_ES\" \/>\n<meta property=\"og:type\" content=\"article\" \/>\n<meta property=\"og:title\" content=\"V24 Goma de borrar 100x70x30mm\" \/>\n<meta property=\"og:description\" content=\"Compra el borrador de suciedad barato online en Versiegelung24.com y elimina sin esfuerzo la suciedad persistente de diversas superficies.\" \/>\n<meta property=\"og:url\" content=\"https:\/\/www.versiegelung24.com\/es\/v24-goma-de-borrar-100x70x30mm.html\" \/>\n<meta property=\"og:site_name\" content=\"versiegelung24.com\" \/>\n<meta property=\"article:modified_time\" content=\"2025-01-05T17:01:15+00:00\" \/>\n<meta property=\"og:image\" content=\"https:\/\/www.versiegelung24.com\/wp-content\/uploads\/2024\/01\/V24-9020-3.webp\" \/>\n\t<meta property=\"og:image:width\" content=\"600\" \/>\n\t<meta property=\"og:image:height\" content=\"600\" \/>\n\t<meta property=\"og:image:type\" content=\"image\/webp\" \/>\n<meta name=\"twitter:card\" content=\"summary_large_image\" \/>\n<meta name=\"twitter:label1\" content=\"Precio\" \/>\n\t<meta name=\"twitter:data1\" content=\"0,99&euro;\" \/>\n\t<meta name=\"twitter:label2\" content=\"Disponibilidad\" \/>\n\t<meta name=\"twitter:data2\" content=\"Disponible\" \/>\n<script type=\"application\/ld+json\" class=\"yoast-schema-graph\">{\"@context\":\"https:\\\/\\\/schema.org\",\"@graph\":[{\"@type\":\"WebPage\",\"@id\":\"https:\\\/\\\/www.versiegelung24.com\\\/es\\\/v24-goma-de-borrar-100x70x30mm.html\",\"url\":\"https:\\\/\\\/www.versiegelung24.com\\\/es\\\/v24-goma-de-borrar-100x70x30mm.html\",\"name\":\"Comprar gomas de borrar baratas online - Versiegelung24.com\",\"isPartOf\":{\"@id\":\"https:\\\/\\\/www.versiegelung24.com\\\/es\\\/#website\"},\"primaryImageOfPage\":{\"@id\":\"https:\\\/\\\/www.versiegelung24.com\\\/es\\\/v24-goma-de-borrar-100x70x30mm.html#primaryimage\"},\"image\":{\"@id\":\"https:\\\/\\\/www.versiegelung24.com\\\/es\\\/v24-goma-de-borrar-100x70x30mm.html#primaryimage\"},\"thumbnailUrl\":\"https:\\\/\\\/www.versiegelung24.com\\\/wp-content\\\/uploads\\\/2024\\\/01\\\/V24-9020-3.webp\",\"datePublished\":\"2024-01-13T10:22:08+00:00\",\"dateModified\":\"2025-01-05T17:01:15+00:00\",\"description\":\"Compra el borrador de suciedad barato online en Versiegelung24.com y elimina sin esfuerzo la suciedad persistente de diversas superficies.\",\"breadcrumb\":{\"@id\":\"https:\\\/\\\/www.versiegelung24.com\\\/es\\\/v24-goma-de-borrar-100x70x30mm.html#breadcrumb\"},\"inLanguage\":\"es\",\"potentialAction\":[{\"@type\":\"ReadAction\",\"target\":[\"https:\\\/\\\/www.versiegelung24.com\\\/es\\\/v24-goma-de-borrar-100x70x30mm.html\"]}]},{\"@type\":\"ImageObject\",\"inLanguage\":\"es\",\"@id\":\"https:\\\/\\\/www.versiegelung24.com\\\/es\\\/v24-goma-de-borrar-100x70x30mm.html#primaryimage\",\"url\":\"https:\\\/\\\/www.versiegelung24.com\\\/wp-content\\\/uploads\\\/2024\\\/01\\\/V24-9020-3.webp\",\"contentUrl\":\"https:\\\/\\\/www.versiegelung24.com\\\/wp-content\\\/uploads\\\/2024\\\/01\\\/V24-9020-3.webp\",\"width\":600,\"height\":600},{\"@type\":\"BreadcrumbList\",\"@id\":\"https:\\\/\\\/www.versiegelung24.com\\\/es\\\/v24-goma-de-borrar-100x70x30mm.html#breadcrumb\",\"itemListElement\":[{\"@type\":\"ListItem\",\"position\":1,\"name\":\"P\u00e1gina web\",\"item\":\"https:\\\/\\\/www.versiegelung24.com\\\/es\\\/frontal\\\/\"},{\"@type\":\"ListItem\",\"position\":2,\"name\":\"Tienda\",\"item\":\"https:\\\/\\\/www.versiegelung24.com\\\/es\\\/tienda\\\/\"},{\"@type\":\"ListItem\",\"position\":3,\"name\":\"V24 Goma de borrar 100x70x30mm\"}]},{\"@type\":\"WebSite\",\"@id\":\"https:\\\/\\\/www.versiegelung24.com\\\/es\\\/#website\",\"url\":\"https:\\\/\\\/www.versiegelung24.com\\\/es\\\/\",\"name\":\"versiegelung24.com\",\"description\":\"Fl\u00fcssigglas-Versiegelung - Made in Germany\",\"publisher\":{\"@id\":\"https:\\\/\\\/www.versiegelung24.com\\\/es\\\/#organization\"},\"potentialAction\":[{\"@type\":\"SearchAction\",\"target\":{\"@type\":\"EntryPoint\",\"urlTemplate\":\"https:\\\/\\\/www.versiegelung24.com\\\/es\\\/?s={search_term_string}\"},\"query-input\":{\"@type\":\"PropertyValueSpecification\",\"valueRequired\":true,\"valueName\":\"search_term_string\"}}],\"inLanguage\":\"es\"},{\"@type\":\"Organization\",\"@id\":\"https:\\\/\\\/www.versiegelung24.com\\\/es\\\/#organization\",\"name\":\"versiegelung24\",\"url\":\"https:\\\/\\\/www.versiegelung24.com\\\/es\\\/\",\"logo\":{\"@type\":\"ImageObject\",\"inLanguage\":\"es\",\"@id\":\"https:\\\/\\\/www.versiegelung24.com\\\/es\\\/#\\\/schema\\\/logo\\\/image\\\/\",\"url\":\"https:\\\/\\\/www.versiegelung24.com\\\/wp-content\\\/uploads\\\/2020\\\/04\\\/versiegelung24.png\",\"contentUrl\":\"https:\\\/\\\/www.versiegelung24.com\\\/wp-content\\\/uploads\\\/2020\\\/04\\\/versiegelung24.png\",\"width\":470,\"height\":102,\"caption\":\"versiegelung24\"},\"image\":{\"@id\":\"https:\\\/\\\/www.versiegelung24.com\\\/es\\\/#\\\/schema\\\/logo\\\/image\\\/\"}}]}<\/script>\n<meta property=\"product:price:amount\" content=\"0.99\" \/>\n<meta property=\"product:price:currency\" content=\"EUR\" \/>\n<meta property=\"og:availability\" content=\"instock\" \/>\n<meta property=\"product:availability\" content=\"instock\" \/>\n<meta property=\"product:retailer_item_id\" content=\"V24-9020-1\" \/>\n<meta property=\"product:condition\" content=\"new\" \/>\n<!-- \/ Yoast SEO Premium plugin. -->","yoast_head_json":{"title":"Comprar gomas de borrar baratas online - Versiegelung24.com","description":"Compra el borrador de suciedad barato online en Versiegelung24.com y elimina sin esfuerzo la suciedad persistente de diversas superficies.","robots":{"index":"index","follow":"follow","max-snippet":"max-snippet:-1","max-image-preview":"max-image-preview:large","max-video-preview":"max-video-preview:-1"},"canonical":"https:\/\/www.versiegelung24.com\/es\/v24-goma-de-borrar-100x70x30mm.html","og_locale":"es_ES","og_type":"article","og_title":"V24 Goma de borrar 100x70x30mm","og_description":"Compra el borrador de suciedad barato online en Versiegelung24.com y elimina sin esfuerzo la suciedad persistente de diversas superficies.","og_url":"https:\/\/www.versiegelung24.com\/es\/v24-goma-de-borrar-100x70x30mm.html","og_site_name":"versiegelung24.com","article_modified_time":"2025-01-05T17:01:15+00:00","og_image":[{"width":600,"height":600,"url":"https:\/\/www.versiegelung24.com\/wp-content\/uploads\/2024\/01\/V24-9020-3.webp","type":"image\/webp"}],"twitter_card":"summary_large_image","twitter_misc":{"Precio":"0,99&euro;","Disponibilidad":"Disponible"},"schema":{"@context":"https:\/\/schema.org","@graph":[{"@type":"WebPage","@id":"https:\/\/www.versiegelung24.com\/es\/v24-goma-de-borrar-100x70x30mm.html","url":"https:\/\/www.versiegelung24.com\/es\/v24-goma-de-borrar-100x70x30mm.html","name":"Comprar gomas de borrar baratas online - Versiegelung24.com","isPartOf":{"@id":"https:\/\/www.versiegelung24.com\/es\/#website"},"primaryImageOfPage":{"@id":"https:\/\/www.versiegelung24.com\/es\/v24-goma-de-borrar-100x70x30mm.html#primaryimage"},"image":{"@id":"https:\/\/www.versiegelung24.com\/es\/v24-goma-de-borrar-100x70x30mm.html#primaryimage"},"thumbnailUrl":"https:\/\/www.versiegelung24.com\/wp-content\/uploads\/2024\/01\/V24-9020-3.webp","datePublished":"2024-01-13T10:22:08+00:00","dateModified":"2025-01-05T17:01:15+00:00","description":"Compra el borrador de suciedad barato online en Versiegelung24.com y elimina sin esfuerzo la suciedad persistente de diversas superficies.","breadcrumb":{"@id":"https:\/\/www.versiegelung24.com\/es\/v24-goma-de-borrar-100x70x30mm.html#breadcrumb"},"inLanguage":"es","potentialAction":[{"@type":"ReadAction","target":["https:\/\/www.versiegelung24.com\/es\/v24-goma-de-borrar-100x70x30mm.html"]}]},{"@type":"ImageObject","inLanguage":"es","@id":"https:\/\/www.versiegelung24.com\/es\/v24-goma-de-borrar-100x70x30mm.html#primaryimage","url":"https:\/\/www.versiegelung24.com\/wp-content\/uploads\/2024\/01\/V24-9020-3.webp","contentUrl":"https:\/\/www.versiegelung24.com\/wp-content\/uploads\/2024\/01\/V24-9020-3.webp","width":600,"height":600},{"@type":"BreadcrumbList","@id":"https:\/\/www.versiegelung24.com\/es\/v24-goma-de-borrar-100x70x30mm.html#breadcrumb","itemListElement":[{"@type":"ListItem","position":1,"name":"P\u00e1gina web","item":"https:\/\/www.versiegelung24.com\/es\/frontal\/"},{"@type":"ListItem","position":2,"name":"Tienda","item":"https:\/\/www.versiegelung24.com\/es\/tienda\/"},{"@type":"ListItem","position":3,"name":"V24 Goma de borrar 100x70x30mm"}]},{"@type":"WebSite","@id":"https:\/\/www.versiegelung24.com\/es\/#website","url":"https:\/\/www.versiegelung24.com\/es\/","name":"versiegelung24.com","description":"Fl\u00fcssigglas-Versiegelung - Made in Germany","publisher":{"@id":"https:\/\/www.versiegelung24.com\/es\/#organization"},"potentialAction":[{"@type":"SearchAction","target":{"@type":"EntryPoint","urlTemplate":"https:\/\/www.versiegelung24.com\/es\/?s={search_term_string}"},"query-input":{"@type":"PropertyValueSpecification","valueRequired":true,"valueName":"search_term_string"}}],"inLanguage":"es"},{"@type":"Organization","@id":"https:\/\/www.versiegelung24.com\/es\/#organization","name":"versiegelung24","url":"https:\/\/www.versiegelung24.com\/es\/","logo":{"@type":"ImageObject","inLanguage":"es","@id":"https:\/\/www.versiegelung24.com\/es\/#\/schema\/logo\/image\/","url":"https:\/\/www.versiegelung24.com\/wp-content\/uploads\/2020\/04\/versiegelung24.png","contentUrl":"https:\/\/www.versiegelung24.com\/wp-content\/uploads\/2020\/04\/versiegelung24.png","width":470,"height":102,"caption":"versiegelung24"},"image":{"@id":"https:\/\/www.versiegelung24.com\/es\/#\/schema\/logo\/image\/"}}]},"product_price_amount":"0.99","product_price_currency":"EUR","og_availability":"instock","product_availability":"instock","product_retailer_item_id":"V24-9020-1","product_condition":"new"},"_links":{"self":[{"href":"https:\/\/www.versiegelung24.com\/es\/wp-json\/wp\/v2\/product\/145302","targetHints":{"allow":["GET"]}}],"collection":[{"href":"https:\/\/www.versiegelung24.com\/es\/wp-json\/wp\/v2\/product"}],"about":[{"href":"https:\/\/www.versiegelung24.com\/es\/wp-json\/wp\/v2\/types\/product"}],"version-history":[{"count":2,"href":"https:\/\/www.versiegelung24.com\/es\/wp-json\/wp\/v2\/product\/145302\/revisions"}],"predecessor-version":[{"id":178472,"href":"https:\/\/www.versiegelung24.com\/es\/wp-json\/wp\/v2\/product\/145302\/revisions\/178472"}],"wp:featuredmedia":[{"embeddable":true,"href":"https:\/\/www.versiegelung24.com\/es\/wp-json\/wp\/v2\/media\/138040"}],"wp:attachment":[{"href":"https:\/\/www.versiegelung24.com\/es\/wp-json\/wp\/v2\/media?parent=145302"}],"wp:term":[{"taxonomy":"product_brand","embeddable":true,"href":"https:\/\/www.versiegelung24.com\/es\/wp-json\/wp\/v2\/product_brand?post=145302"},{"taxonomy":"product_cat","embeddable":true,"href":"https:\/\/www.versiegelung24.com\/es\/wp-json\/wp\/v2\/product_cat?post=145302"},{"taxonomy":"product_tag","embeddable":true,"href":"https:\/\/www.versiegelung24.com\/es\/wp-json\/wp\/v2\/product_tag?post=145302"}],"curies":[{"name":"wp","href":"https:\/\/api.w.org\/{rel}","templated":true}]}}