{"id":157663,"date":"2024-04-04T12:30:43","date_gmt":"2024-04-04T10:30:43","guid":{"rendered":"https:\/\/www.versiegelung24.com\/?post_type=product&#038;p=157663"},"modified":"2026-03-02T09:02:01","modified_gmt":"2026-03-02T08:02:01","slug":"isopropanol","status":"publish","type":"product","link":"https:\/\/www.versiegelung24.com\/es\/100-bioetanol-de-alta-pureza-para-la-limpieza-previa-profesional-kopie.html","title":{"rendered":"Isopropanol 99,9% de gran pureza para limpieza previa"},"content":{"rendered":"\n<h4 class=\"wp-block-heading\" id=\"h-beschreibung\">Descripci\u00f3n de la  <\/h4>\n\n<p>El isopropanol, tambi\u00e9n conocido como IPA, 2-propanol o alcohol isoprop\u00edlico, es un l\u00edquido incoloro y transparente con un olor caracter\u00edstico, que se caracteriza por su amplia gama de aplicaciones en el hogar, en el sector de las aficiones y en la industria. La elevada pureza del 99,9% convierte a nuestro isopropanol en el prelimpiador ideal para diversas superficies y para la preparaci\u00f3n de otros pasos de procesamiento.<\/p>\n\n<p>Puede utilizarse muy bien en combinaci\u00f3n con nuestro prelimpiador biol\u00f3gico sin residuos <strong><a href=\"https:\/\/www.versiegelung24.com\/es\/biosativa-biologica-pre-limpiador.html\">BIOSATIVA<\/a><\/strong><br\/>para la preparaci\u00f3n de, por ejemplo,<a href=\"https:\/\/www.versiegelung24.com\/versiegelung-glas-keramik\/\">vidrio<\/a>, <a href=\"https:\/\/www.versiegelung24.com\/versiegelung-glas-keramik\/\">cer\u00e1mica<\/a>, <a href=\"https:\/\/www.versiegelung24.com\/oberflaechen\/\">superficies<\/a> pintadas para la aplicaci\u00f3n de nuestros selladores de superficies.<\/p>\n\n<hr\/>\n\n<h4 class=\"wp-block-heading\" id=\"properties\">Caracter\u00edsticas del producto<\/h4>\n\n<p>\u2713 <strong>Propiedades desengrasantes<\/strong>: Eficaz para eliminar grasas, aceites y algunos adhesivos.<\/p>\n\n<p>\u2713 <strong>Potencial desinfectante<\/strong>: Puede ayudar a reducir bacterias y eliminar olores gracias a su base alcoh\u00f3lica.<\/p>\n\n<p>\u2713 <strong>Evaporaci\u00f3n r\u00e1pida<\/strong>: Se evapora r\u00e1pidamente sin dejar residuos, ideal para procesos de limpieza.<\/p>\n\n<p>\u2713 <strong>Solubilidad<\/strong>: Excelente solubilidad en agua, lo que la hace adecuada para diversas diluciones y aplicaciones.<\/p>\n\n<p>\u2713 <strong>Pureza<\/strong>: 99,9% de contenido de isopropanol para los m\u00e1s altos est\u00e1ndares de pureza y eficacia.\u2713 Producci\u00f3n regional con ingredientes procedentes de Europa.<\/p>\n\n<p>\u2713 <strong>Estado f\u00edsico<\/strong>: L\u00edquido claro e incoloro con un olor caracter\u00edstico y penetrante.<\/p>\n\n<p><strong>Altamente inflamable<\/strong>: Debe manipularse y almacenarse con cuidado, lejos de fuentes de ignici\u00f3n.<\/p>\n\n<p><strong>No corrosivo<\/strong>: seguro para su uso en la mayor\u00eda de los metales y pl\u00e1sticos cuando se diluye adecuadamente.<\/p>\n\n<p>\u2713 <strong>Utilizaci\u00f3n vers\u00e1til<\/strong>: Adecuado para aplicaciones t\u00e9cnicas, cosm\u00e9ticas y de laboratorio gracias a su elevada pureza.<\/p>\n\n<p>\u2713 <strong>Perfil de seguridad<\/strong>: Requiere medidas de protecci\u00f3n durante su uso para evitar la inhalaci\u00f3n o el contacto con la piel.<\/p>\n\n<hr\/>\n\n<h4 class=\"wp-block-heading\" id=\"application\">Aplicaci\u00f3n<\/h4>\n\n<ul class=\"wp-block-list\">\n<li><strong>Limpieza de<\/strong> cristales: Ideal para limpiar superficies de cristal sin dejar rayas. Para obtener resultados \u00f3ptimos, se recomienda diluir con un 30% de agua destilada.<\/li>\n\n\n\n<li><strong>Desengrasado<\/strong>: Eliminaci\u00f3n eficaz de grasa, pintura, tinta y residuos adhesivos de diversas superficies.<\/li>\n\n\n\n<li><strong>Industria del autom\u00f3vil<\/strong>: Indispensable para eliminar la suciedad y los restos de adhesivo antes del pulido de la pintura.<\/li>\n\n\n\n<li><strong>Impresi\u00f3n 3D<\/strong>: Perfecto para limpiar sin dejar residuos los lechos de impresi\u00f3n y otros componentes de las impresoras 3D.<\/li>\n\n\n\n<li><strong>Limpieza de vaporizadores<\/strong>: Excelente para limpiar cigarrillos electr\u00f3nicos y pipas para evitar la acumulaci\u00f3n de bacterias.<\/li>\n\n\n\n<li><strong>Cuidado de los discos<\/strong>: Los amantes de la m\u00fasica aprecian el suave efecto de limpieza en sus tesoros de vinilo.<\/li>\n\n\n\n<li><strong>Eliminaci\u00f3n de olores<\/strong>: Elimina olores desagradables en zapatos u otros tejidos.<\/li>\n\n\n\n<li><strong>Control de plagas<\/strong>: \u00datil en la lucha contra chinches y carcomas.<\/li>\n<\/ul>\n\n<p>Adem\u00e1s de las principales \u00e1reas de aplicaci\u00f3n, el isopropanol tambi\u00e9n es ideal como descongelante de cerraduras de puertas, limpiador de cables y para muchas otras aplicaciones que requieren una limpieza previa a fondo.<\/p>\n\n<hr\/>\n\n<h4 class=\"wp-block-heading\" id=\"faq\">PREGUNTAS FRECUENTES<\/h4>\n\n<div class=\"schema-faq wp-block-yoast-faq-block\"><div class=\"schema-faq-section\" id=\"faq-question-1645793617330\"><strong class=\"schema-faq-question\"><strong>\u00bfPuede utilizarse el isopropanol 99,9% con fines m\u00e9dicos o de desinfecci\u00f3n<\/strong>?<\/strong> <p class=\"schema-faq-answer\">El isopropanol 99,9% puede utilizarse para desinfectar superficies, ya que tiene propiedades bactericidas debido a su alta concentraci\u00f3n de alcohol. Sin embargo, para su aplicaci\u00f3n directa sobre la piel o con fines m\u00e9dicos, debe diluirse convenientemente.  <strong>No se recomienda su uso con fines m\u00e9dicos o de desinfecci\u00f3n.<\/strong><\/p> <\/div> <div class=\"schema-faq-section\" id=\"faq-question-1645793819353\"><strong class=\"schema-faq-question\"><strong>\u00bfEs el isopropanol 99,9% seguro para limpiar aparatos electr\u00f3nicos?<\/strong><\/strong> <p class=\"schema-faq-answer\">S\u00ed, el isopropanol 99,9% es ideal para limpiar aparatos electr\u00f3nicos, ya que se evapora r\u00e1pidamente y no deja residuos. Es importante apagar y desconectar los aparatos electr\u00f3nicos antes de usarlos y no pulverizar el alcohol directamente sobre ellos, sino utilizar un pa\u00f1o empapado en isopropanol.<br><\/p> <\/div> <div class=\"schema-faq-section\" id=\"faq-question-1645794918526\"><strong class=\"schema-faq-question\"><strong>\u00bfC\u00f3mo debe almacenarse el isopropanol 99,9%?<\/strong><\/strong> <p class=\"schema-faq-answer\">Isopropanol 99,9% debe almacenarse en un recipiente bien cerrado en un lugar fresco y bien ventilado. Es altamente inflamable, por lo que debe almacenarse lejos de fuentes de calor, chispas, llamas abiertas y otras fuentes de ignici\u00f3n. Adem\u00e1s, la zona de almacenamiento debe elegirse de forma que sea inaccesible para los ni\u00f1os y los animales dom\u00e9sticos para evitar la exposici\u00f3n accidental.<\/p> <\/div> <\/div>\n","protected":false},"excerpt":{"rendered":"<p>\u2713 <strong>Alto poder de limpieza<\/strong>: eliminaci\u00f3n de restos de adhesivo.<\/p>\n<p>\u2713 <strong>Desengrasado<\/strong>: eliminaci\u00f3n de grasa y aceite sin dejar rayas.<\/p>\n<p><strong>Solubilidad<\/strong>: Excelente solubilidad en agua.<\/p>\n<p>\u2713 <strong>Evaporaci\u00f3n<\/strong> r\u00e1pida: se evapora r\u00e1pidamente sin dejar residuos.<\/p>\n","protected":false},"featured_media":157730,"template":"","meta":{"_acf_changed":false,"neve_meta_sidebar":"","neve_meta_container":"","neve_meta_enable_content_width":"","neve_meta_content_width":0,"neve_meta_title_alignment":"","neve_meta_author_avatar":"","neve_post_elements_order":"","neve_meta_disable_header":"","neve_meta_disable_footer":"","neve_meta_disable_title":"","neve_meta_reading_time":"","_surfaces":[],"_ver_product_tabs":[],"footnotes":""},"product_brand":[],"product_cat":[2379,2382,2390,2620,2182],"product_tag":[],"class_list":{"0":"post-157663","1":"product","2":"type-product","3":"status-publish","4":"has-post-thumbnail","6":"product_cat-sellado-para-vidrio-y-ceramica","7":"product_cat-sellado-de-metal-y-plastico","8":"product_cat-limpiando-suministros","9":"product_cat-bioetanol-es","10":"product_cat-sellado-de-coches","12":"first","13":"instock","14":"taxable","15":"shipping-taxable","16":"purchasable","17":"product-type-simple"},"acf":[],"yoast_head":"<!-- This site is optimized with the Yoast SEO Premium plugin v22.8 (Yoast SEO v27.5) - https:\/\/yoast.com\/product\/yoast-seo-premium-wordpress\/ -->\n<title>Isopropanol 99,9% de gran pureza para limpieza previa - versiegelung24.com<\/title>\n<meta name=\"robots\" content=\"index, follow, max-snippet:-1, max-image-preview:large, max-video-preview:-1\" \/>\n<link rel=\"canonical\" href=\"https:\/\/www.versiegelung24.com\/es\/100-bioetanol-de-alta-pureza-para-la-limpieza-previa-profesional-kopie.html\" \/>\n<meta property=\"og:locale\" content=\"es_ES\" \/>\n<meta property=\"og:type\" content=\"article\" \/>\n<meta property=\"og:title\" content=\"Isopropanol 99,9% de gran pureza para limpieza previa\" \/>\n<meta property=\"og:description\" content=\"\u2713 Alto poder de limpieza: eliminaci\u00f3n de restos de adhesivo. \u2713 Desengrasado: eliminaci\u00f3n de grasa y aceite sin dejar rayas. Solubilidad: Excelente solubilidad en agua. \u2713 Evaporaci\u00f3n r\u00e1pida: se evapora r\u00e1pidamente sin dejar residuos.\" \/>\n<meta property=\"og:url\" content=\"https:\/\/www.versiegelung24.com\/es\/100-bioetanol-de-alta-pureza-para-la-limpieza-previa-profesional-kopie.html\" \/>\n<meta property=\"og:site_name\" content=\"versiegelung24.com\" \/>\n<meta property=\"article:modified_time\" content=\"2026-03-02T08:02:01+00:00\" \/>\n<meta property=\"og:image\" content=\"https:\/\/www.versiegelung24.com\/wp-content\/uploads\/2024\/04\/isopropanol-999.webp\" \/>\n\t<meta property=\"og:image:width\" content=\"2560\" \/>\n\t<meta property=\"og:image:height\" content=\"2560\" \/>\n\t<meta property=\"og:image:type\" content=\"image\/webp\" \/>\n<meta name=\"twitter:card\" content=\"summary_large_image\" \/>\n<meta name=\"twitter:label1\" content=\"Precio\" \/>\n\t<meta name=\"twitter:data1\" content=\"11,99&euro;\" \/>\n\t<meta name=\"twitter:label2\" content=\"Disponibilidad\" \/>\n\t<meta name=\"twitter:data2\" content=\"Disponible\" \/>\n<script type=\"application\/ld+json\" class=\"yoast-schema-graph\">{\"@context\":\"https:\\\/\\\/schema.org\",\"@graph\":[{\"@type\":[\"WebPage\",\"FAQPage\"],\"@id\":\"https:\\\/\\\/www.versiegelung24.com\\\/es\\\/100-bioetanol-de-alta-pureza-para-la-limpieza-previa-profesional-kopie.html\",\"url\":\"https:\\\/\\\/www.versiegelung24.com\\\/es\\\/100-bioetanol-de-alta-pureza-para-la-limpieza-previa-profesional-kopie.html\",\"name\":\"Isopropanol 99,9% de gran pureza para limpieza previa - versiegelung24.com\",\"isPartOf\":{\"@id\":\"https:\\\/\\\/www.versiegelung24.com\\\/es\\\/#website\"},\"primaryImageOfPage\":{\"@id\":\"https:\\\/\\\/www.versiegelung24.com\\\/es\\\/100-bioetanol-de-alta-pureza-para-la-limpieza-previa-profesional-kopie.html#primaryimage\"},\"image\":{\"@id\":\"https:\\\/\\\/www.versiegelung24.com\\\/es\\\/100-bioetanol-de-alta-pureza-para-la-limpieza-previa-profesional-kopie.html#primaryimage\"},\"thumbnailUrl\":\"https:\\\/\\\/www.versiegelung24.com\\\/wp-content\\\/uploads\\\/2024\\\/04\\\/isopropanol-999.webp\",\"datePublished\":\"2024-04-04T10:30:43+00:00\",\"dateModified\":\"2026-03-02T08:02:01+00:00\",\"breadcrumb\":{\"@id\":\"https:\\\/\\\/www.versiegelung24.com\\\/es\\\/100-bioetanol-de-alta-pureza-para-la-limpieza-previa-profesional-kopie.html#breadcrumb\"},\"mainEntity\":[{\"@id\":\"https:\\\/\\\/www.versiegelung24.com\\\/es\\\/100-bioetanol-de-alta-pureza-para-la-limpieza-previa-profesional-kopie.html#faq-question-1645793617330\"},{\"@id\":\"https:\\\/\\\/www.versiegelung24.com\\\/es\\\/100-bioetanol-de-alta-pureza-para-la-limpieza-previa-profesional-kopie.html#faq-question-1645793819353\"},{\"@id\":\"https:\\\/\\\/www.versiegelung24.com\\\/es\\\/100-bioetanol-de-alta-pureza-para-la-limpieza-previa-profesional-kopie.html#faq-question-1645794918526\"}],\"inLanguage\":\"es\",\"potentialAction\":[{\"@type\":\"ReadAction\",\"target\":[\"https:\\\/\\\/www.versiegelung24.com\\\/es\\\/100-bioetanol-de-alta-pureza-para-la-limpieza-previa-profesional-kopie.html\"]}]},{\"@type\":\"ImageObject\",\"inLanguage\":\"es\",\"@id\":\"https:\\\/\\\/www.versiegelung24.com\\\/es\\\/100-bioetanol-de-alta-pureza-para-la-limpieza-previa-profesional-kopie.html#primaryimage\",\"url\":\"https:\\\/\\\/www.versiegelung24.com\\\/wp-content\\\/uploads\\\/2024\\\/04\\\/isopropanol-999.webp\",\"contentUrl\":\"https:\\\/\\\/www.versiegelung24.com\\\/wp-content\\\/uploads\\\/2024\\\/04\\\/isopropanol-999.webp\",\"width\":2560,\"height\":2560},{\"@type\":\"BreadcrumbList\",\"@id\":\"https:\\\/\\\/www.versiegelung24.com\\\/es\\\/100-bioetanol-de-alta-pureza-para-la-limpieza-previa-profesional-kopie.html#breadcrumb\",\"itemListElement\":[{\"@type\":\"ListItem\",\"position\":1,\"name\":\"P\u00e1gina web\",\"item\":\"https:\\\/\\\/www.versiegelung24.com\\\/es\\\/frontal\\\/\"},{\"@type\":\"ListItem\",\"position\":2,\"name\":\"Tienda\",\"item\":\"https:\\\/\\\/www.versiegelung24.com\\\/es\\\/tienda\\\/\"},{\"@type\":\"ListItem\",\"position\":3,\"name\":\"Isopropanol 99,9% de gran pureza para limpieza previa\"}]},{\"@type\":\"WebSite\",\"@id\":\"https:\\\/\\\/www.versiegelung24.com\\\/es\\\/#website\",\"url\":\"https:\\\/\\\/www.versiegelung24.com\\\/es\\\/\",\"name\":\"versiegelung24.com\",\"description\":\"Fl\u00fcssigglas-Versiegelung - Made in Germany\",\"publisher\":{\"@id\":\"https:\\\/\\\/www.versiegelung24.com\\\/es\\\/#organization\"},\"potentialAction\":[{\"@type\":\"SearchAction\",\"target\":{\"@type\":\"EntryPoint\",\"urlTemplate\":\"https:\\\/\\\/www.versiegelung24.com\\\/es\\\/?s={search_term_string}\"},\"query-input\":{\"@type\":\"PropertyValueSpecification\",\"valueRequired\":true,\"valueName\":\"search_term_string\"}}],\"inLanguage\":\"es\"},{\"@type\":\"Organization\",\"@id\":\"https:\\\/\\\/www.versiegelung24.com\\\/es\\\/#organization\",\"name\":\"versiegelung24\",\"url\":\"https:\\\/\\\/www.versiegelung24.com\\\/es\\\/\",\"logo\":{\"@type\":\"ImageObject\",\"inLanguage\":\"es\",\"@id\":\"https:\\\/\\\/www.versiegelung24.com\\\/es\\\/#\\\/schema\\\/logo\\\/image\\\/\",\"url\":\"https:\\\/\\\/www.versiegelung24.com\\\/wp-content\\\/uploads\\\/2020\\\/04\\\/versiegelung24.png\",\"contentUrl\":\"https:\\\/\\\/www.versiegelung24.com\\\/wp-content\\\/uploads\\\/2020\\\/04\\\/versiegelung24.png\",\"width\":470,\"height\":102,\"caption\":\"versiegelung24\"},\"image\":{\"@id\":\"https:\\\/\\\/www.versiegelung24.com\\\/es\\\/#\\\/schema\\\/logo\\\/image\\\/\"}},{\"@type\":\"Question\",\"@id\":\"https:\\\/\\\/www.versiegelung24.com\\\/es\\\/100-bioetanol-de-alta-pureza-para-la-limpieza-previa-profesional-kopie.html#faq-question-1645793617330\",\"position\":1,\"url\":\"https:\\\/\\\/www.versiegelung24.com\\\/es\\\/100-bioetanol-de-alta-pureza-para-la-limpieza-previa-profesional-kopie.html#faq-question-1645793617330\",\"name\":\"Kann Isopropanol 99,9% f\u00fcr medizinische oder desinfizierende Zwecke verwendet werden?\",\"answerCount\":1,\"acceptedAnswer\":{\"@type\":\"Answer\",\"text\":\"Isopropanol 99,9% kann f\u00fcr die Desinfektion von Oberfl\u00e4chen verwendet werden, da es aufgrund seiner hohen Alkoholkonzentration bakterizide Eigenschaften besitzt. F\u00fcr die direkte Anwendung auf der Haut oder f\u00fcr medizinische Zwecke sollte es jedoch entsprechend verd\u00fcnnt werden. <strong>Wir empfehlen die Verwendung f\u00fcr medizinische oder desinfizierende Zwecke nicht!<\\\/strong>\",\"inLanguage\":\"es\"},\"inLanguage\":\"es\"},{\"@type\":\"Question\",\"@id\":\"https:\\\/\\\/www.versiegelung24.com\\\/es\\\/100-bioetanol-de-alta-pureza-para-la-limpieza-previa-profesional-kopie.html#faq-question-1645793819353\",\"position\":2,\"url\":\"https:\\\/\\\/www.versiegelung24.com\\\/es\\\/100-bioetanol-de-alta-pureza-para-la-limpieza-previa-profesional-kopie.html#faq-question-1645793819353\",\"name\":\"Ist Isopropanol 99,9% sicher f\u00fcr die Reinigung von elektronischen Ger\u00e4ten?\",\"answerCount\":1,\"acceptedAnswer\":{\"@type\":\"Answer\",\"text\":\"Ja, Isopropanol 99,9% eignet sich hervorragend f\u00fcr die Reinigung von elektronischen Ger\u00e4ten, da es schnell verdunstet und keine R\u00fcckst\u00e4nde hinterl\u00e4sst. Es ist wichtig, elektronische Ger\u00e4te vor der Anwendung auszuschalten und zu entkoppeln und den Alkohol nicht direkt auf die Ger\u00e4te zu spr\u00fchen, sondern ein mit Isopropanol getr\u00e4nktes Tuch zu verwenden.<br\\\/>\",\"inLanguage\":\"es\"},\"inLanguage\":\"es\"},{\"@type\":\"Question\",\"@id\":\"https:\\\/\\\/www.versiegelung24.com\\\/es\\\/100-bioetanol-de-alta-pureza-para-la-limpieza-previa-profesional-kopie.html#faq-question-1645794918526\",\"position\":3,\"url\":\"https:\\\/\\\/www.versiegelung24.com\\\/es\\\/100-bioetanol-de-alta-pureza-para-la-limpieza-previa-profesional-kopie.html#faq-question-1645794918526\",\"name\":\"Wie sollte Isopropanol 99,9% gelagert werden?\",\"answerCount\":1,\"acceptedAnswer\":{\"@type\":\"Answer\",\"text\":\"Isopropanol 99,9% sollte in einem gut verschlossenen Beh\u00e4lter an einem k\u00fchlen, gut bel\u00fcfteten Ort gelagert werden. Es ist leicht entz\u00fcndlich, daher sollte es fern von Hitzequellen, Funken, offenen Flammen und anderen Z\u00fcndquellen aufbewahrt werden. Zudem sollte der Lagerbereich so gew\u00e4hlt werden, dass er f\u00fcr Kinder und Haustiere unzug\u00e4nglich ist, um unbeabsichtigte Exposition zu vermeiden.\",\"inLanguage\":\"es\"},\"inLanguage\":\"es\"}]}<\/script>\n<meta property=\"product:price:amount\" content=\"11.99\" \/>\n<meta property=\"product:price:currency\" content=\"EUR\" \/>\n<meta property=\"og:availability\" content=\"instock\" \/>\n<meta property=\"product:availability\" content=\"instock\" \/>\n<meta property=\"product:retailer_item_id\" content=\"9110-ISO99\" \/>\n<meta property=\"product:condition\" content=\"new\" \/>\n<!-- \/ Yoast SEO Premium plugin. -->","yoast_head_json":{"title":"Isopropanol 99,9% de gran pureza para limpieza previa - versiegelung24.com","robots":{"index":"index","follow":"follow","max-snippet":"max-snippet:-1","max-image-preview":"max-image-preview:large","max-video-preview":"max-video-preview:-1"},"canonical":"https:\/\/www.versiegelung24.com\/es\/100-bioetanol-de-alta-pureza-para-la-limpieza-previa-profesional-kopie.html","og_locale":"es_ES","og_type":"article","og_title":"Isopropanol 99,9% de gran pureza para limpieza previa","og_description":"\u2713 Alto poder de limpieza: eliminaci\u00f3n de restos de adhesivo. \u2713 Desengrasado: eliminaci\u00f3n de grasa y aceite sin dejar rayas. Solubilidad: Excelente solubilidad en agua. \u2713 Evaporaci\u00f3n r\u00e1pida: se evapora r\u00e1pidamente sin dejar residuos.","og_url":"https:\/\/www.versiegelung24.com\/es\/100-bioetanol-de-alta-pureza-para-la-limpieza-previa-profesional-kopie.html","og_site_name":"versiegelung24.com","article_modified_time":"2026-03-02T08:02:01+00:00","og_image":[{"width":2560,"height":2560,"url":"https:\/\/www.versiegelung24.com\/wp-content\/uploads\/2024\/04\/isopropanol-999.webp","type":"image\/webp"}],"twitter_card":"summary_large_image","twitter_misc":{"Precio":"11,99&euro;","Disponibilidad":"Disponible"},"schema":{"@context":"https:\/\/schema.org","@graph":[{"@type":["WebPage","FAQPage"],"@id":"https:\/\/www.versiegelung24.com\/es\/100-bioetanol-de-alta-pureza-para-la-limpieza-previa-profesional-kopie.html","url":"https:\/\/www.versiegelung24.com\/es\/100-bioetanol-de-alta-pureza-para-la-limpieza-previa-profesional-kopie.html","name":"Isopropanol 99,9% de gran pureza para limpieza previa - versiegelung24.com","isPartOf":{"@id":"https:\/\/www.versiegelung24.com\/es\/#website"},"primaryImageOfPage":{"@id":"https:\/\/www.versiegelung24.com\/es\/100-bioetanol-de-alta-pureza-para-la-limpieza-previa-profesional-kopie.html#primaryimage"},"image":{"@id":"https:\/\/www.versiegelung24.com\/es\/100-bioetanol-de-alta-pureza-para-la-limpieza-previa-profesional-kopie.html#primaryimage"},"thumbnailUrl":"https:\/\/www.versiegelung24.com\/wp-content\/uploads\/2024\/04\/isopropanol-999.webp","datePublished":"2024-04-04T10:30:43+00:00","dateModified":"2026-03-02T08:02:01+00:00","breadcrumb":{"@id":"https:\/\/www.versiegelung24.com\/es\/100-bioetanol-de-alta-pureza-para-la-limpieza-previa-profesional-kopie.html#breadcrumb"},"mainEntity":[{"@id":"https:\/\/www.versiegelung24.com\/es\/100-bioetanol-de-alta-pureza-para-la-limpieza-previa-profesional-kopie.html#faq-question-1645793617330"},{"@id":"https:\/\/www.versiegelung24.com\/es\/100-bioetanol-de-alta-pureza-para-la-limpieza-previa-profesional-kopie.html#faq-question-1645793819353"},{"@id":"https:\/\/www.versiegelung24.com\/es\/100-bioetanol-de-alta-pureza-para-la-limpieza-previa-profesional-kopie.html#faq-question-1645794918526"}],"inLanguage":"es","potentialAction":[{"@type":"ReadAction","target":["https:\/\/www.versiegelung24.com\/es\/100-bioetanol-de-alta-pureza-para-la-limpieza-previa-profesional-kopie.html"]}]},{"@type":"ImageObject","inLanguage":"es","@id":"https:\/\/www.versiegelung24.com\/es\/100-bioetanol-de-alta-pureza-para-la-limpieza-previa-profesional-kopie.html#primaryimage","url":"https:\/\/www.versiegelung24.com\/wp-content\/uploads\/2024\/04\/isopropanol-999.webp","contentUrl":"https:\/\/www.versiegelung24.com\/wp-content\/uploads\/2024\/04\/isopropanol-999.webp","width":2560,"height":2560},{"@type":"BreadcrumbList","@id":"https:\/\/www.versiegelung24.com\/es\/100-bioetanol-de-alta-pureza-para-la-limpieza-previa-profesional-kopie.html#breadcrumb","itemListElement":[{"@type":"ListItem","position":1,"name":"P\u00e1gina web","item":"https:\/\/www.versiegelung24.com\/es\/frontal\/"},{"@type":"ListItem","position":2,"name":"Tienda","item":"https:\/\/www.versiegelung24.com\/es\/tienda\/"},{"@type":"ListItem","position":3,"name":"Isopropanol 99,9% de gran pureza para limpieza previa"}]},{"@type":"WebSite","@id":"https:\/\/www.versiegelung24.com\/es\/#website","url":"https:\/\/www.versiegelung24.com\/es\/","name":"versiegelung24.com","description":"Fl\u00fcssigglas-Versiegelung - Made in Germany","publisher":{"@id":"https:\/\/www.versiegelung24.com\/es\/#organization"},"potentialAction":[{"@type":"SearchAction","target":{"@type":"EntryPoint","urlTemplate":"https:\/\/www.versiegelung24.com\/es\/?s={search_term_string}"},"query-input":{"@type":"PropertyValueSpecification","valueRequired":true,"valueName":"search_term_string"}}],"inLanguage":"es"},{"@type":"Organization","@id":"https:\/\/www.versiegelung24.com\/es\/#organization","name":"versiegelung24","url":"https:\/\/www.versiegelung24.com\/es\/","logo":{"@type":"ImageObject","inLanguage":"es","@id":"https:\/\/www.versiegelung24.com\/es\/#\/schema\/logo\/image\/","url":"https:\/\/www.versiegelung24.com\/wp-content\/uploads\/2020\/04\/versiegelung24.png","contentUrl":"https:\/\/www.versiegelung24.com\/wp-content\/uploads\/2020\/04\/versiegelung24.png","width":470,"height":102,"caption":"versiegelung24"},"image":{"@id":"https:\/\/www.versiegelung24.com\/es\/#\/schema\/logo\/image\/"}},{"@type":"Question","@id":"https:\/\/www.versiegelung24.com\/es\/100-bioetanol-de-alta-pureza-para-la-limpieza-previa-profesional-kopie.html#faq-question-1645793617330","position":1,"url":"https:\/\/www.versiegelung24.com\/es\/100-bioetanol-de-alta-pureza-para-la-limpieza-previa-profesional-kopie.html#faq-question-1645793617330","name":"Kann Isopropanol 99,9% f\u00fcr medizinische oder desinfizierende Zwecke verwendet werden?","answerCount":1,"acceptedAnswer":{"@type":"Answer","text":"Isopropanol 99,9% kann f\u00fcr die Desinfektion von Oberfl\u00e4chen verwendet werden, da es aufgrund seiner hohen Alkoholkonzentration bakterizide Eigenschaften besitzt. F\u00fcr die direkte Anwendung auf der Haut oder f\u00fcr medizinische Zwecke sollte es jedoch entsprechend verd\u00fcnnt werden. <strong>Wir empfehlen die Verwendung f\u00fcr medizinische oder desinfizierende Zwecke nicht!<\/strong>","inLanguage":"es"},"inLanguage":"es"},{"@type":"Question","@id":"https:\/\/www.versiegelung24.com\/es\/100-bioetanol-de-alta-pureza-para-la-limpieza-previa-profesional-kopie.html#faq-question-1645793819353","position":2,"url":"https:\/\/www.versiegelung24.com\/es\/100-bioetanol-de-alta-pureza-para-la-limpieza-previa-profesional-kopie.html#faq-question-1645793819353","name":"Ist Isopropanol 99,9% sicher f\u00fcr die Reinigung von elektronischen Ger\u00e4ten?","answerCount":1,"acceptedAnswer":{"@type":"Answer","text":"Ja, Isopropanol 99,9% eignet sich hervorragend f\u00fcr die Reinigung von elektronischen Ger\u00e4ten, da es schnell verdunstet und keine R\u00fcckst\u00e4nde hinterl\u00e4sst. Es ist wichtig, elektronische Ger\u00e4te vor der Anwendung auszuschalten und zu entkoppeln und den Alkohol nicht direkt auf die Ger\u00e4te zu spr\u00fchen, sondern ein mit Isopropanol getr\u00e4nktes Tuch zu verwenden.<br\/>","inLanguage":"es"},"inLanguage":"es"},{"@type":"Question","@id":"https:\/\/www.versiegelung24.com\/es\/100-bioetanol-de-alta-pureza-para-la-limpieza-previa-profesional-kopie.html#faq-question-1645794918526","position":3,"url":"https:\/\/www.versiegelung24.com\/es\/100-bioetanol-de-alta-pureza-para-la-limpieza-previa-profesional-kopie.html#faq-question-1645794918526","name":"Wie sollte Isopropanol 99,9% gelagert werden?","answerCount":1,"acceptedAnswer":{"@type":"Answer","text":"Isopropanol 99,9% sollte in einem gut verschlossenen Beh\u00e4lter an einem k\u00fchlen, gut bel\u00fcfteten Ort gelagert werden. Es ist leicht entz\u00fcndlich, daher sollte es fern von Hitzequellen, Funken, offenen Flammen und anderen Z\u00fcndquellen aufbewahrt werden. Zudem sollte der Lagerbereich so gew\u00e4hlt werden, dass er f\u00fcr Kinder und Haustiere unzug\u00e4nglich ist, um unbeabsichtigte Exposition zu vermeiden.","inLanguage":"es"},"inLanguage":"es"}]},"product_price_amount":"11.99","product_price_currency":"EUR","og_availability":"instock","product_availability":"instock","product_retailer_item_id":"9110-ISO99","product_condition":"new"},"_links":{"self":[{"href":"https:\/\/www.versiegelung24.com\/es\/wp-json\/wp\/v2\/product\/157663","targetHints":{"allow":["GET"]}}],"collection":[{"href":"https:\/\/www.versiegelung24.com\/es\/wp-json\/wp\/v2\/product"}],"about":[{"href":"https:\/\/www.versiegelung24.com\/es\/wp-json\/wp\/v2\/types\/product"}],"version-history":[{"count":10,"href":"https:\/\/www.versiegelung24.com\/es\/wp-json\/wp\/v2\/product\/157663\/revisions"}],"predecessor-version":[{"id":178575,"href":"https:\/\/www.versiegelung24.com\/es\/wp-json\/wp\/v2\/product\/157663\/revisions\/178575"}],"wp:featuredmedia":[{"embeddable":true,"href":"https:\/\/www.versiegelung24.com\/es\/wp-json\/wp\/v2\/media\/157730"}],"wp:attachment":[{"href":"https:\/\/www.versiegelung24.com\/es\/wp-json\/wp\/v2\/media?parent=157663"}],"wp:term":[{"taxonomy":"product_brand","embeddable":true,"href":"https:\/\/www.versiegelung24.com\/es\/wp-json\/wp\/v2\/product_brand?post=157663"},{"taxonomy":"product_cat","embeddable":true,"href":"https:\/\/www.versiegelung24.com\/es\/wp-json\/wp\/v2\/product_cat?post=157663"},{"taxonomy":"product_tag","embeddable":true,"href":"https:\/\/www.versiegelung24.com\/es\/wp-json\/wp\/v2\/product_tag?post=157663"}],"curies":[{"name":"wp","href":"https:\/\/api.w.org\/{rel}","templated":true}]}}