{"id":160919,"date":"2024-05-06T17:28:31","date_gmt":"2024-05-06T15:28:32","guid":{"rendered":"https:\/\/www.versiegelung24.com\/?post_type=product&#038;p=160919"},"modified":"2025-01-13T17:08:29","modified_gmt":"2025-01-13T16:08:29","slug":"arbeitshandschuhe-nylon-schwarz-groesse-9","status":"publish","type":"product","link":"https:\/\/www.versiegelung24.com\/es\/guante-de-trabajo-de-nitrilo-amarillo-con-punos-de-punto-kopie-2.html","title":{"rendered":"Guantes de trabajo nylon negro talla 9"},"content":{"rendered":"\n<h4 class=\"wp-block-heading\" id=\"h-beschreibung\">Descripci\u00f3n de la<\/h4>\n\n<p>Guantes de nylon de uso universal con especial resistencia al deslizamiento y a la abrasi\u00f3n. Los guantes de nailon est\u00e1n tejidos sin costuras irritantes, por lo que evitan la irritaci\u00f3n de la piel. Gracias a su ajuste perfecto, ofrecen un nivel de comodidad especialmente elevado. Los guantes son lavables y reutilizables y est\u00e1n especialmente indicados, por ejemplo, para la industria del autom\u00f3vil, la jardiner\u00eda, el bricolaje, etc.<\/p>\n\n<hr \/>\n\n<h4 class=\"wp-block-heading\" id=\"properties\">Caracter\u00edsticas del producto<\/h4>\n\n<div class=\"wp-block-columns is-layout-flex wp-container-core-columns-is-layout-9d6595d7 wp-block-columns-is-layout-flex\">\n<div class=\"wp-block-column is-layout-flow wp-block-column-is-layout-flow\">\n<p>\u2713 Revestimiento fino de poliuretano de primera calidad en la palma y los dedos<\/p>\n\n\n\n<p>\u2713 Tejido sin costuras irritantes para evitar la irritaci\u00f3n de la piel<\/p>\n\n\n\n<p>\u2713 Extremadamente c\u00f3modo gracias al ajuste perfecto<\/p>\n\n\n\n<p>Fabricado seg\u00fan la norma EN 388<\/p>\n\n\n\n<p>\u2713 Ideal para casi todos los trabajos de montaje en mec\u00e1nica de precisi\u00f3n y all\u00ed donde se requiera precisi\u00f3n<\/p>\n\n\n\n<p>\u2713 No hay fatiga en las manos debido al uso de guantes<\/p>\n\n\n\n<p>\u2713 El dorso de la mano no est\u00e1 recubierto y es muy transpirable<\/p>\n\n\n\n<p>\u2713 Lavable<\/p>\n\n\n\n<p>\u2713 Tama\u00f1o: 9<\/p>\n<\/div>\n<\/div>\n","protected":false},"excerpt":{"rendered":"<div class=\"product_text_extra\">\n<p>\u2713 Especialmente antideslizante y resistente a la abrasi\u00f3n<\/p>\n<p>\u2713 Dorso de la mano sin recubrimiento y muy transpirable<\/p>\n<p>\u2713 Extremadamente c\u00f3modo gracias al ajuste perfecto<\/p>\n<p>\u2713 Lavable y reutilizable<\/p>\n<p>\u2713 Fabricado seg\u00fan la norma EN388<\/p>\n<\/div>\n","protected":false},"featured_media":161005,"template":"","meta":{"_acf_changed":false,"neve_meta_sidebar":"","neve_meta_container":"","neve_meta_enable_content_width":"","neve_meta_content_width":0,"neve_meta_title_alignment":"","neve_meta_author_avatar":"","neve_post_elements_order":"","neve_meta_disable_header":"","neve_meta_disable_footer":"","neve_meta_disable_title":"","neve_meta_reading_time":"","_surfaces":[],"_ver_product_tabs":[],"footnotes":""},"product_brand":[],"product_cat":[3091],"product_tag":[],"class_list":{"0":"post-160919","1":"product","2":"type-product","3":"status-publish","4":"has-post-thumbnail","6":"product_cat-equipo","8":"first","9":"instock","10":"taxable","11":"shipping-taxable","12":"purchasable","13":"product-type-simple"},"acf":[],"yoast_head":"<!-- This site is optimized with the Yoast SEO Premium plugin v22.8 (Yoast SEO v27.5) - https:\/\/yoast.com\/product\/yoast-seo-premium-wordpress\/ -->\n<title>Guantes de trabajo nylon negro talla 9 - versiegelung24.com<\/title>\n<meta name=\"robots\" content=\"index, follow, max-snippet:-1, max-image-preview:large, max-video-preview:-1\" \/>\n<link rel=\"canonical\" href=\"https:\/\/www.versiegelung24.com\/es\/guante-de-trabajo-de-nitrilo-amarillo-con-punos-de-punto-kopie-2.html\" \/>\n<meta property=\"og:locale\" content=\"es_ES\" \/>\n<meta property=\"og:type\" content=\"article\" \/>\n<meta property=\"og:title\" content=\"Guantes de trabajo nylon negro talla 9\" \/>\n<meta property=\"og:description\" content=\"\u2713 Especialmente antideslizante y resistente a la abrasi\u00f3n \u2713 Dorso de la mano sin recubrimiento y muy transpirable \u2713 Extremadamente c\u00f3modo gracias al ajuste perfecto \u2713 Lavable y reutilizable \u2713 Fabricado seg\u00fan la norma EN388\" \/>\n<meta property=\"og:url\" content=\"https:\/\/www.versiegelung24.com\/es\/guante-de-trabajo-de-nitrilo-amarillo-con-punos-de-punto-kopie-2.html\" \/>\n<meta property=\"og:site_name\" content=\"versiegelung24.com\" \/>\n<meta property=\"article:modified_time\" content=\"2025-01-13T16:08:29+00:00\" \/>\n<meta name=\"twitter:card\" content=\"summary_large_image\" \/>\n<meta name=\"twitter:label1\" content=\"Precio\" \/>\n\t<meta name=\"twitter:data1\" content=\"2,49&euro;\" \/>\n\t<meta name=\"twitter:label2\" content=\"Disponibilidad\" \/>\n\t<meta name=\"twitter:data2\" content=\"Disponible\" \/>\n<script type=\"application\/ld+json\" class=\"yoast-schema-graph\">{\"@context\":\"https:\\\/\\\/schema.org\",\"@graph\":[{\"@type\":\"WebPage\",\"@id\":\"https:\\\/\\\/www.versiegelung24.com\\\/es\\\/guante-de-trabajo-de-nitrilo-amarillo-con-punos-de-punto-kopie-2.html\",\"url\":\"https:\\\/\\\/www.versiegelung24.com\\\/es\\\/guante-de-trabajo-de-nitrilo-amarillo-con-punos-de-punto-kopie-2.html\",\"name\":\"Guantes de trabajo nylon negro talla 9 - versiegelung24.com\",\"isPartOf\":{\"@id\":\"https:\\\/\\\/www.versiegelung24.com\\\/es\\\/#website\"},\"primaryImageOfPage\":{\"@id\":\"https:\\\/\\\/www.versiegelung24.com\\\/es\\\/guante-de-trabajo-de-nitrilo-amarillo-con-punos-de-punto-kopie-2.html#primaryimage\"},\"image\":{\"@id\":\"https:\\\/\\\/www.versiegelung24.com\\\/es\\\/guante-de-trabajo-de-nitrilo-amarillo-con-punos-de-punto-kopie-2.html#primaryimage\"},\"thumbnailUrl\":\"https:\\\/\\\/www.versiegelung24.com\\\/wp-content\\\/uploads\\\/2024\\\/05\\\/nitril-oben.webp\",\"datePublished\":\"2024-05-06T15:28:32+00:00\",\"dateModified\":\"2025-01-13T16:08:29+00:00\",\"breadcrumb\":{\"@id\":\"https:\\\/\\\/www.versiegelung24.com\\\/es\\\/guante-de-trabajo-de-nitrilo-amarillo-con-punos-de-punto-kopie-2.html#breadcrumb\"},\"inLanguage\":\"es\",\"potentialAction\":[{\"@type\":\"ReadAction\",\"target\":[\"https:\\\/\\\/www.versiegelung24.com\\\/es\\\/guante-de-trabajo-de-nitrilo-amarillo-con-punos-de-punto-kopie-2.html\"]}]},{\"@type\":\"ImageObject\",\"inLanguage\":\"es\",\"@id\":\"https:\\\/\\\/www.versiegelung24.com\\\/es\\\/guante-de-trabajo-de-nitrilo-amarillo-con-punos-de-punto-kopie-2.html#primaryimage\",\"url\":\"https:\\\/\\\/www.versiegelung24.com\\\/wp-content\\\/uploads\\\/2024\\\/05\\\/nitril-oben.webp\",\"contentUrl\":\"https:\\\/\\\/www.versiegelung24.com\\\/wp-content\\\/uploads\\\/2024\\\/05\\\/nitril-oben.webp\",\"width\":2000,\"height\":2000},{\"@type\":\"BreadcrumbList\",\"@id\":\"https:\\\/\\\/www.versiegelung24.com\\\/es\\\/guante-de-trabajo-de-nitrilo-amarillo-con-punos-de-punto-kopie-2.html#breadcrumb\",\"itemListElement\":[{\"@type\":\"ListItem\",\"position\":1,\"name\":\"P\u00e1gina web\",\"item\":\"https:\\\/\\\/www.versiegelung24.com\\\/es\\\/frontal\\\/\"},{\"@type\":\"ListItem\",\"position\":2,\"name\":\"Tienda\",\"item\":\"https:\\\/\\\/www.versiegelung24.com\\\/es\\\/tienda\\\/\"},{\"@type\":\"ListItem\",\"position\":3,\"name\":\"Guantes de trabajo nylon negro talla 9\"}]},{\"@type\":\"WebSite\",\"@id\":\"https:\\\/\\\/www.versiegelung24.com\\\/es\\\/#website\",\"url\":\"https:\\\/\\\/www.versiegelung24.com\\\/es\\\/\",\"name\":\"versiegelung24.com\",\"description\":\"Fl\u00fcssigglas-Versiegelung - Made in Germany\",\"publisher\":{\"@id\":\"https:\\\/\\\/www.versiegelung24.com\\\/es\\\/#organization\"},\"potentialAction\":[{\"@type\":\"SearchAction\",\"target\":{\"@type\":\"EntryPoint\",\"urlTemplate\":\"https:\\\/\\\/www.versiegelung24.com\\\/es\\\/?s={search_term_string}\"},\"query-input\":{\"@type\":\"PropertyValueSpecification\",\"valueRequired\":true,\"valueName\":\"search_term_string\"}}],\"inLanguage\":\"es\"},{\"@type\":\"Organization\",\"@id\":\"https:\\\/\\\/www.versiegelung24.com\\\/es\\\/#organization\",\"name\":\"versiegelung24\",\"url\":\"https:\\\/\\\/www.versiegelung24.com\\\/es\\\/\",\"logo\":{\"@type\":\"ImageObject\",\"inLanguage\":\"es\",\"@id\":\"https:\\\/\\\/www.versiegelung24.com\\\/es\\\/#\\\/schema\\\/logo\\\/image\\\/\",\"url\":\"https:\\\/\\\/www.versiegelung24.com\\\/wp-content\\\/uploads\\\/2020\\\/04\\\/versiegelung24.png\",\"contentUrl\":\"https:\\\/\\\/www.versiegelung24.com\\\/wp-content\\\/uploads\\\/2020\\\/04\\\/versiegelung24.png\",\"width\":470,\"height\":102,\"caption\":\"versiegelung24\"},\"image\":{\"@id\":\"https:\\\/\\\/www.versiegelung24.com\\\/es\\\/#\\\/schema\\\/logo\\\/image\\\/\"}}]}<\/script>\n<meta property=\"product:price:amount\" content=\"2.49\" \/>\n<meta property=\"product:price:currency\" content=\"EUR\" \/>\n<meta property=\"og:availability\" content=\"instock\" \/>\n<meta property=\"product:availability\" content=\"instock\" \/>\n<meta property=\"product:retailer_item_id\" content=\"V24-SB340-9\" \/>\n<meta property=\"product:condition\" content=\"new\" \/>\n<!-- \/ Yoast SEO Premium plugin. -->","yoast_head_json":{"title":"Guantes de trabajo nylon negro talla 9 - versiegelung24.com","robots":{"index":"index","follow":"follow","max-snippet":"max-snippet:-1","max-image-preview":"max-image-preview:large","max-video-preview":"max-video-preview:-1"},"canonical":"https:\/\/www.versiegelung24.com\/es\/guante-de-trabajo-de-nitrilo-amarillo-con-punos-de-punto-kopie-2.html","og_locale":"es_ES","og_type":"article","og_title":"Guantes de trabajo nylon negro talla 9","og_description":"\u2713 Especialmente antideslizante y resistente a la abrasi\u00f3n \u2713 Dorso de la mano sin recubrimiento y muy transpirable \u2713 Extremadamente c\u00f3modo gracias al ajuste perfecto \u2713 Lavable y reutilizable \u2713 Fabricado seg\u00fan la norma EN388","og_url":"https:\/\/www.versiegelung24.com\/es\/guante-de-trabajo-de-nitrilo-amarillo-con-punos-de-punto-kopie-2.html","og_site_name":"versiegelung24.com","article_modified_time":"2025-01-13T16:08:29+00:00","twitter_card":"summary_large_image","twitter_misc":{"Precio":"2,49&euro;","Disponibilidad":"Disponible"},"schema":{"@context":"https:\/\/schema.org","@graph":[{"@type":"WebPage","@id":"https:\/\/www.versiegelung24.com\/es\/guante-de-trabajo-de-nitrilo-amarillo-con-punos-de-punto-kopie-2.html","url":"https:\/\/www.versiegelung24.com\/es\/guante-de-trabajo-de-nitrilo-amarillo-con-punos-de-punto-kopie-2.html","name":"Guantes de trabajo nylon negro talla 9 - versiegelung24.com","isPartOf":{"@id":"https:\/\/www.versiegelung24.com\/es\/#website"},"primaryImageOfPage":{"@id":"https:\/\/www.versiegelung24.com\/es\/guante-de-trabajo-de-nitrilo-amarillo-con-punos-de-punto-kopie-2.html#primaryimage"},"image":{"@id":"https:\/\/www.versiegelung24.com\/es\/guante-de-trabajo-de-nitrilo-amarillo-con-punos-de-punto-kopie-2.html#primaryimage"},"thumbnailUrl":"https:\/\/www.versiegelung24.com\/wp-content\/uploads\/2024\/05\/nitril-oben.webp","datePublished":"2024-05-06T15:28:32+00:00","dateModified":"2025-01-13T16:08:29+00:00","breadcrumb":{"@id":"https:\/\/www.versiegelung24.com\/es\/guante-de-trabajo-de-nitrilo-amarillo-con-punos-de-punto-kopie-2.html#breadcrumb"},"inLanguage":"es","potentialAction":[{"@type":"ReadAction","target":["https:\/\/www.versiegelung24.com\/es\/guante-de-trabajo-de-nitrilo-amarillo-con-punos-de-punto-kopie-2.html"]}]},{"@type":"ImageObject","inLanguage":"es","@id":"https:\/\/www.versiegelung24.com\/es\/guante-de-trabajo-de-nitrilo-amarillo-con-punos-de-punto-kopie-2.html#primaryimage","url":"https:\/\/www.versiegelung24.com\/wp-content\/uploads\/2024\/05\/nitril-oben.webp","contentUrl":"https:\/\/www.versiegelung24.com\/wp-content\/uploads\/2024\/05\/nitril-oben.webp","width":2000,"height":2000},{"@type":"BreadcrumbList","@id":"https:\/\/www.versiegelung24.com\/es\/guante-de-trabajo-de-nitrilo-amarillo-con-punos-de-punto-kopie-2.html#breadcrumb","itemListElement":[{"@type":"ListItem","position":1,"name":"P\u00e1gina web","item":"https:\/\/www.versiegelung24.com\/es\/frontal\/"},{"@type":"ListItem","position":2,"name":"Tienda","item":"https:\/\/www.versiegelung24.com\/es\/tienda\/"},{"@type":"ListItem","position":3,"name":"Guantes de trabajo nylon negro talla 9"}]},{"@type":"WebSite","@id":"https:\/\/www.versiegelung24.com\/es\/#website","url":"https:\/\/www.versiegelung24.com\/es\/","name":"versiegelung24.com","description":"Fl\u00fcssigglas-Versiegelung - Made in Germany","publisher":{"@id":"https:\/\/www.versiegelung24.com\/es\/#organization"},"potentialAction":[{"@type":"SearchAction","target":{"@type":"EntryPoint","urlTemplate":"https:\/\/www.versiegelung24.com\/es\/?s={search_term_string}"},"query-input":{"@type":"PropertyValueSpecification","valueRequired":true,"valueName":"search_term_string"}}],"inLanguage":"es"},{"@type":"Organization","@id":"https:\/\/www.versiegelung24.com\/es\/#organization","name":"versiegelung24","url":"https:\/\/www.versiegelung24.com\/es\/","logo":{"@type":"ImageObject","inLanguage":"es","@id":"https:\/\/www.versiegelung24.com\/es\/#\/schema\/logo\/image\/","url":"https:\/\/www.versiegelung24.com\/wp-content\/uploads\/2020\/04\/versiegelung24.png","contentUrl":"https:\/\/www.versiegelung24.com\/wp-content\/uploads\/2020\/04\/versiegelung24.png","width":470,"height":102,"caption":"versiegelung24"},"image":{"@id":"https:\/\/www.versiegelung24.com\/es\/#\/schema\/logo\/image\/"}}]},"product_price_amount":"2.49","product_price_currency":"EUR","og_availability":"instock","product_availability":"instock","product_retailer_item_id":"V24-SB340-9","product_condition":"new"},"_links":{"self":[{"href":"https:\/\/www.versiegelung24.com\/es\/wp-json\/wp\/v2\/product\/160919","targetHints":{"allow":["GET"]}}],"collection":[{"href":"https:\/\/www.versiegelung24.com\/es\/wp-json\/wp\/v2\/product"}],"about":[{"href":"https:\/\/www.versiegelung24.com\/es\/wp-json\/wp\/v2\/types\/product"}],"version-history":[{"count":6,"href":"https:\/\/www.versiegelung24.com\/es\/wp-json\/wp\/v2\/product\/160919\/revisions"}],"predecessor-version":[{"id":180720,"href":"https:\/\/www.versiegelung24.com\/es\/wp-json\/wp\/v2\/product\/160919\/revisions\/180720"}],"wp:featuredmedia":[{"embeddable":true,"href":"https:\/\/www.versiegelung24.com\/es\/wp-json\/wp\/v2\/media\/161005"}],"wp:attachment":[{"href":"https:\/\/www.versiegelung24.com\/es\/wp-json\/wp\/v2\/media?parent=160919"}],"wp:term":[{"taxonomy":"product_brand","embeddable":true,"href":"https:\/\/www.versiegelung24.com\/es\/wp-json\/wp\/v2\/product_brand?post=160919"},{"taxonomy":"product_cat","embeddable":true,"href":"https:\/\/www.versiegelung24.com\/es\/wp-json\/wp\/v2\/product_cat?post=160919"},{"taxonomy":"product_tag","embeddable":true,"href":"https:\/\/www.versiegelung24.com\/es\/wp-json\/wp\/v2\/product_tag?post=160919"}],"curies":[{"name":"wp","href":"https:\/\/api.w.org\/{rel}","templated":true}]}}