{"id":181826,"date":"2025-07-31T12:51:03","date_gmt":"2025-07-31T10:51:08","guid":{"rendered":"https:\/\/www.versiegelung24.com\/?post_type=product&#038;p=181826"},"modified":"2025-09-05T13:31:56","modified_gmt":"2025-09-05T11:31:56","slug":"holzimpragnierung-silanbasis","status":"publish","type":"product","link":"https:\/\/www.versiegelung24.com\/es\/holzimpragnierung-silanbasis.html","title":{"rendered":"Impregnaci\u00f3n de la madera &#8211; protecci\u00f3n natural de la madera a base de silano"},"content":{"rendered":"\n<h2 class=\"wp-block-heading\" id=\"h-holzschutz-naturimpragnierung-auf-silanbasis-wasserbasierend\"><strong>Protecci\u00f3n de la madera: Impregnaci\u00f3n natural a base de silano (al agua)<\/strong><\/h2>\n\n<p>Alta calidad Fabricado en Alemania.<\/p>\n\n<hr\/>\n\n<div class=\"wp-block-columns is-layout-flex wp-container-core-columns-is-layout-9d6595d7 wp-block-columns-is-layout-flex\">\n<div class=\"wp-block-column is-layout-flow wp-block-column-is-layout-flow\">\n<p>Nuestra impregnaci\u00f3n para madera es un sistema de impregnaci\u00f3n a base de silano listo para usar. Estabiliza la lignina y, por tanto, protege significativamente la madera del agrisamiento. Sus propiedades hidr\u00f3fobas impiden que la humedad y la suciedad no deseadas penetren en la madera.  <\/p>\n\n\n\n<p><strong>Adecuado para:<\/strong> Madera, pasarelas, cocheras, alf\u00e9izares, casetas de jard\u00edn, muebles de jard\u00edn, madera de construcci\u00f3n, fachadas, jardineras, terrazas, vallas y mucho m\u00e1s.<\/p>\n<\/div>\n\n\n\n<div class=\"wp-block-column is-layout-flow wp-block-column-is-layout-flow\">\n<figure class=\"wp-block-image size-large\"><img fetchpriority=\"high\" decoding=\"async\" width=\"1300\" height=\"851\" src=\"https:\/\/www.versiegelung24.com\/wp-content\/uploads\/2025\/07\/image-1300x851.png\" alt=\"\" class=\"wp-image-181965\" srcset=\"https:\/\/www.versiegelung24.com\/wp-content\/uploads\/2025\/07\/image-1300x851.png 1300w, https:\/\/www.versiegelung24.com\/wp-content\/uploads\/2025\/07\/image-300x196.png 300w, https:\/\/www.versiegelung24.com\/wp-content\/uploads\/2025\/07\/image-768x503.png 768w, https:\/\/www.versiegelung24.com\/wp-content\/uploads\/2025\/07\/image-1536x1006.png 1536w, https:\/\/www.versiegelung24.com\/wp-content\/uploads\/2025\/07\/image-600x393.png 600w, https:\/\/www.versiegelung24.com\/wp-content\/uploads\/2025\/07\/image.png 1784w\" sizes=\"(max-width: 1300px) 100vw, 1300px\" \/><\/figure>\n<\/div>\n<\/div>\n\n<h4 class=\"wp-block-heading\" id=\"properties\">Caracter\u00edsticas del producto<\/h4>\n\n<div class=\"wp-block-columns is-layout-flex wp-container-core-columns-is-layout-9d6595d7 wp-block-columns-is-layout-flex\">\n<div class=\"wp-block-column is-layout-flow wp-block-column-is-layout-flow\">\n<ul class=\"wp-block-list\">\n<li><strong>No desti\u00f1e<\/strong> &#8211; Protecci\u00f3n transparente para conservar el color de la madera  <\/li>\n\n\n\n<li><strong>Sin productos derivados del petr\u00f3leo<\/strong> &#8211; Formulaci\u00f3n respetuosa con el medio ambiente  <\/li>\n\n\n\n<li><strong>Imprimaci\u00f3n y funci\u00f3n protectora en un solo paso<\/strong> &#8211; F\u00e1cil aplicaci\u00f3n  <\/li>\n\n\n\n<li><strong>Secado muy r\u00e1pido<\/strong> &#8211; ahorro de tiempo en el proceso  <\/li>\n\n\n\n<li><strong>Durabilidad<\/strong> &#8211; 2-5 a\u00f1os (bastante m\u00e1s si se utiliza en interiores)<\/li>\n\n\n\n<li>La <strong>protecci\u00f3n de la lignina<\/strong> <strong>retrasa<\/strong> considerablemente el <strong>proceso de agrisamiento<\/strong> <strong>durante varios meses<\/strong>.<\/li>\n<\/ul>\n<\/div>\n\n\n\n<div class=\"wp-block-column is-layout-flow wp-block-column-is-layout-flow\">\n<ul class=\"wp-block-list\">\n<li><strong>Libre de PFAS, PFOA y PFOS<\/strong><\/li>\n\n\n\n<li>Protege <strong>contra el encanecimiento debido a la luz solar<\/strong> &#8211; Protecci\u00f3n UV  <\/li>\n\n\n\n<li><strong>Repele el agua y la suciedad<\/strong> &#8211; Propiedades hidr\u00f3fobas  <\/li>\n\n\n\n<li><strong>Evita el crecimiento de algas, musgo y l\u00edquenes<\/strong> &#8211; Protecci\u00f3n duradera  <\/li>\n\n\n\n<li><strong>Consumo: 1 litro es suficiente para aprox. 30 &#8211; 40 m\u00b2<\/strong> (dependiendo del sustrato)<\/li>\n\n\n\n<li>Se aplica <strong>preferentemente en<\/strong> superficies <strong>verticales<\/strong> de madera por encima (vallas de madera, &#8230; ) y por debajo del c\u00e9sped (postes de madera)<\/li>\n<\/ul>\n<\/div>\n<\/div>\n\n<p>Volumen de suministro: 1 botella de 1 litro, 1 bomba pulverizadora<br\/><\/p>\n\n<hr\/>\n\n<h4 class=\"wp-block-heading\" id=\"application\">Aplicaci\u00f3n<\/h4>\n\n<div class=\"wp-block-columns is-layout-flex wp-container-core-columns-is-layout-9d6595d7 wp-block-columns-is-layout-flex\">\n<div class=\"wp-block-column is-layout-flow wp-block-column-is-layout-flow\">\n<p><strong>Preparaci\u00f3n:<\/strong><\/p>\n\n\n\n<ul class=\"wp-block-list\">\n<li>Agita en\u00e9rgicamente durante 1 minuto antes de usar.<\/li>\n\n\n\n<li>Las superficies a tratar deben estar limpias, completamente secas y sin polvo, y no deben haber sido tratadas previamente con otros revestimientos.<\/li>\n\n\n\n<li>La contaminaci\u00f3n causada por pintura, grasa, aceite o crecimiento org\u00e1nico (algas, l\u00edquenes, musgo) debe eliminarse previamente.<\/li>\n<\/ul>\n\n\n\n<p><strong>Aplicaci\u00f3n:<\/strong><\/p>\n\n\n\n<ul class=\"wp-block-list\">\n<li><strong>M\u00e9todo recomendado:<\/strong> El producto debe pulverizarse preferentemente con un pulverizador\/bomba de baja presi\u00f3n.<\/li>\n\n\n\n<li>Ajusta la distancia a la superficie a la potencia de tu pulverizador.<\/li>\n\n\n\n<li>La superficie debe dar una impresi\u00f3n uniforme y h\u00fameda.<\/li>\n\n\n\n<li><strong>Alternativa:<\/strong> La aplicaci\u00f3n con brocha\/rodillo es posible, pero debe probarse previamente en una superficie peque\u00f1a. \u00a1Evita la formaci\u00f3n de charcos! <\/li>\n<\/ul>\n\n\n\n<p><strong>Procesamiento:<\/strong><\/p>\n\n\n\n<ul class=\"wp-block-list\">\n<li>Pulveriza al menos dos veces sobre la superficie a tratar para conseguir una cobertura \u00f3ptima.<\/li>\n\n\n\n<li>Dependiendo de la absorbencia del soporte y de las necesidades, este proceso puede repetirse despu\u00e9s de que se haya secado la primera capa.<\/li>\n\n\n\n<li>Si se ha aplicado demasiado producto a una superficie, puede retirarse con un pa\u00f1o h\u00famedo mientras a\u00fan est\u00e1 mojada.<\/li>\n\n\n\n<li>Las herramientas utilizadas deben limpiarse con abundante agua despu\u00e9s de su uso.<\/li>\n<\/ul>\n\n\n\n<p><strong>Tiempo de secado:<\/strong><\/p>\n\n\n\n<ul class=\"wp-block-list\">\n<li>Deja actuar el producto durante al menos 30 minutos.<\/li>\n\n\n\n<li>El tiempo de curado completo es de unas 6 &#8211; 12 horas.<\/li>\n\n\n\n<li>Durante este tiempo, la superficie debe permanecer seca y no estar sometida a tensiones.<\/li>\n<\/ul>\n\n\n\n<p><strong>Cuidado y limpieza de la superficie impregnada:<\/strong><\/p>\n\n\n\n<ul class=\"wp-block-list\">\n<li>Limpia las superficies s\u00f3lo con agua o con un limpiador org\u00e1nico ligero, por ejemplo, nuestro <a href=\"https:\/\/www.versiegelung24.com\/es\/biosativa-biologica-pre-limpiador.html\">limpiador org\u00e1nico BIOSATIVA\u00ae &#8211; 100% natural &#8211; 100% org\u00e1nico.<\/a> <\/li>\n\n\n\n<li>No es necesario utilizar productos de limpieza agresivos (limpiadores qu\u00edmicos, estropajos, etc.), ya que perjudicar\u00edan la funci\u00f3n protectora.<\/li>\n\n\n\n<li>La limpieza y el cuidado suaves y regulares prolongan la durabilidad y dan un aspecto bello y duradero.<\/li>\n<\/ul>\n\n\n\n<p><strong>Almacenamiento:<\/strong><\/p>\n\n\n\n<ul class=\"wp-block-list\">\n<li>Gu\u00e1rdalo en un lugar seco y libre de heladas, a 5 &#8211; 25\u00b0C.<\/li>\n\n\n\n<li>Estable durante al menos 24 meses en el envase original sin abrir, si se almacena adecuadamente.<\/li>\n<\/ul>\n<\/div>\n<\/div>\n\n<h2 class=\"wp-block-heading\" id=\"h-galerie\">Galer\u00eda<\/h2>\n\n<div class=\"wp-block-getwid-images-slider gallery-wood has-arrows-inside has-dots-inside has-images-center has-fitted-images has-fixed-height\"><div class=\"wp-block-getwid-images-slider__wrapper\" data-effect=\"slide\" data-slides-show=\"1\" data-slides-show-laptop=\"1\" data-slides-show-tablet=\"1\" data-slides-show-mobile=\"1\" data-slides-scroll=\"1\" data-autoplay=\"true\" data-pause-hover=\"true\" data-autoplay-speed=\"3000\" data-infinite=\"true\" data-animation-speed=\"800\" data-center-mode=\"false\" data-variable-width=\"false\" data-arrows=\"inside\" data-dots=\"inside\" data-spacing=\"none\"><div class=\"wp-block-getwid-images-slider__item\" style=\"height:500px\"><figure><img decoding=\"async\" width=\"1634\" height=\"1620\" src=\"https:\/\/www.versiegelung24.com\/wp-content\/uploads\/2025\/07\/Holzimpraegnierung-pfloecke.png\" data-id=\"181994\" data-link=\"https:\/\/www.versiegelung24.com\/holzversiegelung-in-profi-qualitaet-kopie.html\/attachment\/holzimpraegnierung-pfloecke\/\" data-original-link=\"https:\/\/www.versiegelung24.com\/wp-content\/uploads\/2025\/07\/Holzimpraegnierung-pfloecke.png\" class=\"wp-block-getwid-images-slider__image wp-image-181994\" srcset=\"https:\/\/www.versiegelung24.com\/wp-content\/uploads\/2025\/07\/Holzimpraegnierung-pfloecke.png 1634w, https:\/\/www.versiegelung24.com\/wp-content\/uploads\/2025\/07\/Holzimpraegnierung-pfloecke-300x297.png 300w, https:\/\/www.versiegelung24.com\/wp-content\/uploads\/2025\/07\/Holzimpraegnierung-pfloecke-1300x1289.png 1300w, https:\/\/www.versiegelung24.com\/wp-content\/uploads\/2025\/07\/Holzimpraegnierung-pfloecke-80x80.png 80w, https:\/\/www.versiegelung24.com\/wp-content\/uploads\/2025\/07\/Holzimpraegnierung-pfloecke-768x761.png 768w, https:\/\/www.versiegelung24.com\/wp-content\/uploads\/2025\/07\/Holzimpraegnierung-pfloecke-1536x1523.png 1536w, https:\/\/www.versiegelung24.com\/wp-content\/uploads\/2025\/07\/Holzimpraegnierung-pfloecke-70x70.png 70w, https:\/\/www.versiegelung24.com\/wp-content\/uploads\/2025\/07\/Holzimpraegnierung-pfloecke-600x595.png 600w, https:\/\/www.versiegelung24.com\/wp-content\/uploads\/2025\/07\/Holzimpraegnierung-pfloecke-100x100.png 100w\" sizes=\"(max-width: 1634px) 100vw, 1634px\" \/><\/figure><\/div><div class=\"wp-block-getwid-images-slider__item\" style=\"height:500px\"><figure><img decoding=\"async\" width=\"1726\" height=\"1252\" src=\"https:\/\/www.versiegelung24.com\/wp-content\/uploads\/2025\/07\/Holzimpraegnierung-bank.png\" data-id=\"182022\" data-link=\"https:\/\/www.versiegelung24.com\/holzversiegelung-in-profi-qualitaet-kopie.html\/attachment\/holzimpraegnierung-bank\/\" data-original-link=\"https:\/\/www.versiegelung24.com\/wp-content\/uploads\/2025\/07\/Holzimpraegnierung-bank.png\" class=\"wp-block-getwid-images-slider__image wp-image-182022\" srcset=\"https:\/\/www.versiegelung24.com\/wp-content\/uploads\/2025\/07\/Holzimpraegnierung-bank.png 1726w, https:\/\/www.versiegelung24.com\/wp-content\/uploads\/2025\/07\/Holzimpraegnierung-bank-300x218.png 300w, https:\/\/www.versiegelung24.com\/wp-content\/uploads\/2025\/07\/Holzimpraegnierung-bank-1300x943.png 1300w, https:\/\/www.versiegelung24.com\/wp-content\/uploads\/2025\/07\/Holzimpraegnierung-bank-768x557.png 768w, https:\/\/www.versiegelung24.com\/wp-content\/uploads\/2025\/07\/Holzimpraegnierung-bank-1536x1114.png 1536w, https:\/\/www.versiegelung24.com\/wp-content\/uploads\/2025\/07\/Holzimpraegnierung-bank-600x435.png 600w\" sizes=\"(max-width: 1726px) 100vw, 1726px\" \/><\/figure><\/div><div class=\"wp-block-getwid-images-slider__item\" style=\"height:500px\"><figure><img loading=\"lazy\" decoding=\"async\" width=\"1982\" height=\"1274\" src=\"https:\/\/www.versiegelung24.com\/wp-content\/uploads\/2025\/07\/Holzimpraegnierung-eigenschaften.png\" data-id=\"182050\" data-link=\"https:\/\/www.versiegelung24.com\/holzversiegelung-in-profi-qualitaet-kopie.html\/attachment\/holzimpraegnierung-eigenschaften\/\" data-original-link=\"https:\/\/www.versiegelung24.com\/wp-content\/uploads\/2025\/07\/Holzimpraegnierung-eigenschaften.png\" class=\"wp-block-getwid-images-slider__image wp-image-182050\" srcset=\"https:\/\/www.versiegelung24.com\/wp-content\/uploads\/2025\/07\/Holzimpraegnierung-eigenschaften.png 1982w, https:\/\/www.versiegelung24.com\/wp-content\/uploads\/2025\/07\/Holzimpraegnierung-eigenschaften-300x193.png 300w, https:\/\/www.versiegelung24.com\/wp-content\/uploads\/2025\/07\/Holzimpraegnierung-eigenschaften-1300x836.png 1300w, https:\/\/www.versiegelung24.com\/wp-content\/uploads\/2025\/07\/Holzimpraegnierung-eigenschaften-768x494.png 768w, https:\/\/www.versiegelung24.com\/wp-content\/uploads\/2025\/07\/Holzimpraegnierung-eigenschaften-1536x987.png 1536w, https:\/\/www.versiegelung24.com\/wp-content\/uploads\/2025\/07\/Holzimpraegnierung-eigenschaften-600x386.png 600w\" sizes=\"(max-width: 1982px) 100vw, 1982px\" \/><\/figure><\/div><\/div><\/div>\n\n<p><\/p>\n","protected":false},"excerpt":{"rendered":"<p><strong>Sellador altamente eficaz para superficies de madera interiores y exteriores<\/strong><\/p>\n<p>\u2713 Solidez del color y protecci\u00f3n contra el encanecimiento<\/p>\n<p>\u2713 Repele el agua y la suciedad<\/p>\n<p>\u2713 Imprimaci\u00f3n y protecci\u00f3n en un solo paso<\/p>\n<p>\u2713 Sin PFAS, PFOA ni PFOS<\/p>\n<p>&nbsp;<\/p>\n","protected":false},"featured_media":183278,"template":"","meta":{"_acf_changed":false,"neve_meta_sidebar":"","neve_meta_container":"","neve_meta_enable_content_width":"","neve_meta_content_width":0,"neve_meta_title_alignment":"","neve_meta_author_avatar":"","neve_post_elements_order":"","neve_meta_disable_header":"","neve_meta_disable_footer":"","neve_meta_disable_title":"","neve_meta_reading_time":"","_surfaces":[],"_ver_product_tabs":null,"footnotes":""},"product_brand":[],"product_cat":[2384],"product_tag":[],"class_list":{"0":"post-181826","1":"product","2":"type-product","3":"status-publish","4":"has-post-thumbnail","6":"product_cat-sellado-de-madera","7":"pa_gebinde-set-de-accion-con-frasco-de-100-ml","8":"pa_gebinde-botella-de-50ml","9":"pa_gebinde-set-de-accion-con-frasco-de-50-ml","10":"pa_gebinde-botella-de-100ml","11":"pa_gebinde-botella-de-150-ml","12":"pa_gebinde-botella-de-500ml","13":"pa_gebinde-botella-de-200-ml","14":"pa_gebinde-botella-de-1000ml","15":"pa_gebinde-bidon-de-5l","16":"pa_gebinde-botella-de-10ml","17":"pa_gebinde-botella-de-5ml","18":"pa_gebinde-botella-de-spray-de-bomba-de-125-ml","19":"pa_gebinde-botella-de-recarga-de-1000ml","20":"pa_gebinde-bote-de-20l","21":"pa_gebinde-bote-de-10l","23":"first","24":"instock","25":"taxable","26":"shipping-taxable","27":"purchasable","28":"product-type-variable","29":"has-default-attributes"},"acf":[],"yoast_head":"<!-- This site is optimized with the Yoast SEO Premium plugin v22.8 (Yoast SEO v27.5) - https:\/\/yoast.com\/product\/yoast-seo-premium-wordpress\/ -->\n<title>Impregnaci\u00f3n de la madera - protecci\u00f3n natural de la madera a base de silano - versiegelung24.com<\/title>\n<meta name=\"robots\" content=\"index, follow, max-snippet:-1, max-image-preview:large, max-video-preview:-1\" \/>\n<link rel=\"canonical\" href=\"https:\/\/www.versiegelung24.com\/es\/holzimpragnierung-silanbasis.html\" \/>\n<meta property=\"og:locale\" content=\"es_ES\" \/>\n<meta property=\"og:type\" content=\"article\" \/>\n<meta property=\"og:title\" content=\"Impregnaci\u00f3n de la madera - protecci\u00f3n natural de la madera a base de silano\" \/>\n<meta property=\"og:description\" content=\"Sellador altamente eficaz para superficies de madera interiores y exteriores \u2713 Solidez del color y protecci\u00f3n contra el encanecimiento \u2713 Repele el agua y la suciedad \u2713 Imprimaci\u00f3n y protecci\u00f3n en un solo paso \u2713 Sin PFAS, PFOA ni PFOS &nbsp;\" \/>\n<meta property=\"og:url\" content=\"https:\/\/www.versiegelung24.com\/es\/holzimpragnierung-silanbasis.html\" \/>\n<meta property=\"og:site_name\" content=\"versiegelung24.com\" \/>\n<meta property=\"article:modified_time\" content=\"2025-09-05T11:31:56+00:00\" \/>\n<meta property=\"og:image\" content=\"https:\/\/www.versiegelung24.com\/wp-content\/uploads\/2025\/07\/V24-Holzimpraegnierung-4008-693.jpg\" \/>\n\t<meta property=\"og:image:width\" content=\"2560\" \/>\n\t<meta property=\"og:image:height\" content=\"2560\" \/>\n\t<meta property=\"og:image:type\" content=\"image\/jpeg\" \/>\n<meta name=\"twitter:card\" content=\"summary_large_image\" \/>\n<meta name=\"twitter:label1\" content=\"Disponibilidad\" \/>\n\t<meta name=\"twitter:data1\" content=\"Disponible\" \/>\n<script type=\"application\/ld+json\" class=\"yoast-schema-graph\">{\"@context\":\"https:\\\/\\\/schema.org\",\"@graph\":[{\"@type\":\"WebPage\",\"@id\":\"https:\\\/\\\/www.versiegelung24.com\\\/es\\\/holzimpragnierung-silanbasis.html\",\"url\":\"https:\\\/\\\/www.versiegelung24.com\\\/es\\\/holzimpragnierung-silanbasis.html\",\"name\":\"Impregnaci\u00f3n de la madera - protecci\u00f3n natural de la madera a base de silano - versiegelung24.com\",\"isPartOf\":{\"@id\":\"https:\\\/\\\/www.versiegelung24.com\\\/es\\\/#website\"},\"primaryImageOfPage\":{\"@id\":\"https:\\\/\\\/www.versiegelung24.com\\\/es\\\/holzimpragnierung-silanbasis.html#primaryimage\"},\"image\":{\"@id\":\"https:\\\/\\\/www.versiegelung24.com\\\/es\\\/holzimpragnierung-silanbasis.html#primaryimage\"},\"thumbnailUrl\":\"https:\\\/\\\/www.versiegelung24.com\\\/wp-content\\\/uploads\\\/2025\\\/07\\\/V24-Holzimpraegnierung-4008-693.jpg\",\"datePublished\":\"2025-07-31T10:51:08+00:00\",\"dateModified\":\"2025-09-05T11:31:56+00:00\",\"breadcrumb\":{\"@id\":\"https:\\\/\\\/www.versiegelung24.com\\\/es\\\/holzimpragnierung-silanbasis.html#breadcrumb\"},\"inLanguage\":\"es\",\"potentialAction\":[{\"@type\":\"ReadAction\",\"target\":[\"https:\\\/\\\/www.versiegelung24.com\\\/es\\\/holzimpragnierung-silanbasis.html\"]}]},{\"@type\":\"ImageObject\",\"inLanguage\":\"es\",\"@id\":\"https:\\\/\\\/www.versiegelung24.com\\\/es\\\/holzimpragnierung-silanbasis.html#primaryimage\",\"url\":\"https:\\\/\\\/www.versiegelung24.com\\\/wp-content\\\/uploads\\\/2025\\\/07\\\/V24-Holzimpraegnierung-4008-693.jpg\",\"contentUrl\":\"https:\\\/\\\/www.versiegelung24.com\\\/wp-content\\\/uploads\\\/2025\\\/07\\\/V24-Holzimpraegnierung-4008-693.jpg\",\"width\":2560,\"height\":2560},{\"@type\":\"BreadcrumbList\",\"@id\":\"https:\\\/\\\/www.versiegelung24.com\\\/es\\\/holzimpragnierung-silanbasis.html#breadcrumb\",\"itemListElement\":[{\"@type\":\"ListItem\",\"position\":1,\"name\":\"P\u00e1gina web\",\"item\":\"https:\\\/\\\/www.versiegelung24.com\\\/es\\\/frontal\\\/\"},{\"@type\":\"ListItem\",\"position\":2,\"name\":\"Tienda\",\"item\":\"https:\\\/\\\/www.versiegelung24.com\\\/es\\\/tienda\\\/\"},{\"@type\":\"ListItem\",\"position\":3,\"name\":\"Impregnaci\u00f3n de la madera &#8211; protecci\u00f3n natural de la madera a base de silano\"}]},{\"@type\":\"WebSite\",\"@id\":\"https:\\\/\\\/www.versiegelung24.com\\\/es\\\/#website\",\"url\":\"https:\\\/\\\/www.versiegelung24.com\\\/es\\\/\",\"name\":\"versiegelung24.com\",\"description\":\"Fl\u00fcssigglas-Versiegelung - Made in Germany\",\"publisher\":{\"@id\":\"https:\\\/\\\/www.versiegelung24.com\\\/es\\\/#organization\"},\"potentialAction\":[{\"@type\":\"SearchAction\",\"target\":{\"@type\":\"EntryPoint\",\"urlTemplate\":\"https:\\\/\\\/www.versiegelung24.com\\\/es\\\/?s={search_term_string}\"},\"query-input\":{\"@type\":\"PropertyValueSpecification\",\"valueRequired\":true,\"valueName\":\"search_term_string\"}}],\"inLanguage\":\"es\"},{\"@type\":\"Organization\",\"@id\":\"https:\\\/\\\/www.versiegelung24.com\\\/es\\\/#organization\",\"name\":\"versiegelung24\",\"url\":\"https:\\\/\\\/www.versiegelung24.com\\\/es\\\/\",\"logo\":{\"@type\":\"ImageObject\",\"inLanguage\":\"es\",\"@id\":\"https:\\\/\\\/www.versiegelung24.com\\\/es\\\/#\\\/schema\\\/logo\\\/image\\\/\",\"url\":\"https:\\\/\\\/www.versiegelung24.com\\\/wp-content\\\/uploads\\\/2020\\\/04\\\/versiegelung24.png\",\"contentUrl\":\"https:\\\/\\\/www.versiegelung24.com\\\/wp-content\\\/uploads\\\/2020\\\/04\\\/versiegelung24.png\",\"width\":470,\"height\":102,\"caption\":\"versiegelung24\"},\"image\":{\"@id\":\"https:\\\/\\\/www.versiegelung24.com\\\/es\\\/#\\\/schema\\\/logo\\\/image\\\/\"}}]}<\/script>\n<meta property=\"og:availability\" content=\"instock\" \/>\n<meta property=\"product:availability\" content=\"instock\" \/>\n<meta property=\"product:retailer_item_id\" content=\"4008-693\" \/>\n<meta property=\"product:condition\" content=\"new\" \/>\n<!-- \/ Yoast SEO Premium plugin. -->","yoast_head_json":{"title":"Impregnaci\u00f3n de la madera - protecci\u00f3n natural de la madera a base de silano - versiegelung24.com","robots":{"index":"index","follow":"follow","max-snippet":"max-snippet:-1","max-image-preview":"max-image-preview:large","max-video-preview":"max-video-preview:-1"},"canonical":"https:\/\/www.versiegelung24.com\/es\/holzimpragnierung-silanbasis.html","og_locale":"es_ES","og_type":"article","og_title":"Impregnaci\u00f3n de la madera - protecci\u00f3n natural de la madera a base de silano","og_description":"Sellador altamente eficaz para superficies de madera interiores y exteriores \u2713 Solidez del color y protecci\u00f3n contra el encanecimiento \u2713 Repele el agua y la suciedad \u2713 Imprimaci\u00f3n y protecci\u00f3n en un solo paso \u2713 Sin PFAS, PFOA ni PFOS &nbsp;","og_url":"https:\/\/www.versiegelung24.com\/es\/holzimpragnierung-silanbasis.html","og_site_name":"versiegelung24.com","article_modified_time":"2025-09-05T11:31:56+00:00","og_image":[{"width":2560,"height":2560,"url":"https:\/\/www.versiegelung24.com\/wp-content\/uploads\/2025\/07\/V24-Holzimpraegnierung-4008-693.jpg","type":"image\/jpeg"}],"twitter_card":"summary_large_image","twitter_misc":{"Disponibilidad":"Disponible"},"schema":{"@context":"https:\/\/schema.org","@graph":[{"@type":"WebPage","@id":"https:\/\/www.versiegelung24.com\/es\/holzimpragnierung-silanbasis.html","url":"https:\/\/www.versiegelung24.com\/es\/holzimpragnierung-silanbasis.html","name":"Impregnaci\u00f3n de la madera - protecci\u00f3n natural de la madera a base de silano - versiegelung24.com","isPartOf":{"@id":"https:\/\/www.versiegelung24.com\/es\/#website"},"primaryImageOfPage":{"@id":"https:\/\/www.versiegelung24.com\/es\/holzimpragnierung-silanbasis.html#primaryimage"},"image":{"@id":"https:\/\/www.versiegelung24.com\/es\/holzimpragnierung-silanbasis.html#primaryimage"},"thumbnailUrl":"https:\/\/www.versiegelung24.com\/wp-content\/uploads\/2025\/07\/V24-Holzimpraegnierung-4008-693.jpg","datePublished":"2025-07-31T10:51:08+00:00","dateModified":"2025-09-05T11:31:56+00:00","breadcrumb":{"@id":"https:\/\/www.versiegelung24.com\/es\/holzimpragnierung-silanbasis.html#breadcrumb"},"inLanguage":"es","potentialAction":[{"@type":"ReadAction","target":["https:\/\/www.versiegelung24.com\/es\/holzimpragnierung-silanbasis.html"]}]},{"@type":"ImageObject","inLanguage":"es","@id":"https:\/\/www.versiegelung24.com\/es\/holzimpragnierung-silanbasis.html#primaryimage","url":"https:\/\/www.versiegelung24.com\/wp-content\/uploads\/2025\/07\/V24-Holzimpraegnierung-4008-693.jpg","contentUrl":"https:\/\/www.versiegelung24.com\/wp-content\/uploads\/2025\/07\/V24-Holzimpraegnierung-4008-693.jpg","width":2560,"height":2560},{"@type":"BreadcrumbList","@id":"https:\/\/www.versiegelung24.com\/es\/holzimpragnierung-silanbasis.html#breadcrumb","itemListElement":[{"@type":"ListItem","position":1,"name":"P\u00e1gina web","item":"https:\/\/www.versiegelung24.com\/es\/frontal\/"},{"@type":"ListItem","position":2,"name":"Tienda","item":"https:\/\/www.versiegelung24.com\/es\/tienda\/"},{"@type":"ListItem","position":3,"name":"Impregnaci\u00f3n de la madera &#8211; protecci\u00f3n natural de la madera a base de silano"}]},{"@type":"WebSite","@id":"https:\/\/www.versiegelung24.com\/es\/#website","url":"https:\/\/www.versiegelung24.com\/es\/","name":"versiegelung24.com","description":"Fl\u00fcssigglas-Versiegelung - Made in Germany","publisher":{"@id":"https:\/\/www.versiegelung24.com\/es\/#organization"},"potentialAction":[{"@type":"SearchAction","target":{"@type":"EntryPoint","urlTemplate":"https:\/\/www.versiegelung24.com\/es\/?s={search_term_string}"},"query-input":{"@type":"PropertyValueSpecification","valueRequired":true,"valueName":"search_term_string"}}],"inLanguage":"es"},{"@type":"Organization","@id":"https:\/\/www.versiegelung24.com\/es\/#organization","name":"versiegelung24","url":"https:\/\/www.versiegelung24.com\/es\/","logo":{"@type":"ImageObject","inLanguage":"es","@id":"https:\/\/www.versiegelung24.com\/es\/#\/schema\/logo\/image\/","url":"https:\/\/www.versiegelung24.com\/wp-content\/uploads\/2020\/04\/versiegelung24.png","contentUrl":"https:\/\/www.versiegelung24.com\/wp-content\/uploads\/2020\/04\/versiegelung24.png","width":470,"height":102,"caption":"versiegelung24"},"image":{"@id":"https:\/\/www.versiegelung24.com\/es\/#\/schema\/logo\/image\/"}}]},"og_availability":"instock","product_availability":"instock","product_retailer_item_id":"4008-693","product_condition":"new"},"_links":{"self":[{"href":"https:\/\/www.versiegelung24.com\/es\/wp-json\/wp\/v2\/product\/181826","targetHints":{"allow":["GET"]}}],"collection":[{"href":"https:\/\/www.versiegelung24.com\/es\/wp-json\/wp\/v2\/product"}],"about":[{"href":"https:\/\/www.versiegelung24.com\/es\/wp-json\/wp\/v2\/types\/product"}],"version-history":[{"count":4,"href":"https:\/\/www.versiegelung24.com\/es\/wp-json\/wp\/v2\/product\/181826\/revisions"}],"predecessor-version":[{"id":182847,"href":"https:\/\/www.versiegelung24.com\/es\/wp-json\/wp\/v2\/product\/181826\/revisions\/182847"}],"wp:featuredmedia":[{"embeddable":true,"href":"https:\/\/www.versiegelung24.com\/es\/wp-json\/wp\/v2\/media\/183278"}],"wp:attachment":[{"href":"https:\/\/www.versiegelung24.com\/es\/wp-json\/wp\/v2\/media?parent=181826"}],"wp:term":[{"taxonomy":"product_brand","embeddable":true,"href":"https:\/\/www.versiegelung24.com\/es\/wp-json\/wp\/v2\/product_brand?post=181826"},{"taxonomy":"product_cat","embeddable":true,"href":"https:\/\/www.versiegelung24.com\/es\/wp-json\/wp\/v2\/product_cat?post=181826"},{"taxonomy":"product_tag","embeddable":true,"href":"https:\/\/www.versiegelung24.com\/es\/wp-json\/wp\/v2\/product_tag?post=181826"}],"curies":[{"name":"wp","href":"https:\/\/api.w.org\/{rel}","templated":true}]}}