{"id":182943,"date":"2025-08-28T14:07:51","date_gmt":"2025-08-28T12:07:51","guid":{"rendered":"https:\/\/www.versiegelung24.com\/?post_type=product&#038;p=182943"},"modified":"2025-09-08T16:04:05","modified_gmt":"2025-09-08T14:04:05","slug":"permanent-protector-646","status":"publish","type":"product","link":"https:\/\/www.versiegelung24.com\/es\/permanent-protector-646.html","title":{"rendered":"Protecci\u00f3n permanente 646 5M"},"content":{"rendered":"\n<p>Permanent Protect 646 Ultrafino es un sellador cer\u00e1mico de alta calidad para el recubrimiento permanente de superficies lisas como metal, cristal, pl\u00e1stico o materiales pintados. La capa protectora ultrafina y transparente proporciona una resistencia excepcional a la suciedad, los productos qu\u00edmicos, la radiaci\u00f3n UV y las influencias mec\u00e1nicas. Gracias a sus propiedades hidr\u00f3fobas y ole\u00f3fobas, el sellador ofrece un efecto duradero f\u00e1cil de limpiar.  <\/p>\n\n<p>Ideal para aplicaciones de automoci\u00f3n y n\u00e1uticas, como recubrimiento antigrafiti o para el acabado de superficies pintadas de alta calidad &#8211; Permanent Protect 646 Ultra Thin establece nuevos est\u00e1ndares en t\u00e9rminos de protecci\u00f3n y durabilidad de las superficies.<\/p>\n\n<hr class=\"wp-block-separator has-text-color has-css-opacity has-background is-style-wide\" style=\"background-color:#e1e1e1;color:#e1e1e1\"\/>\n\n<h2 class=\"wp-block-heading\" id=\"properties\">Caracter\u00edsticas del producto<\/h2>\n\n<div class=\"wp-block-columns is-layout-flex wp-container-core-columns-is-layout-9d6595d7 wp-block-columns-is-layout-flex\">\n<div class=\"wp-block-column is-layout-flow wp-block-column-is-layout-flow\">\n<ul id=\"block-5ec6b591-a82a-45bd-aa1b-599082db3ae8\" class=\"wp-block-list\">\n<li><strong>Efecto hidr\u00f3fobo y ole\u00f3fobo pronunciado<\/strong>: repele el agua y el aceite<\/li>\n\n\n\n<li><strong>Efecto f\u00e1cil de limpiar<\/strong>: la suciedad se elimina f\u00e1cilmente<\/li>\n\n\n\n<li><strong>Alta resistencia a la abrasi\u00f3n<\/strong> &#8211; adhesi\u00f3n qu\u00edmica permanente al sustrato<\/li>\n\n\n\n<li><strong>Resistente a la temperatura y a los rayos UV<\/strong>: adecuado para aplicaciones en exteriores<\/li>\n\n\n\n<li><strong>Transpirable<\/strong> &#8211; abierto a la difusi\u00f3n<\/li>\n\n\n\n<li><strong>Durabilidad <\/strong>&#8211; 2-5 a\u00f1os para uso en exteriores, bastante m\u00e1s para uso en interiores  <\/li>\n\n\n\n<li><strong>Consumo <\/strong>&#8211; 5-10ml\/m\u00b2 (=&gt; hasta 200 m\u00b2 por litro)<\/li>\n\n\n\n<li><strong>Resistente a muchos limpiadores dom\u00e9sticos comunes<\/strong> (excepto soluciones alcalinas concentradas)<\/li>\n\n\n\n<li><strong>A base de disolventes<\/strong> (aprox. 60 % de contenido de principio activo)<\/li>\n<\/ul>\n<\/div>\n\n\n\n<div class=\"wp-block-column is-layout-flow wp-block-column-is-layout-flow\">\n<ul id=\"block-6091e271-3752-4132-9f5b-206019bd2d6b\" class=\"wp-block-list\">\n<li><strong>Muy buenas propiedades antigraffiti<\/strong> en superficies no porosas<\/li>\n\n\n\n<li><strong>Estructura de la capa cer\u00e1mica<\/strong> &#8211; resistente al calor hasta 600 \u00b0C (integridad de la pel\u00edcula), 300 \u00b0C sin decoloraci\u00f3n<\/li>\n\n\n\n<li><strong>Grosor de la capa fina<\/strong>: aprox. 0,5-2 \u03bcm<\/li>\n\n\n\n<li><strong>Contiene COV<\/strong> (propionato de butilo)<\/li>\n\n\n\n<li><strong>Efecto bioest\u00e1tico<\/strong> &#8211; inhibe en gran medida el crecimiento de microorganismos  <\/li>\n\n\n\n<li><strong>Color<\/strong> &#8211; De incoloro a ligeramente amarillento<\/li>\n\n\n\n<li><strong>Nota sobre PFAS <\/strong>: sin PFOA ni PFOS. El contenido de fl\u00faor est\u00e1 por debajo de los valores l\u00edmite legales de acuerdo con el Reglamento 2024\/2462 de la UE. Los aditivos fluorados utilizados sirven exclusivamente para optimizar la repelencia a la suciedad.  <\/li>\n<\/ul>\n<\/div>\n<\/div>\n\n<hr class=\"wp-block-separator has-text-color has-background is-style-wide\" style=\"background-color:#e1e1e1;color:#e1e1e1\"\/>\n\n<h2 class=\"wp-block-heading\" id=\"application\">Areas de aplicaci\u00f3n<\/h2>\n\n<div class=\"wp-block-columns is-layout-flex wp-container-core-columns-is-layout-9d6595d7 wp-block-columns-is-layout-flex\">\n<div class=\"wp-block-column is-layout-flow wp-block-column-is-layout-flow\">\n<ul id=\"block-6091e271-3752-4132-9f5b-206019bd2d6b\" class=\"wp-block-list\">\n<li>Recubrimiento de superficies de veh\u00edculos (por ejemplo, carrocer\u00edas, llantas)<\/li>\n\n\n\n<li>Revestimientos f\u00e1ciles de limpiar para interiores y exteriores<\/li>\n\n\n\n<li>Recubrimientos protectores duraderos en el sector marino<\/li>\n<\/ul>\n<\/div>\n\n\n\n<div class=\"wp-block-column is-layout-flow wp-block-column-is-layout-flow\">\n<ul class=\"wp-block-list\">\n<li>Perfeccionamiento de las pinturas para yates y embarcaciones<\/li>\n\n\n\n<li>Tratamientos posteriores para coches (sellado cer\u00e1mico)n<\/li>\n\n\n\n<li>Revestimientos antigrafiti en superficies no porosas<\/li>\n<\/ul>\n<\/div>\n<\/div>\n\n<h2 class=\"wp-block-heading\" id=\"h-anwendung\">Aplicaci\u00f3n<\/h2>\n\n<p><strong>General  <\/strong><\/p>\n\n<ol class=\"wp-block-list\">\n<li><a href=\"https:\/\/www.versiegelung24.com\/es\/biosativa-biologica-pre-limpiador.html\">Limpia<\/a> y desengrasa a fondo la superficie (por ejemplo, con <a href=\"https:\/\/www.versiegelung24.com\/es\/100-bioetanol-de-alta-pureza-para-la-limpieza-previa-profesional-kopie.html\">isopropanol<\/a>, acetato de etilo o white spirit). <\/li>\n\n\n\n<li>La superficie debe estar completamente seca y libre de grasa.<\/li>\n\n\n\n<li>Temperatura de elaboraci\u00f3n: 15-30 \u00b0C, humedad relativa: 50-80 %. <\/li>\n\n\n\n<li>Evita la luz solar directa.<\/li>\n<\/ol>\n\n<p><strong>Aplicaci\u00f3n por deslizamiento  <\/strong><\/p>\n\n<ol class=\"wp-block-list\">\n<li>Aplica unas gotas (5-10\/ml m\u00b2) en un pa\u00f1o de microfibra.<\/li>\n\n\n\n<li>Apl\u00edcalo uniformemente con una ligera presi\u00f3n en movimientos lineales.<\/li>\n\n\n\n<li>Pule con un pa\u00f1o suave despu\u00e9s de 30 minutos como m\u00e1ximo. <\/li>\n\n\n\n<li>Repite el proceso si es necesario.<\/li>\n<\/ol>\n\n<p><strong>Aplicaci\u00f3n por pulverizaci\u00f3n  <\/strong><\/p>\n\n<ol class=\"wp-block-list\">\n<li>Tama\u00f1o de la boquilla: 0,8-1,0 mm \/ presi\u00f3n: 0,6-1,0 bar \/ distancia: 20 cm aprox.<\/li>\n\n\n\n<li>Grosor de la capa (seca) 2,5-25 \u03bcm (seg\u00fan pasajes)<\/li>\n\n\n\n<li>Alternativa: Campana rotativa (30.000 rpm, 2 bares, 0,2-0,4 m\/s, 50-150 ml\/min)  <\/li>\n<\/ol>\n\n<h2 class=\"wp-block-heading\" id=\"h-reinigung-amp-pflege\">Limpieza y cuidado<\/h2>\n\n<p>El uso de un limpiador suave, como nuestro limpiador <a href=\"https:\/\/www.versiegelung24.com\/es\/biosativa-biologica-pre-limpiador.html\">V24 Biosativa\u00ae<\/a>, es suficiente para limpiar la superficie. No es necesario ni recomendable utilizar productos de limpieza agresivos. <\/p>\n\n<hr class=\"wp-block-separator has-text-color has-css-opacity has-background is-style-wide\" style=\"background-color:#e1e1e1;color:#e1e1e1\"\/>\n\n<h2 class=\"wp-block-heading\" id=\"h-produktsicherheit-amp-lagerung\">Seguridad y almacenamiento de los productos<\/h2>\n\n<p>Puedes encontrar informaci\u00f3n sobre la clasificaci\u00f3n del producto en el marco de la Ordenanza de Sustancias Peligrosas, datos de seguridad y datos sobre toxicolog\u00eda y almacenamiento en nuestra ficha de datos de seguridad <a href=\"https:\/\/www.versiegelung24.com\/es\/contacto\/\">, previa solicitud<\/a>.<\/p>\n\n<ul class=\"wp-block-list\">\n<li>Permanent Protect 646 no debe entrar en contacto con la humedad.<\/li>\n\n\n\n<li>Temperatura de almacenamiento del material: de +5\u00b0C a +20\u00b0C.<\/li>\n\n\n\n<li>Equipo de protecci\u00f3n individual: Guantes, gafas de seguridad, ropa de protecci\u00f3n adecuada<\/li>\n\n\n\n<li>Primeros auxilios: En caso de contacto con los ojos o la piel, aclara inmediatamente con agua y consulta a un m\u00e9dico.<\/li>\n\n\n\n<li>Almacenamiento: Fresco, seco y bien ventilado. Abre el recipiente una vez al mes con ventilaci\u00f3n para aliviar la presi\u00f3n. <\/li>\n\n\n\n<li>Se recomienda una prepurga de nitr\u00f3geno para rellenar.<\/li>\n<\/ul>\n\n<p><strong>Permanent Protect 646 <\/strong>tiene una caducidad de 12 meses si se almacena sin abrir en los envases originales precintados.<\/p>\n\n<hr class=\"wp-block-separator has-text-color has-css-opacity has-background is-style-wide\" style=\"background-color:#e1e1e1;color:#e1e1e1\"\/>\n\n<h2 class=\"wp-block-heading\">Prueba de envejecimiento<\/h2>\n\n<figure class=\"wp-block-table aligncenter\"><table class=\"has-fixed-layout\"><thead><tr><th class=\"has-text-align-left\" data-align=\"left\">\u00a0<\/th><th class=\"has-text-align-left\" data-align=\"left\">Prueba de niebla salina NSS<\/th><th>Atm\u00f3sfera de condensaci\u00f3n,<br\/>humedad constante<\/th><th>Meteorizaci\u00f3n artificial<br\/>con arco de xen\u00f3n<\/th><\/tr><\/thead><tbody><tr><td class=\"has-text-align-left\" data-align=\"left\">DIN<\/td><td class=\"has-text-align-left\" data-align=\"left\">EN ISO 9227<\/td><td>EN ISO 6270-2<\/td><td>EN ISO 16474-2<\/td><\/tr><tr><td class=\"has-text-align-left\" data-align=\"left\">\u00a0<\/td><td class=\"has-text-align-left\" data-align=\"left\" colspan=\"3\"><strong>Prueba de niebla salina acero inoxidable 2,5 \u03bcm, recubierto<\/strong><\/td><\/tr><tr><td class=\"has-text-align-left\" data-align=\"left\">Duraci\u00f3n<\/td><td class=\"has-text-align-left\" data-align=\"left\">1.500 h<\/td><td>1.400 h<\/td><td>1.400 h<\/td><\/tr><tr><td class=\"has-text-align-left\" data-align=\"left\">Resultado<\/td><td class=\"has-text-align-left\" data-align=\"left\">Ampollas: no<br\/>\u00d3xido: no<br\/>Corrosi\u00f3n en el rayado &lt; 0,5 mm<\/td><td>Formaci\u00f3n de ampollas: no<br\/>\u00d3xido: no<\/td><td>P\u00e9rdida de brillo: 5%<br\/>Agrietamiento: no<br\/>Diferencia de color \u0394E* = 0,40<\/td><\/tr><tr><td class=\"has-text-align-left\" data-align=\"left\">\u00a0<\/td><td class=\"has-text-align-left\" data-align=\"left\" colspan=\"3\"><strong>Prueba de niebla salina aluminio 2,5 \u03bcm, recubierto<\/strong><\/td><\/tr><tr><td class=\"has-text-align-left\" data-align=\"left\">Duraci\u00f3n<\/td><td class=\"has-text-align-left\" data-align=\"left\">1.500 h<\/td><td>1.400 h<\/td><td>1.400 h<\/td><\/tr><tr><td class=\"has-text-align-left\" data-align=\"left\">Resultado<\/td><td class=\"has-text-align-left\" data-align=\"left\">Ampollas: no<br\/>\u00d3xido: no<br\/>Corrosi\u00f3n en el rayado &lt; 0,5 mm<\/td><td>Formaci\u00f3n de ampollas: no<br\/>\u00d3xido: no<\/td><td>P\u00e9rdida de brillo: 5%<br\/>Agrietamiento: no<br\/>Diferencia de color \u0394E* = 0,17<\/td><\/tr><tr><td class=\"has-text-align-left\" data-align=\"left\">\u00a0<\/td><td class=\"has-text-align-left\" data-align=\"left\" colspan=\"3\"><strong>Acero arenado 2,5 \u03bcm, revestido<\/strong><\/td><\/tr><tr><td class=\"has-text-align-left\" data-align=\"left\">Duraci\u00f3n<\/td><td class=\"has-text-align-left\" data-align=\"left\">1.000 h<\/td><td>1.000 h<\/td><td>1.400 h<\/td><\/tr><tr><td class=\"has-text-align-left\" data-align=\"left\">Resultado<\/td><td class=\"has-text-align-left\" data-align=\"left\">Ampollas: no<br\/>\u00d3xido: no<br\/>Corrosi\u00f3n en el rayado &lt; 0,5 mm<\/td><td>Formaci\u00f3n de ampollas: no<br\/>\u00d3xido: no<\/td><td>P\u00e9rdida de brillo: 12%<br\/>Agrietamiento: no<br\/>Diferencia de color \u0394E* = 0,51<\/td><\/tr><\/tbody><\/table><\/figure>\n\n<hr class=\"wp-block-separator has-text-color has-css-opacity has-background is-style-wide\" style=\"background-color:#e1e1e1;color:#e1e1e1\"\/>\n","protected":false},"excerpt":{"rendered":"<p><strong>Revestimiento cer\u00e1mico duradero de alta calidad para superficies lisas<\/strong><\/p>\n<p>\u2713 Espesor de la capa ultrafina<\/p>\n<p>\u2713 Caducidad 2-5 a\u00f1os<\/p>\n<p>\u2713 Alta resistencia a la abrasi\u00f3n<\/p>\n<p>\u2713 Efecto bioest\u00e1tico<\/p>\n","protected":false},"featured_media":183072,"template":"","meta":{"_acf_changed":false,"neve_meta_sidebar":"","neve_meta_container":"","neve_meta_enable_content_width":"","neve_meta_content_width":0,"neve_meta_title_alignment":"","neve_meta_author_avatar":"","neve_post_elements_order":"","neve_meta_disable_header":"","neve_meta_disable_footer":"","neve_meta_disable_title":"","neve_meta_reading_time":"","_surfaces":[],"_ver_product_tabs":[],"footnotes":""},"product_brand":[],"product_cat":[2382,2486,2998,2182],"product_tag":[],"class_list":{"0":"post-182943","1":"product","2":"type-product","3":"status-publish","4":"has-post-thumbnail","6":"product_cat-sellado-de-metal-y-plastico","7":"product_cat-sello-universal","8":"product_cat-sellado-de-vidrio-liquido","9":"product_cat-sellado-de-coches","10":"pa_gebinde-botella-de-100ml","11":"pa_gebinde-botella-de-1000ml","13":"first","14":"instock","15":"taxable","16":"shipping-taxable","17":"purchasable","18":"product-type-variable","19":"has-default-attributes"},"acf":[],"yoast_head":"<!-- This site is optimized with the Yoast SEO Premium plugin v22.8 (Yoast SEO v27.5) - https:\/\/yoast.com\/product\/yoast-seo-premium-wordpress\/ -->\n<title>Protector Permanente 646 Ultrafino - Sellador cer\u00e1mico 9H<\/title>\n<meta name=\"description\" content=\"F\u00e1cil de usar, fuerte en protecci\u00f3n. El nuevo sellador cer\u00e1mico Protector Permanente 646 Ultrafino - 9H proporciona una protecci\u00f3n fiable contra las influencias externas\" \/>\n<meta name=\"robots\" content=\"index, follow, max-snippet:-1, max-image-preview:large, max-video-preview:-1\" \/>\n<link rel=\"canonical\" href=\"https:\/\/www.versiegelung24.com\/es\/permanent-protector-646.html\" \/>\n<meta property=\"og:locale\" content=\"es_ES\" \/>\n<meta property=\"og:type\" content=\"article\" \/>\n<meta property=\"og:title\" content=\"Protecci\u00f3n permanente 646 5M\" \/>\n<meta property=\"og:description\" content=\"F\u00e1cil de usar, fuerte en protecci\u00f3n. El nuevo sellador cer\u00e1mico Protector Permanente 646 Ultrafino - 9H proporciona una protecci\u00f3n fiable contra las influencias externas\" \/>\n<meta property=\"og:url\" content=\"https:\/\/www.versiegelung24.com\/es\/permanent-protector-646.html\" \/>\n<meta property=\"og:site_name\" content=\"versiegelung24.com\" \/>\n<meta property=\"article:modified_time\" content=\"2025-09-08T14:04:05+00:00\" \/>\n<meta property=\"og:image\" content=\"https:\/\/www.versiegelung24.com\/wp-content\/uploads\/2025\/08\/V24-Permanent-Protector-646-Keramikversiegelung-scaled-1.jpg\" \/>\n\t<meta property=\"og:image:width\" content=\"2560\" \/>\n\t<meta property=\"og:image:height\" content=\"2560\" \/>\n\t<meta property=\"og:image:type\" content=\"image\/jpeg\" \/>\n<meta name=\"twitter:card\" content=\"summary_large_image\" \/>\n<meta name=\"twitter:label1\" content=\"Disponibilidad\" \/>\n\t<meta name=\"twitter:data1\" content=\"Disponible\" \/>\n<script type=\"application\/ld+json\" class=\"yoast-schema-graph\">{\"@context\":\"https:\\\/\\\/schema.org\",\"@graph\":[{\"@type\":\"WebPage\",\"@id\":\"https:\\\/\\\/www.versiegelung24.com\\\/es\\\/permanent-protector-646.html\",\"url\":\"https:\\\/\\\/www.versiegelung24.com\\\/es\\\/permanent-protector-646.html\",\"name\":\"Protector Permanente 646 Ultrafino - Sellador cer\u00e1mico 9H\",\"isPartOf\":{\"@id\":\"https:\\\/\\\/www.versiegelung24.com\\\/es\\\/#website\"},\"primaryImageOfPage\":{\"@id\":\"https:\\\/\\\/www.versiegelung24.com\\\/es\\\/permanent-protector-646.html#primaryimage\"},\"image\":{\"@id\":\"https:\\\/\\\/www.versiegelung24.com\\\/es\\\/permanent-protector-646.html#primaryimage\"},\"thumbnailUrl\":\"https:\\\/\\\/www.versiegelung24.com\\\/wp-content\\\/uploads\\\/2025\\\/08\\\/V24-Permanent-Protector-646-Keramikversiegelung-scaled-1.jpg\",\"datePublished\":\"2025-08-28T12:07:51+00:00\",\"dateModified\":\"2025-09-08T14:04:05+00:00\",\"description\":\"F\u00e1cil de usar, fuerte en protecci\u00f3n. El nuevo sellador cer\u00e1mico Protector Permanente 646 Ultrafino - 9H proporciona una protecci\u00f3n fiable contra las influencias externas\",\"breadcrumb\":{\"@id\":\"https:\\\/\\\/www.versiegelung24.com\\\/es\\\/permanent-protector-646.html#breadcrumb\"},\"inLanguage\":\"es\",\"potentialAction\":[{\"@type\":\"ReadAction\",\"target\":[\"https:\\\/\\\/www.versiegelung24.com\\\/es\\\/permanent-protector-646.html\"]}]},{\"@type\":\"ImageObject\",\"inLanguage\":\"es\",\"@id\":\"https:\\\/\\\/www.versiegelung24.com\\\/es\\\/permanent-protector-646.html#primaryimage\",\"url\":\"https:\\\/\\\/www.versiegelung24.com\\\/wp-content\\\/uploads\\\/2025\\\/08\\\/V24-Permanent-Protector-646-Keramikversiegelung-scaled-1.jpg\",\"contentUrl\":\"https:\\\/\\\/www.versiegelung24.com\\\/wp-content\\\/uploads\\\/2025\\\/08\\\/V24-Permanent-Protector-646-Keramikversiegelung-scaled-1.jpg\",\"width\":2560,\"height\":2560},{\"@type\":\"BreadcrumbList\",\"@id\":\"https:\\\/\\\/www.versiegelung24.com\\\/es\\\/permanent-protector-646.html#breadcrumb\",\"itemListElement\":[{\"@type\":\"ListItem\",\"position\":1,\"name\":\"P\u00e1gina web\",\"item\":\"https:\\\/\\\/www.versiegelung24.com\\\/es\\\/frontal\\\/\"},{\"@type\":\"ListItem\",\"position\":2,\"name\":\"Tienda\",\"item\":\"https:\\\/\\\/www.versiegelung24.com\\\/es\\\/tienda\\\/\"},{\"@type\":\"ListItem\",\"position\":3,\"name\":\"Protecci\u00f3n permanente 646 5M\"}]},{\"@type\":\"WebSite\",\"@id\":\"https:\\\/\\\/www.versiegelung24.com\\\/es\\\/#website\",\"url\":\"https:\\\/\\\/www.versiegelung24.com\\\/es\\\/\",\"name\":\"versiegelung24.com\",\"description\":\"Fl\u00fcssigglas-Versiegelung - Made in Germany\",\"publisher\":{\"@id\":\"https:\\\/\\\/www.versiegelung24.com\\\/es\\\/#organization\"},\"potentialAction\":[{\"@type\":\"SearchAction\",\"target\":{\"@type\":\"EntryPoint\",\"urlTemplate\":\"https:\\\/\\\/www.versiegelung24.com\\\/es\\\/?s={search_term_string}\"},\"query-input\":{\"@type\":\"PropertyValueSpecification\",\"valueRequired\":true,\"valueName\":\"search_term_string\"}}],\"inLanguage\":\"es\"},{\"@type\":\"Organization\",\"@id\":\"https:\\\/\\\/www.versiegelung24.com\\\/es\\\/#organization\",\"name\":\"versiegelung24\",\"url\":\"https:\\\/\\\/www.versiegelung24.com\\\/es\\\/\",\"logo\":{\"@type\":\"ImageObject\",\"inLanguage\":\"es\",\"@id\":\"https:\\\/\\\/www.versiegelung24.com\\\/es\\\/#\\\/schema\\\/logo\\\/image\\\/\",\"url\":\"https:\\\/\\\/www.versiegelung24.com\\\/wp-content\\\/uploads\\\/2020\\\/04\\\/versiegelung24.png\",\"contentUrl\":\"https:\\\/\\\/www.versiegelung24.com\\\/wp-content\\\/uploads\\\/2020\\\/04\\\/versiegelung24.png\",\"width\":470,\"height\":102,\"caption\":\"versiegelung24\"},\"image\":{\"@id\":\"https:\\\/\\\/www.versiegelung24.com\\\/es\\\/#\\\/schema\\\/logo\\\/image\\\/\"}}]}<\/script>\n<meta property=\"og:availability\" content=\"instock\" \/>\n<meta property=\"product:availability\" content=\"instock\" \/>\n<meta property=\"product:retailer_item_id\" content=\"8056-646\" \/>\n<meta property=\"product:condition\" content=\"new\" \/>\n<!-- \/ Yoast SEO Premium plugin. -->","yoast_head_json":{"title":"Protector Permanente 646 Ultrafino - Sellador cer\u00e1mico 9H","description":"F\u00e1cil de usar, fuerte en protecci\u00f3n. El nuevo sellador cer\u00e1mico Protector Permanente 646 Ultrafino - 9H proporciona una protecci\u00f3n fiable contra las influencias externas","robots":{"index":"index","follow":"follow","max-snippet":"max-snippet:-1","max-image-preview":"max-image-preview:large","max-video-preview":"max-video-preview:-1"},"canonical":"https:\/\/www.versiegelung24.com\/es\/permanent-protector-646.html","og_locale":"es_ES","og_type":"article","og_title":"Protecci\u00f3n permanente 646 5M","og_description":"F\u00e1cil de usar, fuerte en protecci\u00f3n. El nuevo sellador cer\u00e1mico Protector Permanente 646 Ultrafino - 9H proporciona una protecci\u00f3n fiable contra las influencias externas","og_url":"https:\/\/www.versiegelung24.com\/es\/permanent-protector-646.html","og_site_name":"versiegelung24.com","article_modified_time":"2025-09-08T14:04:05+00:00","og_image":[{"width":2560,"height":2560,"url":"https:\/\/www.versiegelung24.com\/wp-content\/uploads\/2025\/08\/V24-Permanent-Protector-646-Keramikversiegelung-scaled-1.jpg","type":"image\/jpeg"}],"twitter_card":"summary_large_image","twitter_misc":{"Disponibilidad":"Disponible"},"schema":{"@context":"https:\/\/schema.org","@graph":[{"@type":"WebPage","@id":"https:\/\/www.versiegelung24.com\/es\/permanent-protector-646.html","url":"https:\/\/www.versiegelung24.com\/es\/permanent-protector-646.html","name":"Protector Permanente 646 Ultrafino - Sellador cer\u00e1mico 9H","isPartOf":{"@id":"https:\/\/www.versiegelung24.com\/es\/#website"},"primaryImageOfPage":{"@id":"https:\/\/www.versiegelung24.com\/es\/permanent-protector-646.html#primaryimage"},"image":{"@id":"https:\/\/www.versiegelung24.com\/es\/permanent-protector-646.html#primaryimage"},"thumbnailUrl":"https:\/\/www.versiegelung24.com\/wp-content\/uploads\/2025\/08\/V24-Permanent-Protector-646-Keramikversiegelung-scaled-1.jpg","datePublished":"2025-08-28T12:07:51+00:00","dateModified":"2025-09-08T14:04:05+00:00","description":"F\u00e1cil de usar, fuerte en protecci\u00f3n. El nuevo sellador cer\u00e1mico Protector Permanente 646 Ultrafino - 9H proporciona una protecci\u00f3n fiable contra las influencias externas","breadcrumb":{"@id":"https:\/\/www.versiegelung24.com\/es\/permanent-protector-646.html#breadcrumb"},"inLanguage":"es","potentialAction":[{"@type":"ReadAction","target":["https:\/\/www.versiegelung24.com\/es\/permanent-protector-646.html"]}]},{"@type":"ImageObject","inLanguage":"es","@id":"https:\/\/www.versiegelung24.com\/es\/permanent-protector-646.html#primaryimage","url":"https:\/\/www.versiegelung24.com\/wp-content\/uploads\/2025\/08\/V24-Permanent-Protector-646-Keramikversiegelung-scaled-1.jpg","contentUrl":"https:\/\/www.versiegelung24.com\/wp-content\/uploads\/2025\/08\/V24-Permanent-Protector-646-Keramikversiegelung-scaled-1.jpg","width":2560,"height":2560},{"@type":"BreadcrumbList","@id":"https:\/\/www.versiegelung24.com\/es\/permanent-protector-646.html#breadcrumb","itemListElement":[{"@type":"ListItem","position":1,"name":"P\u00e1gina web","item":"https:\/\/www.versiegelung24.com\/es\/frontal\/"},{"@type":"ListItem","position":2,"name":"Tienda","item":"https:\/\/www.versiegelung24.com\/es\/tienda\/"},{"@type":"ListItem","position":3,"name":"Protecci\u00f3n permanente 646 5M"}]},{"@type":"WebSite","@id":"https:\/\/www.versiegelung24.com\/es\/#website","url":"https:\/\/www.versiegelung24.com\/es\/","name":"versiegelung24.com","description":"Fl\u00fcssigglas-Versiegelung - Made in Germany","publisher":{"@id":"https:\/\/www.versiegelung24.com\/es\/#organization"},"potentialAction":[{"@type":"SearchAction","target":{"@type":"EntryPoint","urlTemplate":"https:\/\/www.versiegelung24.com\/es\/?s={search_term_string}"},"query-input":{"@type":"PropertyValueSpecification","valueRequired":true,"valueName":"search_term_string"}}],"inLanguage":"es"},{"@type":"Organization","@id":"https:\/\/www.versiegelung24.com\/es\/#organization","name":"versiegelung24","url":"https:\/\/www.versiegelung24.com\/es\/","logo":{"@type":"ImageObject","inLanguage":"es","@id":"https:\/\/www.versiegelung24.com\/es\/#\/schema\/logo\/image\/","url":"https:\/\/www.versiegelung24.com\/wp-content\/uploads\/2020\/04\/versiegelung24.png","contentUrl":"https:\/\/www.versiegelung24.com\/wp-content\/uploads\/2020\/04\/versiegelung24.png","width":470,"height":102,"caption":"versiegelung24"},"image":{"@id":"https:\/\/www.versiegelung24.com\/es\/#\/schema\/logo\/image\/"}}]},"og_availability":"instock","product_availability":"instock","product_retailer_item_id":"8056-646","product_condition":"new"},"_links":{"self":[{"href":"https:\/\/www.versiegelung24.com\/es\/wp-json\/wp\/v2\/product\/182943","targetHints":{"allow":["GET"]}}],"collection":[{"href":"https:\/\/www.versiegelung24.com\/es\/wp-json\/wp\/v2\/product"}],"about":[{"href":"https:\/\/www.versiegelung24.com\/es\/wp-json\/wp\/v2\/types\/product"}],"version-history":[{"count":3,"href":"https:\/\/www.versiegelung24.com\/es\/wp-json\/wp\/v2\/product\/182943\/revisions"}],"predecessor-version":[{"id":183603,"href":"https:\/\/www.versiegelung24.com\/es\/wp-json\/wp\/v2\/product\/182943\/revisions\/183603"}],"wp:featuredmedia":[{"embeddable":true,"href":"https:\/\/www.versiegelung24.com\/es\/wp-json\/wp\/v2\/media\/183072"}],"wp:attachment":[{"href":"https:\/\/www.versiegelung24.com\/es\/wp-json\/wp\/v2\/media?parent=182943"}],"wp:term":[{"taxonomy":"product_brand","embeddable":true,"href":"https:\/\/www.versiegelung24.com\/es\/wp-json\/wp\/v2\/product_brand?post=182943"},{"taxonomy":"product_cat","embeddable":true,"href":"https:\/\/www.versiegelung24.com\/es\/wp-json\/wp\/v2\/product_cat?post=182943"},{"taxonomy":"product_tag","embeddable":true,"href":"https:\/\/www.versiegelung24.com\/es\/wp-json\/wp\/v2\/product_tag?post=182943"}],"curies":[{"name":"wp","href":"https:\/\/api.w.org\/{rel}","templated":true}]}}