{"id":22744,"date":"2020-04-04T18:53:13","date_gmt":"2021-08-02T18:55:52","guid":{"rendered":"https:\/\/www.versiegelung24.com\/produkt\/pulido-y-sellado-especial-para-caravanas-de-calidad-profesional"},"modified":"2025-01-03T23:24:19","modified_gmt":"2025-01-03T22:24:19","slug":"caravana-pulido-especial-y-sellado-en-calidad-profesional","status":"publish","type":"product","link":"https:\/\/www.versiegelung24.com\/es\/caravana-pulido-especial-y-sellado-en-calidad-profesional.html","title":{"rendered":"Autocaravana \/ Caravana \/ Camper especial pulido y sellado de calidad profesional"},"content":{"rendered":"\n<p><strong>Sellador profesional de alta eficacia para caravanas, con efecto loto (repelente al agua), vida \u00fatil hasta 3 meses<\/strong><\/p>\n\n<p>Alta calidad Fabricado en Alemania.<\/p>\n\n<hr\/>\n\n<h4 class=\"wp-block-heading\" id=\"properties\">Caracter\u00edsticas del producto<\/h4>\n\n<div class=\"wp-block-columns is-layout-flex wp-container-core-columns-is-layout-9d6595d7 wp-block-columns-is-layout-flex\">\n<div class=\"wp-block-column is-layout-flow wp-block-column-is-layout-flow\">\n<ul class=\"wp-block-list\"><li>Pulimento de alta calidad sin componentes abrasivos, las capas de pintura no se atacan<\/li><li>Emulsi\u00f3n, muy f\u00e1cil de usar.<\/li><li>Efecto refrescante de brillo y color<\/li><li>Limpia, pule y sella en un solo paso (elimina el alquitr\u00e1n, la resina y los residuos de insectos)<\/li><li>Recubrimiento antiadherente repelente al agua y a la suciedad, brillante<\/li><li>Evita que el alquitr\u00e1n y los restos de insectos se peguen a la superficie<\/li><li>Reduce los rayones<\/li><li>Para interior y exterior<\/li><\/ul>\n<\/div>\n\n\n\n<div class=\"wp-block-column is-layout-flow wp-block-column-is-layout-flow\">\n<ul class=\"wp-block-list\" id=\"block-feede020-7d07-4fe3-abd9-bbbd73e79539\"><li>Transparente \/ invisible, el aspecto de la superficie permanece inalterado<\/li><li>Resistente a las heladas, la limpieza (incluido el lavado de coches), los rayos UV (evita que la pintura se empa\u00f1e), lej\u00edas \/ \u00e1lcalis, agua de mar, aire salado, excrementos de insectos y otras suciedades pesadas<\/li><li>Reduce significativamente la resistencia del aire y, por lo tanto, ofrece una mayor eficiencia para los veh\u00edculos.<\/li><li>Efecto &#8220;f\u00e1cil de limpiar&#8221;, las superficies revestidas permanecen limpias por m\u00e1s tiempo y son m\u00e1s f\u00e1ciles de limpiar.<\/li><\/ul>\n\n\n\n<p><br\/><br\/>Volumen de suministro: 1 botella de 1 litro 1 descripci\u00f3n del producto<\/p>\n<\/div>\n<\/div>\n\n<hr\/>\n\n<h4 class=\"wp-block-heading\" id=\"application\">Aplicaci\u00f3n<\/h4>\n\n<div class=\"wp-block-columns is-layout-flex wp-container-core-columns-is-layout-9d6595d7 wp-block-columns-is-layout-flex\">\n<div class=\"wp-block-column is-layout-flow wp-block-column-is-layout-flow\">\n<ul class=\"wp-block-list\"><li>Ideal para el tratamiento de caravanas, remolques, autocaravanas, caravanas \/ casas m\u00f3viles (particularmente eficaz en pinturas que no tienen m\u00e1s de 10 a\u00f1os)<\/li><li>Tratamientos repelentes de suciedad y agua en llantas de aleaci\u00f3n (m\u00e1s f\u00e1ciles de limpiar)<\/li><li>Tratamientos sobre metales (protecci\u00f3n contra herrumbre y oxidaci\u00f3n)<\/li><li>Veh\u00edculos ferroviarios, m\u00e1quinas de construcci\u00f3n, veh\u00edculos agr\u00edcolas<\/li><\/ul>\n\n\n\n<p><\/p>\n<\/div>\n\n\n\n<div class=\"wp-block-column is-layout-flow wp-block-column-is-layout-flow\">\n<p>La cantidad necesaria depende de la superficie a recubrir (grado de desgaste y suciedad) y del pa\u00f1o que se utilice. La tasa de esparcimiento es de aproximadamente 20-40 ml \/ m\u00b2.<\/p>\n\n\n\n<p><br\/><br\/>F\u00e1cil de aplicar: 1. Aplica el sellador con un pa\u00f1o y pule 2. Aplica el sellador con un pa\u00f1o. Deja que se endurezca durante 12 horas &#8211; acabado<\/p>\n\n\n\n<p>Vida \u00fatil: Hasta 3 meses<\/p>\n<\/div>\n<\/div>\n","protected":false},"excerpt":{"rendered":"<p><strong>Sello profesional altamente efectivo para:<\/strong><\/p>\n<p>\u2713 Caravanas<\/p>\n<p>\u2713 Con efecto loto (repelencia al agua)<\/p>\n<p>\u2713 Vida \u00fatil de hasta 3 meses<\/p>\n","protected":false},"featured_media":17798,"template":"","meta":{"_acf_changed":false,"neve_meta_sidebar":"","neve_meta_container":"","neve_meta_enable_content_width":"","neve_meta_content_width":0,"neve_meta_title_alignment":"","neve_meta_author_avatar":"","neve_post_elements_order":"","neve_meta_disable_header":"","neve_meta_disable_footer":"","neve_meta_disable_title":"","neve_meta_reading_time":"","_surfaces":[],"_ver_product_tabs":[],"footnotes":""},"product_brand":[],"product_cat":[2182],"product_tag":[],"class_list":{"0":"post-22744","1":"product","2":"type-product","3":"status-publish","4":"has-post-thumbnail","6":"product_cat-sellado-de-coches","8":"first","9":"instock","10":"taxable","11":"shipping-taxable","12":"purchasable","13":"product-type-simple"},"acf":[],"yoast_head":"<!-- This site is optimized with the Yoast SEO Premium plugin v22.8 (Yoast SEO v27.5) - https:\/\/yoast.com\/product\/yoast-seo-premium-wordpress\/ -->\n<title>Autocaravana \/ Caravana \/ Camper especial pulido y sellado de calidad profesional - versiegelung24.com<\/title>\n<meta name=\"robots\" content=\"index, follow, max-snippet:-1, max-image-preview:large, max-video-preview:-1\" \/>\n<link rel=\"canonical\" href=\"https:\/\/www.versiegelung24.com\/es\/caravana-pulido-especial-y-sellado-en-calidad-profesional.html\" \/>\n<meta property=\"og:locale\" content=\"es_ES\" \/>\n<meta property=\"og:type\" content=\"article\" \/>\n<meta property=\"og:title\" content=\"Autocaravana \/ Caravana \/ Camper especial pulido y sellado de calidad profesional\" \/>\n<meta property=\"og:description\" content=\"Sello profesional altamente efectivo para: \u2713 Caravanas \u2713 Con efecto loto (repelencia al agua) \u2713 Vida \u00fatil de hasta 3 meses\" \/>\n<meta property=\"og:url\" content=\"https:\/\/www.versiegelung24.com\/es\/caravana-pulido-especial-y-sellado-en-calidad-profesional.html\" \/>\n<meta property=\"og:site_name\" content=\"versiegelung24.com\" \/>\n<meta property=\"article:modified_time\" content=\"2025-01-03T22:24:19+00:00\" \/>\n<meta property=\"og:image\" content=\"https:\/\/www.versiegelung24.com\/wp-content\/uploads\/2020\/06\/produkt-2001-7660-1000-Caravan-Spezialpolitur-versiegelung-scaled.jpg\" \/>\n\t<meta property=\"og:image:width\" content=\"2560\" \/>\n\t<meta property=\"og:image:height\" content=\"2560\" \/>\n\t<meta property=\"og:image:type\" content=\"image\/jpeg\" \/>\n<meta name=\"twitter:card\" content=\"summary_large_image\" \/>\n<meta name=\"twitter:label1\" content=\"Precio\" \/>\n\t<meta name=\"twitter:data1\" content=\"99,00&euro;\" \/>\n\t<meta name=\"twitter:label2\" content=\"Disponibilidad\" \/>\n\t<meta name=\"twitter:data2\" content=\"Disponible\" \/>\n<script type=\"application\/ld+json\" class=\"yoast-schema-graph\">{\"@context\":\"https:\\\/\\\/schema.org\",\"@graph\":[{\"@type\":\"WebPage\",\"@id\":\"https:\\\/\\\/www.versiegelung24.com\\\/es\\\/caravana-pulido-especial-y-sellado-en-calidad-profesional.html\",\"url\":\"https:\\\/\\\/www.versiegelung24.com\\\/es\\\/caravana-pulido-especial-y-sellado-en-calidad-profesional.html\",\"name\":\"Autocaravana \\\/ Caravana \\\/ Camper especial pulido y sellado de calidad profesional - versiegelung24.com\",\"isPartOf\":{\"@id\":\"https:\\\/\\\/www.versiegelung24.com\\\/es\\\/#website\"},\"primaryImageOfPage\":{\"@id\":\"https:\\\/\\\/www.versiegelung24.com\\\/es\\\/caravana-pulido-especial-y-sellado-en-calidad-profesional.html#primaryimage\"},\"image\":{\"@id\":\"https:\\\/\\\/www.versiegelung24.com\\\/es\\\/caravana-pulido-especial-y-sellado-en-calidad-profesional.html#primaryimage\"},\"thumbnailUrl\":\"https:\\\/\\\/www.versiegelung24.com\\\/wp-content\\\/uploads\\\/2020\\\/06\\\/produkt-2001-7660-1000-Caravan-Spezialpolitur-versiegelung-scaled.jpg\",\"datePublished\":\"2021-08-02T18:55:52+00:00\",\"dateModified\":\"2025-01-03T22:24:19+00:00\",\"breadcrumb\":{\"@id\":\"https:\\\/\\\/www.versiegelung24.com\\\/es\\\/caravana-pulido-especial-y-sellado-en-calidad-profesional.html#breadcrumb\"},\"inLanguage\":\"es\",\"potentialAction\":[{\"@type\":\"ReadAction\",\"target\":[\"https:\\\/\\\/www.versiegelung24.com\\\/es\\\/caravana-pulido-especial-y-sellado-en-calidad-profesional.html\"]}]},{\"@type\":\"ImageObject\",\"inLanguage\":\"es\",\"@id\":\"https:\\\/\\\/www.versiegelung24.com\\\/es\\\/caravana-pulido-especial-y-sellado-en-calidad-profesional.html#primaryimage\",\"url\":\"https:\\\/\\\/www.versiegelung24.com\\\/wp-content\\\/uploads\\\/2020\\\/06\\\/produkt-2001-7660-1000-Caravan-Spezialpolitur-versiegelung-scaled.jpg\",\"contentUrl\":\"https:\\\/\\\/www.versiegelung24.com\\\/wp-content\\\/uploads\\\/2020\\\/06\\\/produkt-2001-7660-1000-Caravan-Spezialpolitur-versiegelung-scaled.jpg\",\"width\":2560,\"height\":2560},{\"@type\":\"BreadcrumbList\",\"@id\":\"https:\\\/\\\/www.versiegelung24.com\\\/es\\\/caravana-pulido-especial-y-sellado-en-calidad-profesional.html#breadcrumb\",\"itemListElement\":[{\"@type\":\"ListItem\",\"position\":1,\"name\":\"P\u00e1gina web\",\"item\":\"https:\\\/\\\/www.versiegelung24.com\\\/es\\\/frontal\\\/\"},{\"@type\":\"ListItem\",\"position\":2,\"name\":\"Tienda\",\"item\":\"https:\\\/\\\/www.versiegelung24.com\\\/es\\\/tienda\\\/\"},{\"@type\":\"ListItem\",\"position\":3,\"name\":\"Autocaravana \\\/ Caravana \\\/ Camper especial pulido y sellado de calidad profesional\"}]},{\"@type\":\"WebSite\",\"@id\":\"https:\\\/\\\/www.versiegelung24.com\\\/es\\\/#website\",\"url\":\"https:\\\/\\\/www.versiegelung24.com\\\/es\\\/\",\"name\":\"versiegelung24.com\",\"description\":\"Fl\u00fcssigglas-Versiegelung - Made in Germany\",\"publisher\":{\"@id\":\"https:\\\/\\\/www.versiegelung24.com\\\/es\\\/#organization\"},\"potentialAction\":[{\"@type\":\"SearchAction\",\"target\":{\"@type\":\"EntryPoint\",\"urlTemplate\":\"https:\\\/\\\/www.versiegelung24.com\\\/es\\\/?s={search_term_string}\"},\"query-input\":{\"@type\":\"PropertyValueSpecification\",\"valueRequired\":true,\"valueName\":\"search_term_string\"}}],\"inLanguage\":\"es\"},{\"@type\":\"Organization\",\"@id\":\"https:\\\/\\\/www.versiegelung24.com\\\/es\\\/#organization\",\"name\":\"versiegelung24\",\"url\":\"https:\\\/\\\/www.versiegelung24.com\\\/es\\\/\",\"logo\":{\"@type\":\"ImageObject\",\"inLanguage\":\"es\",\"@id\":\"https:\\\/\\\/www.versiegelung24.com\\\/es\\\/#\\\/schema\\\/logo\\\/image\\\/\",\"url\":\"https:\\\/\\\/www.versiegelung24.com\\\/wp-content\\\/uploads\\\/2020\\\/04\\\/versiegelung24.png\",\"contentUrl\":\"https:\\\/\\\/www.versiegelung24.com\\\/wp-content\\\/uploads\\\/2020\\\/04\\\/versiegelung24.png\",\"width\":470,\"height\":102,\"caption\":\"versiegelung24\"},\"image\":{\"@id\":\"https:\\\/\\\/www.versiegelung24.com\\\/es\\\/#\\\/schema\\\/logo\\\/image\\\/\"}}]}<\/script>\n<meta property=\"product:price:amount\" content=\"99.00\" \/>\n<meta property=\"product:price:currency\" content=\"EUR\" \/>\n<meta property=\"og:availability\" content=\"instock\" \/>\n<meta property=\"product:availability\" content=\"instock\" \/>\n<meta property=\"product:retailer_item_id\" content=\"2001-7660-1000\" \/>\n<meta property=\"product:condition\" content=\"new\" \/>\n<!-- \/ Yoast SEO Premium plugin. -->","yoast_head_json":{"title":"Autocaravana \/ Caravana \/ Camper especial pulido y sellado de calidad profesional - versiegelung24.com","robots":{"index":"index","follow":"follow","max-snippet":"max-snippet:-1","max-image-preview":"max-image-preview:large","max-video-preview":"max-video-preview:-1"},"canonical":"https:\/\/www.versiegelung24.com\/es\/caravana-pulido-especial-y-sellado-en-calidad-profesional.html","og_locale":"es_ES","og_type":"article","og_title":"Autocaravana \/ Caravana \/ Camper especial pulido y sellado de calidad profesional","og_description":"Sello profesional altamente efectivo para: \u2713 Caravanas \u2713 Con efecto loto (repelencia al agua) \u2713 Vida \u00fatil de hasta 3 meses","og_url":"https:\/\/www.versiegelung24.com\/es\/caravana-pulido-especial-y-sellado-en-calidad-profesional.html","og_site_name":"versiegelung24.com","article_modified_time":"2025-01-03T22:24:19+00:00","og_image":[{"width":2560,"height":2560,"url":"https:\/\/www.versiegelung24.com\/wp-content\/uploads\/2020\/06\/produkt-2001-7660-1000-Caravan-Spezialpolitur-versiegelung-scaled.jpg","type":"image\/jpeg"}],"twitter_card":"summary_large_image","twitter_misc":{"Precio":"99,00&euro;","Disponibilidad":"Disponible"},"schema":{"@context":"https:\/\/schema.org","@graph":[{"@type":"WebPage","@id":"https:\/\/www.versiegelung24.com\/es\/caravana-pulido-especial-y-sellado-en-calidad-profesional.html","url":"https:\/\/www.versiegelung24.com\/es\/caravana-pulido-especial-y-sellado-en-calidad-profesional.html","name":"Autocaravana \/ Caravana \/ Camper especial pulido y sellado de calidad profesional - versiegelung24.com","isPartOf":{"@id":"https:\/\/www.versiegelung24.com\/es\/#website"},"primaryImageOfPage":{"@id":"https:\/\/www.versiegelung24.com\/es\/caravana-pulido-especial-y-sellado-en-calidad-profesional.html#primaryimage"},"image":{"@id":"https:\/\/www.versiegelung24.com\/es\/caravana-pulido-especial-y-sellado-en-calidad-profesional.html#primaryimage"},"thumbnailUrl":"https:\/\/www.versiegelung24.com\/wp-content\/uploads\/2020\/06\/produkt-2001-7660-1000-Caravan-Spezialpolitur-versiegelung-scaled.jpg","datePublished":"2021-08-02T18:55:52+00:00","dateModified":"2025-01-03T22:24:19+00:00","breadcrumb":{"@id":"https:\/\/www.versiegelung24.com\/es\/caravana-pulido-especial-y-sellado-en-calidad-profesional.html#breadcrumb"},"inLanguage":"es","potentialAction":[{"@type":"ReadAction","target":["https:\/\/www.versiegelung24.com\/es\/caravana-pulido-especial-y-sellado-en-calidad-profesional.html"]}]},{"@type":"ImageObject","inLanguage":"es","@id":"https:\/\/www.versiegelung24.com\/es\/caravana-pulido-especial-y-sellado-en-calidad-profesional.html#primaryimage","url":"https:\/\/www.versiegelung24.com\/wp-content\/uploads\/2020\/06\/produkt-2001-7660-1000-Caravan-Spezialpolitur-versiegelung-scaled.jpg","contentUrl":"https:\/\/www.versiegelung24.com\/wp-content\/uploads\/2020\/06\/produkt-2001-7660-1000-Caravan-Spezialpolitur-versiegelung-scaled.jpg","width":2560,"height":2560},{"@type":"BreadcrumbList","@id":"https:\/\/www.versiegelung24.com\/es\/caravana-pulido-especial-y-sellado-en-calidad-profesional.html#breadcrumb","itemListElement":[{"@type":"ListItem","position":1,"name":"P\u00e1gina web","item":"https:\/\/www.versiegelung24.com\/es\/frontal\/"},{"@type":"ListItem","position":2,"name":"Tienda","item":"https:\/\/www.versiegelung24.com\/es\/tienda\/"},{"@type":"ListItem","position":3,"name":"Autocaravana \/ Caravana \/ Camper especial pulido y sellado de calidad profesional"}]},{"@type":"WebSite","@id":"https:\/\/www.versiegelung24.com\/es\/#website","url":"https:\/\/www.versiegelung24.com\/es\/","name":"versiegelung24.com","description":"Fl\u00fcssigglas-Versiegelung - Made in Germany","publisher":{"@id":"https:\/\/www.versiegelung24.com\/es\/#organization"},"potentialAction":[{"@type":"SearchAction","target":{"@type":"EntryPoint","urlTemplate":"https:\/\/www.versiegelung24.com\/es\/?s={search_term_string}"},"query-input":{"@type":"PropertyValueSpecification","valueRequired":true,"valueName":"search_term_string"}}],"inLanguage":"es"},{"@type":"Organization","@id":"https:\/\/www.versiegelung24.com\/es\/#organization","name":"versiegelung24","url":"https:\/\/www.versiegelung24.com\/es\/","logo":{"@type":"ImageObject","inLanguage":"es","@id":"https:\/\/www.versiegelung24.com\/es\/#\/schema\/logo\/image\/","url":"https:\/\/www.versiegelung24.com\/wp-content\/uploads\/2020\/04\/versiegelung24.png","contentUrl":"https:\/\/www.versiegelung24.com\/wp-content\/uploads\/2020\/04\/versiegelung24.png","width":470,"height":102,"caption":"versiegelung24"},"image":{"@id":"https:\/\/www.versiegelung24.com\/es\/#\/schema\/logo\/image\/"}}]},"product_price_amount":"99.00","product_price_currency":"EUR","og_availability":"instock","product_availability":"instock","product_retailer_item_id":"2001-7660-1000","product_condition":"new"},"_links":{"self":[{"href":"https:\/\/www.versiegelung24.com\/es\/wp-json\/wp\/v2\/product\/22744","targetHints":{"allow":["GET"]}}],"collection":[{"href":"https:\/\/www.versiegelung24.com\/es\/wp-json\/wp\/v2\/product"}],"about":[{"href":"https:\/\/www.versiegelung24.com\/es\/wp-json\/wp\/v2\/types\/product"}],"version-history":[{"count":11,"href":"https:\/\/www.versiegelung24.com\/es\/wp-json\/wp\/v2\/product\/22744\/revisions"}],"predecessor-version":[{"id":177327,"href":"https:\/\/www.versiegelung24.com\/es\/wp-json\/wp\/v2\/product\/22744\/revisions\/177327"}],"wp:featuredmedia":[{"embeddable":true,"href":"https:\/\/www.versiegelung24.com\/es\/wp-json\/wp\/v2\/media\/17798"}],"wp:attachment":[{"href":"https:\/\/www.versiegelung24.com\/es\/wp-json\/wp\/v2\/media?parent=22744"}],"wp:term":[{"taxonomy":"product_brand","embeddable":true,"href":"https:\/\/www.versiegelung24.com\/es\/wp-json\/wp\/v2\/product_brand?post=22744"},{"taxonomy":"product_cat","embeddable":true,"href":"https:\/\/www.versiegelung24.com\/es\/wp-json\/wp\/v2\/product_cat?post=22744"},{"taxonomy":"product_tag","embeddable":true,"href":"https:\/\/www.versiegelung24.com\/es\/wp-json\/wp\/v2\/product_tag?post=22744"}],"curies":[{"name":"wp","href":"https:\/\/api.w.org\/{rel}","templated":true}]}}