{"id":22813,"date":"2020-04-04T18:53:16","date_gmt":"2021-08-02T19:02:23","guid":{"rendered":"https:\/\/www.versiegelung24.com\/produkt\/1-litro-de-concentrado-bacoban-para-100-litros-de-desinfeccion-de-superficies-a-largo-plazo"},"modified":"2025-01-13T16:35:52","modified_gmt":"2025-01-13T15:35:52","slug":"concentrado-de-desinfeccion-de-superficies-a-largo-plazo-bacoban","status":"publish","type":"product","link":"https:\/\/www.versiegelung24.com\/es\/concentrado-de-desinfeccion-de-superficies-a-largo-plazo-bacoban.html","title":{"rendered":"1 litro de concentrado BACOBAN\u00ae para 100 litros de desinfecci\u00f3n de superficies a largo plazo"},"content":{"rendered":"\n<h2 class=\"wp-block-heading\" id=\"1-liter-flasche-bacoban-langzeit-flachendesinfektion-konzentrat\">Botella de 1 litro de concentrado desinfectante de superficies de larga duraci\u00f3n BACOBAN\u00ae<\/h2>\n\n<p><strong>Suficiente para 100 litros de desinfectante (diluido 1: 100 con agua)<\/strong><\/p>\n\n<p><strong>Use desinfectantes con cuidado. Lea siempre la etiqueta y la informaci\u00f3n del producto antes de usarlo.<\/strong><\/p>\n\n<hr \/>\n\n<h4 class=\"wp-block-heading\" id=\"properties\">Caracter\u00edsticas del producto<\/h4>\n\n<ul class=\"wp-block-list\"><li><br \/>Efecto antimicrobiano duradero (efecto de remanencia) hasta 10 d\u00edas<\/li><li>VAH enumerado<\/li><li>eficaz contra el coronavirus<\/li><li>muy buena tolerancia cut\u00e1nea<\/li><li>alto efecto de limpieza<\/li><li>Aplicaci\u00f3n pr\u00e1ctica probada en la prueba de 4 campos<\/li><\/ul>\n\n<p><strong>Bacoban<\/strong><sup> \u00ae<\/sup><strong> WB<\/strong> es un concentrado a base de agua para la desinfecci\u00f3n y limpieza combinada de inventarios y suelos con un efecto antimicrobiano duradero (efecto remanente).<\/p>\n\n<hr \/>\n\n<h4 class=\"wp-block-heading\" id=\"application\">Aplicaci\u00f3n<\/h4>\n\n<h3 class=\"wp-block-heading\" id=\"gebrauch\">utilizar<\/h3>\n\n<p>Afuera<strong> Bacoban<\/strong><sup> \u00ae<\/sup><strong> WB<\/strong> Prepare una soluci\u00f3n lista para usar de acuerdo con la mesa de mezcla y humedezca las superficies lo suficiente. No enjuague ni frote para secar. Tiempo de reposo de la soluci\u00f3n de trabajo reci\u00e9n preparada: 8 horas.<\/p>\n\n<figure class=\"wp-block-table\"><table><tbody><tr><td>Mesa de mezclas<\/td><\/tr><tr><td>Volumen final<\/td><td>0,5 %<\/td><td>1 %<\/td><td>2 %<\/td><td>3 %<\/td><\/tr><tr><td>1 litro<\/td><td>5 ml<\/td><td>10 ml<\/td><td>20 ml<\/td><td>30 ml<\/td><\/tr><tr><td>2 litros<\/td><td>10 ml<\/td><td>20 ml<\/td><td>40 ml<\/td><td>60 ml<\/td><\/tr><tr><td>4 litros<\/td><td>20 ml<\/td><td>40 ml<\/td><td>80 ml<\/td><td>120 ml<\/td><\/tr><tr><td>8 litros<\/td><td>40 ml<\/td><td>80 ml<\/td><td>160 ml<\/td><td>240 ml<\/td><\/tr><tr><td>10 litros<\/td><td>50 ml<\/td><td>100 ml<\/td><td>200 ml<\/td><td>300 ml<\/td><\/tr><\/tbody><\/table><\/figure>\n\n<p><br \/>Efecto antimicrobiano duradero <strong>(efecto de remanencia)<\/strong> hasta <strong>10 d\u00edas<\/strong> (probado seg\u00fan ASTM E 2180). Dermatol\u00f3gicamente probado (*al 1%): muy buena compatibilidad con la piel.<\/p>\n\n<h3 class=\"wp-block-heading\" id=\"lagerung\">almacenamiento<\/h3>\n\n<p><strong>Bacoban<\/strong><sup> \u00ae<\/sup><strong> WB<\/strong> almacenar entre +5 y + 25 \u00b0 C. Proteger de las heladas y la luz solar directa.<\/p>\n\n<hr \/>\n\n<h4 class=\"wp-block-heading\" id=\"advisor\">Consejero<\/h4>\n\n<h3 class=\"wp-block-heading\" id=\"gutachten\">Evaluaci\u00f3n<\/h3>\n\n<p>Nuestros productos han sido probados exhaustivamente. Estaremos encantados de proporcionarle nuestros informes microbiol\u00f3gicos y dermatol\u00f3gicos si lo solicita.<\/p>\n\n<h3 class=\"wp-block-heading\" id=\"sicherheitshinweis\">Nota de seguridad<\/h3>\n\n<p>Ficha de datos de seguridad disponible bajo pedido.<\/p>\n\n<p><strong>Importante<\/strong> ! El efecto remanente antimicrobiano de<strong> Bacoban<\/strong><sup> \u00ae<\/sup><strong> WB<\/strong> no debe dar lugar a la omisi\u00f3n de las medidas de desinfecci\u00f3n necesarias en caso de contaminaci\u00f3n visible y \/ o cuestionable.<\/p>\n\n<p>La asociaci\u00f3n de seguros de responsabilidad civil de los empresarios estipula que deben utilizarse guantes para manipular desinfectantes. Nocivo por ingesti\u00f3n. Provoca quemaduras graves en la piel y lesiones oculares. Muy t\u00f3xico para los organismos acu\u00e1ticos. T\u00f3xico para los organismos acu\u00e1ticos, con efectos duraderos. No coma, beba ni fume durante su uso. EN CASO DE INGESTI\u00d3N: Enjuagar la boca. NO provocar el v\u00f3mito. EN CASO DE CONTACTO CON LA PIEL (o el cabello): Quitarse inmediatamente toda la ropa contaminada. Aclarar la piel con agua\/ducha. EN CASO DE CONTACTO CON LOS OJOS: Aclarar cuidadosamente con agua durante varios minutos. Si es posible, qu\u00edtese las lentes de contacto existentes. Contin\u00fae aclarando. Llame inmediatamente a un CENTRO DE INFORMACI\u00d3N TOXICOL\u00d3GICA o a un m\u00e9dico. Si se requiere consejo m\u00e9dico, tenga preparado el envase o la etiqueta. <br \/>Mantener fuera del alcance de los ni\u00f1os. Utilizar s\u00f3lo con agua y seg\u00fan la tabla de mezclas. No utilizar con otros limpiadores o desinfectantes.<\/p>\n\n<p>Puede utilizarse en todas las superficies. En el caso de superficies de sensibilidad dudosa, recomendamos realizar una prueba de resistencia en una zona poco visible. Conservar \u00fanicamente en un recipiente cerrado. Conservar en un lugar fresco y seco.<\/p>\n\n<p>El contenedor s\u00f3lo puede reciclarse cuando est\u00e1 completamente vac\u00edo. No utilizar despu\u00e9s de la fecha de caducidad. Eliminar de acuerdo con la normativa local y oficial.<\/p>\n\n<p>N\u00ba de registro biocida: N-28795 (D). 263\/17\/L (Lu)<\/p>\n\n<p>La soluci\u00f3n <strong>lista<\/strong> para usar seg\u00fan la tabla de mezclas no requiere un s\u00edmbolo de peligro.<\/p>\n\n<h3 class=\"wp-block-heading\" id=\"zusammensetzung\">composici\u00f3n<\/h3>\n\n<p>100 g de soluci\u00f3n contienen: cloruro de benzalconio 26 g, piritiona de sodio 2,5 g, policondensados, fragancias, agua purificada. Ingredientes seg\u00fan el Reglamento (CE) n\u00ba 648\/2004: 15% y superior, pero menos del 30% tensioactivos cati\u00f3nicos, desinfectantes, fragancias (linalol, limoneno, citral, geraniol, citronelol).<br \/>Sin formaldeh\u00eddo, sin fenol.<\/p>\n\n<figure class=\"wp-block-table\"><table><tbody><tr><td>eficacia<\/td><\/tr><tr><td>Prueba de acuerdo con las pautas DVV \/ RKI<\/td><td>diluci\u00f3n<\/td><td>Tiempo de exposici\u00f3n<\/td><\/tr><tr><td><br \/>Virucida limitada (virus con envoltura, incluidos <strong>coronavirus<\/strong>, VIH, VHB, VHC, gripe, herpes, virus \u00c9bola&#8230;.)<\/td><td>1,00 %<\/td><td>5 minutos<\/td><\/tr><tr><td>Adenovirus<\/td><td>2,00 %<\/td><td>240 min<\/td><\/tr><tr><td>Virus del papiloma humano (VPH)<\/td><td>1,00 %<\/td><td>60 min<\/td><\/tr><tr><td>Norovirus<\/td><td>1,00 %<\/td><td>30 minutos<\/td><\/tr><tr><td>Ensayos seg\u00fan la directriz DGHM (con mec\u00e1nica, carga elevada)<\/td><\/tr><tr><td>bactericida y levadura<\/td><td>1,00 %<\/td><td>5 minutos<\/td><\/tr><tr><td>Normas EN<\/td><\/tr><tr><td>EN 1040 (bactericida)<\/td><td>0,25 %<\/td><td>5 minutos<\/td><\/tr><tr><td>EN 1275 (levadura)<\/td><td>0,25 %<\/td><td>5 minutos<\/td><\/tr><tr><td>EN 1276 (bactericida)<\/td><td>0,75 %<\/td><td>5 minutos<\/td><\/tr><tr><td>\u00a0<\/td><td>0,50 %<\/td><td>15 minutos<\/td><\/tr><tr><td>EN 13727 (bactericida)<\/td><td>1,00 %<\/td><td>5 minutos<\/td><\/tr><tr><td>EN 13624 (levadura, fungicida)<\/td><td>1,00 %<\/td><td>5 minutos<\/td><\/tr><tr><td>EN 1650 (levadura)<\/td><td>0,50 %<\/td><td>5 minutos<\/td><\/tr><tr><td>\u00a0<\/td><td>0,25 %<\/td><td>15 minutos<\/td><\/tr><tr><td>EN 13697 (bactericida)<\/td><td>0,50 %<\/td><td>15 minutos<\/td><\/tr><tr><td>EN 14561 (bactericida)<\/td><td>0,50 %<\/td><td>15 minutos<\/td><\/tr><tr><td>\u00a0<\/td><td>0,50 %<\/td><td>60 min<\/td><\/tr><tr><td>EN 14562 (levadura)<\/td><td>0,50 %<\/td><td>60 min<\/td><\/tr><tr><td>EN 16615 (bactericida, levadura) (ensayo de 4 campos)<\/td><td>1,00 %<\/td><td>5 minutos<\/td><\/tr><\/tbody><\/table><\/figure>\n\n<p><strong>Use desinfectantes con cuidado. Lea siempre la etiqueta y la informaci\u00f3n del producto antes de usarlo.<\/strong><\/p>\n","protected":false},"excerpt":{"rendered":"<p style=\"color: #545454;font-family: Verdana, sans-serif;font-size: 11px;line-height: 15.666666984558105px\"><strong>Desinfecci\u00f3n y limpieza de superficies sin alcohol<\/strong><\/p>\n","protected":false},"featured_media":21965,"template":"","meta":{"_acf_changed":false,"neve_meta_sidebar":"","neve_meta_container":"","neve_meta_enable_content_width":"","neve_meta_content_width":0,"neve_meta_title_alignment":"","neve_meta_author_avatar":"","neve_post_elements_order":"","neve_meta_disable_header":"","neve_meta_disable_footer":"","neve_meta_disable_title":"","neve_meta_reading_time":"","_surfaces":[],"_ver_product_tabs":[],"footnotes":""},"product_brand":[],"product_cat":[2239,2240,2241],"product_tag":[],"class_list":{"0":"post-22813","1":"product","2":"type-product","3":"status-publish","4":"has-post-thumbnail","6":"product_cat-desinfectantes","7":"product_cat-desinfectantes-de-superficies","8":"product_cat-concentrados-desinfectantes","10":"first","11":"instock","12":"taxable","13":"shipping-taxable","14":"purchasable","15":"product-type-simple"},"acf":[],"yoast_head":"<!-- This site is optimized with the Yoast SEO Premium plugin v22.8 (Yoast SEO v27.5) - https:\/\/yoast.com\/product\/yoast-seo-premium-wordpress\/ -->\n<title>1 litro de concentrado BACOBAN\u00ae para 100 litros de desinfecci\u00f3n de superficies a largo plazo - versiegelung24.com<\/title>\n<meta name=\"robots\" content=\"index, follow, max-snippet:-1, max-image-preview:large, max-video-preview:-1\" \/>\n<link rel=\"canonical\" href=\"https:\/\/www.versiegelung24.com\/es\/concentrado-de-desinfeccion-de-superficies-a-largo-plazo-bacoban.html\" \/>\n<meta property=\"og:locale\" content=\"es_ES\" \/>\n<meta property=\"og:type\" content=\"article\" \/>\n<meta property=\"og:title\" content=\"1 litro de concentrado BACOBAN\u00ae para 100 litros de desinfecci\u00f3n de superficies a largo plazo\" \/>\n<meta property=\"og:description\" content=\"Desinfecci\u00f3n y limpieza de superficies sin alcohol\" \/>\n<meta property=\"og:url\" content=\"https:\/\/www.versiegelung24.com\/es\/concentrado-de-desinfeccion-de-superficies-a-largo-plazo-bacoban.html\" \/>\n<meta property=\"og:site_name\" content=\"versiegelung24.com\" \/>\n<meta property=\"article:modified_time\" content=\"2025-01-13T15:35:52+00:00\" \/>\n<meta property=\"og:image\" content=\"https:\/\/www.versiegelung24.com\/wp-content\/uploads\/2020\/04\/bacwb1-bacoban-langzeitdesinfektion-konzentrat-1-liter.png\" \/>\n\t<meta property=\"og:image:width\" content=\"1000\" \/>\n\t<meta property=\"og:image:height\" content=\"1000\" \/>\n\t<meta property=\"og:image:type\" content=\"image\/png\" \/>\n<meta name=\"twitter:card\" content=\"summary_large_image\" \/>\n<meta name=\"twitter:label1\" content=\"Precio\" \/>\n\t<meta name=\"twitter:data1\" content=\"89,90&euro;\" \/>\n\t<meta name=\"twitter:label2\" content=\"Disponibilidad\" \/>\n\t<meta name=\"twitter:data2\" content=\"Disponible\" \/>\n<script type=\"application\/ld+json\" class=\"yoast-schema-graph\">{\"@context\":\"https:\\\/\\\/schema.org\",\"@graph\":[{\"@type\":\"WebPage\",\"@id\":\"https:\\\/\\\/www.versiegelung24.com\\\/es\\\/concentrado-de-desinfeccion-de-superficies-a-largo-plazo-bacoban.html\",\"url\":\"https:\\\/\\\/www.versiegelung24.com\\\/es\\\/concentrado-de-desinfeccion-de-superficies-a-largo-plazo-bacoban.html\",\"name\":\"1 litro de concentrado BACOBAN\u00ae para 100 litros de desinfecci\u00f3n de superficies a largo plazo - versiegelung24.com\",\"isPartOf\":{\"@id\":\"https:\\\/\\\/www.versiegelung24.com\\\/es\\\/#website\"},\"primaryImageOfPage\":{\"@id\":\"https:\\\/\\\/www.versiegelung24.com\\\/es\\\/concentrado-de-desinfeccion-de-superficies-a-largo-plazo-bacoban.html#primaryimage\"},\"image\":{\"@id\":\"https:\\\/\\\/www.versiegelung24.com\\\/es\\\/concentrado-de-desinfeccion-de-superficies-a-largo-plazo-bacoban.html#primaryimage\"},\"thumbnailUrl\":\"https:\\\/\\\/www.versiegelung24.com\\\/wp-content\\\/uploads\\\/2020\\\/04\\\/bacwb1-bacoban-langzeitdesinfektion-konzentrat-1-liter.png\",\"datePublished\":\"2021-08-02T19:02:23+00:00\",\"dateModified\":\"2025-01-13T15:35:52+00:00\",\"breadcrumb\":{\"@id\":\"https:\\\/\\\/www.versiegelung24.com\\\/es\\\/concentrado-de-desinfeccion-de-superficies-a-largo-plazo-bacoban.html#breadcrumb\"},\"inLanguage\":\"es\",\"potentialAction\":[{\"@type\":\"ReadAction\",\"target\":[\"https:\\\/\\\/www.versiegelung24.com\\\/es\\\/concentrado-de-desinfeccion-de-superficies-a-largo-plazo-bacoban.html\"]}]},{\"@type\":\"ImageObject\",\"inLanguage\":\"es\",\"@id\":\"https:\\\/\\\/www.versiegelung24.com\\\/es\\\/concentrado-de-desinfeccion-de-superficies-a-largo-plazo-bacoban.html#primaryimage\",\"url\":\"https:\\\/\\\/www.versiegelung24.com\\\/wp-content\\\/uploads\\\/2020\\\/04\\\/bacwb1-bacoban-langzeitdesinfektion-konzentrat-1-liter.png\",\"contentUrl\":\"https:\\\/\\\/www.versiegelung24.com\\\/wp-content\\\/uploads\\\/2020\\\/04\\\/bacwb1-bacoban-langzeitdesinfektion-konzentrat-1-liter.png\",\"width\":1000,\"height\":1000},{\"@type\":\"BreadcrumbList\",\"@id\":\"https:\\\/\\\/www.versiegelung24.com\\\/es\\\/concentrado-de-desinfeccion-de-superficies-a-largo-plazo-bacoban.html#breadcrumb\",\"itemListElement\":[{\"@type\":\"ListItem\",\"position\":1,\"name\":\"P\u00e1gina web\",\"item\":\"https:\\\/\\\/www.versiegelung24.com\\\/es\\\/frontal\\\/\"},{\"@type\":\"ListItem\",\"position\":2,\"name\":\"Tienda\",\"item\":\"https:\\\/\\\/www.versiegelung24.com\\\/es\\\/tienda\\\/\"},{\"@type\":\"ListItem\",\"position\":3,\"name\":\"1 litro de concentrado BACOBAN\u00ae para 100 litros de desinfecci\u00f3n de superficies a largo plazo\"}]},{\"@type\":\"WebSite\",\"@id\":\"https:\\\/\\\/www.versiegelung24.com\\\/es\\\/#website\",\"url\":\"https:\\\/\\\/www.versiegelung24.com\\\/es\\\/\",\"name\":\"versiegelung24.com\",\"description\":\"Fl\u00fcssigglas-Versiegelung - Made in Germany\",\"publisher\":{\"@id\":\"https:\\\/\\\/www.versiegelung24.com\\\/es\\\/#organization\"},\"potentialAction\":[{\"@type\":\"SearchAction\",\"target\":{\"@type\":\"EntryPoint\",\"urlTemplate\":\"https:\\\/\\\/www.versiegelung24.com\\\/es\\\/?s={search_term_string}\"},\"query-input\":{\"@type\":\"PropertyValueSpecification\",\"valueRequired\":true,\"valueName\":\"search_term_string\"}}],\"inLanguage\":\"es\"},{\"@type\":\"Organization\",\"@id\":\"https:\\\/\\\/www.versiegelung24.com\\\/es\\\/#organization\",\"name\":\"versiegelung24\",\"url\":\"https:\\\/\\\/www.versiegelung24.com\\\/es\\\/\",\"logo\":{\"@type\":\"ImageObject\",\"inLanguage\":\"es\",\"@id\":\"https:\\\/\\\/www.versiegelung24.com\\\/es\\\/#\\\/schema\\\/logo\\\/image\\\/\",\"url\":\"https:\\\/\\\/www.versiegelung24.com\\\/wp-content\\\/uploads\\\/2020\\\/04\\\/versiegelung24.png\",\"contentUrl\":\"https:\\\/\\\/www.versiegelung24.com\\\/wp-content\\\/uploads\\\/2020\\\/04\\\/versiegelung24.png\",\"width\":470,\"height\":102,\"caption\":\"versiegelung24\"},\"image\":{\"@id\":\"https:\\\/\\\/www.versiegelung24.com\\\/es\\\/#\\\/schema\\\/logo\\\/image\\\/\"}}]}<\/script>\n<meta property=\"product:price:amount\" content=\"89.90\" \/>\n<meta property=\"product:price:currency\" content=\"EUR\" \/>\n<meta property=\"og:availability\" content=\"instock\" \/>\n<meta property=\"product:availability\" content=\"instock\" \/>\n<meta property=\"product:retailer_item_id\" content=\"BACWB1D\" \/>\n<meta property=\"product:condition\" content=\"new\" \/>\n<!-- \/ Yoast SEO Premium plugin. -->","yoast_head_json":{"title":"1 litro de concentrado BACOBAN\u00ae para 100 litros de desinfecci\u00f3n de superficies a largo plazo - versiegelung24.com","robots":{"index":"index","follow":"follow","max-snippet":"max-snippet:-1","max-image-preview":"max-image-preview:large","max-video-preview":"max-video-preview:-1"},"canonical":"https:\/\/www.versiegelung24.com\/es\/concentrado-de-desinfeccion-de-superficies-a-largo-plazo-bacoban.html","og_locale":"es_ES","og_type":"article","og_title":"1 litro de concentrado BACOBAN\u00ae para 100 litros de desinfecci\u00f3n de superficies a largo plazo","og_description":"Desinfecci\u00f3n y limpieza de superficies sin alcohol","og_url":"https:\/\/www.versiegelung24.com\/es\/concentrado-de-desinfeccion-de-superficies-a-largo-plazo-bacoban.html","og_site_name":"versiegelung24.com","article_modified_time":"2025-01-13T15:35:52+00:00","og_image":[{"width":1000,"height":1000,"url":"https:\/\/www.versiegelung24.com\/wp-content\/uploads\/2020\/04\/bacwb1-bacoban-langzeitdesinfektion-konzentrat-1-liter.png","type":"image\/png"}],"twitter_card":"summary_large_image","twitter_misc":{"Precio":"89,90&euro;","Disponibilidad":"Disponible"},"schema":{"@context":"https:\/\/schema.org","@graph":[{"@type":"WebPage","@id":"https:\/\/www.versiegelung24.com\/es\/concentrado-de-desinfeccion-de-superficies-a-largo-plazo-bacoban.html","url":"https:\/\/www.versiegelung24.com\/es\/concentrado-de-desinfeccion-de-superficies-a-largo-plazo-bacoban.html","name":"1 litro de concentrado BACOBAN\u00ae para 100 litros de desinfecci\u00f3n de superficies a largo plazo - versiegelung24.com","isPartOf":{"@id":"https:\/\/www.versiegelung24.com\/es\/#website"},"primaryImageOfPage":{"@id":"https:\/\/www.versiegelung24.com\/es\/concentrado-de-desinfeccion-de-superficies-a-largo-plazo-bacoban.html#primaryimage"},"image":{"@id":"https:\/\/www.versiegelung24.com\/es\/concentrado-de-desinfeccion-de-superficies-a-largo-plazo-bacoban.html#primaryimage"},"thumbnailUrl":"https:\/\/www.versiegelung24.com\/wp-content\/uploads\/2020\/04\/bacwb1-bacoban-langzeitdesinfektion-konzentrat-1-liter.png","datePublished":"2021-08-02T19:02:23+00:00","dateModified":"2025-01-13T15:35:52+00:00","breadcrumb":{"@id":"https:\/\/www.versiegelung24.com\/es\/concentrado-de-desinfeccion-de-superficies-a-largo-plazo-bacoban.html#breadcrumb"},"inLanguage":"es","potentialAction":[{"@type":"ReadAction","target":["https:\/\/www.versiegelung24.com\/es\/concentrado-de-desinfeccion-de-superficies-a-largo-plazo-bacoban.html"]}]},{"@type":"ImageObject","inLanguage":"es","@id":"https:\/\/www.versiegelung24.com\/es\/concentrado-de-desinfeccion-de-superficies-a-largo-plazo-bacoban.html#primaryimage","url":"https:\/\/www.versiegelung24.com\/wp-content\/uploads\/2020\/04\/bacwb1-bacoban-langzeitdesinfektion-konzentrat-1-liter.png","contentUrl":"https:\/\/www.versiegelung24.com\/wp-content\/uploads\/2020\/04\/bacwb1-bacoban-langzeitdesinfektion-konzentrat-1-liter.png","width":1000,"height":1000},{"@type":"BreadcrumbList","@id":"https:\/\/www.versiegelung24.com\/es\/concentrado-de-desinfeccion-de-superficies-a-largo-plazo-bacoban.html#breadcrumb","itemListElement":[{"@type":"ListItem","position":1,"name":"P\u00e1gina web","item":"https:\/\/www.versiegelung24.com\/es\/frontal\/"},{"@type":"ListItem","position":2,"name":"Tienda","item":"https:\/\/www.versiegelung24.com\/es\/tienda\/"},{"@type":"ListItem","position":3,"name":"1 litro de concentrado BACOBAN\u00ae para 100 litros de desinfecci\u00f3n de superficies a largo plazo"}]},{"@type":"WebSite","@id":"https:\/\/www.versiegelung24.com\/es\/#website","url":"https:\/\/www.versiegelung24.com\/es\/","name":"versiegelung24.com","description":"Fl\u00fcssigglas-Versiegelung - Made in Germany","publisher":{"@id":"https:\/\/www.versiegelung24.com\/es\/#organization"},"potentialAction":[{"@type":"SearchAction","target":{"@type":"EntryPoint","urlTemplate":"https:\/\/www.versiegelung24.com\/es\/?s={search_term_string}"},"query-input":{"@type":"PropertyValueSpecification","valueRequired":true,"valueName":"search_term_string"}}],"inLanguage":"es"},{"@type":"Organization","@id":"https:\/\/www.versiegelung24.com\/es\/#organization","name":"versiegelung24","url":"https:\/\/www.versiegelung24.com\/es\/","logo":{"@type":"ImageObject","inLanguage":"es","@id":"https:\/\/www.versiegelung24.com\/es\/#\/schema\/logo\/image\/","url":"https:\/\/www.versiegelung24.com\/wp-content\/uploads\/2020\/04\/versiegelung24.png","contentUrl":"https:\/\/www.versiegelung24.com\/wp-content\/uploads\/2020\/04\/versiegelung24.png","width":470,"height":102,"caption":"versiegelung24"},"image":{"@id":"https:\/\/www.versiegelung24.com\/es\/#\/schema\/logo\/image\/"}}]},"product_price_amount":"89.90","product_price_currency":"EUR","og_availability":"instock","product_availability":"instock","product_retailer_item_id":"BACWB1D","product_condition":"new"},"_links":{"self":[{"href":"https:\/\/www.versiegelung24.com\/es\/wp-json\/wp\/v2\/product\/22813","targetHints":{"allow":["GET"]}}],"collection":[{"href":"https:\/\/www.versiegelung24.com\/es\/wp-json\/wp\/v2\/product"}],"about":[{"href":"https:\/\/www.versiegelung24.com\/es\/wp-json\/wp\/v2\/types\/product"}],"version-history":[{"count":17,"href":"https:\/\/www.versiegelung24.com\/es\/wp-json\/wp\/v2\/product\/22813\/revisions"}],"predecessor-version":[{"id":180475,"href":"https:\/\/www.versiegelung24.com\/es\/wp-json\/wp\/v2\/product\/22813\/revisions\/180475"}],"wp:featuredmedia":[{"embeddable":true,"href":"https:\/\/www.versiegelung24.com\/es\/wp-json\/wp\/v2\/media\/21965"}],"wp:attachment":[{"href":"https:\/\/www.versiegelung24.com\/es\/wp-json\/wp\/v2\/media?parent=22813"}],"wp:term":[{"taxonomy":"product_brand","embeddable":true,"href":"https:\/\/www.versiegelung24.com\/es\/wp-json\/wp\/v2\/product_brand?post=22813"},{"taxonomy":"product_cat","embeddable":true,"href":"https:\/\/www.versiegelung24.com\/es\/wp-json\/wp\/v2\/product_cat?post=22813"},{"taxonomy":"product_tag","embeddable":true,"href":"https:\/\/www.versiegelung24.com\/es\/wp-json\/wp\/v2\/product_tag?post=22813"}],"curies":[{"name":"wp","href":"https:\/\/api.w.org\/{rel}","templated":true}]}}