{"id":22865,"date":"2020-04-04T18:53:13","date_gmt":"2020-04-04T16:53:13","guid":{"rendered":"https:\/\/www.versiegelung24.com\/produkt\/sellado-de-cristales-de-coche-de-calidad-profesional"},"modified":"2025-01-03T23:39:51","modified_gmt":"2025-01-03T22:39:51","slug":"sellado-de-vidrio-para-automovil-en-calidad-profesional","status":"publish","type":"product","link":"https:\/\/www.versiegelung24.com\/es\/sellado-de-vidrio-para-automovil-en-calidad-profesional.html","title":{"rendered":"Sellado de cristales de coche de calidad profesional"},"content":{"rendered":"\n<p><strong>Sellado altamente efectivo para vidrios de autom\u00f3viles y caravanas, calidad profesional, NUEVO, pasando el invierno casi sin rayones, visibilidad significativamente mejorada con mal tiempo<\/strong><\/p>\n\n<p>Alta calidad Fabricado en Alemania.<\/p>\n\n<hr\/>\n\n<h4 class=\"wp-block-heading\" id=\"properties\">Caracter\u00edsticas del producto<\/h4>\n\n<div class=\"wp-block-columns is-layout-flex wp-container-core-columns-is-layout-9d6595d7 wp-block-columns-is-layout-flex\">\n<div class=\"wp-block-column is-layout-flow wp-block-column-is-layout-flow\">\n<ul class=\"wp-block-list\">\n<li>L\u00edquido transparente, incoloro, invisible e imperceptible<\/li>\n\n\n\n<li>Extraordinario efecto f\u00e1cil de limpiar para la adherencia de la suciedad<\/li>\n\n\n\n<li>Repele el agua, el aceite y la suciedad, la lluvia y la nieve se desprenden del cristal, la suciedad, los excrementos de p\u00e1jaros, los insectos y el hielo ya no pueden adherirse firmemente<\/li>\n\n\n\n<li>Hace que raspar el hielo sea mucho m\u00e1s f\u00e1cil en invierno<\/li>\n\n\n\n<li>Desde aproximadamente 70 km \/ h, la lluvia cae durante la conducci\u00f3n, incluso sin limpiaparabrisas, y garantiza una visi\u00f3n clara.<\/li>\n\n\n\n<li>Durable aproximadamente 25.000 km o hasta un a\u00f1o<\/li>\n\n\n\n<li>Reduce el crecimiento de microorganismos y bacterias, mejora la higiene.<\/li>\n\n\n\n<li>Resistente a las heladas, calor extremo, radiaci\u00f3n ultravioleta, agua salada y aire salado, minerales de agua dura y \u00e1lcalis, resistente a la sal de la carretera<\/li>\n\n\n\n<li>Fisiol\u00f3gicamente inofensivo<\/li>\n<\/ul>\n<\/div>\n\n\n\n<div class=\"wp-block-column is-layout-flow wp-block-column-is-layout-flow\">\n<ul class=\"wp-block-list\" id=\"block-4d08488f-e4e2-46e9-af9b-8ca16197df33\">\n<li>Las superficies permanecen limpias por mucho m\u00e1s tiempo, lo que prolonga los ciclos de limpieza y reduce significativamente los costos, el tiempo y la energ\u00eda de limpieza y mantenimiento.<\/li>\n\n\n\n<li>Ya no se requieren agentes de limpieza qu\u00edmicos (selladores pero tambi\u00e9n resistentes a productos qu\u00edmicos a los agentes de limpieza, hasta un valor de pH 12)<\/li>\n\n\n\n<li>Estable a los rayos UV \/ resistente a las heladas \/ resistente al agua salada \/ invisible (espesor de la capa: 100-150 nm)<\/li>\n\n\n\n<li>Se puede volver a aplicar f\u00e1cilmente cuando el efecto se desvanece<\/li>\n<\/ul>\n\n\n\n<p><br\/><br\/>Volumen de suministro: 1 botella de 1 litro 1 bomba pulverizadora<br\/><\/p>\n<\/div>\n<\/div>\n\n<hr\/>\n\n<h4 class=\"wp-block-heading\" id=\"application\">Aplicaci\u00f3n<\/h4>\n\n<ul class=\"wp-block-list\">\n<li>Todas las ventanas y espejos de autom\u00f3viles, caravanas, motocicletas, etc.<\/li>\n<\/ul>\n\n<p>El consumo depende de la estructura de la superficie aproximadamente 100-200m\u00b2\/litro.<\/p>\n\n<p>Vida \u00fatil: aproximadamente 12 meses<\/p>\n","protected":false},"excerpt":{"rendered":"<p><strong>Sellado altamente efectivo para vidrios de autom\u00f3viles y caravanas:<\/strong><\/p>\n<p>\u2713 Calidad profesional <\/p>\n<p>\u2713 Pasar el invierno casi sin rasgu\u00f1os<\/p>\n<p>\u2713 Visibilidad significativamente mejorada con mal tiempo<\/p>\n<p>\u2713 A partir de aproximadamente 70 km\/h, la lluvia cae mientras se conduce incluso sin limpiaparabrisas y garantiza una visi\u00f3n clara<\/p>\n","protected":false},"featured_media":17631,"template":"","meta":{"_acf_changed":false,"neve_meta_sidebar":"","neve_meta_container":"","neve_meta_enable_content_width":"","neve_meta_content_width":0,"neve_meta_title_alignment":"","neve_meta_author_avatar":"","neve_post_elements_order":"","neve_meta_disable_header":"","neve_meta_disable_footer":"","neve_meta_disable_title":"","neve_meta_reading_time":"","_surfaces":[],"_ver_product_tabs":[],"footnotes":""},"product_brand":[],"product_cat":[2182],"product_tag":[],"class_list":{"0":"post-22865","1":"product","2":"type-product","3":"status-publish","4":"has-post-thumbnail","6":"product_cat-sellado-de-coches","7":"pa_gebinde-botella-de-1000ml","8":"pa_gebinde-bote-de-20l","10":"first","11":"instock","12":"taxable","13":"shipping-taxable","14":"purchasable","15":"product-type-variable","16":"has-default-attributes"},"acf":[],"yoast_head":"<!-- This site is optimized with the Yoast SEO Premium plugin v22.8 (Yoast SEO v27.5) - https:\/\/yoast.com\/product\/yoast-seo-premium-wordpress\/ -->\n<title>Sellado de cristales de coche de calidad profesional - versiegelung24.com<\/title>\n<meta name=\"robots\" content=\"index, follow, max-snippet:-1, max-image-preview:large, max-video-preview:-1\" \/>\n<link rel=\"canonical\" href=\"https:\/\/www.versiegelung24.com\/es\/sellado-de-vidrio-para-automovil-en-calidad-profesional.html\" \/>\n<meta property=\"og:locale\" content=\"es_ES\" \/>\n<meta property=\"og:type\" content=\"article\" \/>\n<meta property=\"og:title\" content=\"Sellado de cristales de coche de calidad profesional\" \/>\n<meta property=\"og:description\" content=\"Sellado altamente efectivo para vidrios de autom\u00f3viles y caravanas: \u2713 Calidad profesional \u2713 Pasar el invierno casi sin rasgu\u00f1os \u2713 Visibilidad significativamente mejorada con mal tiempo \u2713 A partir de aproximadamente 70 km\/h, la lluvia cae mientras se conduce incluso sin limpiaparabrisas y garantiza una visi\u00f3n clara\" \/>\n<meta property=\"og:url\" content=\"https:\/\/www.versiegelung24.com\/es\/sellado-de-vidrio-para-automovil-en-calidad-profesional.html\" \/>\n<meta property=\"og:site_name\" content=\"versiegelung24.com\" \/>\n<meta property=\"article:modified_time\" content=\"2025-01-03T22:39:51+00:00\" \/>\n<meta property=\"og:image\" content=\"https:\/\/www.versiegelung24.com\/wp-content\/uploads\/2020\/06\/produkt-1002-7601-1000-Autoglasversiegelung-scaled.jpg\" \/>\n\t<meta property=\"og:image:width\" content=\"2560\" \/>\n\t<meta property=\"og:image:height\" content=\"2560\" \/>\n\t<meta property=\"og:image:type\" content=\"image\/jpeg\" \/>\n<meta name=\"twitter:card\" content=\"summary_large_image\" \/>\n<meta name=\"twitter:label1\" content=\"Disponibilidad\" \/>\n\t<meta name=\"twitter:data1\" content=\"Disponible\" \/>\n<script type=\"application\/ld+json\" class=\"yoast-schema-graph\">{\"@context\":\"https:\\\/\\\/schema.org\",\"@graph\":[{\"@type\":\"WebPage\",\"@id\":\"https:\\\/\\\/www.versiegelung24.com\\\/es\\\/sellado-de-vidrio-para-automovil-en-calidad-profesional.html\",\"url\":\"https:\\\/\\\/www.versiegelung24.com\\\/es\\\/sellado-de-vidrio-para-automovil-en-calidad-profesional.html\",\"name\":\"Sellado de cristales de coche de calidad profesional - versiegelung24.com\",\"isPartOf\":{\"@id\":\"https:\\\/\\\/www.versiegelung24.com\\\/es\\\/#website\"},\"primaryImageOfPage\":{\"@id\":\"https:\\\/\\\/www.versiegelung24.com\\\/es\\\/sellado-de-vidrio-para-automovil-en-calidad-profesional.html#primaryimage\"},\"image\":{\"@id\":\"https:\\\/\\\/www.versiegelung24.com\\\/es\\\/sellado-de-vidrio-para-automovil-en-calidad-profesional.html#primaryimage\"},\"thumbnailUrl\":\"https:\\\/\\\/www.versiegelung24.com\\\/wp-content\\\/uploads\\\/2020\\\/06\\\/produkt-1002-7601-1000-Autoglasversiegelung-scaled.jpg\",\"datePublished\":\"2020-04-04T16:53:13+00:00\",\"dateModified\":\"2025-01-03T22:39:51+00:00\",\"breadcrumb\":{\"@id\":\"https:\\\/\\\/www.versiegelung24.com\\\/es\\\/sellado-de-vidrio-para-automovil-en-calidad-profesional.html#breadcrumb\"},\"inLanguage\":\"es\",\"potentialAction\":[{\"@type\":\"ReadAction\",\"target\":[\"https:\\\/\\\/www.versiegelung24.com\\\/es\\\/sellado-de-vidrio-para-automovil-en-calidad-profesional.html\"]}]},{\"@type\":\"ImageObject\",\"inLanguage\":\"es\",\"@id\":\"https:\\\/\\\/www.versiegelung24.com\\\/es\\\/sellado-de-vidrio-para-automovil-en-calidad-profesional.html#primaryimage\",\"url\":\"https:\\\/\\\/www.versiegelung24.com\\\/wp-content\\\/uploads\\\/2020\\\/06\\\/produkt-1002-7601-1000-Autoglasversiegelung-scaled.jpg\",\"contentUrl\":\"https:\\\/\\\/www.versiegelung24.com\\\/wp-content\\\/uploads\\\/2020\\\/06\\\/produkt-1002-7601-1000-Autoglasversiegelung-scaled.jpg\",\"width\":2560,\"height\":2560},{\"@type\":\"BreadcrumbList\",\"@id\":\"https:\\\/\\\/www.versiegelung24.com\\\/es\\\/sellado-de-vidrio-para-automovil-en-calidad-profesional.html#breadcrumb\",\"itemListElement\":[{\"@type\":\"ListItem\",\"position\":1,\"name\":\"P\u00e1gina web\",\"item\":\"https:\\\/\\\/www.versiegelung24.com\\\/es\\\/frontal\\\/\"},{\"@type\":\"ListItem\",\"position\":2,\"name\":\"Tienda\",\"item\":\"https:\\\/\\\/www.versiegelung24.com\\\/es\\\/tienda\\\/\"},{\"@type\":\"ListItem\",\"position\":3,\"name\":\"Sellado de cristales de coche de calidad profesional\"}]},{\"@type\":\"WebSite\",\"@id\":\"https:\\\/\\\/www.versiegelung24.com\\\/es\\\/#website\",\"url\":\"https:\\\/\\\/www.versiegelung24.com\\\/es\\\/\",\"name\":\"versiegelung24.com\",\"description\":\"Fl\u00fcssigglas-Versiegelung - Made in Germany\",\"publisher\":{\"@id\":\"https:\\\/\\\/www.versiegelung24.com\\\/es\\\/#organization\"},\"potentialAction\":[{\"@type\":\"SearchAction\",\"target\":{\"@type\":\"EntryPoint\",\"urlTemplate\":\"https:\\\/\\\/www.versiegelung24.com\\\/es\\\/?s={search_term_string}\"},\"query-input\":{\"@type\":\"PropertyValueSpecification\",\"valueRequired\":true,\"valueName\":\"search_term_string\"}}],\"inLanguage\":\"es\"},{\"@type\":\"Organization\",\"@id\":\"https:\\\/\\\/www.versiegelung24.com\\\/es\\\/#organization\",\"name\":\"versiegelung24\",\"url\":\"https:\\\/\\\/www.versiegelung24.com\\\/es\\\/\",\"logo\":{\"@type\":\"ImageObject\",\"inLanguage\":\"es\",\"@id\":\"https:\\\/\\\/www.versiegelung24.com\\\/es\\\/#\\\/schema\\\/logo\\\/image\\\/\",\"url\":\"https:\\\/\\\/www.versiegelung24.com\\\/wp-content\\\/uploads\\\/2020\\\/04\\\/versiegelung24.png\",\"contentUrl\":\"https:\\\/\\\/www.versiegelung24.com\\\/wp-content\\\/uploads\\\/2020\\\/04\\\/versiegelung24.png\",\"width\":470,\"height\":102,\"caption\":\"versiegelung24\"},\"image\":{\"@id\":\"https:\\\/\\\/www.versiegelung24.com\\\/es\\\/#\\\/schema\\\/logo\\\/image\\\/\"}}]}<\/script>\n<meta property=\"og:availability\" content=\"instock\" \/>\n<meta property=\"product:availability\" content=\"instock\" \/>\n<meta property=\"product:retailer_item_id\" content=\"1002-7601\" \/>\n<meta property=\"product:condition\" content=\"new\" \/>\n<!-- \/ Yoast SEO Premium plugin. -->","yoast_head_json":{"title":"Sellado de cristales de coche de calidad profesional - versiegelung24.com","robots":{"index":"index","follow":"follow","max-snippet":"max-snippet:-1","max-image-preview":"max-image-preview:large","max-video-preview":"max-video-preview:-1"},"canonical":"https:\/\/www.versiegelung24.com\/es\/sellado-de-vidrio-para-automovil-en-calidad-profesional.html","og_locale":"es_ES","og_type":"article","og_title":"Sellado de cristales de coche de calidad profesional","og_description":"Sellado altamente efectivo para vidrios de autom\u00f3viles y caravanas: \u2713 Calidad profesional \u2713 Pasar el invierno casi sin rasgu\u00f1os \u2713 Visibilidad significativamente mejorada con mal tiempo \u2713 A partir de aproximadamente 70 km\/h, la lluvia cae mientras se conduce incluso sin limpiaparabrisas y garantiza una visi\u00f3n clara","og_url":"https:\/\/www.versiegelung24.com\/es\/sellado-de-vidrio-para-automovil-en-calidad-profesional.html","og_site_name":"versiegelung24.com","article_modified_time":"2025-01-03T22:39:51+00:00","og_image":[{"width":2560,"height":2560,"url":"https:\/\/www.versiegelung24.com\/wp-content\/uploads\/2020\/06\/produkt-1002-7601-1000-Autoglasversiegelung-scaled.jpg","type":"image\/jpeg"}],"twitter_card":"summary_large_image","twitter_misc":{"Disponibilidad":"Disponible"},"schema":{"@context":"https:\/\/schema.org","@graph":[{"@type":"WebPage","@id":"https:\/\/www.versiegelung24.com\/es\/sellado-de-vidrio-para-automovil-en-calidad-profesional.html","url":"https:\/\/www.versiegelung24.com\/es\/sellado-de-vidrio-para-automovil-en-calidad-profesional.html","name":"Sellado de cristales de coche de calidad profesional - versiegelung24.com","isPartOf":{"@id":"https:\/\/www.versiegelung24.com\/es\/#website"},"primaryImageOfPage":{"@id":"https:\/\/www.versiegelung24.com\/es\/sellado-de-vidrio-para-automovil-en-calidad-profesional.html#primaryimage"},"image":{"@id":"https:\/\/www.versiegelung24.com\/es\/sellado-de-vidrio-para-automovil-en-calidad-profesional.html#primaryimage"},"thumbnailUrl":"https:\/\/www.versiegelung24.com\/wp-content\/uploads\/2020\/06\/produkt-1002-7601-1000-Autoglasversiegelung-scaled.jpg","datePublished":"2020-04-04T16:53:13+00:00","dateModified":"2025-01-03T22:39:51+00:00","breadcrumb":{"@id":"https:\/\/www.versiegelung24.com\/es\/sellado-de-vidrio-para-automovil-en-calidad-profesional.html#breadcrumb"},"inLanguage":"es","potentialAction":[{"@type":"ReadAction","target":["https:\/\/www.versiegelung24.com\/es\/sellado-de-vidrio-para-automovil-en-calidad-profesional.html"]}]},{"@type":"ImageObject","inLanguage":"es","@id":"https:\/\/www.versiegelung24.com\/es\/sellado-de-vidrio-para-automovil-en-calidad-profesional.html#primaryimage","url":"https:\/\/www.versiegelung24.com\/wp-content\/uploads\/2020\/06\/produkt-1002-7601-1000-Autoglasversiegelung-scaled.jpg","contentUrl":"https:\/\/www.versiegelung24.com\/wp-content\/uploads\/2020\/06\/produkt-1002-7601-1000-Autoglasversiegelung-scaled.jpg","width":2560,"height":2560},{"@type":"BreadcrumbList","@id":"https:\/\/www.versiegelung24.com\/es\/sellado-de-vidrio-para-automovil-en-calidad-profesional.html#breadcrumb","itemListElement":[{"@type":"ListItem","position":1,"name":"P\u00e1gina web","item":"https:\/\/www.versiegelung24.com\/es\/frontal\/"},{"@type":"ListItem","position":2,"name":"Tienda","item":"https:\/\/www.versiegelung24.com\/es\/tienda\/"},{"@type":"ListItem","position":3,"name":"Sellado de cristales de coche de calidad profesional"}]},{"@type":"WebSite","@id":"https:\/\/www.versiegelung24.com\/es\/#website","url":"https:\/\/www.versiegelung24.com\/es\/","name":"versiegelung24.com","description":"Fl\u00fcssigglas-Versiegelung - Made in Germany","publisher":{"@id":"https:\/\/www.versiegelung24.com\/es\/#organization"},"potentialAction":[{"@type":"SearchAction","target":{"@type":"EntryPoint","urlTemplate":"https:\/\/www.versiegelung24.com\/es\/?s={search_term_string}"},"query-input":{"@type":"PropertyValueSpecification","valueRequired":true,"valueName":"search_term_string"}}],"inLanguage":"es"},{"@type":"Organization","@id":"https:\/\/www.versiegelung24.com\/es\/#organization","name":"versiegelung24","url":"https:\/\/www.versiegelung24.com\/es\/","logo":{"@type":"ImageObject","inLanguage":"es","@id":"https:\/\/www.versiegelung24.com\/es\/#\/schema\/logo\/image\/","url":"https:\/\/www.versiegelung24.com\/wp-content\/uploads\/2020\/04\/versiegelung24.png","contentUrl":"https:\/\/www.versiegelung24.com\/wp-content\/uploads\/2020\/04\/versiegelung24.png","width":470,"height":102,"caption":"versiegelung24"},"image":{"@id":"https:\/\/www.versiegelung24.com\/es\/#\/schema\/logo\/image\/"}}]},"og_availability":"instock","product_availability":"instock","product_retailer_item_id":"1002-7601","product_condition":"new"},"_links":{"self":[{"href":"https:\/\/www.versiegelung24.com\/es\/wp-json\/wp\/v2\/product\/22865","targetHints":{"allow":["GET"]}}],"collection":[{"href":"https:\/\/www.versiegelung24.com\/es\/wp-json\/wp\/v2\/product"}],"about":[{"href":"https:\/\/www.versiegelung24.com\/es\/wp-json\/wp\/v2\/types\/product"}],"version-history":[{"count":14,"href":"https:\/\/www.versiegelung24.com\/es\/wp-json\/wp\/v2\/product\/22865\/revisions"}],"predecessor-version":[{"id":177539,"href":"https:\/\/www.versiegelung24.com\/es\/wp-json\/wp\/v2\/product\/22865\/revisions\/177539"}],"wp:featuredmedia":[{"embeddable":true,"href":"https:\/\/www.versiegelung24.com\/es\/wp-json\/wp\/v2\/media\/17631"}],"wp:attachment":[{"href":"https:\/\/www.versiegelung24.com\/es\/wp-json\/wp\/v2\/media?parent=22865"}],"wp:term":[{"taxonomy":"product_brand","embeddable":true,"href":"https:\/\/www.versiegelung24.com\/es\/wp-json\/wp\/v2\/product_brand?post=22865"},{"taxonomy":"product_cat","embeddable":true,"href":"https:\/\/www.versiegelung24.com\/es\/wp-json\/wp\/v2\/product_cat?post=22865"},{"taxonomy":"product_tag","embeddable":true,"href":"https:\/\/www.versiegelung24.com\/es\/wp-json\/wp\/v2\/product_tag?post=22865"}],"curies":[{"name":"wp","href":"https:\/\/api.w.org\/{rel}","templated":true}]}}