{"id":22891,"date":"2020-04-04T18:53:11","date_gmt":"2021-08-02T19:06:50","guid":{"rendered":"https:\/\/www.versiegelung24.com\/produkt\/sellado-textil-de-calidad-profesional"},"modified":"2025-01-03T23:26:02","modified_gmt":"2025-01-03T22:26:02","slug":"sellado-textil-en-calidad-profesional","status":"publish","type":"product","link":"https:\/\/www.versiegelung24.com\/es\/sellado-textil-en-calidad-profesional.html","title":{"rendered":"Rapid Tex &#8211; sellado textil en calidad profesional"},"content":{"rendered":"\n<p><strong>Sello textil profesional con efecto loto (repelencia al agua) para uso interior y exterior<\/strong><\/p>\n\n<p>Alta calidad Fabricado en Alemania.<\/p>\n\n<hr\/>\n\n<h4 class=\"wp-block-heading\" id=\"properties\">Caracter\u00edsticas del producto<\/h4>\n\n<div class=\"wp-block-columns is-layout-flex wp-container-core-columns-is-layout-9d6595d7 wp-block-columns-is-layout-flex\">\n<div class=\"wp-block-column is-layout-flow wp-block-column-is-layout-flow\">\n<ul class=\"wp-block-list\">\n<li>Fuerte efecto hidrof\u00f3bico y oleof\u00f3bico (repelencia al agua y al aceite)<\/li>\n\n\n\n<li>Excelente efecto de f\u00e1cil limpieza<\/li>\n\n\n\n<li>Las impurezas se pueden eliminar f\u00e1cilmente con un pa\u00f1o h\u00famedo.<\/li>\n\n\n\n<li>Respirable<\/li>\n\n\n\n<li>Invisible (sin cambios de apariencia)<\/li>\n\n\n\n<li>Fuertes propiedades antiadherentes.<\/li>\n\n\n\n<li>Protecci\u00f3n contra las manchas<\/li>\n\n\n\n<li>Reduce el uso de limpiadores qu\u00edmicos.<\/li>\n<\/ul>\n<\/div>\n\n\n\n<div class=\"wp-block-column is-layout-flow wp-block-column-is-layout-flow\">\n<ul id=\"block-f0be9b0c-a029-4c3c-a6e1-740fba50b471\" class=\"wp-block-list\">\n<li>Aumenta la resistencia al desgaste<\/li>\n\n\n\n<li>Sin deterioro de la apariencia<\/li>\n\n\n\n<li>Nano tecnolog\u00eda SiO\u00b2<\/li>\n\n\n\n<li>Protecci\u00f3n de las fibras contra la penetraci\u00f3n de part\u00edculas de suciedad<\/li>\n\n\n\n<li>Aplicaci\u00f3n sencilla<\/li>\n\n\n\n<li>Larga vida \u00fatil en funci\u00f3n de la tensi\u00f3n mec\u00e1nica.<\/li>\n<\/ul>\n\n\n\n<p><br\/><br\/>Volumen de suministro: 1 botella de 1 litro 1 bomba pulverizadora<br\/><\/p>\n<\/div>\n<\/div>\n\n<hr\/>\n\n<h4 class=\"wp-block-heading\" id=\"application\">Aplicaci\u00f3n<\/h4>\n\n<div class=\"wp-block-columns is-layout-flex wp-container-core-columns-is-layout-9d6595d7 wp-block-columns-is-layout-flex\">\n<div class=\"wp-block-column is-layout-flow wp-block-column-is-layout-flow\">\n<ul class=\"wp-block-list\">\n<li>ropa<\/li>\n\n\n\n<li>Textiles para el hogar (tapizados, muebles, alfombras)<\/li>\n\n\n\n<li>Ante \/ cuero<\/li>\n\n\n\n<li>Cart\u00f3n de papel<\/li>\n<\/ul>\n\n\n\n<p>El consumo depende mucho de la estructura, absorbencia y espesor del material a recubrir, aproximadamente 10-50 m\u00b2 \/ litro (aproximadamente 10ml \/ m\u00b2 por mm de espesor dependiendo de la absorbencia).<\/p>\n<\/div>\n\n\n\n<div class=\"wp-block-column is-layout-flow wp-block-column-is-layout-flow\">\n<p><em>Atenci\u00f3n: El sello fue desarrollado para textiles que nunca o raramente se lavan. La durabilidad del sello en la ropa que se lava regularmente es de hasta 5 lavados, como m\u00e1ximo. 30 \u00b0 C y lavar solo con agua, sin detergente.<\/em><\/p>\n\n\n\n<p><br\/><br\/>F\u00e1cil de aplicar: 1. Pulveriza sobre una superficie limpia. 3. Deja secar y absorber durante 12 horas &#8211; acabado<\/p>\n\n\n\n<p>Durabilidad: hasta 1-5 a\u00f1os (dependiendo del tejido)<\/p>\n<\/div>\n<\/div>\n\n<p><strong>Adecuado para:<\/strong><br\/>Muebles tapizados, colchones, fundas de tela, asientos de coche, tiendas de campa\u00f1a, ropa de ocio y de trabajo, trajes, camisas\/blusas, corbatas, toldos, textiles para el hogar, chaquetas, ante (s\u00f3lo si no se ha recubierto previamente), ropa de aventura, maletines, anoraks, trajes, capotas de coche, algod\u00f3n, cortinas, guantes de tela, persianas textiles, sillas de ni\u00f1os, cochecitos, cojines, disfraces de tela, listones de tela, napa, abrigos, sombreros, peluches, mochilas, chaquetas, seda, sombrillas, juguetes de tela, manteles, y mucho m\u00e1s.<\/p>\n","protected":false},"excerpt":{"rendered":"<p><strong>Sellado textil profesional:<\/strong><\/p>\n<p>\u2713 Con efecto loto (repelencia al agua)<\/p>\n<p>\u2713 Para uso en interiores y exteriores<\/p>\n","protected":false},"featured_media":125363,"template":"","meta":{"_acf_changed":false,"neve_meta_sidebar":"","neve_meta_container":"","neve_meta_enable_content_width":"","neve_meta_content_width":0,"neve_meta_title_alignment":"","neve_meta_author_avatar":"","neve_post_elements_order":"","neve_meta_disable_header":"","neve_meta_disable_footer":"","neve_meta_disable_title":"","neve_meta_reading_time":"","_surfaces":[],"_ver_product_tabs":[],"footnotes":""},"product_brand":[],"product_cat":[2366],"product_tag":[],"class_list":{"0":"post-22891","1":"product","2":"type-product","3":"status-publish","4":"has-post-thumbnail","6":"product_cat-sellado-de-cuero-y-textiles","8":"first","9":"instock","10":"taxable","11":"shipping-taxable","12":"purchasable","13":"product-type-simple"},"acf":[],"yoast_head":"<!-- This site is optimized with the Yoast SEO Premium plugin v22.8 (Yoast SEO v27.5) - https:\/\/yoast.com\/product\/yoast-seo-premium-wordpress\/ -->\n<title>Rapid Tex - sellado textil en calidad profesional - versiegelung24.com<\/title>\n<meta name=\"robots\" content=\"index, follow, max-snippet:-1, max-image-preview:large, max-video-preview:-1\" \/>\n<link rel=\"canonical\" href=\"https:\/\/www.versiegelung24.com\/es\/sellado-textil-en-calidad-profesional.html\" \/>\n<meta property=\"og:locale\" content=\"es_ES\" \/>\n<meta property=\"og:type\" content=\"article\" \/>\n<meta property=\"og:title\" content=\"Rapid Tex - sellado textil en calidad profesional\" \/>\n<meta property=\"og:description\" content=\"Sellado textil profesional: \u2713 Con efecto loto (repelencia al agua) \u2713 Para uso en interiores y exteriores\" \/>\n<meta property=\"og:url\" content=\"https:\/\/www.versiegelung24.com\/es\/sellado-textil-en-calidad-profesional.html\" \/>\n<meta property=\"og:site_name\" content=\"versiegelung24.com\" \/>\n<meta property=\"article:modified_time\" content=\"2025-01-03T22:26:02+00:00\" \/>\n<meta property=\"og:image\" content=\"https:\/\/www.versiegelung24.com\/wp-content\/uploads\/2020\/04\/produkt-6000-689-1000-rapid-tex-Textilversiegelung-scaled.webp\" \/>\n\t<meta property=\"og:image:width\" content=\"2560\" \/>\n\t<meta property=\"og:image:height\" content=\"2560\" \/>\n\t<meta property=\"og:image:type\" content=\"image\/webp\" \/>\n<meta name=\"twitter:card\" content=\"summary_large_image\" \/>\n<meta name=\"twitter:label1\" content=\"Precio\" \/>\n\t<meta name=\"twitter:data1\" content=\"49,00&euro;\" \/>\n\t<meta name=\"twitter:label2\" content=\"Disponibilidad\" \/>\n\t<meta name=\"twitter:data2\" content=\"Disponible\" \/>\n<script type=\"application\/ld+json\" class=\"yoast-schema-graph\">{\"@context\":\"https:\\\/\\\/schema.org\",\"@graph\":[{\"@type\":\"WebPage\",\"@id\":\"https:\\\/\\\/www.versiegelung24.com\\\/es\\\/sellado-textil-en-calidad-profesional.html\",\"url\":\"https:\\\/\\\/www.versiegelung24.com\\\/es\\\/sellado-textil-en-calidad-profesional.html\",\"name\":\"Rapid Tex - sellado textil en calidad profesional - versiegelung24.com\",\"isPartOf\":{\"@id\":\"https:\\\/\\\/www.versiegelung24.com\\\/es\\\/#website\"},\"primaryImageOfPage\":{\"@id\":\"https:\\\/\\\/www.versiegelung24.com\\\/es\\\/sellado-textil-en-calidad-profesional.html#primaryimage\"},\"image\":{\"@id\":\"https:\\\/\\\/www.versiegelung24.com\\\/es\\\/sellado-textil-en-calidad-profesional.html#primaryimage\"},\"thumbnailUrl\":\"https:\\\/\\\/www.versiegelung24.com\\\/wp-content\\\/uploads\\\/2020\\\/04\\\/produkt-6000-689-1000-rapid-tex-Textilversiegelung-scaled.webp\",\"datePublished\":\"2021-08-02T19:06:50+00:00\",\"dateModified\":\"2025-01-03T22:26:02+00:00\",\"breadcrumb\":{\"@id\":\"https:\\\/\\\/www.versiegelung24.com\\\/es\\\/sellado-textil-en-calidad-profesional.html#breadcrumb\"},\"inLanguage\":\"es\",\"potentialAction\":[{\"@type\":\"ReadAction\",\"target\":[\"https:\\\/\\\/www.versiegelung24.com\\\/es\\\/sellado-textil-en-calidad-profesional.html\"]}]},{\"@type\":\"ImageObject\",\"inLanguage\":\"es\",\"@id\":\"https:\\\/\\\/www.versiegelung24.com\\\/es\\\/sellado-textil-en-calidad-profesional.html#primaryimage\",\"url\":\"https:\\\/\\\/www.versiegelung24.com\\\/wp-content\\\/uploads\\\/2020\\\/04\\\/produkt-6000-689-1000-rapid-tex-Textilversiegelung-scaled.webp\",\"contentUrl\":\"https:\\\/\\\/www.versiegelung24.com\\\/wp-content\\\/uploads\\\/2020\\\/04\\\/produkt-6000-689-1000-rapid-tex-Textilversiegelung-scaled.webp\",\"width\":2560,\"height\":2560},{\"@type\":\"BreadcrumbList\",\"@id\":\"https:\\\/\\\/www.versiegelung24.com\\\/es\\\/sellado-textil-en-calidad-profesional.html#breadcrumb\",\"itemListElement\":[{\"@type\":\"ListItem\",\"position\":1,\"name\":\"P\u00e1gina web\",\"item\":\"https:\\\/\\\/www.versiegelung24.com\\\/es\\\/frontal\\\/\"},{\"@type\":\"ListItem\",\"position\":2,\"name\":\"Tienda\",\"item\":\"https:\\\/\\\/www.versiegelung24.com\\\/es\\\/tienda\\\/\"},{\"@type\":\"ListItem\",\"position\":3,\"name\":\"Rapid Tex &#8211; sellado textil en calidad profesional\"}]},{\"@type\":\"WebSite\",\"@id\":\"https:\\\/\\\/www.versiegelung24.com\\\/es\\\/#website\",\"url\":\"https:\\\/\\\/www.versiegelung24.com\\\/es\\\/\",\"name\":\"versiegelung24.com\",\"description\":\"Fl\u00fcssigglas-Versiegelung - Made in Germany\",\"publisher\":{\"@id\":\"https:\\\/\\\/www.versiegelung24.com\\\/es\\\/#organization\"},\"potentialAction\":[{\"@type\":\"SearchAction\",\"target\":{\"@type\":\"EntryPoint\",\"urlTemplate\":\"https:\\\/\\\/www.versiegelung24.com\\\/es\\\/?s={search_term_string}\"},\"query-input\":{\"@type\":\"PropertyValueSpecification\",\"valueRequired\":true,\"valueName\":\"search_term_string\"}}],\"inLanguage\":\"es\"},{\"@type\":\"Organization\",\"@id\":\"https:\\\/\\\/www.versiegelung24.com\\\/es\\\/#organization\",\"name\":\"versiegelung24\",\"url\":\"https:\\\/\\\/www.versiegelung24.com\\\/es\\\/\",\"logo\":{\"@type\":\"ImageObject\",\"inLanguage\":\"es\",\"@id\":\"https:\\\/\\\/www.versiegelung24.com\\\/es\\\/#\\\/schema\\\/logo\\\/image\\\/\",\"url\":\"https:\\\/\\\/www.versiegelung24.com\\\/wp-content\\\/uploads\\\/2020\\\/04\\\/versiegelung24.png\",\"contentUrl\":\"https:\\\/\\\/www.versiegelung24.com\\\/wp-content\\\/uploads\\\/2020\\\/04\\\/versiegelung24.png\",\"width\":470,\"height\":102,\"caption\":\"versiegelung24\"},\"image\":{\"@id\":\"https:\\\/\\\/www.versiegelung24.com\\\/es\\\/#\\\/schema\\\/logo\\\/image\\\/\"}}]}<\/script>\n<meta property=\"product:price:amount\" content=\"49.00\" \/>\n<meta property=\"product:price:currency\" content=\"EUR\" \/>\n<meta property=\"og:availability\" content=\"instock\" \/>\n<meta property=\"product:availability\" content=\"instock\" \/>\n<meta property=\"product:retailer_item_id\" content=\"6000-689-1000\" \/>\n<meta property=\"product:condition\" content=\"new\" \/>\n<!-- \/ Yoast SEO Premium plugin. -->","yoast_head_json":{"title":"Rapid Tex - sellado textil en calidad profesional - versiegelung24.com","robots":{"index":"index","follow":"follow","max-snippet":"max-snippet:-1","max-image-preview":"max-image-preview:large","max-video-preview":"max-video-preview:-1"},"canonical":"https:\/\/www.versiegelung24.com\/es\/sellado-textil-en-calidad-profesional.html","og_locale":"es_ES","og_type":"article","og_title":"Rapid Tex - sellado textil en calidad profesional","og_description":"Sellado textil profesional: \u2713 Con efecto loto (repelencia al agua) \u2713 Para uso en interiores y exteriores","og_url":"https:\/\/www.versiegelung24.com\/es\/sellado-textil-en-calidad-profesional.html","og_site_name":"versiegelung24.com","article_modified_time":"2025-01-03T22:26:02+00:00","og_image":[{"width":2560,"height":2560,"url":"https:\/\/www.versiegelung24.com\/wp-content\/uploads\/2020\/04\/produkt-6000-689-1000-rapid-tex-Textilversiegelung-scaled.webp","type":"image\/webp"}],"twitter_card":"summary_large_image","twitter_misc":{"Precio":"49,00&euro;","Disponibilidad":"Disponible"},"schema":{"@context":"https:\/\/schema.org","@graph":[{"@type":"WebPage","@id":"https:\/\/www.versiegelung24.com\/es\/sellado-textil-en-calidad-profesional.html","url":"https:\/\/www.versiegelung24.com\/es\/sellado-textil-en-calidad-profesional.html","name":"Rapid Tex - sellado textil en calidad profesional - versiegelung24.com","isPartOf":{"@id":"https:\/\/www.versiegelung24.com\/es\/#website"},"primaryImageOfPage":{"@id":"https:\/\/www.versiegelung24.com\/es\/sellado-textil-en-calidad-profesional.html#primaryimage"},"image":{"@id":"https:\/\/www.versiegelung24.com\/es\/sellado-textil-en-calidad-profesional.html#primaryimage"},"thumbnailUrl":"https:\/\/www.versiegelung24.com\/wp-content\/uploads\/2020\/04\/produkt-6000-689-1000-rapid-tex-Textilversiegelung-scaled.webp","datePublished":"2021-08-02T19:06:50+00:00","dateModified":"2025-01-03T22:26:02+00:00","breadcrumb":{"@id":"https:\/\/www.versiegelung24.com\/es\/sellado-textil-en-calidad-profesional.html#breadcrumb"},"inLanguage":"es","potentialAction":[{"@type":"ReadAction","target":["https:\/\/www.versiegelung24.com\/es\/sellado-textil-en-calidad-profesional.html"]}]},{"@type":"ImageObject","inLanguage":"es","@id":"https:\/\/www.versiegelung24.com\/es\/sellado-textil-en-calidad-profesional.html#primaryimage","url":"https:\/\/www.versiegelung24.com\/wp-content\/uploads\/2020\/04\/produkt-6000-689-1000-rapid-tex-Textilversiegelung-scaled.webp","contentUrl":"https:\/\/www.versiegelung24.com\/wp-content\/uploads\/2020\/04\/produkt-6000-689-1000-rapid-tex-Textilversiegelung-scaled.webp","width":2560,"height":2560},{"@type":"BreadcrumbList","@id":"https:\/\/www.versiegelung24.com\/es\/sellado-textil-en-calidad-profesional.html#breadcrumb","itemListElement":[{"@type":"ListItem","position":1,"name":"P\u00e1gina web","item":"https:\/\/www.versiegelung24.com\/es\/frontal\/"},{"@type":"ListItem","position":2,"name":"Tienda","item":"https:\/\/www.versiegelung24.com\/es\/tienda\/"},{"@type":"ListItem","position":3,"name":"Rapid Tex &#8211; sellado textil en calidad profesional"}]},{"@type":"WebSite","@id":"https:\/\/www.versiegelung24.com\/es\/#website","url":"https:\/\/www.versiegelung24.com\/es\/","name":"versiegelung24.com","description":"Fl\u00fcssigglas-Versiegelung - Made in Germany","publisher":{"@id":"https:\/\/www.versiegelung24.com\/es\/#organization"},"potentialAction":[{"@type":"SearchAction","target":{"@type":"EntryPoint","urlTemplate":"https:\/\/www.versiegelung24.com\/es\/?s={search_term_string}"},"query-input":{"@type":"PropertyValueSpecification","valueRequired":true,"valueName":"search_term_string"}}],"inLanguage":"es"},{"@type":"Organization","@id":"https:\/\/www.versiegelung24.com\/es\/#organization","name":"versiegelung24","url":"https:\/\/www.versiegelung24.com\/es\/","logo":{"@type":"ImageObject","inLanguage":"es","@id":"https:\/\/www.versiegelung24.com\/es\/#\/schema\/logo\/image\/","url":"https:\/\/www.versiegelung24.com\/wp-content\/uploads\/2020\/04\/versiegelung24.png","contentUrl":"https:\/\/www.versiegelung24.com\/wp-content\/uploads\/2020\/04\/versiegelung24.png","width":470,"height":102,"caption":"versiegelung24"},"image":{"@id":"https:\/\/www.versiegelung24.com\/es\/#\/schema\/logo\/image\/"}}]},"product_price_amount":"49.00","product_price_currency":"EUR","og_availability":"instock","product_availability":"instock","product_retailer_item_id":"6000-689-1000","product_condition":"new"},"_links":{"self":[{"href":"https:\/\/www.versiegelung24.com\/es\/wp-json\/wp\/v2\/product\/22891","targetHints":{"allow":["GET"]}}],"collection":[{"href":"https:\/\/www.versiegelung24.com\/es\/wp-json\/wp\/v2\/product"}],"about":[{"href":"https:\/\/www.versiegelung24.com\/es\/wp-json\/wp\/v2\/types\/product"}],"version-history":[{"count":12,"href":"https:\/\/www.versiegelung24.com\/es\/wp-json\/wp\/v2\/product\/22891\/revisions"}],"predecessor-version":[{"id":174329,"href":"https:\/\/www.versiegelung24.com\/es\/wp-json\/wp\/v2\/product\/22891\/revisions\/174329"}],"wp:featuredmedia":[{"embeddable":true,"href":"https:\/\/www.versiegelung24.com\/es\/wp-json\/wp\/v2\/media\/125363"}],"wp:attachment":[{"href":"https:\/\/www.versiegelung24.com\/es\/wp-json\/wp\/v2\/media?parent=22891"}],"wp:term":[{"taxonomy":"product_brand","embeddable":true,"href":"https:\/\/www.versiegelung24.com\/es\/wp-json\/wp\/v2\/product_brand?post=22891"},{"taxonomy":"product_cat","embeddable":true,"href":"https:\/\/www.versiegelung24.com\/es\/wp-json\/wp\/v2\/product_cat?post=22891"},{"taxonomy":"product_tag","embeddable":true,"href":"https:\/\/www.versiegelung24.com\/es\/wp-json\/wp\/v2\/product_tag?post=22891"}],"curies":[{"name":"wp","href":"https:\/\/api.w.org\/{rel}","templated":true}]}}