{"id":22902,"date":"2020-04-04T18:53:13","date_gmt":"2021-08-02T19:07:08","guid":{"rendered":"https:\/\/www.versiegelung24.com\/produkt\/sellado-de-vidrio-de-calidad-profesional"},"modified":"2025-01-03T23:35:23","modified_gmt":"2025-01-03T22:35:23","slug":"sellado-de-vidrio-de-calidad-profesional","status":"publish","type":"product","link":"https:\/\/www.versiegelung24.com\/es\/sellado-de-vidrio-de-calidad-profesional.html","title":{"rendered":"Sellado de vidrio de calidad profesional: cuidado sencillo"},"content":{"rendered":"\n<p><strong>Sellado de vidrio de alta eficacia para cristales, fachadas de vidrio, puertas de entrada, etc., con efecto de loto (repelente al agua), para interior y exterior, NUEVO<\/strong><\/p>\n\n<p>Alta calidad Fabricado en Alemania.<\/p>\n\n<div class=\"wp-block-columns is-layout-flex wp-container-core-columns-is-layout-9d6595d7 wp-block-columns-is-layout-flex\">\n<div class=\"wp-block-column is-layout-flow wp-block-column-is-layout-flow\">\n<figure class=\"wp-block-embed is-type-video is-provider-youtube wp-block-embed-youtube wp-embed-aspect-16-9 wp-has-aspect-ratio\"><div class=\"wp-block-embed__wrapper\"> \n<div class=\"nv-iframe-embed\"><iframe title=\"(Nano-)Versiegelungen f\u00fcrs Badezimmer, die wirklich halten! Versiegelung24.com\" width=\"1200\" height=\"675\" src=\"https:\/\/www.youtube.com\/embed\/l6YldCwuye0?feature=oembed\" frameborder=\"0\" allow=\"accelerometer; autoplay; clipboard-write; encrypted-media; gyroscope; picture-in-picture; web-share\" referrerpolicy=\"strict-origin-when-cross-origin\" allowfullscreen><\/iframe><\/div>\n <\/div><\/figure>\n<\/div>\n\n\n\n<div class=\"wp-block-column is-layout-flow wp-block-column-is-layout-flow\">\n<figure class=\"wp-block-embed is-type-video is-provider-youtube wp-block-embed-youtube wp-embed-aspect-16-9 wp-has-aspect-ratio\"><div class=\"wp-block-embed__wrapper\"> \n<div class=\"nv-iframe-embed\"><iframe title=\"Kalk in der Dusche entfernen und mit einer Glasversiegelung vorbeugen!\" width=\"1200\" height=\"675\" src=\"https:\/\/www.youtube.com\/embed\/vnJHIGeb_7I?feature=oembed\" frameborder=\"0\" allow=\"accelerometer; autoplay; clipboard-write; encrypted-media; gyroscope; picture-in-picture; web-share\" referrerpolicy=\"strict-origin-when-cross-origin\" allowfullscreen><\/iframe><\/div>\n <\/div><\/figure>\n<\/div>\n<\/div>\n\n<h3 class=\"wp-block-heading\" id=\"eine-versiegelung-ihrer-fenster-spart-frust-und-zeit-wer-putzt-schon-gerne-fenster\">Sellar sus ventanas ahorra tiempo y frustraci\u00f3n. \u00bfA qui\u00e9n le gusta limpiar las ventanas?<\/h3>\n\n<p>Despu\u00e9s de un invierno lluvioso y l\u00fagubre, los primeros rayos de sol intensos en primavera suelen ser reveladores. Miras por la ventana y de repente te das cuenta de que necesitas limpiarla con urgencia porque est\u00e1 llena de manchas de agua, suciedad y rayas. Pero, \u00bfa qui\u00e9n le gusta realmente limpiar sus ventanas? <br\/>El trabajo lleva mucho tiempo y a menudo es muy frustrante, porque un cristal sin rayas parece realmente una proeza. Lo que no has probado por ello. Frotar con papel de peri\u00f3dico, usar un limpiador a vapor, limpiadores de ventanas costosos; despu\u00e9s, el cristal a menudo no es tan claro como le gustar\u00eda que fuera.<\/p>\n<div class=\"wp-block-image\">\n<figure class=\"aligncenter size-large is-resized\"><img fetchpriority=\"high\" decoding=\"async\" width=\"1300\" height=\"260\" src=\"https:\/\/www.versiegelung24.com\/wp-content\/uploads\/2022\/01\/Glas_Himmel-1300x260.jpg\" alt=\"\" class=\"wp-image-59446\" style=\"width:1500px\" srcset=\"https:\/\/www.versiegelung24.com\/wp-content\/uploads\/2022\/01\/Glas_Himmel-1300x260.jpg 1300w, https:\/\/www.versiegelung24.com\/wp-content\/uploads\/2022\/01\/Glas_Himmel-300x60.jpg 300w, https:\/\/www.versiegelung24.com\/wp-content\/uploads\/2022\/01\/Glas_Himmel-768x154.jpg 768w, https:\/\/www.versiegelung24.com\/wp-content\/uploads\/2022\/01\/Glas_Himmel-600x120.jpg 600w, https:\/\/www.versiegelung24.com\/wp-content\/uploads\/2022\/01\/Glas_Himmel.jpg 1500w\" sizes=\"(max-width: 1300px) 100vw, 1300px\" \/><\/figure>\n<\/div>\n<hr\/>\n\n<h4 class=\"wp-block-heading\" id=\"properties\">Caracter\u00edsticas del producto<\/h4>\n\n<div class=\"wp-block-columns is-layout-flex wp-container-core-columns-is-layout-9d6595d7 wp-block-columns-is-layout-flex\">\n<div class=\"wp-block-column is-layout-flow wp-block-column-is-layout-flow\">\n<ul class=\"wp-block-list\" id=\"block-1ae73cec-dd86-455b-95e1-db08f69d1f05\">\n<li>Efecto f\u00e1cil de limpiar para suciedad y cal<\/li>\n\n\n\n<li>Alta resistencia a la abrasi\u00f3n gracias a la nano tecnolog\u00eda SiO\u00b2<\/li>\n\n\n\n<li>Resistente a los productos de limpieza (hasta pH 12)<\/li>\n\n\n\n<li>Fuerte efecto hidrof\u00f3bico y oleof\u00f3bico (repelencia al agua y al aceite)<\/li>\n\n\n\n<li>Ahorro de costos, tiempo y energ\u00eda a trav\u00e9s de ciclos de limpieza prolongados<\/li>\n<\/ul>\n<\/div>\n\n\n\n<div class=\"wp-block-column is-layout-flow wp-block-column-is-layout-flow\">\n<ul class=\"wp-block-list\" id=\"block-1ae73cec-dd86-455b-95e1-db08f69d1f05\">\n<li>Reduce el crecimiento de microorganismos y bacterias y as\u00ed mejora la higiene.<\/li>\n\n\n\n<li>Estable a los rayos UV \/ resistente a las heladas \/ resistente al agua salada \/ invisible<\/li>\n\n\n\n<li>Efecto autolimpiante en superficies de vidrio verticales bajo la lluvia<\/li>\n\n\n\n<li>Aplicaci\u00f3n sencilla (se puede volver a recubrir en cualquier momento)<\/li>\n\n\n\n<li>Vida \u00fatil: hasta 3-5 a\u00f1os (dependiendo del uso)<\/li>\n<\/ul>\n<\/div>\n<\/div>\n\n<p><br\/>Volumen de suministro: 1 botella de litro, 1 cabezal pulverizador, 1 descripci\u00f3n del producto<\/p>\n<div class=\"wp-block-image\">\n<figure class=\"aligncenter size-large is-resized\"><img decoding=\"async\" width=\"1300\" height=\"260\" src=\"https:\/\/www.versiegelung24.com\/wp-content\/uploads\/2022\/01\/bad_glas-1300x260.jpg\" alt=\"\" class=\"wp-image-59538\" style=\"width:1500px\" srcset=\"https:\/\/www.versiegelung24.com\/wp-content\/uploads\/2022\/01\/bad_glas-1300x260.jpg 1300w, https:\/\/www.versiegelung24.com\/wp-content\/uploads\/2022\/01\/bad_glas-300x60.jpg 300w, https:\/\/www.versiegelung24.com\/wp-content\/uploads\/2022\/01\/bad_glas-768x154.jpg 768w, https:\/\/www.versiegelung24.com\/wp-content\/uploads\/2022\/01\/bad_glas-600x120.jpg 600w, https:\/\/www.versiegelung24.com\/wp-content\/uploads\/2022\/01\/bad_glas.jpg 1500w\" sizes=\"(max-width: 1300px) 100vw, 1300px\" \/><figcaption class=\"wp-element-caption\">Ba\u00f1o de ejemplo de aplicaci\u00f3n<\/figcaption><\/figure>\n<\/div>\n<h4 class=\"wp-block-heading\" id=\"application\">Aplicaci\u00f3n<\/h4>\n\n<div class=\"wp-block-columns is-layout-flex wp-container-core-columns-is-layout-9d6595d7 wp-block-columns-is-layout-flex\">\n<div class=\"wp-block-column is-layout-flow wp-block-column-is-layout-flow\">\n<ul class=\"wp-block-list\" id=\"block-d9c56046-ec66-4f80-bc70-c000e96a1e51\">\n<li>Vidrio de ventana (interior y exterior)<\/li>\n\n\n\n<li>Superficies de vidrio en el \u00e1rea sanitaria (espejos, cabinas de ducha)<\/li>\n\n\n\n<li>Vidrio de construcci\u00f3n (jardines de invierno, invernaderos, marquesinas, acristalamiento de paredes)<\/li>\n\n\n\n<li><a href=\"https:\/\/www.versiegelung24.com\/es\/sellado-de-vidrio-para-automovil-en-calidad-profesional.html\">Cristal de coche (cristales<\/a> laterales e interiores &#8211; cristal delantero ver producto especial)<\/li>\n<\/ul>\n<\/div>\n\n\n\n<div class=\"wp-block-column is-layout-flow wp-block-column-is-layout-flow\">\n<p>El consumo depende de la estructura de la superficie: aproximadamente 50-200m\u00b2 \/ litro.<\/p>\n\n\n\n<p><br\/><br\/><br\/>F\u00e1cil de aplicar: 1. Limpia muy bien previamente la superficie (cuanto m\u00e1s limpia est\u00e9, m\u00e1s durar\u00e1 el sellador) 2. Pulveriza el sellador y fr\u00f3talo 3. Deja que se endurezca durante unas horas. Deja que se endurezca durante 12 horas &#8211; acabado<\/p>\n<\/div>\n<\/div>\n\n<h4 class=\"wp-block-heading\" id=\"advisor\">Consejero<\/h4>\n\n<div class=\"wp-block-columns is-layout-flex wp-container-core-columns-is-layout-9d6595d7 wp-block-columns-is-layout-flex\">\n<div class=\"wp-block-column is-layout-flow wp-block-column-is-layout-flow\">\n<figure class=\"wp-block-image size-full\"><img decoding=\"async\" width=\"500\" height=\"500\" src=\"https:\/\/www.versiegelung24.com\/wp-content\/uploads\/2022\/01\/dachfenster_content_500-1.jpg\" alt=\"\" class=\"wp-image-59686\" srcset=\"https:\/\/www.versiegelung24.com\/wp-content\/uploads\/2022\/01\/dachfenster_content_500-1.jpg 500w, https:\/\/www.versiegelung24.com\/wp-content\/uploads\/2022\/01\/dachfenster_content_500-1-300x300.jpg 300w, https:\/\/www.versiegelung24.com\/wp-content\/uploads\/2022\/01\/dachfenster_content_500-1-80x80.jpg 80w, https:\/\/www.versiegelung24.com\/wp-content\/uploads\/2022\/01\/dachfenster_content_500-1-400x400.jpg 400w, https:\/\/www.versiegelung24.com\/wp-content\/uploads\/2022\/01\/dachfenster_content_500-1-100x100.jpg 100w\" sizes=\"(max-width: 500px) 100vw, 500px\" \/><\/figure>\n<\/div>\n\n\n\n<div class=\"wp-block-column is-layout-flow wp-block-column-is-layout-flow\">\n<h3 class=\"wp-block-heading\" id=\"h-welche-vorteile-bringt-ihnen-die-fensterversiegelung\">\u00bfCu\u00e1les son las ventajas del sellado de ventanas?<\/h3>\n\n\n\n<p>Te contamos c\u00f3mo puedes tomar el control de tus ventanas durante los pr\u00f3ximos 2-3 a\u00f1os y reducir al m\u00ednimo el esfuerzo que implica la limpieza:<\/p>\n\n\n\n<p>Nuestro producto anterior es un nano-sellado. <br\/>Las part\u00edculas de di\u00f3xido de silicio que contiene (vidrio l\u00edquido) se combinan al aplicarlas y forman una fina capa de unos 100-150 nan\u00f3metros sobre el vidrio, que es totalmente transparente y no enturbia. Esta pel\u00edcula invisible sobre la superficie protege tus ventanas con el conocido efecto loto. El agua se escurre por completo, las molestas manchas de agua, especialmente despu\u00e9s de un chaparr\u00f3n, son cosa del pasado. La suciedad, el polvo, los excrementos de p\u00e1jaros, etc. ya no se pegan y se pueden quitar f\u00e1cilmente.<\/p>\n\n\n\n<p>Como resultado, debe limpiar las ventanas de la casa con mucha menos frecuencia que antes de sellarlas. Esto es particularmente notable en el caso de las ventanas de techo, ya que su posici\u00f3n inclinada las hace a\u00fan m\u00e1s susceptibles a la suciedad que las ventanas instaladas verticalmente.<\/p>\n<\/div>\n<\/div>\n\n<h3 class=\"wp-block-heading\" id=\"h-wie-gross-ist-der-arbeitsaufwand-fur-das-versiegeln-der-fensterscheiben\">\u00bfCu\u00e1nto trabajo se necesita para sellar los cristales de las ventanas?<\/h3>\n\n<p>El tiempo que lleva aplicar el sellador es muy corto y probablemente incluso m\u00e1s r\u00e1pido que limpiar las ventanas.<\/p>\n\n<p>En primer lugar, el vidrio de la ventana debe limpiarse previamente de forma intensiva. Con nuestro<a href=\"https:\/\/www.versiegelung24.com\/biosativa-biologischer-vorreiniger\/\"> Prefiltro BIOSATIVA<\/a> y el<a href=\"https:\/\/www.versiegelung24.com\/bioethanol\/\"> Bioetanol 96,6%<\/a> este es un proceso sin complicaciones. Estos productos de nuestra tienda eliminan todos los residuos del vidrio de forma r\u00e1pida y eficaz. <br\/>Esto es crucial para la posterior calidad y durabilidad del sellante. Una vez terminado el trabajo preparatorio, comienza el sellado propiamente dicho. El vidrio l\u00edquido se roc\u00eda sobre un pa\u00f1o y luego se aplica al cristal. Despu\u00e9s de aproximadamente 5 min. pulir con un pa\u00f1o de microfibra suave.<\/p>\n\n<p>Despu\u00e9s de un tiempo de curado de 12 horas, la superficie est\u00e1 completamente sellada. Por lo tanto, un d\u00eda sin lluvia es ideal para el exterior, para que el revestimiento se seque sin ser molestado y las nanopart\u00edculas del vidrio l\u00edquido se puedan combinar por completo.<\/p>\n\n<h3 class=\"wp-block-heading\" id=\"h-ist-eine-versiegelung-der-fenster-aussen-und-innen-sinnvoll\">\u00bfTiene sentido sellar las ventanas por fuera Y por dentro?<\/h3>\n\n<p>En cualquier caso, recomendamos sellar ambos lados de la ventana. Ciertamente, la carga de suciedad en el interior es significativamente menor que en el exterior. Pero aqu\u00ed tambi\u00e9n, el polvo y la grasa forman una pel\u00edcula sobre el vidrio que debe eliminarse de vez en cuando. Cualquiera que tenga hijos, por ejemplo, tambi\u00e9n est\u00e1 familiarizado con la linda naricita y las huellas de las manos en el parabrisas, que se hacen cuando los ni\u00f1os descubren algo emocionante afuera. Con nuestro sellado de ventanas, estos residuos se pueden eliminar r\u00e1pida y f\u00e1cilmente. Ahorras tiempo y nervios para cosas m\u00e1s importantes.<\/p>\n\n<div class=\"wp-block-columns is-layout-flex wp-container-core-columns-is-layout-9d6595d7 wp-block-columns-is-layout-flex\">\n<div class=\"wp-block-column is-layout-flow wp-block-column-is-layout-flow\">\n<h3 class=\"wp-block-heading\" id=\"h-schutzen-sie-ihre-fenster-vor-kratzern\">Proteja sus ventanas de ara\u00f1azos<\/h3>\n\n\n\n<p>Con el paso de los a\u00f1os, la suciedad que se quita al limpiar las ventanas puede causar los rayones m\u00e1s peque\u00f1os en el vidrio. Tambi\u00e9n en este caso, el sellado del vidrio tiene una influencia muy positiva. Forma una capa protectora en la superficie, que por un lado evita las rayaduras por su resistencia y por otro lado evita que el polvo se adhiera desde el principio.<\/p>\n\n\n\n<h3 class=\"wp-block-heading\" id=\"h-nutzen-sie-die-zeit-fur-die-wirklich-wichtigen-dinge-im-leben\">Usa el tiempo para las cosas realmente importantes de la vida.<\/h3>\n\n\n\n<p>Disfrute de la primavera en lugar de pasar tiempo con una marat\u00f3n de limpieza de ventanas. Gracias a nuestro sellado de vidrio profesional, se ahorrar\u00e1 mucho trabajo durante un m\u00e1ximo de 3 a\u00f1os. \u00a1Deber\u00edas valer la pena!<\/p>\n<\/div>\n\n\n\n<div class=\"wp-block-column is-layout-flow wp-block-column-is-layout-flow\"><div class=\"wp-block-image\">\n<figure class=\"alignright size-full\"><img loading=\"lazy\" decoding=\"async\" width=\"500\" height=\"500\" src=\"https:\/\/www.versiegelung24.com\/wp-content\/uploads\/2022\/01\/fenster_content_500.jpg\" alt=\"\" class=\"wp-image-59505\" srcset=\"https:\/\/www.versiegelung24.com\/wp-content\/uploads\/2022\/01\/fenster_content_500.jpg 500w, https:\/\/www.versiegelung24.com\/wp-content\/uploads\/2022\/01\/fenster_content_500-300x300.jpg 300w, https:\/\/www.versiegelung24.com\/wp-content\/uploads\/2022\/01\/fenster_content_500-80x80.jpg 80w, https:\/\/www.versiegelung24.com\/wp-content\/uploads\/2022\/01\/fenster_content_500-400x400.jpg 400w, https:\/\/www.versiegelung24.com\/wp-content\/uploads\/2022\/01\/fenster_content_500-100x100.jpg 100w\" sizes=\"(max-width: 500px) 100vw, 500px\" \/><\/figure>\n<\/div><\/div>\n<\/div>\n","protected":false},"excerpt":{"rendered":"<p><strong>**NUEVO** Sellador de vidrio altamente efectivo para:<\/strong><\/p>\n<p>\u2713 Cristales de ventanas<\/p>\n<p>\u2713 Fachadas de vidrio<\/p>\n<p>\u2713 puertas de entrada, etc.,<\/p>\n<p>\u2713 Con efecto loto (repelencia al agua)<\/p>\n<p>\u2713 Para interior y exterior<\/p>\n<p>&nbsp;<\/p>\n","protected":false},"featured_media":17729,"template":"","meta":{"_acf_changed":false,"neve_meta_sidebar":"","neve_meta_container":"","neve_meta_enable_content_width":"","neve_meta_content_width":0,"neve_meta_title_alignment":"","neve_meta_author_avatar":"","neve_post_elements_order":"","neve_meta_disable_header":"","neve_meta_disable_footer":"","neve_meta_disable_title":"","neve_meta_reading_time":"","_surfaces":[],"_ver_product_tabs":[],"footnotes":""},"product_brand":[],"product_cat":[2379],"product_tag":[],"class_list":{"0":"post-22902","1":"product","2":"type-product","3":"status-publish","4":"has-post-thumbnail","6":"product_cat-sellado-para-vidrio-y-ceramica","7":"pa_gebinde-botella-de-1000ml","8":"pa_gebinde-bote-de-20l","10":"first","11":"instock","12":"taxable","13":"shipping-taxable","14":"purchasable","15":"product-type-variable","16":"has-default-attributes"},"acf":[],"yoast_head":"<!-- This site is optimized with the Yoast SEO Premium plugin v22.8 (Yoast SEO v27.5) - https:\/\/yoast.com\/product\/yoast-seo-premium-wordpress\/ -->\n<title>Sellado de vidrio de calidad profesional: cuidado sencillo - versiegelung24.com<\/title>\n<meta name=\"robots\" content=\"index, follow, max-snippet:-1, max-image-preview:large, max-video-preview:-1\" \/>\n<link rel=\"canonical\" href=\"https:\/\/www.versiegelung24.com\/es\/sellado-de-vidrio-de-calidad-profesional.html\" \/>\n<meta property=\"og:locale\" content=\"es_ES\" \/>\n<meta property=\"og:type\" content=\"article\" \/>\n<meta property=\"og:title\" content=\"Sellado de vidrio de calidad profesional: cuidado sencillo\" \/>\n<meta property=\"og:description\" content=\"**NUEVO** Sellador de vidrio altamente efectivo para: \u2713 Cristales de ventanas \u2713 Fachadas de vidrio \u2713 puertas de entrada, etc., \u2713 Con efecto loto (repelencia al agua) \u2713 Para interior y exterior &nbsp;\" \/>\n<meta property=\"og:url\" content=\"https:\/\/www.versiegelung24.com\/es\/sellado-de-vidrio-de-calidad-profesional.html\" \/>\n<meta property=\"og:site_name\" content=\"versiegelung24.com\" \/>\n<meta property=\"article:modified_time\" content=\"2025-01-03T22:35:23+00:00\" \/>\n<meta property=\"og:image\" content=\"https:\/\/www.versiegelung24.com\/wp-content\/uploads\/2020\/06\/produkt-1000-601-1000-Glasversiegelung-scaled.jpg\" \/>\n\t<meta property=\"og:image:width\" content=\"2560\" \/>\n\t<meta property=\"og:image:height\" content=\"2560\" \/>\n\t<meta property=\"og:image:type\" content=\"image\/jpeg\" \/>\n<meta name=\"twitter:card\" content=\"summary_large_image\" \/>\n<meta name=\"twitter:label1\" content=\"Disponibilidad\" \/>\n\t<meta name=\"twitter:data1\" content=\"Disponible\" \/>\n<script type=\"application\/ld+json\" class=\"yoast-schema-graph\">{\"@context\":\"https:\\\/\\\/schema.org\",\"@graph\":[{\"@type\":\"WebPage\",\"@id\":\"https:\\\/\\\/www.versiegelung24.com\\\/es\\\/sellado-de-vidrio-de-calidad-profesional.html\",\"url\":\"https:\\\/\\\/www.versiegelung24.com\\\/es\\\/sellado-de-vidrio-de-calidad-profesional.html\",\"name\":\"Sellado de vidrio de calidad profesional: cuidado sencillo - versiegelung24.com\",\"isPartOf\":{\"@id\":\"https:\\\/\\\/www.versiegelung24.com\\\/es\\\/#website\"},\"primaryImageOfPage\":{\"@id\":\"https:\\\/\\\/www.versiegelung24.com\\\/es\\\/sellado-de-vidrio-de-calidad-profesional.html#primaryimage\"},\"image\":{\"@id\":\"https:\\\/\\\/www.versiegelung24.com\\\/es\\\/sellado-de-vidrio-de-calidad-profesional.html#primaryimage\"},\"thumbnailUrl\":\"https:\\\/\\\/www.versiegelung24.com\\\/wp-content\\\/uploads\\\/2020\\\/06\\\/produkt-1000-601-1000-Glasversiegelung-scaled.jpg\",\"datePublished\":\"2021-08-02T19:07:08+00:00\",\"dateModified\":\"2025-01-03T22:35:23+00:00\",\"breadcrumb\":{\"@id\":\"https:\\\/\\\/www.versiegelung24.com\\\/es\\\/sellado-de-vidrio-de-calidad-profesional.html#breadcrumb\"},\"inLanguage\":\"es\",\"potentialAction\":[{\"@type\":\"ReadAction\",\"target\":[\"https:\\\/\\\/www.versiegelung24.com\\\/es\\\/sellado-de-vidrio-de-calidad-profesional.html\"]}]},{\"@type\":\"ImageObject\",\"inLanguage\":\"es\",\"@id\":\"https:\\\/\\\/www.versiegelung24.com\\\/es\\\/sellado-de-vidrio-de-calidad-profesional.html#primaryimage\",\"url\":\"https:\\\/\\\/www.versiegelung24.com\\\/wp-content\\\/uploads\\\/2020\\\/06\\\/produkt-1000-601-1000-Glasversiegelung-scaled.jpg\",\"contentUrl\":\"https:\\\/\\\/www.versiegelung24.com\\\/wp-content\\\/uploads\\\/2020\\\/06\\\/produkt-1000-601-1000-Glasversiegelung-scaled.jpg\",\"width\":2560,\"height\":2560},{\"@type\":\"BreadcrumbList\",\"@id\":\"https:\\\/\\\/www.versiegelung24.com\\\/es\\\/sellado-de-vidrio-de-calidad-profesional.html#breadcrumb\",\"itemListElement\":[{\"@type\":\"ListItem\",\"position\":1,\"name\":\"P\u00e1gina web\",\"item\":\"https:\\\/\\\/www.versiegelung24.com\\\/es\\\/frontal\\\/\"},{\"@type\":\"ListItem\",\"position\":2,\"name\":\"Tienda\",\"item\":\"https:\\\/\\\/www.versiegelung24.com\\\/es\\\/tienda\\\/\"},{\"@type\":\"ListItem\",\"position\":3,\"name\":\"Sellado de vidrio de calidad profesional: cuidado sencillo\"}]},{\"@type\":\"WebSite\",\"@id\":\"https:\\\/\\\/www.versiegelung24.com\\\/es\\\/#website\",\"url\":\"https:\\\/\\\/www.versiegelung24.com\\\/es\\\/\",\"name\":\"versiegelung24.com\",\"description\":\"Fl\u00fcssigglas-Versiegelung - Made in Germany\",\"publisher\":{\"@id\":\"https:\\\/\\\/www.versiegelung24.com\\\/es\\\/#organization\"},\"potentialAction\":[{\"@type\":\"SearchAction\",\"target\":{\"@type\":\"EntryPoint\",\"urlTemplate\":\"https:\\\/\\\/www.versiegelung24.com\\\/es\\\/?s={search_term_string}\"},\"query-input\":{\"@type\":\"PropertyValueSpecification\",\"valueRequired\":true,\"valueName\":\"search_term_string\"}}],\"inLanguage\":\"es\"},{\"@type\":\"Organization\",\"@id\":\"https:\\\/\\\/www.versiegelung24.com\\\/es\\\/#organization\",\"name\":\"versiegelung24\",\"url\":\"https:\\\/\\\/www.versiegelung24.com\\\/es\\\/\",\"logo\":{\"@type\":\"ImageObject\",\"inLanguage\":\"es\",\"@id\":\"https:\\\/\\\/www.versiegelung24.com\\\/es\\\/#\\\/schema\\\/logo\\\/image\\\/\",\"url\":\"https:\\\/\\\/www.versiegelung24.com\\\/wp-content\\\/uploads\\\/2020\\\/04\\\/versiegelung24.png\",\"contentUrl\":\"https:\\\/\\\/www.versiegelung24.com\\\/wp-content\\\/uploads\\\/2020\\\/04\\\/versiegelung24.png\",\"width\":470,\"height\":102,\"caption\":\"versiegelung24\"},\"image\":{\"@id\":\"https:\\\/\\\/www.versiegelung24.com\\\/es\\\/#\\\/schema\\\/logo\\\/image\\\/\"}}]}<\/script>\n<meta property=\"og:availability\" content=\"instock\" \/>\n<meta property=\"product:availability\" content=\"instock\" \/>\n<meta property=\"product:retailer_item_id\" content=\"1000-6601\" \/>\n<meta property=\"product:condition\" content=\"new\" \/>\n<!-- \/ Yoast SEO Premium plugin. -->","yoast_head_json":{"title":"Sellado de vidrio de calidad profesional: cuidado sencillo - versiegelung24.com","robots":{"index":"index","follow":"follow","max-snippet":"max-snippet:-1","max-image-preview":"max-image-preview:large","max-video-preview":"max-video-preview:-1"},"canonical":"https:\/\/www.versiegelung24.com\/es\/sellado-de-vidrio-de-calidad-profesional.html","og_locale":"es_ES","og_type":"article","og_title":"Sellado de vidrio de calidad profesional: cuidado sencillo","og_description":"**NUEVO** Sellador de vidrio altamente efectivo para: \u2713 Cristales de ventanas \u2713 Fachadas de vidrio \u2713 puertas de entrada, etc., \u2713 Con efecto loto (repelencia al agua) \u2713 Para interior y exterior &nbsp;","og_url":"https:\/\/www.versiegelung24.com\/es\/sellado-de-vidrio-de-calidad-profesional.html","og_site_name":"versiegelung24.com","article_modified_time":"2025-01-03T22:35:23+00:00","og_image":[{"width":2560,"height":2560,"url":"https:\/\/www.versiegelung24.com\/wp-content\/uploads\/2020\/06\/produkt-1000-601-1000-Glasversiegelung-scaled.jpg","type":"image\/jpeg"}],"twitter_card":"summary_large_image","twitter_misc":{"Disponibilidad":"Disponible"},"schema":{"@context":"https:\/\/schema.org","@graph":[{"@type":"WebPage","@id":"https:\/\/www.versiegelung24.com\/es\/sellado-de-vidrio-de-calidad-profesional.html","url":"https:\/\/www.versiegelung24.com\/es\/sellado-de-vidrio-de-calidad-profesional.html","name":"Sellado de vidrio de calidad profesional: cuidado sencillo - versiegelung24.com","isPartOf":{"@id":"https:\/\/www.versiegelung24.com\/es\/#website"},"primaryImageOfPage":{"@id":"https:\/\/www.versiegelung24.com\/es\/sellado-de-vidrio-de-calidad-profesional.html#primaryimage"},"image":{"@id":"https:\/\/www.versiegelung24.com\/es\/sellado-de-vidrio-de-calidad-profesional.html#primaryimage"},"thumbnailUrl":"https:\/\/www.versiegelung24.com\/wp-content\/uploads\/2020\/06\/produkt-1000-601-1000-Glasversiegelung-scaled.jpg","datePublished":"2021-08-02T19:07:08+00:00","dateModified":"2025-01-03T22:35:23+00:00","breadcrumb":{"@id":"https:\/\/www.versiegelung24.com\/es\/sellado-de-vidrio-de-calidad-profesional.html#breadcrumb"},"inLanguage":"es","potentialAction":[{"@type":"ReadAction","target":["https:\/\/www.versiegelung24.com\/es\/sellado-de-vidrio-de-calidad-profesional.html"]}]},{"@type":"ImageObject","inLanguage":"es","@id":"https:\/\/www.versiegelung24.com\/es\/sellado-de-vidrio-de-calidad-profesional.html#primaryimage","url":"https:\/\/www.versiegelung24.com\/wp-content\/uploads\/2020\/06\/produkt-1000-601-1000-Glasversiegelung-scaled.jpg","contentUrl":"https:\/\/www.versiegelung24.com\/wp-content\/uploads\/2020\/06\/produkt-1000-601-1000-Glasversiegelung-scaled.jpg","width":2560,"height":2560},{"@type":"BreadcrumbList","@id":"https:\/\/www.versiegelung24.com\/es\/sellado-de-vidrio-de-calidad-profesional.html#breadcrumb","itemListElement":[{"@type":"ListItem","position":1,"name":"P\u00e1gina web","item":"https:\/\/www.versiegelung24.com\/es\/frontal\/"},{"@type":"ListItem","position":2,"name":"Tienda","item":"https:\/\/www.versiegelung24.com\/es\/tienda\/"},{"@type":"ListItem","position":3,"name":"Sellado de vidrio de calidad profesional: cuidado sencillo"}]},{"@type":"WebSite","@id":"https:\/\/www.versiegelung24.com\/es\/#website","url":"https:\/\/www.versiegelung24.com\/es\/","name":"versiegelung24.com","description":"Fl\u00fcssigglas-Versiegelung - Made in Germany","publisher":{"@id":"https:\/\/www.versiegelung24.com\/es\/#organization"},"potentialAction":[{"@type":"SearchAction","target":{"@type":"EntryPoint","urlTemplate":"https:\/\/www.versiegelung24.com\/es\/?s={search_term_string}"},"query-input":{"@type":"PropertyValueSpecification","valueRequired":true,"valueName":"search_term_string"}}],"inLanguage":"es"},{"@type":"Organization","@id":"https:\/\/www.versiegelung24.com\/es\/#organization","name":"versiegelung24","url":"https:\/\/www.versiegelung24.com\/es\/","logo":{"@type":"ImageObject","inLanguage":"es","@id":"https:\/\/www.versiegelung24.com\/es\/#\/schema\/logo\/image\/","url":"https:\/\/www.versiegelung24.com\/wp-content\/uploads\/2020\/04\/versiegelung24.png","contentUrl":"https:\/\/www.versiegelung24.com\/wp-content\/uploads\/2020\/04\/versiegelung24.png","width":470,"height":102,"caption":"versiegelung24"},"image":{"@id":"https:\/\/www.versiegelung24.com\/es\/#\/schema\/logo\/image\/"}}]},"og_availability":"instock","product_availability":"instock","product_retailer_item_id":"1000-6601","product_condition":"new"},"_links":{"self":[{"href":"https:\/\/www.versiegelung24.com\/es\/wp-json\/wp\/v2\/product\/22902","targetHints":{"allow":["GET"]}}],"collection":[{"href":"https:\/\/www.versiegelung24.com\/es\/wp-json\/wp\/v2\/product"}],"about":[{"href":"https:\/\/www.versiegelung24.com\/es\/wp-json\/wp\/v2\/types\/product"}],"version-history":[{"count":34,"href":"https:\/\/www.versiegelung24.com\/es\/wp-json\/wp\/v2\/product\/22902\/revisions"}],"predecessor-version":[{"id":177481,"href":"https:\/\/www.versiegelung24.com\/es\/wp-json\/wp\/v2\/product\/22902\/revisions\/177481"}],"wp:featuredmedia":[{"embeddable":true,"href":"https:\/\/www.versiegelung24.com\/es\/wp-json\/wp\/v2\/media\/17729"}],"wp:attachment":[{"href":"https:\/\/www.versiegelung24.com\/es\/wp-json\/wp\/v2\/media?parent=22902"}],"wp:term":[{"taxonomy":"product_brand","embeddable":true,"href":"https:\/\/www.versiegelung24.com\/es\/wp-json\/wp\/v2\/product_brand?post=22902"},{"taxonomy":"product_cat","embeddable":true,"href":"https:\/\/www.versiegelung24.com\/es\/wp-json\/wp\/v2\/product_cat?post=22902"},{"taxonomy":"product_tag","embeddable":true,"href":"https:\/\/www.versiegelung24.com\/es\/wp-json\/wp\/v2\/product_tag?post=22902"}],"curies":[{"name":"wp","href":"https:\/\/api.w.org\/{rel}","templated":true}]}}