{"id":23237,"date":"2020-04-04T18:53:42","date_gmt":"2021-08-02T19:28:32","guid":{"rendered":"https:\/\/www.versiegelung24.com\/produkt\/sellado-universal-7675-para-superficies-duras-no-absorbentes-vidrio-ceramica-acero-inoxidable-plastico-metal"},"modified":"2025-03-20T10:10:12","modified_gmt":"2025-03-20T09:10:12","slug":"sellado-universal-7675-para-superficies-duras-no-absorbentes-vitroceramica-acero-inoxidable-plastico-metal","status":"publish","type":"product","link":"https:\/\/www.versiegelung24.com\/es\/sellado-universal-7675-para-superficies-duras-no-absorbentes-vitroceramica-acero-inoxidable-plastico-metal.html","title":{"rendered":"Sellado universal 7675 para superficies &#8220;duras&#8221; \/ no absorbentes (vidrio \/ cer\u00e1mica +++, acero inoxidable +++, pl\u00e1stico \/ metal ++)"},"content":{"rendered":"\n<p><strong>Sellador universal profesional de gran eficacia para superficies &#8220;duras&#8221;\/no absorbentes como cristal, cer\u00e1mica, pl\u00e1stico y superficies met\u00e1licas con efecto f\u00e1cil de limpiar NUEVO, para interiores y exteriores<\/strong><\/p>\n\n<p>Ideal para vidrio \/ cer\u00e1mica y acero inoxidable, tambi\u00e9n aplicable a pl\u00e1sticos y metal<\/p>\n\n<p>Alta calidad Fabricado en Alemania.<\/p>\n\n<p><strong>Sellador universal V24 4005-7675<\/strong> es un material de revestimiento a base de alcohol (IPA) que crea un efecto f\u00e1cil de limpiar en superficies de vidrio, pl\u00e1stico, cer\u00e1mica y metal (cromo, acero inoxidable, aluminio). El material crea una pel\u00edcula delgada en la superficie, lo que reduce la adhesi\u00f3n de suciedad y materias extra\u00f1as y permite que el agua se escurra mejor. La superficie revestida es particularmente f\u00e1cil de limpiar.<\/p>\n\n<hr \/>\n\n<h4 class=\"wp-block-heading\" id=\"properties\">Caracter\u00edsticas del producto<\/h4>\n\n<div class=\"wp-block-columns is-layout-flex wp-container-core-columns-is-layout-9d6595d7 wp-block-columns-is-layout-flex\">\n<div class=\"wp-block-column is-layout-flow wp-block-column-is-layout-flow\">\n<ul class=\"wp-block-list\">\n<li>Entregado listo para usar<\/li>\n\n\n\n<li>deja que el agua corra mejor<\/li>\n\n\n\n<li>Efecto f\u00e1cil de limpiar con respecto a la suciedad y la cal<\/li>\n\n\n\n<li>l\u00edquido transparente, incoloro, invisible e imperceptible<\/li>\n\n\n\n<li>Las superficies permanecen limpias por mucho m\u00e1s tiempo, lo que prolonga los ciclos de limpieza y reduce significativamente los costos, el tiempo y la energ\u00eda de limpieza y mantenimiento.<\/li>\n\n\n\n<li>reduce el crecimiento de microorganismos y bacterias y, por lo tanto, mejora la higiene<\/li>\n<\/ul>\n<\/div>\n\n\n\n<div class=\"wp-block-column is-layout-flow wp-block-column-is-layout-flow\">\n<ul class=\"wp-block-list\">\n<li>Resistente a las heladas, calor extremo, radiaci\u00f3n UV, agua salada y aire salado, minerales de agua dura y \u00e1lcalis<\/li>\n\n\n\n<li>Los excrementos de algas y p\u00e1jaros ya no pueden adherirse firmemente<\/li>\n\n\n\n<li>sin fl\u00faor<\/li>\n<\/ul>\n\n\n\n<p><br \/><br \/>Volumen de suministro: 1 botella de 1 litro 1 bomba pulverizadora<\/p>\n<\/div>\n<\/div>\n\n<hr \/>\n\n<h4 class=\"wp-block-heading\" id=\"application\">Aplicaci\u00f3n<\/h4>\n\n<div class=\"wp-block-columns is-layout-flex wp-container-core-columns-is-layout-9d6595d7 wp-block-columns-is-layout-flex\">\n<div class=\"wp-block-column is-layout-flow wp-block-column-is-layout-flow\">\n<ul class=\"wp-block-list\">\n<li>Sanitarios (inodoros, bid\u00e9s, ba\u00f1eras de cer\u00e1mica, duchas, lavabos, espejos)<\/li>\n\n\n\n<li>Piscinas (de cer\u00e1mica en el exterior, no aptas para el agua)<\/li>\n\n\n\n<li>Todo tipo de baldosas cer\u00e1micas, p. Ej. En cocinas<\/li>\n\n\n\n<li>Vidrio para ventanas y construcci\u00f3n (jardines de invierno, edificios de gran altura, marquesinas)<\/li>\n\n\n\n<li>Superficies de pl\u00e1stico y metal<\/li>\n\n\n\n<li>Para cristales de coche recomendamos el nuestro.<a href=\"https:\/\/www.versiegelung24.com\/autoglas-versiegelung\/\"> Sellado de vidrio de autom\u00f3vil premium<\/a><\/li>\n<\/ul>\n<\/div>\n\n\n\n<div class=\"wp-block-column is-layout-flow wp-block-column-is-layout-flow\">\n<p><br \/><br \/><br \/><br \/>F\u00e1cil de aplicar: 1. Limpia muy bien previamente la superficie (cuanto m\u00e1s limpia est\u00e9, m\u00e1s durar\u00e1 el sellador) 2. Vuelve a limpiarla previamente con alcohol (por ejemplo, isoprop\u00edlico) antes de usarla 3. Pulveriza el sellador sobre un pa\u00f1o y apl\u00edcalo sobre la superficie 4. Despu\u00e9s de 5 minutos, pule cuidadosamente con un pa\u00f1o de microfibra sin aplicar presi\u00f3n<br \/>Despu\u00e9s de 5 minutos, pule cuidadosamente con un pa\u00f1o de microfibra sin ejercer presi\u00f3n 5. Deja que se endurezca durante 12 horas &#8211; acabado<\/p>\n\n\n\n<p>Vida \u00fatil: hasta 3-10 a\u00f1os<\/p>\n\n\n\n<p>Se pueden sellar hasta 200m\u00b2 con 1 litro.<\/p>\n<\/div>\n<\/div>\n\n<hr \/>\n\n<h4 class=\"wp-block-heading\" id=\"h-ratgeber\">Consejero<\/h4>\n\n<p>Nuestras juntas universales son especialmente adecuadas para el sector del bricolaje.<\/p>\n\n<p>Combinan un modo de acci\u00f3n profesional sobre diferentes superficies con un f\u00e1cil manejo durante la aplicaci\u00f3n. Y todo esto sin tener que hacer grandes concesiones en t\u00e9rminos de calidad.<\/p>\n\n<p>De esta forma se pueden realizar aplicaciones sobre varios materiales con un solo sellador universal y adem\u00e1s se puede conseguir un efecto de alta calidad y larga durabilidad.<\/p>\n\n<p>Sin embargo, para aplicaciones comerciales e industriales en las que se deba lograr el mayor nivel posible de rendimiento en una superficie espec\u00edfica, recomendamos el uso de nuestros acabados especiales para esa superficie.<\/p>\n","protected":false},"excerpt":{"rendered":"<p><strong>**NUEVO** Sello universal profesional altamente efectivo para superficies &#8220;duras&#8221;\/no absorbentes como:<\/strong><\/p>\n<p>\u2713 Vidrio<\/p>\n<p>\u2713 Superficies cer\u00e1micas<\/p>\n<p>\u2713 Superficies de pl\u00e1stico<\/p>\n<p>\u2713 Superficies met\u00e1licas<\/p>\n<p>\u2713 Con efecto f\u00e1cil de limpiar<\/p>\n","protected":false},"featured_media":18272,"template":"","meta":{"_acf_changed":false,"neve_meta_sidebar":"","neve_meta_container":"","neve_meta_enable_content_width":"","neve_meta_content_width":0,"neve_meta_title_alignment":"","neve_meta_author_avatar":"","neve_post_elements_order":"","neve_meta_disable_header":"","neve_meta_disable_footer":"","neve_meta_disable_title":"","neve_meta_reading_time":"","_surfaces":[],"_ver_product_tabs":[],"footnotes":""},"product_brand":[],"product_cat":[2486],"product_tag":[],"class_list":{"0":"post-23237","1":"product","2":"type-product","3":"status-publish","4":"has-post-thumbnail","6":"product_cat-sello-universal","8":"first","9":"instock","10":"taxable","11":"shipping-taxable","12":"purchasable","13":"product-type-simple"},"acf":[],"yoast_head":"<!-- This site is optimized with the Yoast SEO Premium plugin v22.8 (Yoast SEO v27.5) - https:\/\/yoast.com\/product\/yoast-seo-premium-wordpress\/ -->\n<title>Sellado universal 7675 para superficies &quot;duras&quot; \/ no absorbentes (vidrio \/ cer\u00e1mica +++, acero inoxidable +++, pl\u00e1stico \/ metal ++) - versiegelung24.com<\/title>\n<meta name=\"robots\" content=\"index, follow, max-snippet:-1, max-image-preview:large, max-video-preview:-1\" \/>\n<link rel=\"canonical\" href=\"https:\/\/www.versiegelung24.com\/es\/sellado-universal-7675-para-superficies-duras-no-absorbentes-vitroceramica-acero-inoxidable-plastico-metal.html\" \/>\n<meta property=\"og:locale\" content=\"es_ES\" \/>\n<meta property=\"og:type\" content=\"article\" \/>\n<meta property=\"og:title\" content=\"Sellado universal 7675 para superficies &quot;duras&quot; \/ no absorbentes (vidrio \/ cer\u00e1mica +++, acero inoxidable +++, pl\u00e1stico \/ metal ++)\" \/>\n<meta property=\"og:description\" content=\"**NUEVO** Sello universal profesional altamente efectivo para superficies &quot;duras&quot;\/no absorbentes como: \u2713 Vidrio \u2713 Superficies cer\u00e1micas \u2713 Superficies de pl\u00e1stico \u2713 Superficies met\u00e1licas \u2713 Con efecto f\u00e1cil de limpiar\" \/>\n<meta property=\"og:url\" content=\"https:\/\/www.versiegelung24.com\/es\/sellado-universal-7675-para-superficies-duras-no-absorbentes-vitroceramica-acero-inoxidable-plastico-metal.html\" \/>\n<meta property=\"og:site_name\" content=\"versiegelung24.com\" \/>\n<meta property=\"article:modified_time\" content=\"2025-03-20T09:10:12+00:00\" \/>\n<meta property=\"og:image\" content=\"https:\/\/www.versiegelung24.com\/wp-content\/uploads\/2020\/06\/produkt-4005-7675-1000-Universalversiegelung-7675-scaled.jpg\" \/>\n\t<meta property=\"og:image:width\" content=\"2560\" \/>\n\t<meta property=\"og:image:height\" content=\"2560\" \/>\n\t<meta property=\"og:image:type\" content=\"image\/jpeg\" \/>\n<meta name=\"twitter:card\" content=\"summary_large_image\" \/>\n<meta name=\"twitter:label1\" content=\"Precio\" \/>\n\t<meta name=\"twitter:data1\" content=\"89,99&euro;\" \/>\n\t<meta name=\"twitter:label2\" content=\"Disponibilidad\" \/>\n\t<meta name=\"twitter:data2\" content=\"Disponible\" \/>\n<script type=\"application\/ld+json\" class=\"yoast-schema-graph\">{\"@context\":\"https:\\\/\\\/schema.org\",\"@graph\":[{\"@type\":\"WebPage\",\"@id\":\"https:\\\/\\\/www.versiegelung24.com\\\/es\\\/sellado-universal-7675-para-superficies-duras-no-absorbentes-vitroceramica-acero-inoxidable-plastico-metal.html\",\"url\":\"https:\\\/\\\/www.versiegelung24.com\\\/es\\\/sellado-universal-7675-para-superficies-duras-no-absorbentes-vitroceramica-acero-inoxidable-plastico-metal.html\",\"name\":\"Sellado universal 7675 para superficies \\\"duras\\\" \\\/ no absorbentes (vidrio \\\/ cer\u00e1mica +++, acero inoxidable +++, pl\u00e1stico \\\/ metal ++) - versiegelung24.com\",\"isPartOf\":{\"@id\":\"https:\\\/\\\/www.versiegelung24.com\\\/es\\\/#website\"},\"primaryImageOfPage\":{\"@id\":\"https:\\\/\\\/www.versiegelung24.com\\\/es\\\/sellado-universal-7675-para-superficies-duras-no-absorbentes-vitroceramica-acero-inoxidable-plastico-metal.html#primaryimage\"},\"image\":{\"@id\":\"https:\\\/\\\/www.versiegelung24.com\\\/es\\\/sellado-universal-7675-para-superficies-duras-no-absorbentes-vitroceramica-acero-inoxidable-plastico-metal.html#primaryimage\"},\"thumbnailUrl\":\"https:\\\/\\\/www.versiegelung24.com\\\/wp-content\\\/uploads\\\/2020\\\/06\\\/produkt-4005-7675-1000-Universalversiegelung-7675-scaled.jpg\",\"datePublished\":\"2021-08-02T19:28:32+00:00\",\"dateModified\":\"2025-03-20T09:10:12+00:00\",\"breadcrumb\":{\"@id\":\"https:\\\/\\\/www.versiegelung24.com\\\/es\\\/sellado-universal-7675-para-superficies-duras-no-absorbentes-vitroceramica-acero-inoxidable-plastico-metal.html#breadcrumb\"},\"inLanguage\":\"es\",\"potentialAction\":[{\"@type\":\"ReadAction\",\"target\":[\"https:\\\/\\\/www.versiegelung24.com\\\/es\\\/sellado-universal-7675-para-superficies-duras-no-absorbentes-vitroceramica-acero-inoxidable-plastico-metal.html\"]}]},{\"@type\":\"ImageObject\",\"inLanguage\":\"es\",\"@id\":\"https:\\\/\\\/www.versiegelung24.com\\\/es\\\/sellado-universal-7675-para-superficies-duras-no-absorbentes-vitroceramica-acero-inoxidable-plastico-metal.html#primaryimage\",\"url\":\"https:\\\/\\\/www.versiegelung24.com\\\/wp-content\\\/uploads\\\/2020\\\/06\\\/produkt-4005-7675-1000-Universalversiegelung-7675-scaled.jpg\",\"contentUrl\":\"https:\\\/\\\/www.versiegelung24.com\\\/wp-content\\\/uploads\\\/2020\\\/06\\\/produkt-4005-7675-1000-Universalversiegelung-7675-scaled.jpg\",\"width\":2560,\"height\":2560},{\"@type\":\"BreadcrumbList\",\"@id\":\"https:\\\/\\\/www.versiegelung24.com\\\/es\\\/sellado-universal-7675-para-superficies-duras-no-absorbentes-vitroceramica-acero-inoxidable-plastico-metal.html#breadcrumb\",\"itemListElement\":[{\"@type\":\"ListItem\",\"position\":1,\"name\":\"P\u00e1gina web\",\"item\":\"https:\\\/\\\/www.versiegelung24.com\\\/es\\\/frontal\\\/\"},{\"@type\":\"ListItem\",\"position\":2,\"name\":\"Tienda\",\"item\":\"https:\\\/\\\/www.versiegelung24.com\\\/es\\\/tienda\\\/\"},{\"@type\":\"ListItem\",\"position\":3,\"name\":\"Sellado universal 7675 para superficies &#8220;duras&#8221; \\\/ no absorbentes (vidrio \\\/ cer\u00e1mica +++, acero inoxidable +++, pl\u00e1stico \\\/ metal ++)\"}]},{\"@type\":\"WebSite\",\"@id\":\"https:\\\/\\\/www.versiegelung24.com\\\/es\\\/#website\",\"url\":\"https:\\\/\\\/www.versiegelung24.com\\\/es\\\/\",\"name\":\"versiegelung24.com\",\"description\":\"Fl\u00fcssigglas-Versiegelung - Made in Germany\",\"publisher\":{\"@id\":\"https:\\\/\\\/www.versiegelung24.com\\\/es\\\/#organization\"},\"potentialAction\":[{\"@type\":\"SearchAction\",\"target\":{\"@type\":\"EntryPoint\",\"urlTemplate\":\"https:\\\/\\\/www.versiegelung24.com\\\/es\\\/?s={search_term_string}\"},\"query-input\":{\"@type\":\"PropertyValueSpecification\",\"valueRequired\":true,\"valueName\":\"search_term_string\"}}],\"inLanguage\":\"es\"},{\"@type\":\"Organization\",\"@id\":\"https:\\\/\\\/www.versiegelung24.com\\\/es\\\/#organization\",\"name\":\"versiegelung24\",\"url\":\"https:\\\/\\\/www.versiegelung24.com\\\/es\\\/\",\"logo\":{\"@type\":\"ImageObject\",\"inLanguage\":\"es\",\"@id\":\"https:\\\/\\\/www.versiegelung24.com\\\/es\\\/#\\\/schema\\\/logo\\\/image\\\/\",\"url\":\"https:\\\/\\\/www.versiegelung24.com\\\/wp-content\\\/uploads\\\/2020\\\/04\\\/versiegelung24.png\",\"contentUrl\":\"https:\\\/\\\/www.versiegelung24.com\\\/wp-content\\\/uploads\\\/2020\\\/04\\\/versiegelung24.png\",\"width\":470,\"height\":102,\"caption\":\"versiegelung24\"},\"image\":{\"@id\":\"https:\\\/\\\/www.versiegelung24.com\\\/es\\\/#\\\/schema\\\/logo\\\/image\\\/\"}}]}<\/script>\n<meta property=\"product:price:amount\" content=\"89.99\" \/>\n<meta property=\"product:price:currency\" content=\"EUR\" \/>\n<meta property=\"og:availability\" content=\"instock\" \/>\n<meta property=\"product:availability\" content=\"instock\" \/>\n<meta property=\"product:retailer_item_id\" content=\"4005-7675\" \/>\n<meta property=\"product:condition\" content=\"new\" \/>\n<!-- \/ Yoast SEO Premium plugin. -->","yoast_head_json":{"title":"Sellado universal 7675 para superficies \"duras\" \/ no absorbentes (vidrio \/ cer\u00e1mica +++, acero inoxidable +++, pl\u00e1stico \/ metal ++) - versiegelung24.com","robots":{"index":"index","follow":"follow","max-snippet":"max-snippet:-1","max-image-preview":"max-image-preview:large","max-video-preview":"max-video-preview:-1"},"canonical":"https:\/\/www.versiegelung24.com\/es\/sellado-universal-7675-para-superficies-duras-no-absorbentes-vitroceramica-acero-inoxidable-plastico-metal.html","og_locale":"es_ES","og_type":"article","og_title":"Sellado universal 7675 para superficies \"duras\" \/ no absorbentes (vidrio \/ cer\u00e1mica +++, acero inoxidable +++, pl\u00e1stico \/ metal ++)","og_description":"**NUEVO** Sello universal profesional altamente efectivo para superficies \"duras\"\/no absorbentes como: \u2713 Vidrio \u2713 Superficies cer\u00e1micas \u2713 Superficies de pl\u00e1stico \u2713 Superficies met\u00e1licas \u2713 Con efecto f\u00e1cil de limpiar","og_url":"https:\/\/www.versiegelung24.com\/es\/sellado-universal-7675-para-superficies-duras-no-absorbentes-vitroceramica-acero-inoxidable-plastico-metal.html","og_site_name":"versiegelung24.com","article_modified_time":"2025-03-20T09:10:12+00:00","og_image":[{"width":2560,"height":2560,"url":"https:\/\/www.versiegelung24.com\/wp-content\/uploads\/2020\/06\/produkt-4005-7675-1000-Universalversiegelung-7675-scaled.jpg","type":"image\/jpeg"}],"twitter_card":"summary_large_image","twitter_misc":{"Precio":"89,99&euro;","Disponibilidad":"Disponible"},"schema":{"@context":"https:\/\/schema.org","@graph":[{"@type":"WebPage","@id":"https:\/\/www.versiegelung24.com\/es\/sellado-universal-7675-para-superficies-duras-no-absorbentes-vitroceramica-acero-inoxidable-plastico-metal.html","url":"https:\/\/www.versiegelung24.com\/es\/sellado-universal-7675-para-superficies-duras-no-absorbentes-vitroceramica-acero-inoxidable-plastico-metal.html","name":"Sellado universal 7675 para superficies \"duras\" \/ no absorbentes (vidrio \/ cer\u00e1mica +++, acero inoxidable +++, pl\u00e1stico \/ metal ++) - versiegelung24.com","isPartOf":{"@id":"https:\/\/www.versiegelung24.com\/es\/#website"},"primaryImageOfPage":{"@id":"https:\/\/www.versiegelung24.com\/es\/sellado-universal-7675-para-superficies-duras-no-absorbentes-vitroceramica-acero-inoxidable-plastico-metal.html#primaryimage"},"image":{"@id":"https:\/\/www.versiegelung24.com\/es\/sellado-universal-7675-para-superficies-duras-no-absorbentes-vitroceramica-acero-inoxidable-plastico-metal.html#primaryimage"},"thumbnailUrl":"https:\/\/www.versiegelung24.com\/wp-content\/uploads\/2020\/06\/produkt-4005-7675-1000-Universalversiegelung-7675-scaled.jpg","datePublished":"2021-08-02T19:28:32+00:00","dateModified":"2025-03-20T09:10:12+00:00","breadcrumb":{"@id":"https:\/\/www.versiegelung24.com\/es\/sellado-universal-7675-para-superficies-duras-no-absorbentes-vitroceramica-acero-inoxidable-plastico-metal.html#breadcrumb"},"inLanguage":"es","potentialAction":[{"@type":"ReadAction","target":["https:\/\/www.versiegelung24.com\/es\/sellado-universal-7675-para-superficies-duras-no-absorbentes-vitroceramica-acero-inoxidable-plastico-metal.html"]}]},{"@type":"ImageObject","inLanguage":"es","@id":"https:\/\/www.versiegelung24.com\/es\/sellado-universal-7675-para-superficies-duras-no-absorbentes-vitroceramica-acero-inoxidable-plastico-metal.html#primaryimage","url":"https:\/\/www.versiegelung24.com\/wp-content\/uploads\/2020\/06\/produkt-4005-7675-1000-Universalversiegelung-7675-scaled.jpg","contentUrl":"https:\/\/www.versiegelung24.com\/wp-content\/uploads\/2020\/06\/produkt-4005-7675-1000-Universalversiegelung-7675-scaled.jpg","width":2560,"height":2560},{"@type":"BreadcrumbList","@id":"https:\/\/www.versiegelung24.com\/es\/sellado-universal-7675-para-superficies-duras-no-absorbentes-vitroceramica-acero-inoxidable-plastico-metal.html#breadcrumb","itemListElement":[{"@type":"ListItem","position":1,"name":"P\u00e1gina web","item":"https:\/\/www.versiegelung24.com\/es\/frontal\/"},{"@type":"ListItem","position":2,"name":"Tienda","item":"https:\/\/www.versiegelung24.com\/es\/tienda\/"},{"@type":"ListItem","position":3,"name":"Sellado universal 7675 para superficies &#8220;duras&#8221; \/ no absorbentes (vidrio \/ cer\u00e1mica +++, acero inoxidable +++, pl\u00e1stico \/ metal ++)"}]},{"@type":"WebSite","@id":"https:\/\/www.versiegelung24.com\/es\/#website","url":"https:\/\/www.versiegelung24.com\/es\/","name":"versiegelung24.com","description":"Fl\u00fcssigglas-Versiegelung - Made in Germany","publisher":{"@id":"https:\/\/www.versiegelung24.com\/es\/#organization"},"potentialAction":[{"@type":"SearchAction","target":{"@type":"EntryPoint","urlTemplate":"https:\/\/www.versiegelung24.com\/es\/?s={search_term_string}"},"query-input":{"@type":"PropertyValueSpecification","valueRequired":true,"valueName":"search_term_string"}}],"inLanguage":"es"},{"@type":"Organization","@id":"https:\/\/www.versiegelung24.com\/es\/#organization","name":"versiegelung24","url":"https:\/\/www.versiegelung24.com\/es\/","logo":{"@type":"ImageObject","inLanguage":"es","@id":"https:\/\/www.versiegelung24.com\/es\/#\/schema\/logo\/image\/","url":"https:\/\/www.versiegelung24.com\/wp-content\/uploads\/2020\/04\/versiegelung24.png","contentUrl":"https:\/\/www.versiegelung24.com\/wp-content\/uploads\/2020\/04\/versiegelung24.png","width":470,"height":102,"caption":"versiegelung24"},"image":{"@id":"https:\/\/www.versiegelung24.com\/es\/#\/schema\/logo\/image\/"}}]},"product_price_amount":"89.99","product_price_currency":"EUR","og_availability":"instock","product_availability":"instock","product_retailer_item_id":"4005-7675","product_condition":"new"},"_links":{"self":[{"href":"https:\/\/www.versiegelung24.com\/es\/wp-json\/wp\/v2\/product\/23237","targetHints":{"allow":["GET"]}}],"collection":[{"href":"https:\/\/www.versiegelung24.com\/es\/wp-json\/wp\/v2\/product"}],"about":[{"href":"https:\/\/www.versiegelung24.com\/es\/wp-json\/wp\/v2\/types\/product"}],"version-history":[{"count":16,"href":"https:\/\/www.versiegelung24.com\/es\/wp-json\/wp\/v2\/product\/23237\/revisions"}],"predecessor-version":[{"id":181091,"href":"https:\/\/www.versiegelung24.com\/es\/wp-json\/wp\/v2\/product\/23237\/revisions\/181091"}],"wp:featuredmedia":[{"embeddable":true,"href":"https:\/\/www.versiegelung24.com\/es\/wp-json\/wp\/v2\/media\/18272"}],"wp:attachment":[{"href":"https:\/\/www.versiegelung24.com\/es\/wp-json\/wp\/v2\/media?parent=23237"}],"wp:term":[{"taxonomy":"product_brand","embeddable":true,"href":"https:\/\/www.versiegelung24.com\/es\/wp-json\/wp\/v2\/product_brand?post=23237"},{"taxonomy":"product_cat","embeddable":true,"href":"https:\/\/www.versiegelung24.com\/es\/wp-json\/wp\/v2\/product_cat?post=23237"},{"taxonomy":"product_tag","embeddable":true,"href":"https:\/\/www.versiegelung24.com\/es\/wp-json\/wp\/v2\/product_tag?post=23237"}],"curies":[{"name":"wp","href":"https:\/\/api.w.org\/{rel}","templated":true}]}}