{"id":23345,"date":"2020-04-04T18:53:43","date_gmt":"2021-08-02T19:32:35","guid":{"rendered":"https:\/\/www.versiegelung24.com\/produkt\/sellado-universal-695-para-superficies-blandas-absorbentes-piedra-madera-textil"},"modified":"2025-04-12T11:47:49","modified_gmt":"2025-04-12T09:47:49","slug":"sello-universal-695-para-superficies-suaves-absorbentes-piedra-madera-textil","status":"publish","type":"product","link":"https:\/\/www.versiegelung24.com\/es\/sello-universal-695-para-superficies-suaves-absorbentes-piedra-madera-textil.html","title":{"rendered":"Sellado universal 695 para superficies &#8220;blandas&#8221; \/ absorbentes (piedra +++, madera +++, textil ++)"},"content":{"rendered":"\n<p><strong>Sello universal profesional altamente efectivo para superficies &#8220;blandas&#8221;\/absorbentes como textiles, piedra, madera con efecto f\u00e1cil de limpiar<\/strong><\/p>\n\n<p>Ideal para piedra y madera, tambi\u00e9n aplicable a textiles<\/p>\n\n<p>Alta calidad: fabricado en Alemania.<\/p>\n\n<p><strong>Sellado universal V24 4007-695<\/strong> es una impregnaci\u00f3n acuosa para superficies absorbentes \/ &#8220;blandas&#8221; con muy buena hidrofobicidad (repelencia al agua) y oleofobicidad (repelencia al aceite) de las superficies. El producto forma una pel\u00edcula superficial delgada casi invisible. El efecto repelente al agua reduce significativamente la tasa de penetraci\u00f3n de la humedad en las superficies tratadas y re-ensuciamiento. La penetraci\u00f3n de aceite y sustancias decolorantes en la superficie se reduce y se puede quitar \/ limpiar f\u00e1cilmente.<\/p>\n\n<hr \/>\n\n<h4 class=\"wp-block-heading\" id=\"properties\">Caracter\u00edsticas del producto<\/h4>\n\n<div class=\"wp-block-columns is-layout-flex wp-container-core-columns-is-layout-9d6595d7 wp-block-columns-is-layout-flex\">\n<div class=\"wp-block-column is-layout-flow wp-block-column-is-layout-flow\">\n<p>Nota: los textiles blancos econ\u00f3micos pueden tener un tinte amarillo<\/p>\n\n\n\n<p>Dependiendo de la absorbencia de la superficie a sellar, 1 litro es suficiente para hasta 40m\u00b2.<\/p>\n<\/div>\n\n\n\n<div class=\"wp-block-column is-layout-flow wp-block-column-is-layout-flow\">\n<p><br \/><br \/>V<strong>olumen de suministro:<\/strong> 1 botella de 1 litro 1 bomba pulverizadora<\/p>\n<\/div>\n<\/div>\n\n<hr \/>\n\n<h4 class=\"wp-block-heading\" id=\"h-ratgeber\">Consejero<\/h4>\n\n<p>Nuestras juntas universales son especialmente adecuadas para el sector del bricolaje.<\/p>\n\n<p>Combinan un modo de acci\u00f3n profesional sobre diferentes superficies con un f\u00e1cil manejo durante la aplicaci\u00f3n. Y todo esto sin tener que hacer grandes concesiones en t\u00e9rminos de calidad.<\/p>\n\n<p>De esta forma se pueden realizar aplicaciones sobre varios materiales con un solo sellador universal y adem\u00e1s se puede conseguir un efecto de alta calidad y larga durabilidad.<\/p>\n\n<p>Sin embargo, para aplicaciones comerciales e industriales en las que se deba lograr el mayor nivel posible de rendimiento en una superficie espec\u00edfica, recomendamos el uso de nuestros acabados especiales para esa superficie.<\/p>\n","protected":false},"excerpt":{"rendered":"<p><strong>Junta universal profesional de gran eficacia para superficies absorbentes\/&#8221;suaves&#8221;:<\/strong><\/p>\n<p>\u2713 Textil<\/p>\n<p>\u2713 Piedra<\/p>\n<p>\u2713 madera<\/p>\n<p>\u2713 Con efecto f\u00e1cil de limpiar<\/p>\n","protected":false},"featured_media":18340,"template":"","meta":{"_acf_changed":false,"neve_meta_sidebar":"","neve_meta_container":"","neve_meta_enable_content_width":"","neve_meta_content_width":0,"neve_meta_title_alignment":"","neve_meta_author_avatar":"","neve_post_elements_order":"","neve_meta_disable_header":"","neve_meta_disable_footer":"","neve_meta_disable_title":"","neve_meta_reading_time":"","_surfaces":[],"_ver_product_tabs":[],"footnotes":""},"product_brand":[],"product_cat":[2486],"product_tag":[],"class_list":{"0":"post-23345","1":"product","2":"type-product","3":"status-publish","4":"has-post-thumbnail","6":"product_cat-sello-universal","7":"pa_gebinde-botella-de-1000ml","8":"pa_gebinde-bote-de-20l","10":"first","11":"instock","12":"taxable","13":"shipping-taxable","14":"purchasable","15":"product-type-variable","16":"has-default-attributes"},"acf":[],"yoast_head":"<!-- This site is optimized with the Yoast SEO Premium plugin v22.8 (Yoast SEO v27.5) - https:\/\/yoast.com\/product\/yoast-seo-premium-wordpress\/ -->\n<title>Sellado universal 695 para superficies &quot;blandas&quot; \/ absorbentes (piedra +++, madera +++, textil ++) - versiegelung24.com<\/title>\n<meta name=\"robots\" content=\"index, follow, max-snippet:-1, max-image-preview:large, max-video-preview:-1\" \/>\n<link rel=\"canonical\" href=\"https:\/\/www.versiegelung24.com\/es\/sello-universal-695-para-superficies-suaves-absorbentes-piedra-madera-textil.html\" \/>\n<meta property=\"og:locale\" content=\"es_ES\" \/>\n<meta property=\"og:type\" content=\"article\" \/>\n<meta property=\"og:title\" content=\"Sellado universal 695 para superficies &quot;blandas&quot; \/ absorbentes (piedra +++, madera +++, textil ++)\" \/>\n<meta property=\"og:description\" content=\"Junta universal profesional de gran eficacia para superficies absorbentes\/&quot;suaves&quot;: \u2713 Textil \u2713 Piedra \u2713 madera \u2713 Con efecto f\u00e1cil de limpiar\" \/>\n<meta property=\"og:url\" content=\"https:\/\/www.versiegelung24.com\/es\/sello-universal-695-para-superficies-suaves-absorbentes-piedra-madera-textil.html\" \/>\n<meta property=\"og:site_name\" content=\"versiegelung24.com\" \/>\n<meta property=\"article:modified_time\" content=\"2025-04-12T09:47:49+00:00\" \/>\n<meta property=\"og:image\" content=\"https:\/\/www.versiegelung24.com\/wp-content\/uploads\/2020\/06\/produkt-4007-695-1000-Universalversiegelung-695-scaled.jpg\" \/>\n\t<meta property=\"og:image:width\" content=\"2560\" \/>\n\t<meta property=\"og:image:height\" content=\"2560\" \/>\n\t<meta property=\"og:image:type\" content=\"image\/jpeg\" \/>\n<meta name=\"twitter:card\" content=\"summary_large_image\" \/>\n<meta name=\"twitter:label1\" content=\"Disponibilidad\" \/>\n\t<meta name=\"twitter:data1\" content=\"Disponible\" \/>\n<script type=\"application\/ld+json\" class=\"yoast-schema-graph\">{\"@context\":\"https:\\\/\\\/schema.org\",\"@graph\":[{\"@type\":\"WebPage\",\"@id\":\"https:\\\/\\\/www.versiegelung24.com\\\/es\\\/sello-universal-695-para-superficies-suaves-absorbentes-piedra-madera-textil.html\",\"url\":\"https:\\\/\\\/www.versiegelung24.com\\\/es\\\/sello-universal-695-para-superficies-suaves-absorbentes-piedra-madera-textil.html\",\"name\":\"Sellado universal 695 para superficies \\\"blandas\\\" \\\/ absorbentes (piedra +++, madera +++, textil ++) - versiegelung24.com\",\"isPartOf\":{\"@id\":\"https:\\\/\\\/www.versiegelung24.com\\\/es\\\/#website\"},\"primaryImageOfPage\":{\"@id\":\"https:\\\/\\\/www.versiegelung24.com\\\/es\\\/sello-universal-695-para-superficies-suaves-absorbentes-piedra-madera-textil.html#primaryimage\"},\"image\":{\"@id\":\"https:\\\/\\\/www.versiegelung24.com\\\/es\\\/sello-universal-695-para-superficies-suaves-absorbentes-piedra-madera-textil.html#primaryimage\"},\"thumbnailUrl\":\"https:\\\/\\\/www.versiegelung24.com\\\/wp-content\\\/uploads\\\/2020\\\/06\\\/produkt-4007-695-1000-Universalversiegelung-695-scaled.jpg\",\"datePublished\":\"2021-08-02T19:32:35+00:00\",\"dateModified\":\"2025-04-12T09:47:49+00:00\",\"breadcrumb\":{\"@id\":\"https:\\\/\\\/www.versiegelung24.com\\\/es\\\/sello-universal-695-para-superficies-suaves-absorbentes-piedra-madera-textil.html#breadcrumb\"},\"inLanguage\":\"es\",\"potentialAction\":[{\"@type\":\"ReadAction\",\"target\":[\"https:\\\/\\\/www.versiegelung24.com\\\/es\\\/sello-universal-695-para-superficies-suaves-absorbentes-piedra-madera-textil.html\"]}]},{\"@type\":\"ImageObject\",\"inLanguage\":\"es\",\"@id\":\"https:\\\/\\\/www.versiegelung24.com\\\/es\\\/sello-universal-695-para-superficies-suaves-absorbentes-piedra-madera-textil.html#primaryimage\",\"url\":\"https:\\\/\\\/www.versiegelung24.com\\\/wp-content\\\/uploads\\\/2020\\\/06\\\/produkt-4007-695-1000-Universalversiegelung-695-scaled.jpg\",\"contentUrl\":\"https:\\\/\\\/www.versiegelung24.com\\\/wp-content\\\/uploads\\\/2020\\\/06\\\/produkt-4007-695-1000-Universalversiegelung-695-scaled.jpg\",\"width\":2560,\"height\":2560},{\"@type\":\"BreadcrumbList\",\"@id\":\"https:\\\/\\\/www.versiegelung24.com\\\/es\\\/sello-universal-695-para-superficies-suaves-absorbentes-piedra-madera-textil.html#breadcrumb\",\"itemListElement\":[{\"@type\":\"ListItem\",\"position\":1,\"name\":\"P\u00e1gina web\",\"item\":\"https:\\\/\\\/www.versiegelung24.com\\\/es\\\/frontal\\\/\"},{\"@type\":\"ListItem\",\"position\":2,\"name\":\"Tienda\",\"item\":\"https:\\\/\\\/www.versiegelung24.com\\\/es\\\/tienda\\\/\"},{\"@type\":\"ListItem\",\"position\":3,\"name\":\"Sellado universal 695 para superficies &#8220;blandas&#8221; \\\/ absorbentes (piedra +++, madera +++, textil ++)\"}]},{\"@type\":\"WebSite\",\"@id\":\"https:\\\/\\\/www.versiegelung24.com\\\/es\\\/#website\",\"url\":\"https:\\\/\\\/www.versiegelung24.com\\\/es\\\/\",\"name\":\"versiegelung24.com\",\"description\":\"Fl\u00fcssigglas-Versiegelung - Made in Germany\",\"publisher\":{\"@id\":\"https:\\\/\\\/www.versiegelung24.com\\\/es\\\/#organization\"},\"potentialAction\":[{\"@type\":\"SearchAction\",\"target\":{\"@type\":\"EntryPoint\",\"urlTemplate\":\"https:\\\/\\\/www.versiegelung24.com\\\/es\\\/?s={search_term_string}\"},\"query-input\":{\"@type\":\"PropertyValueSpecification\",\"valueRequired\":true,\"valueName\":\"search_term_string\"}}],\"inLanguage\":\"es\"},{\"@type\":\"Organization\",\"@id\":\"https:\\\/\\\/www.versiegelung24.com\\\/es\\\/#organization\",\"name\":\"versiegelung24\",\"url\":\"https:\\\/\\\/www.versiegelung24.com\\\/es\\\/\",\"logo\":{\"@type\":\"ImageObject\",\"inLanguage\":\"es\",\"@id\":\"https:\\\/\\\/www.versiegelung24.com\\\/es\\\/#\\\/schema\\\/logo\\\/image\\\/\",\"url\":\"https:\\\/\\\/www.versiegelung24.com\\\/wp-content\\\/uploads\\\/2020\\\/04\\\/versiegelung24.png\",\"contentUrl\":\"https:\\\/\\\/www.versiegelung24.com\\\/wp-content\\\/uploads\\\/2020\\\/04\\\/versiegelung24.png\",\"width\":470,\"height\":102,\"caption\":\"versiegelung24\"},\"image\":{\"@id\":\"https:\\\/\\\/www.versiegelung24.com\\\/es\\\/#\\\/schema\\\/logo\\\/image\\\/\"}}]}<\/script>\n<meta property=\"og:availability\" content=\"instock\" \/>\n<meta property=\"product:availability\" content=\"instock\" \/>\n<meta property=\"product:retailer_item_id\" content=\"4007-695\" \/>\n<meta property=\"product:condition\" content=\"new\" \/>\n<!-- \/ Yoast SEO Premium plugin. -->","yoast_head_json":{"title":"Sellado universal 695 para superficies \"blandas\" \/ absorbentes (piedra +++, madera +++, textil ++) - versiegelung24.com","robots":{"index":"index","follow":"follow","max-snippet":"max-snippet:-1","max-image-preview":"max-image-preview:large","max-video-preview":"max-video-preview:-1"},"canonical":"https:\/\/www.versiegelung24.com\/es\/sello-universal-695-para-superficies-suaves-absorbentes-piedra-madera-textil.html","og_locale":"es_ES","og_type":"article","og_title":"Sellado universal 695 para superficies \"blandas\" \/ absorbentes (piedra +++, madera +++, textil ++)","og_description":"Junta universal profesional de gran eficacia para superficies absorbentes\/\"suaves\": \u2713 Textil \u2713 Piedra \u2713 madera \u2713 Con efecto f\u00e1cil de limpiar","og_url":"https:\/\/www.versiegelung24.com\/es\/sello-universal-695-para-superficies-suaves-absorbentes-piedra-madera-textil.html","og_site_name":"versiegelung24.com","article_modified_time":"2025-04-12T09:47:49+00:00","og_image":[{"width":2560,"height":2560,"url":"https:\/\/www.versiegelung24.com\/wp-content\/uploads\/2020\/06\/produkt-4007-695-1000-Universalversiegelung-695-scaled.jpg","type":"image\/jpeg"}],"twitter_card":"summary_large_image","twitter_misc":{"Disponibilidad":"Disponible"},"schema":{"@context":"https:\/\/schema.org","@graph":[{"@type":"WebPage","@id":"https:\/\/www.versiegelung24.com\/es\/sello-universal-695-para-superficies-suaves-absorbentes-piedra-madera-textil.html","url":"https:\/\/www.versiegelung24.com\/es\/sello-universal-695-para-superficies-suaves-absorbentes-piedra-madera-textil.html","name":"Sellado universal 695 para superficies \"blandas\" \/ absorbentes (piedra +++, madera +++, textil ++) - versiegelung24.com","isPartOf":{"@id":"https:\/\/www.versiegelung24.com\/es\/#website"},"primaryImageOfPage":{"@id":"https:\/\/www.versiegelung24.com\/es\/sello-universal-695-para-superficies-suaves-absorbentes-piedra-madera-textil.html#primaryimage"},"image":{"@id":"https:\/\/www.versiegelung24.com\/es\/sello-universal-695-para-superficies-suaves-absorbentes-piedra-madera-textil.html#primaryimage"},"thumbnailUrl":"https:\/\/www.versiegelung24.com\/wp-content\/uploads\/2020\/06\/produkt-4007-695-1000-Universalversiegelung-695-scaled.jpg","datePublished":"2021-08-02T19:32:35+00:00","dateModified":"2025-04-12T09:47:49+00:00","breadcrumb":{"@id":"https:\/\/www.versiegelung24.com\/es\/sello-universal-695-para-superficies-suaves-absorbentes-piedra-madera-textil.html#breadcrumb"},"inLanguage":"es","potentialAction":[{"@type":"ReadAction","target":["https:\/\/www.versiegelung24.com\/es\/sello-universal-695-para-superficies-suaves-absorbentes-piedra-madera-textil.html"]}]},{"@type":"ImageObject","inLanguage":"es","@id":"https:\/\/www.versiegelung24.com\/es\/sello-universal-695-para-superficies-suaves-absorbentes-piedra-madera-textil.html#primaryimage","url":"https:\/\/www.versiegelung24.com\/wp-content\/uploads\/2020\/06\/produkt-4007-695-1000-Universalversiegelung-695-scaled.jpg","contentUrl":"https:\/\/www.versiegelung24.com\/wp-content\/uploads\/2020\/06\/produkt-4007-695-1000-Universalversiegelung-695-scaled.jpg","width":2560,"height":2560},{"@type":"BreadcrumbList","@id":"https:\/\/www.versiegelung24.com\/es\/sello-universal-695-para-superficies-suaves-absorbentes-piedra-madera-textil.html#breadcrumb","itemListElement":[{"@type":"ListItem","position":1,"name":"P\u00e1gina web","item":"https:\/\/www.versiegelung24.com\/es\/frontal\/"},{"@type":"ListItem","position":2,"name":"Tienda","item":"https:\/\/www.versiegelung24.com\/es\/tienda\/"},{"@type":"ListItem","position":3,"name":"Sellado universal 695 para superficies &#8220;blandas&#8221; \/ absorbentes (piedra +++, madera +++, textil ++)"}]},{"@type":"WebSite","@id":"https:\/\/www.versiegelung24.com\/es\/#website","url":"https:\/\/www.versiegelung24.com\/es\/","name":"versiegelung24.com","description":"Fl\u00fcssigglas-Versiegelung - Made in Germany","publisher":{"@id":"https:\/\/www.versiegelung24.com\/es\/#organization"},"potentialAction":[{"@type":"SearchAction","target":{"@type":"EntryPoint","urlTemplate":"https:\/\/www.versiegelung24.com\/es\/?s={search_term_string}"},"query-input":{"@type":"PropertyValueSpecification","valueRequired":true,"valueName":"search_term_string"}}],"inLanguage":"es"},{"@type":"Organization","@id":"https:\/\/www.versiegelung24.com\/es\/#organization","name":"versiegelung24","url":"https:\/\/www.versiegelung24.com\/es\/","logo":{"@type":"ImageObject","inLanguage":"es","@id":"https:\/\/www.versiegelung24.com\/es\/#\/schema\/logo\/image\/","url":"https:\/\/www.versiegelung24.com\/wp-content\/uploads\/2020\/04\/versiegelung24.png","contentUrl":"https:\/\/www.versiegelung24.com\/wp-content\/uploads\/2020\/04\/versiegelung24.png","width":470,"height":102,"caption":"versiegelung24"},"image":{"@id":"https:\/\/www.versiegelung24.com\/es\/#\/schema\/logo\/image\/"}}]},"og_availability":"instock","product_availability":"instock","product_retailer_item_id":"4007-695","product_condition":"new"},"_links":{"self":[{"href":"https:\/\/www.versiegelung24.com\/es\/wp-json\/wp\/v2\/product\/23345","targetHints":{"allow":["GET"]}}],"collection":[{"href":"https:\/\/www.versiegelung24.com\/es\/wp-json\/wp\/v2\/product"}],"about":[{"href":"https:\/\/www.versiegelung24.com\/es\/wp-json\/wp\/v2\/types\/product"}],"version-history":[{"count":24,"href":"https:\/\/www.versiegelung24.com\/es\/wp-json\/wp\/v2\/product\/23345\/revisions"}],"predecessor-version":[{"id":181429,"href":"https:\/\/www.versiegelung24.com\/es\/wp-json\/wp\/v2\/product\/23345\/revisions\/181429"}],"wp:featuredmedia":[{"embeddable":true,"href":"https:\/\/www.versiegelung24.com\/es\/wp-json\/wp\/v2\/media\/18340"}],"wp:attachment":[{"href":"https:\/\/www.versiegelung24.com\/es\/wp-json\/wp\/v2\/media?parent=23345"}],"wp:term":[{"taxonomy":"product_brand","embeddable":true,"href":"https:\/\/www.versiegelung24.com\/es\/wp-json\/wp\/v2\/product_brand?post=23345"},{"taxonomy":"product_cat","embeddable":true,"href":"https:\/\/www.versiegelung24.com\/es\/wp-json\/wp\/v2\/product_cat?post=23345"},{"taxonomy":"product_tag","embeddable":true,"href":"https:\/\/www.versiegelung24.com\/es\/wp-json\/wp\/v2\/product_tag?post=23345"}],"curies":[{"name":"wp","href":"https:\/\/api.w.org\/{rel}","templated":true}]}}