{"id":23430,"date":"2020-04-04T18:53:17","date_gmt":"2021-08-02T19:36:22","guid":{"rendered":"https:\/\/www.versiegelung24.com\/produkt\/5-litros-de-concentrado-bacoban-para-500-litros-de-desinfeccion-de-superficies-a-largo-plazo"},"modified":"2025-01-13T16:36:30","modified_gmt":"2025-01-13T15:36:30","slug":"bacoban-desinfeccion-de-superficies-a-largo-plazo-5-000ml-concentrado-a-base-de-agua","status":"publish","type":"product","link":"https:\/\/www.versiegelung24.com\/es\/bacoban-desinfeccion-de-superficies-a-largo-plazo-5-000ml-concentrado-a-base-de-agua.html","title":{"rendered":"5 litros de concentrado BACOBAN\u00ae para 500 litros de desinfecci\u00f3n de superficies a largo plazo"},"content":{"rendered":"\n<h2 class=\"wp-block-heading\" id=\"h-5-liter-kanister-bacoban-langzeit-flachendesinfektion-konzentrat\">Bid\u00f3n de 5 litros BACOBAN\u00ae concentrado de desinfecci\u00f3n de superficies a largo plazo<\/h2>\n\n<p><strong>Suficiente para 500 litros de desinfectante (diluido 1: 100 con agua)<\/strong><\/p>\n\n<p><strong>Use desinfectantes con cuidado. Lea siempre la etiqueta y la informaci\u00f3n del producto antes de usarlo.<\/strong><\/p>\n\n<hr \/>\n\n<h4 class=\"wp-block-heading\" id=\"properties\">Caracter\u00edsticas del producto<\/h4>\n\n<p><br \/>C<strong>omposici\u00f3n:<\/strong> 100 g de soluci\u00f3n contienen<br \/>Cloruro de benzalconio 26 g, piritiona s\u00f3dica 2,5 g, policondensados, fragancias, agua purificada, sin formaldeh\u00eddo, sin fenol. Ingredientes seg\u00fan el Reglamento (CE) n\u00ba 648\/2004: 15 % y m\u00e1s, pero menos del 30 % de tensioactivos cati\u00f3nicos, desinfectantes, fragancia (linalool, limoneno, citral, geraniol, citronelol).<\/p>\n<div class=\"wp-block-image\">\n<figure class=\"aligncenter size-large is-resized\"><img decoding=\"async\" src=\"https:\/\/www.versiegelung24.com\/wp-content\/uploads\/2022\/01\/desinfektion_tisch-1300x260.jpg\" alt=\"\" class=\"wp-image-59386\" width=\"1500\" srcset=\"https:\/\/www.versiegelung24.com\/wp-content\/uploads\/2022\/01\/desinfektion_tisch-1300x260.jpg 1300w, https:\/\/www.versiegelung24.com\/wp-content\/uploads\/2022\/01\/desinfektion_tisch-300x60.jpg 300w, https:\/\/www.versiegelung24.com\/wp-content\/uploads\/2022\/01\/desinfektion_tisch-768x154.jpg 768w, https:\/\/www.versiegelung24.com\/wp-content\/uploads\/2022\/01\/desinfektion_tisch-600x120.jpg 600w, https:\/\/www.versiegelung24.com\/wp-content\/uploads\/2022\/01\/desinfektion_tisch.jpg 1500w\" sizes=\"(max-width: 1300px) 100vw, 1300px\" \/><\/figure>\n<\/div>\n<hr \/>\n\n<h4 class=\"wp-block-heading\" id=\"application\">Aplicaci\u00f3n<\/h4>\n\n<p>Afuera<strong> Bacoban<\/strong><sup> \u00ae<\/sup><strong> WB<\/strong> Prepare una soluci\u00f3n lista para usar de acuerdo con la mesa de mezcla y humedezca las superficies lo suficiente. No enjuague ni frote para secar. Tiempo de reposo de la soluci\u00f3n de trabajo reci\u00e9n preparada: 8 horas.<\/p>\n\n<figure class=\"wp-block-table\"><table><tbody><tr><td>Mesa de mezclas<\/td><\/tr><tr><td>Volumen final<\/td><td>0,5 %<\/td><td>1 %<\/td><td>2 %<\/td><td>3 %<\/td><\/tr><tr><td>1 litro<\/td><td>5 ml<\/td><td>10 ml<\/td><td>20 ml<\/td><td>30 ml<\/td><\/tr><tr><td>2 litros<\/td><td>10 ml<\/td><td>20 ml<\/td><td>40 ml<\/td><td>60 ml<\/td><\/tr><tr><td>4 litros<\/td><td>20 ml<\/td><td>40 ml<\/td><td>80 ml<\/td><td>120 ml<\/td><\/tr><tr><td>8 litros<\/td><td>40 ml<\/td><td>80 ml<\/td><td>160 ml<\/td><td>240 ml<\/td><\/tr><tr><td>10 litros<\/td><td>50 ml<\/td><td>100 ml<\/td><td>200 ml<\/td><td>300 ml<\/td><\/tr><\/tbody><\/table><figcaption>mesa de mezclas<\/figcaption><\/figure>\n\n<p><br \/>Efecto antimicrobiano duradero <strong>(efecto de remanencia)<\/strong> hasta <strong>10 d\u00edas<\/strong> (probado seg\u00fan ASTM E 2180). Dermatol\u00f3gicamente probado (*al 1%): muy buena compatibilidad con la piel.<\/p>\n\n<p><strong>Efectividad y dosificaci\u00f3n:<\/strong><\/p>\n\n<div class=\"wp-block-columns is-layout-flex wp-container-core-columns-is-layout-9d6595d7 wp-block-columns-is-layout-flex\">\n<div class=\"wp-block-column is-layout-flow wp-block-column-is-layout-flow\">\n<p><br \/><br \/><br \/><br \/><br \/>Pruebas seg\u00fan las directrices DGHM (alta carga org\u00e1nica): 1,5 %, 15 min.; 2,0 %, 5 min. Pruebas seg\u00fan las directrices EN: DIN EN 1040: 0,25 %, 5 min. DIN EN 1275: 0,25 %, 5 min. DIN EN 1276: 0,75 %, 5 min.\/0,50 %, 15 min.<\/p>\n<\/div>\n\n\n\n<div class=\"wp-block-column is-layout-flow wp-block-column-is-layout-flow\">\n<p><br \/><br \/>DIN EN 1650: 0,50 %, 5 min\/0,25 %, 15 min DIN EN 13697: 0,50 %, 15 min EN 13727:<br \/><br \/><br \/><br \/>1%, 5 min. EN 13624: 1%, 5 min. DIN EN 14561: 3% 5 min, 0,5% 60 min DIN EN 14562: 0,5% 60 min Pruebas seg\u00fan las directrices de la DVV: *eficacia virucida limitada; 1,0 %; 5 min. (VIH, VHB, VHC, herpes, gripe, tambi\u00e9n gripe aviar, VDVB, vaccinia), rotavirus: 0,1 %, 5 min., adenovirus: 2,0 %, 240 min.<\/p>\n<\/div>\n<\/div>\n\n<p><strong>Efecto antimicrobiano duradero hasta 10 d\u00edas.<\/strong> (probado seg\u00fan ASTM E 2180)<\/p>\n\n<p><br \/>I<strong>mportante<\/strong>: el efecto antimicrobiano duradero de<sup>Bacoban\u00aeWB<\/sup>no debe llevar a omitir las medidas de desinfecci\u00f3n necesarias en caso de contaminaci\u00f3n visible o dudosa.<\/p>\n<div class=\"wp-block-image\">\n<figure class=\"aligncenter size-large is-resized\"><img decoding=\"async\" src=\"https:\/\/www.versiegelung24.com\/wp-content\/uploads\/2022\/01\/tuere_viren-1300x260.jpg\" alt=\"\" class=\"wp-image-59414\" width=\"1500\" srcset=\"https:\/\/www.versiegelung24.com\/wp-content\/uploads\/2022\/01\/tuere_viren-1300x260.jpg 1300w, https:\/\/www.versiegelung24.com\/wp-content\/uploads\/2022\/01\/tuere_viren-300x60.jpg 300w, https:\/\/www.versiegelung24.com\/wp-content\/uploads\/2022\/01\/tuere_viren-768x154.jpg 768w, https:\/\/www.versiegelung24.com\/wp-content\/uploads\/2022\/01\/tuere_viren-600x120.jpg 600w, https:\/\/www.versiegelung24.com\/wp-content\/uploads\/2022\/01\/tuere_viren.jpg 1500w\" sizes=\"(max-width: 1300px) 100vw, 1300px\" \/><\/figure>\n<\/div>\n<hr \/>\n\n<h4 class=\"wp-block-heading\" id=\"advisor\">Consejero<\/h4>\n\n<p><br \/>I<strong>nformaci\u00f3n de seguridad:<\/strong> La asociaci\u00f3n de seguros de responsabilidad civil de los empresarios estipula que deben utilizarse guantes al manipular desinfectantes. Nocivo por ingesti\u00f3n. Provoca quemaduras graves en la piel y lesiones oculares. Muy t\u00f3xico para los organismos acu\u00e1ticos. T\u00f3xico para los organismos acu\u00e1ticos, con efectos duraderos. No coma, beba ni fume durante su uso. EN CASO DE INGESTI\u00d3N: Enjuagar la boca. NO provocar el v\u00f3mito. EN CASO DE CONTACTO CON LA PIEL (o el cabello): Quitarse inmediatamente toda la ropa contaminada. Aclarar la piel con agua\/ducha. EN CASO DE CONTACTO CON LOS OJOS: Aclarar cuidadosamente con agua durante varios minutos. Si es posible, qu\u00edtese las lentes de contacto existentes. Contin\u00fae aclarando. Llame inmediatamente a un CENTRO DE INFORMACI\u00d3N TOXICOL\u00d3GICA o a un m\u00e9dico. Si se requiere consejo m\u00e9dico, tenga preparado el envase o la etiqueta. <br \/>Mantener fuera del alcance de los ni\u00f1os. Utilizar s\u00f3lo con agua y seg\u00fan la tabla de mezclas. No utilizar con otros limpiadores o desinfectantes.<\/p>\n\n<div class=\"wp-block-columns is-layout-flex wp-container-core-columns-is-layout-9d6595d7 wp-block-columns-is-layout-flex\">\n<div class=\"wp-block-column is-layout-flow wp-block-column-is-layout-flow\">\n<p>Puede utilizarse en todas las superficies. En el caso de <strong>superficies cuestionablemente sensibles, recomendamos una prueba de resistencia<\/strong> en un \u00e1rea poco visible. Conservar \u00fanicamente en un recipiente cerrado. Conservar en un lugar fresco y seco.<\/p>\n<\/div>\n\n\n\n<div class=\"wp-block-column is-layout-flow wp-block-column-is-layout-flow\">\n<p><strong>El contenedor s\u00f3lo puede reciclarse cuando est\u00e1 completamente vac\u00edo.<\/strong> No lo use despu\u00e9s de la fecha de vencimiento. Eliminar de acuerdo con la normativa local y oficial.<\/p>\n<\/div>\n<\/div>\n\n<p>N\u00ba de registro biocida: N-28795 (D). 263\/17\/L (Lu)<\/p>\n\n<p>La soluci\u00f3n <strong>lista<\/strong> para usar seg\u00fan la tabla de mezclas no requiere un s\u00edmbolo de peligro.<\/p>\n","protected":false},"excerpt":{"rendered":"<p><strong>Concentrado para 500 litros de desinfectante a base de agua.<\/strong><\/p>\n","protected":false},"featured_media":15396,"template":"","meta":{"_acf_changed":false,"neve_meta_sidebar":"","neve_meta_container":"","neve_meta_enable_content_width":"","neve_meta_content_width":0,"neve_meta_title_alignment":"","neve_meta_author_avatar":"","neve_post_elements_order":"","neve_meta_disable_header":"","neve_meta_disable_footer":"","neve_meta_disable_title":"","neve_meta_reading_time":"","_surfaces":[],"_ver_product_tabs":[],"footnotes":""},"product_brand":[],"product_cat":[2239,2240,2241],"product_tag":[],"class_list":{"0":"post-23430","1":"product","2":"type-product","3":"status-publish","4":"has-post-thumbnail","6":"product_cat-desinfectantes","7":"product_cat-desinfectantes-de-superficies","8":"product_cat-concentrados-desinfectantes","10":"first","11":"instock","12":"taxable","13":"shipping-taxable","14":"purchasable","15":"product-type-simple"},"acf":[],"yoast_head":"<!-- This site is optimized with the Yoast SEO Premium plugin v22.8 (Yoast SEO v27.5) - https:\/\/yoast.com\/product\/yoast-seo-premium-wordpress\/ -->\n<title>5 litros de concentrado BACOBAN\u00ae para 500 litros de desinfecci\u00f3n de superficies a largo plazo - versiegelung24.com<\/title>\n<meta name=\"robots\" content=\"index, follow, max-snippet:-1, max-image-preview:large, max-video-preview:-1\" \/>\n<link rel=\"canonical\" href=\"https:\/\/www.versiegelung24.com\/es\/bacoban-desinfeccion-de-superficies-a-largo-plazo-5-000ml-concentrado-a-base-de-agua.html\" \/>\n<meta property=\"og:locale\" content=\"es_ES\" \/>\n<meta property=\"og:type\" content=\"article\" \/>\n<meta property=\"og:title\" content=\"5 litros de concentrado BACOBAN\u00ae para 500 litros de desinfecci\u00f3n de superficies a largo plazo\" \/>\n<meta property=\"og:description\" content=\"Concentrado para 500 litros de desinfectante a base de agua.\" \/>\n<meta property=\"og:url\" content=\"https:\/\/www.versiegelung24.com\/es\/bacoban-desinfeccion-de-superficies-a-largo-plazo-5-000ml-concentrado-a-base-de-agua.html\" \/>\n<meta property=\"og:site_name\" content=\"versiegelung24.com\" \/>\n<meta property=\"article:modified_time\" content=\"2025-01-13T15:36:30+00:00\" \/>\n<meta property=\"og:image\" content=\"https:\/\/www.versiegelung24.com\/wp-content\/uploads\/2020\/05\/bacoban-bacwb5-1.png\" \/>\n\t<meta property=\"og:image:width\" content=\"2000\" \/>\n\t<meta property=\"og:image:height\" content=\"2000\" \/>\n\t<meta property=\"og:image:type\" content=\"image\/png\" \/>\n<meta name=\"twitter:card\" content=\"summary_large_image\" \/>\n<meta name=\"twitter:label1\" content=\"Precio\" \/>\n\t<meta name=\"twitter:data1\" content=\"399,00&euro;\" \/>\n\t<meta name=\"twitter:label2\" content=\"Disponibilidad\" \/>\n\t<meta name=\"twitter:data2\" content=\"Disponible\" \/>\n<script type=\"application\/ld+json\" class=\"yoast-schema-graph\">{\"@context\":\"https:\\\/\\\/schema.org\",\"@graph\":[{\"@type\":\"WebPage\",\"@id\":\"https:\\\/\\\/www.versiegelung24.com\\\/es\\\/bacoban-desinfeccion-de-superficies-a-largo-plazo-5-000ml-concentrado-a-base-de-agua.html\",\"url\":\"https:\\\/\\\/www.versiegelung24.com\\\/es\\\/bacoban-desinfeccion-de-superficies-a-largo-plazo-5-000ml-concentrado-a-base-de-agua.html\",\"name\":\"5 litros de concentrado BACOBAN\u00ae para 500 litros de desinfecci\u00f3n de superficies a largo plazo - versiegelung24.com\",\"isPartOf\":{\"@id\":\"https:\\\/\\\/www.versiegelung24.com\\\/es\\\/#website\"},\"primaryImageOfPage\":{\"@id\":\"https:\\\/\\\/www.versiegelung24.com\\\/es\\\/bacoban-desinfeccion-de-superficies-a-largo-plazo-5-000ml-concentrado-a-base-de-agua.html#primaryimage\"},\"image\":{\"@id\":\"https:\\\/\\\/www.versiegelung24.com\\\/es\\\/bacoban-desinfeccion-de-superficies-a-largo-plazo-5-000ml-concentrado-a-base-de-agua.html#primaryimage\"},\"thumbnailUrl\":\"https:\\\/\\\/www.versiegelung24.com\\\/wp-content\\\/uploads\\\/2020\\\/05\\\/bacoban-bacwb5-1.png\",\"datePublished\":\"2021-08-02T19:36:22+00:00\",\"dateModified\":\"2025-01-13T15:36:30+00:00\",\"breadcrumb\":{\"@id\":\"https:\\\/\\\/www.versiegelung24.com\\\/es\\\/bacoban-desinfeccion-de-superficies-a-largo-plazo-5-000ml-concentrado-a-base-de-agua.html#breadcrumb\"},\"inLanguage\":\"es\",\"potentialAction\":[{\"@type\":\"ReadAction\",\"target\":[\"https:\\\/\\\/www.versiegelung24.com\\\/es\\\/bacoban-desinfeccion-de-superficies-a-largo-plazo-5-000ml-concentrado-a-base-de-agua.html\"]}]},{\"@type\":\"ImageObject\",\"inLanguage\":\"es\",\"@id\":\"https:\\\/\\\/www.versiegelung24.com\\\/es\\\/bacoban-desinfeccion-de-superficies-a-largo-plazo-5-000ml-concentrado-a-base-de-agua.html#primaryimage\",\"url\":\"https:\\\/\\\/www.versiegelung24.com\\\/wp-content\\\/uploads\\\/2020\\\/05\\\/bacoban-bacwb5-1.png\",\"contentUrl\":\"https:\\\/\\\/www.versiegelung24.com\\\/wp-content\\\/uploads\\\/2020\\\/05\\\/bacoban-bacwb5-1.png\",\"width\":2000,\"height\":2000},{\"@type\":\"BreadcrumbList\",\"@id\":\"https:\\\/\\\/www.versiegelung24.com\\\/es\\\/bacoban-desinfeccion-de-superficies-a-largo-plazo-5-000ml-concentrado-a-base-de-agua.html#breadcrumb\",\"itemListElement\":[{\"@type\":\"ListItem\",\"position\":1,\"name\":\"P\u00e1gina web\",\"item\":\"https:\\\/\\\/www.versiegelung24.com\\\/es\\\/frontal\\\/\"},{\"@type\":\"ListItem\",\"position\":2,\"name\":\"Tienda\",\"item\":\"https:\\\/\\\/www.versiegelung24.com\\\/es\\\/tienda\\\/\"},{\"@type\":\"ListItem\",\"position\":3,\"name\":\"5 litros de concentrado BACOBAN\u00ae para 500 litros de desinfecci\u00f3n de superficies a largo plazo\"}]},{\"@type\":\"WebSite\",\"@id\":\"https:\\\/\\\/www.versiegelung24.com\\\/es\\\/#website\",\"url\":\"https:\\\/\\\/www.versiegelung24.com\\\/es\\\/\",\"name\":\"versiegelung24.com\",\"description\":\"Fl\u00fcssigglas-Versiegelung - Made in Germany\",\"publisher\":{\"@id\":\"https:\\\/\\\/www.versiegelung24.com\\\/es\\\/#organization\"},\"potentialAction\":[{\"@type\":\"SearchAction\",\"target\":{\"@type\":\"EntryPoint\",\"urlTemplate\":\"https:\\\/\\\/www.versiegelung24.com\\\/es\\\/?s={search_term_string}\"},\"query-input\":{\"@type\":\"PropertyValueSpecification\",\"valueRequired\":true,\"valueName\":\"search_term_string\"}}],\"inLanguage\":\"es\"},{\"@type\":\"Organization\",\"@id\":\"https:\\\/\\\/www.versiegelung24.com\\\/es\\\/#organization\",\"name\":\"versiegelung24\",\"url\":\"https:\\\/\\\/www.versiegelung24.com\\\/es\\\/\",\"logo\":{\"@type\":\"ImageObject\",\"inLanguage\":\"es\",\"@id\":\"https:\\\/\\\/www.versiegelung24.com\\\/es\\\/#\\\/schema\\\/logo\\\/image\\\/\",\"url\":\"https:\\\/\\\/www.versiegelung24.com\\\/wp-content\\\/uploads\\\/2020\\\/04\\\/versiegelung24.png\",\"contentUrl\":\"https:\\\/\\\/www.versiegelung24.com\\\/wp-content\\\/uploads\\\/2020\\\/04\\\/versiegelung24.png\",\"width\":470,\"height\":102,\"caption\":\"versiegelung24\"},\"image\":{\"@id\":\"https:\\\/\\\/www.versiegelung24.com\\\/es\\\/#\\\/schema\\\/logo\\\/image\\\/\"}}]}<\/script>\n<meta property=\"product:price:amount\" content=\"399.00\" \/>\n<meta property=\"product:price:currency\" content=\"EUR\" \/>\n<meta property=\"og:availability\" content=\"instock\" \/>\n<meta property=\"product:availability\" content=\"instock\" \/>\n<meta property=\"product:retailer_item_id\" content=\"BACWB5\" \/>\n<meta property=\"product:condition\" content=\"new\" \/>\n<!-- \/ Yoast SEO Premium plugin. -->","yoast_head_json":{"title":"5 litros de concentrado BACOBAN\u00ae para 500 litros de desinfecci\u00f3n de superficies a largo plazo - versiegelung24.com","robots":{"index":"index","follow":"follow","max-snippet":"max-snippet:-1","max-image-preview":"max-image-preview:large","max-video-preview":"max-video-preview:-1"},"canonical":"https:\/\/www.versiegelung24.com\/es\/bacoban-desinfeccion-de-superficies-a-largo-plazo-5-000ml-concentrado-a-base-de-agua.html","og_locale":"es_ES","og_type":"article","og_title":"5 litros de concentrado BACOBAN\u00ae para 500 litros de desinfecci\u00f3n de superficies a largo plazo","og_description":"Concentrado para 500 litros de desinfectante a base de agua.","og_url":"https:\/\/www.versiegelung24.com\/es\/bacoban-desinfeccion-de-superficies-a-largo-plazo-5-000ml-concentrado-a-base-de-agua.html","og_site_name":"versiegelung24.com","article_modified_time":"2025-01-13T15:36:30+00:00","og_image":[{"width":2000,"height":2000,"url":"https:\/\/www.versiegelung24.com\/wp-content\/uploads\/2020\/05\/bacoban-bacwb5-1.png","type":"image\/png"}],"twitter_card":"summary_large_image","twitter_misc":{"Precio":"399,00&euro;","Disponibilidad":"Disponible"},"schema":{"@context":"https:\/\/schema.org","@graph":[{"@type":"WebPage","@id":"https:\/\/www.versiegelung24.com\/es\/bacoban-desinfeccion-de-superficies-a-largo-plazo-5-000ml-concentrado-a-base-de-agua.html","url":"https:\/\/www.versiegelung24.com\/es\/bacoban-desinfeccion-de-superficies-a-largo-plazo-5-000ml-concentrado-a-base-de-agua.html","name":"5 litros de concentrado BACOBAN\u00ae para 500 litros de desinfecci\u00f3n de superficies a largo plazo - versiegelung24.com","isPartOf":{"@id":"https:\/\/www.versiegelung24.com\/es\/#website"},"primaryImageOfPage":{"@id":"https:\/\/www.versiegelung24.com\/es\/bacoban-desinfeccion-de-superficies-a-largo-plazo-5-000ml-concentrado-a-base-de-agua.html#primaryimage"},"image":{"@id":"https:\/\/www.versiegelung24.com\/es\/bacoban-desinfeccion-de-superficies-a-largo-plazo-5-000ml-concentrado-a-base-de-agua.html#primaryimage"},"thumbnailUrl":"https:\/\/www.versiegelung24.com\/wp-content\/uploads\/2020\/05\/bacoban-bacwb5-1.png","datePublished":"2021-08-02T19:36:22+00:00","dateModified":"2025-01-13T15:36:30+00:00","breadcrumb":{"@id":"https:\/\/www.versiegelung24.com\/es\/bacoban-desinfeccion-de-superficies-a-largo-plazo-5-000ml-concentrado-a-base-de-agua.html#breadcrumb"},"inLanguage":"es","potentialAction":[{"@type":"ReadAction","target":["https:\/\/www.versiegelung24.com\/es\/bacoban-desinfeccion-de-superficies-a-largo-plazo-5-000ml-concentrado-a-base-de-agua.html"]}]},{"@type":"ImageObject","inLanguage":"es","@id":"https:\/\/www.versiegelung24.com\/es\/bacoban-desinfeccion-de-superficies-a-largo-plazo-5-000ml-concentrado-a-base-de-agua.html#primaryimage","url":"https:\/\/www.versiegelung24.com\/wp-content\/uploads\/2020\/05\/bacoban-bacwb5-1.png","contentUrl":"https:\/\/www.versiegelung24.com\/wp-content\/uploads\/2020\/05\/bacoban-bacwb5-1.png","width":2000,"height":2000},{"@type":"BreadcrumbList","@id":"https:\/\/www.versiegelung24.com\/es\/bacoban-desinfeccion-de-superficies-a-largo-plazo-5-000ml-concentrado-a-base-de-agua.html#breadcrumb","itemListElement":[{"@type":"ListItem","position":1,"name":"P\u00e1gina web","item":"https:\/\/www.versiegelung24.com\/es\/frontal\/"},{"@type":"ListItem","position":2,"name":"Tienda","item":"https:\/\/www.versiegelung24.com\/es\/tienda\/"},{"@type":"ListItem","position":3,"name":"5 litros de concentrado BACOBAN\u00ae para 500 litros de desinfecci\u00f3n de superficies a largo plazo"}]},{"@type":"WebSite","@id":"https:\/\/www.versiegelung24.com\/es\/#website","url":"https:\/\/www.versiegelung24.com\/es\/","name":"versiegelung24.com","description":"Fl\u00fcssigglas-Versiegelung - Made in Germany","publisher":{"@id":"https:\/\/www.versiegelung24.com\/es\/#organization"},"potentialAction":[{"@type":"SearchAction","target":{"@type":"EntryPoint","urlTemplate":"https:\/\/www.versiegelung24.com\/es\/?s={search_term_string}"},"query-input":{"@type":"PropertyValueSpecification","valueRequired":true,"valueName":"search_term_string"}}],"inLanguage":"es"},{"@type":"Organization","@id":"https:\/\/www.versiegelung24.com\/es\/#organization","name":"versiegelung24","url":"https:\/\/www.versiegelung24.com\/es\/","logo":{"@type":"ImageObject","inLanguage":"es","@id":"https:\/\/www.versiegelung24.com\/es\/#\/schema\/logo\/image\/","url":"https:\/\/www.versiegelung24.com\/wp-content\/uploads\/2020\/04\/versiegelung24.png","contentUrl":"https:\/\/www.versiegelung24.com\/wp-content\/uploads\/2020\/04\/versiegelung24.png","width":470,"height":102,"caption":"versiegelung24"},"image":{"@id":"https:\/\/www.versiegelung24.com\/es\/#\/schema\/logo\/image\/"}}]},"product_price_amount":"399.00","product_price_currency":"EUR","og_availability":"instock","product_availability":"instock","product_retailer_item_id":"BACWB5","product_condition":"new"},"_links":{"self":[{"href":"https:\/\/www.versiegelung24.com\/es\/wp-json\/wp\/v2\/product\/23430","targetHints":{"allow":["GET"]}}],"collection":[{"href":"https:\/\/www.versiegelung24.com\/es\/wp-json\/wp\/v2\/product"}],"about":[{"href":"https:\/\/www.versiegelung24.com\/es\/wp-json\/wp\/v2\/types\/product"}],"version-history":[{"count":25,"href":"https:\/\/www.versiegelung24.com\/es\/wp-json\/wp\/v2\/product\/23430\/revisions"}],"predecessor-version":[{"id":180502,"href":"https:\/\/www.versiegelung24.com\/es\/wp-json\/wp\/v2\/product\/23430\/revisions\/180502"}],"wp:featuredmedia":[{"embeddable":true,"href":"https:\/\/www.versiegelung24.com\/es\/wp-json\/wp\/v2\/media\/15396"}],"wp:attachment":[{"href":"https:\/\/www.versiegelung24.com\/es\/wp-json\/wp\/v2\/media?parent=23430"}],"wp:term":[{"taxonomy":"product_brand","embeddable":true,"href":"https:\/\/www.versiegelung24.com\/es\/wp-json\/wp\/v2\/product_brand?post=23430"},{"taxonomy":"product_cat","embeddable":true,"href":"https:\/\/www.versiegelung24.com\/es\/wp-json\/wp\/v2\/product_cat?post=23430"},{"taxonomy":"product_tag","embeddable":true,"href":"https:\/\/www.versiegelung24.com\/es\/wp-json\/wp\/v2\/product_tag?post=23430"}],"curies":[{"name":"wp","href":"https:\/\/api.w.org\/{rel}","templated":true}]}}