{"id":23633,"date":"2020-04-04T18:53:41","date_gmt":"2020-04-04T16:53:41","guid":{"rendered":"https:\/\/www.versiegelung24.com\/produkt\/bioetanol-al-966-para-una-limpieza-previa-profesional"},"modified":"2025-01-13T16:59:56","modified_gmt":"2025-01-13T15:59:56","slug":"bioetanol-966-para-limpieza-previa-profesional","status":"publish","type":"product","link":"https:\/\/www.versiegelung24.com\/es\/bioetanol-966-para-limpieza-previa-profesional.html","title":{"rendered":"Bioetanol al 96,6% para una limpieza previa profesional"},"content":{"rendered":"\n<h4 class=\"wp-block-heading\" id=\"h-beschreibung\">Descripci\u00f3n de la<\/h4>\n\n<p>Bioetanol de calidad t\u00e9cnica 96,6% indicado para la limpieza previa y el desengrasado en profundidad de superficies no absorbentes. <\/p>\n\n<p>Se puede usar muy bien en combinaci\u00f3n con nuestro <a href=\"https:\/\/www.versiegelung24.com\/es\/biosativa-biologica-pre-limpiador.html\">limpiador previo biol\u00f3gico sin residuos BIOSATIVA<\/a> \u00ae para preparar, por ejemplo, vidrio, cer\u00e1mica, superficies pintadas para la aplicaci\u00f3n de nuestros sellos de superficie.<\/p>\n\n<hr \/>\n\n<h4 class=\"wp-block-heading\" id=\"properties\">Caracter\u00edsticas del producto<\/h4>\n\n<p>\u2713 Bioetanol elaborado 100% a partir de ma\u00edz y remolacha azucarera<\/p>\n\n<p>\u2713 Producci\u00f3n regional con ingredientes de Europa<\/p>\n\n<p>\u2713 Producci\u00f3n seg\u00fan altas directrices europeas<\/p>\n\n<p>\u2713 Seguridad y calidad a trav\u00e9s de altos est\u00e1ndares<\/p>\n\n<p>Alta pureza, con 1% MEK, 1% isopropanol y Bitrex totalmente desnaturalizado bioetanol 96,6% (alcohol etileno) de producci\u00f3n sostenible (biomasa).<\/p>\n\n<hr \/>\n\n<h4 class=\"wp-block-heading\" id=\"application\">Aplicaci\u00f3n<\/h4>\n\n<p>Para limpiar superficies lisas y no absorbentes, recomendamos limpiar en dos pasos:<\/p>\n\n<p>1. Limpieza previa intensiva de la superficie con un limpiador convencional sin residuos o con nuestro <a href=\"https:\/\/www.versiegelung24.com\/es\/biosativa-biologica-pre-limpiador.html\">concentrado de limpieza biol\u00f3gico BIOSATIVA<\/a> <a href=\"https:\/\/www.versiegelung24.com\/biosativa-biologischer-vorreiniger.html\">\u00ae<\/a><\/p>\n\n<p>2. Despu\u00e9s de completar el proceso de limpieza, limpie nuevamente la superficie con bioetanol 96,6% para que se elimine toda la suciedad y la superficie quede completamente libre de grasa. Repite este proceso hasta que no queden m\u00e1s residuos de suciedad en el pa\u00f1o de microfibra.<\/p>\n\n<p>Despu\u00e9s de un breve tiempo de evaporaci\u00f3n de cualquier residuo de alcohol en la superficie, puede comenzar la aplicaci\u00f3n de nuestros nano-recubrimientos e impregnaciones.<\/p>\n\n<p><em>B\u00e1sicamente, con cada limpieza y sellado de superficies, siempre se debe realizar una prueba en un \u00e1rea discreta para determinar la compatibilidad de la superficie con los agentes utilizados.<\/em><\/p>\n\n<hr \/>\n\n<h4 class=\"wp-block-heading\" id=\"advisor\">Consejero<\/h4>\n\n<p><strong>Bioetanol 96,6% &#8211; perfecto para chimeneas de mesa<\/strong><\/p>\n\n<p>Tan diferentes como nuestros gustos, las chimeneas de etanol se han vuelto indispensables en muchos hogares. Las botellas de 1 litro son perfectas para usuarios ocasionales o usuarios primerizos que quieran familiarizarse con su chimenea de etanol o con nuestro combustible de bioetanol l\u00edquido.<\/p>\n\n<p><strong>\u00bfCu\u00e1nto dura 1 litro de bioetanol?<\/strong><\/p>\n\n<p>El tiempo medio de combusti\u00f3n de 1 litro de bioetanol al 96,6 % es de 2 a 3 horas. Pero no se puede decir exactamente, porque el tiempo de combusti\u00f3n depende del \u00e1rea de superficie en la que se quema el l\u00edquido. Cuanto mayor sea el \u00e1rea, m\u00e1s r\u00e1pido se quema el bioetanol premium.<\/p>\n\n<hr \/>\n\n<h4 class=\"wp-block-heading\" id=\"faq\">PREGUNTAS FRECUENTES<\/h4>\n\n<div class=\"schema-faq wp-block-yoast-faq-block\"><div class=\"schema-faq-section\" id=\"faq-question-1645793617330\"><strong class=\"schema-faq-question\">\u00bfEst\u00e1 aprobado el bioetanol para el sector m\u00e9dico?<\/strong> <p class=\"schema-faq-answer\">\u00a1No! Si est\u00e1 buscando un desinfectante de superficies, puede encontrar m\u00e1s informaci\u00f3n aqu\u00ed: <a href=\"https:\/\/www.versiegelung24.com\/desinfektionsmittel\/\">Resumen de desinfectantes<\/a><\/p> <\/div> <div class=\"schema-faq-section\" id=\"faq-question-1645793819353\"><strong class=\"schema-faq-question\">\u00bfQu\u00e9 tan peligroso es el bioetanol?<\/strong> <p class=\"schema-faq-answer\">La combusti\u00f3n produce vapor de agua (H2O) y di\u00f3xido de carbono (CO2) tal como lo hacemos cuando respiramos. Bioetanol 96,6% arde sin olor y sin dejar residuos. \u00a1Cuando se use en chimeneas, siempre se deben observar las advertencias precisas de peligro!<br>El bioetanol 96,6% es altamente inflamable. Cuando se usa como limpiador, se producen gases f\u00e1cilmente combustibles. <br><\/p> <\/div> <div class=\"schema-faq-section\" id=\"faq-question-1645794918526\"><strong class=\"schema-faq-question\">\u00bfPuede el bioetanol (utilizado como limpiador) atacar las superficies?<\/strong> <p class=\"schema-faq-answer\">En el caso de los pl\u00e1sticos en particular, se debe tener cuidado aqu\u00ed. Los pl\u00e1sticos blandos, como los sellos y las mangueras, pueden reaccionar con los plastificantes y da\u00f1ar las superficies o los materiales.<br><br>B\u00e1sicamente, al limpiar la superficie, siempre se debe realizar una prueba primero en un \u00e1rea discreta.<\/p> <\/div> <\/div>\n","protected":false},"excerpt":{"rendered":"<p>\u2713 Bioetanol elaborado 100% a partir de ma\u00edz y remolacha azucarera<\/p>\n<p>\u2713 Producci\u00f3n regional con ingredientes de Europa<\/p>\n<p>\u2713 Producci\u00f3n seg\u00fan altas directrices europeas<\/p>\n<p>\u2713 Seguridad y calidad a trav\u00e9s de altos est\u00e1ndares<\/p>\n","protected":false},"featured_media":65165,"template":"","meta":{"_acf_changed":false,"neve_meta_sidebar":"","neve_meta_container":"","neve_meta_enable_content_width":"","neve_meta_content_width":0,"neve_meta_title_alignment":"","neve_meta_author_avatar":"","neve_post_elements_order":"","neve_meta_disable_header":"","neve_meta_disable_footer":"","neve_meta_disable_title":"","neve_meta_reading_time":"","_surfaces":[],"_ver_product_tabs":[],"footnotes":""},"product_brand":[],"product_cat":[2382,2390,2620,2182,2379],"product_tag":[],"class_list":{"0":"post-23633","1":"product","2":"type-product","3":"status-publish","4":"has-post-thumbnail","6":"product_cat-sellado-de-metal-y-plastico","7":"product_cat-limpiando-suministros","8":"product_cat-bioetanol-es","9":"product_cat-sellado-de-coches","10":"product_cat-sellado-para-vidrio-y-ceramica","12":"first","13":"instock","14":"taxable","15":"shipping-taxable","16":"purchasable","17":"product-type-simple"},"acf":[],"yoast_head":"<!-- This site is optimized with the Yoast SEO Premium plugin v22.8 (Yoast SEO v27.5) - https:\/\/yoast.com\/product\/yoast-seo-premium-wordpress\/ -->\n<title>Bioetanol al 96,6% para una limpieza previa profesional - versiegelung24.com<\/title>\n<meta name=\"robots\" content=\"index, follow, max-snippet:-1, max-image-preview:large, max-video-preview:-1\" \/>\n<link rel=\"canonical\" href=\"https:\/\/www.versiegelung24.com\/es\/bioetanol-966-para-limpieza-previa-profesional.html\" \/>\n<meta property=\"og:locale\" content=\"es_ES\" \/>\n<meta property=\"og:type\" content=\"article\" \/>\n<meta property=\"og:title\" content=\"Bioetanol al 96,6% para una limpieza previa profesional\" \/>\n<meta property=\"og:description\" content=\"\u2713 Bioetanol elaborado 100% a partir de ma\u00edz y remolacha azucarera \u2713 Producci\u00f3n regional con ingredientes de Europa \u2713 Producci\u00f3n seg\u00fan altas directrices europeas \u2713 Seguridad y calidad a trav\u00e9s de altos est\u00e1ndares\" \/>\n<meta property=\"og:url\" content=\"https:\/\/www.versiegelung24.com\/es\/bioetanol-966-para-limpieza-previa-profesional.html\" \/>\n<meta property=\"og:site_name\" content=\"versiegelung24.com\" \/>\n<meta property=\"article:modified_time\" content=\"2025-01-13T15:59:56+00:00\" \/>\n<meta property=\"og:image\" content=\"https:\/\/www.versiegelung24.com\/wp-content\/uploads\/2020\/04\/produkt_9100-950-1000-bioethanol-flasche.jpeg\" \/>\n\t<meta property=\"og:image:width\" content=\"2560\" \/>\n\t<meta property=\"og:image:height\" content=\"2560\" \/>\n\t<meta property=\"og:image:type\" content=\"image\/jpeg\" \/>\n<meta name=\"twitter:card\" content=\"summary_large_image\" \/>\n<meta name=\"twitter:label1\" content=\"Precio\" \/>\n\t<meta name=\"twitter:data1\" content=\"9,99&euro;\" \/>\n\t<meta name=\"twitter:label2\" content=\"Disponibilidad\" \/>\n\t<meta name=\"twitter:data2\" content=\"Disponible\" \/>\n<script type=\"application\/ld+json\" class=\"yoast-schema-graph\">{\"@context\":\"https:\\\/\\\/schema.org\",\"@graph\":[{\"@type\":[\"WebPage\",\"FAQPage\"],\"@id\":\"https:\\\/\\\/www.versiegelung24.com\\\/es\\\/bioetanol-966-para-limpieza-previa-profesional.html\",\"url\":\"https:\\\/\\\/www.versiegelung24.com\\\/es\\\/bioetanol-966-para-limpieza-previa-profesional.html\",\"name\":\"Bioetanol al 96,6% para una limpieza previa profesional - versiegelung24.com\",\"isPartOf\":{\"@id\":\"https:\\\/\\\/www.versiegelung24.com\\\/es\\\/#website\"},\"primaryImageOfPage\":{\"@id\":\"https:\\\/\\\/www.versiegelung24.com\\\/es\\\/bioetanol-966-para-limpieza-previa-profesional.html#primaryimage\"},\"image\":{\"@id\":\"https:\\\/\\\/www.versiegelung24.com\\\/es\\\/bioetanol-966-para-limpieza-previa-profesional.html#primaryimage\"},\"thumbnailUrl\":\"https:\\\/\\\/www.versiegelung24.com\\\/wp-content\\\/uploads\\\/2020\\\/04\\\/produkt_9100-950-1000-bioethanol-flasche.jpeg\",\"datePublished\":\"2020-04-04T16:53:41+00:00\",\"dateModified\":\"2025-01-13T15:59:56+00:00\",\"breadcrumb\":{\"@id\":\"https:\\\/\\\/www.versiegelung24.com\\\/es\\\/bioetanol-966-para-limpieza-previa-profesional.html#breadcrumb\"},\"mainEntity\":[{\"@id\":\"https:\\\/\\\/www.versiegelung24.com\\\/es\\\/bioetanol-966-para-limpieza-previa-profesional.html#faq-question-1645793617330\"},{\"@id\":\"https:\\\/\\\/www.versiegelung24.com\\\/es\\\/bioetanol-966-para-limpieza-previa-profesional.html#faq-question-1645793819353\"},{\"@id\":\"https:\\\/\\\/www.versiegelung24.com\\\/es\\\/bioetanol-966-para-limpieza-previa-profesional.html#faq-question-1645794918526\"}],\"inLanguage\":\"es\",\"potentialAction\":[{\"@type\":\"ReadAction\",\"target\":[\"https:\\\/\\\/www.versiegelung24.com\\\/es\\\/bioetanol-966-para-limpieza-previa-profesional.html\"]}]},{\"@type\":\"ImageObject\",\"inLanguage\":\"es\",\"@id\":\"https:\\\/\\\/www.versiegelung24.com\\\/es\\\/bioetanol-966-para-limpieza-previa-profesional.html#primaryimage\",\"url\":\"https:\\\/\\\/www.versiegelung24.com\\\/wp-content\\\/uploads\\\/2020\\\/04\\\/produkt_9100-950-1000-bioethanol-flasche.jpeg\",\"contentUrl\":\"https:\\\/\\\/www.versiegelung24.com\\\/wp-content\\\/uploads\\\/2020\\\/04\\\/produkt_9100-950-1000-bioethanol-flasche.jpeg\",\"width\":2560,\"height\":2560},{\"@type\":\"BreadcrumbList\",\"@id\":\"https:\\\/\\\/www.versiegelung24.com\\\/es\\\/bioetanol-966-para-limpieza-previa-profesional.html#breadcrumb\",\"itemListElement\":[{\"@type\":\"ListItem\",\"position\":1,\"name\":\"P\u00e1gina web\",\"item\":\"https:\\\/\\\/www.versiegelung24.com\\\/es\\\/frontal\\\/\"},{\"@type\":\"ListItem\",\"position\":2,\"name\":\"Tienda\",\"item\":\"https:\\\/\\\/www.versiegelung24.com\\\/es\\\/tienda\\\/\"},{\"@type\":\"ListItem\",\"position\":3,\"name\":\"Bioetanol al 96,6% para una limpieza previa profesional\"}]},{\"@type\":\"WebSite\",\"@id\":\"https:\\\/\\\/www.versiegelung24.com\\\/es\\\/#website\",\"url\":\"https:\\\/\\\/www.versiegelung24.com\\\/es\\\/\",\"name\":\"versiegelung24.com\",\"description\":\"Fl\u00fcssigglas-Versiegelung - Made in Germany\",\"publisher\":{\"@id\":\"https:\\\/\\\/www.versiegelung24.com\\\/es\\\/#organization\"},\"potentialAction\":[{\"@type\":\"SearchAction\",\"target\":{\"@type\":\"EntryPoint\",\"urlTemplate\":\"https:\\\/\\\/www.versiegelung24.com\\\/es\\\/?s={search_term_string}\"},\"query-input\":{\"@type\":\"PropertyValueSpecification\",\"valueRequired\":true,\"valueName\":\"search_term_string\"}}],\"inLanguage\":\"es\"},{\"@type\":\"Organization\",\"@id\":\"https:\\\/\\\/www.versiegelung24.com\\\/es\\\/#organization\",\"name\":\"versiegelung24\",\"url\":\"https:\\\/\\\/www.versiegelung24.com\\\/es\\\/\",\"logo\":{\"@type\":\"ImageObject\",\"inLanguage\":\"es\",\"@id\":\"https:\\\/\\\/www.versiegelung24.com\\\/es\\\/#\\\/schema\\\/logo\\\/image\\\/\",\"url\":\"https:\\\/\\\/www.versiegelung24.com\\\/wp-content\\\/uploads\\\/2020\\\/04\\\/versiegelung24.png\",\"contentUrl\":\"https:\\\/\\\/www.versiegelung24.com\\\/wp-content\\\/uploads\\\/2020\\\/04\\\/versiegelung24.png\",\"width\":470,\"height\":102,\"caption\":\"versiegelung24\"},\"image\":{\"@id\":\"https:\\\/\\\/www.versiegelung24.com\\\/es\\\/#\\\/schema\\\/logo\\\/image\\\/\"}},{\"@type\":\"Question\",\"@id\":\"https:\\\/\\\/www.versiegelung24.com\\\/es\\\/bioetanol-966-para-limpieza-previa-profesional.html#faq-question-1645793617330\",\"position\":1,\"url\":\"https:\\\/\\\/www.versiegelung24.com\\\/es\\\/bioetanol-966-para-limpieza-previa-profesional.html#faq-question-1645793617330\",\"name\":\"Ist Bioethanol f\u00fcr den medizinischen Bereich zugelassen?\",\"answerCount\":1,\"acceptedAnswer\":{\"@type\":\"Answer\",\"text\":\"Nein! Wenn Sie ein Fl\u00e4chendesinfektionsmittel suchen, finden Sie weitere Informationen hier: <a href=\\\"https:\\\/\\\/www.versiegelung24.com\\\/desinfektionsmittel\\\/\\\">\u00dcbersicht Desinfektionsmittel<\\\/a>\",\"inLanguage\":\"es\"},\"inLanguage\":\"es\"},{\"@type\":\"Question\",\"@id\":\"https:\\\/\\\/www.versiegelung24.com\\\/es\\\/bioetanol-966-para-limpieza-previa-profesional.html#faq-question-1645793819353\",\"position\":2,\"url\":\"https:\\\/\\\/www.versiegelung24.com\\\/es\\\/bioetanol-966-para-limpieza-previa-profesional.html#faq-question-1645793819353\",\"name\":\"Wie gef\u00e4hrlich ist Bioethanol?\",\"answerCount\":1,\"acceptedAnswer\":{\"@type\":\"Answer\",\"text\":\"Bei der Verbrennung entstehen genau wie bei unserer Atmung Wasserdampf (H2O) und Kohlendioxid (CO2). Bioethanol 96,6% verbrennt geruchs- und r\u00fcckstandsfrei. Bei Nutzung in Feuerstellen sind stets die genauen Gefahrenhinweise zu beachten!<br \\\/>Bioethanol 96,6% ist leicht entz\u00fcndlich. Bei der Nutzung als Reiniger entstehen leicht brennbare Gase. <br \\\/>\",\"inLanguage\":\"es\"},\"inLanguage\":\"es\"},{\"@type\":\"Question\",\"@id\":\"https:\\\/\\\/www.versiegelung24.com\\\/es\\\/bioetanol-966-para-limpieza-previa-profesional.html#faq-question-1645794918526\",\"position\":3,\"url\":\"https:\\\/\\\/www.versiegelung24.com\\\/es\\\/bioetanol-966-para-limpieza-previa-profesional.html#faq-question-1645794918526\",\"name\":\"Kann Bioethanol (als Reiniger eingesetzt) Oberfl\u00e4chen angreifen?\",\"answerCount\":1,\"acceptedAnswer\":{\"@type\":\"Answer\",\"text\":\"Besonders bei Kunststoffen ist hier mit Achtsamkeit vor zu gehen. Weiche Kunststoffe wie z.B. bei Dichtungen und Schl\u00e4uchen kann dieser mit den Weichmachern reagieren und Oberfl\u00e4chen bzw. Materialien sch\u00e4digen.<br \\\/><br \\\/>Grunds\u00e4tzlich sollte bei der Oberfl\u00e4chenreinigung immer erst ein Test an unauff\u00e4lliger Stelle durchgef\u00fchrt werden.\",\"inLanguage\":\"es\"},\"inLanguage\":\"es\"}]}<\/script>\n<meta property=\"product:price:amount\" content=\"9.99\" \/>\n<meta property=\"product:price:currency\" content=\"EUR\" \/>\n<meta property=\"og:availability\" content=\"instock\" \/>\n<meta property=\"product:availability\" content=\"instock\" \/>\n<meta property=\"product:retailer_item_id\" content=\"9100-BE96-1\" \/>\n<meta property=\"product:condition\" content=\"new\" \/>\n<!-- \/ Yoast SEO Premium plugin. -->","yoast_head_json":{"title":"Bioetanol al 96,6% para una limpieza previa profesional - versiegelung24.com","robots":{"index":"index","follow":"follow","max-snippet":"max-snippet:-1","max-image-preview":"max-image-preview:large","max-video-preview":"max-video-preview:-1"},"canonical":"https:\/\/www.versiegelung24.com\/es\/bioetanol-966-para-limpieza-previa-profesional.html","og_locale":"es_ES","og_type":"article","og_title":"Bioetanol al 96,6% para una limpieza previa profesional","og_description":"\u2713 Bioetanol elaborado 100% a partir de ma\u00edz y remolacha azucarera \u2713 Producci\u00f3n regional con ingredientes de Europa \u2713 Producci\u00f3n seg\u00fan altas directrices europeas \u2713 Seguridad y calidad a trav\u00e9s de altos est\u00e1ndares","og_url":"https:\/\/www.versiegelung24.com\/es\/bioetanol-966-para-limpieza-previa-profesional.html","og_site_name":"versiegelung24.com","article_modified_time":"2025-01-13T15:59:56+00:00","og_image":[{"width":2560,"height":2560,"url":"https:\/\/www.versiegelung24.com\/wp-content\/uploads\/2020\/04\/produkt_9100-950-1000-bioethanol-flasche.jpeg","type":"image\/jpeg"}],"twitter_card":"summary_large_image","twitter_misc":{"Precio":"9,99&euro;","Disponibilidad":"Disponible"},"schema":{"@context":"https:\/\/schema.org","@graph":[{"@type":["WebPage","FAQPage"],"@id":"https:\/\/www.versiegelung24.com\/es\/bioetanol-966-para-limpieza-previa-profesional.html","url":"https:\/\/www.versiegelung24.com\/es\/bioetanol-966-para-limpieza-previa-profesional.html","name":"Bioetanol al 96,6% para una limpieza previa profesional - versiegelung24.com","isPartOf":{"@id":"https:\/\/www.versiegelung24.com\/es\/#website"},"primaryImageOfPage":{"@id":"https:\/\/www.versiegelung24.com\/es\/bioetanol-966-para-limpieza-previa-profesional.html#primaryimage"},"image":{"@id":"https:\/\/www.versiegelung24.com\/es\/bioetanol-966-para-limpieza-previa-profesional.html#primaryimage"},"thumbnailUrl":"https:\/\/www.versiegelung24.com\/wp-content\/uploads\/2020\/04\/produkt_9100-950-1000-bioethanol-flasche.jpeg","datePublished":"2020-04-04T16:53:41+00:00","dateModified":"2025-01-13T15:59:56+00:00","breadcrumb":{"@id":"https:\/\/www.versiegelung24.com\/es\/bioetanol-966-para-limpieza-previa-profesional.html#breadcrumb"},"mainEntity":[{"@id":"https:\/\/www.versiegelung24.com\/es\/bioetanol-966-para-limpieza-previa-profesional.html#faq-question-1645793617330"},{"@id":"https:\/\/www.versiegelung24.com\/es\/bioetanol-966-para-limpieza-previa-profesional.html#faq-question-1645793819353"},{"@id":"https:\/\/www.versiegelung24.com\/es\/bioetanol-966-para-limpieza-previa-profesional.html#faq-question-1645794918526"}],"inLanguage":"es","potentialAction":[{"@type":"ReadAction","target":["https:\/\/www.versiegelung24.com\/es\/bioetanol-966-para-limpieza-previa-profesional.html"]}]},{"@type":"ImageObject","inLanguage":"es","@id":"https:\/\/www.versiegelung24.com\/es\/bioetanol-966-para-limpieza-previa-profesional.html#primaryimage","url":"https:\/\/www.versiegelung24.com\/wp-content\/uploads\/2020\/04\/produkt_9100-950-1000-bioethanol-flasche.jpeg","contentUrl":"https:\/\/www.versiegelung24.com\/wp-content\/uploads\/2020\/04\/produkt_9100-950-1000-bioethanol-flasche.jpeg","width":2560,"height":2560},{"@type":"BreadcrumbList","@id":"https:\/\/www.versiegelung24.com\/es\/bioetanol-966-para-limpieza-previa-profesional.html#breadcrumb","itemListElement":[{"@type":"ListItem","position":1,"name":"P\u00e1gina web","item":"https:\/\/www.versiegelung24.com\/es\/frontal\/"},{"@type":"ListItem","position":2,"name":"Tienda","item":"https:\/\/www.versiegelung24.com\/es\/tienda\/"},{"@type":"ListItem","position":3,"name":"Bioetanol al 96,6% para una limpieza previa profesional"}]},{"@type":"WebSite","@id":"https:\/\/www.versiegelung24.com\/es\/#website","url":"https:\/\/www.versiegelung24.com\/es\/","name":"versiegelung24.com","description":"Fl\u00fcssigglas-Versiegelung - Made in Germany","publisher":{"@id":"https:\/\/www.versiegelung24.com\/es\/#organization"},"potentialAction":[{"@type":"SearchAction","target":{"@type":"EntryPoint","urlTemplate":"https:\/\/www.versiegelung24.com\/es\/?s={search_term_string}"},"query-input":{"@type":"PropertyValueSpecification","valueRequired":true,"valueName":"search_term_string"}}],"inLanguage":"es"},{"@type":"Organization","@id":"https:\/\/www.versiegelung24.com\/es\/#organization","name":"versiegelung24","url":"https:\/\/www.versiegelung24.com\/es\/","logo":{"@type":"ImageObject","inLanguage":"es","@id":"https:\/\/www.versiegelung24.com\/es\/#\/schema\/logo\/image\/","url":"https:\/\/www.versiegelung24.com\/wp-content\/uploads\/2020\/04\/versiegelung24.png","contentUrl":"https:\/\/www.versiegelung24.com\/wp-content\/uploads\/2020\/04\/versiegelung24.png","width":470,"height":102,"caption":"versiegelung24"},"image":{"@id":"https:\/\/www.versiegelung24.com\/es\/#\/schema\/logo\/image\/"}},{"@type":"Question","@id":"https:\/\/www.versiegelung24.com\/es\/bioetanol-966-para-limpieza-previa-profesional.html#faq-question-1645793617330","position":1,"url":"https:\/\/www.versiegelung24.com\/es\/bioetanol-966-para-limpieza-previa-profesional.html#faq-question-1645793617330","name":"Ist Bioethanol f\u00fcr den medizinischen Bereich zugelassen?","answerCount":1,"acceptedAnswer":{"@type":"Answer","text":"Nein! Wenn Sie ein Fl\u00e4chendesinfektionsmittel suchen, finden Sie weitere Informationen hier: <a href=\"https:\/\/www.versiegelung24.com\/desinfektionsmittel\/\">\u00dcbersicht Desinfektionsmittel<\/a>","inLanguage":"es"},"inLanguage":"es"},{"@type":"Question","@id":"https:\/\/www.versiegelung24.com\/es\/bioetanol-966-para-limpieza-previa-profesional.html#faq-question-1645793819353","position":2,"url":"https:\/\/www.versiegelung24.com\/es\/bioetanol-966-para-limpieza-previa-profesional.html#faq-question-1645793819353","name":"Wie gef\u00e4hrlich ist Bioethanol?","answerCount":1,"acceptedAnswer":{"@type":"Answer","text":"Bei der Verbrennung entstehen genau wie bei unserer Atmung Wasserdampf (H2O) und Kohlendioxid (CO2). Bioethanol 96,6% verbrennt geruchs- und r\u00fcckstandsfrei. Bei Nutzung in Feuerstellen sind stets die genauen Gefahrenhinweise zu beachten!<br \/>Bioethanol 96,6% ist leicht entz\u00fcndlich. Bei der Nutzung als Reiniger entstehen leicht brennbare Gase. <br \/>","inLanguage":"es"},"inLanguage":"es"},{"@type":"Question","@id":"https:\/\/www.versiegelung24.com\/es\/bioetanol-966-para-limpieza-previa-profesional.html#faq-question-1645794918526","position":3,"url":"https:\/\/www.versiegelung24.com\/es\/bioetanol-966-para-limpieza-previa-profesional.html#faq-question-1645794918526","name":"Kann Bioethanol (als Reiniger eingesetzt) Oberfl\u00e4chen angreifen?","answerCount":1,"acceptedAnswer":{"@type":"Answer","text":"Besonders bei Kunststoffen ist hier mit Achtsamkeit vor zu gehen. Weiche Kunststoffe wie z.B. bei Dichtungen und Schl\u00e4uchen kann dieser mit den Weichmachern reagieren und Oberfl\u00e4chen bzw. Materialien sch\u00e4digen.<br \/><br \/>Grunds\u00e4tzlich sollte bei der Oberfl\u00e4chenreinigung immer erst ein Test an unauff\u00e4lliger Stelle durchgef\u00fchrt werden.","inLanguage":"es"},"inLanguage":"es"}]},"product_price_amount":"9.99","product_price_currency":"EUR","og_availability":"instock","product_availability":"instock","product_retailer_item_id":"9100-BE96-1","product_condition":"new"},"_links":{"self":[{"href":"https:\/\/www.versiegelung24.com\/es\/wp-json\/wp\/v2\/product\/23633","targetHints":{"allow":["GET"]}}],"collection":[{"href":"https:\/\/www.versiegelung24.com\/es\/wp-json\/wp\/v2\/product"}],"about":[{"href":"https:\/\/www.versiegelung24.com\/es\/wp-json\/wp\/v2\/types\/product"}],"version-history":[{"count":49,"href":"https:\/\/www.versiegelung24.com\/es\/wp-json\/wp\/v2\/product\/23633\/revisions"}],"predecessor-version":[{"id":180692,"href":"https:\/\/www.versiegelung24.com\/es\/wp-json\/wp\/v2\/product\/23633\/revisions\/180692"}],"wp:featuredmedia":[{"embeddable":true,"href":"https:\/\/www.versiegelung24.com\/es\/wp-json\/wp\/v2\/media\/65165"}],"wp:attachment":[{"href":"https:\/\/www.versiegelung24.com\/es\/wp-json\/wp\/v2\/media?parent=23633"}],"wp:term":[{"taxonomy":"product_brand","embeddable":true,"href":"https:\/\/www.versiegelung24.com\/es\/wp-json\/wp\/v2\/product_brand?post=23633"},{"taxonomy":"product_cat","embeddable":true,"href":"https:\/\/www.versiegelung24.com\/es\/wp-json\/wp\/v2\/product_cat?post=23633"},{"taxonomy":"product_tag","embeddable":true,"href":"https:\/\/www.versiegelung24.com\/es\/wp-json\/wp\/v2\/product_tag?post=23633"}],"curies":[{"name":"wp","href":"https:\/\/api.w.org\/{rel}","templated":true}]}}