{"id":23802,"date":"2020-04-04T18:53:45","date_gmt":"2021-08-02T20:05:53","guid":{"rendered":"https:\/\/www.versiegelung24.com\/produkt\/limpiador-de-acero-inoxidable-blu1000-para-la-limpieza-y-preparacion-profesional-de-superficies-de-acero-inoxidable"},"modified":"2025-03-20T10:01:12","modified_gmt":"2025-03-20T09:01:12","slug":"limpiador-de-acero-inoxidable-blu1000-para-la-limpieza-y-acondicionamiento-profesional-de-superficies-de-acero-inoxidable","status":"publish","type":"product","link":"https:\/\/www.versiegelung24.com\/es\/limpiador-de-acero-inoxidable-blu1000-para-la-limpieza-y-acondicionamiento-profesional-de-superficies-de-acero-inoxidable.html","title":{"rendered":"Limpiador de acero inoxidable BLU1000 &#8211; para la limpieza y preparaci\u00f3n profesional de superficies de acero inoxidable"},"content":{"rendered":"\n<p><strong>Limpiador especial acero inoxidable BLU1000<\/strong><\/p>\n\n<hr \/>\n\n<h4 class=\"wp-block-heading\" id=\"properties\">Caracter\u00edsticas del producto<\/h4>\n\n<p>El producto contiene aditivos de limpieza altamente activos y aditivos para reacondicionar las superficies de acero inoxidable m\u00e1s sucias, da\u00f1adas, corro\u00eddas y antiest\u00e9ticas. El resultado es una buena superficie \u00f3ptica a muy brillante.<\/p>\n\n<p><br \/><br \/>Volumen de suministro: 1 botella de 1 litro 1 descripci\u00f3n del producto<\/p>\n\n<hr \/>\n\n<h4 class=\"wp-block-heading\" id=\"application\">Aplicaci\u00f3n<\/h4>\n\n<p>Superficies interiores y exteriores de acero inoxidable, revestimientos (met\u00e1licos, org\u00e1nicos, inorg\u00e1nicos) en la industria, el comercio, la industria del lujo y la alimentaci\u00f3n, \u00e1reas municipales (por ejemplo, piscinas, cl\u00ednicas) y en el hogar.<\/p>\n\n<p>El limpiador especial para acero inoxidable BLU1000 se utiliza como limpiador especial para la suciedad, los dep\u00f3sitos y la corrosi\u00f3n m\u00e1s pesados en contenedores, sistemas de cervecer\u00eda, escaleras, pasamanos, barandillas, piscinas, fachadas de acero, muebles y mucho m\u00e1s. desplegado.<\/p>\n\n<p>BLU1000 es un limpiador especial para acero inoxidable, pero tambi\u00e9n se puede utilizar en otras superficies. Pero primero pruebe en un \u00e1rea discreta.<\/p>\n\n<p><br \/>C<strong>onsumo<\/strong>: 0,5 &#8211; 1 kg por 10 m\u00b2.<\/p>\n\n<p>Toda la informaci\u00f3n no es vinculante. <br \/>Debe comprobarse la idoneidad del producto antes de utilizarlo. Sujeto a cambios t\u00e9cnicos.<\/p>\n","protected":false},"excerpt":{"rendered":"<p><strong>El producto contiene:<\/strong><\/p>\n<p>\u2713 Agentes de limpieza y aditivos altamente activos para eliminar las superficies de acero inoxidable m\u00e1s contaminadas, da\u00f1adas, corro\u00eddas y antiest\u00e9ticas.<\/p>\n<p>\u2713 Se crea una buena superficie de \u00f3ptica a alto brillo.<\/p>\n","protected":false},"featured_media":13221,"template":"","meta":{"_acf_changed":false,"neve_meta_sidebar":"","neve_meta_container":"","neve_meta_enable_content_width":"","neve_meta_content_width":0,"neve_meta_title_alignment":"","neve_meta_author_avatar":"","neve_post_elements_order":"","neve_meta_disable_header":"","neve_meta_disable_footer":"","neve_meta_disable_title":"","neve_meta_reading_time":"","_surfaces":[],"_ver_product_tabs":[],"footnotes":""},"product_brand":[],"product_cat":[2182,2382,2390,2728],"product_tag":[],"class_list":{"0":"post-23802","1":"product","2":"type-product","3":"status-publish","4":"has-post-thumbnail","6":"product_cat-sellado-de-coches","7":"product_cat-sellado-de-metal-y-plastico","8":"product_cat-limpiando-suministros","9":"product_cat-limpiador-de-acero-inoxidable","11":"first","12":"instock","13":"taxable","14":"shipping-taxable","15":"purchasable","16":"product-type-simple"},"acf":[],"yoast_head":"<!-- This site is optimized with the Yoast SEO Premium plugin v22.8 (Yoast SEO v27.5) - https:\/\/yoast.com\/product\/yoast-seo-premium-wordpress\/ -->\n<title>Limpiador de acero inoxidable BLU1000 - para la limpieza y preparaci\u00f3n profesional de superficies de acero inoxidable - versiegelung24.com<\/title>\n<meta name=\"robots\" content=\"index, follow, max-snippet:-1, max-image-preview:large, max-video-preview:-1\" \/>\n<link rel=\"canonical\" href=\"https:\/\/www.versiegelung24.com\/es\/limpiador-de-acero-inoxidable-blu1000-para-la-limpieza-y-acondicionamiento-profesional-de-superficies-de-acero-inoxidable.html\" \/>\n<meta property=\"og:locale\" content=\"es_ES\" \/>\n<meta property=\"og:type\" content=\"article\" \/>\n<meta property=\"og:title\" content=\"Limpiador de acero inoxidable BLU1000 - para la limpieza y preparaci\u00f3n profesional de superficies de acero inoxidable\" \/>\n<meta property=\"og:description\" content=\"El producto contiene: \u2713 Agentes de limpieza y aditivos altamente activos para eliminar las superficies de acero inoxidable m\u00e1s contaminadas, da\u00f1adas, corro\u00eddas y antiest\u00e9ticas. \u2713 Se crea una buena superficie de \u00f3ptica a alto brillo.\" \/>\n<meta property=\"og:url\" content=\"https:\/\/www.versiegelung24.com\/es\/limpiador-de-acero-inoxidable-blu1000-para-la-limpieza-y-acondicionamiento-profesional-de-superficies-de-acero-inoxidable.html\" \/>\n<meta property=\"og:site_name\" content=\"versiegelung24.com\" \/>\n<meta property=\"article:modified_time\" content=\"2025-03-20T09:01:12+00:00\" \/>\n<meta property=\"og:image\" content=\"https:\/\/www.versiegelung24.com\/wp-content\/uploads\/2020\/04\/produktfoto_edelstahlreiniger.jpg\" \/>\n\t<meta property=\"og:image:width\" content=\"1000\" \/>\n\t<meta property=\"og:image:height\" content=\"1000\" \/>\n\t<meta property=\"og:image:type\" content=\"image\/jpeg\" \/>\n<meta name=\"twitter:card\" content=\"summary_large_image\" \/>\n<meta name=\"twitter:label1\" content=\"Precio\" \/>\n\t<meta name=\"twitter:data1\" content=\"49,99&euro;\" \/>\n\t<meta name=\"twitter:label2\" content=\"Disponibilidad\" \/>\n\t<meta name=\"twitter:data2\" content=\"Disponible\" \/>\n<script type=\"application\/ld+json\" class=\"yoast-schema-graph\">{\"@context\":\"https:\\\/\\\/schema.org\",\"@graph\":[{\"@type\":\"WebPage\",\"@id\":\"https:\\\/\\\/www.versiegelung24.com\\\/es\\\/limpiador-de-acero-inoxidable-blu1000-para-la-limpieza-y-acondicionamiento-profesional-de-superficies-de-acero-inoxidable.html\",\"url\":\"https:\\\/\\\/www.versiegelung24.com\\\/es\\\/limpiador-de-acero-inoxidable-blu1000-para-la-limpieza-y-acondicionamiento-profesional-de-superficies-de-acero-inoxidable.html\",\"name\":\"Limpiador de acero inoxidable BLU1000 - para la limpieza y preparaci\u00f3n profesional de superficies de acero inoxidable - versiegelung24.com\",\"isPartOf\":{\"@id\":\"https:\\\/\\\/www.versiegelung24.com\\\/es\\\/#website\"},\"primaryImageOfPage\":{\"@id\":\"https:\\\/\\\/www.versiegelung24.com\\\/es\\\/limpiador-de-acero-inoxidable-blu1000-para-la-limpieza-y-acondicionamiento-profesional-de-superficies-de-acero-inoxidable.html#primaryimage\"},\"image\":{\"@id\":\"https:\\\/\\\/www.versiegelung24.com\\\/es\\\/limpiador-de-acero-inoxidable-blu1000-para-la-limpieza-y-acondicionamiento-profesional-de-superficies-de-acero-inoxidable.html#primaryimage\"},\"thumbnailUrl\":\"https:\\\/\\\/www.versiegelung24.com\\\/wp-content\\\/uploads\\\/2020\\\/04\\\/produktfoto_edelstahlreiniger.jpg\",\"datePublished\":\"2021-08-02T20:05:53+00:00\",\"dateModified\":\"2025-03-20T09:01:12+00:00\",\"breadcrumb\":{\"@id\":\"https:\\\/\\\/www.versiegelung24.com\\\/es\\\/limpiador-de-acero-inoxidable-blu1000-para-la-limpieza-y-acondicionamiento-profesional-de-superficies-de-acero-inoxidable.html#breadcrumb\"},\"inLanguage\":\"es\",\"potentialAction\":[{\"@type\":\"ReadAction\",\"target\":[\"https:\\\/\\\/www.versiegelung24.com\\\/es\\\/limpiador-de-acero-inoxidable-blu1000-para-la-limpieza-y-acondicionamiento-profesional-de-superficies-de-acero-inoxidable.html\"]}]},{\"@type\":\"ImageObject\",\"inLanguage\":\"es\",\"@id\":\"https:\\\/\\\/www.versiegelung24.com\\\/es\\\/limpiador-de-acero-inoxidable-blu1000-para-la-limpieza-y-acondicionamiento-profesional-de-superficies-de-acero-inoxidable.html#primaryimage\",\"url\":\"https:\\\/\\\/www.versiegelung24.com\\\/wp-content\\\/uploads\\\/2020\\\/04\\\/produktfoto_edelstahlreiniger.jpg\",\"contentUrl\":\"https:\\\/\\\/www.versiegelung24.com\\\/wp-content\\\/uploads\\\/2020\\\/04\\\/produktfoto_edelstahlreiniger.jpg\",\"width\":1000,\"height\":1000},{\"@type\":\"BreadcrumbList\",\"@id\":\"https:\\\/\\\/www.versiegelung24.com\\\/es\\\/limpiador-de-acero-inoxidable-blu1000-para-la-limpieza-y-acondicionamiento-profesional-de-superficies-de-acero-inoxidable.html#breadcrumb\",\"itemListElement\":[{\"@type\":\"ListItem\",\"position\":1,\"name\":\"P\u00e1gina web\",\"item\":\"https:\\\/\\\/www.versiegelung24.com\\\/es\\\/frontal\\\/\"},{\"@type\":\"ListItem\",\"position\":2,\"name\":\"Tienda\",\"item\":\"https:\\\/\\\/www.versiegelung24.com\\\/es\\\/tienda\\\/\"},{\"@type\":\"ListItem\",\"position\":3,\"name\":\"Limpiador de acero inoxidable BLU1000 &#8211; para la limpieza y preparaci\u00f3n profesional de superficies de acero inoxidable\"}]},{\"@type\":\"WebSite\",\"@id\":\"https:\\\/\\\/www.versiegelung24.com\\\/es\\\/#website\",\"url\":\"https:\\\/\\\/www.versiegelung24.com\\\/es\\\/\",\"name\":\"versiegelung24.com\",\"description\":\"Fl\u00fcssigglas-Versiegelung - Made in Germany\",\"publisher\":{\"@id\":\"https:\\\/\\\/www.versiegelung24.com\\\/es\\\/#organization\"},\"potentialAction\":[{\"@type\":\"SearchAction\",\"target\":{\"@type\":\"EntryPoint\",\"urlTemplate\":\"https:\\\/\\\/www.versiegelung24.com\\\/es\\\/?s={search_term_string}\"},\"query-input\":{\"@type\":\"PropertyValueSpecification\",\"valueRequired\":true,\"valueName\":\"search_term_string\"}}],\"inLanguage\":\"es\"},{\"@type\":\"Organization\",\"@id\":\"https:\\\/\\\/www.versiegelung24.com\\\/es\\\/#organization\",\"name\":\"versiegelung24\",\"url\":\"https:\\\/\\\/www.versiegelung24.com\\\/es\\\/\",\"logo\":{\"@type\":\"ImageObject\",\"inLanguage\":\"es\",\"@id\":\"https:\\\/\\\/www.versiegelung24.com\\\/es\\\/#\\\/schema\\\/logo\\\/image\\\/\",\"url\":\"https:\\\/\\\/www.versiegelung24.com\\\/wp-content\\\/uploads\\\/2020\\\/04\\\/versiegelung24.png\",\"contentUrl\":\"https:\\\/\\\/www.versiegelung24.com\\\/wp-content\\\/uploads\\\/2020\\\/04\\\/versiegelung24.png\",\"width\":470,\"height\":102,\"caption\":\"versiegelung24\"},\"image\":{\"@id\":\"https:\\\/\\\/www.versiegelung24.com\\\/es\\\/#\\\/schema\\\/logo\\\/image\\\/\"}}]}<\/script>\n<meta property=\"product:price:amount\" content=\"49.99\" \/>\n<meta property=\"product:price:currency\" content=\"EUR\" \/>\n<meta property=\"og:availability\" content=\"instock\" \/>\n<meta property=\"product:availability\" content=\"instock\" \/>\n<meta property=\"product:retailer_item_id\" content=\"9001-BLU1000\" \/>\n<meta property=\"product:condition\" content=\"new\" \/>\n<!-- \/ Yoast SEO Premium plugin. -->","yoast_head_json":{"title":"Limpiador de acero inoxidable BLU1000 - para la limpieza y preparaci\u00f3n profesional de superficies de acero inoxidable - versiegelung24.com","robots":{"index":"index","follow":"follow","max-snippet":"max-snippet:-1","max-image-preview":"max-image-preview:large","max-video-preview":"max-video-preview:-1"},"canonical":"https:\/\/www.versiegelung24.com\/es\/limpiador-de-acero-inoxidable-blu1000-para-la-limpieza-y-acondicionamiento-profesional-de-superficies-de-acero-inoxidable.html","og_locale":"es_ES","og_type":"article","og_title":"Limpiador de acero inoxidable BLU1000 - para la limpieza y preparaci\u00f3n profesional de superficies de acero inoxidable","og_description":"El producto contiene: \u2713 Agentes de limpieza y aditivos altamente activos para eliminar las superficies de acero inoxidable m\u00e1s contaminadas, da\u00f1adas, corro\u00eddas y antiest\u00e9ticas. \u2713 Se crea una buena superficie de \u00f3ptica a alto brillo.","og_url":"https:\/\/www.versiegelung24.com\/es\/limpiador-de-acero-inoxidable-blu1000-para-la-limpieza-y-acondicionamiento-profesional-de-superficies-de-acero-inoxidable.html","og_site_name":"versiegelung24.com","article_modified_time":"2025-03-20T09:01:12+00:00","og_image":[{"width":1000,"height":1000,"url":"https:\/\/www.versiegelung24.com\/wp-content\/uploads\/2020\/04\/produktfoto_edelstahlreiniger.jpg","type":"image\/jpeg"}],"twitter_card":"summary_large_image","twitter_misc":{"Precio":"49,99&euro;","Disponibilidad":"Disponible"},"schema":{"@context":"https:\/\/schema.org","@graph":[{"@type":"WebPage","@id":"https:\/\/www.versiegelung24.com\/es\/limpiador-de-acero-inoxidable-blu1000-para-la-limpieza-y-acondicionamiento-profesional-de-superficies-de-acero-inoxidable.html","url":"https:\/\/www.versiegelung24.com\/es\/limpiador-de-acero-inoxidable-blu1000-para-la-limpieza-y-acondicionamiento-profesional-de-superficies-de-acero-inoxidable.html","name":"Limpiador de acero inoxidable BLU1000 - para la limpieza y preparaci\u00f3n profesional de superficies de acero inoxidable - versiegelung24.com","isPartOf":{"@id":"https:\/\/www.versiegelung24.com\/es\/#website"},"primaryImageOfPage":{"@id":"https:\/\/www.versiegelung24.com\/es\/limpiador-de-acero-inoxidable-blu1000-para-la-limpieza-y-acondicionamiento-profesional-de-superficies-de-acero-inoxidable.html#primaryimage"},"image":{"@id":"https:\/\/www.versiegelung24.com\/es\/limpiador-de-acero-inoxidable-blu1000-para-la-limpieza-y-acondicionamiento-profesional-de-superficies-de-acero-inoxidable.html#primaryimage"},"thumbnailUrl":"https:\/\/www.versiegelung24.com\/wp-content\/uploads\/2020\/04\/produktfoto_edelstahlreiniger.jpg","datePublished":"2021-08-02T20:05:53+00:00","dateModified":"2025-03-20T09:01:12+00:00","breadcrumb":{"@id":"https:\/\/www.versiegelung24.com\/es\/limpiador-de-acero-inoxidable-blu1000-para-la-limpieza-y-acondicionamiento-profesional-de-superficies-de-acero-inoxidable.html#breadcrumb"},"inLanguage":"es","potentialAction":[{"@type":"ReadAction","target":["https:\/\/www.versiegelung24.com\/es\/limpiador-de-acero-inoxidable-blu1000-para-la-limpieza-y-acondicionamiento-profesional-de-superficies-de-acero-inoxidable.html"]}]},{"@type":"ImageObject","inLanguage":"es","@id":"https:\/\/www.versiegelung24.com\/es\/limpiador-de-acero-inoxidable-blu1000-para-la-limpieza-y-acondicionamiento-profesional-de-superficies-de-acero-inoxidable.html#primaryimage","url":"https:\/\/www.versiegelung24.com\/wp-content\/uploads\/2020\/04\/produktfoto_edelstahlreiniger.jpg","contentUrl":"https:\/\/www.versiegelung24.com\/wp-content\/uploads\/2020\/04\/produktfoto_edelstahlreiniger.jpg","width":1000,"height":1000},{"@type":"BreadcrumbList","@id":"https:\/\/www.versiegelung24.com\/es\/limpiador-de-acero-inoxidable-blu1000-para-la-limpieza-y-acondicionamiento-profesional-de-superficies-de-acero-inoxidable.html#breadcrumb","itemListElement":[{"@type":"ListItem","position":1,"name":"P\u00e1gina web","item":"https:\/\/www.versiegelung24.com\/es\/frontal\/"},{"@type":"ListItem","position":2,"name":"Tienda","item":"https:\/\/www.versiegelung24.com\/es\/tienda\/"},{"@type":"ListItem","position":3,"name":"Limpiador de acero inoxidable BLU1000 &#8211; para la limpieza y preparaci\u00f3n profesional de superficies de acero inoxidable"}]},{"@type":"WebSite","@id":"https:\/\/www.versiegelung24.com\/es\/#website","url":"https:\/\/www.versiegelung24.com\/es\/","name":"versiegelung24.com","description":"Fl\u00fcssigglas-Versiegelung - Made in Germany","publisher":{"@id":"https:\/\/www.versiegelung24.com\/es\/#organization"},"potentialAction":[{"@type":"SearchAction","target":{"@type":"EntryPoint","urlTemplate":"https:\/\/www.versiegelung24.com\/es\/?s={search_term_string}"},"query-input":{"@type":"PropertyValueSpecification","valueRequired":true,"valueName":"search_term_string"}}],"inLanguage":"es"},{"@type":"Organization","@id":"https:\/\/www.versiegelung24.com\/es\/#organization","name":"versiegelung24","url":"https:\/\/www.versiegelung24.com\/es\/","logo":{"@type":"ImageObject","inLanguage":"es","@id":"https:\/\/www.versiegelung24.com\/es\/#\/schema\/logo\/image\/","url":"https:\/\/www.versiegelung24.com\/wp-content\/uploads\/2020\/04\/versiegelung24.png","contentUrl":"https:\/\/www.versiegelung24.com\/wp-content\/uploads\/2020\/04\/versiegelung24.png","width":470,"height":102,"caption":"versiegelung24"},"image":{"@id":"https:\/\/www.versiegelung24.com\/es\/#\/schema\/logo\/image\/"}}]},"product_price_amount":"49.99","product_price_currency":"EUR","og_availability":"instock","product_availability":"instock","product_retailer_item_id":"9001-BLU1000","product_condition":"new"},"_links":{"self":[{"href":"https:\/\/www.versiegelung24.com\/es\/wp-json\/wp\/v2\/product\/23802","targetHints":{"allow":["GET"]}}],"collection":[{"href":"https:\/\/www.versiegelung24.com\/es\/wp-json\/wp\/v2\/product"}],"about":[{"href":"https:\/\/www.versiegelung24.com\/es\/wp-json\/wp\/v2\/types\/product"}],"version-history":[{"count":14,"href":"https:\/\/www.versiegelung24.com\/es\/wp-json\/wp\/v2\/product\/23802\/revisions"}],"predecessor-version":[{"id":181064,"href":"https:\/\/www.versiegelung24.com\/es\/wp-json\/wp\/v2\/product\/23802\/revisions\/181064"}],"wp:featuredmedia":[{"embeddable":true,"href":"https:\/\/www.versiegelung24.com\/es\/wp-json\/wp\/v2\/media\/13221"}],"wp:attachment":[{"href":"https:\/\/www.versiegelung24.com\/es\/wp-json\/wp\/v2\/media?parent=23802"}],"wp:term":[{"taxonomy":"product_brand","embeddable":true,"href":"https:\/\/www.versiegelung24.com\/es\/wp-json\/wp\/v2\/product_brand?post=23802"},{"taxonomy":"product_cat","embeddable":true,"href":"https:\/\/www.versiegelung24.com\/es\/wp-json\/wp\/v2\/product_cat?post=23802"},{"taxonomy":"product_tag","embeddable":true,"href":"https:\/\/www.versiegelung24.com\/es\/wp-json\/wp\/v2\/product_tag?post=23802"}],"curies":[{"name":"wp","href":"https:\/\/api.w.org\/{rel}","templated":true}]}}