{"id":23825,"date":"2020-04-04T18:53:46","date_gmt":"2021-08-02T20:06:25","guid":{"rendered":"https:\/\/www.versiegelung24.com\/produkt\/pano-de-microfibra-30x30cm-para-limpieza-previa-o-pulido"},"modified":"2025-12-14T21:18:59","modified_gmt":"2025-12-14T20:18:59","slug":"pano-de-microfibra-30x30cm-para-limpieza-previa-o-pulido","status":"publish","type":"product","link":"https:\/\/www.versiegelung24.com\/es\/pano-de-microfibra-30x30cm-para-limpieza-previa-o-pulido.html","title":{"rendered":"Pa\u00f1o de microfibra 30x30cm para prelimpieza o abrillantado"},"content":{"rendered":"\n<p>Pa\u00f1o de microfibra para la limpieza previa o el pulido final.<\/p>\n\n<p>Debido a su gran capacidad de absorci\u00f3n, tambi\u00e9n recomendamos el <a href=\"https:\/\/www.versiegelung24.com\/applikationstuch-20x20cm.html\">pa\u00f1o de microfibra para aplicar nuestros selladores l\u00edquidos para cristales<\/a><\/p>\n\n<p>Recomendamos utilizar un pa\u00f1o de microfibra distinto para cada paso de la aplicaci\u00f3n de nuestros selladores e impregnaciones de superficies.<\/p>\n\n<p>El material es reutilizable y, por tanto, muy respetuoso con el medio ambiente. F\u00e1cil de lavar en la lavadora sin detergente.<\/p>\n\n<hr\/>\n\n<h4 class=\"wp-block-heading\" id=\"properties\">Caracter\u00edsticas del producto<\/h4>\n\n<div class=\"wp-block-columns is-layout-flex wp-container-core-columns-is-layout-9d6595d7 wp-block-columns-is-layout-flex\">\n<div class=\"wp-block-column is-layout-flow wp-block-column-is-layout-flow\">\n<p><br\/><br\/>Composici\u00f3n: 80% poli\u00e9ster, 20% poliamida Tama\u00f1o: 30&#215;30 cm Color: azul o blanco (a elegir)<\/p>\n<\/div>\n\n\n\n<div class=\"wp-block-column is-layout-flow wp-block-column-is-layout-flow\">\n<p>Alta calidad con un peso en seco de 280 g\/m\u00b2.<\/p>\n<\/div>\n<\/div>\n\n<hr\/>\n\n<h4 class=\"wp-block-heading\" id=\"application\">Aplicaci\u00f3n<\/h4>\n\n<p>Puede utilizarse universalmente en interiores y exteriores. Tama\u00f1o ideal para limpiar cristales, cer\u00e1mica, barcos, coches y autocaravanas.<\/p>\n\n<p>Limpieza sin pelusas, sin ara\u00f1azos y de secado r\u00e1pido. La suciedad y las part\u00edculas de polvo se absorben pr\u00e1cticamente sin dejar residuos.<\/p>\n\n<hr\/>\n\n<h4 class=\"wp-block-heading\" id=\"advisor\">Consejero<\/h4>\n\n<p><strong>Muchos de nuestros clientes prefieren nuestros pa\u00f1os de microfibra blanca<\/strong>: si queda suciedad en el pa\u00f1o despu\u00e9s de limpiarlo, la superficie a\u00fan no se ha limpiado por completo y de forma \u00f3ptima. S\u00f3lo se puede conseguir un buen efecto de sellado si ya no hay suciedad en la superficie.<\/p>\n","protected":false},"excerpt":{"rendered":"<p><strong>Pa\u00f1o de microfibra para la limpieza previa o el pulido final:<\/strong><\/p>\n<p>Reutilizable<\/p>\n<p>\u2713 Respetuoso con el medio ambiente<\/p>\n<p>\u2713 Extremadamente absorbente<\/p>\n<p>\u2713 Secado r\u00e1pido<\/p>\n<p>\u2713 Sin pelusa<\/p>\n<p>\u2713 Sin ara\u00f1azos<\/p>\n<p>\u2713 80% poli\u00e9ster \/ 20% poliamida  <\/p>\n<p>\u2713 Peso en seco 280 g\/m\u00b2.<\/p>\n","protected":false},"featured_media":16611,"template":"","meta":{"_acf_changed":false,"neve_meta_sidebar":"","neve_meta_container":"","neve_meta_enable_content_width":"","neve_meta_content_width":0,"neve_meta_title_alignment":"","neve_meta_author_avatar":"","neve_post_elements_order":"","neve_meta_disable_header":"","neve_meta_disable_footer":"","neve_meta_disable_title":"","neve_meta_reading_time":"","_surfaces":[],"_ver_product_tabs":[],"footnotes":""},"product_brand":[],"product_cat":[2382,2390,2486,2753,2182,3091,2239,2240,2241,2379],"product_tag":[],"class_list":{"0":"post-23825","1":"product","2":"type-product","3":"status-publish","4":"has-post-thumbnail","6":"product_cat-sellado-de-metal-y-plastico","7":"product_cat-limpiando-suministros","8":"product_cat-sello-universal","9":"product_cat-desinfectante-de-manos","10":"product_cat-sellado-de-coches","11":"product_cat-equipo","12":"product_cat-desinfectantes","13":"product_cat-desinfectantes-de-superficies","14":"product_cat-concentrados-desinfectantes","15":"product_cat-sellado-para-vidrio-y-ceramica","16":"pa_farbe-azul-es","17":"pa_farbe-blanco","19":"first","20":"instock","21":"taxable","22":"shipping-taxable","23":"purchasable","24":"product-type-variable","25":"has-default-attributes"},"acf":[],"yoast_head":"<!-- This site is optimized with the Yoast SEO Premium plugin v22.8 (Yoast SEO v27.5) - https:\/\/yoast.com\/product\/yoast-seo-premium-wordpress\/ -->\n<title>Pa\u00f1o de microfibra 30x30cm para prelimpieza o abrillantado - versiegelung24.com<\/title>\n<meta name=\"robots\" content=\"index, follow, max-snippet:-1, max-image-preview:large, max-video-preview:-1\" \/>\n<link rel=\"canonical\" href=\"https:\/\/www.versiegelung24.com\/es\/pano-de-microfibra-30x30cm-para-limpieza-previa-o-pulido.html\" \/>\n<meta property=\"og:locale\" content=\"es_ES\" \/>\n<meta property=\"og:type\" content=\"article\" \/>\n<meta property=\"og:title\" content=\"Pa\u00f1o de microfibra 30x30cm para prelimpieza o abrillantado\" \/>\n<meta property=\"og:description\" content=\"Pa\u00f1o de microfibra para la limpieza previa o el pulido final: Reutilizable \u2713 Respetuoso con el medio ambiente \u2713 Extremadamente absorbente \u2713 Secado r\u00e1pido \u2713 Sin pelusa \u2713 Sin ara\u00f1azos \u2713 80% poli\u00e9ster \/ 20% poliamida  \u2713 Peso en seco 280 g\/m\u00b2.\" \/>\n<meta property=\"og:url\" content=\"https:\/\/www.versiegelung24.com\/es\/pano-de-microfibra-30x30cm-para-limpieza-previa-o-pulido.html\" \/>\n<meta property=\"og:site_name\" content=\"versiegelung24.com\" \/>\n<meta property=\"article:modified_time\" content=\"2025-12-14T20:18:59+00:00\" \/>\n<meta property=\"og:image\" content=\"https:\/\/www.versiegelung24.com\/wp-content\/uploads\/2020\/06\/mikrofasertuch-weiss_2.png\" \/>\n\t<meta property=\"og:image:width\" content=\"650\" \/>\n\t<meta property=\"og:image:height\" content=\"650\" \/>\n\t<meta property=\"og:image:type\" content=\"image\/png\" \/>\n<meta name=\"twitter:card\" content=\"summary_large_image\" \/>\n<meta name=\"twitter:label1\" content=\"Disponibilidad\" \/>\n\t<meta name=\"twitter:data1\" content=\"Disponible\" \/>\n<script type=\"application\/ld+json\" class=\"yoast-schema-graph\">{\"@context\":\"https:\\\/\\\/schema.org\",\"@graph\":[{\"@type\":\"WebPage\",\"@id\":\"https:\\\/\\\/www.versiegelung24.com\\\/es\\\/pano-de-microfibra-30x30cm-para-limpieza-previa-o-pulido.html\",\"url\":\"https:\\\/\\\/www.versiegelung24.com\\\/es\\\/pano-de-microfibra-30x30cm-para-limpieza-previa-o-pulido.html\",\"name\":\"Pa\u00f1o de microfibra 30x30cm para prelimpieza o abrillantado - versiegelung24.com\",\"isPartOf\":{\"@id\":\"https:\\\/\\\/www.versiegelung24.com\\\/es\\\/#website\"},\"primaryImageOfPage\":{\"@id\":\"https:\\\/\\\/www.versiegelung24.com\\\/es\\\/pano-de-microfibra-30x30cm-para-limpieza-previa-o-pulido.html#primaryimage\"},\"image\":{\"@id\":\"https:\\\/\\\/www.versiegelung24.com\\\/es\\\/pano-de-microfibra-30x30cm-para-limpieza-previa-o-pulido.html#primaryimage\"},\"thumbnailUrl\":\"https:\\\/\\\/www.versiegelung24.com\\\/wp-content\\\/uploads\\\/2020\\\/06\\\/mikrofasertuch-weiss_2.png\",\"datePublished\":\"2021-08-02T20:06:25+00:00\",\"dateModified\":\"2025-12-14T20:18:59+00:00\",\"breadcrumb\":{\"@id\":\"https:\\\/\\\/www.versiegelung24.com\\\/es\\\/pano-de-microfibra-30x30cm-para-limpieza-previa-o-pulido.html#breadcrumb\"},\"inLanguage\":\"es\",\"potentialAction\":[{\"@type\":\"ReadAction\",\"target\":[\"https:\\\/\\\/www.versiegelung24.com\\\/es\\\/pano-de-microfibra-30x30cm-para-limpieza-previa-o-pulido.html\"]}]},{\"@type\":\"ImageObject\",\"inLanguage\":\"es\",\"@id\":\"https:\\\/\\\/www.versiegelung24.com\\\/es\\\/pano-de-microfibra-30x30cm-para-limpieza-previa-o-pulido.html#primaryimage\",\"url\":\"https:\\\/\\\/www.versiegelung24.com\\\/wp-content\\\/uploads\\\/2020\\\/06\\\/mikrofasertuch-weiss_2.png\",\"contentUrl\":\"https:\\\/\\\/www.versiegelung24.com\\\/wp-content\\\/uploads\\\/2020\\\/06\\\/mikrofasertuch-weiss_2.png\",\"width\":650,\"height\":650},{\"@type\":\"BreadcrumbList\",\"@id\":\"https:\\\/\\\/www.versiegelung24.com\\\/es\\\/pano-de-microfibra-30x30cm-para-limpieza-previa-o-pulido.html#breadcrumb\",\"itemListElement\":[{\"@type\":\"ListItem\",\"position\":1,\"name\":\"P\u00e1gina web\",\"item\":\"https:\\\/\\\/www.versiegelung24.com\\\/es\\\/frontal\\\/\"},{\"@type\":\"ListItem\",\"position\":2,\"name\":\"Tienda\",\"item\":\"https:\\\/\\\/www.versiegelung24.com\\\/es\\\/tienda\\\/\"},{\"@type\":\"ListItem\",\"position\":3,\"name\":\"Pa\u00f1o de microfibra 30x30cm para prelimpieza o abrillantado\"}]},{\"@type\":\"WebSite\",\"@id\":\"https:\\\/\\\/www.versiegelung24.com\\\/es\\\/#website\",\"url\":\"https:\\\/\\\/www.versiegelung24.com\\\/es\\\/\",\"name\":\"versiegelung24.com\",\"description\":\"Fl\u00fcssigglas-Versiegelung - Made in Germany\",\"publisher\":{\"@id\":\"https:\\\/\\\/www.versiegelung24.com\\\/es\\\/#organization\"},\"potentialAction\":[{\"@type\":\"SearchAction\",\"target\":{\"@type\":\"EntryPoint\",\"urlTemplate\":\"https:\\\/\\\/www.versiegelung24.com\\\/es\\\/?s={search_term_string}\"},\"query-input\":{\"@type\":\"PropertyValueSpecification\",\"valueRequired\":true,\"valueName\":\"search_term_string\"}}],\"inLanguage\":\"es\"},{\"@type\":\"Organization\",\"@id\":\"https:\\\/\\\/www.versiegelung24.com\\\/es\\\/#organization\",\"name\":\"versiegelung24\",\"url\":\"https:\\\/\\\/www.versiegelung24.com\\\/es\\\/\",\"logo\":{\"@type\":\"ImageObject\",\"inLanguage\":\"es\",\"@id\":\"https:\\\/\\\/www.versiegelung24.com\\\/es\\\/#\\\/schema\\\/logo\\\/image\\\/\",\"url\":\"https:\\\/\\\/www.versiegelung24.com\\\/wp-content\\\/uploads\\\/2020\\\/04\\\/versiegelung24.png\",\"contentUrl\":\"https:\\\/\\\/www.versiegelung24.com\\\/wp-content\\\/uploads\\\/2020\\\/04\\\/versiegelung24.png\",\"width\":470,\"height\":102,\"caption\":\"versiegelung24\"},\"image\":{\"@id\":\"https:\\\/\\\/www.versiegelung24.com\\\/es\\\/#\\\/schema\\\/logo\\\/image\\\/\"}}]}<\/script>\n<meta property=\"og:availability\" content=\"instock\" \/>\n<meta property=\"product:availability\" content=\"instock\" \/>\n<meta property=\"product:retailer_item_id\" content=\"9002-1\" \/>\n<meta property=\"product:condition\" content=\"new\" \/>\n<!-- \/ Yoast SEO Premium plugin. -->","yoast_head_json":{"title":"Pa\u00f1o de microfibra 30x30cm para prelimpieza o abrillantado - versiegelung24.com","robots":{"index":"index","follow":"follow","max-snippet":"max-snippet:-1","max-image-preview":"max-image-preview:large","max-video-preview":"max-video-preview:-1"},"canonical":"https:\/\/www.versiegelung24.com\/es\/pano-de-microfibra-30x30cm-para-limpieza-previa-o-pulido.html","og_locale":"es_ES","og_type":"article","og_title":"Pa\u00f1o de microfibra 30x30cm para prelimpieza o abrillantado","og_description":"Pa\u00f1o de microfibra para la limpieza previa o el pulido final: Reutilizable \u2713 Respetuoso con el medio ambiente \u2713 Extremadamente absorbente \u2713 Secado r\u00e1pido \u2713 Sin pelusa \u2713 Sin ara\u00f1azos \u2713 80% poli\u00e9ster \/ 20% poliamida  \u2713 Peso en seco 280 g\/m\u00b2.","og_url":"https:\/\/www.versiegelung24.com\/es\/pano-de-microfibra-30x30cm-para-limpieza-previa-o-pulido.html","og_site_name":"versiegelung24.com","article_modified_time":"2025-12-14T20:18:59+00:00","og_image":[{"width":650,"height":650,"url":"https:\/\/www.versiegelung24.com\/wp-content\/uploads\/2020\/06\/mikrofasertuch-weiss_2.png","type":"image\/png"}],"twitter_card":"summary_large_image","twitter_misc":{"Disponibilidad":"Disponible"},"schema":{"@context":"https:\/\/schema.org","@graph":[{"@type":"WebPage","@id":"https:\/\/www.versiegelung24.com\/es\/pano-de-microfibra-30x30cm-para-limpieza-previa-o-pulido.html","url":"https:\/\/www.versiegelung24.com\/es\/pano-de-microfibra-30x30cm-para-limpieza-previa-o-pulido.html","name":"Pa\u00f1o de microfibra 30x30cm para prelimpieza o abrillantado - versiegelung24.com","isPartOf":{"@id":"https:\/\/www.versiegelung24.com\/es\/#website"},"primaryImageOfPage":{"@id":"https:\/\/www.versiegelung24.com\/es\/pano-de-microfibra-30x30cm-para-limpieza-previa-o-pulido.html#primaryimage"},"image":{"@id":"https:\/\/www.versiegelung24.com\/es\/pano-de-microfibra-30x30cm-para-limpieza-previa-o-pulido.html#primaryimage"},"thumbnailUrl":"https:\/\/www.versiegelung24.com\/wp-content\/uploads\/2020\/06\/mikrofasertuch-weiss_2.png","datePublished":"2021-08-02T20:06:25+00:00","dateModified":"2025-12-14T20:18:59+00:00","breadcrumb":{"@id":"https:\/\/www.versiegelung24.com\/es\/pano-de-microfibra-30x30cm-para-limpieza-previa-o-pulido.html#breadcrumb"},"inLanguage":"es","potentialAction":[{"@type":"ReadAction","target":["https:\/\/www.versiegelung24.com\/es\/pano-de-microfibra-30x30cm-para-limpieza-previa-o-pulido.html"]}]},{"@type":"ImageObject","inLanguage":"es","@id":"https:\/\/www.versiegelung24.com\/es\/pano-de-microfibra-30x30cm-para-limpieza-previa-o-pulido.html#primaryimage","url":"https:\/\/www.versiegelung24.com\/wp-content\/uploads\/2020\/06\/mikrofasertuch-weiss_2.png","contentUrl":"https:\/\/www.versiegelung24.com\/wp-content\/uploads\/2020\/06\/mikrofasertuch-weiss_2.png","width":650,"height":650},{"@type":"BreadcrumbList","@id":"https:\/\/www.versiegelung24.com\/es\/pano-de-microfibra-30x30cm-para-limpieza-previa-o-pulido.html#breadcrumb","itemListElement":[{"@type":"ListItem","position":1,"name":"P\u00e1gina web","item":"https:\/\/www.versiegelung24.com\/es\/frontal\/"},{"@type":"ListItem","position":2,"name":"Tienda","item":"https:\/\/www.versiegelung24.com\/es\/tienda\/"},{"@type":"ListItem","position":3,"name":"Pa\u00f1o de microfibra 30x30cm para prelimpieza o abrillantado"}]},{"@type":"WebSite","@id":"https:\/\/www.versiegelung24.com\/es\/#website","url":"https:\/\/www.versiegelung24.com\/es\/","name":"versiegelung24.com","description":"Fl\u00fcssigglas-Versiegelung - Made in Germany","publisher":{"@id":"https:\/\/www.versiegelung24.com\/es\/#organization"},"potentialAction":[{"@type":"SearchAction","target":{"@type":"EntryPoint","urlTemplate":"https:\/\/www.versiegelung24.com\/es\/?s={search_term_string}"},"query-input":{"@type":"PropertyValueSpecification","valueRequired":true,"valueName":"search_term_string"}}],"inLanguage":"es"},{"@type":"Organization","@id":"https:\/\/www.versiegelung24.com\/es\/#organization","name":"versiegelung24","url":"https:\/\/www.versiegelung24.com\/es\/","logo":{"@type":"ImageObject","inLanguage":"es","@id":"https:\/\/www.versiegelung24.com\/es\/#\/schema\/logo\/image\/","url":"https:\/\/www.versiegelung24.com\/wp-content\/uploads\/2020\/04\/versiegelung24.png","contentUrl":"https:\/\/www.versiegelung24.com\/wp-content\/uploads\/2020\/04\/versiegelung24.png","width":470,"height":102,"caption":"versiegelung24"},"image":{"@id":"https:\/\/www.versiegelung24.com\/es\/#\/schema\/logo\/image\/"}}]},"og_availability":"instock","product_availability":"instock","product_retailer_item_id":"9002-1","product_condition":"new"},"_links":{"self":[{"href":"https:\/\/www.versiegelung24.com\/es\/wp-json\/wp\/v2\/product\/23825","targetHints":{"allow":["GET"]}}],"collection":[{"href":"https:\/\/www.versiegelung24.com\/es\/wp-json\/wp\/v2\/product"}],"about":[{"href":"https:\/\/www.versiegelung24.com\/es\/wp-json\/wp\/v2\/types\/product"}],"version-history":[{"count":18,"href":"https:\/\/www.versiegelung24.com\/es\/wp-json\/wp\/v2\/product\/23825\/revisions"}],"predecessor-version":[{"id":177780,"href":"https:\/\/www.versiegelung24.com\/es\/wp-json\/wp\/v2\/product\/23825\/revisions\/177780"}],"wp:featuredmedia":[{"embeddable":true,"href":"https:\/\/www.versiegelung24.com\/es\/wp-json\/wp\/v2\/media\/16611"}],"wp:attachment":[{"href":"https:\/\/www.versiegelung24.com\/es\/wp-json\/wp\/v2\/media?parent=23825"}],"wp:term":[{"taxonomy":"product_brand","embeddable":true,"href":"https:\/\/www.versiegelung24.com\/es\/wp-json\/wp\/v2\/product_brand?post=23825"},{"taxonomy":"product_cat","embeddable":true,"href":"https:\/\/www.versiegelung24.com\/es\/wp-json\/wp\/v2\/product_cat?post=23825"},{"taxonomy":"product_tag","embeddable":true,"href":"https:\/\/www.versiegelung24.com\/es\/wp-json\/wp\/v2\/product_tag?post=23825"}],"curies":[{"name":"wp","href":"https:\/\/api.w.org\/{rel}","templated":true}]}}