{"id":23944,"date":"2020-04-27T21:45:35","date_gmt":"2021-08-02T20:12:58","guid":{"rendered":"https:\/\/www.versiegelung24.com\/produkt\/revestimiento-protector-antigrafiti-sellado-de-fachadas-de-gran-eficacia"},"modified":"2025-01-04T00:03:15","modified_gmt":"2025-01-03T23:03:15","slug":"revestimiento-protector-anti-grafiti-sellado-de-fachadas-altamente-eficaz","status":"publish","type":"product","link":"https:\/\/www.versiegelung24.com\/es\/revestimiento-protector-anti-grafiti-sellado-de-fachadas-altamente-eficaz.html","title":{"rendered":"Revestimiento antigrafiti &#8211; Revestimiento antigrafiti"},"content":{"rendered":"\n<p>El 7626 Anti Graffiti Coating ofrece una soluci\u00f3n extremadamente duradera y transparente contra la suciedad de graffiti sin necesidad de una capa de sacrificio. Este sistema de protecci\u00f3n permanente, que dura hasta 20 a\u00f1os si se utiliza correctamente y puede eliminar las pintadas al menos 20 veces, facilita la eliminaci\u00f3n de pintadas con agua fr\u00eda y sin utilizar productos qu\u00edmicos. Es ideal para casi todas las superficies.<\/p>\n\n<h4 class=\"wp-block-heading\" id=\"h-video-der-anti-graffiti-schutzanstrich-im-praxistest\">Video &#8211; La capa protectora anti-graffiti en una prueba pr\u00e1ctica:<\/h4>\n\n<div class=\"wp-block-columns is-layout-flex wp-container-core-columns-is-layout-9d6595d7 wp-block-columns-is-layout-flex\">\n<div class=\"wp-block-column is-layout-flow wp-block-column-is-layout-flow\">\n<figure class=\"wp-block-embed is-type-video is-provider-youtube wp-block-embed-youtube wp-embed-aspect-16-9 wp-has-aspect-ratio\"><div class=\"wp-block-embed__wrapper\"> \n<div class=\"nv-iframe-embed\"><iframe title=\"Graffiti Entfernung an einem Bahnhof - Graffiti Schutzanstrich - Versiegelung24.com\" width=\"1200\" height=\"675\" src=\"https:\/\/www.youtube.com\/embed\/O7C47GU6pd8?feature=oembed\" frameborder=\"0\" allow=\"accelerometer; autoplay; clipboard-write; encrypted-media; gyroscope; picture-in-picture; web-share\" referrerpolicy=\"strict-origin-when-cross-origin\" allowfullscreen><\/iframe><\/div>\n <\/div><\/figure>\n<\/div>\n\n\n\n<div class=\"wp-block-column is-layout-flow wp-block-column-is-layout-flow\">\n<figure class=\"wp-block-embed is-type-video is-provider-youtube wp-block-embed-youtube wp-embed-aspect-16-9 wp-has-aspect-ratio\"><div class=\"wp-block-embed__wrapper\"> \n<div class=\"nv-iframe-embed\"><iframe title=\"Erkla\u0308rung Grafffiti-Schutzanstrich - versiegelung24.com\" width=\"1200\" height=\"675\" src=\"https:\/\/www.youtube.com\/embed\/zy_puhXRc4s?feature=oembed\" frameborder=\"0\" allow=\"accelerometer; autoplay; clipboard-write; encrypted-media; gyroscope; picture-in-picture; web-share\" referrerpolicy=\"strict-origin-when-cross-origin\" allowfullscreen><\/iframe><\/div>\n <\/div><\/figure>\n<\/div>\n<\/div>\n\n<h4 class=\"wp-block-heading\" id=\"properties\">Caracter\u00edsticas del producto<\/h4>\n\n<div class=\"wp-block-columns is-layout-flex wp-container-core-columns-is-layout-9d6595d7 wp-block-columns-is-layout-flex\">\n<div class=\"wp-block-column is-layout-flow wp-block-column-is-layout-flow\">\n<p><strong>Sellado anti-graffiti altamente efectivo con protecci\u00f3n a largo plazo y sin formaci\u00f3n de sombras durante muchos a\u00f1os<\/strong><\/p>\n\n\n\n<p><br\/>N\u00famero de art\u00edculo: 9201-7626 Alta calidad Fabricado en Alemania<\/p>\n\n\n\n<p>Una sola aplicaci\u00f3n de este producto puede bastar para crear una barrera protectora eficaz. Los materiales especialmente absorbentes, como la arenisca, pueden requerir primero una soluci\u00f3n de imprimaci\u00f3n o una segunda capa de 7626 Anti-Graffiti Film. Esto debe hacerse despu\u00e9s de aproximadamente media hora a temperaturas superiores a 20 grados cent\u00edgrados o despu\u00e9s de tres o cuatro horas en condiciones m\u00e1s fr\u00edas para proteger la superficie durante a\u00f1os.<\/p>\n\n\n\n<p><strong>seguridad del producto<\/strong><\/p>\n\n\n\n<p>La informaci\u00f3n sobre la clasificaci\u00f3n del producto en el marco de la Ordenanza sobre Sustancias Peligrosas, los datos de seguridad y los datos sobre toxicolog\u00eda y almacenamiento se pueden encontrar en nuestra hoja de datos de seguridad.<\/p>\n\n\n\n<p><strong>almacenamiento<\/strong><\/p>\n\n\n\n<p>El sellado anti-graffiti V24 no debe entrar en contacto con la humedad. Debe conservarse en el recipiente original cerrado a temperatura de almacenamiento. Proteger de la luz solar directa.<\/p>\n<\/div>\n\n\n\n<div class=\"wp-block-column is-layout-flow wp-block-column-is-layout-flow\">\n<p><strong>Curado r\u00e1pido<\/strong><\/p>\n\n\n\n<p>Poco despu\u00e9s de su aplicaci\u00f3n, el sellador ya est\u00e1 seco y alcanza su plena eficacia en pocas horas. Por lo tanto, la eliminaci\u00f3n de los graffiti es sencilla y r\u00e1pida. Una limpiadora de alta presi\u00f3n (hasta un m\u00e1ximo de 80 bares) o un cepillo suave es todo lo que se necesita para limpiar las superficies recubiertas, sin necesidad de a\u00f1adir agentes qu\u00edmicos de limpieza.<\/p>\n\n\n\n<p>\u2713 Adhesi\u00f3n muy fuerte<\/p>\n\n\n\n<p>\u2713 Sin formaci\u00f3n de sombras<\/p>\n\n\n\n<p>\u2713 Sistema de un componente: (en la mayor\u00eda de los casos) solo una capa es suficiente<\/p>\n\n\n\n<p>\u2713 F\u00e1cil de aplicar pintando. No se requiere mezcla, etc.<\/p>\n\n\n\n<p>\u2713 Protecci\u00f3n a largo plazo<\/p>\n\n\n\n<p>\u2713 Los grafitis generalmente se pueden eliminar r\u00e1pida y f\u00e1cilmente con agua. En la mayor\u00eda de los casos, no se requieren removedores de graffiti.<\/p>\n\n\n\n<p>\u2713 Tambi\u00e9n se puede utilizar como protecci\u00f3n contra la publicaci\u00f3n no autorizada (los carteles no se pueden adherir) <\/p>\n\n\n\n<p>\u2713 El l\u00edquido no es un bien peligroso<\/p>\n\n\n\n<p>\u2713 Tambi\u00e9n disponible en colores RAL (cantidad m\u00ednima 100 litros &#8211; recargo +20%)<\/p>\n<\/div>\n<\/div>\n\n<hr\/>\n\n<h4 class=\"wp-block-heading\" id=\"application\">Aplicaci\u00f3n<\/h4>\n\n<p>La aplicaci\u00f3n es extremadamente sencilla: Basta con abrir el envase y aplicar el producto con un rodillo de pintura; no es necesario mezclar previamente, lo que ahorra tiempo y simplifica el proceso. Cuando se utiliza la l\u00e1mina antigraffiti en un color RAL espec\u00edfico, los graffitis existentes pueden simplemente pintarse encima. La versi\u00f3n transparente tambi\u00e9n protege los grafitis &#8220;deseables&#8221;.<\/p>\n\n<div class=\"wp-block-columns is-layout-flex wp-container-core-columns-is-layout-9d6595d7 wp-block-columns-is-layout-flex\">\n<div class=\"wp-block-column is-layout-flow wp-block-column-is-layout-flow\">\n<ul class=\"wp-block-list\">\n<li>la<strong> Sellado anti-graffiti V24<\/strong> se aplica sin diluir sobre la superficie previamente limpiada y seca.<\/li>\n<\/ul>\n\n\n\n<ul class=\"wp-block-list\">\n<li>Todas las superficies a tratar deben estar secas y bien limpiadas. Se debe aplicar una imprimaci\u00f3n adicional a las areniscas y ladrillos.<\/li>\n<\/ul>\n\n\n\n<ul class=\"wp-block-list\">\n<li><strong>Sellador anti-graffiti V24<\/strong> no debe entrar en contacto con el agua antes o durante el procesamiento y no debe aplicarse cuando llueve.<\/li>\n<\/ul>\n\n\n\n<ul class=\"wp-block-list\">\n<li>El sellador se puede aplicar con brocha, rodillo o spray sin aire.<\/li>\n<\/ul>\n\n\n\n<ul class=\"wp-block-list\">\n<li>La superficie est\u00e1 seca al tacto despu\u00e9s de aproximadamente 3-4 horas.<\/li>\n<\/ul>\n\n\n\n<ul class=\"wp-block-list\">\n<li>El recubrimiento est\u00e1 completamente reticulado y curado despu\u00e9s de 24 horas.<\/li>\n<\/ul>\n\n\n\n<p>Puede encontrar una descripci\u00f3n detallada de la aplicaci\u00f3n en nuestra hoja de datos<\/p>\n<\/div>\n\n\n\n<div class=\"wp-block-column is-layout-flow wp-block-column-is-layout-flow\">\n<p>La cantidad requerida depende de la absorbencia de la superficie a recubrir. El rendimiento es de aproximadamente 8-10 m\u00b2\/litro para superficies lisas no absorbentes y de 6-8 m\u00b2\/litro para superficies absorbentes.<\/p>\n\n\n\n<p>Revestimiento de aluminio<\/p>\n\n\n\n<p>Hormig\u00f3n (t\u00faneles, rutas, muros de protecci\u00f3n ac\u00fastica y de contenci\u00f3n, estribos de pilas de puentes, mamposter\u00eda, etc.)<\/p>\n\n\n\n<p>\u2713 Fibra de vidrio<\/p>\n\n\n\n<p>\u2713 Vidrio*<\/p>\n\n\n\n<p>\u2713 madera<\/p>\n\n\n\n<p>\u2713 Pl\u00e1stico*<\/p>\n\n\n\n<p>Alba\u00f1iler\u00eda (incluidos ladrillo, piedra natural, clinker, m\u00e1rmol, piedra, baldosas, granito)<\/p>\n\n\n\n<p>\u2713 Cajas multiusos (cajas de distribuci\u00f3n).<\/p>\n\n\n\n<p>\u2713 Metal*<\/p>\n\n\n\n<p>\u2713 Acero*<\/p>\n\n\n\n<p>\u2713 Letreros de la calle<\/p>\n\n\n\n<p>\u2713 Estuco<\/p>\n\n\n\n<p>Paneles de vinilo<\/p>\n\n\n\n<p>*Es importante tener en cuenta que la adherencia a superficies pulidas y lisas no es tan fuerte como la adherencia a superficies rugosas o porosas.<\/p>\n<\/div>\n<\/div>\n\n<div style=\"height:18px\" aria-hidden=\"true\" class=\"wp-block-spacer\"><\/div>\n\n<hr\/>\n\n<h4 class=\"wp-block-heading\" id=\"advisor\">Consejero<\/h4>\n\n<h2 class=\"wp-block-heading\" id=\"h-was-ist-graffitischutz-und-warum-ist-er-wichtig\">\u00bfQu\u00e9 es la protecci\u00f3n contra las pintadas y por qu\u00e9 es importante?<\/h2>\n\n<p>La protecci\u00f3n contra pintadas se refiere a las medidas dise\u00f1adas para evitar que la pintura de pintadas se adhiera a las superficies y cause da\u00f1os. Sin una protecci\u00f3n adecuada, los grafitis pueden da\u00f1ar la fachada, provocar elevados costes de limpieza y reducir el valor del inmueble. Por tanto, el uso de la protecci\u00f3n antigraffiti es crucial tanto por razones est\u00e9ticas como econ\u00f3micas.<\/p>\n\n<h2 class=\"wp-block-heading\" id=\"h-welche-arten-von-schutz-gibt-es\">\u00bfQu\u00e9 tipos de protecci\u00f3n existen?<\/h2>\n\n<p>Existen distintos tipos de protecci\u00f3n antigraffiti, que pueden elegirse en funci\u00f3n de las necesidades y de la superficie:<\/p>\n\n<p><br\/> <strong><br\/>P <strong>rotecci\u00f3n<\/strong><strong>permanente<\/strong> contra <strong>pintadas<\/strong>: Este tipo de protecci\u00f3n forma una capa protectora permanente en la superficie y permite eliminar f\u00e1cilmente las pintadas sin necesidad de volver a aplicar el agente protector. <strong>Protecci\u00f3n<\/strong><strong>semipermanente<\/strong> contra pintadas: Esta protecci\u00f3n debe renovarse despu\u00e9s de eliminar las pintadas, pero tambi\u00e9n proporciona una barrera eficaz contra las pintadas. \u00bfC\u00f3mo funciona la impregnaci\u00f3n como protecci\u00f3n contra pintadas?<\/strong><\/p>\n\n<p><strong>Las impregnaciones<\/strong> penetran profundamente en el sustrato y forman una capa protectora invisible que impide que la pintura de graffiti penetre en el material. Esto facilita la limpieza y protege la superficie de forma permanente. \u00bfCu\u00e1l es la diferencia entre el sellador antigraffiti permanente y el semipermanente?<\/p>\n\n<p>La protecci\u00f3n <strong>permanente contra pint<\/strong> adas permanece en la superficie y no necesita renovarse, mientras que la protecci\u00f3n semipermanente debe renovarse despu\u00e9s de cada eliminaci\u00f3n de pintadas. Por tanto, las soluciones permanentes ofrecen una opci\u00f3n a m\u00e1s largo plazo y de menor mantenimiento.<\/p>\n\n<h2 class=\"wp-block-heading\" id=\"h-welche-produkte-eignen-sich-fur-den-graffiti-schutz-auf-beton-und-naturstein\">\u00bfQu\u00e9 productos son adecuados para la protecci\u00f3n contra las pintadas en hormig\u00f3n y piedra natural?<\/h2>\n\n<p>Nuestra impregnaci\u00f3n puede utilizarse en hormig\u00f3n o piedra natural sin problemas.<\/p>\n\n<h2 class=\"wp-block-heading\" id=\"h-wie-wird-der-graffitischutz-auf-unterschiedlichen-untergrunden-angewendet\">\u00bfC\u00f3mo se aplica la protecci\u00f3n antigraffiti a las distintas superficies?<\/h2>\n\n<p>La aplicaci\u00f3n de la protecci\u00f3n antigraffiti var\u00eda en funci\u00f3n del soporte. A diferencia de (por ejemplo) el vidrio o el pl\u00e1stico, el hormig\u00f3n, la piedra natural y el cl\u00ednker requieren enfoques diferentes para garantizar una protecci\u00f3n \u00f3ptima.  <\/p>\n\n<h2 class=\"wp-block-heading\" id=\"h-welche-rolle-spielt-die-reinigung-bei-der-graffitientfernung\">\u00bfQu\u00e9 papel desempe\u00f1a la limpieza en la eliminaci\u00f3n de las pintadas?<\/h2>\n\n<p>La limpieza desempe\u00f1a un papel decisivo en la eliminaci\u00f3n de las pintadas. Con los productos y m\u00e9todos de limpieza adecuados, los grafitis pueden eliminarse r\u00e1pida y eficazmente sin da\u00f1ar la capa protectora subyacente.<\/p>\n\n<h2 class=\"wp-block-heading\" id=\"h-tipps-zur-auswahl-des-richtigen-graffitischutz-produkts\">Consejos para elegir el producto de protecci\u00f3n antigrafiti adecuado<\/h2>\n\n<p><strong>Analiza el sustrato<\/strong>:<br\/> Comprueba de qu\u00e9 material est\u00e1 hecha tu fachada y selecciona el producto protector adecuado.<strong>Lee la informaci\u00f3n del producto<\/strong>:<br\/> Inf\u00f3rmate bien sobre las propiedades del producto, como la ausencia de disolventes y la resistencia a los rayos UV.<strong>Utiliza<\/strong> el asesoramiento t\u00e9cnico: Utiliza la asistencia t\u00e9cnica de Versiegelung24.com para asegurarte de que el producto se aplica correctamente.<br\/><\/p>\n\n<h2 class=\"wp-block-heading\" id=\"h-zusammenfassung-der-wichtigsten-punkte\">Resumen de los puntos m\u00e1s importantes<\/h2>\n\n<p><br\/><br\/><br\/>La protecci\u00f3n contra los grafitis es importante para proteger las fachadas de los da\u00f1os y la p\u00e9rdida de valor. Existen soluciones permanentes y semipermanentes de protecci\u00f3n contra los grafitis que pueden elegirse seg\u00fan las necesidades.<strong>La<\/strong><strong>impregnaci\u00f3n ofrece un m\u00e9todo eficaz<\/strong> para mantener los grafitis alejados del hormig\u00f3n, la piedra natural y el clinker. Una aplicaci\u00f3n y limpieza correctas son cruciales para el \u00e9xito a largo plazo de la protecci\u00f3n contra los grafitis.<\/p>\n","protected":false},"excerpt":{"rendered":"<p><strong>Sellado de fachadas altamente eficaz con protecci\u00f3n a largo plazo y sin formaci\u00f3n de sombras<\/strong>  <\/p>\n<p>\u2713 F\u00e1cil de usar: no se requiere mezclar, etc.<\/p>\n<p>\u2713 Protecci\u00f3n a largo plazo y acabado satinado<\/p>\n<p>\u2713 Cobertura completa: sin sombras<\/p>\n<p>\u2713 Despu\u00e9s de pintar, el grafiti se puede quitar f\u00e1cilmente con agua<\/p>\n<p>\u2713 Secado al tacto despu\u00e9s de 3-4 horas<\/p>\n","protected":false},"featured_media":169235,"template":"","meta":{"_acf_changed":false,"neve_meta_sidebar":"","neve_meta_container":"","neve_meta_enable_content_width":"","neve_meta_content_width":0,"neve_meta_title_alignment":"","neve_meta_author_avatar":"","neve_post_elements_order":"","neve_meta_disable_header":"","neve_meta_disable_footer":"","neve_meta_disable_title":"","neve_meta_reading_time":"","_surfaces":[],"_ver_product_tabs":[],"footnotes":""},"product_brand":[],"product_cat":[2386],"product_tag":[],"class_list":{"0":"post-23944","1":"product","2":"type-product","3":"status-publish","4":"has-post-thumbnail","6":"product_cat-sellado-de-piedra-y-hormigon","7":"pa_gebinde-bidon-de-5l","8":"pa_gebinde-bidon-de-5l-en-color-ral","10":"first","11":"instock","12":"taxable","13":"shipping-taxable","14":"purchasable","15":"product-type-variable","16":"has-default-attributes"},"acf":[],"yoast_head":"<!-- This site is optimized with the Yoast SEO Premium plugin v22.8 (Yoast SEO v27.5) - https:\/\/yoast.com\/product\/yoast-seo-premium-wordpress\/ -->\n<title>Revestimiento antigrafiti - Revestimiento antigrafiti - versiegelung24.com<\/title>\n<meta name=\"description\" content=\"Revestimiento antigraffiti - Proteja su fachada de graffitis no deseados - ahora en Versiegelung24.com\" \/>\n<meta name=\"robots\" content=\"index, follow, max-snippet:-1, max-image-preview:large, max-video-preview:-1\" \/>\n<link rel=\"canonical\" href=\"https:\/\/www.versiegelung24.com\/es\/revestimiento-protector-anti-grafiti-sellado-de-fachadas-altamente-eficaz.html\" \/>\n<meta property=\"og:locale\" content=\"es_ES\" \/>\n<meta property=\"og:type\" content=\"article\" \/>\n<meta property=\"og:title\" content=\"Revestimiento antigrafiti - Revestimiento antigrafiti\" \/>\n<meta property=\"og:description\" content=\"Revestimiento antigraffiti - Proteja su fachada de graffitis no deseados - ahora en Versiegelung24.com\" \/>\n<meta property=\"og:url\" content=\"https:\/\/www.versiegelung24.com\/es\/revestimiento-protector-anti-grafiti-sellado-de-fachadas-altamente-eficaz.html\" \/>\n<meta property=\"og:site_name\" content=\"versiegelung24.com\" \/>\n<meta property=\"article:modified_time\" content=\"2025-01-03T23:03:15+00:00\" \/>\n<meta property=\"og:image\" content=\"https:\/\/www.versiegelung24.com\/wp-content\/uploads\/2020\/04\/7626-anti-graffiti.webp\" \/>\n\t<meta property=\"og:image:width\" content=\"2560\" \/>\n\t<meta property=\"og:image:height\" content=\"2560\" \/>\n\t<meta property=\"og:image:type\" content=\"image\/webp\" \/>\n<meta name=\"twitter:card\" content=\"summary_large_image\" \/>\n<meta name=\"twitter:label1\" content=\"Disponibilidad\" \/>\n\t<meta name=\"twitter:data1\" content=\"Disponible\" \/>\n<script type=\"application\/ld+json\" class=\"yoast-schema-graph\">{\"@context\":\"https:\\\/\\\/schema.org\",\"@graph\":[{\"@type\":\"WebPage\",\"@id\":\"https:\\\/\\\/www.versiegelung24.com\\\/es\\\/revestimiento-protector-anti-grafiti-sellado-de-fachadas-altamente-eficaz.html\",\"url\":\"https:\\\/\\\/www.versiegelung24.com\\\/es\\\/revestimiento-protector-anti-grafiti-sellado-de-fachadas-altamente-eficaz.html\",\"name\":\"Revestimiento antigrafiti - Revestimiento antigrafiti - versiegelung24.com\",\"isPartOf\":{\"@id\":\"https:\\\/\\\/www.versiegelung24.com\\\/es\\\/#website\"},\"primaryImageOfPage\":{\"@id\":\"https:\\\/\\\/www.versiegelung24.com\\\/es\\\/revestimiento-protector-anti-grafiti-sellado-de-fachadas-altamente-eficaz.html#primaryimage\"},\"image\":{\"@id\":\"https:\\\/\\\/www.versiegelung24.com\\\/es\\\/revestimiento-protector-anti-grafiti-sellado-de-fachadas-altamente-eficaz.html#primaryimage\"},\"thumbnailUrl\":\"https:\\\/\\\/www.versiegelung24.com\\\/wp-content\\\/uploads\\\/2020\\\/04\\\/7626-anti-graffiti.webp\",\"datePublished\":\"2021-08-02T20:12:58+00:00\",\"dateModified\":\"2025-01-03T23:03:15+00:00\",\"description\":\"Revestimiento antigraffiti - Proteja su fachada de graffitis no deseados - ahora en Versiegelung24.com\",\"breadcrumb\":{\"@id\":\"https:\\\/\\\/www.versiegelung24.com\\\/es\\\/revestimiento-protector-anti-grafiti-sellado-de-fachadas-altamente-eficaz.html#breadcrumb\"},\"inLanguage\":\"es\",\"potentialAction\":[{\"@type\":\"ReadAction\",\"target\":[\"https:\\\/\\\/www.versiegelung24.com\\\/es\\\/revestimiento-protector-anti-grafiti-sellado-de-fachadas-altamente-eficaz.html\"]}]},{\"@type\":\"ImageObject\",\"inLanguage\":\"es\",\"@id\":\"https:\\\/\\\/www.versiegelung24.com\\\/es\\\/revestimiento-protector-anti-grafiti-sellado-de-fachadas-altamente-eficaz.html#primaryimage\",\"url\":\"https:\\\/\\\/www.versiegelung24.com\\\/wp-content\\\/uploads\\\/2020\\\/04\\\/7626-anti-graffiti.webp\",\"contentUrl\":\"https:\\\/\\\/www.versiegelung24.com\\\/wp-content\\\/uploads\\\/2020\\\/04\\\/7626-anti-graffiti.webp\",\"width\":2560,\"height\":2560},{\"@type\":\"BreadcrumbList\",\"@id\":\"https:\\\/\\\/www.versiegelung24.com\\\/es\\\/revestimiento-protector-anti-grafiti-sellado-de-fachadas-altamente-eficaz.html#breadcrumb\",\"itemListElement\":[{\"@type\":\"ListItem\",\"position\":1,\"name\":\"P\u00e1gina web\",\"item\":\"https:\\\/\\\/www.versiegelung24.com\\\/es\\\/frontal\\\/\"},{\"@type\":\"ListItem\",\"position\":2,\"name\":\"Tienda\",\"item\":\"https:\\\/\\\/www.versiegelung24.com\\\/es\\\/tienda\\\/\"},{\"@type\":\"ListItem\",\"position\":3,\"name\":\"Revestimiento antigrafiti &#8211; Revestimiento antigrafiti\"}]},{\"@type\":\"WebSite\",\"@id\":\"https:\\\/\\\/www.versiegelung24.com\\\/es\\\/#website\",\"url\":\"https:\\\/\\\/www.versiegelung24.com\\\/es\\\/\",\"name\":\"versiegelung24.com\",\"description\":\"Fl\u00fcssigglas-Versiegelung - Made in Germany\",\"publisher\":{\"@id\":\"https:\\\/\\\/www.versiegelung24.com\\\/es\\\/#organization\"},\"potentialAction\":[{\"@type\":\"SearchAction\",\"target\":{\"@type\":\"EntryPoint\",\"urlTemplate\":\"https:\\\/\\\/www.versiegelung24.com\\\/es\\\/?s={search_term_string}\"},\"query-input\":{\"@type\":\"PropertyValueSpecification\",\"valueRequired\":true,\"valueName\":\"search_term_string\"}}],\"inLanguage\":\"es\"},{\"@type\":\"Organization\",\"@id\":\"https:\\\/\\\/www.versiegelung24.com\\\/es\\\/#organization\",\"name\":\"versiegelung24\",\"url\":\"https:\\\/\\\/www.versiegelung24.com\\\/es\\\/\",\"logo\":{\"@type\":\"ImageObject\",\"inLanguage\":\"es\",\"@id\":\"https:\\\/\\\/www.versiegelung24.com\\\/es\\\/#\\\/schema\\\/logo\\\/image\\\/\",\"url\":\"https:\\\/\\\/www.versiegelung24.com\\\/wp-content\\\/uploads\\\/2020\\\/04\\\/versiegelung24.png\",\"contentUrl\":\"https:\\\/\\\/www.versiegelung24.com\\\/wp-content\\\/uploads\\\/2020\\\/04\\\/versiegelung24.png\",\"width\":470,\"height\":102,\"caption\":\"versiegelung24\"},\"image\":{\"@id\":\"https:\\\/\\\/www.versiegelung24.com\\\/es\\\/#\\\/schema\\\/logo\\\/image\\\/\"}}]}<\/script>\n<meta property=\"og:availability\" content=\"instock\" \/>\n<meta property=\"product:availability\" content=\"instock\" \/>\n<meta property=\"product:retailer_item_id\" content=\"9201-7626-5000\" \/>\n<meta property=\"product:condition\" content=\"new\" \/>\n<!-- \/ Yoast SEO Premium plugin. -->","yoast_head_json":{"title":"Revestimiento antigrafiti - Revestimiento antigrafiti - versiegelung24.com","description":"Revestimiento antigraffiti - Proteja su fachada de graffitis no deseados - ahora en Versiegelung24.com","robots":{"index":"index","follow":"follow","max-snippet":"max-snippet:-1","max-image-preview":"max-image-preview:large","max-video-preview":"max-video-preview:-1"},"canonical":"https:\/\/www.versiegelung24.com\/es\/revestimiento-protector-anti-grafiti-sellado-de-fachadas-altamente-eficaz.html","og_locale":"es_ES","og_type":"article","og_title":"Revestimiento antigrafiti - Revestimiento antigrafiti","og_description":"Revestimiento antigraffiti - Proteja su fachada de graffitis no deseados - ahora en Versiegelung24.com","og_url":"https:\/\/www.versiegelung24.com\/es\/revestimiento-protector-anti-grafiti-sellado-de-fachadas-altamente-eficaz.html","og_site_name":"versiegelung24.com","article_modified_time":"2025-01-03T23:03:15+00:00","og_image":[{"width":2560,"height":2560,"url":"https:\/\/www.versiegelung24.com\/wp-content\/uploads\/2020\/04\/7626-anti-graffiti.webp","type":"image\/webp"}],"twitter_card":"summary_large_image","twitter_misc":{"Disponibilidad":"Disponible"},"schema":{"@context":"https:\/\/schema.org","@graph":[{"@type":"WebPage","@id":"https:\/\/www.versiegelung24.com\/es\/revestimiento-protector-anti-grafiti-sellado-de-fachadas-altamente-eficaz.html","url":"https:\/\/www.versiegelung24.com\/es\/revestimiento-protector-anti-grafiti-sellado-de-fachadas-altamente-eficaz.html","name":"Revestimiento antigrafiti - Revestimiento antigrafiti - versiegelung24.com","isPartOf":{"@id":"https:\/\/www.versiegelung24.com\/es\/#website"},"primaryImageOfPage":{"@id":"https:\/\/www.versiegelung24.com\/es\/revestimiento-protector-anti-grafiti-sellado-de-fachadas-altamente-eficaz.html#primaryimage"},"image":{"@id":"https:\/\/www.versiegelung24.com\/es\/revestimiento-protector-anti-grafiti-sellado-de-fachadas-altamente-eficaz.html#primaryimage"},"thumbnailUrl":"https:\/\/www.versiegelung24.com\/wp-content\/uploads\/2020\/04\/7626-anti-graffiti.webp","datePublished":"2021-08-02T20:12:58+00:00","dateModified":"2025-01-03T23:03:15+00:00","description":"Revestimiento antigraffiti - Proteja su fachada de graffitis no deseados - ahora en Versiegelung24.com","breadcrumb":{"@id":"https:\/\/www.versiegelung24.com\/es\/revestimiento-protector-anti-grafiti-sellado-de-fachadas-altamente-eficaz.html#breadcrumb"},"inLanguage":"es","potentialAction":[{"@type":"ReadAction","target":["https:\/\/www.versiegelung24.com\/es\/revestimiento-protector-anti-grafiti-sellado-de-fachadas-altamente-eficaz.html"]}]},{"@type":"ImageObject","inLanguage":"es","@id":"https:\/\/www.versiegelung24.com\/es\/revestimiento-protector-anti-grafiti-sellado-de-fachadas-altamente-eficaz.html#primaryimage","url":"https:\/\/www.versiegelung24.com\/wp-content\/uploads\/2020\/04\/7626-anti-graffiti.webp","contentUrl":"https:\/\/www.versiegelung24.com\/wp-content\/uploads\/2020\/04\/7626-anti-graffiti.webp","width":2560,"height":2560},{"@type":"BreadcrumbList","@id":"https:\/\/www.versiegelung24.com\/es\/revestimiento-protector-anti-grafiti-sellado-de-fachadas-altamente-eficaz.html#breadcrumb","itemListElement":[{"@type":"ListItem","position":1,"name":"P\u00e1gina web","item":"https:\/\/www.versiegelung24.com\/es\/frontal\/"},{"@type":"ListItem","position":2,"name":"Tienda","item":"https:\/\/www.versiegelung24.com\/es\/tienda\/"},{"@type":"ListItem","position":3,"name":"Revestimiento antigrafiti &#8211; Revestimiento antigrafiti"}]},{"@type":"WebSite","@id":"https:\/\/www.versiegelung24.com\/es\/#website","url":"https:\/\/www.versiegelung24.com\/es\/","name":"versiegelung24.com","description":"Fl\u00fcssigglas-Versiegelung - Made in Germany","publisher":{"@id":"https:\/\/www.versiegelung24.com\/es\/#organization"},"potentialAction":[{"@type":"SearchAction","target":{"@type":"EntryPoint","urlTemplate":"https:\/\/www.versiegelung24.com\/es\/?s={search_term_string}"},"query-input":{"@type":"PropertyValueSpecification","valueRequired":true,"valueName":"search_term_string"}}],"inLanguage":"es"},{"@type":"Organization","@id":"https:\/\/www.versiegelung24.com\/es\/#organization","name":"versiegelung24","url":"https:\/\/www.versiegelung24.com\/es\/","logo":{"@type":"ImageObject","inLanguage":"es","@id":"https:\/\/www.versiegelung24.com\/es\/#\/schema\/logo\/image\/","url":"https:\/\/www.versiegelung24.com\/wp-content\/uploads\/2020\/04\/versiegelung24.png","contentUrl":"https:\/\/www.versiegelung24.com\/wp-content\/uploads\/2020\/04\/versiegelung24.png","width":470,"height":102,"caption":"versiegelung24"},"image":{"@id":"https:\/\/www.versiegelung24.com\/es\/#\/schema\/logo\/image\/"}}]},"og_availability":"instock","product_availability":"instock","product_retailer_item_id":"9201-7626-5000","product_condition":"new"},"_links":{"self":[{"href":"https:\/\/www.versiegelung24.com\/es\/wp-json\/wp\/v2\/product\/23944","targetHints":{"allow":["GET"]}}],"collection":[{"href":"https:\/\/www.versiegelung24.com\/es\/wp-json\/wp\/v2\/product"}],"about":[{"href":"https:\/\/www.versiegelung24.com\/es\/wp-json\/wp\/v2\/types\/product"}],"version-history":[{"count":54,"href":"https:\/\/www.versiegelung24.com\/es\/wp-json\/wp\/v2\/product\/23944\/revisions"}],"predecessor-version":[{"id":177787,"href":"https:\/\/www.versiegelung24.com\/es\/wp-json\/wp\/v2\/product\/23944\/revisions\/177787"}],"wp:featuredmedia":[{"embeddable":true,"href":"https:\/\/www.versiegelung24.com\/es\/wp-json\/wp\/v2\/media\/169235"}],"wp:attachment":[{"href":"https:\/\/www.versiegelung24.com\/es\/wp-json\/wp\/v2\/media?parent=23944"}],"wp:term":[{"taxonomy":"product_brand","embeddable":true,"href":"https:\/\/www.versiegelung24.com\/es\/wp-json\/wp\/v2\/product_brand?post=23944"},{"taxonomy":"product_cat","embeddable":true,"href":"https:\/\/www.versiegelung24.com\/es\/wp-json\/wp\/v2\/product_cat?post=23944"},{"taxonomy":"product_tag","embeddable":true,"href":"https:\/\/www.versiegelung24.com\/es\/wp-json\/wp\/v2\/product_tag?post=23944"}],"curies":[{"name":"wp","href":"https:\/\/api.w.org\/{rel}","templated":true}]}}